{"id":2426,"date":"2018-01-05T13:09:10","date_gmt":"2018-01-05T12:09:10","guid":{"rendered":"http:\/\/vibrotech-eng.com.mialias.net\/cookies\/"},"modified":"2018-01-05T13:19:12","modified_gmt":"2018-01-05T12:19:12","slug":"cookies","status":"publish","type":"page","link":"https:\/\/vibrotech-eng.com\/fr\/cookies\/","title":{"rendered":"Cookies"},"content":{"rendered":"<h3>COOKIE POLICY<\/h3>\n<p>Un cookie est un petit fichier texte qui est stock\u00e9 dans votre navigateur lorsque vous visitez presque n&rsquo;importe quelle page Web. Son utilit\u00e9 est que le site Web sera en mesure de se souvenir de votre visite lorsque vous retournez sur cette page. Les cookies stockent g\u00e9n\u00e9ralement des informations techniques, des pr\u00e9f\u00e9rences personnelles, la personnalisation du contenu, des statistiques d&rsquo;utilisation, des liens vers les r\u00e9seaux sociaux, l&rsquo;acc\u00e8s aux comptes utilisateurs, etc. Le but du cookie est d&rsquo;adapter le contenu du site Web \u00e0 votre profil et vos besoins, sans cookies, les services offerts par n&rsquo;importe quelle page seraient consid\u00e9rablement r\u00e9duits. Pour plus d&rsquo;informations sur ce que sont les cookies, ce qu&rsquo;ils stockent, comment les supprimer, les d\u00e9sactiver, etc., veuillez cliquer <a href=\"https:\/\/vibrotech-eng.com\/fr\/en-savoir-plus-sur-les-cookies\/\">sur ce lien<\/a>.<\/p>\n<p>&nbsp;<\/p>\n<h3>COOKIES UTILIS\u00c9S SUR CE SITE INTERNET<\/h3>\n<p>Conform\u00e9ment aux directives de l&rsquo;Agence espagnole de protection des donn\u00e9es, nous proc\u00e9dons \u00e0 l&rsquo;utilisation d\u00e9taill\u00e9e des cookies effectu\u00e9s par ce site Web afin de vous informer le plus pr\u00e9cis\u00e9ment possible.<\/p>\n<p>Ce site Web utilise les cookies suivants:<\/p>\n<p>Les cookies de session, pour s&rsquo;assurer que les utilisateurs qui postent des commentaires sur le blog sont des applications humaines et non automatis\u00e9es. C&rsquo;est ainsi que le spam est combattu.<br \/>\nCe site Web utilise les cookies de tiers suivants:<\/p>\n<p>Google Analytics: Enregistre les cookies afin de compiler des statistiques sur le trafic et le volume de visites de ce site. En utilisant ce site Web, vous consentez au traitement des informations vous concernant par Google. Par cons\u00e9quent, l&rsquo;exercice de tout droit \u00e0 cet \u00e9gard doit \u00eatre fait en communiquant directement avec Google.<br \/>\nR\u00e9seaux sociaux: Chaque r\u00e9seau social utilise ses propres cookies afin que vous puissiez cliquer sur les boutons du type Like ou Share.<\/p>\n<h3>\nD\u00c9SACTIVATION OU SUPPRESSION DE COOKIES<\/h3>\n<p>Vous pouvez \u00e0 tout moment exercer votre droit de d\u00e9sactiver ou supprimer les cookies de ce site Web. Ces actions sont effectu\u00e9es diff\u00e9remment selon le navigateur que vous utilisez.\u00a0<a href=\"https:\/\/vibrotech-eng.com\/fr\/en-savoir-plus-sur-les-cookies\/\">Voici un guide<\/a> rapide des navigateurs les plus populaires.<\/p>\n<p>&nbsp;<\/p>\n<h3>NOTES SUPPL\u00c9MENTAIRES<\/h3>\n<p>Ni ce site Web ni ses repr\u00e9sentants l\u00e9gaux ne sont responsables du contenu ou de la v\u00e9racit\u00e9 des politiques de confidentialit\u00e9 qui peuvent avoir des tiers mentionn\u00e9s dans cette politique de cookies.<br \/>\nLes navigateurs Web sont les outils responsables du stockage des cookies et \u00e0 partir de ce lieu, vous devez exercer votre droit de les supprimer ou de les d\u00e9sactiver. Ni ce site Web ni ses repr\u00e9sentants l\u00e9gaux ne peuvent garantir la manipulation correcte ou incorrecte des cookies par les navigateurs susmentionn\u00e9s.<br \/>\nDans certains cas, il est n\u00e9cessaire d&rsquo;installer des cookies afin que le navigateur n&rsquo;oublie pas sa d\u00e9cision de ne pas les accepter.<br \/>\nDans le cas des cookies Google Analytics, cette soci\u00e9t\u00e9 stocke les cookies sur des serveurs situ\u00e9s aux \u00c9tats-Unis et s&rsquo;engage \u00e0 ne pas les partager avec des tiers, sauf dans les cas o\u00f9 cela est n\u00e9cessaire au fonctionnement du syst\u00e8me ou lorsque la loi l&rsquo;exige. Google n&rsquo;enregistre pas votre adresse IP. Google Inc. est une soci\u00e9t\u00e9 adh\u00e9rant au Safe Harbor Agreement qui garantit que toutes les donn\u00e9es transf\u00e9r\u00e9es seront trait\u00e9es avec un niveau de protection conforme \u00e0 la r\u00e9glementation europ\u00e9enne. Vous trouverez des informations d\u00e9taill\u00e9es sur ce lien. Si vous souhaitez obtenir des informations sur la fa\u00e7on dont Google utilise les cookies, veuillez joindre cet autre lien.<br \/>\nSi vous avez des questions ou des questions concernant cette politique de cookies, n&rsquo;h\u00e9sitez pas \u00e0 nous contacter.<\/p>\n","protected":false},"excerpt":{"rendered":"<p>COOKIE POLICY Un cookie est un petit fichier texte qui est stock\u00e9 dans votre navigateur lorsque vous visitez presque n&rsquo;importe quelle page Web. Son utilit\u00e9 est que le site Web sera en mesure de se souvenir de votre visite lorsque vous retournez sur cette page. Les cookies stockent g\u00e9n\u00e9ralement des informations techniques, des pr\u00e9f\u00e9rences personnelles, [&hellip;]<\/p>\n","protected":false},"author":2,"featured_media":0,"parent":0,"menu_order":0,"comment_status":"closed","ping_status":"closed","template":"","meta":{"footnotes":""},"class_list":["post-2426","page","type-page","status-publish","hentry"],"yoast_head":"<!-- This site is optimized with the Yoast SEO Premium plugin v20.3 (Yoast SEO v27.5) - https:\/\/yoast.com\/product\/yoast-seo-premium-wordpress\/ -->\n<title>Cookies - Vibrotech Engineering S.L<\/title>\n<meta name=\"robots\" content=\"index, follow, max-snippet:-1, max-image-preview:large, max-video-preview:-1\" \/>\n<link rel=\"canonical\" href=\"https:\/\/vibrotech-eng.com\/fr\/cookies\/\" \/>\n<meta property=\"og:locale\" content=\"fr_FR\" \/>\n<meta property=\"og:type\" content=\"article\" \/>\n<meta property=\"og:title\" content=\"Cookies\" \/>\n<meta property=\"og:description\" content=\"COOKIE POLICY Un cookie est un petit fichier texte qui est stock\u00e9 dans votre navigateur lorsque vous visitez presque n&rsquo;importe quelle page Web. Son utilit\u00e9 est que le site Web sera en mesure de se souvenir de votre visite lorsque vous retournez sur cette page. Les cookies stockent g\u00e9n\u00e9ralement des informations techniques, des pr\u00e9f\u00e9rences personnelles, [&hellip;]\" \/>\n<meta property=\"og:url\" content=\"https:\/\/vibrotech-eng.com\/fr\/cookies\/\" \/>\n<meta property=\"og:site_name\" content=\"Vibrotech Engineering S.L\" \/>\n<meta property=\"article:modified_time\" content=\"2018-01-05T12:19:12+00:00\" \/>\n<meta name=\"twitter:card\" content=\"summary_large_image\" \/>\n<meta name=\"twitter:label1\" content=\"Dur\u00e9e de lecture estim\u00e9e\" \/>\n\t<meta name=\"twitter:data1\" content=\"3 minutes\" \/>\n<script type=\"application\/ld+json\" class=\"yoast-schema-graph\">{\"@context\":\"https:\\\/\\\/schema.org\",\"@graph\":[{\"@type\":\"WebPage\",\"@id\":\"https:\\\/\\\/vibrotech-eng.com\\\/fr\\\/cookies\\\/\",\"url\":\"https:\\\/\\\/vibrotech-eng.com\\\/fr\\\/cookies\\\/\",\"name\":\"Cookies - Vibrotech Engineering S.L\",\"isPartOf\":{\"@id\":\"https:\\\/\\\/vibrotech-eng.com\\\/fr\\\/#website\"},\"datePublished\":\"2018-01-05T12:09:10+00:00\",\"dateModified\":\"2018-01-05T12:19:12+00:00\",\"breadcrumb\":{\"@id\":\"https:\\\/\\\/vibrotech-eng.com\\\/fr\\\/cookies\\\/#breadcrumb\"},\"inLanguage\":\"fr-FR\",\"potentialAction\":[{\"@type\":\"ReadAction\",\"target\":[\"https:\\\/\\\/vibrotech-eng.com\\\/fr\\\/cookies\\\/\"]}]},{\"@type\":\"BreadcrumbList\",\"@id\":\"https:\\\/\\\/vibrotech-eng.com\\\/fr\\\/cookies\\\/#breadcrumb\",\"itemListElement\":[{\"@type\":\"ListItem\",\"position\":1,\"name\":\"Accueil\",\"item\":\"https:\\\/\\\/vibrotech-eng.com\\\/fr\\\/accueil\\\/\"},{\"@type\":\"ListItem\",\"position\":2,\"name\":\"Cookies\"}]},{\"@type\":\"WebSite\",\"@id\":\"https:\\\/\\\/vibrotech-eng.com\\\/fr\\\/#website\",\"url\":\"https:\\\/\\\/vibrotech-eng.com\\\/fr\\\/\",\"name\":\"Vibrotech Engineering S.L\",\"description\":\"Empresa espa\u00f1ola que desarrolla su actividad principal en el dise\u00f1o y fabricaci\u00f3n de maquinaria vibrante\",\"potentialAction\":[{\"@type\":\"SearchAction\",\"target\":{\"@type\":\"EntryPoint\",\"urlTemplate\":\"https:\\\/\\\/vibrotech-eng.com\\\/fr\\\/?s={search_term_string}\"},\"query-input\":{\"@type\":\"PropertyValueSpecification\",\"valueRequired\":true,\"valueName\":\"search_term_string\"}}],\"inLanguage\":\"fr-FR\"}]}<\/script>\n<!-- \/ Yoast SEO Premium plugin. -->","yoast_head_json":{"title":"Cookies - Vibrotech Engineering S.L","robots":{"index":"index","follow":"follow","max-snippet":"max-snippet:-1","max-image-preview":"max-image-preview:large","max-video-preview":"max-video-preview:-1"},"canonical":"https:\/\/vibrotech-eng.com\/fr\/cookies\/","og_locale":"fr_FR","og_type":"article","og_title":"Cookies","og_description":"COOKIE POLICY Un cookie est un petit fichier texte qui est stock\u00e9 dans votre navigateur lorsque vous visitez presque n&rsquo;importe quelle page Web. Son utilit\u00e9 est que le site Web sera en mesure de se souvenir de votre visite lorsque vous retournez sur cette page. Les cookies stockent g\u00e9n\u00e9ralement des informations techniques, des pr\u00e9f\u00e9rences personnelles, [&hellip;]","og_url":"https:\/\/vibrotech-eng.com\/fr\/cookies\/","og_site_name":"Vibrotech Engineering S.L","article_modified_time":"2018-01-05T12:19:12+00:00","twitter_card":"summary_large_image","twitter_misc":{"Dur\u00e9e de lecture estim\u00e9e":"3 minutes"},"schema":{"@context":"https:\/\/schema.org","@graph":[{"@type":"WebPage","@id":"https:\/\/vibrotech-eng.com\/fr\/cookies\/","url":"https:\/\/vibrotech-eng.com\/fr\/cookies\/","name":"Cookies - Vibrotech Engineering S.L","isPartOf":{"@id":"https:\/\/vibrotech-eng.com\/fr\/#website"},"datePublished":"2018-01-05T12:09:10+00:00","dateModified":"2018-01-05T12:19:12+00:00","breadcrumb":{"@id":"https:\/\/vibrotech-eng.com\/fr\/cookies\/#breadcrumb"},"inLanguage":"fr-FR","potentialAction":[{"@type":"ReadAction","target":["https:\/\/vibrotech-eng.com\/fr\/cookies\/"]}]},{"@type":"BreadcrumbList","@id":"https:\/\/vibrotech-eng.com\/fr\/cookies\/#breadcrumb","itemListElement":[{"@type":"ListItem","position":1,"name":"Accueil","item":"https:\/\/vibrotech-eng.com\/fr\/accueil\/"},{"@type":"ListItem","position":2,"name":"Cookies"}]},{"@type":"WebSite","@id":"https:\/\/vibrotech-eng.com\/fr\/#website","url":"https:\/\/vibrotech-eng.com\/fr\/","name":"Vibrotech Engineering S.L","description":"Empresa espa\u00f1ola que desarrolla su actividad principal en el dise\u00f1o y fabricaci\u00f3n de maquinaria vibrante","potentialAction":[{"@type":"SearchAction","target":{"@type":"EntryPoint","urlTemplate":"https:\/\/vibrotech-eng.com\/fr\/?s={search_term_string}"},"query-input":{"@type":"PropertyValueSpecification","valueRequired":true,"valueName":"search_term_string"}}],"inLanguage":"fr-FR"}]}},"_links":{"self":[{"href":"https:\/\/vibrotech-eng.com\/fr\/wp-json\/wp\/v2\/pages\/2426","targetHints":{"allow":["GET"]}}],"collection":[{"href":"https:\/\/vibrotech-eng.com\/fr\/wp-json\/wp\/v2\/pages"}],"about":[{"href":"https:\/\/vibrotech-eng.com\/fr\/wp-json\/wp\/v2\/types\/page"}],"author":[{"embeddable":true,"href":"https:\/\/vibrotech-eng.com\/fr\/wp-json\/wp\/v2\/users\/2"}],"replies":[{"embeddable":true,"href":"https:\/\/vibrotech-eng.com\/fr\/wp-json\/wp\/v2\/comments?post=2426"}],"version-history":[{"count":0,"href":"https:\/\/vibrotech-eng.com\/fr\/wp-json\/wp\/v2\/pages\/2426\/revisions"}],"wp:attachment":[{"href":"https:\/\/vibrotech-eng.com\/fr\/wp-json\/wp\/v2\/media?parent=2426"}],"curies":[{"name":"wp","href":"https:\/\/api.w.org\/{rel}","templated":true}]}}