{"id":2418,"date":"2018-01-05T13:09:50","date_gmt":"2018-01-05T12:09:50","guid":{"rendered":"http:\/\/vibrotech-eng.com.mialias.net\/mas-informacion-las-cookies\/"},"modified":"2018-01-05T13:12:55","modified_gmt":"2018-01-05T12:12:55","slug":"en-savoir-plus-sur-les-cookies","status":"publish","type":"page","link":"https:\/\/vibrotech-eng.com\/fr\/en-savoir-plus-sur-les-cookies\/","title":{"rendered":"En savoir plus sur les cookies"},"content":{"rendered":"<h3>QU&rsquo;EST-CE QU&rsquo;UN COOKIE?<\/h3>\n<p>Un cookie est un fichier texte inoffensif qui est stock\u00e9 dans votre navigateur lorsque vous visitez presque n&rsquo;importe quelle page Web. L&rsquo;utilit\u00e9 du cookie est que le site Web peut se souvenir de votre visite lorsque vous revenez sur cette page. Bien que beaucoup de gens ne le connaissent pas, les cookies sont utilis\u00e9s depuis 20 ans, lorsque les premiers navigateurs pour le World Wide Web sont apparus.<\/p>\n<p>&nbsp;<\/p>\n<h3>QU&rsquo;EST-CE QUI N&rsquo;EST PAS UN COOKIE?<\/h3>\n<p>Ce n&rsquo;est pas un virus, ou un cheval de Troie, ou un ver, ou un spam, ou un logiciel espion, ou des fen\u00eatres pop-up.<\/p>\n<p>&nbsp;<\/p>\n<h3>QUELLES INFORMATIONS UN COOKIE STOCKE-T-IL?<\/h3>\n<p>Les cookies ne stockent g\u00e9n\u00e9ralement pas d&rsquo;informations sensibles \u00e0 votre sujet, telles que des cartes de cr\u00e9dit ou des donn\u00e9es bancaires, des photos, votre carte d&rsquo;identit\u00e9 ou des informations personnelles, etc. Les donn\u00e9es qu&rsquo;ils stockent sont des donn\u00e9es techniques, les pr\u00e9f\u00e9rences personnelles, la personnalisation du contenu, etc.<\/p>\n<p>Le serveur web ne vous associe pas en tant que personne mais plut\u00f4t avec votre navigateur web. En fait, si vous naviguez r\u00e9guli\u00e8rement sur Internet Explorer et que vous essayez de naviguer sur le m\u00eame site avec Firefox ou Chrome, vous verrez que le web ne se rend pas compte que vous \u00eates la m\u00eame personne parce que vous associez r\u00e9ellement le navigateur, pas la personne.<\/p>\n<p>&nbsp;<\/p>\n<h3>QUEL GENRE DE COOKIES EXISTE-T-IL?<\/h3>\n<p>Cookies techniques: Ils sont les plus \u00e9l\u00e9mentaires et permettent, entre autres, de savoir quand un humain ou une application automatis\u00e9e est en train de naviguer, quand un utilisateur anonyme et un utilisateur enregistr\u00e9 navigue, t\u00e2ches de base pour le fonctionnement de tout site web dynamique.<br \/>\nCookies d&rsquo;analyse: Ils recueillent des informations sur le type de navigation que vous effectuez, les sections que vous utilisez le plus, les produits consult\u00e9s, le fuseau horaire d&rsquo;utilisation, la langue, etc.Cookies publicitaires: ils affichent des publicit\u00e9s selon votre navigation, votre pays d&rsquo;origine, votre langue, etc.<\/p>\n<h3>\nQUELS SONT VOS PROPRES COOKIES ET CEUX DE TIERS?<\/h3>\n<p>Vos propres cookies sont ceux g\u00e9n\u00e9r\u00e9s par la page que vous visitez et ceux de tiers sont ceux g\u00e9n\u00e9r\u00e9s par des services externes ou des fournisseurs tels que Facebook, Twitter, Google, etc&#8230;<\/p>\n<p>&nbsp;<\/p>\n<h3>QUE SE PASSE-T-IL SI JE D\u00c9SACTIVE LES COOKIES?<\/h3>\n<p>Pour vous aider \u00e0 comprendre dans quelle mesure vous pouvez d\u00e9sactiver les cookies, voici quelques exemples:<\/p>\n<p>Vous ne pouvez pas partager le contenu de ce site sur Facebook, Twitter ou tout autre r\u00e9seau social.<br \/>\nLe site web ne pourra pas adapter le contenu \u00e0 vos pr\u00e9f\u00e9rences personnelles, comme c&rsquo;est souvent le cas dans les boutiques en ligne.<br \/>\nVous ne pourrez pas acc\u00e9der \u00e0 l&rsquo;espace personnel de ce site, tel que Mon Compte, Mon Profil ou Mes Commandes.<br \/>\nMagasins en ligne: Vous ne pourrez pas faire d&rsquo;achats en ligne, ils devront \u00eatre par t\u00e9l\u00e9phone ou visiter le magasin physique si vous l&rsquo;avez.<br \/>\nIl ne sera pas possible de personnaliser vos pr\u00e9f\u00e9rences g\u00e9ographiques telles que le fuseau horaire, la devise ou la langue.<br \/>\nLe site Web ne sera pas en mesure d&rsquo;effectuer des analyses sur les visiteurs et le trafic Web, ce qui rendra difficile pour le site Web d&rsquo;\u00eatre comp\u00e9titif.<br \/>\nVous ne pourrez pas poster sur le blog, t\u00e9l\u00e9charger des photos, poster des commentaires, noter ou noter le contenu. Le Web ne sera pas non plus en mesure de dire si vous \u00eates un humain ou une application automatis\u00e9e qui affiche des pourriels.<br \/>\nIl ne sera pas possible de montrer la publicit\u00e9 sectorielle, ce qui r\u00e9duira les recettes publicitaires du site Web.<br \/>\nTous les r\u00e9seaux sociaux utilisent des cookies, si vous les d\u00e9sactivez, vous ne pourrez pas utiliser de r\u00e9seau social.<\/p>\n<h3>\nLES COOKIES PEUVENT-ILS \u00caTRE SUPPRIM\u00c9S?<\/h3>\n<p>Oui. Oui. Oui. Non seulement supprimer, mais aussi bloquer, de mani\u00e8re g\u00e9n\u00e9rale ou particuli\u00e8re pour un domaine sp\u00e9cifique.<\/p>\n<p>Pour supprimer les cookies d&rsquo;un site Web, vous devez aller dans les param\u00e8tres de votre navigateur et l\u00e0, vous pouvez rechercher ceux associ\u00e9s au domaine en question et proc\u00e9der \u00e0 leur suppression.<\/p>\n<p>&nbsp;<\/p>\n<h3>CONFIGURATION DES COOKIES POUR LES NAVIGATEURS LES PLUS POPULAIRES<\/h3>\n<p>Voici comment acc\u00e9der \u00e0 un cookie sp\u00e9cifique \u00e0 partir de votre navigateur Chrome. Remarque: Ces \u00e9tapes peuvent varier selon la version du navigateur:<\/p>\n<p>Acc\u00e9dez \u00e0 Param\u00e8tres ou Pr\u00e9f\u00e9rences via le menu Fichier ou en cliquant sur l&rsquo;ic\u00f4ne de personnalisation en haut \u00e0 droite.<br \/>\nVous verrez diff\u00e9rentes sections, cliquez sur l&rsquo;option Afficher les options avanc\u00e9es.<br \/>\nCliquez sur Confidentialit\u00e9, Param\u00e8tres du contenu.<br \/>\nS\u00e9lectionnez Tous les cookies et les donn\u00e9es du site.<br \/>\nUne liste de tous les cookies tri\u00e9s par domaine appara\u00eetra. Pour faciliter la recherche des cookies pour un domaine particulier, saisissez l&rsquo;adresse partiellement ou compl\u00e8tement dans le champ Rechercher les cookies.<br \/>\nApr\u00e8s avoir effectu\u00e9 ce filtrage, une ou plusieurs lignes apparaissent \u00e0 l&rsquo;\u00e9cran avec les cookies du site Web demand\u00e9. S\u00e9lectionnez-le et appuyez sur la touche X pour l&rsquo;effacer.<br \/>\nPour acc\u00e9der aux param\u00e8tres de cookies de votre navigateur Internet Explorer, suivez ces \u00e9tapes (ces param\u00e8tres peuvent varier selon la version de votre navigateur):<\/p>\n<p>Aller \u00e0 Outils, Options Internet<br \/>\nCliquez sur Confidentialit\u00e9.<br \/>\nD\u00e9placez le curseur jusqu&rsquo; \u00e0 ce que le niveau d&rsquo;intimit\u00e9 souhait\u00e9 soit d\u00e9fini.<br \/>\nPour acc\u00e9der aux param\u00e8tres des cookies de votre navigateur Firefox, suivez ces \u00e9tapes (elles peuvent varier selon la version de votre navigateur):<\/p>\n","protected":false},"excerpt":{"rendered":"<p>QU&rsquo;EST-CE QU&rsquo;UN COOKIE? Un cookie est un fichier texte inoffensif qui est stock\u00e9 dans votre navigateur lorsque vous visitez presque n&rsquo;importe quelle page Web. L&rsquo;utilit\u00e9 du cookie est que le site Web peut se souvenir de votre visite lorsque vous revenez sur cette page. Bien que beaucoup de gens ne le connaissent pas, les cookies [&hellip;]<\/p>\n","protected":false},"author":2,"featured_media":0,"parent":0,"menu_order":0,"comment_status":"closed","ping_status":"closed","template":"","meta":{"footnotes":""},"class_list":["post-2418","page","type-page","status-publish","hentry"],"yoast_head":"<!-- This site is optimized with the Yoast SEO Premium plugin v20.3 (Yoast SEO v27.5) - https:\/\/yoast.com\/product\/yoast-seo-premium-wordpress\/ -->\n<title>En savoir plus sur les cookies - Vibrotech Engineering S.L<\/title>\n<meta name=\"robots\" content=\"index, follow, max-snippet:-1, max-image-preview:large, max-video-preview:-1\" \/>\n<link rel=\"canonical\" href=\"https:\/\/vibrotech-eng.com\/fr\/en-savoir-plus-sur-les-cookies\/\" \/>\n<meta property=\"og:locale\" content=\"fr_FR\" \/>\n<meta property=\"og:type\" content=\"article\" \/>\n<meta property=\"og:title\" content=\"En savoir plus sur les cookies\" \/>\n<meta property=\"og:description\" content=\"QU&rsquo;EST-CE QU&rsquo;UN COOKIE? Un cookie est un fichier texte inoffensif qui est stock\u00e9 dans votre navigateur lorsque vous visitez presque n&rsquo;importe quelle page Web. L&rsquo;utilit\u00e9 du cookie est que le site Web peut se souvenir de votre visite lorsque vous revenez sur cette page. Bien que beaucoup de gens ne le connaissent pas, les cookies [&hellip;]\" \/>\n<meta property=\"og:url\" content=\"https:\/\/vibrotech-eng.com\/fr\/en-savoir-plus-sur-les-cookies\/\" \/>\n<meta property=\"og:site_name\" content=\"Vibrotech Engineering S.L\" \/>\n<meta property=\"article:modified_time\" content=\"2018-01-05T12:12:55+00:00\" \/>\n<meta name=\"twitter:card\" content=\"summary_large_image\" \/>\n<meta name=\"twitter:label1\" content=\"Dur\u00e9e de lecture estim\u00e9e\" \/>\n\t<meta name=\"twitter:data1\" content=\"5 minutes\" \/>\n<script type=\"application\/ld+json\" class=\"yoast-schema-graph\">{\"@context\":\"https:\\\/\\\/schema.org\",\"@graph\":[{\"@type\":\"WebPage\",\"@id\":\"https:\\\/\\\/vibrotech-eng.com\\\/fr\\\/en-savoir-plus-sur-les-cookies\\\/\",\"url\":\"https:\\\/\\\/vibrotech-eng.com\\\/fr\\\/en-savoir-plus-sur-les-cookies\\\/\",\"name\":\"En savoir plus sur les cookies - Vibrotech Engineering S.L\",\"isPartOf\":{\"@id\":\"https:\\\/\\\/vibrotech-eng.com\\\/fr\\\/#website\"},\"datePublished\":\"2018-01-05T12:09:50+00:00\",\"dateModified\":\"2018-01-05T12:12:55+00:00\",\"breadcrumb\":{\"@id\":\"https:\\\/\\\/vibrotech-eng.com\\\/fr\\\/en-savoir-plus-sur-les-cookies\\\/#breadcrumb\"},\"inLanguage\":\"fr-FR\",\"potentialAction\":[{\"@type\":\"ReadAction\",\"target\":[\"https:\\\/\\\/vibrotech-eng.com\\\/fr\\\/en-savoir-plus-sur-les-cookies\\\/\"]}]},{\"@type\":\"BreadcrumbList\",\"@id\":\"https:\\\/\\\/vibrotech-eng.com\\\/fr\\\/en-savoir-plus-sur-les-cookies\\\/#breadcrumb\",\"itemListElement\":[{\"@type\":\"ListItem\",\"position\":1,\"name\":\"Accueil\",\"item\":\"https:\\\/\\\/vibrotech-eng.com\\\/fr\\\/accueil\\\/\"},{\"@type\":\"ListItem\",\"position\":2,\"name\":\"En savoir plus sur les cookies\"}]},{\"@type\":\"WebSite\",\"@id\":\"https:\\\/\\\/vibrotech-eng.com\\\/fr\\\/#website\",\"url\":\"https:\\\/\\\/vibrotech-eng.com\\\/fr\\\/\",\"name\":\"Vibrotech Engineering S.L\",\"description\":\"Empresa espa\u00f1ola que desarrolla su actividad principal en el dise\u00f1o y fabricaci\u00f3n de maquinaria vibrante\",\"potentialAction\":[{\"@type\":\"SearchAction\",\"target\":{\"@type\":\"EntryPoint\",\"urlTemplate\":\"https:\\\/\\\/vibrotech-eng.com\\\/fr\\\/?s={search_term_string}\"},\"query-input\":{\"@type\":\"PropertyValueSpecification\",\"valueRequired\":true,\"valueName\":\"search_term_string\"}}],\"inLanguage\":\"fr-FR\"}]}<\/script>\n<!-- \/ Yoast SEO Premium plugin. -->","yoast_head_json":{"title":"En savoir plus sur les cookies - Vibrotech Engineering S.L","robots":{"index":"index","follow":"follow","max-snippet":"max-snippet:-1","max-image-preview":"max-image-preview:large","max-video-preview":"max-video-preview:-1"},"canonical":"https:\/\/vibrotech-eng.com\/fr\/en-savoir-plus-sur-les-cookies\/","og_locale":"fr_FR","og_type":"article","og_title":"En savoir plus sur les cookies","og_description":"QU&rsquo;EST-CE QU&rsquo;UN COOKIE? Un cookie est un fichier texte inoffensif qui est stock\u00e9 dans votre navigateur lorsque vous visitez presque n&rsquo;importe quelle page Web. L&rsquo;utilit\u00e9 du cookie est que le site Web peut se souvenir de votre visite lorsque vous revenez sur cette page. Bien que beaucoup de gens ne le connaissent pas, les cookies [&hellip;]","og_url":"https:\/\/vibrotech-eng.com\/fr\/en-savoir-plus-sur-les-cookies\/","og_site_name":"Vibrotech Engineering S.L","article_modified_time":"2018-01-05T12:12:55+00:00","twitter_card":"summary_large_image","twitter_misc":{"Dur\u00e9e de lecture estim\u00e9e":"5 minutes"},"schema":{"@context":"https:\/\/schema.org","@graph":[{"@type":"WebPage","@id":"https:\/\/vibrotech-eng.com\/fr\/en-savoir-plus-sur-les-cookies\/","url":"https:\/\/vibrotech-eng.com\/fr\/en-savoir-plus-sur-les-cookies\/","name":"En savoir plus sur les cookies - Vibrotech Engineering S.L","isPartOf":{"@id":"https:\/\/vibrotech-eng.com\/fr\/#website"},"datePublished":"2018-01-05T12:09:50+00:00","dateModified":"2018-01-05T12:12:55+00:00","breadcrumb":{"@id":"https:\/\/vibrotech-eng.com\/fr\/en-savoir-plus-sur-les-cookies\/#breadcrumb"},"inLanguage":"fr-FR","potentialAction":[{"@type":"ReadAction","target":["https:\/\/vibrotech-eng.com\/fr\/en-savoir-plus-sur-les-cookies\/"]}]},{"@type":"BreadcrumbList","@id":"https:\/\/vibrotech-eng.com\/fr\/en-savoir-plus-sur-les-cookies\/#breadcrumb","itemListElement":[{"@type":"ListItem","position":1,"name":"Accueil","item":"https:\/\/vibrotech-eng.com\/fr\/accueil\/"},{"@type":"ListItem","position":2,"name":"En savoir plus sur les cookies"}]},{"@type":"WebSite","@id":"https:\/\/vibrotech-eng.com\/fr\/#website","url":"https:\/\/vibrotech-eng.com\/fr\/","name":"Vibrotech Engineering S.L","description":"Empresa espa\u00f1ola que desarrolla su actividad principal en el dise\u00f1o y fabricaci\u00f3n de maquinaria vibrante","potentialAction":[{"@type":"SearchAction","target":{"@type":"EntryPoint","urlTemplate":"https:\/\/vibrotech-eng.com\/fr\/?s={search_term_string}"},"query-input":{"@type":"PropertyValueSpecification","valueRequired":true,"valueName":"search_term_string"}}],"inLanguage":"fr-FR"}]}},"_links":{"self":[{"href":"https:\/\/vibrotech-eng.com\/fr\/wp-json\/wp\/v2\/pages\/2418","targetHints":{"allow":["GET"]}}],"collection":[{"href":"https:\/\/vibrotech-eng.com\/fr\/wp-json\/wp\/v2\/pages"}],"about":[{"href":"https:\/\/vibrotech-eng.com\/fr\/wp-json\/wp\/v2\/types\/page"}],"author":[{"embeddable":true,"href":"https:\/\/vibrotech-eng.com\/fr\/wp-json\/wp\/v2\/users\/2"}],"replies":[{"embeddable":true,"href":"https:\/\/vibrotech-eng.com\/fr\/wp-json\/wp\/v2\/comments?post=2418"}],"version-history":[{"count":0,"href":"https:\/\/vibrotech-eng.com\/fr\/wp-json\/wp\/v2\/pages\/2418\/revisions"}],"wp:attachment":[{"href":"https:\/\/vibrotech-eng.com\/fr\/wp-json\/wp\/v2\/media?parent=2418"}],"curies":[{"name":"wp","href":"https:\/\/api.w.org\/{rel}","templated":true}]}}