{"id":2406,"date":"2018-01-05T12:51:23","date_gmt":"2018-01-05T11:51:23","guid":{"rendered":"http:\/\/vibrotech-eng.com.mialias.net\/aviso-legal\/"},"modified":"2018-01-05T12:58:45","modified_gmt":"2018-01-05T11:58:45","slug":"mentions-legales","status":"publish","type":"page","link":"https:\/\/vibrotech-eng.com\/fr\/mentions-legales\/","title":{"rendered":"Mentions l\u00e9gales"},"content":{"rendered":"<h1>Mentions l\u00e9gales<\/h1>\n<p>&nbsp;<\/p>\n<h3>1. DONN\u00c9ES D&rsquo;IDENTIFICATION<\/h3>\n<p>Conform\u00e9ment \u00e0 l&rsquo;obligation d&rsquo;information contenue dans l&rsquo;article 10 de la loi 34\/2002, du 11 juillet, sur les services de la soci\u00e9t\u00e9 de l&rsquo;information et le commerce \u00e9lectronique, les donn\u00e9es suivantes sont refl\u00e9t\u00e9es ci-dessous: la soci\u00e9t\u00e9 qui poss\u00e8de le domaine web est Vibrotech Engineering S. L. (ci-apr\u00e8s d\u00e9nomm\u00e9e \u00ab\u00a0Vibrotech\u00a0\u00bb), \u00e9tablie \u00e0 cet effet au Camino Pokopandegi 11 20008 San Sebasti\u00e1n (Guip\u00fazcoa) Espa\u00f1a n\u00famero de C. I. F.B95701173 inscrite au registre du commerce. Contact e-mail: a&#100;&#x6d;&#x69;n&#64;&#118;&#x69;&#x62;r&#111;&#116;&#x65;&#x63;h&#45;&#x65;&#x6e;&#x67;&#46;&#99;&#x6f;&#x6d; du site web.<\/p>\n<p>&nbsp;<\/p>\n<h3>2. USAGERS<\/h3>\n<p>L&rsquo;acc\u00e8s et\/ou l&rsquo;utilisation de ce portail Vibrotech attribue la condition d&rsquo;UTILISATEUR, qui accepte, de cet acc\u00e8s et\/ou de cette utilisation, les Conditions G\u00e9n\u00e9rales d&rsquo;Utilisation refl\u00e9t\u00e9es ici. Les pr\u00e9sentes Conditions s&rsquo;appliquent quelles que soient les Conditions G\u00e9n\u00e9rales du Contrat contraignantes.<\/p>\n<p>&nbsp;<\/p>\n<h3>3. UTILISATION DU SITE WEB<\/h3>\n<p>vibrotech-eng. com donne acc\u00e8s \u00e0 une multitude d&rsquo;informations, de services, de programmes ou de donn\u00e9es (ci-apr\u00e8s,\u00a0\u00bble contenu\u00a0\u00bb) sur Internet appartenant \u00e0 Vibrotech ou \u00e0 ses conc\u00e9dants de licence auxquels l&rsquo;UTILISATEUR peut avoir acc\u00e8s. L&rsquo;UTILISATEUR assume la responsabilit\u00e9 de l&rsquo;utilisation du portail. Cette responsabilit\u00e9 s&rsquo;\u00e9tend \u00e0 l&rsquo;enregistrement n\u00e9cessaire pour acc\u00e9der \u00e0 certains services ou contenus.<\/p>\n<p>Dans cet enregistrement, l&rsquo;UTILISATEUR sera responsable de fournir des informations v\u00e9ridiques et l\u00e9gales. En cons\u00e9quence de cet enregistrement, l&rsquo;UTILISATEUR peut se voir attribuer un mot de passe dont il sera responsable, s&rsquo;engageant \u00e0 en faire un usage diligent et confidentiel. L&rsquo;UTILISATEUR s&rsquo;engage \u00e0 faire un usage appropri\u00e9 des contenus et services (tels que les services de chat, forums de discussion ou newsgroups) que le Nom de la soci\u00e9t\u00e9 qui a cr\u00e9\u00e9 le site Web offre par l&rsquo;interm\u00e9diaire de son portail et \u00e0 titre indicatif mais non limitatif, de ne pas les utiliser pour (i) s&rsquo;engager dans des activit\u00e9s ill\u00e9gales, ill\u00e9gales ou contraires \u00e0 la bonne foi et l&rsquo;ordre public; (ii) diffuser un contenu ou de la propagande raciste, x\u00e9nophobe, pornographique-ill\u00e9gal, un plaidoyer en faveur du terrorisme ou d&rsquo;une atteinte aux droits de l&rsquo;homme; (iii) causer des dommages aux syst\u00e8mes physiques et logiques du Nom de la soci\u00e9t\u00e9 qui a cr\u00e9\u00e9 le site web, de ses fournisseurs ou de tiers, introduire ou diffuser des virus informatiques ou tout autre syst\u00e8me physique ou logique susceptible de causer les dommages pr\u00e9cit\u00e9s; (iv) tenter d&rsquo;acc\u00e9der et, le cas \u00e9ch\u00e9ant, d&rsquo;utiliser les comptes de messagerie des autres utilisateurs et modifier manipuler leurs messages. Le nom de la soci\u00e9t\u00e9 qui a cr\u00e9\u00e9 le site se r\u00e9serve le droit de retirer tous les commentaires et contributions qui portent atteinte \u00e0 la dignit\u00e9 de la personne, qui sont discriminatoires, x\u00e9nophobes, racistes, pornographiques, qui violent la jeunesse ou l&rsquo;enfance, l&rsquo;ordre public ou la s\u00e9curit\u00e9 ou qui, \u00e0 leur avis, ne sont pas adapt\u00e9s \u00e0 la publication. En tout \u00e9tat de cause, Vibrotech ne sera en aucun cas responsable des opinions exprim\u00e9es par les utilisateurs \u00e0 travers les forums, chats ou autres outils de participation.<\/p>\n<p>&nbsp;<\/p>\n<h3>4. PROTECTION DES DONN\u00c9ES<\/h3>\n<p>Vibrotech se conforme aux directives de la Loi Organique 15\/1999 du 13 d\u00e9cembre 1999 sur la Protection des Donn\u00e9es \u00e0 Caract\u00e8re Personnel, D\u00e9cret Royal 1720\/2007 du 21 d\u00e9cembre, qui approuve le R\u00e8glement d&rsquo;application de la Loi Organique et autres r\u00e8glements en vigueur \u00e0 tout moment, et s&rsquo;assure que les donn\u00e9es personnelles des utilisateurs sont correctement utilis\u00e9es et trait\u00e9es. A cette fin, avec chaque formulaire pour la collecte de donn\u00e9es personnelles, dans les services que l&rsquo;utilisateur mai demander \u00e0 KKKKKK, informera l&rsquo;utilisateur de l&rsquo;existence et l&rsquo;acceptation des conditions particuli\u00e8res du traitement de leurs donn\u00e9es dans chaque cas, en les informant de la responsabilit\u00e9 du fichier cr\u00e9\u00e9, l&rsquo;adresse du responsable, la possibilit\u00e9 d&rsquo;exercer leurs droits d&rsquo;acc\u00e8s, de rectification, d&rsquo;annulation ou d&rsquo;opposition, le but du traitement et la communication de donn\u00e9es \u00e0 des tiers, le cas \u00e9ch\u00e9ant.<\/p>\n<p>De m\u00eame, Vibrotech informe qu&rsquo;elle se conforme \u00e0 la loi 34\/2002 du 11 juillet sur les services de la soci\u00e9t\u00e9 de l&rsquo;information et le commerce \u00e9lectronique et vous demandera \u00e0 tout moment votre consentement au traitement de votre courrier \u00e9lectronique \u00e0 des fins commerciales.<\/p>\n<p>&nbsp;<\/p>\n<h3>5. PROPRI\u00c9T\u00c9 INTELLECTUELLE ET INDUSTRIELLE<\/h3>\n<p>Vibrotech elle-m\u00eame ou en tant que cessionnaire, est propri\u00e9taire de tous les droits de propri\u00e9t\u00e9 intellectuelle et industrielle de son site web, ainsi que des \u00e9l\u00e9ments qui y sont contenus (par le biais de l&rsquo;illustration, des images, du son, du son, de l&rsquo;audio, de la vid\u00e9o, du logiciel ou du texte; marques ou logos, combinaisons de couleurs, de structure et de design, s\u00e9lection des mat\u00e9riaux utilis\u00e9s, des programmes informatiques n\u00e9cessaires \u00e0 son fonctionnement, acc\u00e8s et utilisation, etc&#8230;).), appartenant \u00e0 Vibrotech ou \u00e0 ses conc\u00e9dants.<\/p>\n<p>Tous droits r\u00e9serv\u00e9s. En vertu des dispositions des articles 8 et 32.1, deuxi\u00e8me alin\u00e9a, de la loi sur la propri\u00e9t\u00e9 intellectuelle, il est express\u00e9ment interdit de reproduire, de distribuer et de communiquer publiquement, y compris son mode de mise \u00e0 disposition, tout ou partie du contenu de ce site web, \u00e0 des fins commerciales, sur quelque support que ce soit et par tout moyen technique, sans l&rsquo;autorisation de Vibrotech. L&rsquo;UTILISATEUR s&rsquo;engage \u00e0 respecter les droits de Propri\u00e9t\u00e9 Intellectuelle et Industrielle d\u00e9tenus par Vibrotech. Vous pouvez visionner les \u00e9l\u00e9ments du portail et m\u00eame les imprimer, les copier et les stocker sur le disque dur de votre ordinateur ou sur tout autre support physique, \u00e0 condition qu&rsquo;ils soient exclusivement r\u00e9serv\u00e9s \u00e0 votre usage personnel et priv\u00e9. L&rsquo;UTILISATEUR doit s&rsquo;abstenir de supprimer, modifier, contourner ou manipuler tout dispositif de protection ou syst\u00e8me de s\u00e9curit\u00e9 install\u00e9 sur les pages Vibrotech.<\/p>\n<h3><\/h3>\n<h3>6. D\u00c9N\u00c9GATION DE GARANTIES ET DE RESPONSABILIT\u00c9<\/h3>\n<p>Vibrotech n&rsquo;est en aucun cas responsable des dommages de quelque nature que ce soit qui pourraient causer, mais sans s&rsquo; y limiter: des erreurs ou omissions dans le contenu, un manque de disponibilit\u00e9 du portail ou la transmission de virus ou de programmes malveillants ou nuisibles dans le contenu, malgr\u00e9 avoir adopt\u00e9 toutes les mesures technologiques n\u00e9cessaires pour l&#8217;emp\u00eacher.<\/p>\n<p>&nbsp;<\/p>\n<h3>7. MODIFICACIONES<\/h3>\n<p>Vibrotech se r\u00e9serve le droit d&rsquo;apporter toutes les modifications qu&rsquo;elle juge appropri\u00e9es \u00e0 son portail sans pr\u00e9avis, et peut modifier, supprimer ou ajouter \u00e0 la fois le contenu et les services fournis par son interm\u00e9diaire et la fa\u00e7on dont ils sont pr\u00e9sent\u00e9s ou localis\u00e9s sur son portail.<\/p>\n<p>&nbsp;<\/p>\n<h3>8. ENLACES<\/h3>\n<p>Dans l&rsquo;\u00e9ventualit\u00e9 o\u00f9 des liens ou hyperliens sont fournis sur vibrotech-eng. com vers d&rsquo;autres sites Internet, Vibrotech n&rsquo;exercera aucun contr\u00f4le sur ces sites et contenus. En aucun cas<br \/>\nVibrotech n&rsquo;assume aucune responsabilit\u00e9 quant au contenu des liens vers d&rsquo;autres sites Web et ne garantit pas non plus la disponibilit\u00e9 technique, la qualit\u00e9, la fiabilit\u00e9, l&rsquo;exactitude, l&rsquo;exactitude, l&rsquo;amplitude, la v\u00e9racit\u00e9, la validit\u00e9 et la fiabilit\u00e9 des contenus.<br \/>\nla constitutionnalit\u00e9 de tout mat\u00e9riel ou information contenu dans de tels hyperliens ou autres sites Internet.<\/p>\n<p>De m\u00eame, l&rsquo;inclusion de ces connexions externes n&rsquo;implique aucune association, fusion ou participation avec les entit\u00e9s li\u00e9es.<\/p>\n<p>&nbsp;<\/p>\n<h3>9. DROIT D&rsquo;EXCLUSION<\/h3>\n<p>Vibrotech se r\u00e9serve le droit de refuser ou de retirer l&rsquo;acc\u00e8s au portail et\/ou aux services offerts sans pr\u00e9avis, \u00e0 sa propre demande ou \u00e0 la demande d&rsquo;un tiers, aux utilisateurs qui ne respecteraient pas les pr\u00e9sentes Conditions G\u00e9n\u00e9rales d&rsquo;Utilisation.<\/p>\n<p>&nbsp;<\/p>\n<h3>10. G\u00c9N\u00c9RALIT\u00c9S<\/h3>\n<p>Vibrotech poursuivra la violation de ces conditions ainsi que toute utilisation inappropri\u00e9e de son site Web en exer\u00e7ant toutes les actions civiles et p\u00e9nales qui pourraient correspondre en droit.<\/p>\n<p>&nbsp;<\/p>\n<h3>11. MODIFICATION DES PR\u00c9SENTES CONDITIONS ET DUR\u00c9E<\/h3>\n<p>Vibrotech se r\u00e9serve le droit de modifier \u00e0 tout moment les pr\u00e9sentes conditions g\u00e9n\u00e9rales, d\u00fbment publi\u00e9es telles qu&rsquo;elles figurent ici.<\/p>\n<p>La validit\u00e9 de ces conditions d\u00e9pendra de leur exposition et sera valable jusqu&rsquo; \u00e0 leur publication. qui sont modifi\u00e9es par d&rsquo;autres.<\/p>\n<p>&nbsp;<\/p>\n<h3>12. DROIT APPLICABLE ET JURIDICTION COMP\u00c9TENTE<\/h3>\n<p>Les relations entre Vibrotech et l&rsquo;UTILISATEUR seront r\u00e9gies par la l\u00e9gislation espagnole en vigueur et tout litige sera soumis aux tribunaux de la ville de Saint-S\u00e9bastien.<\/p>\n","protected":false},"excerpt":{"rendered":"<p>Mentions l\u00e9gales &nbsp; 1. DONN\u00c9ES D&rsquo;IDENTIFICATION Conform\u00e9ment \u00e0 l&rsquo;obligation d&rsquo;information contenue dans l&rsquo;article 10 de la loi 34\/2002, du 11 juillet, sur les services de la soci\u00e9t\u00e9 de l&rsquo;information et le commerce \u00e9lectronique, les donn\u00e9es suivantes sont refl\u00e9t\u00e9es ci-dessous: la soci\u00e9t\u00e9 qui poss\u00e8de le domaine web est Vibrotech Engineering S. L. (ci-apr\u00e8s d\u00e9nomm\u00e9e \u00ab\u00a0Vibrotech\u00a0\u00bb), \u00e9tablie [&hellip;]<\/p>\n","protected":false},"author":2,"featured_media":0,"parent":0,"menu_order":0,"comment_status":"closed","ping_status":"closed","template":"","meta":{"footnotes":""},"class_list":["post-2406","page","type-page","status-publish","hentry"],"yoast_head":"<!-- This site is optimized with the Yoast SEO Premium plugin v20.3 (Yoast SEO v27.4) - https:\/\/yoast.com\/product\/yoast-seo-premium-wordpress\/ -->\n<title>Mentions l\u00e9gales - Vibrotech Engineering S.L<\/title>\n<meta name=\"robots\" content=\"index, follow, max-snippet:-1, max-image-preview:large, max-video-preview:-1\" \/>\n<link rel=\"canonical\" href=\"https:\/\/vibrotech-eng.com\/fr\/mentions-legales\/\" \/>\n<meta property=\"og:locale\" content=\"fr_FR\" \/>\n<meta property=\"og:type\" content=\"article\" \/>\n<meta property=\"og:title\" content=\"Mentions l\u00e9gales\" \/>\n<meta property=\"og:description\" content=\"Mentions l\u00e9gales &nbsp; 1. DONN\u00c9ES D&rsquo;IDENTIFICATION Conform\u00e9ment \u00e0 l&rsquo;obligation d&rsquo;information contenue dans l&rsquo;article 10 de la loi 34\/2002, du 11 juillet, sur les services de la soci\u00e9t\u00e9 de l&rsquo;information et le commerce \u00e9lectronique, les donn\u00e9es suivantes sont refl\u00e9t\u00e9es ci-dessous: la soci\u00e9t\u00e9 qui poss\u00e8de le domaine web est Vibrotech Engineering S. L. (ci-apr\u00e8s d\u00e9nomm\u00e9e \u00ab\u00a0Vibrotech\u00a0\u00bb), \u00e9tablie [&hellip;]\" \/>\n<meta property=\"og:url\" content=\"https:\/\/vibrotech-eng.com\/fr\/mentions-legales\/\" \/>\n<meta property=\"og:site_name\" content=\"Vibrotech Engineering S.L\" \/>\n<meta property=\"article:modified_time\" content=\"2018-01-05T11:58:45+00:00\" \/>\n<meta name=\"twitter:card\" content=\"summary_large_image\" \/>\n<meta name=\"twitter:label1\" content=\"Dur\u00e9e de lecture estim\u00e9e\" \/>\n\t<meta name=\"twitter:data1\" content=\"7 minutes\" \/>\n<script type=\"application\/ld+json\" class=\"yoast-schema-graph\">{\"@context\":\"https:\\\/\\\/schema.org\",\"@graph\":[{\"@type\":\"WebPage\",\"@id\":\"https:\\\/\\\/vibrotech-eng.com\\\/fr\\\/mentions-legales\\\/\",\"url\":\"https:\\\/\\\/vibrotech-eng.com\\\/fr\\\/mentions-legales\\\/\",\"name\":\"Mentions l\u00e9gales - Vibrotech Engineering S.L\",\"isPartOf\":{\"@id\":\"https:\\\/\\\/vibrotech-eng.com\\\/fr\\\/#website\"},\"datePublished\":\"2018-01-05T11:51:23+00:00\",\"dateModified\":\"2018-01-05T11:58:45+00:00\",\"breadcrumb\":{\"@id\":\"https:\\\/\\\/vibrotech-eng.com\\\/fr\\\/mentions-legales\\\/#breadcrumb\"},\"inLanguage\":\"fr-FR\",\"potentialAction\":[{\"@type\":\"ReadAction\",\"target\":[\"https:\\\/\\\/vibrotech-eng.com\\\/fr\\\/mentions-legales\\\/\"]}]},{\"@type\":\"BreadcrumbList\",\"@id\":\"https:\\\/\\\/vibrotech-eng.com\\\/fr\\\/mentions-legales\\\/#breadcrumb\",\"itemListElement\":[{\"@type\":\"ListItem\",\"position\":1,\"name\":\"Accueil\",\"item\":\"https:\\\/\\\/vibrotech-eng.com\\\/fr\\\/accueil\\\/\"},{\"@type\":\"ListItem\",\"position\":2,\"name\":\"Mentions l\u00e9gales\"}]},{\"@type\":\"WebSite\",\"@id\":\"https:\\\/\\\/vibrotech-eng.com\\\/fr\\\/#website\",\"url\":\"https:\\\/\\\/vibrotech-eng.com\\\/fr\\\/\",\"name\":\"Vibrotech Engineering S.L\",\"description\":\"Empresa espa\u00f1ola que desarrolla su actividad principal en el dise\u00f1o y fabricaci\u00f3n de maquinaria vibrante\",\"potentialAction\":[{\"@type\":\"SearchAction\",\"target\":{\"@type\":\"EntryPoint\",\"urlTemplate\":\"https:\\\/\\\/vibrotech-eng.com\\\/fr\\\/?s={search_term_string}\"},\"query-input\":{\"@type\":\"PropertyValueSpecification\",\"valueRequired\":true,\"valueName\":\"search_term_string\"}}],\"inLanguage\":\"fr-FR\"}]}<\/script>\n<!-- \/ Yoast SEO Premium plugin. -->","yoast_head_json":{"title":"Mentions l\u00e9gales - Vibrotech Engineering S.L","robots":{"index":"index","follow":"follow","max-snippet":"max-snippet:-1","max-image-preview":"max-image-preview:large","max-video-preview":"max-video-preview:-1"},"canonical":"https:\/\/vibrotech-eng.com\/fr\/mentions-legales\/","og_locale":"fr_FR","og_type":"article","og_title":"Mentions l\u00e9gales","og_description":"Mentions l\u00e9gales &nbsp; 1. DONN\u00c9ES D&rsquo;IDENTIFICATION Conform\u00e9ment \u00e0 l&rsquo;obligation d&rsquo;information contenue dans l&rsquo;article 10 de la loi 34\/2002, du 11 juillet, sur les services de la soci\u00e9t\u00e9 de l&rsquo;information et le commerce \u00e9lectronique, les donn\u00e9es suivantes sont refl\u00e9t\u00e9es ci-dessous: la soci\u00e9t\u00e9 qui poss\u00e8de le domaine web est Vibrotech Engineering S. L. (ci-apr\u00e8s d\u00e9nomm\u00e9e \u00ab\u00a0Vibrotech\u00a0\u00bb), \u00e9tablie [&hellip;]","og_url":"https:\/\/vibrotech-eng.com\/fr\/mentions-legales\/","og_site_name":"Vibrotech Engineering S.L","article_modified_time":"2018-01-05T11:58:45+00:00","twitter_card":"summary_large_image","twitter_misc":{"Dur\u00e9e de lecture estim\u00e9e":"7 minutes"},"schema":{"@context":"https:\/\/schema.org","@graph":[{"@type":"WebPage","@id":"https:\/\/vibrotech-eng.com\/fr\/mentions-legales\/","url":"https:\/\/vibrotech-eng.com\/fr\/mentions-legales\/","name":"Mentions l\u00e9gales - Vibrotech Engineering S.L","isPartOf":{"@id":"https:\/\/vibrotech-eng.com\/fr\/#website"},"datePublished":"2018-01-05T11:51:23+00:00","dateModified":"2018-01-05T11:58:45+00:00","breadcrumb":{"@id":"https:\/\/vibrotech-eng.com\/fr\/mentions-legales\/#breadcrumb"},"inLanguage":"fr-FR","potentialAction":[{"@type":"ReadAction","target":["https:\/\/vibrotech-eng.com\/fr\/mentions-legales\/"]}]},{"@type":"BreadcrumbList","@id":"https:\/\/vibrotech-eng.com\/fr\/mentions-legales\/#breadcrumb","itemListElement":[{"@type":"ListItem","position":1,"name":"Accueil","item":"https:\/\/vibrotech-eng.com\/fr\/accueil\/"},{"@type":"ListItem","position":2,"name":"Mentions l\u00e9gales"}]},{"@type":"WebSite","@id":"https:\/\/vibrotech-eng.com\/fr\/#website","url":"https:\/\/vibrotech-eng.com\/fr\/","name":"Vibrotech Engineering S.L","description":"Empresa espa\u00f1ola que desarrolla su actividad principal en el dise\u00f1o y fabricaci\u00f3n de maquinaria vibrante","potentialAction":[{"@type":"SearchAction","target":{"@type":"EntryPoint","urlTemplate":"https:\/\/vibrotech-eng.com\/fr\/?s={search_term_string}"},"query-input":{"@type":"PropertyValueSpecification","valueRequired":true,"valueName":"search_term_string"}}],"inLanguage":"fr-FR"}]}},"_links":{"self":[{"href":"https:\/\/vibrotech-eng.com\/fr\/wp-json\/wp\/v2\/pages\/2406","targetHints":{"allow":["GET"]}}],"collection":[{"href":"https:\/\/vibrotech-eng.com\/fr\/wp-json\/wp\/v2\/pages"}],"about":[{"href":"https:\/\/vibrotech-eng.com\/fr\/wp-json\/wp\/v2\/types\/page"}],"author":[{"embeddable":true,"href":"https:\/\/vibrotech-eng.com\/fr\/wp-json\/wp\/v2\/users\/2"}],"replies":[{"embeddable":true,"href":"https:\/\/vibrotech-eng.com\/fr\/wp-json\/wp\/v2\/comments?post=2406"}],"version-history":[{"count":0,"href":"https:\/\/vibrotech-eng.com\/fr\/wp-json\/wp\/v2\/pages\/2406\/revisions"}],"wp:attachment":[{"href":"https:\/\/vibrotech-eng.com\/fr\/wp-json\/wp\/v2\/media?parent=2406"}],"curies":[{"name":"wp","href":"https:\/\/api.w.org\/{rel}","templated":true}]}}