{"id":2378,"date":"2017-12-28T11:56:37","date_gmt":"2017-12-28T10:56:37","guid":{"rendered":"http:\/\/vibrotech-eng.com.mialias.net\/transportadores-vibratorios-sector-mineria\/"},"modified":"2018-06-04T15:30:16","modified_gmt":"2018-06-04T13:30:16","slug":"convoyeurs-vibrants-mines","status":"publish","type":"page","link":"https:\/\/vibrotech-eng.com\/fr\/convoyeurs-vibrants-mines\/","title":{"rendered":"Convoyeurs vibrants"},"content":{"rendered":"<div id='av_section_1'  class='avia-section av-av_section-2f8a4d5d3ebd9c637093dc8e14b646e9 main_color avia-section-default avia-no-border-styling  avia-builder-el-0  avia-builder-el-no-sibling  avia-bg-style-scroll container_wrap sidebar_right'  ><div class='container av-section-cont-open' ><main  role=\"main\" itemprop=\"mainContentOfPage\"  class='template-page content  av-content-small alpha units'><div class='post-entry post-entry-type-page post-entry-2378'><div class='entry-content-wrapper clearfix'>\n<section  class='av_textblock_section av-av_textblock-2bd894dbf2e4bf2c4acf98ce4fbf94aa '   itemscope=\"itemscope\" itemtype=\"https:\/\/schema.org\/CreativeWork\" ><div class='avia_textblock'  itemprop=\"text\" ><p><a class=\"verpdf\" href=\"https:\/\/vibrotech-eng.com\/wp-content\/uploads\/2017\/11\/Transportadores-vibrantes.pdf\" target=\"_blank\" rel=\"noopener\"><img loading=\"lazy\" decoding=\"async\" class=\"alignnone size-full wp-image-405\" src=\"https:\/\/vibrotech-eng.com\/wp-content\/uploads\/2017\/09\/ver-pdf-4.png\" alt=\"ver-pdf\" width=\"73\" height=\"59\" \/><\/a><\/p>\n<\/div><\/section>\n<section  class='av_textblock_section av-av_textblock-2bd894dbf2e4bf2c4acf98ce4fbf94aa '   itemscope=\"itemscope\" itemtype=\"https:\/\/schema.org\/CreativeWork\" ><div class='avia_textblock'  itemprop=\"text\" ><h1 style=\"text-align: center;\">Convoyeurs vibrants<\/h1>\n<\/div><\/section>\n\n<style type=\"text\/css\" data-created_by=\"avia_inline_auto\" id=\"style-css-av-av_hr-0645478af54715b75905f78d46849be0\">\n#top .hr.hr-invisible.av-av_hr-0645478af54715b75905f78d46849be0{\nheight:50px;\n}\n<\/style>\n<div  class='hr av-av_hr-0645478af54715b75905f78d46849be0 hr-invisible  avia-builder-el-3  el_after_av_textblock  el_before_av_one_third '><span class='hr-inner '><span class=\"hr-inner-style\"><\/span><\/span><\/div>\n\n<style type=\"text\/css\" data-created_by=\"avia_inline_auto\" id=\"style-css-av-av_one_third-15d750bd1b332b34c6e70b077ebbccdf\">\n.flex_column.av-av_one_third-15d750bd1b332b34c6e70b077ebbccdf{\nborder-radius:0px 0px 0px 0px;\npadding:0px 0px 0px 0px;\n}\n<\/style>\n<div  class='flex_column av-av_one_third-15d750bd1b332b34c6e70b077ebbccdf av_one_third  avia-builder-el-4  el_after_av_hr  el_before_av_one_third  first flex_column_div av-zero-column-padding  '     ><section  class='av_textblock_section av-av_textblock-2bd894dbf2e4bf2c4acf98ce4fbf94aa '   itemscope=\"itemscope\" itemtype=\"https:\/\/schema.org\/CreativeWork\" ><div class='avia_textblock'  itemprop=\"text\" ><p>Vibrotech Engineering S.L., fabrique une large gamme de convoyeurs vibrants capables de faire face \u00e0 diff\u00e9rents types d&rsquo;applications, dans tous les secteurs de l&rsquo;industrie.<\/p>\n<p>Ce type de convoyeur est utilis\u00e9 dans toute industrie qui d\u00e9place des produits solides en vrac.<\/p>\n<p>Les machines sont dimensionn\u00e9es en fonction des besoins de chaque industrie.<\/p>\n<p>Certains d&rsquo;entre eux avec une lourde construction sur le travail \u00e0 faire comme dans le cas des fonderies et des mines ou d&rsquo;autres avec des applications plus l\u00e9g\u00e8res comme dans l&rsquo;industrie alimentaire, chimique ou du verre.<\/p>\n<p>Nous utilisons toutes sortes de mat\u00e9riaux: acier, acier inoxydable AISI 304, AISI 316, etc &#8230;, acier r\u00e9fractaire ou rev\u00eatements anti-usure pour des applications avec des produits abrasifs.<\/p>\n<p>Ces machines peuvent \u00eatre pilot\u00e9es par diff\u00e9rents dispositifs:<\/p>\n<ul>\n<li>Moto-vibrateurs \u00e0 masse r\u00e9gul\u00e9e<\/li>\n<li>Actionnements \u00e9lectromagn\u00e9tiques<\/li>\n<li>Moteur de bo\u00eete de vitesse<\/li>\n<li>Convoyeurs \u00e0 fr\u00e9quence naturelle or resonance convoyeurs.<\/li>\n<\/ul>\n<\/div><\/section><\/div>\n<style type=\"text\/css\" data-created_by=\"avia_inline_auto\" id=\"style-css-av-av_one_third-c8fc129dc35fd1ae2a1e410224d39ea8\">\n.flex_column.av-av_one_third-c8fc129dc35fd1ae2a1e410224d39ea8{\nborder-radius:0px 0px 0px 0px;\npadding:0px 0px 0px 0px;\n}\n<\/style>\n<div  class='flex_column av-av_one_third-c8fc129dc35fd1ae2a1e410224d39ea8 av_one_third  avia-builder-el-6  el_after_av_one_third  el_before_av_one_third  flex_column_div av-zero-column-padding  '     ><section  class='av_textblock_section av-av_textblock-2bd894dbf2e4bf2c4acf98ce4fbf94aa '   itemscope=\"itemscope\" itemtype=\"https:\/\/schema.org\/CreativeWork\" ><div class='avia_textblock'  itemprop=\"text\" ><p>La flexibilit\u00e9 de notre d\u00e9partement technique permet de r\u00e9aliser la conception de ce type de machines, en fonction des besoins des clients.<br \/>\nLes machines sont soumises \u00e0 diff\u00e9rents contr\u00f4les de qualit\u00e9 d\u00e9passant les exigences les plus \u00e9lev\u00e9es en termes de construction lourde et de fiabilit\u00e9.<\/p>\n<p>Dans les images de cette page, nous pouvons voir des convoyeurs de gamme lourde, moyenne et l\u00e9g\u00e8re pour diff\u00e9rentes applications.<\/p>\n<p>Certaines des industries les plus courantes sont:<\/p>\n<ul>\n<li>Fonderies<\/li>\n<li>Mines et carri\u00e8res<\/li>\n<li>Recyclage<\/li>\n<li>Verre<\/li>\n<li>Alimentaire<\/li>\n<li>Produits chimiques<\/li>\n<li>C\u00e9ramique<\/li>\n<li>Pharma<\/li>\n<\/ul>\n<\/div><\/section><\/div>\n<style type=\"text\/css\" data-created_by=\"avia_inline_auto\" id=\"style-css-av-av_one_third-c8fc129dc35fd1ae2a1e410224d39ea8\">\n.flex_column.av-av_one_third-c8fc129dc35fd1ae2a1e410224d39ea8{\nborder-radius:0px 0px 0px 0px;\npadding:0px 0px 0px 0px;\n}\n<\/style>\n<div  class='flex_column av-av_one_third-c8fc129dc35fd1ae2a1e410224d39ea8 av_one_third  avia-builder-el-8  el_after_av_one_third  el_before_av_hr  flex_column_div av-zero-column-padding  '     ><style type=\"text\/css\" data-created_by=\"avia_inline_auto\" id=\"style-css-av-av_image-a8050d79f546b392d06fd266470e03eb\">\n.avia-image-container.av-av_image-a8050d79f546b392d06fd266470e03eb img.avia_image{\nbox-shadow:none;\n}\n.avia-image-container.av-av_image-a8050d79f546b392d06fd266470e03eb .av-image-caption-overlay-center{\ncolor:#ffffff;\n}\n<\/style>\n<div  class='avia-image-container av-av_image-a8050d79f546b392d06fd266470e03eb av-styling- avia-align-center  avia-builder-el-9  avia-builder-el-no-sibling '   itemprop=\"image\" itemscope=\"itemscope\" itemtype=\"https:\/\/schema.org\/ImageObject\" ><div class=\"avia-image-container-inner\"><div class=\"avia-image-overlay-wrap\"><img decoding=\"async\" fetchpriority=\"high\" class='wp-image-1835 avia-img-lazy-loading-not-1835 avia_image ' src=\"https:\/\/vibrotech-eng.com\/wp-content\/uploads\/2017\/12\/TRANSPORTADOR-FRECUENCIA-NATURAL.jpg\" alt='' title='TRANSPORTADOR-FRECUENCIA-NATURAL'  height=\"301\" width=\"700\"  itemprop=\"thumbnailUrl\" srcset=\"https:\/\/vibrotech-eng.com\/wp-content\/uploads\/2017\/12\/TRANSPORTADOR-FRECUENCIA-NATURAL.jpg 700w, https:\/\/vibrotech-eng.com\/wp-content\/uploads\/2017\/12\/TRANSPORTADOR-FRECUENCIA-NATURAL-300x129.jpg 300w, https:\/\/vibrotech-eng.com\/wp-content\/uploads\/2017\/12\/TRANSPORTADOR-FRECUENCIA-NATURAL-450x194.jpg 450w\" sizes=\"(max-width: 700px) 100vw, 700px\" \/><\/div><\/div><\/div><\/div>\n<style type=\"text\/css\" data-created_by=\"avia_inline_auto\" id=\"style-css-av-av_hr-e13872f8c9c593a84e874dbf17260545\">\n#top .hr.hr-invisible.av-av_hr-e13872f8c9c593a84e874dbf17260545{\nheight:40px;\n}\n<\/style>\n<div  class='hr av-av_hr-e13872f8c9c593a84e874dbf17260545 hr-invisible  avia-builder-el-10  el_after_av_one_third  el_before_av_masonry_gallery  avia-builder-el-last '><span class='hr-inner '><span class=\"hr-inner-style\"><\/span><\/span><\/div>\n<div id='av-masonry-1' class='av-masonry av-av_masonry_gallery-f9e4b1ff60156d00974992782023caf0 noHover av-fixed-size av-large-gap av-hover-overlay- av-masonry-animation-active av-masonry-col-4 av-caption-always av-caption-style- av-masonry-gallery ' data-post_id=\"2378\"><div class=\"av-masonry-container isotope av-js-disabled\"><div class='av-masonry-entry isotope-item av-masonry-item-no-image '><\/div><a href=\"https:\/\/vibrotech-eng.com\/wp-content\/uploads\/2017\/12\/transportador-vibratorio-2.jpg\" data-srcset=\"https:\/\/vibrotech-eng.com\/wp-content\/uploads\/2017\/12\/transportador-vibratorio-2.jpg 311w, https:\/\/vibrotech-eng.com\/wp-content\/uploads\/2017\/12\/transportador-vibratorio-2-300x225.jpg 300w\" data-sizes=\"(max-width: 311px) 100vw, 311px\"  aria-label=\"image transportador-vibratorio\"  id='av-masonry-1-item-1963' data-av-masonry-item='1963' class='av-masonry-entry isotope-item post-1963 attachment type-attachment status-inherit hentry  av-masonry-item-with-image' title=\"transportador-vibratorio\" alt=\"\"    itemprop=\"thumbnailUrl\" ><div class='av-inner-masonry-sizer'><\/div><figure class='av-inner-masonry main_color'><div class=\"av-masonry-outerimage-container\"><div class='av-masonry-image-container' style=\"background-image: url(https:\/\/vibrotech-eng.com\/wp-content\/uploads\/2017\/12\/transportador-vibratorio-2.jpg);\"  title=\"transportador-vibratorio\"  ><\/div><\/div><\/figure><\/a><!--end av-masonry entry--><a href=\"https:\/\/vibrotech-eng.com\/wp-content\/uploads\/2018\/06\/INSTALACION-PRECRIBADOR-Y-TRANSPORTADOR-VIBRANTE.jpg\" data-srcset=\"https:\/\/vibrotech-eng.com\/wp-content\/uploads\/2018\/06\/INSTALACION-PRECRIBADOR-Y-TRANSPORTADOR-VIBRANTE.jpg 800w, https:\/\/vibrotech-eng.com\/wp-content\/uploads\/2018\/06\/INSTALACION-PRECRIBADOR-Y-TRANSPORTADOR-VIBRANTE-300x233.jpg 300w, https:\/\/vibrotech-eng.com\/wp-content\/uploads\/2018\/06\/INSTALACION-PRECRIBADOR-Y-TRANSPORTADOR-VIBRANTE-768x595.jpg 768w, https:\/\/vibrotech-eng.com\/wp-content\/uploads\/2018\/06\/INSTALACION-PRECRIBADOR-Y-TRANSPORTADOR-VIBRANTE-705x546.jpg 705w, https:\/\/vibrotech-eng.com\/wp-content\/uploads\/2018\/06\/INSTALACION-PRECRIBADOR-Y-TRANSPORTADOR-VIBRANTE-450x349.jpg 450w\" data-sizes=\"(max-width: 800px) 100vw, 800px\"  aria-label=\"image INSTALACION-PRECRIBADOR-Y-TRANSPORTADOR-VIBRANTE\"  id='av-masonry-1-item-3322' data-av-masonry-item='3322' class='av-masonry-entry isotope-item post-3322 attachment type-attachment status-inherit hentry  av-masonry-item-with-image' title=\"INSTALACION-PRECRIBADOR-Y-TRANSPORTADOR-VIBRANTE\" alt=\"INSTALACION-PRECRIBADOR-Y-TRANSPORTADOR-VIBRANTE\"    itemprop=\"thumbnailUrl\" ><div class='av-inner-masonry-sizer'><\/div><figure class='av-inner-masonry main_color'><div class=\"av-masonry-outerimage-container\"><div class='av-masonry-image-container' style=\"background-image: url(https:\/\/vibrotech-eng.com\/wp-content\/uploads\/2018\/06\/INSTALACION-PRECRIBADOR-Y-TRANSPORTADOR-VIBRANTE-705x546.jpg);\"  title=\"INSTALACION-PRECRIBADOR-Y-TRANSPORTADOR-VIBRANTE\"   alt=\"INSTALACION-PRECRIBADOR-Y-TRANSPORTADOR-VIBRANTE\" ><\/div><\/div><\/figure><\/a><!--end av-masonry entry--><a href=\"https:\/\/vibrotech-eng.com\/wp-content\/uploads\/2017\/12\/transportador-vibrante-tubular.jpg\" data-srcset=\"https:\/\/vibrotech-eng.com\/wp-content\/uploads\/2017\/12\/transportador-vibrante-tubular.jpg 800w, https:\/\/vibrotech-eng.com\/wp-content\/uploads\/2017\/12\/transportador-vibrante-tubular-300x225.jpg 300w, https:\/\/vibrotech-eng.com\/wp-content\/uploads\/2017\/12\/transportador-vibrante-tubular-768x576.jpg 768w, https:\/\/vibrotech-eng.com\/wp-content\/uploads\/2017\/12\/transportador-vibrante-tubular-705x529.jpg 705w, https:\/\/vibrotech-eng.com\/wp-content\/uploads\/2017\/12\/transportador-vibrante-tubular-450x338.jpg 450w\" data-sizes=\"(max-width: 800px) 100vw, 800px\"  aria-label=\"image transportador-vibrante-tubular\"  id='av-masonry-1-item-1943' data-av-masonry-item='1943' class='av-masonry-entry isotope-item post-1943 attachment type-attachment status-inherit hentry  av-masonry-item-with-image' title=\"transportador-vibrante-tubular\" alt=\"\"    itemprop=\"thumbnailUrl\" ><div class='av-inner-masonry-sizer'><\/div><figure class='av-inner-masonry main_color'><div class=\"av-masonry-outerimage-container\"><div class='av-masonry-image-container' style=\"background-image: url(https:\/\/vibrotech-eng.com\/wp-content\/uploads\/2017\/12\/transportador-vibrante-tubular-705x529.jpg);\"  title=\"transportador-vibrante-tubular\"  ><\/div><\/div><\/figure><\/a><!--end av-masonry entry--><a href=\"https:\/\/vibrotech-eng.com\/wp-content\/uploads\/2017\/12\/transportador-vibratorio-1.jpg\" data-srcset=\"https:\/\/vibrotech-eng.com\/wp-content\/uploads\/2017\/12\/transportador-vibratorio-1.jpg 800w, https:\/\/vibrotech-eng.com\/wp-content\/uploads\/2017\/12\/transportador-vibratorio-1-300x225.jpg 300w, https:\/\/vibrotech-eng.com\/wp-content\/uploads\/2017\/12\/transportador-vibratorio-1-768x576.jpg 768w, https:\/\/vibrotech-eng.com\/wp-content\/uploads\/2017\/12\/transportador-vibratorio-1-705x529.jpg 705w, https:\/\/vibrotech-eng.com\/wp-content\/uploads\/2017\/12\/transportador-vibratorio-1-450x338.jpg 450w\" data-sizes=\"(max-width: 800px) 100vw, 800px\"  aria-label=\"image transportador-vibratorio\"  id='av-masonry-1-item-1961' data-av-masonry-item='1961' class='av-masonry-entry isotope-item post-1961 attachment type-attachment status-inherit hentry  av-masonry-item-with-image' title=\"transportador-vibratorio\" alt=\"\"    itemprop=\"thumbnailUrl\" ><div class='av-inner-masonry-sizer'><\/div><figure class='av-inner-masonry main_color'><div class=\"av-masonry-outerimage-container\"><div class='av-masonry-image-container' style=\"background-image: url(https:\/\/vibrotech-eng.com\/wp-content\/uploads\/2017\/12\/transportador-vibratorio-1-705x529.jpg);\"  title=\"transportador-vibratorio\"  ><\/div><\/div><\/figure><\/a><!--end av-masonry entry--><\/div><\/div>\n<\/div><\/div><\/main><!-- close content main element --><\/div><\/div><div id='after_section_1'  class='main_color av_default_container_wrap container_wrap sidebar_right'  ><div class='container av-section-cont-open' ><div class='template-page content  av-content-small alpha units'><div class='post-entry post-entry-type-page post-entry-2378'><div class='entry-content-wrapper clearfix'>\n","protected":false},"excerpt":{"rendered":"","protected":false},"author":2,"featured_media":0,"parent":0,"menu_order":0,"comment_status":"closed","ping_status":"closed","template":"","meta":{"footnotes":""},"class_list":["post-2378","page","type-page","status-publish","hentry"],"yoast_head":"<!-- This site is optimized with the Yoast SEO Premium plugin v20.3 (Yoast SEO v27.5) - https:\/\/yoast.com\/product\/yoast-seo-premium-wordpress\/ -->\n<title>Convoyeurs vibrants - Vibrotech Engineering S.L<\/title>\n<meta name=\"robots\" content=\"noindex, follow\" \/>\n<meta property=\"og:locale\" content=\"fr_FR\" \/>\n<meta property=\"og:type\" content=\"article\" \/>\n<meta property=\"og:title\" content=\"Convoyeurs vibrants\" \/>\n<meta property=\"og:url\" content=\"https:\/\/vibrotech-eng.com\/fr\/convoyeurs-vibrants-mines\/\" \/>\n<meta property=\"og:site_name\" content=\"Vibrotech Engineering S.L\" \/>\n<meta property=\"article:modified_time\" content=\"2018-06-04T13:30:16+00:00\" \/>\n<meta property=\"og:image\" content=\"https:\/\/vibrotech-eng.com\/wp-content\/uploads\/2017\/09\/ver-pdf-4.png\" \/>\n<meta name=\"twitter:card\" content=\"summary_large_image\" \/>\n<meta name=\"twitter:label1\" content=\"Dur\u00e9e de lecture estim\u00e9e\" \/>\n\t<meta name=\"twitter:data1\" content=\"4 minutes\" \/>\n<script type=\"application\/ld+json\" class=\"yoast-schema-graph\">{\"@context\":\"https:\\\/\\\/schema.org\",\"@graph\":[{\"@type\":\"WebPage\",\"@id\":\"https:\\\/\\\/vibrotech-eng.com\\\/fr\\\/convoyeurs-vibrants-mines\\\/\",\"url\":\"https:\\\/\\\/vibrotech-eng.com\\\/fr\\\/convoyeurs-vibrants-mines\\\/\",\"name\":\"Convoyeurs vibrants - Vibrotech Engineering S.L\",\"isPartOf\":{\"@id\":\"https:\\\/\\\/vibrotech-eng.com\\\/fr\\\/#website\"},\"primaryImageOfPage\":{\"@id\":\"https:\\\/\\\/vibrotech-eng.com\\\/fr\\\/convoyeurs-vibrants-mines\\\/#primaryimage\"},\"image\":{\"@id\":\"https:\\\/\\\/vibrotech-eng.com\\\/fr\\\/convoyeurs-vibrants-mines\\\/#primaryimage\"},\"thumbnailUrl\":\"https:\\\/\\\/vibrotech-eng.com\\\/wp-content\\\/uploads\\\/2017\\\/09\\\/ver-pdf-4.png\",\"datePublished\":\"2017-12-28T10:56:37+00:00\",\"dateModified\":\"2018-06-04T13:30:16+00:00\",\"breadcrumb\":{\"@id\":\"https:\\\/\\\/vibrotech-eng.com\\\/fr\\\/convoyeurs-vibrants-mines\\\/#breadcrumb\"},\"inLanguage\":\"fr-FR\",\"potentialAction\":[{\"@type\":\"ReadAction\",\"target\":[\"https:\\\/\\\/vibrotech-eng.com\\\/fr\\\/convoyeurs-vibrants-mines\\\/\"]}]},{\"@type\":\"ImageObject\",\"inLanguage\":\"fr-FR\",\"@id\":\"https:\\\/\\\/vibrotech-eng.com\\\/fr\\\/convoyeurs-vibrants-mines\\\/#primaryimage\",\"url\":\"https:\\\/\\\/vibrotech-eng.com\\\/wp-content\\\/uploads\\\/2017\\\/09\\\/ver-pdf-4.png\",\"contentUrl\":\"https:\\\/\\\/vibrotech-eng.com\\\/wp-content\\\/uploads\\\/2017\\\/09\\\/ver-pdf-4.png\"},{\"@type\":\"BreadcrumbList\",\"@id\":\"https:\\\/\\\/vibrotech-eng.com\\\/fr\\\/convoyeurs-vibrants-mines\\\/#breadcrumb\",\"itemListElement\":[{\"@type\":\"ListItem\",\"position\":1,\"name\":\"Accueil\",\"item\":\"https:\\\/\\\/vibrotech-eng.com\\\/fr\\\/accueil\\\/\"},{\"@type\":\"ListItem\",\"position\":2,\"name\":\"Convoyeurs vibrants\"}]},{\"@type\":\"WebSite\",\"@id\":\"https:\\\/\\\/vibrotech-eng.com\\\/fr\\\/#website\",\"url\":\"https:\\\/\\\/vibrotech-eng.com\\\/fr\\\/\",\"name\":\"Vibrotech Engineering S.L\",\"description\":\"Empresa espa\u00f1ola que desarrolla su actividad principal en el dise\u00f1o y fabricaci\u00f3n de maquinaria vibrante\",\"potentialAction\":[{\"@type\":\"SearchAction\",\"target\":{\"@type\":\"EntryPoint\",\"urlTemplate\":\"https:\\\/\\\/vibrotech-eng.com\\\/fr\\\/?s={search_term_string}\"},\"query-input\":{\"@type\":\"PropertyValueSpecification\",\"valueRequired\":true,\"valueName\":\"search_term_string\"}}],\"inLanguage\":\"fr-FR\"}]}<\/script>\n<!-- \/ Yoast SEO Premium plugin. -->","yoast_head_json":{"title":"Convoyeurs vibrants - Vibrotech Engineering S.L","robots":{"index":"noindex","follow":"follow"},"og_locale":"fr_FR","og_type":"article","og_title":"Convoyeurs vibrants","og_url":"https:\/\/vibrotech-eng.com\/fr\/convoyeurs-vibrants-mines\/","og_site_name":"Vibrotech Engineering S.L","article_modified_time":"2018-06-04T13:30:16+00:00","og_image":[{"url":"https:\/\/vibrotech-eng.com\/wp-content\/uploads\/2017\/09\/ver-pdf-4.png","type":"","width":"","height":""}],"twitter_card":"summary_large_image","twitter_misc":{"Dur\u00e9e de lecture estim\u00e9e":"4 minutes"},"schema":{"@context":"https:\/\/schema.org","@graph":[{"@type":"WebPage","@id":"https:\/\/vibrotech-eng.com\/fr\/convoyeurs-vibrants-mines\/","url":"https:\/\/vibrotech-eng.com\/fr\/convoyeurs-vibrants-mines\/","name":"Convoyeurs vibrants - Vibrotech Engineering S.L","isPartOf":{"@id":"https:\/\/vibrotech-eng.com\/fr\/#website"},"primaryImageOfPage":{"@id":"https:\/\/vibrotech-eng.com\/fr\/convoyeurs-vibrants-mines\/#primaryimage"},"image":{"@id":"https:\/\/vibrotech-eng.com\/fr\/convoyeurs-vibrants-mines\/#primaryimage"},"thumbnailUrl":"https:\/\/vibrotech-eng.com\/wp-content\/uploads\/2017\/09\/ver-pdf-4.png","datePublished":"2017-12-28T10:56:37+00:00","dateModified":"2018-06-04T13:30:16+00:00","breadcrumb":{"@id":"https:\/\/vibrotech-eng.com\/fr\/convoyeurs-vibrants-mines\/#breadcrumb"},"inLanguage":"fr-FR","potentialAction":[{"@type":"ReadAction","target":["https:\/\/vibrotech-eng.com\/fr\/convoyeurs-vibrants-mines\/"]}]},{"@type":"ImageObject","inLanguage":"fr-FR","@id":"https:\/\/vibrotech-eng.com\/fr\/convoyeurs-vibrants-mines\/#primaryimage","url":"https:\/\/vibrotech-eng.com\/wp-content\/uploads\/2017\/09\/ver-pdf-4.png","contentUrl":"https:\/\/vibrotech-eng.com\/wp-content\/uploads\/2017\/09\/ver-pdf-4.png"},{"@type":"BreadcrumbList","@id":"https:\/\/vibrotech-eng.com\/fr\/convoyeurs-vibrants-mines\/#breadcrumb","itemListElement":[{"@type":"ListItem","position":1,"name":"Accueil","item":"https:\/\/vibrotech-eng.com\/fr\/accueil\/"},{"@type":"ListItem","position":2,"name":"Convoyeurs vibrants"}]},{"@type":"WebSite","@id":"https:\/\/vibrotech-eng.com\/fr\/#website","url":"https:\/\/vibrotech-eng.com\/fr\/","name":"Vibrotech Engineering S.L","description":"Empresa espa\u00f1ola que desarrolla su actividad principal en el dise\u00f1o y fabricaci\u00f3n de maquinaria vibrante","potentialAction":[{"@type":"SearchAction","target":{"@type":"EntryPoint","urlTemplate":"https:\/\/vibrotech-eng.com\/fr\/?s={search_term_string}"},"query-input":{"@type":"PropertyValueSpecification","valueRequired":true,"valueName":"search_term_string"}}],"inLanguage":"fr-FR"}]}},"_links":{"self":[{"href":"https:\/\/vibrotech-eng.com\/fr\/wp-json\/wp\/v2\/pages\/2378","targetHints":{"allow":["GET"]}}],"collection":[{"href":"https:\/\/vibrotech-eng.com\/fr\/wp-json\/wp\/v2\/pages"}],"about":[{"href":"https:\/\/vibrotech-eng.com\/fr\/wp-json\/wp\/v2\/types\/page"}],"author":[{"embeddable":true,"href":"https:\/\/vibrotech-eng.com\/fr\/wp-json\/wp\/v2\/users\/2"}],"replies":[{"embeddable":true,"href":"https:\/\/vibrotech-eng.com\/fr\/wp-json\/wp\/v2\/comments?post=2378"}],"version-history":[{"count":0,"href":"https:\/\/vibrotech-eng.com\/fr\/wp-json\/wp\/v2\/pages\/2378\/revisions"}],"wp:attachment":[{"href":"https:\/\/vibrotech-eng.com\/fr\/wp-json\/wp\/v2\/media?parent=2378"}],"curies":[{"name":"wp","href":"https:\/\/api.w.org\/{rel}","templated":true}]}}