{"id":2326,"date":"2017-09-25T12:20:40","date_gmt":"2017-09-25T10:20:40","guid":{"rendered":"http:\/\/vibrotech-eng.com.mialias.net\/enfriadores-de-arena-de-lecho-fluido\/"},"modified":"2022-07-26T16:17:15","modified_gmt":"2022-07-26T14:17:15","slug":"refroidisseur-du-sable-vert","status":"publish","type":"page","link":"https:\/\/vibrotech-eng.com\/fr\/refroidisseur-du-sable-vert\/","title":{"rendered":"Refroidisseur du sable vert"},"content":{"rendered":"<div id='av_section_1'  class='avia-section av-2l4vye-f0254d3e2bcc1a65f42043c43edc683b main_color avia-section-default avia-no-border-styling  avia-builder-el-0  avia-builder-el-no-sibling  avia-bg-style-scroll container_wrap sidebar_right'  ><div class='container av-section-cont-open' ><main  role=\"main\" itemprop=\"mainContentOfPage\"  class='template-page content  av-content-small alpha units'><div class='post-entry post-entry-type-page post-entry-2326'><div class='entry-content-wrapper clearfix'>\n<section  class='av_textblock_section av-opfq4m-d54cab9bb77638b0119ead0b4ccdc0e1 '   itemscope=\"itemscope\" itemtype=\"https:\/\/schema.org\/CreativeWork\" ><div class='avia_textblock'  itemprop=\"text\" ><h1 style=\"text-align: center;\">Refroidisseur du sable vert<\/h1>\n<\/div><\/section>\n\n<style type=\"text\/css\" data-created_by=\"avia_inline_auto\" id=\"style-css-av-m67h3q-865f662adf324a764c544b14aa62cecf\">\n#top .hr.hr-invisible.av-m67h3q-865f662adf324a764c544b14aa62cecf{\nheight:50px;\n}\n<\/style>\n<div  class='hr av-m67h3q-865f662adf324a764c544b14aa62cecf hr-invisible  avia-builder-el-2  el_after_av_textblock  el_before_av_one_third '><span class='hr-inner '><span class=\"hr-inner-style\"><\/span><\/span><\/div>\n\n<style type=\"text\/css\" data-created_by=\"avia_inline_auto\" id=\"style-css-av-krcew6-3ee138c62f6eac039f2f0f4824bbc900\">\n.flex_column.av-krcew6-3ee138c62f6eac039f2f0f4824bbc900{\nborder-radius:0px 0px 0px 0px;\npadding:0px 0px 0px 0px;\n}\n<\/style>\n<div  class='flex_column av-krcew6-3ee138c62f6eac039f2f0f4824bbc900 av_one_third  avia-builder-el-3  el_after_av_hr  el_before_av_one_third  first flex_column_div av-zero-column-padding  '     ><section  class='av_textblock_section av-jbyx3q-c5538b205f4f6df90bc0a2d33eda946a '   itemscope=\"itemscope\" itemtype=\"https:\/\/schema.org\/CreativeWork\" ><div class='avia_textblock'  itemprop=\"text\" ><p>L&rsquo;objectif d&rsquo;une installation de fonderie de sable vert peut \u00eatre r\u00e9sum\u00e9 dans les aspects suivants:<\/p>\n<ul>\n<li>R\u00e9duire la temp\u00e9rature du sable.<\/li>\n<li>R\u00e9gler le niveau d&rsquo;humidit\u00e9 du sable \u00e0 la sortie de fa\u00e7on homog\u00e8ne.<\/li>\n<li>S\u00e9parer les fins du sable en deux types (fin grossier par cyclone et impalpable par filtre de manchons) \u00e0 la choix du client la r\u00e9incorporation ult\u00e9rieure au processus.<\/li>\n<li>Augmenter le degr\u00e9 de \u00ab\u00a0spongiosit\u00e9 du sable\u00a0\u00bb.<\/li>\n<\/ul>\n<p>De cette fa\u00e7on le sable acquiert des conditions appropri\u00e9es pour \u00eatre r\u00e9utilis\u00e9e dans l&rsquo;am\u00e9lioration de la qualit\u00e9 des pi\u00e8ces, ce qui r\u00e9duit le nombre de d\u00e9fauts qu&rsquo;elles contiennent.<\/p>\n<p>Une installation de conditionnement de sable est compos\u00e9e de ces \u00e9l\u00e9ments:<\/p>\n<p>\u00c9l\u00e9ments de l&rsquo;installation<\/p>\n<\/div><\/section><\/div>\n<style type=\"text\/css\" data-created_by=\"avia_inline_auto\" id=\"style-css-av-ho9cue-2794e66cfdb76f3d5ca910ad2d2b94c4\">\n.flex_column.av-ho9cue-2794e66cfdb76f3d5ca910ad2d2b94c4{\nborder-radius:0px 0px 0px 0px;\npadding:0px 0px 0px 0px;\n}\n<\/style>\n<div  class='flex_column av-ho9cue-2794e66cfdb76f3d5ca910ad2d2b94c4 av_one_third  avia-builder-el-5  el_after_av_one_third  el_before_av_one_third  flex_column_div av-zero-column-padding  '     ><section  class='av_textblock_section av-f5nm06-b51f77347b514d267df72d8ee0788356 '   itemscope=\"itemscope\" itemtype=\"https:\/\/schema.org\/CreativeWork\" ><div class='avia_textblock'  itemprop=\"text\" ><p>Le refroidisseur est compos\u00e9 des \u00e9l\u00e9ments suivants:<\/p>\n<ul>\n<li>Fermeture d&rsquo;aspiration.<\/li>\n<li>Syst\u00e8me d&rsquo;addition d&rsquo;eau.<\/li>\n<li>Joint flexible entre les parties fixes et mobiles.<\/li>\n<li>\u00e9l\u00e9ment vibrant avec ses propres enclenchements<\/li>\n<\/ul>\n<p>L&rsquo;installation dispose d&rsquo;un panneau de contr\u00f4le et d&rsquo;une armoire pour d\u00e9marrer et arr\u00eater tous les \u00e9l\u00e9ments avec leurs verrouillages respectifs ainsi que pour contr\u00f4ler l&rsquo;ajout d&rsquo;eau dans l&rsquo;\u00e9quipement.<\/p>\n<\/div><\/section><\/div>\n<style type=\"text\/css\" data-created_by=\"avia_inline_auto\" id=\"style-css-av-dl07sm-6867738b777f4ba49ee13702aba985c0\">\n.flex_column.av-dl07sm-6867738b777f4ba49ee13702aba985c0{\nborder-radius:0px 0px 0px 0px;\npadding:0px 0px 0px 0px;\n}\n<\/style>\n<div  class='flex_column av-dl07sm-6867738b777f4ba49ee13702aba985c0 av_one_third  avia-builder-el-7  el_after_av_one_third  el_before_av_one_half  flex_column_div av-zero-column-padding  '     ><section  class='av_textblock_section av-d445d2-2212b048f1b0838c87a5b9ed7cc91be4 '   itemscope=\"itemscope\" itemtype=\"https:\/\/schema.org\/CreativeWork\" ><div class='avia_textblock'  itemprop=\"text\" ><p>Ad\u00e9quat \u00a0au conditionnement du retour du sable dans les proc\u00e9d\u00e9s de moulage en vert.<\/p>\n<ul>\n<li>Refroidissement de 120\u00ba C jusqu&rsquo;\u00e0 40\u00ba C environ.<\/li>\n<li>Humidit\u00e9 \u00e0 la sortie de 1,5% env.<\/li>\n<li>Diff\u00e9rents syst\u00e8mes d&rsquo;entra\u00eenement sur les \u00e9quipements vibrants tels que les vibrateurs, les r\u00e9ducteurs ou les dispositifs \u00e0 fr\u00e9quence naturelle.<\/li>\n<li>Syst\u00e8me de criblage pour la s\u00e9paration des particules avant l&rsquo;entr\u00e9e du refroidisseur.<\/li>\n<li>S\u00e9rie standard<\/li>\n<\/ul>\n<\/div><\/section><\/div>\n<style type=\"text\/css\" data-created_by=\"avia_inline_auto\" id=\"style-css-av-a4xp1i-cc3fcd252b8a34ebcb30bd83d9e54350\">\n.flex_column.av-a4xp1i-cc3fcd252b8a34ebcb30bd83d9e54350{\nborder-radius:0px 0px 0px 0px;\npadding:0px 0px 0px 0px;\n}\n<\/style>\n<div  class='flex_column av-a4xp1i-cc3fcd252b8a34ebcb30bd83d9e54350 av_one_half  avia-builder-el-9  el_after_av_one_third  el_before_av_one_half  first flex_column_div av-zero-column-padding  column-top-margin'     ><style type=\"text\/css\" data-created_by=\"avia_inline_auto\" id=\"style-css-av-9td8ra-fe5bd9a7fcdb5b28648606b2a36a6618\">\n.avia-image-container.av-9td8ra-fe5bd9a7fcdb5b28648606b2a36a6618 img.avia_image{\nbox-shadow:none;\n}\n.avia-image-container.av-9td8ra-fe5bd9a7fcdb5b28648606b2a36a6618 .av-image-caption-overlay-center{\ncolor:#ffffff;\n}\n<\/style>\n<div  class='avia-image-container av-9td8ra-fe5bd9a7fcdb5b28648606b2a36a6618 av-styling- avia-align-center  avia-builder-el-10  avia-builder-el-no-sibling '   itemprop=\"image\" itemscope=\"itemscope\" itemtype=\"https:\/\/schema.org\/ImageObject\" ><div class=\"avia-image-container-inner\"><div class=\"avia-image-overlay-wrap\"><img decoding=\"async\" fetchpriority=\"high\" class='wp-image-1921 avia-img-lazy-loading-not-1921 avia_image ' src=\"https:\/\/vibrotech-eng.com\/wp-content\/uploads\/2017\/12\/instalacion-de-arena-1030x576.png\" alt='' title='instalacion-de-arena'  height=\"576\" width=\"1030\"  itemprop=\"thumbnailUrl\" srcset=\"https:\/\/vibrotech-eng.com\/wp-content\/uploads\/2017\/12\/instalacion-de-arena-1030x576.png 1030w, https:\/\/vibrotech-eng.com\/wp-content\/uploads\/2017\/12\/instalacion-de-arena-300x168.png 300w, https:\/\/vibrotech-eng.com\/wp-content\/uploads\/2017\/12\/instalacion-de-arena-768x429.png 768w, https:\/\/vibrotech-eng.com\/wp-content\/uploads\/2017\/12\/instalacion-de-arena-705x394.png 705w, https:\/\/vibrotech-eng.com\/wp-content\/uploads\/2017\/12\/instalacion-de-arena-450x252.png 450w, https:\/\/vibrotech-eng.com\/wp-content\/uploads\/2017\/12\/instalacion-de-arena.png 1195w\" sizes=\"(max-width: 1030px) 100vw, 1030px\" \/><\/div><\/div><\/div><\/div>\n<style type=\"text\/css\" data-created_by=\"avia_inline_auto\" id=\"style-css-av-7ags46-c2a986fbb2db1775365090e1f552f46a\">\n.flex_column.av-7ags46-c2a986fbb2db1775365090e1f552f46a{\nborder-radius:0px 0px 0px 0px;\npadding:0px 0px 0px 0px;\n}\n<\/style>\n<div  class='flex_column av-7ags46-c2a986fbb2db1775365090e1f552f46a av_one_half  avia-builder-el-11  el_after_av_one_half  el_before_av_hr  flex_column_div av-zero-column-padding  column-top-margin'     ><section  class='av_textblock_section av-6kvcti-a73fa07b3b70251fa6f5d2784ffbecf8 '   itemscope=\"itemscope\" itemtype=\"https:\/\/schema.org\/CreativeWork\" ><div class='avia_textblock'  itemprop=\"text\" ><h2>\u00c9l\u00e9ments de l&rsquo;installation<\/h2>\n<p>Une installation de conditionnement de sable est compos\u00e9e de ces \u00e9l\u00e9ments:<\/p>\n<ol>\n<li>Refroidisseur de sable<\/li>\n<li>Silo de sable<\/li>\n<li>Ventilateur d&rsquo;impulsion de sable de l&rsquo;air ambiant<\/li>\n<li>Cyclone de r\u00e9cup\u00e9ration de fines<\/li>\n<li>Tube flexible<\/li>\n<li>Canaux pour interconnecter les diff\u00e9rents \u00e9l\u00e9ments<\/li>\n<li>Vannes alv\u00e9olaires<\/li>\n<li>Ventilateur d&rsquo;aspiration de l&rsquo;air de processus<\/li>\n<li>Filtre \u00e0 manches<\/li>\n<li>Bo\u00eete de s\u00e9quenceur des electro-valves<\/li>\n<\/ol>\n<\/div><\/section><\/div>\n<style type=\"text\/css\" data-created_by=\"avia_inline_auto\" id=\"style-css-av-439m9y-03cc661efae6f6551ca3d6669b2e3f03\">\n#top .hr.hr-invisible.av-439m9y-03cc661efae6f6551ca3d6669b2e3f03{\nheight:50px;\n}\n<\/style>\n<div  class='hr av-439m9y-03cc661efae6f6551ca3d6669b2e3f03 hr-invisible  avia-builder-el-13  el_after_av_one_half  el_before_av_masonry_gallery  avia-builder-el-last '><span class='hr-inner '><span class=\"hr-inner-style\"><\/span><\/span><\/div>\n<div id='av-masonry-1' class='av-masonry av-2rf83q-028622b378368206a61126e4cb862e56 noHover av-fixed-size av-large-gap av-hover-overlay-active av-masonry-animation-active av-masonry-col-4 av-caption-always av-caption-style- av-masonry-gallery ' data-post_id=\"2326\"><div class=\"av-masonry-container isotope av-js-disabled\"><div class='av-masonry-entry isotope-item av-masonry-item-no-image '><\/div><a href=\"https:\/\/vibrotech-eng.com\/wp-content\/uploads\/2022\/06\/ENFRIADORARENA-1.jpg\" data-srcset=\"https:\/\/vibrotech-eng.com\/wp-content\/uploads\/2022\/06\/ENFRIADORARENA-1.jpg 807w, https:\/\/vibrotech-eng.com\/wp-content\/uploads\/2022\/06\/ENFRIADORARENA-1-300x222.jpg 300w, https:\/\/vibrotech-eng.com\/wp-content\/uploads\/2022\/06\/ENFRIADORARENA-1-768x568.jpg 768w, https:\/\/vibrotech-eng.com\/wp-content\/uploads\/2022\/06\/ENFRIADORARENA-1-705x522.jpg 705w\" data-sizes=\"(max-width: 807px) 100vw, 807px\"  aria-label=\"image ENFRIADORARENA-1\"  id='av-masonry-1-item-8786' data-av-masonry-item='8786' class='av-masonry-entry isotope-item post-8786 attachment type-attachment status-inherit hentry  av-masonry-item-with-image' title=\"ENFRIADORARENA-1\" alt=\"\"    itemprop=\"thumbnailUrl\" ><div class='av-inner-masonry-sizer'><\/div><figure class='av-inner-masonry main_color'><div class=\"av-masonry-outerimage-container\"><div class='av-masonry-image-container' style=\"background-image: url(https:\/\/vibrotech-eng.com\/wp-content\/uploads\/2022\/06\/ENFRIADORARENA-1-705x522.jpg);\"  title=\"ENFRIADORARENA-1\"  ><\/div><\/div><\/figure><\/a><!--end av-masonry entry--><a href=\"https:\/\/vibrotech-eng.com\/wp-content\/uploads\/2022\/06\/ENFRIADORARENA-2.jpg\" data-srcset=\"https:\/\/vibrotech-eng.com\/wp-content\/uploads\/2022\/06\/ENFRIADORARENA-2.jpg 817w, https:\/\/vibrotech-eng.com\/wp-content\/uploads\/2022\/06\/ENFRIADORARENA-2-300x221.jpg 300w, https:\/\/vibrotech-eng.com\/wp-content\/uploads\/2022\/06\/ENFRIADORARENA-2-768x566.jpg 768w, https:\/\/vibrotech-eng.com\/wp-content\/uploads\/2022\/06\/ENFRIADORARENA-2-705x519.jpg 705w\" data-sizes=\"(max-width: 817px) 100vw, 817px\"  aria-label=\"image ENFRIADORARENA-2\"  id='av-masonry-1-item-8790' data-av-masonry-item='8790' class='av-masonry-entry isotope-item post-8790 attachment type-attachment status-inherit hentry  av-masonry-item-with-image' title=\"ENFRIADORARENA-2\" alt=\"\"    itemprop=\"thumbnailUrl\" ><div class='av-inner-masonry-sizer'><\/div><figure class='av-inner-masonry main_color'><div class=\"av-masonry-outerimage-container\"><div class='av-masonry-image-container' style=\"background-image: url(https:\/\/vibrotech-eng.com\/wp-content\/uploads\/2022\/06\/ENFRIADORARENA-2-705x519.jpg);\"  title=\"ENFRIADORARENA-2\"  ><\/div><\/div><\/figure><\/a><!--end av-masonry entry--><a href=\"https:\/\/vibrotech-eng.com\/wp-content\/uploads\/2022\/07\/SDC-FOTO-1-1030x773.jpg\" data-srcset=\"https:\/\/vibrotech-eng.com\/wp-content\/uploads\/2022\/07\/SDC-FOTO-1-1030x773.jpg 1030w, https:\/\/vibrotech-eng.com\/wp-content\/uploads\/2022\/07\/SDC-FOTO-1-300x225.jpg 300w, https:\/\/vibrotech-eng.com\/wp-content\/uploads\/2022\/07\/SDC-FOTO-1-768x576.jpg 768w, https:\/\/vibrotech-eng.com\/wp-content\/uploads\/2022\/07\/SDC-FOTO-1-1536x1152.jpg 1536w, https:\/\/vibrotech-eng.com\/wp-content\/uploads\/2022\/07\/SDC-FOTO-1-2048x1536.jpg 2048w, https:\/\/vibrotech-eng.com\/wp-content\/uploads\/2022\/07\/SDC-FOTO-1-1500x1125.jpg 1500w, https:\/\/vibrotech-eng.com\/wp-content\/uploads\/2022\/07\/SDC-FOTO-1-705x529.jpg 705w\" data-sizes=\"(max-width: 1030px) 100vw, 1030px\"  aria-label=\"image SDC FOTO 1\"  id='av-masonry-1-item-8895' data-av-masonry-item='8895' class='av-masonry-entry isotope-item post-8895 attachment type-attachment status-inherit hentry  av-masonry-item-with-image' title=\"SDC FOTO 1\" alt=\"\"    itemprop=\"thumbnailUrl\" ><div class='av-inner-masonry-sizer'><\/div><figure class='av-inner-masonry main_color'><div class=\"av-masonry-outerimage-container\"><div class='av-masonry-image-container' style=\"background-image: url(https:\/\/vibrotech-eng.com\/wp-content\/uploads\/2022\/07\/SDC-FOTO-1-705x529.jpg);\"  title=\"SDC FOTO 1\"  ><\/div><\/div><\/figure><\/a><!--end av-masonry entry--><\/div><\/div>\n<\/div><\/div><\/main><!-- close content main element --><\/div><\/div><div id='after_section_1'  class='main_color av_default_container_wrap container_wrap sidebar_right'  ><div class='container av-section-cont-open' ><div class='template-page content  av-content-small alpha units'><div class='post-entry post-entry-type-page post-entry-2326'><div class='entry-content-wrapper clearfix'>\n","protected":false},"excerpt":{"rendered":"","protected":false},"author":2,"featured_media":0,"parent":0,"menu_order":0,"comment_status":"closed","ping_status":"closed","template":"","meta":{"footnotes":""},"class_list":["post-2326","page","type-page","status-publish","hentry"],"yoast_head":"<!-- This site is optimized with the Yoast SEO Premium plugin v20.3 (Yoast SEO v27.5) - https:\/\/yoast.com\/product\/yoast-seo-premium-wordpress\/ -->\n<title>Refroidisseur du sable vert - Vibrotech Engineering S.L<\/title>\n<meta name=\"robots\" content=\"index, follow, max-snippet:-1, max-image-preview:large, max-video-preview:-1\" \/>\n<link rel=\"canonical\" href=\"https:\/\/vibrotech-eng.com\/fr\/refroidisseur-du-sable-vert\/\" \/>\n<meta property=\"og:locale\" content=\"fr_FR\" \/>\n<meta property=\"og:type\" content=\"article\" \/>\n<meta property=\"og:title\" content=\"Refroidisseur du sable vert\" \/>\n<meta property=\"og:url\" content=\"https:\/\/vibrotech-eng.com\/fr\/refroidisseur-du-sable-vert\/\" \/>\n<meta property=\"og:site_name\" content=\"Vibrotech Engineering S.L\" \/>\n<meta property=\"article:modified_time\" content=\"2022-07-26T14:17:15+00:00\" \/>\n<meta name=\"twitter:card\" content=\"summary_large_image\" \/>\n<meta name=\"twitter:label1\" content=\"Dur\u00e9e de lecture estim\u00e9e\" \/>\n\t<meta name=\"twitter:data1\" content=\"5 minutes\" \/>\n<script type=\"application\/ld+json\" class=\"yoast-schema-graph\">{\"@context\":\"https:\\\/\\\/schema.org\",\"@graph\":[{\"@type\":\"WebPage\",\"@id\":\"https:\\\/\\\/vibrotech-eng.com\\\/fr\\\/refroidisseur-du-sable-vert\\\/\",\"url\":\"https:\\\/\\\/vibrotech-eng.com\\\/fr\\\/refroidisseur-du-sable-vert\\\/\",\"name\":\"Refroidisseur du sable vert - Vibrotech Engineering S.L\",\"isPartOf\":{\"@id\":\"https:\\\/\\\/vibrotech-eng.com\\\/fr\\\/#website\"},\"datePublished\":\"2017-09-25T10:20:40+00:00\",\"dateModified\":\"2022-07-26T14:17:15+00:00\",\"breadcrumb\":{\"@id\":\"https:\\\/\\\/vibrotech-eng.com\\\/fr\\\/refroidisseur-du-sable-vert\\\/#breadcrumb\"},\"inLanguage\":\"fr-FR\",\"potentialAction\":[{\"@type\":\"ReadAction\",\"target\":[\"https:\\\/\\\/vibrotech-eng.com\\\/fr\\\/refroidisseur-du-sable-vert\\\/\"]}]},{\"@type\":\"BreadcrumbList\",\"@id\":\"https:\\\/\\\/vibrotech-eng.com\\\/fr\\\/refroidisseur-du-sable-vert\\\/#breadcrumb\",\"itemListElement\":[{\"@type\":\"ListItem\",\"position\":1,\"name\":\"Accueil\",\"item\":\"https:\\\/\\\/vibrotech-eng.com\\\/fr\\\/accueil\\\/\"},{\"@type\":\"ListItem\",\"position\":2,\"name\":\"Refroidisseur du sable vert\"}]},{\"@type\":\"WebSite\",\"@id\":\"https:\\\/\\\/vibrotech-eng.com\\\/fr\\\/#website\",\"url\":\"https:\\\/\\\/vibrotech-eng.com\\\/fr\\\/\",\"name\":\"Vibrotech Engineering S.L\",\"description\":\"Empresa espa\u00f1ola que desarrolla su actividad principal en el dise\u00f1o y fabricaci\u00f3n de maquinaria vibrante\",\"potentialAction\":[{\"@type\":\"SearchAction\",\"target\":{\"@type\":\"EntryPoint\",\"urlTemplate\":\"https:\\\/\\\/vibrotech-eng.com\\\/fr\\\/?s={search_term_string}\"},\"query-input\":{\"@type\":\"PropertyValueSpecification\",\"valueRequired\":true,\"valueName\":\"search_term_string\"}}],\"inLanguage\":\"fr-FR\"}]}<\/script>\n<!-- \/ Yoast SEO Premium plugin. -->","yoast_head_json":{"title":"Refroidisseur du sable vert - Vibrotech Engineering S.L","robots":{"index":"index","follow":"follow","max-snippet":"max-snippet:-1","max-image-preview":"max-image-preview:large","max-video-preview":"max-video-preview:-1"},"canonical":"https:\/\/vibrotech-eng.com\/fr\/refroidisseur-du-sable-vert\/","og_locale":"fr_FR","og_type":"article","og_title":"Refroidisseur du sable vert","og_url":"https:\/\/vibrotech-eng.com\/fr\/refroidisseur-du-sable-vert\/","og_site_name":"Vibrotech Engineering S.L","article_modified_time":"2022-07-26T14:17:15+00:00","twitter_card":"summary_large_image","twitter_misc":{"Dur\u00e9e de lecture estim\u00e9e":"5 minutes"},"schema":{"@context":"https:\/\/schema.org","@graph":[{"@type":"WebPage","@id":"https:\/\/vibrotech-eng.com\/fr\/refroidisseur-du-sable-vert\/","url":"https:\/\/vibrotech-eng.com\/fr\/refroidisseur-du-sable-vert\/","name":"Refroidisseur du sable vert - Vibrotech Engineering S.L","isPartOf":{"@id":"https:\/\/vibrotech-eng.com\/fr\/#website"},"datePublished":"2017-09-25T10:20:40+00:00","dateModified":"2022-07-26T14:17:15+00:00","breadcrumb":{"@id":"https:\/\/vibrotech-eng.com\/fr\/refroidisseur-du-sable-vert\/#breadcrumb"},"inLanguage":"fr-FR","potentialAction":[{"@type":"ReadAction","target":["https:\/\/vibrotech-eng.com\/fr\/refroidisseur-du-sable-vert\/"]}]},{"@type":"BreadcrumbList","@id":"https:\/\/vibrotech-eng.com\/fr\/refroidisseur-du-sable-vert\/#breadcrumb","itemListElement":[{"@type":"ListItem","position":1,"name":"Accueil","item":"https:\/\/vibrotech-eng.com\/fr\/accueil\/"},{"@type":"ListItem","position":2,"name":"Refroidisseur du sable vert"}]},{"@type":"WebSite","@id":"https:\/\/vibrotech-eng.com\/fr\/#website","url":"https:\/\/vibrotech-eng.com\/fr\/","name":"Vibrotech Engineering S.L","description":"Empresa espa\u00f1ola que desarrolla su actividad principal en el dise\u00f1o y fabricaci\u00f3n de maquinaria vibrante","potentialAction":[{"@type":"SearchAction","target":{"@type":"EntryPoint","urlTemplate":"https:\/\/vibrotech-eng.com\/fr\/?s={search_term_string}"},"query-input":{"@type":"PropertyValueSpecification","valueRequired":true,"valueName":"search_term_string"}}],"inLanguage":"fr-FR"}]}},"_links":{"self":[{"href":"https:\/\/vibrotech-eng.com\/fr\/wp-json\/wp\/v2\/pages\/2326","targetHints":{"allow":["GET"]}}],"collection":[{"href":"https:\/\/vibrotech-eng.com\/fr\/wp-json\/wp\/v2\/pages"}],"about":[{"href":"https:\/\/vibrotech-eng.com\/fr\/wp-json\/wp\/v2\/types\/page"}],"author":[{"embeddable":true,"href":"https:\/\/vibrotech-eng.com\/fr\/wp-json\/wp\/v2\/users\/2"}],"replies":[{"embeddable":true,"href":"https:\/\/vibrotech-eng.com\/fr\/wp-json\/wp\/v2\/comments?post=2326"}],"version-history":[{"count":0,"href":"https:\/\/vibrotech-eng.com\/fr\/wp-json\/wp\/v2\/pages\/2326\/revisions"}],"wp:attachment":[{"href":"https:\/\/vibrotech-eng.com\/fr\/wp-json\/wp\/v2\/media?parent=2326"}],"curies":[{"name":"wp","href":"https:\/\/api.w.org\/{rel}","templated":true}]}}