{"id":2311,"date":"2017-09-25T12:19:14","date_gmt":"2017-09-25T10:19:14","guid":{"rendered":"http:\/\/vibrotech-eng.com.mialias.net\/desmoldeadores-en-continuo\/"},"modified":"2023-05-04T08:25:49","modified_gmt":"2023-05-04T06:25:49","slug":"shake-out-en-continu","status":"publish","type":"page","link":"https:\/\/vibrotech-eng.com\/fr\/shake-out-en-continu\/","title":{"rendered":"Shake out en continu"},"content":{"rendered":"<div id='av_section_1'  class='avia-section av-1d8lif-bc0a3bac29eb9925b6656c54afae9c1d main_color avia-section-default avia-no-border-styling  avia-builder-el-0  avia-builder-el-no-sibling  avia-bg-style-scroll container_wrap sidebar_right'  ><div class='container av-section-cont-open' ><main  role=\"main\" itemprop=\"mainContentOfPage\"  class='template-page content  av-content-small alpha units'><div class='post-entry post-entry-type-page post-entry-2311'><div class='entry-content-wrapper clearfix'>\n<section  class='av_textblock_section av-c6rvh3-695c2804c3a6d91aeb42bfcaea9b7456 '   itemscope=\"itemscope\" itemtype=\"https:\/\/schema.org\/CreativeWork\" ><div class='avia_textblock'  itemprop=\"text\" ><h1 style=\"text-align: center;\">Shake out en continu<\/h1>\n<\/div><\/section>\n\n<style type=\"text\/css\" data-created_by=\"avia_inline_auto\" id=\"style-css-av-aj40xz-43104d51804d8fa67e37cefdc44aea14\">\n#top .hr.hr-invisible.av-aj40xz-43104d51804d8fa67e37cefdc44aea14{\nheight:50px;\n}\n<\/style>\n<div  class='hr av-aj40xz-43104d51804d8fa67e37cefdc44aea14 hr-invisible  avia-builder-el-2  el_after_av_textblock  el_before_av_one_half '><span class='hr-inner '><span class=\"hr-inner-style\"><\/span><\/span><\/div>\n\n<style type=\"text\/css\" data-created_by=\"avia_inline_auto\" id=\"style-css-av-95m1pj-567b6024239d907fc31bfa40dde1c603\">\n.flex_column.av-95m1pj-567b6024239d907fc31bfa40dde1c603{\nborder-radius:0px 0px 0px 0px;\npadding:0px 0px 0px 0px;\n}\n<\/style>\n<div  class='flex_column av-95m1pj-567b6024239d907fc31bfa40dde1c603 av_one_half  avia-builder-el-3  el_after_av_hr  el_before_av_one_half  first flex_column_div av-zero-column-padding  '     ><section  class='av_textblock_section av-773gtj-ee5e3cef2458a78c8bf8f2bbfed08a5f '   itemscope=\"itemscope\" itemtype=\"https:\/\/schema.org\/CreativeWork\" ><div class='avia_textblock'  itemprop=\"text\" ><ul>\n<li>Appropri\u00e9es aux lignes automatiques verticales et horizontales de moulage.<\/li>\n<li>Actionnements \u00e9lectrom\u00e9caniques et actionneurs de bo\u00eetes \u00e0 engrenages pour grands d\u00e9bits.<\/li>\n<\/ul>\n<\/div><\/section><\/div>\n<style type=\"text\/css\" data-created_by=\"avia_inline_auto\" id=\"style-css-av-jyhzb-34be14826f4c279b9579756b92c1f8ac\">\n.flex_column.av-jyhzb-34be14826f4c279b9579756b92c1f8ac{\nborder-radius:0px 0px 0px 0px;\npadding:0px 0px 0px 0px;\n}\n<\/style>\n<div  class='flex_column av-jyhzb-34be14826f4c279b9579756b92c1f8ac av_one_half  avia-builder-el-5  el_after_av_one_half  el_before_av_hr  flex_column_div av-zero-column-padding  '     ><section  class='av_textblock_section av-47xnnb-02f2d06d5d224cd985be82447143830b '   itemscope=\"itemscope\" itemtype=\"https:\/\/schema.org\/CreativeWork\" ><div class='avia_textblock'  itemprop=\"text\" ><ul>\n<li>Ce type de machines permet de s\u2019adapter \u00e0\u00a0diff\u00e9rentes grilles et\/ou plaque t\u00f4le perfor\u00e9e.<\/li>\n<li>Dimensions vari\u00e9es<\/li>\n<\/ul>\n<\/div><\/section><\/div>\n<style type=\"text\/css\" data-created_by=\"avia_inline_auto\" id=\"style-css-av-2ge293-48412dc7b2b6ebbb3a939c3a687f6c35\">\n#top .hr.hr-invisible.av-2ge293-48412dc7b2b6ebbb3a939c3a687f6c35{\nheight:20px;\n}\n<\/style>\n<div  class='hr av-2ge293-48412dc7b2b6ebbb3a939c3a687f6c35 hr-invisible  avia-builder-el-7  el_after_av_one_half  el_before_av_masonry_gallery  avia-builder-el-last '><span class='hr-inner '><span class=\"hr-inner-style\"><\/span><\/span><\/div>\n<div id='av-masonry-1' class='av-masonry av-khxffn90-837b7cd30fa7fac37985e975273cd2e5 noHover av-fixed-size av-large-gap av-hover-overlay- av-masonry-animation-active av-masonry-col-4 av-caption-always av-caption-style- av-masonry-gallery ' data-post_id=\"2311\"><div class=\"av-masonry-container isotope av-js-disabled\"><div class='av-masonry-entry isotope-item av-masonry-item-no-image '><\/div><a href=\"https:\/\/vibrotech-eng.com\/wp-content\/uploads\/2017\/12\/DESMOLDEADORES-EN-CONTINUO.jpg\" data-srcset=\"https:\/\/vibrotech-eng.com\/wp-content\/uploads\/2017\/12\/DESMOLDEADORES-EN-CONTINUO.jpg 800w, https:\/\/vibrotech-eng.com\/wp-content\/uploads\/2017\/12\/DESMOLDEADORES-EN-CONTINUO-300x225.jpg 300w, https:\/\/vibrotech-eng.com\/wp-content\/uploads\/2017\/12\/DESMOLDEADORES-EN-CONTINUO-768x576.jpg 768w, https:\/\/vibrotech-eng.com\/wp-content\/uploads\/2017\/12\/DESMOLDEADORES-EN-CONTINUO-705x529.jpg 705w, https:\/\/vibrotech-eng.com\/wp-content\/uploads\/2017\/12\/DESMOLDEADORES-EN-CONTINUO-450x338.jpg 450w\" data-sizes=\"(max-width: 800px) 100vw, 800px\"  aria-label=\"image DESMOLDEADORES-EN-CONTINUO\"  id='av-masonry-1-item-1875' data-av-masonry-item='1875' class='av-masonry-entry isotope-item post-1875 attachment type-attachment status-inherit hentry  av-masonry-item-with-image' title=\"DESMOLDEADORES-EN-CONTINUO\" alt=\"\"    itemprop=\"thumbnailUrl\" ><div class='av-inner-masonry-sizer'><\/div><figure class='av-inner-masonry main_color'><div class=\"av-masonry-outerimage-container\"><div class='av-masonry-image-container' style=\"background-image: url(https:\/\/vibrotech-eng.com\/wp-content\/uploads\/2017\/12\/DESMOLDEADORES-EN-CONTINUO-705x529.jpg);\"  title=\"DESMOLDEADORES-EN-CONTINUO\"  ><\/div><\/div><\/figure><\/a><!--end av-masonry entry--><a href=\"https:\/\/vibrotech-eng.com\/wp-content\/uploads\/2022\/06\/SHAKE-OUT.jpg\" data-srcset=\"https:\/\/vibrotech-eng.com\/wp-content\/uploads\/2022\/06\/SHAKE-OUT.jpg 811w, https:\/\/vibrotech-eng.com\/wp-content\/uploads\/2022\/06\/SHAKE-OUT-300x223.jpg 300w, https:\/\/vibrotech-eng.com\/wp-content\/uploads\/2022\/06\/SHAKE-OUT-768x571.jpg 768w, https:\/\/vibrotech-eng.com\/wp-content\/uploads\/2022\/06\/SHAKE-OUT-705x524.jpg 705w\" data-sizes=\"(max-width: 811px) 100vw, 811px\"  aria-label=\"image SHAKE OUT\"  id='av-masonry-1-item-8775' data-av-masonry-item='8775' class='av-masonry-entry isotope-item post-8775 attachment type-attachment status-inherit hentry  av-masonry-item-with-image' title=\"SHAKE OUT\" alt=\"\"    itemprop=\"thumbnailUrl\" ><div class='av-inner-masonry-sizer'><\/div><figure class='av-inner-masonry main_color'><div class=\"av-masonry-outerimage-container\"><div class='av-masonry-image-container' style=\"background-image: url(https:\/\/vibrotech-eng.com\/wp-content\/uploads\/2022\/06\/SHAKE-OUT-705x524.jpg);\"  title=\"SHAKE OUT\"  ><\/div><\/div><\/figure><\/a><!--end av-masonry entry--><a href=\"https:\/\/vibrotech-eng.com\/wp-content\/uploads\/2022\/07\/IMG_20220722_110813-1030x773.jpg\" data-srcset=\"https:\/\/vibrotech-eng.com\/wp-content\/uploads\/2022\/07\/IMG_20220722_110813-1030x773.jpg 1030w, https:\/\/vibrotech-eng.com\/wp-content\/uploads\/2022\/07\/IMG_20220722_110813-300x225.jpg 300w, https:\/\/vibrotech-eng.com\/wp-content\/uploads\/2022\/07\/IMG_20220722_110813-768x576.jpg 768w, https:\/\/vibrotech-eng.com\/wp-content\/uploads\/2022\/07\/IMG_20220722_110813-1536x1152.jpg 1536w, https:\/\/vibrotech-eng.com\/wp-content\/uploads\/2022\/07\/IMG_20220722_110813-2048x1536.jpg 2048w, https:\/\/vibrotech-eng.com\/wp-content\/uploads\/2022\/07\/IMG_20220722_110813-1500x1125.jpg 1500w, https:\/\/vibrotech-eng.com\/wp-content\/uploads\/2022\/07\/IMG_20220722_110813-705x529.jpg 705w\" data-sizes=\"(max-width: 1030px) 100vw, 1030px\"  aria-label=\"image IMG_20220722_110813\"  id='av-masonry-1-item-8873' data-av-masonry-item='8873' class='av-masonry-entry isotope-item post-8873 attachment type-attachment status-inherit hentry  av-masonry-item-with-image' title=\"IMG_20220722_110813\" alt=\"\"    itemprop=\"thumbnailUrl\" ><div class='av-inner-masonry-sizer'><\/div><figure class='av-inner-masonry main_color'><div class=\"av-masonry-outerimage-container\"><div class='av-masonry-image-container' style=\"background-image: url(https:\/\/vibrotech-eng.com\/wp-content\/uploads\/2022\/07\/IMG_20220722_110813-705x529.jpg);\"  title=\"IMG_20220722_110813\"  ><\/div><\/div><\/figure><\/a><!--end av-masonry entry--><a href=\"https:\/\/vibrotech-eng.com\/wp-content\/uploads\/2021\/04\/IMG_7811-min-1030x773.jpg\" data-srcset=\"https:\/\/vibrotech-eng.com\/wp-content\/uploads\/2021\/04\/IMG_7811-min-1030x773.jpg 1030w, https:\/\/vibrotech-eng.com\/wp-content\/uploads\/2021\/04\/IMG_7811-min-300x225.jpg 300w, https:\/\/vibrotech-eng.com\/wp-content\/uploads\/2021\/04\/IMG_7811-min-768x576.jpg 768w, https:\/\/vibrotech-eng.com\/wp-content\/uploads\/2021\/04\/IMG_7811-min-1536x1152.jpg 1536w, https:\/\/vibrotech-eng.com\/wp-content\/uploads\/2021\/04\/IMG_7811-min-2048x1536.jpg 2048w, https:\/\/vibrotech-eng.com\/wp-content\/uploads\/2021\/04\/IMG_7811-min-1500x1125.jpg 1500w, https:\/\/vibrotech-eng.com\/wp-content\/uploads\/2021\/04\/IMG_7811-min-705x529.jpg 705w\" data-sizes=\"(max-width: 1030px) 100vw, 1030px\"  aria-label=\"image IMG_7811-min\"  id='av-masonry-1-item-5379' data-av-masonry-item='5379' class='av-masonry-entry isotope-item post-5379 attachment type-attachment status-inherit hentry  av-masonry-item-with-image' title=\"IMG_7811-min\" alt=\"\"    itemprop=\"thumbnailUrl\" ><div class='av-inner-masonry-sizer'><\/div><figure class='av-inner-masonry main_color'><div class=\"av-masonry-outerimage-container\"><div class='av-masonry-image-container' style=\"background-image: url(https:\/\/vibrotech-eng.com\/wp-content\/uploads\/2021\/04\/IMG_7811-min-705x529.jpg);\"  title=\"IMG_7811-min\"  ><\/div><\/div><\/figure><\/a><!--end av-masonry entry--><a href=\"https:\/\/vibrotech-eng.com\/wp-content\/uploads\/2023\/04\/IMG_20230328_092754-min-1030x773.jpg\" data-srcset=\"https:\/\/vibrotech-eng.com\/wp-content\/uploads\/2023\/04\/IMG_20230328_092754-min-1030x773.jpg 1030w, https:\/\/vibrotech-eng.com\/wp-content\/uploads\/2023\/04\/IMG_20230328_092754-min-300x225.jpg 300w, https:\/\/vibrotech-eng.com\/wp-content\/uploads\/2023\/04\/IMG_20230328_092754-min-768x576.jpg 768w, https:\/\/vibrotech-eng.com\/wp-content\/uploads\/2023\/04\/IMG_20230328_092754-min-1536x1152.jpg 1536w, https:\/\/vibrotech-eng.com\/wp-content\/uploads\/2023\/04\/IMG_20230328_092754-min-2048x1536.jpg 2048w, https:\/\/vibrotech-eng.com\/wp-content\/uploads\/2023\/04\/IMG_20230328_092754-min-1500x1125.jpg 1500w, https:\/\/vibrotech-eng.com\/wp-content\/uploads\/2023\/04\/IMG_20230328_092754-min-705x529.jpg 705w\" data-sizes=\"(max-width: 1030px) 100vw, 1030px\"  aria-label=\"image IMG_20230328_092754-min\"  id='av-masonry-1-item-9422' data-av-masonry-item='9422' class='av-masonry-entry isotope-item post-9422 attachment type-attachment status-inherit hentry  av-masonry-item-with-image' title=\"IMG_20230328_092754-min\" alt=\"\"    itemprop=\"thumbnailUrl\" ><div class='av-inner-masonry-sizer'><\/div><figure class='av-inner-masonry main_color'><div class=\"av-masonry-outerimage-container\"><div class='av-masonry-image-container' style=\"background-image: url(https:\/\/vibrotech-eng.com\/wp-content\/uploads\/2023\/04\/IMG_20230328_092754-min-705x529.jpg);\"  title=\"IMG_20230328_092754-min\"  ><\/div><\/div><\/figure><\/a><!--end av-masonry entry--><a href=\"https:\/\/vibrotech-eng.com\/wp-content\/uploads\/2017\/12\/Desmoldeadores-en-Continuo.jpg\" data-srcset=\"https:\/\/vibrotech-eng.com\/wp-content\/uploads\/2017\/12\/Desmoldeadores-en-Continuo.jpg 750w, https:\/\/vibrotech-eng.com\/wp-content\/uploads\/2017\/12\/Desmoldeadores-en-Continuo-300x170.jpg 300w, https:\/\/vibrotech-eng.com\/wp-content\/uploads\/2017\/12\/Desmoldeadores-en-Continuo-705x399.jpg 705w, https:\/\/vibrotech-eng.com\/wp-content\/uploads\/2017\/12\/Desmoldeadores-en-Continuo-450x254.jpg 450w\" data-sizes=\"(max-width: 750px) 100vw, 750px\"  aria-label=\"image Desmoldeadores en Continuo\"  id='av-masonry-1-item-1771' data-av-masonry-item='1771' class='av-masonry-entry isotope-item post-1771 attachment type-attachment status-inherit hentry  av-masonry-item-with-image' title=\"Desmoldeadores en Continuo\" alt=\"\"    itemprop=\"thumbnailUrl\" ><div class='av-inner-masonry-sizer'><\/div><figure class='av-inner-masonry main_color'><div class=\"av-masonry-outerimage-container\"><div class='av-masonry-image-container' style=\"background-image: url(https:\/\/vibrotech-eng.com\/wp-content\/uploads\/2017\/12\/Desmoldeadores-en-Continuo-705x399.jpg);\"  title=\"Desmoldeadores en Continuo\"  ><\/div><\/div><\/figure><\/a><!--end av-masonry entry--><a href=\"https:\/\/vibrotech-eng.com\/wp-content\/uploads\/2022\/07\/WhatsApp-Image-2022-07-26-at-2.29.15-PM-2-1030x685.jpeg\" data-srcset=\"https:\/\/vibrotech-eng.com\/wp-content\/uploads\/2022\/07\/WhatsApp-Image-2022-07-26-at-2.29.15-PM-2-1030x685.jpeg 1030w, https:\/\/vibrotech-eng.com\/wp-content\/uploads\/2022\/07\/WhatsApp-Image-2022-07-26-at-2.29.15-PM-2-300x200.jpeg 300w, https:\/\/vibrotech-eng.com\/wp-content\/uploads\/2022\/07\/WhatsApp-Image-2022-07-26-at-2.29.15-PM-2-768x511.jpeg 768w, https:\/\/vibrotech-eng.com\/wp-content\/uploads\/2022\/07\/WhatsApp-Image-2022-07-26-at-2.29.15-PM-2-1536x1021.jpeg 1536w, https:\/\/vibrotech-eng.com\/wp-content\/uploads\/2022\/07\/WhatsApp-Image-2022-07-26-at-2.29.15-PM-2-1500x998.jpeg 1500w, https:\/\/vibrotech-eng.com\/wp-content\/uploads\/2022\/07\/WhatsApp-Image-2022-07-26-at-2.29.15-PM-2-705x469.jpeg 705w, https:\/\/vibrotech-eng.com\/wp-content\/uploads\/2022\/07\/WhatsApp-Image-2022-07-26-at-2.29.15-PM-2.jpeg 1600w\" data-sizes=\"(max-width: 1030px) 100vw, 1030px\"  aria-label=\"image WhatsApp Image 2022-07-26 at 2.29.15 PM (2)\"  id='av-masonry-1-item-8869' data-av-masonry-item='8869' class='av-masonry-entry isotope-item post-8869 attachment type-attachment status-inherit hentry  av-masonry-item-with-image' title=\"WhatsApp Image 2022-07-26 at 2.29.15 PM (2)\" alt=\"\"    itemprop=\"thumbnailUrl\" ><div class='av-inner-masonry-sizer'><\/div><figure class='av-inner-masonry main_color'><div class=\"av-masonry-outerimage-container\"><div class='av-masonry-image-container' style=\"background-image: url(https:\/\/vibrotech-eng.com\/wp-content\/uploads\/2022\/07\/WhatsApp-Image-2022-07-26-at-2.29.15-PM-2-705x469.jpeg);\"  title=\"WhatsApp Image 2022-07-26 at 2.29.15 PM (2)\"  ><\/div><\/div><\/figure><\/a><!--end av-masonry entry--><a href=\"https:\/\/vibrotech-eng.com\/wp-content\/uploads\/2017\/12\/Desmoldeadores-en-Continuo-4.jpg\" data-srcset=\"https:\/\/vibrotech-eng.com\/wp-content\/uploads\/2017\/12\/Desmoldeadores-en-Continuo-4.jpg 750w, https:\/\/vibrotech-eng.com\/wp-content\/uploads\/2017\/12\/Desmoldeadores-en-Continuo-4-300x170.jpg 300w, https:\/\/vibrotech-eng.com\/wp-content\/uploads\/2017\/12\/Desmoldeadores-en-Continuo-4-705x399.jpg 705w, https:\/\/vibrotech-eng.com\/wp-content\/uploads\/2017\/12\/Desmoldeadores-en-Continuo-4-450x254.jpg 450w\" data-sizes=\"(max-width: 750px) 100vw, 750px\"  aria-label=\"image Desmoldeadores en Continuo 4\"  id='av-masonry-1-item-1765' data-av-masonry-item='1765' class='av-masonry-entry isotope-item post-1765 attachment type-attachment status-inherit hentry  av-masonry-item-with-image' title=\"Desmoldeadores en Continuo 4\" alt=\"\"    itemprop=\"thumbnailUrl\" ><div class='av-inner-masonry-sizer'><\/div><figure class='av-inner-masonry main_color'><div class=\"av-masonry-outerimage-container\"><div class='av-masonry-image-container' style=\"background-image: url(https:\/\/vibrotech-eng.com\/wp-content\/uploads\/2017\/12\/Desmoldeadores-en-Continuo-4-705x399.jpg);\"  title=\"Desmoldeadores en Continuo 4\"  ><\/div><\/div><\/figure><\/a><!--end av-masonry entry--><a href=\"https:\/\/vibrotech-eng.com\/wp-content\/uploads\/2017\/12\/Desmoldeadores-en-Continuo-3.jpg\" data-srcset=\"https:\/\/vibrotech-eng.com\/wp-content\/uploads\/2017\/12\/Desmoldeadores-en-Continuo-3.jpg 750w, https:\/\/vibrotech-eng.com\/wp-content\/uploads\/2017\/12\/Desmoldeadores-en-Continuo-3-300x170.jpg 300w, https:\/\/vibrotech-eng.com\/wp-content\/uploads\/2017\/12\/Desmoldeadores-en-Continuo-3-705x399.jpg 705w, https:\/\/vibrotech-eng.com\/wp-content\/uploads\/2017\/12\/Desmoldeadores-en-Continuo-3-450x254.jpg 450w\" data-sizes=\"(max-width: 750px) 100vw, 750px\"  aria-label=\"image Desmoldeadores en Continuo 3\"  id='av-masonry-1-item-1763' data-av-masonry-item='1763' class='av-masonry-entry isotope-item post-1763 attachment type-attachment status-inherit hentry  av-masonry-item-with-image' title=\"Desmoldeadores en Continuo 3\" alt=\"\"    itemprop=\"thumbnailUrl\" ><div class='av-inner-masonry-sizer'><\/div><figure class='av-inner-masonry main_color'><div class=\"av-masonry-outerimage-container\"><div class='av-masonry-image-container' style=\"background-image: url(https:\/\/vibrotech-eng.com\/wp-content\/uploads\/2017\/12\/Desmoldeadores-en-Continuo-3-705x399.jpg);\"  title=\"Desmoldeadores en Continuo 3\"  ><\/div><\/div><\/figure><\/a><!--end av-masonry entry--><a href=\"https:\/\/vibrotech-eng.com\/wp-content\/uploads\/2017\/12\/DESMOLDEADORES-EN-CONTINUO-2.jpg\" data-srcset=\"https:\/\/vibrotech-eng.com\/wp-content\/uploads\/2017\/12\/DESMOLDEADORES-EN-CONTINUO-2.jpg 800w, https:\/\/vibrotech-eng.com\/wp-content\/uploads\/2017\/12\/DESMOLDEADORES-EN-CONTINUO-2-300x225.jpg 300w, https:\/\/vibrotech-eng.com\/wp-content\/uploads\/2017\/12\/DESMOLDEADORES-EN-CONTINUO-2-768x576.jpg 768w, https:\/\/vibrotech-eng.com\/wp-content\/uploads\/2017\/12\/DESMOLDEADORES-EN-CONTINUO-2-705x529.jpg 705w, https:\/\/vibrotech-eng.com\/wp-content\/uploads\/2017\/12\/DESMOLDEADORES-EN-CONTINUO-2-450x338.jpg 450w\" data-sizes=\"(max-width: 800px) 100vw, 800px\"  aria-label=\"image DESMOLDEADORES-EN-CONTINUO-2\"  id='av-masonry-1-item-1877' data-av-masonry-item='1877' class='av-masonry-entry isotope-item post-1877 attachment type-attachment status-inherit hentry  av-masonry-item-with-image' title=\"DESMOLDEADORES-EN-CONTINUO-2\" alt=\"\"    itemprop=\"thumbnailUrl\" ><div class='av-inner-masonry-sizer'><\/div><figure class='av-inner-masonry main_color'><div class=\"av-masonry-outerimage-container\"><div class='av-masonry-image-container' style=\"background-image: url(https:\/\/vibrotech-eng.com\/wp-content\/uploads\/2017\/12\/DESMOLDEADORES-EN-CONTINUO-2-705x529.jpg);\"  title=\"DESMOLDEADORES-EN-CONTINUO-2\"  ><\/div><\/div><\/figure><\/a><!--end av-masonry entry--><a href=\"https:\/\/vibrotech-eng.com\/wp-content\/uploads\/2017\/12\/desmoldeador-shake-out.jpg\" data-srcset=\"https:\/\/vibrotech-eng.com\/wp-content\/uploads\/2017\/12\/desmoldeador-shake-out.jpg 800w, https:\/\/vibrotech-eng.com\/wp-content\/uploads\/2017\/12\/desmoldeador-shake-out-300x169.jpg 300w, https:\/\/vibrotech-eng.com\/wp-content\/uploads\/2017\/12\/desmoldeador-shake-out-768x432.jpg 768w, https:\/\/vibrotech-eng.com\/wp-content\/uploads\/2017\/12\/desmoldeador-shake-out-705x397.jpg 705w, https:\/\/vibrotech-eng.com\/wp-content\/uploads\/2017\/12\/desmoldeador-shake-out-450x253.jpg 450w\" data-sizes=\"(max-width: 800px) 100vw, 800px\"  aria-label=\"image desmoldeador-shake-out\"  id='av-masonry-1-item-1957' data-av-masonry-item='1957' class='av-masonry-entry isotope-item post-1957 attachment type-attachment status-inherit hentry  av-masonry-item-with-image' title=\"desmoldeador-shake-out\" alt=\"\"    itemprop=\"thumbnailUrl\" ><div class='av-inner-masonry-sizer'><\/div><figure class='av-inner-masonry main_color'><div class=\"av-masonry-outerimage-container\"><div class='av-masonry-image-container' style=\"background-image: url(https:\/\/vibrotech-eng.com\/wp-content\/uploads\/2017\/12\/desmoldeador-shake-out-705x397.jpg);\"  title=\"desmoldeador-shake-out\"  ><\/div><\/div><\/figure><\/a><!--end av-masonry entry--><a href=\"https:\/\/vibrotech-eng.com\/wp-content\/uploads\/2017\/12\/Desmoldeadores-en-Continuo-6.jpg\" data-srcset=\"https:\/\/vibrotech-eng.com\/wp-content\/uploads\/2017\/12\/Desmoldeadores-en-Continuo-6.jpg 750w, https:\/\/vibrotech-eng.com\/wp-content\/uploads\/2017\/12\/Desmoldeadores-en-Continuo-6-300x225.jpg 300w, https:\/\/vibrotech-eng.com\/wp-content\/uploads\/2017\/12\/Desmoldeadores-en-Continuo-6-705x529.jpg 705w, https:\/\/vibrotech-eng.com\/wp-content\/uploads\/2017\/12\/Desmoldeadores-en-Continuo-6-450x338.jpg 450w\" data-sizes=\"(max-width: 750px) 100vw, 750px\"  aria-label=\"image Desmoldeadores en Continuo 6\"  id='av-masonry-1-item-1769' data-av-masonry-item='1769' class='av-masonry-entry isotope-item post-1769 attachment type-attachment status-inherit hentry  av-masonry-item-with-image' title=\"Desmoldeadores en Continuo 6\" alt=\"\"    itemprop=\"thumbnailUrl\" ><div class='av-inner-masonry-sizer'><\/div><figure class='av-inner-masonry main_color'><div class=\"av-masonry-outerimage-container\"><div class='av-masonry-image-container' style=\"background-image: url(https:\/\/vibrotech-eng.com\/wp-content\/uploads\/2017\/12\/Desmoldeadores-en-Continuo-6-705x529.jpg);\"  title=\"Desmoldeadores en Continuo 6\"  ><\/div><\/div><\/figure><\/a><!--end av-masonry entry--><\/div><\/div>\n<\/div><\/div><\/main><!-- close content main element --><\/div><\/div><div id='after_section_1'  class='main_color av_default_container_wrap container_wrap sidebar_right'  ><div class='container av-section-cont-open' ><div class='template-page content  av-content-small alpha units'><div class='post-entry post-entry-type-page post-entry-2311'><div class='entry-content-wrapper clearfix'>\n","protected":false},"excerpt":{"rendered":"","protected":false},"author":2,"featured_media":0,"parent":0,"menu_order":0,"comment_status":"closed","ping_status":"closed","template":"","meta":{"footnotes":""},"class_list":["post-2311","page","type-page","status-publish","hentry"],"yoast_head":"<!-- This site is optimized with the Yoast SEO Premium plugin v20.3 (Yoast SEO v27.4) - https:\/\/yoast.com\/product\/yoast-seo-premium-wordpress\/ -->\n<title>Shake out en continu - Vibrotech Engineering S.L<\/title>\n<meta name=\"robots\" content=\"index, follow, max-snippet:-1, max-image-preview:large, max-video-preview:-1\" \/>\n<link rel=\"canonical\" href=\"https:\/\/vibrotech-eng.com\/fr\/shake-out-en-continu\/\" \/>\n<meta property=\"og:locale\" content=\"fr_FR\" \/>\n<meta property=\"og:type\" content=\"article\" \/>\n<meta property=\"og:title\" content=\"Shake out en continu\" \/>\n<meta property=\"og:url\" content=\"https:\/\/vibrotech-eng.com\/fr\/shake-out-en-continu\/\" \/>\n<meta property=\"og:site_name\" content=\"Vibrotech Engineering S.L\" \/>\n<meta property=\"article:modified_time\" content=\"2023-05-04T06:25:49+00:00\" \/>\n<meta name=\"twitter:card\" content=\"summary_large_image\" \/>\n<meta name=\"twitter:label1\" content=\"Dur\u00e9e de lecture estim\u00e9e\" \/>\n\t<meta name=\"twitter:data1\" content=\"2 minutes\" \/>\n<script type=\"application\/ld+json\" class=\"yoast-schema-graph\">{\"@context\":\"https:\\\/\\\/schema.org\",\"@graph\":[{\"@type\":\"WebPage\",\"@id\":\"https:\\\/\\\/vibrotech-eng.com\\\/fr\\\/shake-out-en-continu\\\/\",\"url\":\"https:\\\/\\\/vibrotech-eng.com\\\/fr\\\/shake-out-en-continu\\\/\",\"name\":\"Shake out en continu - Vibrotech Engineering S.L\",\"isPartOf\":{\"@id\":\"https:\\\/\\\/vibrotech-eng.com\\\/fr\\\/#website\"},\"datePublished\":\"2017-09-25T10:19:14+00:00\",\"dateModified\":\"2023-05-04T06:25:49+00:00\",\"breadcrumb\":{\"@id\":\"https:\\\/\\\/vibrotech-eng.com\\\/fr\\\/shake-out-en-continu\\\/#breadcrumb\"},\"inLanguage\":\"fr-FR\",\"potentialAction\":[{\"@type\":\"ReadAction\",\"target\":[\"https:\\\/\\\/vibrotech-eng.com\\\/fr\\\/shake-out-en-continu\\\/\"]}]},{\"@type\":\"BreadcrumbList\",\"@id\":\"https:\\\/\\\/vibrotech-eng.com\\\/fr\\\/shake-out-en-continu\\\/#breadcrumb\",\"itemListElement\":[{\"@type\":\"ListItem\",\"position\":1,\"name\":\"Accueil\",\"item\":\"https:\\\/\\\/vibrotech-eng.com\\\/fr\\\/accueil\\\/\"},{\"@type\":\"ListItem\",\"position\":2,\"name\":\"Shake out en continu\"}]},{\"@type\":\"WebSite\",\"@id\":\"https:\\\/\\\/vibrotech-eng.com\\\/fr\\\/#website\",\"url\":\"https:\\\/\\\/vibrotech-eng.com\\\/fr\\\/\",\"name\":\"Vibrotech Engineering S.L\",\"description\":\"Empresa espa\u00f1ola que desarrolla su actividad principal en el dise\u00f1o y fabricaci\u00f3n de maquinaria vibrante\",\"potentialAction\":[{\"@type\":\"SearchAction\",\"target\":{\"@type\":\"EntryPoint\",\"urlTemplate\":\"https:\\\/\\\/vibrotech-eng.com\\\/fr\\\/?s={search_term_string}\"},\"query-input\":{\"@type\":\"PropertyValueSpecification\",\"valueRequired\":true,\"valueName\":\"search_term_string\"}}],\"inLanguage\":\"fr-FR\"}]}<\/script>\n<!-- \/ Yoast SEO Premium plugin. -->","yoast_head_json":{"title":"Shake out en continu - Vibrotech Engineering S.L","robots":{"index":"index","follow":"follow","max-snippet":"max-snippet:-1","max-image-preview":"max-image-preview:large","max-video-preview":"max-video-preview:-1"},"canonical":"https:\/\/vibrotech-eng.com\/fr\/shake-out-en-continu\/","og_locale":"fr_FR","og_type":"article","og_title":"Shake out en continu","og_url":"https:\/\/vibrotech-eng.com\/fr\/shake-out-en-continu\/","og_site_name":"Vibrotech Engineering S.L","article_modified_time":"2023-05-04T06:25:49+00:00","twitter_card":"summary_large_image","twitter_misc":{"Dur\u00e9e de lecture estim\u00e9e":"2 minutes"},"schema":{"@context":"https:\/\/schema.org","@graph":[{"@type":"WebPage","@id":"https:\/\/vibrotech-eng.com\/fr\/shake-out-en-continu\/","url":"https:\/\/vibrotech-eng.com\/fr\/shake-out-en-continu\/","name":"Shake out en continu - Vibrotech Engineering S.L","isPartOf":{"@id":"https:\/\/vibrotech-eng.com\/fr\/#website"},"datePublished":"2017-09-25T10:19:14+00:00","dateModified":"2023-05-04T06:25:49+00:00","breadcrumb":{"@id":"https:\/\/vibrotech-eng.com\/fr\/shake-out-en-continu\/#breadcrumb"},"inLanguage":"fr-FR","potentialAction":[{"@type":"ReadAction","target":["https:\/\/vibrotech-eng.com\/fr\/shake-out-en-continu\/"]}]},{"@type":"BreadcrumbList","@id":"https:\/\/vibrotech-eng.com\/fr\/shake-out-en-continu\/#breadcrumb","itemListElement":[{"@type":"ListItem","position":1,"name":"Accueil","item":"https:\/\/vibrotech-eng.com\/fr\/accueil\/"},{"@type":"ListItem","position":2,"name":"Shake out en continu"}]},{"@type":"WebSite","@id":"https:\/\/vibrotech-eng.com\/fr\/#website","url":"https:\/\/vibrotech-eng.com\/fr\/","name":"Vibrotech Engineering S.L","description":"Empresa espa\u00f1ola que desarrolla su actividad principal en el dise\u00f1o y fabricaci\u00f3n de maquinaria vibrante","potentialAction":[{"@type":"SearchAction","target":{"@type":"EntryPoint","urlTemplate":"https:\/\/vibrotech-eng.com\/fr\/?s={search_term_string}"},"query-input":{"@type":"PropertyValueSpecification","valueRequired":true,"valueName":"search_term_string"}}],"inLanguage":"fr-FR"}]}},"_links":{"self":[{"href":"https:\/\/vibrotech-eng.com\/fr\/wp-json\/wp\/v2\/pages\/2311","targetHints":{"allow":["GET"]}}],"collection":[{"href":"https:\/\/vibrotech-eng.com\/fr\/wp-json\/wp\/v2\/pages"}],"about":[{"href":"https:\/\/vibrotech-eng.com\/fr\/wp-json\/wp\/v2\/types\/page"}],"author":[{"embeddable":true,"href":"https:\/\/vibrotech-eng.com\/fr\/wp-json\/wp\/v2\/users\/2"}],"replies":[{"embeddable":true,"href":"https:\/\/vibrotech-eng.com\/fr\/wp-json\/wp\/v2\/comments?post=2311"}],"version-history":[{"count":0,"href":"https:\/\/vibrotech-eng.com\/fr\/wp-json\/wp\/v2\/pages\/2311\/revisions"}],"wp:attachment":[{"href":"https:\/\/vibrotech-eng.com\/fr\/wp-json\/wp\/v2\/media?parent=2311"}],"curies":[{"name":"wp","href":"https:\/\/api.w.org\/{rel}","templated":true}]}}