{"id":2292,"date":"2017-09-25T12:18:10","date_gmt":"2017-09-25T10:18:10","guid":{"rendered":"http:\/\/vibrotech-eng.com.mialias.net\/instalacion-de-ferroaleaciones\/"},"modified":"2018-03-26T12:58:13","modified_gmt":"2018-03-26T10:58:13","slug":"installations-de-ferro-alliages-automatisees","status":"publish","type":"page","link":"https:\/\/vibrotech-eng.com\/fr\/installations-de-ferro-alliages-automatisees\/","title":{"rendered":"Installations de ferro-alliages automatis\u00e9es"},"content":{"rendered":"<div id='av_section_1'  class='avia-section av-av_section-2f8a4d5d3ebd9c637093dc8e14b646e9 main_color avia-section-default avia-no-border-styling  avia-builder-el-0  avia-builder-el-no-sibling  avia-bg-style-scroll container_wrap sidebar_right'  ><div class='container av-section-cont-open' ><main  role=\"main\" itemprop=\"mainContentOfPage\"  class='template-page content  av-content-small alpha units'><div class='post-entry post-entry-type-page post-entry-2292'><div class='entry-content-wrapper clearfix'>\n<section  class='av_textblock_section av-av_textblock-2bd894dbf2e4bf2c4acf98ce4fbf94aa '   itemscope=\"itemscope\" itemtype=\"https:\/\/schema.org\/CreativeWork\" ><div class='avia_textblock'  itemprop=\"text\" ><h1 style=\"text-align: center;\">Installations de ferro-alliages automatis\u00e9es<\/h1>\n<\/div><\/section>\n\n<style type=\"text\/css\" data-created_by=\"avia_inline_auto\" id=\"style-css-av-av_hr-0645478af54715b75905f78d46849be0\">\n#top .hr.hr-invisible.av-av_hr-0645478af54715b75905f78d46849be0{\nheight:50px;\n}\n<\/style>\n<div  class='hr av-av_hr-0645478af54715b75905f78d46849be0 hr-invisible  avia-builder-el-2  el_after_av_textblock  el_before_av_one_third '><span class='hr-inner '><span class=\"hr-inner-style\"><\/span><\/span><\/div>\n\n<style type=\"text\/css\" data-created_by=\"avia_inline_auto\" id=\"style-css-av-av_one_third-15d750bd1b332b34c6e70b077ebbccdf\">\n.flex_column.av-av_one_third-15d750bd1b332b34c6e70b077ebbccdf{\nborder-radius:0px 0px 0px 0px;\npadding:0px 0px 0px 0px;\n}\n<\/style>\n<div  class='flex_column av-av_one_third-15d750bd1b332b34c6e70b077ebbccdf av_one_third  avia-builder-el-3  el_after_av_hr  el_before_av_one_third  first flex_column_div av-zero-column-padding  '     ><section  class='av_textblock_section av-av_textblock-2bd894dbf2e4bf2c4acf98ce4fbf94aa '   itemscope=\"itemscope\" itemtype=\"https:\/\/schema.org\/CreativeWork\" ><div class='avia_textblock'  itemprop=\"text\" ><ul>\n<li>Projet cl\u00e9 en main<\/li>\n<li>Nombre et capacit\u00e9 des tr\u00e9mies illimit\u00e9s.<\/li>\n<\/ul>\n<\/div><\/section><\/div>\n<style type=\"text\/css\" data-created_by=\"avia_inline_auto\" id=\"style-css-av-av_one_third-c8fc129dc35fd1ae2a1e410224d39ea8\">\n.flex_column.av-av_one_third-c8fc129dc35fd1ae2a1e410224d39ea8{\nborder-radius:0px 0px 0px 0px;\npadding:0px 0px 0px 0px;\n}\n<\/style>\n<div  class='flex_column av-av_one_third-c8fc129dc35fd1ae2a1e410224d39ea8 av_one_third  avia-builder-el-5  el_after_av_one_third  el_before_av_one_third  flex_column_div av-zero-column-padding  '     ><section  class='av_textblock_section av-av_textblock-2bd894dbf2e4bf2c4acf98ce4fbf94aa '   itemscope=\"itemscope\" itemtype=\"https:\/\/schema.org\/CreativeWork\" ><div class='avia_textblock'  itemprop=\"text\" ><ul>\n<li>Raccordement possible au spectrom\u00e8tre.<\/li>\n<li>Syst\u00e8me d\u2019extraction au moyen d\u2019extracteurs de tr\u00e9mie \u00e9lectromagn\u00e9tiques.<\/li>\n<\/ul>\n<\/div><\/section><\/div>\n<style type=\"text\/css\" data-created_by=\"avia_inline_auto\" id=\"style-css-av-av_one_third-c8fc129dc35fd1ae2a1e410224d39ea8\">\n.flex_column.av-av_one_third-c8fc129dc35fd1ae2a1e410224d39ea8{\nborder-radius:0px 0px 0px 0px;\npadding:0px 0px 0px 0px;\n}\n<\/style>\n<div  class='flex_column av-av_one_third-c8fc129dc35fd1ae2a1e410224d39ea8 av_one_third  avia-builder-el-7  el_after_av_one_third  el_before_av_hr  flex_column_div av-zero-column-padding  '     ><section  class='av_textblock_section av-av_textblock-2bd894dbf2e4bf2c4acf98ce4fbf94aa '   itemscope=\"itemscope\" itemtype=\"https:\/\/schema.org\/CreativeWork\" ><div class='avia_textblock'  itemprop=\"text\" ><ul>\n<li>R\u00e9cipient de ferro-alliages adapt\u00e9 pour d\u00e9chargement dans le chargeur.<\/li>\n<\/ul>\n<\/div><\/section><\/div>\n<style type=\"text\/css\" data-created_by=\"avia_inline_auto\" id=\"style-css-av-av_hr-52b99614f1db0890c6e11e182627758b\">\n#top .hr.hr-invisible.av-av_hr-52b99614f1db0890c6e11e182627758b{\nheight:20px;\n}\n<\/style>\n<div  class='hr av-av_hr-52b99614f1db0890c6e11e182627758b hr-invisible  avia-builder-el-9  el_after_av_one_third  el_before_av_masonry_gallery  avia-builder-el-last '><span class='hr-inner '><span class=\"hr-inner-style\"><\/span><\/span><\/div>\n<div id='av-masonry-1' class='av-masonry av-av_masonry_gallery-e37fb507e3380d43d37b15c0bb6d3492 noHover av-fixed-size av-large-gap av-hover-overlay- av-masonry-animation-active av-masonry-col-3 av-caption-always av-caption-style- av-masonry-gallery ' data-post_id=\"2292\"><div class=\"av-masonry-container isotope av-js-disabled\"><div class='av-masonry-entry isotope-item av-masonry-item-no-image '><\/div><a href=\"https:\/\/vibrotech-eng.com\/wp-content\/uploads\/2017\/12\/Instalaci\u00f3n-de-Ferroaleaciones-2-1030x579.jpg\" data-srcset=\"https:\/\/vibrotech-eng.com\/wp-content\/uploads\/2017\/12\/Instalaci\u00f3n-de-Ferroaleaciones-2-1030x579.jpg 1030w, https:\/\/vibrotech-eng.com\/wp-content\/uploads\/2017\/12\/Instalaci\u00f3n-de-Ferroaleaciones-2-300x169.jpg 300w, https:\/\/vibrotech-eng.com\/wp-content\/uploads\/2017\/12\/Instalaci\u00f3n-de-Ferroaleaciones-2-768x432.jpg 768w, https:\/\/vibrotech-eng.com\/wp-content\/uploads\/2017\/12\/Instalaci\u00f3n-de-Ferroaleaciones-2-1500x844.jpg 1500w, https:\/\/vibrotech-eng.com\/wp-content\/uploads\/2017\/12\/Instalaci\u00f3n-de-Ferroaleaciones-2-705x397.jpg 705w, https:\/\/vibrotech-eng.com\/wp-content\/uploads\/2017\/12\/Instalaci\u00f3n-de-Ferroaleaciones-2-450x253.jpg 450w, https:\/\/vibrotech-eng.com\/wp-content\/uploads\/2017\/12\/Instalaci\u00f3n-de-Ferroaleaciones-2.jpg 1920w\" data-sizes=\"(max-width: 1030px) 100vw, 1030px\"  aria-label=\"image Instalaci\u00f3n de Ferroaleaciones 2\"  id='av-masonry-1-item-1789' data-av-masonry-item='1789' class='av-masonry-entry isotope-item post-1789 attachment type-attachment status-inherit hentry  av-masonry-item-with-image' title=\"Instalaci\u00f3n de Ferroaleaciones 2\" alt=\"\"    itemprop=\"thumbnailUrl\" ><div class='av-inner-masonry-sizer'><\/div><figure class='av-inner-masonry main_color'><div class=\"av-masonry-outerimage-container\"><div class='av-masonry-image-container' style=\"background-image: url(https:\/\/vibrotech-eng.com\/wp-content\/uploads\/2017\/12\/Instalaci\u00f3n-de-Ferroaleaciones-2-705x397.jpg);\"  title=\"Instalaci\u00f3n de Ferroaleaciones 2\"  ><\/div><\/div><\/figure><\/a><!--end av-masonry entry--><a href=\"https:\/\/vibrotech-eng.com\/wp-content\/uploads\/2017\/12\/Instalaci\u00f3n-de-Ferroaleaciones-3.jpg\" data-srcset=\"https:\/\/vibrotech-eng.com\/wp-content\/uploads\/2017\/12\/Instalaci\u00f3n-de-Ferroaleaciones-3.jpg 750w, https:\/\/vibrotech-eng.com\/wp-content\/uploads\/2017\/12\/Instalaci\u00f3n-de-Ferroaleaciones-3-300x225.jpg 300w, https:\/\/vibrotech-eng.com\/wp-content\/uploads\/2017\/12\/Instalaci\u00f3n-de-Ferroaleaciones-3-705x529.jpg 705w, https:\/\/vibrotech-eng.com\/wp-content\/uploads\/2017\/12\/Instalaci\u00f3n-de-Ferroaleaciones-3-450x338.jpg 450w\" data-sizes=\"(max-width: 750px) 100vw, 750px\"  aria-label=\"image Instalaci\u00f3n de Ferroaleaciones 3\"  id='av-masonry-1-item-1791' data-av-masonry-item='1791' class='av-masonry-entry isotope-item post-1791 attachment type-attachment status-inherit hentry  av-masonry-item-with-image' title=\"Instalaci\u00f3n de Ferroaleaciones 3\" alt=\"\"    itemprop=\"thumbnailUrl\" ><div class='av-inner-masonry-sizer'><\/div><figure class='av-inner-masonry main_color'><div class=\"av-masonry-outerimage-container\"><div class='av-masonry-image-container' style=\"background-image: url(https:\/\/vibrotech-eng.com\/wp-content\/uploads\/2017\/12\/Instalaci\u00f3n-de-Ferroaleaciones-3-705x529.jpg);\"  title=\"Instalaci\u00f3n de Ferroaleaciones 3\"  ><\/div><\/div><\/figure><\/a><!--end av-masonry entry--><a href=\"https:\/\/vibrotech-eng.com\/wp-content\/uploads\/2017\/12\/Instalaci\u00f3n-de-Ferroaleaciones.jpg\" data-srcset=\"https:\/\/vibrotech-eng.com\/wp-content\/uploads\/2017\/12\/Instalaci\u00f3n-de-Ferroaleaciones.jpg 750w, https:\/\/vibrotech-eng.com\/wp-content\/uploads\/2017\/12\/Instalaci\u00f3n-de-Ferroaleaciones-300x233.jpg 300w, https:\/\/vibrotech-eng.com\/wp-content\/uploads\/2017\/12\/Instalaci\u00f3n-de-Ferroaleaciones-705x547.jpg 705w, https:\/\/vibrotech-eng.com\/wp-content\/uploads\/2017\/12\/Instalaci\u00f3n-de-Ferroaleaciones-450x349.jpg 450w\" data-sizes=\"(max-width: 750px) 100vw, 750px\"  aria-label=\"image Instalaci\u00f3n de Ferroaleaciones\"  id='av-masonry-1-item-1793' data-av-masonry-item='1793' class='av-masonry-entry isotope-item post-1793 attachment type-attachment status-inherit hentry  av-masonry-item-with-image' title=\"Instalaci\u00f3n de Ferroaleaciones\" alt=\"\"    itemprop=\"thumbnailUrl\" ><div class='av-inner-masonry-sizer'><\/div><figure class='av-inner-masonry main_color'><div class=\"av-masonry-outerimage-container\"><div class='av-masonry-image-container' style=\"background-image: url(https:\/\/vibrotech-eng.com\/wp-content\/uploads\/2017\/12\/Instalaci\u00f3n-de-Ferroaleaciones-705x547.jpg);\"  title=\"Instalaci\u00f3n de Ferroaleaciones\"  ><\/div><\/div><\/figure><\/a><!--end av-masonry entry--><\/div><\/div>\n<\/div><\/div><\/main><!-- close content main element --><\/div><\/div><div id='after_section_1'  class='main_color av_default_container_wrap container_wrap sidebar_right'  ><div class='container av-section-cont-open' ><div class='template-page content  av-content-small alpha units'><div class='post-entry post-entry-type-page post-entry-2292'><div class='entry-content-wrapper clearfix'>\n","protected":false},"excerpt":{"rendered":"","protected":false},"author":2,"featured_media":0,"parent":0,"menu_order":0,"comment_status":"closed","ping_status":"closed","template":"","meta":{"footnotes":""},"class_list":["post-2292","page","type-page","status-publish","hentry"],"yoast_head":"<!-- This site is optimized with the Yoast SEO Premium plugin v20.3 (Yoast SEO v27.5) - https:\/\/yoast.com\/product\/yoast-seo-premium-wordpress\/ -->\n<title>Installations de ferro-alliages automatis\u00e9es - Vibrotech Engineering S.L<\/title>\n<meta name=\"robots\" content=\"index, follow, max-snippet:-1, max-image-preview:large, max-video-preview:-1\" \/>\n<link rel=\"canonical\" href=\"https:\/\/vibrotech-eng.com\/fr\/installations-de-ferro-alliages-automatisees\/\" \/>\n<meta property=\"og:locale\" content=\"fr_FR\" \/>\n<meta property=\"og:type\" content=\"article\" \/>\n<meta property=\"og:title\" content=\"Installations de ferro-alliages automatis\u00e9es\" \/>\n<meta property=\"og:url\" content=\"https:\/\/vibrotech-eng.com\/fr\/installations-de-ferro-alliages-automatisees\/\" \/>\n<meta property=\"og:site_name\" content=\"Vibrotech Engineering S.L\" \/>\n<meta property=\"article:modified_time\" content=\"2018-03-26T10:58:13+00:00\" \/>\n<meta name=\"twitter:card\" content=\"summary_large_image\" \/>\n<meta name=\"twitter:label1\" content=\"Dur\u00e9e de lecture estim\u00e9e\" \/>\n\t<meta name=\"twitter:data1\" content=\"3 minutes\" \/>\n<script type=\"application\/ld+json\" class=\"yoast-schema-graph\">{\"@context\":\"https:\\\/\\\/schema.org\",\"@graph\":[{\"@type\":\"WebPage\",\"@id\":\"https:\\\/\\\/vibrotech-eng.com\\\/fr\\\/installations-de-ferro-alliages-automatisees\\\/\",\"url\":\"https:\\\/\\\/vibrotech-eng.com\\\/fr\\\/installations-de-ferro-alliages-automatisees\\\/\",\"name\":\"Installations de ferro-alliages automatis\u00e9es - Vibrotech Engineering S.L\",\"isPartOf\":{\"@id\":\"https:\\\/\\\/vibrotech-eng.com\\\/fr\\\/#website\"},\"datePublished\":\"2017-09-25T10:18:10+00:00\",\"dateModified\":\"2018-03-26T10:58:13+00:00\",\"breadcrumb\":{\"@id\":\"https:\\\/\\\/vibrotech-eng.com\\\/fr\\\/installations-de-ferro-alliages-automatisees\\\/#breadcrumb\"},\"inLanguage\":\"fr-FR\",\"potentialAction\":[{\"@type\":\"ReadAction\",\"target\":[\"https:\\\/\\\/vibrotech-eng.com\\\/fr\\\/installations-de-ferro-alliages-automatisees\\\/\"]}]},{\"@type\":\"BreadcrumbList\",\"@id\":\"https:\\\/\\\/vibrotech-eng.com\\\/fr\\\/installations-de-ferro-alliages-automatisees\\\/#breadcrumb\",\"itemListElement\":[{\"@type\":\"ListItem\",\"position\":1,\"name\":\"Accueil\",\"item\":\"https:\\\/\\\/vibrotech-eng.com\\\/fr\\\/accueil\\\/\"},{\"@type\":\"ListItem\",\"position\":2,\"name\":\"Installations de ferro-alliages automatis\u00e9es\"}]},{\"@type\":\"WebSite\",\"@id\":\"https:\\\/\\\/vibrotech-eng.com\\\/fr\\\/#website\",\"url\":\"https:\\\/\\\/vibrotech-eng.com\\\/fr\\\/\",\"name\":\"Vibrotech Engineering S.L\",\"description\":\"Empresa espa\u00f1ola que desarrolla su actividad principal en el dise\u00f1o y fabricaci\u00f3n de maquinaria vibrante\",\"potentialAction\":[{\"@type\":\"SearchAction\",\"target\":{\"@type\":\"EntryPoint\",\"urlTemplate\":\"https:\\\/\\\/vibrotech-eng.com\\\/fr\\\/?s={search_term_string}\"},\"query-input\":{\"@type\":\"PropertyValueSpecification\",\"valueRequired\":true,\"valueName\":\"search_term_string\"}}],\"inLanguage\":\"fr-FR\"}]}<\/script>\n<!-- \/ Yoast SEO Premium plugin. -->","yoast_head_json":{"title":"Installations de ferro-alliages automatis\u00e9es - Vibrotech Engineering S.L","robots":{"index":"index","follow":"follow","max-snippet":"max-snippet:-1","max-image-preview":"max-image-preview:large","max-video-preview":"max-video-preview:-1"},"canonical":"https:\/\/vibrotech-eng.com\/fr\/installations-de-ferro-alliages-automatisees\/","og_locale":"fr_FR","og_type":"article","og_title":"Installations de ferro-alliages automatis\u00e9es","og_url":"https:\/\/vibrotech-eng.com\/fr\/installations-de-ferro-alliages-automatisees\/","og_site_name":"Vibrotech Engineering S.L","article_modified_time":"2018-03-26T10:58:13+00:00","twitter_card":"summary_large_image","twitter_misc":{"Dur\u00e9e de lecture estim\u00e9e":"3 minutes"},"schema":{"@context":"https:\/\/schema.org","@graph":[{"@type":"WebPage","@id":"https:\/\/vibrotech-eng.com\/fr\/installations-de-ferro-alliages-automatisees\/","url":"https:\/\/vibrotech-eng.com\/fr\/installations-de-ferro-alliages-automatisees\/","name":"Installations de ferro-alliages automatis\u00e9es - Vibrotech Engineering S.L","isPartOf":{"@id":"https:\/\/vibrotech-eng.com\/fr\/#website"},"datePublished":"2017-09-25T10:18:10+00:00","dateModified":"2018-03-26T10:58:13+00:00","breadcrumb":{"@id":"https:\/\/vibrotech-eng.com\/fr\/installations-de-ferro-alliages-automatisees\/#breadcrumb"},"inLanguage":"fr-FR","potentialAction":[{"@type":"ReadAction","target":["https:\/\/vibrotech-eng.com\/fr\/installations-de-ferro-alliages-automatisees\/"]}]},{"@type":"BreadcrumbList","@id":"https:\/\/vibrotech-eng.com\/fr\/installations-de-ferro-alliages-automatisees\/#breadcrumb","itemListElement":[{"@type":"ListItem","position":1,"name":"Accueil","item":"https:\/\/vibrotech-eng.com\/fr\/accueil\/"},{"@type":"ListItem","position":2,"name":"Installations de ferro-alliages automatis\u00e9es"}]},{"@type":"WebSite","@id":"https:\/\/vibrotech-eng.com\/fr\/#website","url":"https:\/\/vibrotech-eng.com\/fr\/","name":"Vibrotech Engineering S.L","description":"Empresa espa\u00f1ola que desarrolla su actividad principal en el dise\u00f1o y fabricaci\u00f3n de maquinaria vibrante","potentialAction":[{"@type":"SearchAction","target":{"@type":"EntryPoint","urlTemplate":"https:\/\/vibrotech-eng.com\/fr\/?s={search_term_string}"},"query-input":{"@type":"PropertyValueSpecification","valueRequired":true,"valueName":"search_term_string"}}],"inLanguage":"fr-FR"}]}},"_links":{"self":[{"href":"https:\/\/vibrotech-eng.com\/fr\/wp-json\/wp\/v2\/pages\/2292","targetHints":{"allow":["GET"]}}],"collection":[{"href":"https:\/\/vibrotech-eng.com\/fr\/wp-json\/wp\/v2\/pages"}],"about":[{"href":"https:\/\/vibrotech-eng.com\/fr\/wp-json\/wp\/v2\/types\/page"}],"author":[{"embeddable":true,"href":"https:\/\/vibrotech-eng.com\/fr\/wp-json\/wp\/v2\/users\/2"}],"replies":[{"embeddable":true,"href":"https:\/\/vibrotech-eng.com\/fr\/wp-json\/wp\/v2\/comments?post=2292"}],"version-history":[{"count":0,"href":"https:\/\/vibrotech-eng.com\/fr\/wp-json\/wp\/v2\/pages\/2292\/revisions"}],"wp:attachment":[{"href":"https:\/\/vibrotech-eng.com\/fr\/wp-json\/wp\/v2\/media?parent=2292"}],"curies":[{"name":"wp","href":"https:\/\/api.w.org\/{rel}","templated":true}]}}