{"id":2172,"date":"2017-09-25T12:27:46","date_gmt":"2017-09-25T10:27:46","guid":{"rendered":"http:\/\/vibrotech-eng.com.mialias.net\/canones-neumaticos-y-sistema-de-supresion-de-polvos\/"},"modified":"2018-03-26T12:49:23","modified_gmt":"2018-03-26T10:49:23","slug":"pneumatique-air-canons","status":"publish","type":"page","link":"https:\/\/vibrotech-eng.com\/fr\/produits\/pneumatique-air-canons\/","title":{"rendered":"Pneumatique air canons"},"content":{"rendered":"<div id='av_section_1'  class='avia-section av-av_section-2f8a4d5d3ebd9c637093dc8e14b646e9 main_color avia-section-default avia-no-border-styling  avia-builder-el-0  avia-builder-el-no-sibling  avia-bg-style-scroll container_wrap sidebar_right'  ><div class='container av-section-cont-open' ><main  role=\"main\" itemprop=\"mainContentOfPage\"  class='template-page content  av-content-small alpha units'><div class='post-entry post-entry-type-page post-entry-2172'><div class='entry-content-wrapper clearfix'>\n<section  class='av_textblock_section av-av_textblock-2bd894dbf2e4bf2c4acf98ce4fbf94aa '   itemscope=\"itemscope\" itemtype=\"https:\/\/schema.org\/CreativeWork\" ><div class='avia_textblock'  itemprop=\"text\" ><h1 style=\"text-align: center;\">Pneumatique air canons<\/h1>\n<\/div><\/section>\n\n<style type=\"text\/css\" data-created_by=\"avia_inline_auto\" id=\"style-css-av-av_hr-0645478af54715b75905f78d46849be0\">\n#top .hr.hr-invisible.av-av_hr-0645478af54715b75905f78d46849be0{\nheight:50px;\n}\n<\/style>\n<div  class='hr av-av_hr-0645478af54715b75905f78d46849be0 hr-invisible  avia-builder-el-2  el_after_av_textblock  el_before_av_one_third '><span class='hr-inner '><span class=\"hr-inner-style\"><\/span><\/span><\/div>\n\n<style type=\"text\/css\" data-created_by=\"avia_inline_auto\" id=\"style-css-av-av_one_third-15d750bd1b332b34c6e70b077ebbccdf\">\n.flex_column.av-av_one_third-15d750bd1b332b34c6e70b077ebbccdf{\nborder-radius:0px 0px 0px 0px;\npadding:0px 0px 0px 0px;\n}\n<\/style>\n<div  class='flex_column av-av_one_third-15d750bd1b332b34c6e70b077ebbccdf av_one_third  avia-builder-el-3  el_after_av_hr  el_before_av_one_third  first flex_column_div av-zero-column-padding  '     ><section  class='av_textblock_section av-av_textblock-2bd894dbf2e4bf2c4acf98ce4fbf94aa '   itemscope=\"itemscope\" itemtype=\"https:\/\/schema.org\/CreativeWork\" ><div class='avia_textblock'  itemprop=\"text\" ><p style=\"font-weight: 400;\">Ces \u00e9quipes sont id\u00e9aux pour fluidifier les tr\u00e9mies et les silos permettant leur utilisation totale en emp\u00eachant par leur action, l&rsquo;accumulation permanente de mati\u00e8re et la formation de vo\u00fbtes ou l&rsquo;apparition de l&rsquo;effet \u00ab\u00a0chemin\u00e9e\u00a0\u00bb.<\/p>\n<\/div><\/section><\/div>\n<style type=\"text\/css\" data-created_by=\"avia_inline_auto\" id=\"style-css-av-av_one_third-c8fc129dc35fd1ae2a1e410224d39ea8\">\n.flex_column.av-av_one_third-c8fc129dc35fd1ae2a1e410224d39ea8{\nborder-radius:0px 0px 0px 0px;\npadding:0px 0px 0px 0px;\n}\n<\/style>\n<div  class='flex_column av-av_one_third-c8fc129dc35fd1ae2a1e410224d39ea8 av_one_third  avia-builder-el-5  el_after_av_one_third  el_before_av_one_third  flex_column_div av-zero-column-padding  '     ><section  class='av_textblock_section av-av_textblock-2bd894dbf2e4bf2c4acf98ce4fbf94aa '   itemscope=\"itemscope\" itemtype=\"https:\/\/schema.org\/CreativeWork\" ><div class='avia_textblock'  itemprop=\"text\" ><p style=\"font-weight: 400;\">Ils sont fabriqu\u00e9s dans des tailles allant de 12 litres \u00e0 500 litres et en diff\u00e9rentes versions pour les adapter aux besoins de nos clients: diff\u00e9rentes certifications (GOST, ATEX, &#8230;) , \u00e9quipement pour travailler \u00e0 haute temp\u00e9rature pour l&rsquo;industrie du ciment, Conformit\u00e9 FDA pour les silos contenant des produits alimentaires,.. etc.<\/p>\n<\/div><\/section><\/div>\n<style type=\"text\/css\" data-created_by=\"avia_inline_auto\" id=\"style-css-av-av_one_third-c8fc129dc35fd1ae2a1e410224d39ea8\">\n.flex_column.av-av_one_third-c8fc129dc35fd1ae2a1e410224d39ea8{\nborder-radius:0px 0px 0px 0px;\npadding:0px 0px 0px 0px;\n}\n<\/style>\n<div  class='flex_column av-av_one_third-c8fc129dc35fd1ae2a1e410224d39ea8 av_one_third  avia-builder-el-7  el_after_av_one_third  el_before_av_hr  flex_column_div av-zero-column-padding  '     ><p><section  class='av_textblock_section av-av_textblock-2bd894dbf2e4bf2c4acf98ce4fbf94aa '   itemscope=\"itemscope\" itemtype=\"https:\/\/schema.org\/CreativeWork\" ><div class='avia_textblock'  itemprop=\"text\" ><p>Notre offre peut aller de l&rsquo;\u00e9quipement individuel \u00e0 tout ce qui est n\u00e9cessaire pour l&rsquo;installation: armoire \u00e9lectrovanne, armoire de commande, tuyaux, buses \u00e0 installer dans les silos, etc.<\/p>\n<\/div><\/section><br \/>\n\n<style type=\"text\/css\" data-created_by=\"avia_inline_auto\" id=\"style-css-av-av_image-0655c5b1e1ed40e90e86250cd5ed695f\">\n.avia-image-container.av-av_image-0655c5b1e1ed40e90e86250cd5ed695f img.avia_image{\nbox-shadow:none;\n}\n.avia-image-container.av-av_image-0655c5b1e1ed40e90e86250cd5ed695f .av-image-caption-overlay-center{\ncolor:#ffffff;\n}\n<\/style>\n<div  class='avia-image-container av-av_image-0655c5b1e1ed40e90e86250cd5ed695f av-styling- avia-align-center  avia-builder-el-9  el_after_av_textblock  avia-builder-el-last '   itemprop=\"image\" itemscope=\"itemscope\" itemtype=\"https:\/\/schema.org\/ImageObject\" ><div class=\"avia-image-container-inner\"><div class=\"avia-image-overlay-wrap\"><img decoding=\"async\" fetchpriority=\"high\" class='wp-image-1563 avia-img-lazy-loading-not-1563 avia_image ' src=\"https:\/\/vibrotech-eng.com\/wp-content\/uploads\/2017\/12\/ca\u00f1ones-neumaticos.jpg\" alt='' title='ca\u00f1ones neumaticos'  height=\"295\" width=\"750\"  itemprop=\"thumbnailUrl\" srcset=\"https:\/\/vibrotech-eng.com\/wp-content\/uploads\/2017\/12\/ca\u00f1ones-neumaticos.jpg 750w, https:\/\/vibrotech-eng.com\/wp-content\/uploads\/2017\/12\/ca\u00f1ones-neumaticos-300x118.jpg 300w, https:\/\/vibrotech-eng.com\/wp-content\/uploads\/2017\/12\/ca\u00f1ones-neumaticos-705x277.jpg 705w, https:\/\/vibrotech-eng.com\/wp-content\/uploads\/2017\/12\/ca\u00f1ones-neumaticos-450x177.jpg 450w\" sizes=\"(max-width: 750px) 100vw, 750px\" \/><\/div><\/div><\/div><\/p><\/div>\n<style type=\"text\/css\" data-created_by=\"avia_inline_auto\" id=\"style-css-av-av_hr-e13872f8c9c593a84e874dbf17260545\">\n#top .hr.hr-invisible.av-av_hr-e13872f8c9c593a84e874dbf17260545{\nheight:40px;\n}\n<\/style>\n<div  class='hr av-av_hr-e13872f8c9c593a84e874dbf17260545 hr-invisible  avia-builder-el-10  el_after_av_one_third  el_before_av_masonry_gallery  avia-builder-el-last '><span class='hr-inner '><span class=\"hr-inner-style\"><\/span><\/span><\/div>\n<div id='av-masonry-1' class='av-masonry av-av_masonry_gallery-27e9e1d6c370b1ddec4c5c93442e71f4 noHover av-fixed-size av-large-gap av-hover-overlay- av-masonry-animation-active av-masonry-col-3 av-caption-always av-caption-style- av-masonry-gallery ' data-post_id=\"2172\"><div class=\"av-masonry-container isotope av-js-disabled\"><div class='av-masonry-entry isotope-item av-masonry-item-no-image '><\/div><a href=\"https:\/\/vibrotech-eng.com\/wp-content\/uploads\/2017\/12\/ca\u00f1ones-neumaticos-2.jpg\" data-srcset=\"https:\/\/vibrotech-eng.com\/wp-content\/uploads\/2017\/12\/ca\u00f1ones-neumaticos-2.jpg 748w, https:\/\/vibrotech-eng.com\/wp-content\/uploads\/2017\/12\/ca\u00f1ones-neumaticos-2-300x228.jpg 300w, https:\/\/vibrotech-eng.com\/wp-content\/uploads\/2017\/12\/ca\u00f1ones-neumaticos-2-705x535.jpg 705w, https:\/\/vibrotech-eng.com\/wp-content\/uploads\/2017\/12\/ca\u00f1ones-neumaticos-2-450x342.jpg 450w\" data-sizes=\"(max-width: 748px) 100vw, 748px\"  aria-label=\"image ca\u00f1ones neumaticos 2\"  id='av-masonry-1-item-1557' data-av-masonry-item='1557' class='av-masonry-entry isotope-item post-1557 attachment type-attachment status-inherit hentry  av-masonry-item-with-image' title=\"ca\u00f1ones neumaticos 2\" alt=\"\"    itemprop=\"thumbnailUrl\" ><div class='av-inner-masonry-sizer'><\/div><figure class='av-inner-masonry main_color'><div class=\"av-masonry-outerimage-container\"><div class='av-masonry-image-container' style=\"background-image: url(https:\/\/vibrotech-eng.com\/wp-content\/uploads\/2017\/12\/ca\u00f1ones-neumaticos-2-705x535.jpg);\"  title=\"ca\u00f1ones neumaticos 2\"  ><\/div><\/div><\/figure><\/a><!--end av-masonry entry--><a href=\"https:\/\/vibrotech-eng.com\/wp-content\/uploads\/2017\/12\/ca\u00f1ones-neumaticos-3.jpg\" data-srcset=\"https:\/\/vibrotech-eng.com\/wp-content\/uploads\/2017\/12\/ca\u00f1ones-neumaticos-3.jpg 750w, https:\/\/vibrotech-eng.com\/wp-content\/uploads\/2017\/12\/ca\u00f1ones-neumaticos-3-300x225.jpg 300w, https:\/\/vibrotech-eng.com\/wp-content\/uploads\/2017\/12\/ca\u00f1ones-neumaticos-3-705x529.jpg 705w, https:\/\/vibrotech-eng.com\/wp-content\/uploads\/2017\/12\/ca\u00f1ones-neumaticos-3-450x338.jpg 450w\" data-sizes=\"(max-width: 750px) 100vw, 750px\"  aria-label=\"image ca\u00f1ones neumaticos 3\"  id='av-masonry-1-item-1559' data-av-masonry-item='1559' class='av-masonry-entry isotope-item post-1559 attachment type-attachment status-inherit hentry  av-masonry-item-with-image' title=\"ca\u00f1ones neumaticos 3\" alt=\"\"    itemprop=\"thumbnailUrl\" ><div class='av-inner-masonry-sizer'><\/div><figure class='av-inner-masonry main_color'><div class=\"av-masonry-outerimage-container\"><div class='av-masonry-image-container' style=\"background-image: url(https:\/\/vibrotech-eng.com\/wp-content\/uploads\/2017\/12\/ca\u00f1ones-neumaticos-3-705x529.jpg);\"  title=\"ca\u00f1ones neumaticos 3\"  ><\/div><\/div><\/figure><\/a><!--end av-masonry entry--><a href=\"https:\/\/vibrotech-eng.com\/wp-content\/uploads\/2017\/12\/ca\u00f1ones-neumaticos-4-1030x314.jpg\" data-srcset=\"https:\/\/vibrotech-eng.com\/wp-content\/uploads\/2017\/12\/ca\u00f1ones-neumaticos-4-1030x314.jpg 1030w, https:\/\/vibrotech-eng.com\/wp-content\/uploads\/2017\/12\/ca\u00f1ones-neumaticos-4-300x91.jpg 300w, https:\/\/vibrotech-eng.com\/wp-content\/uploads\/2017\/12\/ca\u00f1ones-neumaticos-4-768x234.jpg 768w, https:\/\/vibrotech-eng.com\/wp-content\/uploads\/2017\/12\/ca\u00f1ones-neumaticos-4-1500x457.jpg 1500w, https:\/\/vibrotech-eng.com\/wp-content\/uploads\/2017\/12\/ca\u00f1ones-neumaticos-4-705x215.jpg 705w, https:\/\/vibrotech-eng.com\/wp-content\/uploads\/2017\/12\/ca\u00f1ones-neumaticos-4-450x137.jpg 450w\" data-sizes=\"(max-width: 1030px) 100vw, 1030px\"  aria-label=\"image ca\u00f1ones neumaticos 4\"  id='av-masonry-1-item-1561' data-av-masonry-item='1561' class='av-masonry-entry isotope-item post-1561 attachment type-attachment status-inherit hentry  av-masonry-item-with-image' title=\"ca\u00f1ones neumaticos 4\" alt=\"\"    itemprop=\"thumbnailUrl\" ><div class='av-inner-masonry-sizer'><\/div><figure class='av-inner-masonry main_color'><div class=\"av-masonry-outerimage-container\"><div class='av-masonry-image-container' style=\"background-image: url(https:\/\/vibrotech-eng.com\/wp-content\/uploads\/2017\/12\/ca\u00f1ones-neumaticos-4-705x215.jpg);\"  title=\"ca\u00f1ones neumaticos 4\"  ><\/div><\/div><\/figure><\/a><!--end av-masonry entry--><\/div><\/div>\n<\/div><\/div><\/main><!-- close content main element --><\/div><\/div><div id='after_section_1'  class='main_color av_default_container_wrap container_wrap sidebar_right'  ><div class='container av-section-cont-open' ><div class='template-page content  av-content-small alpha units'><div class='post-entry post-entry-type-page post-entry-2172'><div class='entry-content-wrapper clearfix'>\n","protected":false},"excerpt":{"rendered":"","protected":false},"author":2,"featured_media":0,"parent":2344,"menu_order":0,"comment_status":"closed","ping_status":"closed","template":"","meta":{"footnotes":""},"class_list":["post-2172","page","type-page","status-publish","hentry"],"yoast_head":"<!-- This site is optimized with the Yoast SEO Premium plugin v20.3 (Yoast SEO v27.5) - https:\/\/yoast.com\/product\/yoast-seo-premium-wordpress\/ -->\n<title>Pneumatique air canons - Vibrotech Engineering S.L<\/title>\n<meta name=\"robots\" content=\"index, follow, max-snippet:-1, max-image-preview:large, max-video-preview:-1\" \/>\n<link rel=\"canonical\" href=\"https:\/\/vibrotech-eng.com\/fr\/produits\/pneumatique-air-canons\/\" \/>\n<meta property=\"og:locale\" content=\"fr_FR\" \/>\n<meta property=\"og:type\" content=\"article\" \/>\n<meta property=\"og:title\" content=\"Pneumatique air canons\" \/>\n<meta property=\"og:url\" content=\"https:\/\/vibrotech-eng.com\/fr\/produits\/pneumatique-air-canons\/\" \/>\n<meta property=\"og:site_name\" content=\"Vibrotech Engineering S.L\" \/>\n<meta property=\"article:modified_time\" content=\"2018-03-26T10:49:23+00:00\" \/>\n<meta name=\"twitter:card\" content=\"summary_large_image\" \/>\n<meta name=\"twitter:label1\" content=\"Dur\u00e9e de lecture estim\u00e9e\" \/>\n\t<meta name=\"twitter:data1\" content=\"3 minutes\" \/>\n<script type=\"application\/ld+json\" class=\"yoast-schema-graph\">{\"@context\":\"https:\\\/\\\/schema.org\",\"@graph\":[{\"@type\":\"WebPage\",\"@id\":\"https:\\\/\\\/vibrotech-eng.com\\\/fr\\\/produits\\\/pneumatique-air-canons\\\/\",\"url\":\"https:\\\/\\\/vibrotech-eng.com\\\/fr\\\/produits\\\/pneumatique-air-canons\\\/\",\"name\":\"Pneumatique air canons - Vibrotech Engineering S.L\",\"isPartOf\":{\"@id\":\"https:\\\/\\\/vibrotech-eng.com\\\/fr\\\/#website\"},\"datePublished\":\"2017-09-25T10:27:46+00:00\",\"dateModified\":\"2018-03-26T10:49:23+00:00\",\"breadcrumb\":{\"@id\":\"https:\\\/\\\/vibrotech-eng.com\\\/fr\\\/produits\\\/pneumatique-air-canons\\\/#breadcrumb\"},\"inLanguage\":\"fr-FR\",\"potentialAction\":[{\"@type\":\"ReadAction\",\"target\":[\"https:\\\/\\\/vibrotech-eng.com\\\/fr\\\/produits\\\/pneumatique-air-canons\\\/\"]}]},{\"@type\":\"BreadcrumbList\",\"@id\":\"https:\\\/\\\/vibrotech-eng.com\\\/fr\\\/produits\\\/pneumatique-air-canons\\\/#breadcrumb\",\"itemListElement\":[{\"@type\":\"ListItem\",\"position\":1,\"name\":\"Accueil\",\"item\":\"https:\\\/\\\/vibrotech-eng.com\\\/fr\\\/accueil\\\/\"},{\"@type\":\"ListItem\",\"position\":2,\"name\":\"Produits\",\"item\":\"https:\\\/\\\/vibrotech-eng.com\\\/fr\\\/produits\\\/\"},{\"@type\":\"ListItem\",\"position\":3,\"name\":\"Pneumatique air canons\"}]},{\"@type\":\"WebSite\",\"@id\":\"https:\\\/\\\/vibrotech-eng.com\\\/fr\\\/#website\",\"url\":\"https:\\\/\\\/vibrotech-eng.com\\\/fr\\\/\",\"name\":\"Vibrotech Engineering S.L\",\"description\":\"Empresa espa\u00f1ola que desarrolla su actividad principal en el dise\u00f1o y fabricaci\u00f3n de maquinaria vibrante\",\"potentialAction\":[{\"@type\":\"SearchAction\",\"target\":{\"@type\":\"EntryPoint\",\"urlTemplate\":\"https:\\\/\\\/vibrotech-eng.com\\\/fr\\\/?s={search_term_string}\"},\"query-input\":{\"@type\":\"PropertyValueSpecification\",\"valueRequired\":true,\"valueName\":\"search_term_string\"}}],\"inLanguage\":\"fr-FR\"}]}<\/script>\n<!-- \/ Yoast SEO Premium plugin. -->","yoast_head_json":{"title":"Pneumatique air canons - Vibrotech Engineering S.L","robots":{"index":"index","follow":"follow","max-snippet":"max-snippet:-1","max-image-preview":"max-image-preview:large","max-video-preview":"max-video-preview:-1"},"canonical":"https:\/\/vibrotech-eng.com\/fr\/produits\/pneumatique-air-canons\/","og_locale":"fr_FR","og_type":"article","og_title":"Pneumatique air canons","og_url":"https:\/\/vibrotech-eng.com\/fr\/produits\/pneumatique-air-canons\/","og_site_name":"Vibrotech Engineering S.L","article_modified_time":"2018-03-26T10:49:23+00:00","twitter_card":"summary_large_image","twitter_misc":{"Dur\u00e9e de lecture estim\u00e9e":"3 minutes"},"schema":{"@context":"https:\/\/schema.org","@graph":[{"@type":"WebPage","@id":"https:\/\/vibrotech-eng.com\/fr\/produits\/pneumatique-air-canons\/","url":"https:\/\/vibrotech-eng.com\/fr\/produits\/pneumatique-air-canons\/","name":"Pneumatique air canons - Vibrotech Engineering S.L","isPartOf":{"@id":"https:\/\/vibrotech-eng.com\/fr\/#website"},"datePublished":"2017-09-25T10:27:46+00:00","dateModified":"2018-03-26T10:49:23+00:00","breadcrumb":{"@id":"https:\/\/vibrotech-eng.com\/fr\/produits\/pneumatique-air-canons\/#breadcrumb"},"inLanguage":"fr-FR","potentialAction":[{"@type":"ReadAction","target":["https:\/\/vibrotech-eng.com\/fr\/produits\/pneumatique-air-canons\/"]}]},{"@type":"BreadcrumbList","@id":"https:\/\/vibrotech-eng.com\/fr\/produits\/pneumatique-air-canons\/#breadcrumb","itemListElement":[{"@type":"ListItem","position":1,"name":"Accueil","item":"https:\/\/vibrotech-eng.com\/fr\/accueil\/"},{"@type":"ListItem","position":2,"name":"Produits","item":"https:\/\/vibrotech-eng.com\/fr\/produits\/"},{"@type":"ListItem","position":3,"name":"Pneumatique air canons"}]},{"@type":"WebSite","@id":"https:\/\/vibrotech-eng.com\/fr\/#website","url":"https:\/\/vibrotech-eng.com\/fr\/","name":"Vibrotech Engineering S.L","description":"Empresa espa\u00f1ola que desarrolla su actividad principal en el dise\u00f1o y fabricaci\u00f3n de maquinaria vibrante","potentialAction":[{"@type":"SearchAction","target":{"@type":"EntryPoint","urlTemplate":"https:\/\/vibrotech-eng.com\/fr\/?s={search_term_string}"},"query-input":{"@type":"PropertyValueSpecification","valueRequired":true,"valueName":"search_term_string"}}],"inLanguage":"fr-FR"}]}},"_links":{"self":[{"href":"https:\/\/vibrotech-eng.com\/fr\/wp-json\/wp\/v2\/pages\/2172","targetHints":{"allow":["GET"]}}],"collection":[{"href":"https:\/\/vibrotech-eng.com\/fr\/wp-json\/wp\/v2\/pages"}],"about":[{"href":"https:\/\/vibrotech-eng.com\/fr\/wp-json\/wp\/v2\/types\/page"}],"author":[{"embeddable":true,"href":"https:\/\/vibrotech-eng.com\/fr\/wp-json\/wp\/v2\/users\/2"}],"replies":[{"embeddable":true,"href":"https:\/\/vibrotech-eng.com\/fr\/wp-json\/wp\/v2\/comments?post=2172"}],"version-history":[{"count":0,"href":"https:\/\/vibrotech-eng.com\/fr\/wp-json\/wp\/v2\/pages\/2172\/revisions"}],"up":[{"embeddable":true,"href":"https:\/\/vibrotech-eng.com\/fr\/wp-json\/wp\/v2\/pages\/2344"}],"wp:attachment":[{"href":"https:\/\/vibrotech-eng.com\/fr\/wp-json\/wp\/v2\/media?parent=2172"}],"curies":[{"name":"wp","href":"https:\/\/api.w.org\/{rel}","templated":true}]}}