{"id":2119,"date":"2017-12-12T13:03:43","date_gmt":"2017-12-12T12:03:43","guid":{"rendered":"http:\/\/vibrotech-eng.com.mialias.net\/escurridores-vibrantes\/"},"modified":"2020-02-19T10:01:48","modified_gmt":"2020-02-19T09:01:48","slug":"egouttoirs-vibrants","status":"publish","type":"page","link":"https:\/\/vibrotech-eng.com\/fr\/egouttoirs-vibrants\/","title":{"rendered":"Egouttoirs vibrants"},"content":{"rendered":"<div id='av_section_1'  class='avia-section av-fc4l6v-f817c5b4a3fa6b62314cc31e6179d18b main_color avia-section-default avia-no-border-styling  avia-builder-el-0  avia-builder-el-no-sibling  avia-bg-style-scroll container_wrap sidebar_right'  ><div class='container av-section-cont-open' ><main  role=\"main\" itemprop=\"mainContentOfPage\"  class='template-page content  av-content-small alpha units'><div class='post-entry post-entry-type-page post-entry-2119'><div class='entry-content-wrapper clearfix'>\n<section  class='av_textblock_section av-eg91gn-bb56fffe278ddc66dc1ed88dfb83035c '   itemscope=\"itemscope\" itemtype=\"https:\/\/schema.org\/CreativeWork\" ><div class='avia_textblock'  itemprop=\"text\" ><h1 style=\"text-align: center;\">Egouttoirs vibrants<\/h1>\n<\/div><\/section>\n<div class='flex_column_table av-bsoyvb-f2260517f183be90a8597ff5b887f098 sc-av_one_third av-equal-height-column-flextable'>\n<style type=\"text\/css\" data-created_by=\"avia_inline_auto\" id=\"style-css-av-bsoyvb-f2260517f183be90a8597ff5b887f098\">\n.flex_column.av-bsoyvb-f2260517f183be90a8597ff5b887f098{\nborder-radius:0px 0px 0px 0px;\npadding:0px 0px 0px 0px;\n}\n<\/style>\n<div  class='flex_column av-bsoyvb-f2260517f183be90a8597ff5b887f098 av_one_third  avia-builder-el-2  el_after_av_textblock  el_before_av_one_third  first flex_column_table_cell av-equal-height-column av-align-middle av-zero-column-padding  column-top-margin'     ><section  class='av_textblock_section av-as6o1z-312838a9f1d0d9bac8d5c37cca34acd8 '   itemscope=\"itemscope\" itemtype=\"https:\/\/schema.org\/CreativeWork\" ><div class='avia_textblock'  itemprop=\"text\" ><p>Les \u00e9gouttoirs vibrantes permettent le s\u00e9chage d&rsquo;un grand nombre de produits principalement des sables humides.<\/p>\n<p>Ils permettent d&rsquo;\u00e9liminer l&rsquo;eau et de r\u00e9duire l&rsquo;humidit\u00e9 pour les processus ult\u00e9rieurs dans diff\u00e9rents mat\u00e9riaux.<\/p>\n<\/div><\/section><\/div><div class='av-flex-placeholder'><\/div>\n<style type=\"text\/css\" data-created_by=\"avia_inline_auto\" id=\"style-css-av-wn8qf-d4a2380ba3c6a21927e5e888c99f554e\">\n.flex_column.av-wn8qf-d4a2380ba3c6a21927e5e888c99f554e{\nborder-radius:0px 0px 0px 0px;\npadding:0px 0px 0px 0px;\n}\n<\/style>\n<div  class='flex_column av-wn8qf-d4a2380ba3c6a21927e5e888c99f554e av_one_third  avia-builder-el-4  el_after_av_one_third  el_before_av_one_third  flex_column_table_cell av-equal-height-column av-align-middle av-zero-column-padding  column-top-margin'     ><section  class='av_textblock_section av-7mot07-e579a970b686adb212e98e594aa6841f '   itemscope=\"itemscope\" itemtype=\"https:\/\/schema.org\/CreativeWork\" ><div class='avia_textblock'  itemprop=\"text\" ><p>La possibilit\u00e9 de le fabriquer avec une pente n\u00e9gative permet d&rsquo;am\u00e9liorer le processus de r\u00e9duction de l&rsquo;humidit\u00e9.<\/p>\n<p>En raison de sa conception, les \u00e9gouttoirs vibratoires peuvent \u00eatre \u00e9quip\u00e9es de diff\u00e9rentes mailles: (grilles en acier inoxydable, maillages en caoutchouc et \/ ou mat\u00e9riaux sp\u00e9ciaux)<\/p>\n<\/div><\/section><\/div><div class='av-flex-placeholder'><\/div>\n<style type=\"text\/css\" data-created_by=\"avia_inline_auto\" id=\"style-css-av-6ipz5z-a3b7160278c37c8f55b8cbf10b972379\">\n.flex_column.av-6ipz5z-a3b7160278c37c8f55b8cbf10b972379{\nborder-radius:0px 0px 0px 0px;\npadding:0px 0px 0px 0px;\n}\n<\/style>\n<div  class='flex_column av-6ipz5z-a3b7160278c37c8f55b8cbf10b972379 av_one_third  avia-builder-el-6  el_after_av_one_third  el_before_av_hr  flex_column_table_cell av-equal-height-column av-align-middle av-zero-column-padding  column-top-margin'     ><style type=\"text\/css\" data-created_by=\"avia_inline_auto\" id=\"style-css-av-486vaf-8e2538db61e1e9c1920df738333d5b81\">\n.avia-image-container.av-486vaf-8e2538db61e1e9c1920df738333d5b81 img.avia_image{\nbox-shadow:none;\n}\n.avia-image-container.av-486vaf-8e2538db61e1e9c1920df738333d5b81 .av-image-caption-overlay-center{\ncolor:#ffffff;\n}\n<\/style>\n<div  class='avia-image-container av-486vaf-8e2538db61e1e9c1920df738333d5b81 av-styling- avia-align-center  avia-builder-el-7  avia-builder-el-no-sibling '   itemprop=\"image\" itemscope=\"itemscope\" itemtype=\"https:\/\/schema.org\/ImageObject\" ><div class=\"avia-image-container-inner\"><div class=\"avia-image-overlay-wrap\"><img decoding=\"async\" fetchpriority=\"high\" class='wp-image-1841 avia-img-lazy-loading-not-1841 avia_image ' src=\"https:\/\/vibrotech-eng.com\/wp-content\/uploads\/2017\/12\/ESCURRIDORES.jpg\" alt='' title='ESCURRIDORES'  height=\"525\" width=\"700\"  itemprop=\"thumbnailUrl\" srcset=\"https:\/\/vibrotech-eng.com\/wp-content\/uploads\/2017\/12\/ESCURRIDORES.jpg 700w, https:\/\/vibrotech-eng.com\/wp-content\/uploads\/2017\/12\/ESCURRIDORES-300x225.jpg 300w, https:\/\/vibrotech-eng.com\/wp-content\/uploads\/2017\/12\/ESCURRIDORES-450x338.jpg 450w\" sizes=\"(max-width: 700px) 100vw, 700px\" \/><\/div><\/div><\/div><\/div><\/div><!--close column table wrapper. Autoclose: 1 -->\n<style type=\"text\/css\" data-created_by=\"avia_inline_auto\" id=\"style-css-av-2l53if-c58061fbe0aa894751567fa35b7eaabd\">\n#top .hr.hr-invisible.av-2l53if-c58061fbe0aa894751567fa35b7eaabd{\nheight:40px;\n}\n<\/style>\n<div  class='hr av-2l53if-c58061fbe0aa894751567fa35b7eaabd hr-invisible  avia-builder-el-8  el_after_av_one_third  el_before_av_masonry_gallery  avia-builder-el-last '><span class='hr-inner '><span class=\"hr-inner-style\"><\/span><\/span><\/div>\n<div id='av-masonry-1' class='av-masonry av-jy49rqgy-3bc089938c903bc6f9e85bb6d09f0e29 noHover av-fixed-size av-large-gap av-hover-overlay- av-masonry-animation-active av-masonry-col-3 av-caption-always av-caption-style- av-masonry-gallery ' data-post_id=\"2119\"><div class=\"av-masonry-container isotope av-js-disabled\"><div class='av-masonry-entry isotope-item av-masonry-item-no-image '><\/div><a href=\"https:\/\/vibrotech-eng.com\/wp-content\/uploads\/2019\/07\/escurridores.jpg\" data-srcset=\"https:\/\/vibrotech-eng.com\/wp-content\/uploads\/2019\/07\/escurridores.jpg 1000w, https:\/\/vibrotech-eng.com\/wp-content\/uploads\/2019\/07\/escurridores-300x199.jpg 300w, https:\/\/vibrotech-eng.com\/wp-content\/uploads\/2019\/07\/escurridores-768x509.jpg 768w, https:\/\/vibrotech-eng.com\/wp-content\/uploads\/2019\/07\/escurridores-705x467.jpg 705w, https:\/\/vibrotech-eng.com\/wp-content\/uploads\/2019\/07\/escurridores-450x298.jpg 450w\" data-sizes=\"(max-width: 1000px) 100vw, 1000px\"  aria-label=\"image escurridores\"  id='av-masonry-1-item-4017' data-av-masonry-item='4017' class='av-masonry-entry isotope-item post-4017 attachment type-attachment status-inherit hentry  av-masonry-item-with-image' title=\"escurridores\" alt=\"escurridores\"    itemprop=\"thumbnailUrl\" ><div class='av-inner-masonry-sizer'><\/div><figure class='av-inner-masonry main_color'><div class=\"av-masonry-outerimage-container\"><div class='av-masonry-image-container' style=\"background-image: url(https:\/\/vibrotech-eng.com\/wp-content\/uploads\/2019\/07\/escurridores-705x467.jpg);\"  title=\"escurridores\"   alt=\"escurridores\" ><\/div><\/div><\/figure><\/a><!--end av-masonry entry--><a href=\"https:\/\/vibrotech-eng.com\/wp-content\/uploads\/2020\/02\/20200122_115520-3-684x1030.jpg\" data-srcset=\"https:\/\/vibrotech-eng.com\/wp-content\/uploads\/2020\/02\/20200122_115520-3-684x1030.jpg 684w, https:\/\/vibrotech-eng.com\/wp-content\/uploads\/2020\/02\/20200122_115520-3-199x300.jpg 199w, https:\/\/vibrotech-eng.com\/wp-content\/uploads\/2020\/02\/20200122_115520-3-768x1156.jpg 768w, https:\/\/vibrotech-eng.com\/wp-content\/uploads\/2020\/02\/20200122_115520-3-996x1500.jpg 996w, https:\/\/vibrotech-eng.com\/wp-content\/uploads\/2020\/02\/20200122_115520-3-468x705.jpg 468w, https:\/\/vibrotech-eng.com\/wp-content\/uploads\/2020\/02\/20200122_115520-3.jpg 1189w\" data-sizes=\"(max-width: 684px) 100vw, 684px\"  aria-label=\"image 20200122_115520\"  id='av-masonry-1-item-4338' data-av-masonry-item='4338' class='av-masonry-entry isotope-item post-4338 attachment type-attachment status-inherit hentry  av-masonry-item-with-image' title=\"20200122_115520\" alt=\"\"    itemprop=\"thumbnailUrl\" ><div class='av-inner-masonry-sizer'><\/div><figure class='av-inner-masonry main_color'><div class=\"av-masonry-outerimage-container\"><div class='av-masonry-image-container' style=\"background-image: url(https:\/\/vibrotech-eng.com\/wp-content\/uploads\/2020\/02\/20200122_115520-3-468x705.jpg);\"  title=\"20200122_115520\"  ><\/div><\/div><\/figure><\/a><!--end av-masonry entry--><a href=\"https:\/\/vibrotech-eng.com\/wp-content\/uploads\/2017\/12\/ESCURRIDORES-vibrantes.jpg\" data-srcset=\"https:\/\/vibrotech-eng.com\/wp-content\/uploads\/2017\/12\/ESCURRIDORES-vibrantes.jpg 757w, https:\/\/vibrotech-eng.com\/wp-content\/uploads\/2017\/12\/ESCURRIDORES-vibrantes-300x240.jpg 300w, https:\/\/vibrotech-eng.com\/wp-content\/uploads\/2017\/12\/ESCURRIDORES-vibrantes-705x563.jpg 705w, https:\/\/vibrotech-eng.com\/wp-content\/uploads\/2017\/12\/ESCURRIDORES-vibrantes-450x360.jpg 450w\" data-sizes=\"(max-width: 757px) 100vw, 757px\"  aria-label=\"image ESCURRIDORES-vibrantes\"  id='av-masonry-1-item-1843' data-av-masonry-item='1843' class='av-masonry-entry isotope-item post-1843 attachment type-attachment status-inherit hentry  av-masonry-item-with-image' title=\"ESCURRIDORES-vibrantes\" alt=\"\"    itemprop=\"thumbnailUrl\" ><div class='av-inner-masonry-sizer'><\/div><figure class='av-inner-masonry main_color'><div class=\"av-masonry-outerimage-container\"><div class='av-masonry-image-container' style=\"background-image: url(https:\/\/vibrotech-eng.com\/wp-content\/uploads\/2017\/12\/ESCURRIDORES-vibrantes-705x563.jpg);\"  title=\"ESCURRIDORES-vibrantes\"  ><\/div><\/div><\/figure><\/a><!--end av-masonry entry--><a href=\"https:\/\/vibrotech-eng.com\/wp-content\/uploads\/2017\/12\/ESCURRIDORES-vibrantes-2.jpg\" data-srcset=\"https:\/\/vibrotech-eng.com\/wp-content\/uploads\/2017\/12\/ESCURRIDORES-vibrantes-2.jpg 630w, https:\/\/vibrotech-eng.com\/wp-content\/uploads\/2017\/12\/ESCURRIDORES-vibrantes-2-222x300.jpg 222w, https:\/\/vibrotech-eng.com\/wp-content\/uploads\/2017\/12\/ESCURRIDORES-vibrantes-2-523x705.jpg 523w, https:\/\/vibrotech-eng.com\/wp-content\/uploads\/2017\/12\/ESCURRIDORES-vibrantes-2-450x607.jpg 450w\" data-sizes=\"(max-width: 630px) 100vw, 630px\"  aria-label=\"image ESCURRIDORES-vibrantes-2\"  id='av-masonry-1-item-1845' data-av-masonry-item='1845' class='av-masonry-entry isotope-item post-1845 attachment type-attachment status-inherit hentry  av-masonry-item-with-image' title=\"ESCURRIDORES-vibrantes-2\" alt=\"\"    itemprop=\"thumbnailUrl\" ><div class='av-inner-masonry-sizer'><\/div><figure class='av-inner-masonry main_color'><div class=\"av-masonry-outerimage-container\"><div class='av-masonry-image-container' style=\"background-image: url(https:\/\/vibrotech-eng.com\/wp-content\/uploads\/2017\/12\/ESCURRIDORES-vibrantes-2-523x705.jpg);\"  title=\"ESCURRIDORES-vibrantes-2\"  ><\/div><\/div><\/figure><\/a><!--end av-masonry entry--><a href=\"https:\/\/vibrotech-eng.com\/wp-content\/uploads\/2017\/12\/escurridores-vibrantes-3.jpg\" data-srcset=\"https:\/\/vibrotech-eng.com\/wp-content\/uploads\/2017\/12\/escurridores-vibrantes-3.jpg 750w, https:\/\/vibrotech-eng.com\/wp-content\/uploads\/2017\/12\/escurridores-vibrantes-3-300x225.jpg 300w, https:\/\/vibrotech-eng.com\/wp-content\/uploads\/2017\/12\/escurridores-vibrantes-3-705x529.jpg 705w, https:\/\/vibrotech-eng.com\/wp-content\/uploads\/2017\/12\/escurridores-vibrantes-3-450x338.jpg 450w\" data-sizes=\"(max-width: 750px) 100vw, 750px\"  aria-label=\"image escurridores vibrantes 3\"  id='av-masonry-1-item-1509' data-av-masonry-item='1509' class='av-masonry-entry isotope-item post-1509 attachment type-attachment status-inherit hentry  av-masonry-item-with-image' title=\"escurridores vibrantes 3\" alt=\"\"    itemprop=\"thumbnailUrl\" ><div class='av-inner-masonry-sizer'><\/div><figure class='av-inner-masonry main_color'><div class=\"av-masonry-outerimage-container\"><div class='av-masonry-image-container' style=\"background-image: url(https:\/\/vibrotech-eng.com\/wp-content\/uploads\/2017\/12\/escurridores-vibrantes-3-705x529.jpg);\"  title=\"escurridores vibrantes 3\"  ><\/div><\/div><\/figure><\/a><!--end av-masonry entry--><a href=\"https:\/\/vibrotech-eng.com\/wp-content\/uploads\/2017\/12\/escurridores-vibrantes.jpg\" data-srcset=\"https:\/\/vibrotech-eng.com\/wp-content\/uploads\/2017\/12\/escurridores-vibrantes.jpg 750w, https:\/\/vibrotech-eng.com\/wp-content\/uploads\/2017\/12\/escurridores-vibrantes-281x300.jpg 281w, https:\/\/vibrotech-eng.com\/wp-content\/uploads\/2017\/12\/escurridores-vibrantes-661x705.jpg 661w, https:\/\/vibrotech-eng.com\/wp-content\/uploads\/2017\/12\/escurridores-vibrantes-450x480.jpg 450w\" data-sizes=\"(max-width: 750px) 100vw, 750px\"  aria-label=\"image escurridores vibrantes\"  id='av-masonry-1-item-1513' data-av-masonry-item='1513' class='av-masonry-entry isotope-item post-1513 attachment type-attachment status-inherit hentry  av-masonry-item-with-image' title=\"escurridores vibrantes\" alt=\"\"    itemprop=\"thumbnailUrl\" ><div class='av-inner-masonry-sizer'><\/div><figure class='av-inner-masonry main_color'><div class=\"av-masonry-outerimage-container\"><div class='av-masonry-image-container' style=\"background-image: url(https:\/\/vibrotech-eng.com\/wp-content\/uploads\/2017\/12\/escurridores-vibrantes-661x705.jpg);\"  title=\"escurridores vibrantes\"  ><\/div><\/div><\/figure><\/a><!--end av-masonry entry--><\/div><\/div>\n<\/div><\/div><\/main><!-- close content main element --><\/div><\/div><div id='after_section_1'  class='main_color av_default_container_wrap container_wrap sidebar_right'  ><div class='container av-section-cont-open' ><div class='template-page content  av-content-small alpha units'><div class='post-entry post-entry-type-page post-entry-2119'><div class='entry-content-wrapper clearfix'>\n","protected":false},"excerpt":{"rendered":"","protected":false},"author":2,"featured_media":0,"parent":0,"menu_order":0,"comment_status":"closed","ping_status":"closed","template":"","meta":{"footnotes":""},"class_list":["post-2119","page","type-page","status-publish","hentry"],"yoast_head":"<!-- This site is optimized with the Yoast SEO Premium plugin v20.3 (Yoast SEO v27.4) - https:\/\/yoast.com\/product\/yoast-seo-premium-wordpress\/ -->\n<title>Egouttoirs vibrants - Vibrotech Engineering S.L<\/title>\n<meta name=\"robots\" content=\"index, follow, max-snippet:-1, max-image-preview:large, max-video-preview:-1\" \/>\n<link rel=\"canonical\" href=\"https:\/\/vibrotech-eng.com\/fr\/egouttoirs-vibrants\/\" \/>\n<meta property=\"og:locale\" content=\"fr_FR\" \/>\n<meta property=\"og:type\" content=\"article\" \/>\n<meta property=\"og:title\" content=\"Egouttoirs vibrants\" \/>\n<meta property=\"og:url\" content=\"https:\/\/vibrotech-eng.com\/fr\/egouttoirs-vibrants\/\" \/>\n<meta property=\"og:site_name\" content=\"Vibrotech Engineering S.L\" \/>\n<meta property=\"article:modified_time\" content=\"2020-02-19T09:01:48+00:00\" \/>\n<meta name=\"twitter:card\" content=\"summary_large_image\" \/>\n<meta name=\"twitter:label1\" content=\"Dur\u00e9e de lecture estim\u00e9e\" \/>\n\t<meta name=\"twitter:data1\" content=\"3 minutes\" \/>\n<script type=\"application\/ld+json\" class=\"yoast-schema-graph\">{\"@context\":\"https:\\\/\\\/schema.org\",\"@graph\":[{\"@type\":\"WebPage\",\"@id\":\"https:\\\/\\\/vibrotech-eng.com\\\/fr\\\/egouttoirs-vibrants\\\/\",\"url\":\"https:\\\/\\\/vibrotech-eng.com\\\/fr\\\/egouttoirs-vibrants\\\/\",\"name\":\"Egouttoirs vibrants - Vibrotech Engineering S.L\",\"isPartOf\":{\"@id\":\"https:\\\/\\\/vibrotech-eng.com\\\/fr\\\/#website\"},\"datePublished\":\"2017-12-12T12:03:43+00:00\",\"dateModified\":\"2020-02-19T09:01:48+00:00\",\"breadcrumb\":{\"@id\":\"https:\\\/\\\/vibrotech-eng.com\\\/fr\\\/egouttoirs-vibrants\\\/#breadcrumb\"},\"inLanguage\":\"fr-FR\",\"potentialAction\":[{\"@type\":\"ReadAction\",\"target\":[\"https:\\\/\\\/vibrotech-eng.com\\\/fr\\\/egouttoirs-vibrants\\\/\"]}]},{\"@type\":\"BreadcrumbList\",\"@id\":\"https:\\\/\\\/vibrotech-eng.com\\\/fr\\\/egouttoirs-vibrants\\\/#breadcrumb\",\"itemListElement\":[{\"@type\":\"ListItem\",\"position\":1,\"name\":\"Accueil\",\"item\":\"https:\\\/\\\/vibrotech-eng.com\\\/fr\\\/accueil\\\/\"},{\"@type\":\"ListItem\",\"position\":2,\"name\":\"Egouttoirs vibrants\"}]},{\"@type\":\"WebSite\",\"@id\":\"https:\\\/\\\/vibrotech-eng.com\\\/fr\\\/#website\",\"url\":\"https:\\\/\\\/vibrotech-eng.com\\\/fr\\\/\",\"name\":\"Vibrotech Engineering S.L\",\"description\":\"Empresa espa\u00f1ola que desarrolla su actividad principal en el dise\u00f1o y fabricaci\u00f3n de maquinaria vibrante\",\"potentialAction\":[{\"@type\":\"SearchAction\",\"target\":{\"@type\":\"EntryPoint\",\"urlTemplate\":\"https:\\\/\\\/vibrotech-eng.com\\\/fr\\\/?s={search_term_string}\"},\"query-input\":{\"@type\":\"PropertyValueSpecification\",\"valueRequired\":true,\"valueName\":\"search_term_string\"}}],\"inLanguage\":\"fr-FR\"}]}<\/script>\n<!-- \/ Yoast SEO Premium plugin. -->","yoast_head_json":{"title":"Egouttoirs vibrants - Vibrotech Engineering S.L","robots":{"index":"index","follow":"follow","max-snippet":"max-snippet:-1","max-image-preview":"max-image-preview:large","max-video-preview":"max-video-preview:-1"},"canonical":"https:\/\/vibrotech-eng.com\/fr\/egouttoirs-vibrants\/","og_locale":"fr_FR","og_type":"article","og_title":"Egouttoirs vibrants","og_url":"https:\/\/vibrotech-eng.com\/fr\/egouttoirs-vibrants\/","og_site_name":"Vibrotech Engineering S.L","article_modified_time":"2020-02-19T09:01:48+00:00","twitter_card":"summary_large_image","twitter_misc":{"Dur\u00e9e de lecture estim\u00e9e":"3 minutes"},"schema":{"@context":"https:\/\/schema.org","@graph":[{"@type":"WebPage","@id":"https:\/\/vibrotech-eng.com\/fr\/egouttoirs-vibrants\/","url":"https:\/\/vibrotech-eng.com\/fr\/egouttoirs-vibrants\/","name":"Egouttoirs vibrants - Vibrotech Engineering S.L","isPartOf":{"@id":"https:\/\/vibrotech-eng.com\/fr\/#website"},"datePublished":"2017-12-12T12:03:43+00:00","dateModified":"2020-02-19T09:01:48+00:00","breadcrumb":{"@id":"https:\/\/vibrotech-eng.com\/fr\/egouttoirs-vibrants\/#breadcrumb"},"inLanguage":"fr-FR","potentialAction":[{"@type":"ReadAction","target":["https:\/\/vibrotech-eng.com\/fr\/egouttoirs-vibrants\/"]}]},{"@type":"BreadcrumbList","@id":"https:\/\/vibrotech-eng.com\/fr\/egouttoirs-vibrants\/#breadcrumb","itemListElement":[{"@type":"ListItem","position":1,"name":"Accueil","item":"https:\/\/vibrotech-eng.com\/fr\/accueil\/"},{"@type":"ListItem","position":2,"name":"Egouttoirs vibrants"}]},{"@type":"WebSite","@id":"https:\/\/vibrotech-eng.com\/fr\/#website","url":"https:\/\/vibrotech-eng.com\/fr\/","name":"Vibrotech Engineering S.L","description":"Empresa espa\u00f1ola que desarrolla su actividad principal en el dise\u00f1o y fabricaci\u00f3n de maquinaria vibrante","potentialAction":[{"@type":"SearchAction","target":{"@type":"EntryPoint","urlTemplate":"https:\/\/vibrotech-eng.com\/fr\/?s={search_term_string}"},"query-input":{"@type":"PropertyValueSpecification","valueRequired":true,"valueName":"search_term_string"}}],"inLanguage":"fr-FR"}]}},"_links":{"self":[{"href":"https:\/\/vibrotech-eng.com\/fr\/wp-json\/wp\/v2\/pages\/2119","targetHints":{"allow":["GET"]}}],"collection":[{"href":"https:\/\/vibrotech-eng.com\/fr\/wp-json\/wp\/v2\/pages"}],"about":[{"href":"https:\/\/vibrotech-eng.com\/fr\/wp-json\/wp\/v2\/types\/page"}],"author":[{"embeddable":true,"href":"https:\/\/vibrotech-eng.com\/fr\/wp-json\/wp\/v2\/users\/2"}],"replies":[{"embeddable":true,"href":"https:\/\/vibrotech-eng.com\/fr\/wp-json\/wp\/v2\/comments?post=2119"}],"version-history":[{"count":0,"href":"https:\/\/vibrotech-eng.com\/fr\/wp-json\/wp\/v2\/pages\/2119\/revisions"}],"wp:attachment":[{"href":"https:\/\/vibrotech-eng.com\/fr\/wp-json\/wp\/v2\/media?parent=2119"}],"curies":[{"name":"wp","href":"https:\/\/api.w.org\/{rel}","templated":true}]}}