{"id":2082,"date":"2017-09-25T12:15:23","date_gmt":"2017-09-25T10:15:23","guid":{"rendered":"http:\/\/vibrotech-eng.com.mialias.net\/precribadores-grizlies-scalpers\/"},"modified":"2018-09-13T16:56:47","modified_gmt":"2018-09-13T14:56:47","slug":"unites-de-pre-criblage-et-egouttoirs","status":"publish","type":"page","link":"https:\/\/vibrotech-eng.com\/fr\/produits\/unites-de-pre-criblage-et-egouttoirs\/","title":{"rendered":"Unit\u00e9s de pr\u00e9-criblage"},"content":{"rendered":"<div id='av_section_1'  class='avia-section av-av_section-2f8a4d5d3ebd9c637093dc8e14b646e9 main_color avia-section-default avia-no-border-styling  avia-builder-el-0  avia-builder-el-no-sibling  avia-bg-style-scroll container_wrap sidebar_right'  ><div class='container av-section-cont-open' ><main  role=\"main\" itemprop=\"mainContentOfPage\"  class='template-page content  av-content-small alpha units'><div class='post-entry post-entry-type-page post-entry-2082'><div class='entry-content-wrapper clearfix'>\n<section  class='av_textblock_section av-av_textblock-2bd894dbf2e4bf2c4acf98ce4fbf94aa '   itemscope=\"itemscope\" itemtype=\"https:\/\/schema.org\/CreativeWork\" ><div class='avia_textblock'  itemprop=\"text\" ><h1 style=\"text-align: center;\">Unit\u00e9s de pr\u00e9-criblage-grizzlies-scalpers<\/h1>\n<\/div><\/section>\n\n<style type=\"text\/css\" data-created_by=\"avia_inline_auto\" id=\"style-css-av-av_hr-0645478af54715b75905f78d46849be0\">\n#top .hr.hr-invisible.av-av_hr-0645478af54715b75905f78d46849be0{\nheight:50px;\n}\n<\/style>\n<div  class='hr av-av_hr-0645478af54715b75905f78d46849be0 hr-invisible  avia-builder-el-2  el_after_av_textblock  el_before_av_one_third '><span class='hr-inner '><span class=\"hr-inner-style\"><\/span><\/span><\/div>\n\n<style type=\"text\/css\" data-created_by=\"avia_inline_auto\" id=\"style-css-av-av_one_third-aaf5ea56e219d627ccd339512534768b\">\n.flex_column.av-av_one_third-aaf5ea56e219d627ccd339512534768b{\nborder-radius:0px 0px 0px 0px;\npadding:0px 0px 0px 0px;\n}\n<\/style>\n<div  class='flex_column av-av_one_third-aaf5ea56e219d627ccd339512534768b av_one_third  avia-builder-el-3  el_after_av_hr  el_before_av_one_third  first flex_column_div av-zero-column-padding  '     ><section  class='av_textblock_section av-av_textblock-2bd894dbf2e4bf2c4acf98ce4fbf94aa '   itemscope=\"itemscope\" itemtype=\"https:\/\/schema.org\/CreativeWork\" ><div class='avia_textblock'  itemprop=\"text\" ><p>Vibrotech Engineering S.L. r\u00e9alise la conception et la fabrication de grizzlies et de scalpeurs vibrants principalement pour l&rsquo;industrie de l&rsquo;extraction des granulats (carri\u00e8res, gravi\u00e8res et mines) et des usines de recyclage RSU et RCD.<\/p>\n<p>Ces machines sont g\u00e9n\u00e9ralement entra\u00een\u00e9es par des excitateurs \u00e0 engrenages pour les grands mod\u00e8les ou avec des vibrateurs \u00e0 moteur \u00e9lectrique pour les petites tailles. Le variateur est s\u00e9lectionn\u00e9 en fonction de la taille du grizzly et du d\u00e9bit \u00e0 traiter.<\/p>\n<\/div><\/section><\/div>\n<style type=\"text\/css\" data-created_by=\"avia_inline_auto\" id=\"style-css-av-av_one_third-c8fc129dc35fd1ae2a1e410224d39ea8\">\n.flex_column.av-av_one_third-c8fc129dc35fd1ae2a1e410224d39ea8{\nborder-radius:0px 0px 0px 0px;\npadding:0px 0px 0px 0px;\n}\n<\/style>\n<div  class='flex_column av-av_one_third-c8fc129dc35fd1ae2a1e410224d39ea8 av_one_third  avia-builder-el-5  el_after_av_one_third  el_before_av_one_third  flex_column_div av-zero-column-padding  '     ><section  class='av_textblock_section av-av_textblock-2bd894dbf2e4bf2c4acf98ce4fbf94aa '   itemscope=\"itemscope\" itemtype=\"https:\/\/schema.org\/CreativeWork\" ><div class='avia_textblock'  itemprop=\"text\" ><p>Les machines sont con\u00e7ues avec une grande robustesse, en raison des travaux exigeants auxquels elles sont soumises<br \/>\n.<br \/>\nEn g\u00e9n\u00e9ral, l&rsquo;utilisation des grizzlies et des scalpeurs consiste \u00e0 r\u00e9duire la production de fines dans les broyeurs \u00e0 concasseurs et les concasseurs \u00e0 m\u00e2choires en \u00e9liminant les mati\u00e8res fines avant d&rsquo;y p\u00e9n\u00e9trer<\/p>\n<p>Les grizzlies et les scalpers peuvent \u00eatre fabriqu\u00e9s avec diff\u00e9rentes configurations en fonction de l&rsquo;op\u00e9ration. De m\u00eame, tous les types de grilles peuvent \u00eatre adapt\u00e9s pour la s\u00e9paration de mat\u00e9riaux fins.<\/p>\n<\/div><\/section><\/div>\n<style type=\"text\/css\" data-created_by=\"avia_inline_auto\" id=\"style-css-av-av_one_third-c8fc129dc35fd1ae2a1e410224d39ea8\">\n.flex_column.av-av_one_third-c8fc129dc35fd1ae2a1e410224d39ea8{\nborder-radius:0px 0px 0px 0px;\npadding:0px 0px 0px 0px;\n}\n<\/style>\n<div  class='flex_column av-av_one_third-c8fc129dc35fd1ae2a1e410224d39ea8 av_one_third  avia-builder-el-7  el_after_av_one_third  el_before_av_hr  flex_column_div av-zero-column-padding  '     ><style type=\"text\/css\" data-created_by=\"avia_inline_auto\" id=\"style-css-av-av_image-cebe3a18abf28dc624ec086b5d6b8f2f\">\n.avia-image-container.av-av_image-cebe3a18abf28dc624ec086b5d6b8f2f img.avia_image{\nbox-shadow:none;\n}\n.avia-image-container.av-av_image-cebe3a18abf28dc624ec086b5d6b8f2f .av-image-caption-overlay-center{\ncolor:#ffffff;\n}\n<\/style>\n<div  class='avia-image-container av-av_image-cebe3a18abf28dc624ec086b5d6b8f2f av-styling- avia-align-center  avia-builder-el-8  avia-builder-el-no-sibling '   itemprop=\"image\" itemscope=\"itemscope\" itemtype=\"https:\/\/schema.org\/ImageObject\" ><div class=\"avia-image-container-inner\"><div class=\"avia-image-overlay-wrap\"><img decoding=\"async\" fetchpriority=\"high\" class='wp-image-1837 avia-img-lazy-loading-not-1837 avia_image ' src=\"https:\/\/vibrotech-eng.com\/wp-content\/uploads\/2017\/12\/PRECRIBADORES-GRIZZLIES-SCALPERS.jpg\" alt='' title='Escurridores&lt;br \/&gt;Vibrantes'  height=\"525\" width=\"700\"  itemprop=\"thumbnailUrl\" srcset=\"https:\/\/vibrotech-eng.com\/wp-content\/uploads\/2017\/12\/PRECRIBADORES-GRIZZLIES-SCALPERS.jpg 700w, https:\/\/vibrotech-eng.com\/wp-content\/uploads\/2017\/12\/PRECRIBADORES-GRIZZLIES-SCALPERS-300x225.jpg 300w, https:\/\/vibrotech-eng.com\/wp-content\/uploads\/2017\/12\/PRECRIBADORES-GRIZZLIES-SCALPERS-450x338.jpg 450w\" sizes=\"(max-width: 700px) 100vw, 700px\" \/><\/div><\/div><\/div><\/div>\n<style type=\"text\/css\" data-created_by=\"avia_inline_auto\" id=\"style-css-av-av_hr-0645478af54715b75905f78d46849be0\">\n#top .hr.hr-invisible.av-av_hr-0645478af54715b75905f78d46849be0{\nheight:50px;\n}\n<\/style>\n<div  class='hr av-av_hr-0645478af54715b75905f78d46849be0 hr-invisible  avia-builder-el-9  el_after_av_one_third  el_before_av_masonry_gallery  avia-builder-el-last '><span class='hr-inner '><span class=\"hr-inner-style\"><\/span><\/span><\/div>\n<div id='av-masonry-1' class='av-masonry av-av_masonry_gallery-dc27ad1c863384b7ab2d22fab2b514ca noHover av-fixed-size av-large-gap av-hover-overlay- av-masonry-animation-active av-masonry-col-4 av-caption-always av-caption-style- av-masonry-gallery ' data-post_id=\"2082\"><div class=\"av-masonry-container isotope av-js-disabled\"><div class='av-masonry-entry isotope-item av-masonry-item-no-image '><\/div><a href=\"https:\/\/vibrotech-eng.com\/wp-content\/uploads\/2017\/12\/PRECRIBADORES-GRIZZLIES-SCALPERS.jpg\" data-srcset=\"https:\/\/vibrotech-eng.com\/wp-content\/uploads\/2017\/12\/PRECRIBADORES-GRIZZLIES-SCALPERS.jpg 700w, https:\/\/vibrotech-eng.com\/wp-content\/uploads\/2017\/12\/PRECRIBADORES-GRIZZLIES-SCALPERS-300x225.jpg 300w, https:\/\/vibrotech-eng.com\/wp-content\/uploads\/2017\/12\/PRECRIBADORES-GRIZZLIES-SCALPERS-450x338.jpg 450w\" data-sizes=\"(max-width: 700px) 100vw, 700px\"  aria-label=\"image Escurridores&lt;br \/&gt;Vibrantes\"  id='av-masonry-1-item-1837' data-av-masonry-item='1837' class='av-masonry-entry isotope-item post-1837 attachment type-attachment status-inherit hentry  av-masonry-item-with-image' title=\"Escurridores&lt;br \/&gt;Vibrantes\" alt=\"\"    itemprop=\"thumbnailUrl\" ><div class='av-inner-masonry-sizer'><\/div><figure class='av-inner-masonry main_color'><div class=\"av-masonry-outerimage-container\"><div class='av-masonry-image-container' style=\"background-image: url(https:\/\/vibrotech-eng.com\/wp-content\/uploads\/2017\/12\/PRECRIBADORES-GRIZZLIES-SCALPERS.jpg);\"  title=\"Escurridores&lt;br \/&gt;Vibrantes\"  ><\/div><\/div><\/figure><\/a><!--end av-masonry entry--><a href=\"https:\/\/vibrotech-eng.com\/wp-content\/uploads\/2017\/09\/Precribadores-y-Escurridores-2-1.jpg\" data-srcset=\"https:\/\/vibrotech-eng.com\/wp-content\/uploads\/2017\/09\/Precribadores-y-Escurridores-2-1.jpg 750w, https:\/\/vibrotech-eng.com\/wp-content\/uploads\/2017\/09\/Precribadores-y-Escurridores-2-1-300x170.jpg 300w, https:\/\/vibrotech-eng.com\/wp-content\/uploads\/2017\/09\/Precribadores-y-Escurridores-2-1-705x399.jpg 705w, https:\/\/vibrotech-eng.com\/wp-content\/uploads\/2017\/09\/Precribadores-y-Escurridores-2-1-450x254.jpg 450w\" data-sizes=\"(max-width: 750px) 100vw, 750px\"  aria-label=\"image Precribadores y Escurridores 2\"  id='av-masonry-1-item-1483' data-av-masonry-item='1483' class='av-masonry-entry isotope-item post-1483 attachment type-attachment status-inherit hentry  av-masonry-item-with-image' title=\"Precribadores y Escurridores 2\" alt=\"\"    itemprop=\"thumbnailUrl\" ><div class='av-inner-masonry-sizer'><\/div><figure class='av-inner-masonry main_color'><div class=\"av-masonry-outerimage-container\"><div class='av-masonry-image-container' style=\"background-image: url(https:\/\/vibrotech-eng.com\/wp-content\/uploads\/2017\/09\/Precribadores-y-Escurridores-2-1-705x399.jpg);\"  title=\"Precribadores y Escurridores 2\"  ><\/div><\/div><\/figure><\/a><!--end av-masonry entry--><a href=\"https:\/\/vibrotech-eng.com\/wp-content\/uploads\/2017\/09\/Precribadores-y-Escurridores-4-1.jpg\" data-srcset=\"https:\/\/vibrotech-eng.com\/wp-content\/uploads\/2017\/09\/Precribadores-y-Escurridores-4-1.jpg 600w, https:\/\/vibrotech-eng.com\/wp-content\/uploads\/2017\/09\/Precribadores-y-Escurridores-4-1-300x249.jpg 300w, https:\/\/vibrotech-eng.com\/wp-content\/uploads\/2017\/09\/Precribadores-y-Escurridores-4-1-450x373.jpg 450w\" data-sizes=\"(max-width: 600px) 100vw, 600px\"  aria-label=\"image CATALOGO GENERAL V11\"  id='av-masonry-1-item-1485' data-av-masonry-item='1485' class='av-masonry-entry isotope-item post-1485 attachment type-attachment status-inherit hentry  av-masonry-item-with-image' title=\"CATALOGO GENERAL V11\" alt=\"\"    itemprop=\"thumbnailUrl\" ><div class='av-inner-masonry-sizer'><\/div><figure class='av-inner-masonry main_color'><div class=\"av-masonry-outerimage-container\"><div class='av-masonry-image-container' style=\"background-image: url(https:\/\/vibrotech-eng.com\/wp-content\/uploads\/2017\/09\/Precribadores-y-Escurridores-4-1.jpg);\"  title=\"CATALOGO GENERAL V11\"  ><\/div><\/div><\/figure><\/a><!--end av-masonry entry--><a href=\"https:\/\/vibrotech-eng.com\/wp-content\/uploads\/2017\/12\/grizlies.jpg\" data-srcset=\"https:\/\/vibrotech-eng.com\/wp-content\/uploads\/2017\/12\/grizlies.jpg 1000w, https:\/\/vibrotech-eng.com\/wp-content\/uploads\/2017\/12\/grizlies-300x225.jpg 300w, https:\/\/vibrotech-eng.com\/wp-content\/uploads\/2017\/12\/grizlies-768x576.jpg 768w, https:\/\/vibrotech-eng.com\/wp-content\/uploads\/2017\/12\/grizlies-705x529.jpg 705w, https:\/\/vibrotech-eng.com\/wp-content\/uploads\/2017\/12\/grizlies-450x338.jpg 450w\" data-sizes=\"(max-width: 1000px) 100vw, 1000px\"  aria-label=\"image grizlies\"  id='av-masonry-1-item-1859' data-av-masonry-item='1859' class='av-masonry-entry isotope-item post-1859 attachment type-attachment status-inherit hentry  av-masonry-item-with-image' title=\"grizlies\" alt=\"\"    itemprop=\"thumbnailUrl\" ><div class='av-inner-masonry-sizer'><\/div><figure class='av-inner-masonry main_color'><div class=\"av-masonry-outerimage-container\"><div class='av-masonry-image-container' style=\"background-image: url(https:\/\/vibrotech-eng.com\/wp-content\/uploads\/2017\/12\/grizlies-705x529.jpg);\"  title=\"grizlies\"  ><\/div><\/div><\/figure><\/a><!--end av-masonry entry--><a href=\"https:\/\/vibrotech-eng.com\/wp-content\/uploads\/2018\/03\/PRECRIBADOR-GRIZZLIE.jpg\" data-srcset=\"https:\/\/vibrotech-eng.com\/wp-content\/uploads\/2018\/03\/PRECRIBADOR-GRIZZLIE.jpg 800w, https:\/\/vibrotech-eng.com\/wp-content\/uploads\/2018\/03\/PRECRIBADOR-GRIZZLIE-300x225.jpg 300w, https:\/\/vibrotech-eng.com\/wp-content\/uploads\/2018\/03\/PRECRIBADOR-GRIZZLIE-768x576.jpg 768w, https:\/\/vibrotech-eng.com\/wp-content\/uploads\/2018\/03\/PRECRIBADOR-GRIZZLIE-705x529.jpg 705w, https:\/\/vibrotech-eng.com\/wp-content\/uploads\/2018\/03\/PRECRIBADOR-GRIZZLIE-450x338.jpg 450w\" data-sizes=\"(max-width: 800px) 100vw, 800px\"  aria-label=\"image PRECRIBADOR-GRIZZLIE\"  id='av-masonry-1-item-3054' data-av-masonry-item='3054' class='av-masonry-entry isotope-item post-3054 attachment type-attachment status-inherit hentry  av-masonry-item-with-image' title=\"PRECRIBADOR-GRIZZLIE\" alt=\"\"    itemprop=\"thumbnailUrl\" ><div class='av-inner-masonry-sizer'><\/div><figure class='av-inner-masonry main_color'><div class=\"av-masonry-outerimage-container\"><div class='av-masonry-image-container' style=\"background-image: url(https:\/\/vibrotech-eng.com\/wp-content\/uploads\/2018\/03\/PRECRIBADOR-GRIZZLIE-705x529.jpg);\"  title=\"PRECRIBADOR-GRIZZLIE\"  ><\/div><\/div><\/figure><\/a><!--end av-masonry entry--><a href=\"https:\/\/vibrotech-eng.com\/wp-content\/uploads\/2018\/03\/GRIZZLIE-PRECRIBADOR.jpg\" data-srcset=\"https:\/\/vibrotech-eng.com\/wp-content\/uploads\/2018\/03\/GRIZZLIE-PRECRIBADOR.jpg 800w, https:\/\/vibrotech-eng.com\/wp-content\/uploads\/2018\/03\/GRIZZLIE-PRECRIBADOR-300x225.jpg 300w, https:\/\/vibrotech-eng.com\/wp-content\/uploads\/2018\/03\/GRIZZLIE-PRECRIBADOR-768x576.jpg 768w, https:\/\/vibrotech-eng.com\/wp-content\/uploads\/2018\/03\/GRIZZLIE-PRECRIBADOR-705x529.jpg 705w, https:\/\/vibrotech-eng.com\/wp-content\/uploads\/2018\/03\/GRIZZLIE-PRECRIBADOR-450x338.jpg 450w\" data-sizes=\"(max-width: 800px) 100vw, 800px\"  aria-label=\"image GRIZZLIE PRECRIBADOR\"  id='av-masonry-1-item-3051' data-av-masonry-item='3051' class='av-masonry-entry isotope-item post-3051 attachment type-attachment status-inherit hentry  av-masonry-item-with-image' title=\"GRIZZLIE PRECRIBADOR\" alt=\"\"    itemprop=\"thumbnailUrl\" ><div class='av-inner-masonry-sizer'><\/div><figure class='av-inner-masonry main_color'><div class=\"av-masonry-outerimage-container\"><div class='av-masonry-image-container' style=\"background-image: url(https:\/\/vibrotech-eng.com\/wp-content\/uploads\/2018\/03\/GRIZZLIE-PRECRIBADOR-705x529.jpg);\"  title=\"GRIZZLIE PRECRIBADOR\"  ><\/div><\/div><\/figure><\/a><!--end av-masonry entry--><a href=\"https:\/\/vibrotech-eng.com\/wp-content\/uploads\/2018\/09\/PRECRIBADOR-1030x773.jpg\" data-srcset=\"https:\/\/vibrotech-eng.com\/wp-content\/uploads\/2018\/09\/PRECRIBADOR-1030x773.jpg 1030w, https:\/\/vibrotech-eng.com\/wp-content\/uploads\/2018\/09\/PRECRIBADOR-300x225.jpg 300w, https:\/\/vibrotech-eng.com\/wp-content\/uploads\/2018\/09\/PRECRIBADOR-768x576.jpg 768w, https:\/\/vibrotech-eng.com\/wp-content\/uploads\/2018\/09\/PRECRIBADOR-1500x1125.jpg 1500w, https:\/\/vibrotech-eng.com\/wp-content\/uploads\/2018\/09\/PRECRIBADOR-705x529.jpg 705w, https:\/\/vibrotech-eng.com\/wp-content\/uploads\/2018\/09\/PRECRIBADOR-450x338.jpg 450w\" data-sizes=\"(max-width: 1030px) 100vw, 1030px\"  aria-label=\"image unit\u00e9s de pr\u00e9-criblage et egouttoirs\"  id='av-masonry-1-item-3527' data-av-masonry-item='3527' class='av-masonry-entry isotope-item post-3527 attachment type-attachment status-inherit hentry  av-masonry-item-with-image' title=\"unit\u00e9s de pr\u00e9-criblage et egouttoirs\" alt=\"Precribadores Grizlies y Scalpers\"  data-av-masonry-custom-link=\"https:\/\/vibrotech-eng.com\/fr\/produits\/unites-de-pre-criblage-et-egouttoirs\/\"  itemprop=\"thumbnailUrl\" ><div class='av-inner-masonry-sizer'><\/div><figure class='av-inner-masonry main_color'><div class=\"av-masonry-outerimage-container\"><div class='av-masonry-image-container' style=\"background-image: url(https:\/\/vibrotech-eng.com\/wp-content\/uploads\/2018\/09\/PRECRIBADOR-705x529.jpg);\"  title=\"unit\u00e9s de pr\u00e9-criblage et egouttoirs\"   alt=\"Precribadores Grizlies y Scalpers\" ><\/div><\/div><\/figure><\/a><!--end av-masonry entry--><\/div><\/div>\n<\/div><\/div><\/main><!-- close content main element --><\/div><\/div><div id='after_section_1'  class='main_color av_default_container_wrap container_wrap sidebar_right'  ><div class='container av-section-cont-open' ><div class='template-page content  av-content-small alpha units'><div class='post-entry post-entry-type-page post-entry-2082'><div class='entry-content-wrapper clearfix'>\n","protected":false},"excerpt":{"rendered":"","protected":false},"author":2,"featured_media":0,"parent":2344,"menu_order":0,"comment_status":"closed","ping_status":"closed","template":"","meta":{"footnotes":""},"class_list":["post-2082","page","type-page","status-publish","hentry"],"yoast_head":"<!-- This site is optimized with the Yoast SEO Premium plugin v20.3 (Yoast SEO v27.5) - https:\/\/yoast.com\/product\/yoast-seo-premium-wordpress\/ -->\n<title>Precribadores-Grizlies-Scalpers - Vibrotech Engineering S.L<\/title>\n<meta name=\"robots\" content=\"index, follow, max-snippet:-1, max-image-preview:large, max-video-preview:-1\" \/>\n<link rel=\"canonical\" href=\"https:\/\/vibrotech-eng.com\/fr\/produits\/unites-de-pre-criblage-et-egouttoirs\/\" \/>\n<meta property=\"og:locale\" content=\"fr_FR\" \/>\n<meta property=\"og:type\" content=\"article\" \/>\n<meta property=\"og:title\" content=\"Unit\u00e9s de pr\u00e9-criblage\" \/>\n<meta property=\"og:url\" content=\"https:\/\/vibrotech-eng.com\/fr\/produits\/unites-de-pre-criblage-et-egouttoirs\/\" \/>\n<meta property=\"og:site_name\" content=\"Vibrotech Engineering S.L\" \/>\n<meta property=\"article:modified_time\" content=\"2018-09-13T14:56:47+00:00\" \/>\n<meta name=\"twitter:card\" content=\"summary_large_image\" \/>\n<meta name=\"twitter:label1\" content=\"Dur\u00e9e de lecture estim\u00e9e\" \/>\n\t<meta name=\"twitter:data1\" content=\"4 minutes\" \/>\n<script type=\"application\/ld+json\" class=\"yoast-schema-graph\">{\"@context\":\"https:\\\/\\\/schema.org\",\"@graph\":[{\"@type\":\"WebPage\",\"@id\":\"https:\\\/\\\/vibrotech-eng.com\\\/fr\\\/produits\\\/unites-de-pre-criblage-et-egouttoirs\\\/\",\"url\":\"https:\\\/\\\/vibrotech-eng.com\\\/fr\\\/produits\\\/unites-de-pre-criblage-et-egouttoirs\\\/\",\"name\":\"Precribadores-Grizlies-Scalpers - Vibrotech Engineering S.L\",\"isPartOf\":{\"@id\":\"https:\\\/\\\/vibrotech-eng.com\\\/fr\\\/#website\"},\"datePublished\":\"2017-09-25T10:15:23+00:00\",\"dateModified\":\"2018-09-13T14:56:47+00:00\",\"breadcrumb\":{\"@id\":\"https:\\\/\\\/vibrotech-eng.com\\\/fr\\\/produits\\\/unites-de-pre-criblage-et-egouttoirs\\\/#breadcrumb\"},\"inLanguage\":\"fr-FR\",\"potentialAction\":[{\"@type\":\"ReadAction\",\"target\":[\"https:\\\/\\\/vibrotech-eng.com\\\/fr\\\/produits\\\/unites-de-pre-criblage-et-egouttoirs\\\/\"]}]},{\"@type\":\"BreadcrumbList\",\"@id\":\"https:\\\/\\\/vibrotech-eng.com\\\/fr\\\/produits\\\/unites-de-pre-criblage-et-egouttoirs\\\/#breadcrumb\",\"itemListElement\":[{\"@type\":\"ListItem\",\"position\":1,\"name\":\"Accueil\",\"item\":\"https:\\\/\\\/vibrotech-eng.com\\\/fr\\\/accueil\\\/\"},{\"@type\":\"ListItem\",\"position\":2,\"name\":\"Produits\",\"item\":\"https:\\\/\\\/vibrotech-eng.com\\\/fr\\\/produits\\\/\"},{\"@type\":\"ListItem\",\"position\":3,\"name\":\"Unit\u00e9s de pr\u00e9-criblage\"}]},{\"@type\":\"WebSite\",\"@id\":\"https:\\\/\\\/vibrotech-eng.com\\\/fr\\\/#website\",\"url\":\"https:\\\/\\\/vibrotech-eng.com\\\/fr\\\/\",\"name\":\"Vibrotech Engineering S.L\",\"description\":\"Empresa espa\u00f1ola que desarrolla su actividad principal en el dise\u00f1o y fabricaci\u00f3n de maquinaria vibrante\",\"potentialAction\":[{\"@type\":\"SearchAction\",\"target\":{\"@type\":\"EntryPoint\",\"urlTemplate\":\"https:\\\/\\\/vibrotech-eng.com\\\/fr\\\/?s={search_term_string}\"},\"query-input\":{\"@type\":\"PropertyValueSpecification\",\"valueRequired\":true,\"valueName\":\"search_term_string\"}}],\"inLanguage\":\"fr-FR\"}]}<\/script>\n<!-- \/ Yoast SEO Premium plugin. -->","yoast_head_json":{"title":"Precribadores-Grizlies-Scalpers - Vibrotech Engineering S.L","robots":{"index":"index","follow":"follow","max-snippet":"max-snippet:-1","max-image-preview":"max-image-preview:large","max-video-preview":"max-video-preview:-1"},"canonical":"https:\/\/vibrotech-eng.com\/fr\/produits\/unites-de-pre-criblage-et-egouttoirs\/","og_locale":"fr_FR","og_type":"article","og_title":"Unit\u00e9s de pr\u00e9-criblage","og_url":"https:\/\/vibrotech-eng.com\/fr\/produits\/unites-de-pre-criblage-et-egouttoirs\/","og_site_name":"Vibrotech Engineering S.L","article_modified_time":"2018-09-13T14:56:47+00:00","twitter_card":"summary_large_image","twitter_misc":{"Dur\u00e9e de lecture estim\u00e9e":"4 minutes"},"schema":{"@context":"https:\/\/schema.org","@graph":[{"@type":"WebPage","@id":"https:\/\/vibrotech-eng.com\/fr\/produits\/unites-de-pre-criblage-et-egouttoirs\/","url":"https:\/\/vibrotech-eng.com\/fr\/produits\/unites-de-pre-criblage-et-egouttoirs\/","name":"Precribadores-Grizlies-Scalpers - Vibrotech Engineering S.L","isPartOf":{"@id":"https:\/\/vibrotech-eng.com\/fr\/#website"},"datePublished":"2017-09-25T10:15:23+00:00","dateModified":"2018-09-13T14:56:47+00:00","breadcrumb":{"@id":"https:\/\/vibrotech-eng.com\/fr\/produits\/unites-de-pre-criblage-et-egouttoirs\/#breadcrumb"},"inLanguage":"fr-FR","potentialAction":[{"@type":"ReadAction","target":["https:\/\/vibrotech-eng.com\/fr\/produits\/unites-de-pre-criblage-et-egouttoirs\/"]}]},{"@type":"BreadcrumbList","@id":"https:\/\/vibrotech-eng.com\/fr\/produits\/unites-de-pre-criblage-et-egouttoirs\/#breadcrumb","itemListElement":[{"@type":"ListItem","position":1,"name":"Accueil","item":"https:\/\/vibrotech-eng.com\/fr\/accueil\/"},{"@type":"ListItem","position":2,"name":"Produits","item":"https:\/\/vibrotech-eng.com\/fr\/produits\/"},{"@type":"ListItem","position":3,"name":"Unit\u00e9s de pr\u00e9-criblage"}]},{"@type":"WebSite","@id":"https:\/\/vibrotech-eng.com\/fr\/#website","url":"https:\/\/vibrotech-eng.com\/fr\/","name":"Vibrotech Engineering S.L","description":"Empresa espa\u00f1ola que desarrolla su actividad principal en el dise\u00f1o y fabricaci\u00f3n de maquinaria vibrante","potentialAction":[{"@type":"SearchAction","target":{"@type":"EntryPoint","urlTemplate":"https:\/\/vibrotech-eng.com\/fr\/?s={search_term_string}"},"query-input":{"@type":"PropertyValueSpecification","valueRequired":true,"valueName":"search_term_string"}}],"inLanguage":"fr-FR"}]}},"_links":{"self":[{"href":"https:\/\/vibrotech-eng.com\/fr\/wp-json\/wp\/v2\/pages\/2082","targetHints":{"allow":["GET"]}}],"collection":[{"href":"https:\/\/vibrotech-eng.com\/fr\/wp-json\/wp\/v2\/pages"}],"about":[{"href":"https:\/\/vibrotech-eng.com\/fr\/wp-json\/wp\/v2\/types\/page"}],"author":[{"embeddable":true,"href":"https:\/\/vibrotech-eng.com\/fr\/wp-json\/wp\/v2\/users\/2"}],"replies":[{"embeddable":true,"href":"https:\/\/vibrotech-eng.com\/fr\/wp-json\/wp\/v2\/comments?post=2082"}],"version-history":[{"count":0,"href":"https:\/\/vibrotech-eng.com\/fr\/wp-json\/wp\/v2\/pages\/2082\/revisions"}],"up":[{"embeddable":true,"href":"https:\/\/vibrotech-eng.com\/fr\/wp-json\/wp\/v2\/pages\/2344"}],"wp:attachment":[{"href":"https:\/\/vibrotech-eng.com\/fr\/wp-json\/wp\/v2\/media?parent=2082"}],"curies":[{"name":"wp","href":"https:\/\/api.w.org\/{rel}","templated":true}]}}