{"id":2074,"date":"2017-09-25T12:14:21","date_gmt":"2017-09-25T10:14:21","guid":{"rendered":"http:\/\/vibrotech-eng.com.mialias.net\/transportadores-tubulares-vibratorios\/"},"modified":"2018-03-26T12:40:51","modified_gmt":"2018-03-26T10:40:51","slug":"convoyeurs-vibrants-tubulaires","status":"publish","type":"page","link":"https:\/\/vibrotech-eng.com\/fr\/produits\/convoyeurs-vibrants-tubulaires\/","title":{"rendered":"Convoyeurs Vibrants Tubulaires"},"content":{"rendered":"<div id='av_section_1'  class='avia-section av-av_section-2f8a4d5d3ebd9c637093dc8e14b646e9 main_color avia-section-default avia-no-border-styling  avia-builder-el-0  avia-builder-el-no-sibling  avia-bg-style-scroll container_wrap sidebar_right'  ><div class='container av-section-cont-open' ><main  role=\"main\" itemprop=\"mainContentOfPage\"  class='template-page content  av-content-small alpha units'><div class='post-entry post-entry-type-page post-entry-2074'><div class='entry-content-wrapper clearfix'>\n<section  class='av_textblock_section av-av_textblock-2bd894dbf2e4bf2c4acf98ce4fbf94aa '   itemscope=\"itemscope\" itemtype=\"https:\/\/schema.org\/CreativeWork\" ><div class='avia_textblock'  itemprop=\"text\" ><h1 style=\"text-align: center;\">Convoyeurs Vibrants Tubulaires<\/h1>\n<\/div><\/section>\n\n<style type=\"text\/css\" data-created_by=\"avia_inline_auto\" id=\"style-css-av-av_hr-0645478af54715b75905f78d46849be0\">\n#top .hr.hr-invisible.av-av_hr-0645478af54715b75905f78d46849be0{\nheight:50px;\n}\n<\/style>\n<div  class='hr av-av_hr-0645478af54715b75905f78d46849be0 hr-invisible  avia-builder-el-2  el_after_av_textblock  el_before_av_one_third '><span class='hr-inner '><span class=\"hr-inner-style\"><\/span><\/span><\/div>\n\n<style type=\"text\/css\" data-created_by=\"avia_inline_auto\" id=\"style-css-av-av_one_third-aaf5ea56e219d627ccd339512534768b\">\n.flex_column.av-av_one_third-aaf5ea56e219d627ccd339512534768b{\nborder-radius:0px 0px 0px 0px;\npadding:0px 0px 0px 0px;\n}\n<\/style>\n<div  class='flex_column av-av_one_third-aaf5ea56e219d627ccd339512534768b av_one_third  avia-builder-el-3  el_after_av_hr  el_before_av_one_third  first flex_column_div av-zero-column-padding  '     ><section  class='av_textblock_section av-av_textblock-2bd894dbf2e4bf2c4acf98ce4fbf94aa '   itemscope=\"itemscope\" itemtype=\"https:\/\/schema.org\/CreativeWork\" ><div class='avia_textblock'  itemprop=\"text\" ><p>Ils permettent le transport de diff\u00e9rents produits sur une surface lisse \u00e9vitant les probl\u00e8mes de colmatage et assurant un d\u00e9bit constant.<\/p>\n<p>Ils remplacent habituellement les convoyeurs \u00e0 vis sans fin en raison des probl\u00e8mes d&rsquo;entretien de ceux-ci.<\/p>\n<p>Ils sont utilis\u00e9s dans tous les secteurs de l&rsquo;industrie. Les agr\u00e9gats pour le transport de la chaux, de l&rsquo;industrie alimentaire, des produits chimiques, des c\u00e9ramiques ou du verre sont parmi les plus courants.<\/p>\n<\/div><\/section><\/div>\n<style type=\"text\/css\" data-created_by=\"avia_inline_auto\" id=\"style-css-av-av_one_third-c8fc129dc35fd1ae2a1e410224d39ea8\">\n.flex_column.av-av_one_third-c8fc129dc35fd1ae2a1e410224d39ea8{\nborder-radius:0px 0px 0px 0px;\npadding:0px 0px 0px 0px;\n}\n<\/style>\n<div  class='flex_column av-av_one_third-c8fc129dc35fd1ae2a1e410224d39ea8 av_one_third  avia-builder-el-5  el_after_av_one_third  el_before_av_one_third  flex_column_div av-zero-column-padding  '     ><section  class='av_textblock_section av-av_textblock-2bd894dbf2e4bf2c4acf98ce4fbf94aa '   itemscope=\"itemscope\" itemtype=\"https:\/\/schema.org\/CreativeWork\" ><div class='avia_textblock'  itemprop=\"text\" ><p>Selon les produits \u00e0 transporter, ils peuvent \u00eatre fabriqu\u00e9s compl\u00e8tement ferm\u00e9s avec une section rectangulaire ou circulaire. Ils peuvent \u00eatre \u00e9quip\u00e9s de prises d&rsquo;admission et d&rsquo;aspiration.<\/p>\n<p>Les avantages offerts sont la maintenance du produit et la pr\u00e9vention de la d\u00e9sagr\u00e9gation du produit \u00e0 l&rsquo;int\u00e9rieur du convoyeur et \u00e9vite tout accrochage possible entre l&rsquo;h\u00e9lice et le corps du convoyeur \u00e0 vis sans fin.<\/p>\n<p>Tout cela en fait une solution tr\u00e8s efficace avec de multiples avantages.<\/p>\n<\/div><\/section><\/div>\n<style type=\"text\/css\" data-created_by=\"avia_inline_auto\" id=\"style-css-av-av_one_third-c8fc129dc35fd1ae2a1e410224d39ea8\">\n.flex_column.av-av_one_third-c8fc129dc35fd1ae2a1e410224d39ea8{\nborder-radius:0px 0px 0px 0px;\npadding:0px 0px 0px 0px;\n}\n<\/style>\n<div  class='flex_column av-av_one_third-c8fc129dc35fd1ae2a1e410224d39ea8 av_one_third  avia-builder-el-7  el_after_av_one_third  el_before_av_hr  flex_column_div av-zero-column-padding  '     ><style type=\"text\/css\" data-created_by=\"avia_inline_auto\" id=\"style-css-av-av_image-47ddcc720d5016035f45105ba1c31c3d\">\n.avia-image-container.av-av_image-47ddcc720d5016035f45105ba1c31c3d img.avia_image{\nbox-shadow:none;\n}\n.avia-image-container.av-av_image-47ddcc720d5016035f45105ba1c31c3d .av-image-caption-overlay-center{\ncolor:#ffffff;\n}\n<\/style>\n<div  class='avia-image-container av-av_image-47ddcc720d5016035f45105ba1c31c3d av-styling- avia-align-center  avia-builder-el-8  avia-builder-el-no-sibling '   itemprop=\"image\" itemscope=\"itemscope\" itemtype=\"https:\/\/schema.org\/ImageObject\" ><div class=\"avia-image-container-inner\"><div class=\"avia-image-overlay-wrap\"><img decoding=\"async\" fetchpriority=\"high\" class='wp-image-1421 avia-img-lazy-loading-not-1421 avia_image ' src=\"https:\/\/vibrotech-eng.com\/wp-content\/uploads\/2017\/09\/Transportadores-Tubulares-Vibrantes-4.jpg\" alt='' title='Transportadores Tubulares Vibrantes 4'  height=\"563\" width=\"750\"  itemprop=\"thumbnailUrl\" srcset=\"https:\/\/vibrotech-eng.com\/wp-content\/uploads\/2017\/09\/Transportadores-Tubulares-Vibrantes-4.jpg 750w, https:\/\/vibrotech-eng.com\/wp-content\/uploads\/2017\/09\/Transportadores-Tubulares-Vibrantes-4-300x225.jpg 300w, https:\/\/vibrotech-eng.com\/wp-content\/uploads\/2017\/09\/Transportadores-Tubulares-Vibrantes-4-705x529.jpg 705w, https:\/\/vibrotech-eng.com\/wp-content\/uploads\/2017\/09\/Transportadores-Tubulares-Vibrantes-4-450x338.jpg 450w\" sizes=\"(max-width: 750px) 100vw, 750px\" \/><\/div><\/div><\/div><\/div>\n<style type=\"text\/css\" data-created_by=\"avia_inline_auto\" id=\"style-css-av-av_hr-0645478af54715b75905f78d46849be0\">\n#top .hr.hr-invisible.av-av_hr-0645478af54715b75905f78d46849be0{\nheight:50px;\n}\n<\/style>\n<div  class='hr av-av_hr-0645478af54715b75905f78d46849be0 hr-invisible  avia-builder-el-9  el_after_av_one_third  el_before_av_masonry_gallery  avia-builder-el-last '><span class='hr-inner '><span class=\"hr-inner-style\"><\/span><\/span><\/div>\n<div id='av-masonry-1' class='av-masonry av-av_masonry_gallery-888ea8e2fe054220a57cf36823db9e09 noHover av-fixed-size av-large-gap av-hover-overlay- av-masonry-animation-active av-masonry-col-3 av-caption-always av-caption-style- av-masonry-gallery ' data-post_id=\"2074\"><div class=\"av-masonry-container isotope av-js-disabled\"><div class='av-masonry-entry isotope-item av-masonry-item-no-image '><\/div><a href=\"https:\/\/vibrotech-eng.com\/wp-content\/uploads\/2017\/12\/transportador-vibrante-tubular.jpg\" data-srcset=\"https:\/\/vibrotech-eng.com\/wp-content\/uploads\/2017\/12\/transportador-vibrante-tubular.jpg 800w, https:\/\/vibrotech-eng.com\/wp-content\/uploads\/2017\/12\/transportador-vibrante-tubular-300x225.jpg 300w, https:\/\/vibrotech-eng.com\/wp-content\/uploads\/2017\/12\/transportador-vibrante-tubular-768x576.jpg 768w, https:\/\/vibrotech-eng.com\/wp-content\/uploads\/2017\/12\/transportador-vibrante-tubular-705x529.jpg 705w, https:\/\/vibrotech-eng.com\/wp-content\/uploads\/2017\/12\/transportador-vibrante-tubular-450x338.jpg 450w\" data-sizes=\"(max-width: 800px) 100vw, 800px\"  aria-label=\"image transportador-vibrante-tubular\"  id='av-masonry-1-item-1943' data-av-masonry-item='1943' class='av-masonry-entry isotope-item post-1943 attachment type-attachment status-inherit hentry  av-masonry-item-with-image' title=\"transportador-vibrante-tubular\" alt=\"\"    itemprop=\"thumbnailUrl\" ><div class='av-inner-masonry-sizer'><\/div><figure class='av-inner-masonry main_color'><div class=\"av-masonry-outerimage-container\"><div class='av-masonry-image-container' style=\"background-image: url(https:\/\/vibrotech-eng.com\/wp-content\/uploads\/2017\/12\/transportador-vibrante-tubular-705x529.jpg);\"  title=\"transportador-vibrante-tubular\"  ><\/div><\/div><\/figure><\/a><!--end av-masonry entry--><a href=\"https:\/\/vibrotech-eng.com\/wp-content\/uploads\/2017\/09\/Transportadores-Tubulares-Vibrantes-3-1.jpg\" data-srcset=\"https:\/\/vibrotech-eng.com\/wp-content\/uploads\/2017\/09\/Transportadores-Tubulares-Vibrantes-3-1.jpg 750w, https:\/\/vibrotech-eng.com\/wp-content\/uploads\/2017\/09\/Transportadores-Tubulares-Vibrantes-3-1-300x226.jpg 300w, https:\/\/vibrotech-eng.com\/wp-content\/uploads\/2017\/09\/Transportadores-Tubulares-Vibrantes-3-1-705x532.jpg 705w, https:\/\/vibrotech-eng.com\/wp-content\/uploads\/2017\/09\/Transportadores-Tubulares-Vibrantes-3-1-450x340.jpg 450w\" data-sizes=\"(max-width: 750px) 100vw, 750px\"  aria-label=\"image Transportadores Tubulares Vibrantes 3\"  id='av-masonry-1-item-1429' data-av-masonry-item='1429' class='av-masonry-entry isotope-item post-1429 attachment type-attachment status-inherit hentry  av-masonry-item-with-image' title=\"Transportadores Tubulares Vibrantes 3\" alt=\"\"    itemprop=\"thumbnailUrl\" ><div class='av-inner-masonry-sizer'><\/div><figure class='av-inner-masonry main_color'><div class=\"av-masonry-outerimage-container\"><div class='av-masonry-image-container' style=\"background-image: url(https:\/\/vibrotech-eng.com\/wp-content\/uploads\/2017\/09\/Transportadores-Tubulares-Vibrantes-3-1-705x532.jpg);\"  title=\"Transportadores Tubulares Vibrantes 3\"  ><\/div><\/div><\/figure><\/a><!--end av-masonry entry--><a href=\"https:\/\/vibrotech-eng.com\/wp-content\/uploads\/2017\/09\/Transportadores-Tubulares-Vibrantes-5-1-1030x773.jpg\" data-srcset=\"https:\/\/vibrotech-eng.com\/wp-content\/uploads\/2017\/09\/Transportadores-Tubulares-Vibrantes-5-1-1030x773.jpg 1030w, https:\/\/vibrotech-eng.com\/wp-content\/uploads\/2017\/09\/Transportadores-Tubulares-Vibrantes-5-1-300x225.jpg 300w, https:\/\/vibrotech-eng.com\/wp-content\/uploads\/2017\/09\/Transportadores-Tubulares-Vibrantes-5-1-768x576.jpg 768w, https:\/\/vibrotech-eng.com\/wp-content\/uploads\/2017\/09\/Transportadores-Tubulares-Vibrantes-5-1-1500x1125.jpg 1500w, https:\/\/vibrotech-eng.com\/wp-content\/uploads\/2017\/09\/Transportadores-Tubulares-Vibrantes-5-1-705x529.jpg 705w, https:\/\/vibrotech-eng.com\/wp-content\/uploads\/2017\/09\/Transportadores-Tubulares-Vibrantes-5-1-450x338.jpg 450w, https:\/\/vibrotech-eng.com\/wp-content\/uploads\/2017\/09\/Transportadores-Tubulares-Vibrantes-5-1.jpg 2000w\" data-sizes=\"(max-width: 1030px) 100vw, 1030px\"  aria-label=\"image Transportadores Tubulares Vibrantes 5\"  id='av-masonry-1-item-1431' data-av-masonry-item='1431' class='av-masonry-entry isotope-item post-1431 attachment type-attachment status-inherit hentry  av-masonry-item-with-image' title=\"Transportadores Tubulares Vibrantes 5\" alt=\"\"    itemprop=\"thumbnailUrl\" ><div class='av-inner-masonry-sizer'><\/div><figure class='av-inner-masonry main_color'><div class=\"av-masonry-outerimage-container\"><div class='av-masonry-image-container' style=\"background-image: url(https:\/\/vibrotech-eng.com\/wp-content\/uploads\/2017\/09\/Transportadores-Tubulares-Vibrantes-5-1-705x529.jpg);\"  title=\"Transportadores Tubulares Vibrantes 5\"  ><\/div><\/div><\/figure><\/a><!--end av-masonry entry--><\/div><\/div>\n<\/div><\/div><\/main><!-- close content main element --><\/div><\/div><div id='after_section_1'  class='main_color av_default_container_wrap container_wrap sidebar_right'  ><div class='container av-section-cont-open' ><div class='template-page content  av-content-small alpha units'><div class='post-entry post-entry-type-page post-entry-2074'><div class='entry-content-wrapper clearfix'>\n","protected":false},"excerpt":{"rendered":"","protected":false},"author":2,"featured_media":0,"parent":2344,"menu_order":0,"comment_status":"closed","ping_status":"closed","template":"","meta":{"footnotes":""},"class_list":["post-2074","page","type-page","status-publish","hentry"],"yoast_head":"<!-- This site is optimized with the Yoast SEO Premium plugin v20.3 (Yoast SEO v27.5) - https:\/\/yoast.com\/product\/yoast-seo-premium-wordpress\/ -->\n<title>Convoyeurs Vibrants Tubulaires - Vibrotech Engineering S.L<\/title>\n<meta name=\"robots\" content=\"index, follow, max-snippet:-1, max-image-preview:large, max-video-preview:-1\" \/>\n<link rel=\"canonical\" href=\"https:\/\/vibrotech-eng.com\/fr\/produits\/convoyeurs-vibrants-tubulaires\/\" \/>\n<meta property=\"og:locale\" content=\"fr_FR\" \/>\n<meta property=\"og:type\" content=\"article\" \/>\n<meta property=\"og:title\" content=\"Convoyeurs Vibrants Tubulaires\" \/>\n<meta property=\"og:url\" content=\"https:\/\/vibrotech-eng.com\/fr\/produits\/convoyeurs-vibrants-tubulaires\/\" \/>\n<meta property=\"og:site_name\" content=\"Vibrotech Engineering S.L\" \/>\n<meta property=\"article:modified_time\" content=\"2018-03-26T10:40:51+00:00\" \/>\n<meta name=\"twitter:card\" content=\"summary_large_image\" \/>\n<meta name=\"twitter:label1\" content=\"Dur\u00e9e de lecture estim\u00e9e\" \/>\n\t<meta name=\"twitter:data1\" content=\"4 minutes\" \/>\n<script type=\"application\/ld+json\" class=\"yoast-schema-graph\">{\"@context\":\"https:\\\/\\\/schema.org\",\"@graph\":[{\"@type\":\"WebPage\",\"@id\":\"https:\\\/\\\/vibrotech-eng.com\\\/fr\\\/produits\\\/convoyeurs-vibrants-tubulaires\\\/\",\"url\":\"https:\\\/\\\/vibrotech-eng.com\\\/fr\\\/produits\\\/convoyeurs-vibrants-tubulaires\\\/\",\"name\":\"Convoyeurs Vibrants Tubulaires - Vibrotech Engineering S.L\",\"isPartOf\":{\"@id\":\"https:\\\/\\\/vibrotech-eng.com\\\/fr\\\/#website\"},\"datePublished\":\"2017-09-25T10:14:21+00:00\",\"dateModified\":\"2018-03-26T10:40:51+00:00\",\"breadcrumb\":{\"@id\":\"https:\\\/\\\/vibrotech-eng.com\\\/fr\\\/produits\\\/convoyeurs-vibrants-tubulaires\\\/#breadcrumb\"},\"inLanguage\":\"fr-FR\",\"potentialAction\":[{\"@type\":\"ReadAction\",\"target\":[\"https:\\\/\\\/vibrotech-eng.com\\\/fr\\\/produits\\\/convoyeurs-vibrants-tubulaires\\\/\"]}]},{\"@type\":\"BreadcrumbList\",\"@id\":\"https:\\\/\\\/vibrotech-eng.com\\\/fr\\\/produits\\\/convoyeurs-vibrants-tubulaires\\\/#breadcrumb\",\"itemListElement\":[{\"@type\":\"ListItem\",\"position\":1,\"name\":\"Accueil\",\"item\":\"https:\\\/\\\/vibrotech-eng.com\\\/fr\\\/accueil\\\/\"},{\"@type\":\"ListItem\",\"position\":2,\"name\":\"Produits\",\"item\":\"https:\\\/\\\/vibrotech-eng.com\\\/fr\\\/produits\\\/\"},{\"@type\":\"ListItem\",\"position\":3,\"name\":\"Convoyeurs Vibrants Tubulaires\"}]},{\"@type\":\"WebSite\",\"@id\":\"https:\\\/\\\/vibrotech-eng.com\\\/fr\\\/#website\",\"url\":\"https:\\\/\\\/vibrotech-eng.com\\\/fr\\\/\",\"name\":\"Vibrotech Engineering S.L\",\"description\":\"Empresa espa\u00f1ola que desarrolla su actividad principal en el dise\u00f1o y fabricaci\u00f3n de maquinaria vibrante\",\"potentialAction\":[{\"@type\":\"SearchAction\",\"target\":{\"@type\":\"EntryPoint\",\"urlTemplate\":\"https:\\\/\\\/vibrotech-eng.com\\\/fr\\\/?s={search_term_string}\"},\"query-input\":{\"@type\":\"PropertyValueSpecification\",\"valueRequired\":true,\"valueName\":\"search_term_string\"}}],\"inLanguage\":\"fr-FR\"}]}<\/script>\n<!-- \/ Yoast SEO Premium plugin. -->","yoast_head_json":{"title":"Convoyeurs Vibrants Tubulaires - Vibrotech Engineering S.L","robots":{"index":"index","follow":"follow","max-snippet":"max-snippet:-1","max-image-preview":"max-image-preview:large","max-video-preview":"max-video-preview:-1"},"canonical":"https:\/\/vibrotech-eng.com\/fr\/produits\/convoyeurs-vibrants-tubulaires\/","og_locale":"fr_FR","og_type":"article","og_title":"Convoyeurs Vibrants Tubulaires","og_url":"https:\/\/vibrotech-eng.com\/fr\/produits\/convoyeurs-vibrants-tubulaires\/","og_site_name":"Vibrotech Engineering S.L","article_modified_time":"2018-03-26T10:40:51+00:00","twitter_card":"summary_large_image","twitter_misc":{"Dur\u00e9e de lecture estim\u00e9e":"4 minutes"},"schema":{"@context":"https:\/\/schema.org","@graph":[{"@type":"WebPage","@id":"https:\/\/vibrotech-eng.com\/fr\/produits\/convoyeurs-vibrants-tubulaires\/","url":"https:\/\/vibrotech-eng.com\/fr\/produits\/convoyeurs-vibrants-tubulaires\/","name":"Convoyeurs Vibrants Tubulaires - Vibrotech Engineering S.L","isPartOf":{"@id":"https:\/\/vibrotech-eng.com\/fr\/#website"},"datePublished":"2017-09-25T10:14:21+00:00","dateModified":"2018-03-26T10:40:51+00:00","breadcrumb":{"@id":"https:\/\/vibrotech-eng.com\/fr\/produits\/convoyeurs-vibrants-tubulaires\/#breadcrumb"},"inLanguage":"fr-FR","potentialAction":[{"@type":"ReadAction","target":["https:\/\/vibrotech-eng.com\/fr\/produits\/convoyeurs-vibrants-tubulaires\/"]}]},{"@type":"BreadcrumbList","@id":"https:\/\/vibrotech-eng.com\/fr\/produits\/convoyeurs-vibrants-tubulaires\/#breadcrumb","itemListElement":[{"@type":"ListItem","position":1,"name":"Accueil","item":"https:\/\/vibrotech-eng.com\/fr\/accueil\/"},{"@type":"ListItem","position":2,"name":"Produits","item":"https:\/\/vibrotech-eng.com\/fr\/produits\/"},{"@type":"ListItem","position":3,"name":"Convoyeurs Vibrants Tubulaires"}]},{"@type":"WebSite","@id":"https:\/\/vibrotech-eng.com\/fr\/#website","url":"https:\/\/vibrotech-eng.com\/fr\/","name":"Vibrotech Engineering S.L","description":"Empresa espa\u00f1ola que desarrolla su actividad principal en el dise\u00f1o y fabricaci\u00f3n de maquinaria vibrante","potentialAction":[{"@type":"SearchAction","target":{"@type":"EntryPoint","urlTemplate":"https:\/\/vibrotech-eng.com\/fr\/?s={search_term_string}"},"query-input":{"@type":"PropertyValueSpecification","valueRequired":true,"valueName":"search_term_string"}}],"inLanguage":"fr-FR"}]}},"_links":{"self":[{"href":"https:\/\/vibrotech-eng.com\/fr\/wp-json\/wp\/v2\/pages\/2074","targetHints":{"allow":["GET"]}}],"collection":[{"href":"https:\/\/vibrotech-eng.com\/fr\/wp-json\/wp\/v2\/pages"}],"about":[{"href":"https:\/\/vibrotech-eng.com\/fr\/wp-json\/wp\/v2\/types\/page"}],"author":[{"embeddable":true,"href":"https:\/\/vibrotech-eng.com\/fr\/wp-json\/wp\/v2\/users\/2"}],"replies":[{"embeddable":true,"href":"https:\/\/vibrotech-eng.com\/fr\/wp-json\/wp\/v2\/comments?post=2074"}],"version-history":[{"count":0,"href":"https:\/\/vibrotech-eng.com\/fr\/wp-json\/wp\/v2\/pages\/2074\/revisions"}],"up":[{"embeddable":true,"href":"https:\/\/vibrotech-eng.com\/fr\/wp-json\/wp\/v2\/pages\/2344"}],"wp:attachment":[{"href":"https:\/\/vibrotech-eng.com\/fr\/wp-json\/wp\/v2\/media?parent=2074"}],"curies":[{"name":"wp","href":"https:\/\/api.w.org\/{rel}","templated":true}]}}