{"id":2008,"date":"2017-09-25T11:11:30","date_gmt":"2017-09-25T09:11:30","guid":{"rendered":"http:\/\/vibrotech-eng.com.mialias.net\/empresa\/"},"modified":"2022-05-16T16:01:40","modified_gmt":"2022-05-16T14:01:40","slug":"societe","status":"publish","type":"page","link":"https:\/\/vibrotech-eng.com\/fr\/societe\/","title":{"rendered":"Soci\u00e9t\u00e9"},"content":{"rendered":"<div id='av_section_1'  class='avia-section av-14j1z6w-9b6c8044ef498b4d6a0fc8a35074483e main_color avia-section-default avia-no-border-styling  avia-builder-el-0  avia-builder-el-no-sibling  avia-bg-style-scroll container_wrap sidebar_right'  ><div class='container av-section-cont-open' ><main  role=\"main\" itemprop=\"mainContentOfPage\"  class='template-page content  av-content-small alpha units'><div class='post-entry post-entry-type-page post-entry-2008'><div class='entry-content-wrapper clearfix'>\n<section  class='av_textblock_section av-13gs0pk-024547999876b529115454118b0defed '   itemscope=\"itemscope\" itemtype=\"https:\/\/schema.org\/CreativeWork\" ><div class='avia_textblock'  itemprop=\"text\" ><h1 style=\"text-align: center;\">Soci\u00e9t\u00e9<\/h1>\n<\/div><\/section>\n\n<style type=\"text\/css\" data-created_by=\"avia_inline_auto\" id=\"style-css-av-10mtbnc-ac772fb48e0f3fef9e166abb352a514d\">\n.flex_column.av-10mtbnc-ac772fb48e0f3fef9e166abb352a514d{\nborder-radius:0px 0px 0px 0px;\npadding:0px 0px 0px 0px;\n}\n<\/style>\n<div  class='flex_column av-10mtbnc-ac772fb48e0f3fef9e166abb352a514d av_one_third  avia-builder-el-2  el_after_av_textblock  el_before_av_one_third  first flex_column_div av-zero-column-padding  column-top-margin'     ><p>\n<style type=\"text\/css\" data-created_by=\"avia_inline_auto\" id=\"style-css-av-10b3314-624a9484032bfcac786f0b55d64320bf\">\n.avia-image-container.av-10b3314-624a9484032bfcac786f0b55d64320bf img.avia_image{\nbox-shadow:none;\n}\n.avia-image-container.av-10b3314-624a9484032bfcac786f0b55d64320bf .av-image-caption-overlay-center{\ncolor:#ffffff;\n}\n<\/style>\n<div  class='avia-image-container av-10b3314-624a9484032bfcac786f0b55d64320bf av-styling- avia-align-center  avia-builder-el-3  el_before_av_hr  avia-builder-el-first '   itemprop=\"image\" itemscope=\"itemscope\" itemtype=\"https:\/\/schema.org\/ImageObject\" ><div class=\"avia-image-container-inner\"><div class=\"avia-image-overlay-wrap\"><img decoding=\"async\" fetchpriority=\"high\" class='wp-image-1343 avia-img-lazy-loading-not-1343 avia_image ' src=\"https:\/\/vibrotech-eng.com\/wp-content\/uploads\/2017\/09\/mision-1.png\" alt='' title='mision'  height=\"145\" width=\"145\"  itemprop=\"thumbnailUrl\" srcset=\"https:\/\/vibrotech-eng.com\/wp-content\/uploads\/2017\/09\/mision-1.png 145w, https:\/\/vibrotech-eng.com\/wp-content\/uploads\/2017\/09\/mision-1-80x80.png 80w, https:\/\/vibrotech-eng.com\/wp-content\/uploads\/2017\/09\/mision-1-36x36.png 36w, https:\/\/vibrotech-eng.com\/wp-content\/uploads\/2017\/09\/mision-1-120x120.png 120w\" sizes=\"(max-width: 145px) 100vw, 145px\" \/><\/div><\/div><\/div><br \/>\n\n<style type=\"text\/css\" data-created_by=\"avia_inline_auto\" id=\"style-css-av-y4q0e0-91891999310d9f8c9d0df3991687b04c\">\n#top .hr.hr-invisible.av-y4q0e0-91891999310d9f8c9d0df3991687b04c{\nheight:25px;\n}\n<\/style>\n<div  class='hr av-y4q0e0-91891999310d9f8c9d0df3991687b04c hr-invisible  avia-builder-el-4  el_after_av_image  el_before_av_textblock '><span class='hr-inner '><span class=\"hr-inner-style\"><\/span><\/span><\/div><br \/>\n<section  class='av_textblock_section av-w740c8-39d1c8ce66ec105b202fcb903569a175 '   itemscope=\"itemscope\" itemtype=\"https:\/\/schema.org\/CreativeWork\" ><div class='avia_textblock'  itemprop=\"text\" ><h2>Mision<\/h2>\n<\/div><\/section><br \/>\n<section  class='av_textblock_section av-uyq56w-95c87cc778f7f042075ee8949fadd6de '   itemscope=\"itemscope\" itemtype=\"https:\/\/schema.org\/CreativeWork\" ><div class='avia_textblock'  itemprop=\"text\" ><p>Design, fabrication, commercialisation des machines vibrants et installations, pour le transport et s\u00e9lection de mat\u00e9riels, \u00e0 niveau national et international. Offrir a nos clients produits de haute qualit\u00e9, pour r\u00e9ussir avec ses n\u00e9cessit\u00e9s de production, et les aidants \u00e0 am\u00e9liorer ses proc\u00e8s productifs.<\/p>\n<\/div><\/section><\/p><\/div>\n<style type=\"text\/css\" data-created_by=\"avia_inline_auto\" id=\"style-css-av-svpqoo-2de4b528811025c0cc433494a53eddf4\">\n.flex_column.av-svpqoo-2de4b528811025c0cc433494a53eddf4{\nborder-radius:0px 0px 0px 0px;\npadding:0px 0px 0px 0px;\n}\n<\/style>\n<div  class='flex_column av-svpqoo-2de4b528811025c0cc433494a53eddf4 av_one_third  avia-builder-el-7  el_after_av_one_third  el_before_av_one_third  flex_column_div av-zero-column-padding  column-top-margin'     ><p>\n<style type=\"text\/css\" data-created_by=\"avia_inline_auto\" id=\"style-css-av-rurd60-fd9967a790bdcfbe6dbdb2de74796286\">\n.avia-image-container.av-rurd60-fd9967a790bdcfbe6dbdb2de74796286 img.avia_image{\nbox-shadow:none;\n}\n.avia-image-container.av-rurd60-fd9967a790bdcfbe6dbdb2de74796286 .av-image-caption-overlay-center{\ncolor:#ffffff;\n}\n<\/style>\n<div  class='avia-image-container av-rurd60-fd9967a790bdcfbe6dbdb2de74796286 av-styling- avia-align-center  avia-builder-el-8  el_before_av_hr  avia-builder-el-first '   itemprop=\"image\" itemscope=\"itemscope\" itemtype=\"https:\/\/schema.org\/ImageObject\" ><div class=\"avia-image-container-inner\"><div class=\"avia-image-overlay-wrap\"><img decoding=\"async\" fetchpriority=\"high\" class='wp-image-1341 avia-img-lazy-loading-not-1341 avia_image ' src=\"https:\/\/vibrotech-eng.com\/wp-content\/uploads\/2017\/09\/vision-1.png\" alt='' title='vision'  height=\"145\" width=\"145\"  itemprop=\"thumbnailUrl\" srcset=\"https:\/\/vibrotech-eng.com\/wp-content\/uploads\/2017\/09\/vision-1.png 145w, https:\/\/vibrotech-eng.com\/wp-content\/uploads\/2017\/09\/vision-1-80x80.png 80w, https:\/\/vibrotech-eng.com\/wp-content\/uploads\/2017\/09\/vision-1-36x36.png 36w, https:\/\/vibrotech-eng.com\/wp-content\/uploads\/2017\/09\/vision-1-120x120.png 120w\" sizes=\"(max-width: 145px) 100vw, 145px\" \/><\/div><\/div><\/div><br \/>\n\n<style type=\"text\/css\" data-created_by=\"avia_inline_auto\" id=\"style-css-av-pfcaew-00084d987a73e23160165c4f701a0448\">\n#top .hr.hr-invisible.av-pfcaew-00084d987a73e23160165c4f701a0448{\nheight:25px;\n}\n<\/style>\n<div  class='hr av-pfcaew-00084d987a73e23160165c4f701a0448 hr-invisible  avia-builder-el-9  el_after_av_image  el_before_av_textblock '><span class='hr-inner '><span class=\"hr-inner-style\"><\/span><\/span><\/div><br \/>\n<section  class='av_textblock_section av-oblls8-0c26acc28f9c78a7367951fd5db347c4 '   itemscope=\"itemscope\" itemtype=\"https:\/\/schema.org\/CreativeWork\" ><div class='avia_textblock'  itemprop=\"text\" ><h2>Vision<\/h2>\n<\/div><\/section><br \/>\n<section  class='av_textblock_section av-mn63vs-f7b2e480ac0c965b82776c5eb6f4a074 '   itemscope=\"itemscope\" itemtype=\"https:\/\/schema.org\/CreativeWork\" ><div class='avia_textblock'  itemprop=\"text\" ><p>Notre vision d\u2019\u00eatre une soci\u00e9t\u00e9 leader et en continue croissance, avec une pr\u00e9sence en march\u00e9s internationaux, reconnue pour apporter une qualit\u00e9 du service excellent a ses clients, rentabilit\u00e9 a ses actionnaires et d\u00e9veloppent professionnel a ses employ\u00e9s<\/p>\n<\/div><\/section><\/p><\/div>\n<style type=\"text\/css\" data-created_by=\"avia_inline_auto\" id=\"style-css-av-k5qstk-1dbabe2f4fb56d75bbdaf7c4e7fe47cd\">\n.flex_column.av-k5qstk-1dbabe2f4fb56d75bbdaf7c4e7fe47cd{\nborder-radius:0px 0px 0px 0px;\npadding:0px 0px 0px 0px;\n}\n<\/style>\n<div  class='flex_column av-k5qstk-1dbabe2f4fb56d75bbdaf7c4e7fe47cd av_one_third  avia-builder-el-12  el_after_av_one_third  el_before_av_hr  flex_column_div av-zero-column-padding  column-top-margin'     ><p>\n<style type=\"text\/css\" data-created_by=\"avia_inline_auto\" id=\"style-css-av-izs63s-ae07bc71541e27faf32927933483aed5\">\n.avia-image-container.av-izs63s-ae07bc71541e27faf32927933483aed5 img.avia_image{\nbox-shadow:none;\n}\n.avia-image-container.av-izs63s-ae07bc71541e27faf32927933483aed5 .av-image-caption-overlay-center{\ncolor:#ffffff;\n}\n<\/style>\n<div  class='avia-image-container av-izs63s-ae07bc71541e27faf32927933483aed5 av-styling- avia-align-center  avia-builder-el-13  el_before_av_hr  avia-builder-el-first '   itemprop=\"image\" itemscope=\"itemscope\" itemtype=\"https:\/\/schema.org\/ImageObject\" ><div class=\"avia-image-container-inner\"><div class=\"avia-image-overlay-wrap\"><img decoding=\"async\" fetchpriority=\"high\" class='wp-image-1345 avia-img-lazy-loading-not-1345 avia_image ' src=\"https:\/\/vibrotech-eng.com\/wp-content\/uploads\/2017\/09\/valores-1.png\" alt='' title='valores'  height=\"145\" width=\"145\"  itemprop=\"thumbnailUrl\" srcset=\"https:\/\/vibrotech-eng.com\/wp-content\/uploads\/2017\/09\/valores-1.png 145w, https:\/\/vibrotech-eng.com\/wp-content\/uploads\/2017\/09\/valores-1-80x80.png 80w, https:\/\/vibrotech-eng.com\/wp-content\/uploads\/2017\/09\/valores-1-36x36.png 36w, https:\/\/vibrotech-eng.com\/wp-content\/uploads\/2017\/09\/valores-1-120x120.png 120w\" sizes=\"(max-width: 145px) 100vw, 145px\" \/><\/div><\/div><\/div><br \/>\n\n<style type=\"text\/css\" data-created_by=\"avia_inline_auto\" id=\"style-css-av-gx51zs-128824375d84ec0ba07a5123f4298e61\">\n#top .hr.hr-invisible.av-gx51zs-128824375d84ec0ba07a5123f4298e61{\nheight:25px;\n}\n<\/style>\n<div  class='hr av-gx51zs-128824375d84ec0ba07a5123f4298e61 hr-invisible  avia-builder-el-14  el_after_av_image  el_before_av_textblock '><span class='hr-inner '><span class=\"hr-inner-style\"><\/span><\/span><\/div><br \/>\n<section  class='av_textblock_section av-f8prt4-ade20dc512a358f914459249444e54b9 '   itemscope=\"itemscope\" itemtype=\"https:\/\/schema.org\/CreativeWork\" ><div class='avia_textblock'  itemprop=\"text\" ><h2>Valeurs<\/h2>\n<\/div><\/section><br \/>\n<section  class='av_textblock_section av-e5bazs-e9614d2e4e57b59be7fdf453b7b5b482 '   itemscope=\"itemscope\" itemtype=\"https:\/\/schema.org\/CreativeWork\" ><div class='avia_textblock'  itemprop=\"text\" ><ul>\n<li>Etique professionnelle.<\/li>\n<li>Orientation Client.<\/li>\n<li>Responsabilit\u00e9 Sociale.<\/li>\n<li>Travail en \u00e9quipe.<\/li>\n<li>Respect et int\u00e9r\u00eat pour les personnes.<\/li>\n<\/ul>\n<\/div><\/section><\/p><\/div>\n<style type=\"text\/css\" data-created_by=\"avia_inline_auto\" id=\"style-css-av-cze6ag-560bbe2bbe238c5680d6382141f57282\">\n#top .hr.hr-invisible.av-cze6ag-560bbe2bbe238c5680d6382141f57282{\nheight:30px;\n}\n<\/style>\n<div  class='hr av-cze6ag-560bbe2bbe238c5680d6382141f57282 hr-invisible  avia-builder-el-17  el_after_av_one_third  el_before_av_one_third '><span class='hr-inner '><span class=\"hr-inner-style\"><\/span><\/span><\/div>\n\n<style type=\"text\/css\" data-created_by=\"avia_inline_auto\" id=\"style-css-av-ay32ko-613755b46e1bf406e55103837ace05c4\">\n.flex_column.av-ay32ko-613755b46e1bf406e55103837ace05c4{\nborder-radius:0px 0px 0px 0px;\npadding:0px 0px 0px 0px;\n}\n<\/style>\n<div  class='flex_column av-ay32ko-613755b46e1bf406e55103837ace05c4 av_one_third  avia-builder-el-18  el_after_av_hr  el_before_av_two_third  first flex_column_div av-zero-column-padding  '     ><section  class='av_textblock_section av-8jppug-1adbadb20702138574a59a91befec1e2 '   itemscope=\"itemscope\" itemtype=\"https:\/\/schema.org\/CreativeWork\" ><div class='avia_textblock'  itemprop=\"text\" ><h2>Vibrotech<br \/>\nEngineering S.L<\/h2>\n<\/div><\/section><br \/>\n\n<style type=\"text\/css\" data-created_by=\"avia_inline_auto\" id=\"style-css-av-6x2irc-73328ebe95b11bb7c1e9625b2bcc2397\">\n#top .hr.hr-invisible.av-6x2irc-73328ebe95b11bb7c1e9625b2bcc2397{\nheight:10px;\n}\n<\/style>\n<div  class='hr av-6x2irc-73328ebe95b11bb7c1e9625b2bcc2397 hr-invisible  avia-builder-el-20  el_after_av_textblock  el_before_av_textblock '><span class='hr-inner '><span class=\"hr-inner-style\"><\/span><\/span><\/div><br \/>\n<section  class='av_textblock_section av-kli67xl8-e0857c2e77d0a4400994b8c7c5d6e6e5 '   itemscope=\"itemscope\" itemtype=\"https:\/\/schema.org\/CreativeWork\" ><div class='avia_textblock'  itemprop=\"text\" ><p><strong>Vibrotech Engineering S.L<\/strong>\u00a0est une Enterprise espagnole, que d\u00e9roule s\u2019activit\u00e9 principale dans le d\u00e9signe et fabrication de machines vibrantes et installations, pour le transport et s\u00e9lection des mat\u00e9riels solides.<\/p>\n<p>La Enterprise est conform\u00e9 pour un \u00e9quipe des professionnels, avec une longue exp\u00e9rience dans le design et fabrication de machines vibrantes, exp\u00e9rience qu\u2019on met au service de nos clients, pour satisfaire ses n\u00e9cessit\u00e9es.<\/p>\n<p>L&rsquo;exp\u00e9rience de plus de 20 ans, toujours en contact \u00e9troit avec les besoins de l&rsquo;industrie g\u00e9n\u00e9rale ainsi que notre engagement dans la recherche et le d\u00e9veloppement de nouvelles solutions, nous permettent de mener des projets dans diff\u00e9rents secteurs industriels.<\/p>\n<p>Nous avons une d\u00e9l\u00e9gation compos\u00e9e de bureaux et d&rsquo;entrep\u00f4ts dans l&rsquo;\u00c9tat de Mexico, d&rsquo;o\u00f9 nous fournissons des services au continent am\u00e9ricain.<\/p>\n<\/div><\/section><\/p><\/div>\n<style type=\"text\/css\" data-created_by=\"avia_inline_auto\" id=\"style-css-av-5t99jc-4178d21a1472081cf69fd8f4c1fb8d2f\">\n.flex_column.av-5t99jc-4178d21a1472081cf69fd8f4c1fb8d2f{\nborder-radius:0px 0px 0px 0px;\npadding:0px 0px 0px 0px;\n}\n<\/style>\n<div  class='flex_column av-5t99jc-4178d21a1472081cf69fd8f4c1fb8d2f av_two_third  avia-builder-el-22  el_after_av_one_third  el_before_av_hr  flex_column_div av-zero-column-padding  '     ><style type=\"text\/css\" data-created_by=\"avia_inline_auto\" id=\"style-css-av-3kio6w-3295f9882a2d109a87b8418b5f5d0df6\">\n.avia-image-container.av-3kio6w-3295f9882a2d109a87b8418b5f5d0df6 img.avia_image{\nbox-shadow:none;\n}\n.avia-image-container.av-3kio6w-3295f9882a2d109a87b8418b5f5d0df6 .av-image-caption-overlay-center{\ncolor:#ffffff;\n}\n<\/style>\n<div  class='avia-image-container av-3kio6w-3295f9882a2d109a87b8418b5f5d0df6 av-styling- avia-align-center  avia-builder-el-23  avia-builder-el-no-sibling '   itemprop=\"image\" itemscope=\"itemscope\" itemtype=\"https:\/\/schema.org\/ImageObject\" ><div class=\"avia-image-container-inner\"><div class=\"avia-image-overlay-wrap\"><img decoding=\"async\" fetchpriority=\"high\" class='wp-image-8539 avia-img-lazy-loading-not-8539 avia_image ' src=\"https:\/\/vibrotech-eng.com\/wp-content\/uploads\/2022\/05\/TxirritaWeb.jpg\" alt='' title='TxirritaWeb'  height=\"1116\" width=\"1920\"  itemprop=\"thumbnailUrl\" srcset=\"https:\/\/vibrotech-eng.com\/wp-content\/uploads\/2022\/05\/TxirritaWeb.jpg 1920w, https:\/\/vibrotech-eng.com\/wp-content\/uploads\/2022\/05\/TxirritaWeb-300x174.jpg 300w, https:\/\/vibrotech-eng.com\/wp-content\/uploads\/2022\/05\/TxirritaWeb-1030x599.jpg 1030w, https:\/\/vibrotech-eng.com\/wp-content\/uploads\/2022\/05\/TxirritaWeb-768x446.jpg 768w, https:\/\/vibrotech-eng.com\/wp-content\/uploads\/2022\/05\/TxirritaWeb-1536x893.jpg 1536w, https:\/\/vibrotech-eng.com\/wp-content\/uploads\/2022\/05\/TxirritaWeb-1500x872.jpg 1500w, https:\/\/vibrotech-eng.com\/wp-content\/uploads\/2022\/05\/TxirritaWeb-705x410.jpg 705w\" sizes=\"(max-width: 1920px) 100vw, 1920px\" \/><\/div><\/div><\/div><\/div>\n<style type=\"text\/css\" data-created_by=\"avia_inline_auto\" id=\"style-css-av-15mgo-fd5fd32bc1a58b0bd580449cd41ad1d7\">\n#top .hr.hr-invisible.av-15mgo-fd5fd32bc1a58b0bd580449cd41ad1d7{\nheight:50px;\n}\n<\/style>\n<div  class='hr av-15mgo-fd5fd32bc1a58b0bd580449cd41ad1d7 hr-invisible  avia-builder-el-24  el_after_av_two_third  avia-builder-el-last '><span class='hr-inner '><span class=\"hr-inner-style\"><\/span><\/span><\/div>\n<\/div><\/div><\/main><!-- close content main element --><\/div><\/div><div id='after_section_1'  class='main_color av_default_container_wrap container_wrap sidebar_right'  ><div class='container av-section-cont-open' ><div class='template-page content  av-content-small alpha units'><div class='post-entry post-entry-type-page post-entry-2008'><div class='entry-content-wrapper clearfix'>\n","protected":false},"excerpt":{"rendered":"","protected":false},"author":2,"featured_media":0,"parent":0,"menu_order":0,"comment_status":"closed","ping_status":"closed","template":"","meta":{"footnotes":""},"class_list":["post-2008","page","type-page","status-publish","hentry"],"yoast_head":"<!-- This site is optimized with the Yoast SEO Premium plugin v20.3 (Yoast SEO v27.4) - https:\/\/yoast.com\/product\/yoast-seo-premium-wordpress\/ -->\n<title>Soci\u00e9t\u00e9 - Vibrotech Engineering S.L<\/title>\n<meta name=\"robots\" content=\"index, follow, max-snippet:-1, max-image-preview:large, max-video-preview:-1\" \/>\n<link rel=\"canonical\" href=\"https:\/\/vibrotech-eng.com\/fr\/societe\/\" \/>\n<meta property=\"og:locale\" content=\"fr_FR\" \/>\n<meta property=\"og:type\" content=\"article\" \/>\n<meta property=\"og:title\" content=\"Soci\u00e9t\u00e9\" \/>\n<meta property=\"og:url\" content=\"https:\/\/vibrotech-eng.com\/fr\/societe\/\" \/>\n<meta property=\"og:site_name\" content=\"Vibrotech Engineering S.L\" \/>\n<meta property=\"article:modified_time\" content=\"2022-05-16T14:01:40+00:00\" \/>\n<meta name=\"twitter:card\" content=\"summary_large_image\" \/>\n<meta name=\"twitter:label1\" content=\"Dur\u00e9e de lecture estim\u00e9e\" \/>\n\t<meta name=\"twitter:data1\" content=\"8 minutes\" \/>\n<script type=\"application\/ld+json\" class=\"yoast-schema-graph\">{\"@context\":\"https:\\\/\\\/schema.org\",\"@graph\":[{\"@type\":\"WebPage\",\"@id\":\"https:\\\/\\\/vibrotech-eng.com\\\/fr\\\/societe\\\/\",\"url\":\"https:\\\/\\\/vibrotech-eng.com\\\/fr\\\/societe\\\/\",\"name\":\"Soci\u00e9t\u00e9 - Vibrotech Engineering S.L\",\"isPartOf\":{\"@id\":\"https:\\\/\\\/vibrotech-eng.com\\\/fr\\\/#website\"},\"datePublished\":\"2017-09-25T09:11:30+00:00\",\"dateModified\":\"2022-05-16T14:01:40+00:00\",\"breadcrumb\":{\"@id\":\"https:\\\/\\\/vibrotech-eng.com\\\/fr\\\/societe\\\/#breadcrumb\"},\"inLanguage\":\"fr-FR\",\"potentialAction\":[{\"@type\":\"ReadAction\",\"target\":[\"https:\\\/\\\/vibrotech-eng.com\\\/fr\\\/societe\\\/\"]}]},{\"@type\":\"BreadcrumbList\",\"@id\":\"https:\\\/\\\/vibrotech-eng.com\\\/fr\\\/societe\\\/#breadcrumb\",\"itemListElement\":[{\"@type\":\"ListItem\",\"position\":1,\"name\":\"Accueil\",\"item\":\"https:\\\/\\\/vibrotech-eng.com\\\/fr\\\/accueil\\\/\"},{\"@type\":\"ListItem\",\"position\":2,\"name\":\"Soci\u00e9t\u00e9\"}]},{\"@type\":\"WebSite\",\"@id\":\"https:\\\/\\\/vibrotech-eng.com\\\/fr\\\/#website\",\"url\":\"https:\\\/\\\/vibrotech-eng.com\\\/fr\\\/\",\"name\":\"Vibrotech Engineering S.L\",\"description\":\"Empresa espa\u00f1ola que desarrolla su actividad principal en el dise\u00f1o y fabricaci\u00f3n de maquinaria vibrante\",\"potentialAction\":[{\"@type\":\"SearchAction\",\"target\":{\"@type\":\"EntryPoint\",\"urlTemplate\":\"https:\\\/\\\/vibrotech-eng.com\\\/fr\\\/?s={search_term_string}\"},\"query-input\":{\"@type\":\"PropertyValueSpecification\",\"valueRequired\":true,\"valueName\":\"search_term_string\"}}],\"inLanguage\":\"fr-FR\"}]}<\/script>\n<!-- \/ Yoast SEO Premium plugin. -->","yoast_head_json":{"title":"Soci\u00e9t\u00e9 - Vibrotech Engineering S.L","robots":{"index":"index","follow":"follow","max-snippet":"max-snippet:-1","max-image-preview":"max-image-preview:large","max-video-preview":"max-video-preview:-1"},"canonical":"https:\/\/vibrotech-eng.com\/fr\/societe\/","og_locale":"fr_FR","og_type":"article","og_title":"Soci\u00e9t\u00e9","og_url":"https:\/\/vibrotech-eng.com\/fr\/societe\/","og_site_name":"Vibrotech Engineering S.L","article_modified_time":"2022-05-16T14:01:40+00:00","twitter_card":"summary_large_image","twitter_misc":{"Dur\u00e9e de lecture estim\u00e9e":"8 minutes"},"schema":{"@context":"https:\/\/schema.org","@graph":[{"@type":"WebPage","@id":"https:\/\/vibrotech-eng.com\/fr\/societe\/","url":"https:\/\/vibrotech-eng.com\/fr\/societe\/","name":"Soci\u00e9t\u00e9 - Vibrotech Engineering S.L","isPartOf":{"@id":"https:\/\/vibrotech-eng.com\/fr\/#website"},"datePublished":"2017-09-25T09:11:30+00:00","dateModified":"2022-05-16T14:01:40+00:00","breadcrumb":{"@id":"https:\/\/vibrotech-eng.com\/fr\/societe\/#breadcrumb"},"inLanguage":"fr-FR","potentialAction":[{"@type":"ReadAction","target":["https:\/\/vibrotech-eng.com\/fr\/societe\/"]}]},{"@type":"BreadcrumbList","@id":"https:\/\/vibrotech-eng.com\/fr\/societe\/#breadcrumb","itemListElement":[{"@type":"ListItem","position":1,"name":"Accueil","item":"https:\/\/vibrotech-eng.com\/fr\/accueil\/"},{"@type":"ListItem","position":2,"name":"Soci\u00e9t\u00e9"}]},{"@type":"WebSite","@id":"https:\/\/vibrotech-eng.com\/fr\/#website","url":"https:\/\/vibrotech-eng.com\/fr\/","name":"Vibrotech Engineering S.L","description":"Empresa espa\u00f1ola que desarrolla su actividad principal en el dise\u00f1o y fabricaci\u00f3n de maquinaria vibrante","potentialAction":[{"@type":"SearchAction","target":{"@type":"EntryPoint","urlTemplate":"https:\/\/vibrotech-eng.com\/fr\/?s={search_term_string}"},"query-input":{"@type":"PropertyValueSpecification","valueRequired":true,"valueName":"search_term_string"}}],"inLanguage":"fr-FR"}]}},"_links":{"self":[{"href":"https:\/\/vibrotech-eng.com\/fr\/wp-json\/wp\/v2\/pages\/2008","targetHints":{"allow":["GET"]}}],"collection":[{"href":"https:\/\/vibrotech-eng.com\/fr\/wp-json\/wp\/v2\/pages"}],"about":[{"href":"https:\/\/vibrotech-eng.com\/fr\/wp-json\/wp\/v2\/types\/page"}],"author":[{"embeddable":true,"href":"https:\/\/vibrotech-eng.com\/fr\/wp-json\/wp\/v2\/users\/2"}],"replies":[{"embeddable":true,"href":"https:\/\/vibrotech-eng.com\/fr\/wp-json\/wp\/v2\/comments?post=2008"}],"version-history":[{"count":0,"href":"https:\/\/vibrotech-eng.com\/fr\/wp-json\/wp\/v2\/pages\/2008\/revisions"}],"wp:attachment":[{"href":"https:\/\/vibrotech-eng.com\/fr\/wp-json\/wp\/v2\/media?parent=2008"}],"curies":[{"name":"wp","href":"https:\/\/api.w.org\/{rel}","templated":true}]}}