{"id":10345,"date":"2024-09-26T12:38:54","date_gmt":"2024-09-26T10:38:54","guid":{"rendered":"https:\/\/vibrotech-eng.com\/?page_id=10345"},"modified":"2025-01-20T16:21:14","modified_gmt":"2025-01-20T15:21:14","slug":"refroidisseur-de-pieces","status":"publish","type":"page","link":"https:\/\/vibrotech-eng.com\/fr\/refroidisseur-de-pieces\/","title":{"rendered":"Refroidisseur de Pieces"},"content":{"rendered":"<div id='av_section_1'  class='avia-section av-41wc5l5-b2416844034bfce91afb4038e92a991b main_color avia-section-default avia-no-border-styling  avia-builder-el-0  avia-builder-el-no-sibling  avia-bg-style-scroll container_wrap sidebar_right'  ><div class='container av-section-cont-open' ><main  role=\"main\" itemprop=\"mainContentOfPage\"  class='template-page content  av-content-small alpha units'><div class='post-entry post-entry-type-page post-entry-10345'><div class='entry-content-wrapper clearfix'>\n<section  class='av_textblock_section av-m1j5vt0c-bf96932e8a848dce06226d7ad4ca59e8 '   itemscope=\"itemscope\" itemtype=\"https:\/\/schema.org\/CreativeWork\" ><div class='avia_textblock'  itemprop=\"text\" ><h1 style=\"text-align: center;\">Refroidisseur de Pieces<\/h1>\n<\/div><\/section>\n\n<style type=\"text\/css\" data-created_by=\"avia_inline_auto\" id=\"style-css-av-3ct7q21-9fed70925d4629535ead9b71ff926d13\">\n#top .hr.hr-invisible.av-3ct7q21-9fed70925d4629535ead9b71ff926d13{\nheight:50px;\n}\n<\/style>\n<div  class='hr av-3ct7q21-9fed70925d4629535ead9b71ff926d13 hr-invisible  avia-builder-el-2  el_after_av_textblock  el_before_av_one_half '><span class='hr-inner '><span class=\"hr-inner-style\"><\/span><\/span><\/div>\n\n<style type=\"text\/css\" data-created_by=\"avia_inline_auto\" id=\"style-css-av-2yupvhl-a7edf7ea934420de38d41c94cb254470\">\n.flex_column.av-2yupvhl-a7edf7ea934420de38d41c94cb254470{\nborder-radius:0px 0px 0px 0px;\npadding:0px 0px 0px 0px;\n}\n<\/style>\n<div  class='flex_column av-2yupvhl-a7edf7ea934420de38d41c94cb254470 av_one_half  avia-builder-el-3  el_after_av_hr  el_before_av_one_half  first flex_column_div av-zero-column-padding  '     ><section  class='av_textblock_section av-2pmspqh-46e5b2b094804ab0902b78e81783fc13 '   itemscope=\"itemscope\" itemtype=\"https:\/\/schema.org\/CreativeWork\" ><div class='avia_textblock'  itemprop=\"text\" ><\/div><\/section><\/div>\n<style type=\"text\/css\" data-created_by=\"avia_inline_auto\" id=\"style-css-av-25vzall-9dd3311b8548b80ef7e2ab726fc1f76a\">\n.flex_column.av-25vzall-9dd3311b8548b80ef7e2ab726fc1f76a{\nborder-radius:0px 0px 0px 0px;\npadding:0px 0px 0px 0px;\n}\n<\/style>\n<div  class='flex_column av-25vzall-9dd3311b8548b80ef7e2ab726fc1f76a av_one_half  avia-builder-el-5  el_after_av_one_half  el_before_av_hr  flex_column_div av-zero-column-padding  '     ><section  class='av_textblock_section av-1oge9u1-9b26c56e0b1daa625faf64c8e097dc78 '   itemscope=\"itemscope\" itemtype=\"https:\/\/schema.org\/CreativeWork\" ><div class='avia_textblock'  itemprop=\"text\" ><\/div><\/section><\/div>\n<style type=\"text\/css\" data-created_by=\"avia_inline_auto\" id=\"style-css-av-4tz2y1-ad3a8c2f8667305d60f6f19f3869c041\">\n#top .hr.hr-invisible.av-4tz2y1-ad3a8c2f8667305d60f6f19f3869c041{\nheight:20px;\n}\n<\/style>\n<div  class='hr av-4tz2y1-ad3a8c2f8667305d60f6f19f3869c041 hr-invisible  avia-builder-el-7  el_after_av_one_half  el_before_av_masonry_gallery  avia-builder-el-last '><span class='hr-inner '><span class=\"hr-inner-style\"><\/span><\/span><\/div>\n<div id='av-masonry-1' class='av-masonry av-m5icsp-752bca8f4afa5f3770536f13c50b9652 noHover av-fixed-size av-large-gap av-hover-overlay- av-masonry-animation-active av-masonry-col-4 av-caption-always av-caption-style- av-masonry-gallery ' data-post_id=\"10345\"><div class=\"av-masonry-container isotope av-js-disabled\"><div class='av-masonry-entry isotope-item av-masonry-item-no-image '><\/div><a href=\"https:\/\/vibrotech-eng.com\/wp-content\/uploads\/2024\/09\/enfriador-de-piezas-1030x773.jpg\" data-srcset=\"https:\/\/vibrotech-eng.com\/wp-content\/uploads\/2024\/09\/enfriador-de-piezas-1030x773.jpg 1030w, https:\/\/vibrotech-eng.com\/wp-content\/uploads\/2024\/09\/enfriador-de-piezas-300x225.jpg 300w, https:\/\/vibrotech-eng.com\/wp-content\/uploads\/2024\/09\/enfriador-de-piezas-768x576.jpg 768w, https:\/\/vibrotech-eng.com\/wp-content\/uploads\/2024\/09\/enfriador-de-piezas-705x529.jpg 705w, https:\/\/vibrotech-eng.com\/wp-content\/uploads\/2024\/09\/enfriador-de-piezas.jpg 1200w\" data-sizes=\"(max-width: 1030px) 100vw, 1030px\"  aria-label=\"image enfriador-de-piezas\"  id='av-masonry-1-item-10334' data-av-masonry-item='10334' class='av-masonry-entry isotope-item post-10334 attachment type-attachment status-inherit hentry  av-masonry-item-with-image' title=\"enfriador-de-piezas\" alt=\"\"    itemprop=\"thumbnailUrl\" ><div class='av-inner-masonry-sizer'><\/div><figure class='av-inner-masonry main_color'><div class=\"av-masonry-outerimage-container\"><div class='av-masonry-image-container' style=\"background-image: url(https:\/\/vibrotech-eng.com\/wp-content\/uploads\/2024\/09\/enfriador-de-piezas-705x529.jpg);\"  title=\"enfriador-de-piezas\"  ><\/div><\/div><\/figure><\/a><!--end av-masonry entry--><a href=\"https:\/\/vibrotech-eng.com\/wp-content\/uploads\/2025\/01\/WhatsApp-Image-2024-11-22-at-11.05.48-2-Photoroom-1030x773.png\" data-srcset=\"https:\/\/vibrotech-eng.com\/wp-content\/uploads\/2025\/01\/WhatsApp-Image-2024-11-22-at-11.05.48-2-Photoroom-1030x773.png 1030w, https:\/\/vibrotech-eng.com\/wp-content\/uploads\/2025\/01\/WhatsApp-Image-2024-11-22-at-11.05.48-2-Photoroom-300x225.png 300w, https:\/\/vibrotech-eng.com\/wp-content\/uploads\/2025\/01\/WhatsApp-Image-2024-11-22-at-11.05.48-2-Photoroom-768x576.png 768w, https:\/\/vibrotech-eng.com\/wp-content\/uploads\/2025\/01\/WhatsApp-Image-2024-11-22-at-11.05.48-2-Photoroom-705x529.png 705w, https:\/\/vibrotech-eng.com\/wp-content\/uploads\/2025\/01\/WhatsApp-Image-2024-11-22-at-11.05.48-2-Photoroom.png 1280w\" data-sizes=\"(max-width: 1030px) 100vw, 1030px\"  aria-label=\"image ENFRIADOR\"  id='av-masonry-1-item-10429' data-av-masonry-item='10429' class='av-masonry-entry isotope-item post-10429 attachment type-attachment status-inherit hentry  av-masonry-item-with-image' title=\"ENFRIADOR\" alt=\"\"    itemprop=\"thumbnailUrl\" ><div class='av-inner-masonry-sizer'><\/div><figure class='av-inner-masonry main_color'><div class=\"av-masonry-outerimage-container\"><div class='av-masonry-image-container' style=\"background-image: url(https:\/\/vibrotech-eng.com\/wp-content\/uploads\/2025\/01\/WhatsApp-Image-2024-11-22-at-11.05.48-2-Photoroom-705x529.png);\"  title=\"ENFRIADOR\"  ><\/div><\/div><\/figure><\/a><!--end av-masonry entry--><a href=\"https:\/\/vibrotech-eng.com\/wp-content\/uploads\/2024\/10\/IMG_20241008_140815-1030x773.jpg\" data-srcset=\"https:\/\/vibrotech-eng.com\/wp-content\/uploads\/2024\/10\/IMG_20241008_140815-1030x773.jpg 1030w, https:\/\/vibrotech-eng.com\/wp-content\/uploads\/2024\/10\/IMG_20241008_140815-300x225.jpg 300w, https:\/\/vibrotech-eng.com\/wp-content\/uploads\/2024\/10\/IMG_20241008_140815-768x576.jpg 768w, https:\/\/vibrotech-eng.com\/wp-content\/uploads\/2024\/10\/IMG_20241008_140815-1536x1152.jpg 1536w, https:\/\/vibrotech-eng.com\/wp-content\/uploads\/2024\/10\/IMG_20241008_140815-2048x1536.jpg 2048w, https:\/\/vibrotech-eng.com\/wp-content\/uploads\/2024\/10\/IMG_20241008_140815-1500x1125.jpg 1500w, https:\/\/vibrotech-eng.com\/wp-content\/uploads\/2024\/10\/IMG_20241008_140815-705x529.jpg 705w\" data-sizes=\"(max-width: 1030px) 100vw, 1030px\"  aria-label=\"image IMG_20241008_140815\"  id='av-masonry-1-item-10356' data-av-masonry-item='10356' class='av-masonry-entry isotope-item post-10356 attachment type-attachment status-inherit hentry  av-masonry-item-with-image' title=\"IMG_20241008_140815\" alt=\"\"    itemprop=\"thumbnailUrl\" ><div class='av-inner-masonry-sizer'><\/div><figure class='av-inner-masonry main_color'><div class=\"av-masonry-outerimage-container\"><div class='av-masonry-image-container' style=\"background-image: url(https:\/\/vibrotech-eng.com\/wp-content\/uploads\/2024\/10\/IMG_20241008_140815-705x529.jpg);\"  title=\"IMG_20241008_140815\"  ><\/div><\/div><\/figure><\/a><!--end av-masonry entry--><a href=\"https:\/\/vibrotech-eng.com\/wp-content\/uploads\/2024\/10\/IMG_20241008_140434-1030x773.jpg\" data-srcset=\"https:\/\/vibrotech-eng.com\/wp-content\/uploads\/2024\/10\/IMG_20241008_140434-1030x773.jpg 1030w, https:\/\/vibrotech-eng.com\/wp-content\/uploads\/2024\/10\/IMG_20241008_140434-300x225.jpg 300w, https:\/\/vibrotech-eng.com\/wp-content\/uploads\/2024\/10\/IMG_20241008_140434-768x576.jpg 768w, https:\/\/vibrotech-eng.com\/wp-content\/uploads\/2024\/10\/IMG_20241008_140434-1536x1152.jpg 1536w, https:\/\/vibrotech-eng.com\/wp-content\/uploads\/2024\/10\/IMG_20241008_140434-2048x1536.jpg 2048w, https:\/\/vibrotech-eng.com\/wp-content\/uploads\/2024\/10\/IMG_20241008_140434-1500x1125.jpg 1500w, https:\/\/vibrotech-eng.com\/wp-content\/uploads\/2024\/10\/IMG_20241008_140434-705x529.jpg 705w\" data-sizes=\"(max-width: 1030px) 100vw, 1030px\"  aria-label=\"image IMG_20241008_140434\"  id='av-masonry-1-item-10360' data-av-masonry-item='10360' class='av-masonry-entry isotope-item post-10360 attachment type-attachment status-inherit hentry  av-masonry-item-with-image' title=\"IMG_20241008_140434\" alt=\"\"    itemprop=\"thumbnailUrl\" ><div class='av-inner-masonry-sizer'><\/div><figure class='av-inner-masonry main_color'><div class=\"av-masonry-outerimage-container\"><div class='av-masonry-image-container' style=\"background-image: url(https:\/\/vibrotech-eng.com\/wp-content\/uploads\/2024\/10\/IMG_20241008_140434-705x529.jpg);\"  title=\"IMG_20241008_140434\"  ><\/div><\/div><\/figure><\/a><!--end av-masonry entry--><\/div><\/div>\n<\/div><\/div><\/main><!-- close content main element --><\/div><\/div><div id='after_section_1'  class='main_color av_default_container_wrap container_wrap sidebar_right'  ><div class='container av-section-cont-open' ><div class='template-page content  av-content-small alpha units'><div class='post-entry post-entry-type-page post-entry-10345'><div class='entry-content-wrapper clearfix'>\n","protected":false},"excerpt":{"rendered":"","protected":false},"author":2,"featured_media":0,"parent":0,"menu_order":0,"comment_status":"closed","ping_status":"closed","template":"","meta":{"footnotes":""},"class_list":["post-10345","page","type-page","status-publish","hentry"],"yoast_head":"<!-- This site is optimized with the Yoast SEO Premium plugin v20.3 (Yoast SEO v27.5) - https:\/\/yoast.com\/product\/yoast-seo-premium-wordpress\/ -->\n<title>Refroidisseur de Pieces - Vibrotech Engineering S.L<\/title>\n<meta name=\"robots\" content=\"index, follow, max-snippet:-1, max-image-preview:large, max-video-preview:-1\" \/>\n<link rel=\"canonical\" href=\"https:\/\/vibrotech-eng.com\/fr\/refroidisseur-de-pieces\/\" \/>\n<meta property=\"og:locale\" content=\"fr_FR\" \/>\n<meta property=\"og:type\" content=\"article\" \/>\n<meta property=\"og:title\" content=\"Refroidisseur de Pieces\" \/>\n<meta property=\"og:url\" content=\"https:\/\/vibrotech-eng.com\/fr\/refroidisseur-de-pieces\/\" \/>\n<meta property=\"og:site_name\" content=\"Vibrotech Engineering S.L\" \/>\n<meta property=\"article:modified_time\" content=\"2025-01-20T15:21:14+00:00\" \/>\n<meta name=\"twitter:card\" content=\"summary_large_image\" \/>\n<meta name=\"twitter:label1\" content=\"Dur\u00e9e de lecture estim\u00e9e\" \/>\n\t<meta name=\"twitter:data1\" content=\"1 minute\" \/>\n<script type=\"application\/ld+json\" class=\"yoast-schema-graph\">{\"@context\":\"https:\\\/\\\/schema.org\",\"@graph\":[{\"@type\":\"WebPage\",\"@id\":\"https:\\\/\\\/vibrotech-eng.com\\\/fr\\\/refroidisseur-de-pieces\\\/\",\"url\":\"https:\\\/\\\/vibrotech-eng.com\\\/fr\\\/refroidisseur-de-pieces\\\/\",\"name\":\"Refroidisseur de Pieces - Vibrotech Engineering S.L\",\"isPartOf\":{\"@id\":\"https:\\\/\\\/vibrotech-eng.com\\\/fr\\\/#website\"},\"datePublished\":\"2024-09-26T10:38:54+00:00\",\"dateModified\":\"2025-01-20T15:21:14+00:00\",\"breadcrumb\":{\"@id\":\"https:\\\/\\\/vibrotech-eng.com\\\/fr\\\/refroidisseur-de-pieces\\\/#breadcrumb\"},\"inLanguage\":\"fr-FR\",\"potentialAction\":[{\"@type\":\"ReadAction\",\"target\":[\"https:\\\/\\\/vibrotech-eng.com\\\/fr\\\/refroidisseur-de-pieces\\\/\"]}]},{\"@type\":\"BreadcrumbList\",\"@id\":\"https:\\\/\\\/vibrotech-eng.com\\\/fr\\\/refroidisseur-de-pieces\\\/#breadcrumb\",\"itemListElement\":[{\"@type\":\"ListItem\",\"position\":1,\"name\":\"Accueil\",\"item\":\"https:\\\/\\\/vibrotech-eng.com\\\/fr\\\/accueil\\\/\"},{\"@type\":\"ListItem\",\"position\":2,\"name\":\"Refroidisseur de Pieces\"}]},{\"@type\":\"WebSite\",\"@id\":\"https:\\\/\\\/vibrotech-eng.com\\\/fr\\\/#website\",\"url\":\"https:\\\/\\\/vibrotech-eng.com\\\/fr\\\/\",\"name\":\"Vibrotech Engineering S.L\",\"description\":\"Empresa espa\u00f1ola que desarrolla su actividad principal en el dise\u00f1o y fabricaci\u00f3n de maquinaria vibrante\",\"potentialAction\":[{\"@type\":\"SearchAction\",\"target\":{\"@type\":\"EntryPoint\",\"urlTemplate\":\"https:\\\/\\\/vibrotech-eng.com\\\/fr\\\/?s={search_term_string}\"},\"query-input\":{\"@type\":\"PropertyValueSpecification\",\"valueRequired\":true,\"valueName\":\"search_term_string\"}}],\"inLanguage\":\"fr-FR\"}]}<\/script>\n<!-- \/ Yoast SEO Premium plugin. -->","yoast_head_json":{"title":"Refroidisseur de Pieces - Vibrotech Engineering S.L","robots":{"index":"index","follow":"follow","max-snippet":"max-snippet:-1","max-image-preview":"max-image-preview:large","max-video-preview":"max-video-preview:-1"},"canonical":"https:\/\/vibrotech-eng.com\/fr\/refroidisseur-de-pieces\/","og_locale":"fr_FR","og_type":"article","og_title":"Refroidisseur de Pieces","og_url":"https:\/\/vibrotech-eng.com\/fr\/refroidisseur-de-pieces\/","og_site_name":"Vibrotech Engineering S.L","article_modified_time":"2025-01-20T15:21:14+00:00","twitter_card":"summary_large_image","twitter_misc":{"Dur\u00e9e de lecture estim\u00e9e":"1 minute"},"schema":{"@context":"https:\/\/schema.org","@graph":[{"@type":"WebPage","@id":"https:\/\/vibrotech-eng.com\/fr\/refroidisseur-de-pieces\/","url":"https:\/\/vibrotech-eng.com\/fr\/refroidisseur-de-pieces\/","name":"Refroidisseur de Pieces - Vibrotech Engineering S.L","isPartOf":{"@id":"https:\/\/vibrotech-eng.com\/fr\/#website"},"datePublished":"2024-09-26T10:38:54+00:00","dateModified":"2025-01-20T15:21:14+00:00","breadcrumb":{"@id":"https:\/\/vibrotech-eng.com\/fr\/refroidisseur-de-pieces\/#breadcrumb"},"inLanguage":"fr-FR","potentialAction":[{"@type":"ReadAction","target":["https:\/\/vibrotech-eng.com\/fr\/refroidisseur-de-pieces\/"]}]},{"@type":"BreadcrumbList","@id":"https:\/\/vibrotech-eng.com\/fr\/refroidisseur-de-pieces\/#breadcrumb","itemListElement":[{"@type":"ListItem","position":1,"name":"Accueil","item":"https:\/\/vibrotech-eng.com\/fr\/accueil\/"},{"@type":"ListItem","position":2,"name":"Refroidisseur de Pieces"}]},{"@type":"WebSite","@id":"https:\/\/vibrotech-eng.com\/fr\/#website","url":"https:\/\/vibrotech-eng.com\/fr\/","name":"Vibrotech Engineering S.L","description":"Empresa espa\u00f1ola que desarrolla su actividad principal en el dise\u00f1o y fabricaci\u00f3n de maquinaria vibrante","potentialAction":[{"@type":"SearchAction","target":{"@type":"EntryPoint","urlTemplate":"https:\/\/vibrotech-eng.com\/fr\/?s={search_term_string}"},"query-input":{"@type":"PropertyValueSpecification","valueRequired":true,"valueName":"search_term_string"}}],"inLanguage":"fr-FR"}]}},"_links":{"self":[{"href":"https:\/\/vibrotech-eng.com\/fr\/wp-json\/wp\/v2\/pages\/10345","targetHints":{"allow":["GET"]}}],"collection":[{"href":"https:\/\/vibrotech-eng.com\/fr\/wp-json\/wp\/v2\/pages"}],"about":[{"href":"https:\/\/vibrotech-eng.com\/fr\/wp-json\/wp\/v2\/types\/page"}],"author":[{"embeddable":true,"href":"https:\/\/vibrotech-eng.com\/fr\/wp-json\/wp\/v2\/users\/2"}],"replies":[{"embeddable":true,"href":"https:\/\/vibrotech-eng.com\/fr\/wp-json\/wp\/v2\/comments?post=10345"}],"version-history":[{"count":2,"href":"https:\/\/vibrotech-eng.com\/fr\/wp-json\/wp\/v2\/pages\/10345\/revisions"}],"predecessor-version":[{"id":10433,"href":"https:\/\/vibrotech-eng.com\/fr\/wp-json\/wp\/v2\/pages\/10345\/revisions\/10433"}],"wp:attachment":[{"href":"https:\/\/vibrotech-eng.com\/fr\/wp-json\/wp\/v2\/media?parent=10345"}],"curies":[{"name":"wp","href":"https:\/\/api.w.org\/{rel}","templated":true}]}}