{"id":7681,"date":"2021-07-06T12:39:38","date_gmt":"2021-07-06T10:39:38","guid":{"rendered":"https:\/\/vibrotech-eng.com\/criba-malla-elastica-serie-ems\/"},"modified":"2022-01-13T15:00:16","modified_gmt":"2022-01-13T14:00:16","slug":"criba-malla-elastica-serie-ems","status":"publish","type":"page","link":"https:\/\/vibrotech-eng.com\/en\/criba-malla-elastica-serie-ems\/","title":{"rendered":"EMS series Elastic Mesh Screens"},"content":{"rendered":"<div id='av_section_1'  class='avia-section av-v15xdp-f4b9079a0bbf50a09591b900a79e6a4e main_color avia-section-default avia-no-border-styling  avia-builder-el-0  avia-builder-el-no-sibling  avia-bg-style-scroll container_wrap sidebar_right'  ><div class='container av-section-cont-open' ><main  role=\"main\" itemprop=\"mainContentOfPage\"  class='template-page content  av-content-small alpha units'><div class='post-entry post-entry-type-page post-entry-7681'><div class='entry-content-wrapper clearfix'>\n<section  class='av_textblock_section av-kqrx1ode-c2ffc3af5c7e3156753abc24b2e899dd '   itemscope=\"itemscope\" itemtype=\"https:\/\/schema.org\/CreativeWork\" ><div class='avia_textblock'  itemprop=\"text\" ><h1 style=\"text-align: center;\">FLIP FLOW SCREENS TYPE EMS<\/h1>\n<\/div><\/section>\n\n<style type=\"text\/css\" data-created_by=\"avia_inline_auto\" id=\"style-css-av-tbscml-32e3f2d1d9678b94014106fe8c873b77\">\n#top .hr.hr-invisible.av-tbscml-32e3f2d1d9678b94014106fe8c873b77{\nheight:50px;\n}\n<\/style>\n<div  class='hr av-tbscml-32e3f2d1d9678b94014106fe8c873b77 hr-invisible  avia-builder-el-2  el_after_av_textblock  el_before_av_one_fourth '><span class='hr-inner '><span class=\"hr-inner-style\"><\/span><\/span><\/div>\n\n<style type=\"text\/css\" data-created_by=\"avia_inline_auto\" id=\"style-css-av-ryw8fh-80939f16be1e4619543729c3b19b4599\">\n.flex_column.av-ryw8fh-80939f16be1e4619543729c3b19b4599{\nborder-radius:0px 0px 0px 0px;\npadding:0px 0px 0px 0px;\n}\n<\/style>\n<div  class='flex_column av-ryw8fh-80939f16be1e4619543729c3b19b4599 av_one_fourth  avia-builder-el-3  el_after_av_hr  el_before_av_one_third  first flex_column_div av-zero-column-padding  '     ><section  class='av_textblock_section av-kqrx25dc-4032b654ed0ba709ba68bc6b967eb202 '   itemscope=\"itemscope\" itemtype=\"https:\/\/schema.org\/CreativeWork\" ><div class='avia_textblock'  itemprop=\"text\" ><p align=\"JUSTIFY\">The EMS series or Flip Flow elastic mesh screens are designed to handle solid materials that are difficult to screen with conventional methods. Humidity, stickiness and shapes that tend to clog screens are some of the reasons for choosing this type of machine over conventional screening machines.<\/p>\n<p align=\"JUSTIFY\">The equipment that can be configured with EMS series elastic mesh screens include electrical vibrators, eccentric shafts with adjustable masses or gearboxes.<\/p>\n<p align=\"JUSTIFY\">Their operation is based on two independent frames that move the elastic mesh forcefully, thereby preventing the particles from snagging in the mesh.<\/p>\n<\/div><\/section><br \/>\n<section  class='av_textblock_section av-kqrx25dc-4032b654ed0ba709ba68bc6b967eb202 '   itemscope=\"itemscope\" itemtype=\"https:\/\/schema.org\/CreativeWork\" ><div class='avia_textblock'  itemprop=\"text\" ><p align=\"JUSTIFY\">Various configurations are available: single deck, dual elastic deck or a conventional mesh or perforated screen deck and a second elastic mesh deck.<\/p>\n<\/div><\/section><br \/>\n\n<style type=\"text\/css\" data-created_by=\"avia_inline_auto\" id=\"style-css-av-3nhj3x-f5f51e40acef8e9098849b67ff66774b\">\n#top .hr.av-3nhj3x-f5f51e40acef8e9098849b67ff66774b{\nmargin-top:3;\nmargin-bottom:0;\n}\n.hr.av-3nhj3x-f5f51e40acef8e9098849b67ff66774b .hr-inner{\nwidth:50px;\n}\n<\/style>\n<div  class='hr av-3nhj3x-f5f51e40acef8e9098849b67ff66774b hr-custom  avia-builder-el-6  el_after_av_textblock  el_before_av_image  hr-center hr-icon-no'><span class='hr-inner inner-border-av-border-none'><span class=\"hr-inner-style\"><\/span><\/span><\/div><br \/>\n\n<style type=\"text\/css\" data-created_by=\"avia_inline_auto\" id=\"style-css-av-kqrx4r3b-29c09e0aa1e52bd348c467903b348406\">\n.avia-image-container.av-kqrx4r3b-29c09e0aa1e52bd348c467903b348406 img.avia_image{\nbox-shadow:none;\n}\n.avia-image-container.av-kqrx4r3b-29c09e0aa1e52bd348c467903b348406 .av-image-caption-overlay-center{\ncolor:#ffffff;\nfont-size:12px;\n}\n<\/style>\n<div  class='avia-image-container av-kqrx4r3b-29c09e0aa1e52bd348c467903b348406 av-styling- avia-align-center  avia-builder-el-7  el_after_av_hr  el_before_av_textblock '   itemprop=\"image\" itemscope=\"itemscope\" itemtype=\"https:\/\/schema.org\/ImageObject\" ><div class=\"avia-image-container-inner\"><div class=\"avia-image-overlay-wrap\"><img decoding=\"async\" fetchpriority=\"high\" class='wp-image-7615 avia-img-lazy-loading-not-7615 avia_image ' src=\"https:\/\/vibrotech-eng.com\/wp-content\/uploads\/2021\/07\/flip-flop.jpg\" alt='' title='flip-flop'  height=\"108\" width=\"1592\"  itemprop=\"thumbnailUrl\" srcset=\"https:\/\/vibrotech-eng.com\/wp-content\/uploads\/2021\/07\/flip-flop.jpg 1592w, https:\/\/vibrotech-eng.com\/wp-content\/uploads\/2021\/07\/flip-flop-300x20.jpg 300w, https:\/\/vibrotech-eng.com\/wp-content\/uploads\/2021\/07\/flip-flop-1030x70.jpg 1030w, https:\/\/vibrotech-eng.com\/wp-content\/uploads\/2021\/07\/flip-flop-768x52.jpg 768w, https:\/\/vibrotech-eng.com\/wp-content\/uploads\/2021\/07\/flip-flop-1536x104.jpg 1536w, https:\/\/vibrotech-eng.com\/wp-content\/uploads\/2021\/07\/flip-flop-1500x102.jpg 1500w, https:\/\/vibrotech-eng.com\/wp-content\/uploads\/2021\/07\/flip-flop-705x48.jpg 705w\" sizes=\"(max-width: 1592px) 100vw, 1592px\" \/><\/div><\/div><\/div><br \/>\n<section  class='av_textblock_section av-kqrx25dc-4032b654ed0ba709ba68bc6b967eb202 '   itemscope=\"itemscope\" itemtype=\"https:\/\/schema.org\/CreativeWork\" ><div class='avia_textblock'  itemprop=\"text\" ><p align=\"CENTER\"><em><span style=\"font-family: Arial Unicode MS, serif;\"><span style=\"font-size: small;\">Effect of the movement between frames in ESM screens<\/span><\/span><\/em><\/p>\n<\/div><\/section><\/p><\/div>\n<style type=\"text\/css\" data-created_by=\"avia_inline_auto\" id=\"style-css-av-ozmcnh-b7b5e99f44c9dfae03f999a540fe1a63\">\n.flex_column.av-ozmcnh-b7b5e99f44c9dfae03f999a540fe1a63{\nborder-radius:0px 0px 0px 0px;\npadding:0px 0px 0px 0px;\n}\n<\/style>\n<div  class='flex_column av-ozmcnh-b7b5e99f44c9dfae03f999a540fe1a63 av_one_third  avia-builder-el-9  el_after_av_one_fourth  el_before_av_two_fifth  flex_column_div av-zero-column-padding  '     ><p>\n<style type=\"text\/css\" data-created_by=\"avia_inline_auto\" id=\"style-css-av-nm6av1-0a48c62e6ccb21c158cf07551a2e4570\">\n.avia-image-container.av-nm6av1-0a48c62e6ccb21c158cf07551a2e4570 img.avia_image{\nbox-shadow:none;\n}\n.avia-image-container.av-nm6av1-0a48c62e6ccb21c158cf07551a2e4570 .av-image-caption-overlay-center{\ncolor:#ffffff;\n}\n<\/style>\n<div  class='avia-image-container av-nm6av1-0a48c62e6ccb21c158cf07551a2e4570 av-styling-no-styling avia-align-center  avia-builder-el-10  el_before_av_textblock  avia-builder-el-first '   itemprop=\"image\" itemscope=\"itemscope\" itemtype=\"https:\/\/schema.org\/ImageObject\" ><div class=\"avia-image-container-inner\"><div class=\"avia-image-overlay-wrap\"><img decoding=\"async\" fetchpriority=\"high\" class='wp-image-7649 avia-img-lazy-loading-not-7649 avia_image ' src=\"https:\/\/vibrotech-eng.com\/wp-content\/uploads\/2021\/07\/cribaEMS1.jpg\" alt='' title='cribaEMS1'  height=\"1082\" width=\"1200\"  itemprop=\"thumbnailUrl\" srcset=\"https:\/\/vibrotech-eng.com\/wp-content\/uploads\/2021\/07\/cribaEMS1.jpg 1200w, https:\/\/vibrotech-eng.com\/wp-content\/uploads\/2021\/07\/cribaEMS1-300x271.jpg 300w, https:\/\/vibrotech-eng.com\/wp-content\/uploads\/2021\/07\/cribaEMS1-1030x929.jpg 1030w, https:\/\/vibrotech-eng.com\/wp-content\/uploads\/2021\/07\/cribaEMS1-768x692.jpg 768w, https:\/\/vibrotech-eng.com\/wp-content\/uploads\/2021\/07\/cribaEMS1-705x636.jpg 705w\" sizes=\"(max-width: 1200px) 100vw, 1200px\" \/><\/div><\/div><\/div><br \/>\n<section  class='av_textblock_section av-kqrx25dc-4032b654ed0ba709ba68bc6b967eb202 '   itemscope=\"itemscope\" itemtype=\"https:\/\/schema.org\/CreativeWork\" ><div class='avia_textblock'  itemprop=\"text\" ><p align=\"CENTER\"><em><span style=\"font-family: Arial Unicode MS, serif;\"><span style=\"font-size: small;\">VIBROTECH elastic mesh screen model EMS 1200 x 3000 for tests<\/span><\/span><\/em><\/p>\n<\/div><\/section><br \/>\n\n<style type=\"text\/css\" data-created_by=\"avia_inline_auto\" id=\"style-css-av-3nhj3x-80ab6279d77a438b4b4fa62e3cfec3b4\">\n#top .hr.av-3nhj3x-80ab6279d77a438b4b4fa62e3cfec3b4{\nmargin-top:10px;\nmargin-bottom:0;\n}\n.hr.av-3nhj3x-80ab6279d77a438b4b4fa62e3cfec3b4 .hr-inner{\nwidth:50px;\n}\n<\/style>\n<div  class='hr av-3nhj3x-80ab6279d77a438b4b4fa62e3cfec3b4 hr-custom  avia-builder-el-12  el_after_av_textblock  el_before_av_image  hr-center hr-icon-no'><span class='hr-inner inner-border-av-border-none'><span class=\"hr-inner-style\"><\/span><\/span><\/div><br \/>\n\n<style type=\"text\/css\" data-created_by=\"avia_inline_auto\" id=\"style-css-av-nm6av1-37aa14a87a281c7298f2dac2eb616876\">\n.avia-image-container.av-nm6av1-37aa14a87a281c7298f2dac2eb616876 img.avia_image{\nbox-shadow:none;\n}\n.avia-image-container.av-nm6av1-37aa14a87a281c7298f2dac2eb616876 .av-image-caption-overlay-center{\ncolor:#ffffff;\n}\n<\/style>\n<div  class='avia-image-container av-nm6av1-37aa14a87a281c7298f2dac2eb616876 av-styling-no-styling avia-align-center  avia-builder-el-13  el_after_av_hr  avia-builder-el-last '   itemprop=\"image\" itemscope=\"itemscope\" itemtype=\"https:\/\/schema.org\/ImageObject\" ><div class=\"avia-image-container-inner\"><div class=\"avia-image-overlay-wrap\"><img decoding=\"async\" fetchpriority=\"high\" class='wp-image-7657 avia-img-lazy-loading-not-7657 avia_image ' src=\"https:\/\/vibrotech-eng.com\/wp-content\/uploads\/2021\/07\/flip-flop-2.jpg\" alt='' title='flip-flop-2'  height=\"1125\" width=\"1500\"  itemprop=\"thumbnailUrl\" srcset=\"https:\/\/vibrotech-eng.com\/wp-content\/uploads\/2021\/07\/flip-flop-2.jpg 1500w, https:\/\/vibrotech-eng.com\/wp-content\/uploads\/2021\/07\/flip-flop-2-300x225.jpg 300w, https:\/\/vibrotech-eng.com\/wp-content\/uploads\/2021\/07\/flip-flop-2-1030x773.jpg 1030w, https:\/\/vibrotech-eng.com\/wp-content\/uploads\/2021\/07\/flip-flop-2-768x576.jpg 768w, https:\/\/vibrotech-eng.com\/wp-content\/uploads\/2021\/07\/flip-flop-2-705x529.jpg 705w\" sizes=\"(max-width: 1500px) 100vw, 1500px\" \/><\/div><\/div><\/div><\/p><\/div>\n<style type=\"text\/css\" data-created_by=\"avia_inline_auto\" id=\"style-css-av-lyz66l-041cf4b00fdf2147788ca8d2f3909f85\">\n.flex_column.av-lyz66l-041cf4b00fdf2147788ca8d2f3909f85{\nborder-radius:0px 0px 0px 0px;\npadding:0px 0px 0px 0px;\n}\n<\/style>\n<div  class='flex_column av-lyz66l-041cf4b00fdf2147788ca8d2f3909f85 av_two_fifth  avia-builder-el-14  el_after_av_one_third  el_before_av_hr  flex_column_div av-zero-column-padding  '     ><p><section  class='av_textblock_section av-kqrx25dc-4032b654ed0ba709ba68bc6b967eb202 '   itemscope=\"itemscope\" itemtype=\"https:\/\/schema.org\/CreativeWork\" ><div class='avia_textblock'  itemprop=\"text\" ><p>These machines are especially indicated for the following applications, among others:<\/p>\n<ul>\n<li>Screening humid products (compost, clay, etc.)<\/li>\n<li>Screening lightweight materials (light shredding machine waste, wood chips, etc.).<\/li>\n<li>Screening products that tend to stick or get snagged (the materials mentioned above and any other material that tends to clog other separation systems due to their shape or humidity).<\/li>\n<li>Screening highly abrasive products with fine edges (e.g., silica sand).<\/li>\n<\/ul>\n<\/div><\/section><br \/>\n<section  class='av_textblock_section av-kqrx6g4k-2ed76430fb06f0371bd4c7d55b14e1f6 '   itemscope=\"itemscope\" itemtype=\"https:\/\/schema.org\/CreativeWork\" ><div class='avia_textblock'  itemprop=\"text\" ><p>In all these cases, these types of machines offer advantages versus other market solutions (conventional screens, drum screens or disc screens):<\/p>\n<ul>\n<li>High screening efficiency.<\/li>\n<li>Installed power is normally lower than the power required by other machines (star screens, finger screens, drum screens, etc.) and their mechanical yield is greater, due to direct transmission via a cardan shaft.<\/li>\n<li>Screen maintenance is very easy, requiring only \u201cbearing greasing\u201d, without the need for auxiliary cleaning systems or stops due to maintenance or clogging. In addition, complete replacement of the meshes can be carried out in 1-2 hours.<\/li>\n<li>Due to their length, these types of screens can be installed in more compact spaces, lowering civil engineering costs (m3 of concrete required, smaller bay and roof dimensions, easier electrical installation, etc.).<\/li>\n<\/ul>\n<\/div><\/section><\/p><\/div>\n<style type=\"text\/css\" data-created_by=\"avia_inline_auto\" id=\"style-css-av-3vo0yl-896b7d39bbe759c4a93647b09bce2628\">\n#top .hr.hr-invisible.av-3vo0yl-896b7d39bbe759c4a93647b09bce2628{\nheight:20px;\n}\n<\/style>\n<div  class='hr av-3vo0yl-896b7d39bbe759c4a93647b09bce2628 hr-invisible  avia-builder-el-17  el_after_av_two_fifth  el_before_av_masonry_gallery  avia-builder-el-last '><span class='hr-inner '><span class=\"hr-inner-style\"><\/span><\/span><\/div>\n<div id='av-masonry-1' class='av-masonry av-20u4b1-63cdef48bcdda46d99e8eb3c4c0563b0 noHover av-fixed-size av-large-gap av-hover-overlay- av-masonry-animation-active av-masonry-col-3 av-caption-always av-caption-style- av-masonry-gallery ' data-post_id=\"7681\"><div class=\"av-masonry-container isotope av-js-disabled\"><div class='av-masonry-entry isotope-item av-masonry-item-no-image '><\/div><a href=\"https:\/\/vibrotech-eng.com\/wp-content\/uploads\/2021\/07\/cribaEMS4-1030x1005.jpg\" data-srcset=\"https:\/\/vibrotech-eng.com\/wp-content\/uploads\/2021\/07\/cribaEMS4-1030x1005.jpg 1030w, https:\/\/vibrotech-eng.com\/wp-content\/uploads\/2021\/07\/cribaEMS4-300x293.jpg 300w, https:\/\/vibrotech-eng.com\/wp-content\/uploads\/2021\/07\/cribaEMS4-768x749.jpg 768w, https:\/\/vibrotech-eng.com\/wp-content\/uploads\/2021\/07\/cribaEMS4-36x36.jpg 36w, https:\/\/vibrotech-eng.com\/wp-content\/uploads\/2021\/07\/cribaEMS4-705x688.jpg 705w, https:\/\/vibrotech-eng.com\/wp-content\/uploads\/2021\/07\/cribaEMS4.jpg 1200w\" data-sizes=\"(max-width: 1030px) 100vw, 1030px\"  aria-label=\"image cribaEMS4\"  id='av-masonry-1-item-7637' data-av-masonry-item='7637' class='av-masonry-entry isotope-item post-7637 attachment type-attachment status-inherit hentry  av-masonry-item-with-image' title=\"cribaEMS4\" alt=\"\"    itemprop=\"thumbnailUrl\" ><div class='av-inner-masonry-sizer'><\/div><figure class='av-inner-masonry main_color'><div class=\"av-masonry-outerimage-container\"><div class='av-masonry-image-container' style=\"background-image: url(https:\/\/vibrotech-eng.com\/wp-content\/uploads\/2021\/07\/cribaEMS4-705x688.jpg);\"  title=\"cribaEMS4\"  ><\/div><\/div><\/figure><\/a><!--end av-masonry entry--><a href=\"https:\/\/vibrotech-eng.com\/wp-content\/uploads\/2021\/07\/cribaEMS3-1030x694.jpg\" data-srcset=\"https:\/\/vibrotech-eng.com\/wp-content\/uploads\/2021\/07\/cribaEMS3-1030x694.jpg 1030w, https:\/\/vibrotech-eng.com\/wp-content\/uploads\/2021\/07\/cribaEMS3-300x202.jpg 300w, https:\/\/vibrotech-eng.com\/wp-content\/uploads\/2021\/07\/cribaEMS3-768x518.jpg 768w, https:\/\/vibrotech-eng.com\/wp-content\/uploads\/2021\/07\/cribaEMS3-705x475.jpg 705w, https:\/\/vibrotech-eng.com\/wp-content\/uploads\/2021\/07\/cribaEMS3.jpg 1200w\" data-sizes=\"(max-width: 1030px) 100vw, 1030px\"  aria-label=\"image cribaEMS3\"  id='av-masonry-1-item-7641' data-av-masonry-item='7641' class='av-masonry-entry isotope-item post-7641 attachment type-attachment status-inherit hentry  av-masonry-item-with-image' title=\"cribaEMS3\" alt=\"\"    itemprop=\"thumbnailUrl\" ><div class='av-inner-masonry-sizer'><\/div><figure class='av-inner-masonry main_color'><div class=\"av-masonry-outerimage-container\"><div class='av-masonry-image-container' style=\"background-image: url(https:\/\/vibrotech-eng.com\/wp-content\/uploads\/2021\/07\/cribaEMS3-705x475.jpg);\"  title=\"cribaEMS3\"  ><\/div><\/div><\/figure><\/a><!--end av-masonry entry--><a href=\"https:\/\/vibrotech-eng.com\/wp-content\/uploads\/2021\/07\/flip-flop-1-1030x773.jpg\" data-srcset=\"https:\/\/vibrotech-eng.com\/wp-content\/uploads\/2021\/07\/flip-flop-1-1030x773.jpg 1030w, https:\/\/vibrotech-eng.com\/wp-content\/uploads\/2021\/07\/flip-flop-1-300x225.jpg 300w, https:\/\/vibrotech-eng.com\/wp-content\/uploads\/2021\/07\/flip-flop-1-768x576.jpg 768w, https:\/\/vibrotech-eng.com\/wp-content\/uploads\/2021\/07\/flip-flop-1-1536x1152.jpg 1536w, https:\/\/vibrotech-eng.com\/wp-content\/uploads\/2021\/07\/flip-flop-1-2048x1536.jpg 2048w, https:\/\/vibrotech-eng.com\/wp-content\/uploads\/2021\/07\/flip-flop-1-1500x1125.jpg 1500w, https:\/\/vibrotech-eng.com\/wp-content\/uploads\/2021\/07\/flip-flop-1-705x529.jpg 705w\" data-sizes=\"(max-width: 1030px) 100vw, 1030px\"  aria-label=\"image flip-flop-1\"  id='av-masonry-1-item-7631' data-av-masonry-item='7631' class='av-masonry-entry isotope-item post-7631 attachment type-attachment status-inherit hentry  av-masonry-item-with-image' title=\"flip-flop-1\" alt=\"\"    itemprop=\"thumbnailUrl\" ><div class='av-inner-masonry-sizer'><\/div><figure class='av-inner-masonry main_color'><div class=\"av-masonry-outerimage-container\"><div class='av-masonry-image-container' style=\"background-image: url(https:\/\/vibrotech-eng.com\/wp-content\/uploads\/2021\/07\/flip-flop-1-705x529.jpg);\"  title=\"flip-flop-1\"  ><\/div><\/div><\/figure><\/a><!--end av-masonry entry--><a href=\"https:\/\/vibrotech-eng.com\/wp-content\/uploads\/2022\/01\/CRIBA-DE-MALLA-ELASTICA-1030x773.jpeg\" data-srcset=\"https:\/\/vibrotech-eng.com\/wp-content\/uploads\/2022\/01\/CRIBA-DE-MALLA-ELASTICA-1030x773.jpeg 1030w, https:\/\/vibrotech-eng.com\/wp-content\/uploads\/2022\/01\/CRIBA-DE-MALLA-ELASTICA-300x225.jpeg 300w, https:\/\/vibrotech-eng.com\/wp-content\/uploads\/2022\/01\/CRIBA-DE-MALLA-ELASTICA-768x576.jpeg 768w, https:\/\/vibrotech-eng.com\/wp-content\/uploads\/2022\/01\/CRIBA-DE-MALLA-ELASTICA-1536x1152.jpeg 1536w, https:\/\/vibrotech-eng.com\/wp-content\/uploads\/2022\/01\/CRIBA-DE-MALLA-ELASTICA-1500x1125.jpeg 1500w, https:\/\/vibrotech-eng.com\/wp-content\/uploads\/2022\/01\/CRIBA-DE-MALLA-ELASTICA-705x529.jpeg 705w, https:\/\/vibrotech-eng.com\/wp-content\/uploads\/2022\/01\/CRIBA-DE-MALLA-ELASTICA.jpeg 2000w\" data-sizes=\"(max-width: 1030px) 100vw, 1030px\"  aria-label=\"image CRIBA DE MALLA ELASTICA\"  id='av-masonry-1-item-8180' data-av-masonry-item='8180' class='av-masonry-entry isotope-item post-8180 attachment type-attachment status-inherit hentry  av-masonry-item-with-image' title=\"CRIBA DE MALLA ELASTICA\" alt=\"\"    itemprop=\"thumbnailUrl\" ><div class='av-inner-masonry-sizer'><\/div><figure class='av-inner-masonry main_color'><div class=\"av-masonry-outerimage-container\"><div class='av-masonry-image-container' style=\"background-image: url(https:\/\/vibrotech-eng.com\/wp-content\/uploads\/2022\/01\/CRIBA-DE-MALLA-ELASTICA-705x529.jpeg);\"  title=\"CRIBA DE MALLA ELASTICA\"  ><\/div><\/div><\/figure><\/a><!--end av-masonry entry--><a href=\"https:\/\/vibrotech-eng.com\/wp-content\/uploads\/2022\/01\/CRIBA-DE-MALLA-ELASTICA-EMS-1030x773.jpeg\" data-srcset=\"https:\/\/vibrotech-eng.com\/wp-content\/uploads\/2022\/01\/CRIBA-DE-MALLA-ELASTICA-EMS-1030x773.jpeg 1030w, https:\/\/vibrotech-eng.com\/wp-content\/uploads\/2022\/01\/CRIBA-DE-MALLA-ELASTICA-EMS-300x225.jpeg 300w, https:\/\/vibrotech-eng.com\/wp-content\/uploads\/2022\/01\/CRIBA-DE-MALLA-ELASTICA-EMS-768x576.jpeg 768w, https:\/\/vibrotech-eng.com\/wp-content\/uploads\/2022\/01\/CRIBA-DE-MALLA-ELASTICA-EMS-1536x1152.jpeg 1536w, https:\/\/vibrotech-eng.com\/wp-content\/uploads\/2022\/01\/CRIBA-DE-MALLA-ELASTICA-EMS-1500x1125.jpeg 1500w, https:\/\/vibrotech-eng.com\/wp-content\/uploads\/2022\/01\/CRIBA-DE-MALLA-ELASTICA-EMS-705x529.jpeg 705w, https:\/\/vibrotech-eng.com\/wp-content\/uploads\/2022\/01\/CRIBA-DE-MALLA-ELASTICA-EMS.jpeg 2048w\" data-sizes=\"(max-width: 1030px) 100vw, 1030px\"  aria-label=\"image CRIBA DE MALLA ELASTICA EMS\"  id='av-masonry-1-item-8176' data-av-masonry-item='8176' class='av-masonry-entry isotope-item post-8176 attachment type-attachment status-inherit hentry  av-masonry-item-with-image' title=\"CRIBA DE MALLA ELASTICA EMS\" alt=\"\"    itemprop=\"thumbnailUrl\" ><div class='av-inner-masonry-sizer'><\/div><figure class='av-inner-masonry main_color'><div class=\"av-masonry-outerimage-container\"><div class='av-masonry-image-container' style=\"background-image: url(https:\/\/vibrotech-eng.com\/wp-content\/uploads\/2022\/01\/CRIBA-DE-MALLA-ELASTICA-EMS-705x529.jpeg);\"  title=\"CRIBA DE MALLA ELASTICA EMS\"  ><\/div><\/div><\/figure><\/a><!--end av-masonry entry--><\/div><\/div>\n<\/div><\/div><\/main><!-- close content main element --><\/div><\/div><div id='after_section_1'  class='main_color av_default_container_wrap container_wrap sidebar_right'  ><div class='container av-section-cont-open' ><div class='template-page content  av-content-small alpha units'><div class='post-entry post-entry-type-page post-entry-7681'><div class='entry-content-wrapper clearfix'>\n","protected":false},"excerpt":{"rendered":"","protected":false},"author":2,"featured_media":0,"parent":0,"menu_order":0,"comment_status":"closed","ping_status":"closed","template":"","meta":{"footnotes":""},"class_list":["post-7681","page","type-page","status-publish","hentry"],"yoast_head":"<!-- This site is optimized with the Yoast SEO Premium plugin v20.3 (Yoast SEO v27.5) - https:\/\/yoast.com\/product\/yoast-seo-premium-wordpress\/ -->\n<title>EMS series Elastic Mesh Screens - Vibrotech Engineering S.L<\/title>\n<meta name=\"robots\" content=\"index, follow, max-snippet:-1, max-image-preview:large, max-video-preview:-1\" \/>\n<link rel=\"canonical\" href=\"https:\/\/vibrotech-eng.com\/en\/criba-malla-elastica-serie-ems\/\" \/>\n<meta property=\"og:locale\" content=\"en_US\" \/>\n<meta property=\"og:type\" content=\"article\" \/>\n<meta property=\"og:title\" content=\"EMS series Elastic Mesh Screens\" \/>\n<meta property=\"og:url\" content=\"https:\/\/vibrotech-eng.com\/en\/criba-malla-elastica-serie-ems\/\" \/>\n<meta property=\"og:site_name\" content=\"Vibrotech Engineering S.L\" \/>\n<meta property=\"article:modified_time\" content=\"2022-01-13T14:00:16+00:00\" \/>\n<meta name=\"twitter:card\" content=\"summary_large_image\" \/>\n<meta name=\"twitter:label1\" content=\"Est. reading time\" \/>\n\t<meta name=\"twitter:data1\" content=\"7 minutes\" \/>\n<script type=\"application\/ld+json\" class=\"yoast-schema-graph\">{\"@context\":\"https:\\\/\\\/schema.org\",\"@graph\":[{\"@type\":\"WebPage\",\"@id\":\"https:\\\/\\\/vibrotech-eng.com\\\/en\\\/criba-malla-elastica-serie-ems\\\/\",\"url\":\"https:\\\/\\\/vibrotech-eng.com\\\/en\\\/criba-malla-elastica-serie-ems\\\/\",\"name\":\"EMS series Elastic Mesh Screens - Vibrotech Engineering S.L\",\"isPartOf\":{\"@id\":\"https:\\\/\\\/vibrotech-eng.com\\\/en\\\/#website\"},\"datePublished\":\"2021-07-06T10:39:38+00:00\",\"dateModified\":\"2022-01-13T14:00:16+00:00\",\"breadcrumb\":{\"@id\":\"https:\\\/\\\/vibrotech-eng.com\\\/en\\\/criba-malla-elastica-serie-ems\\\/#breadcrumb\"},\"inLanguage\":\"en-US\",\"potentialAction\":[{\"@type\":\"ReadAction\",\"target\":[\"https:\\\/\\\/vibrotech-eng.com\\\/en\\\/criba-malla-elastica-serie-ems\\\/\"]}]},{\"@type\":\"BreadcrumbList\",\"@id\":\"https:\\\/\\\/vibrotech-eng.com\\\/en\\\/criba-malla-elastica-serie-ems\\\/#breadcrumb\",\"itemListElement\":[{\"@type\":\"ListItem\",\"position\":1,\"name\":\"Home\",\"item\":\"https:\\\/\\\/vibrotech-eng.com\\\/en\\\/home\\\/\"},{\"@type\":\"ListItem\",\"position\":2,\"name\":\"EMS series Elastic Mesh Screens\"}]},{\"@type\":\"WebSite\",\"@id\":\"https:\\\/\\\/vibrotech-eng.com\\\/en\\\/#website\",\"url\":\"https:\\\/\\\/vibrotech-eng.com\\\/en\\\/\",\"name\":\"Vibrotech Engineering S.L\",\"description\":\"Empresa espa\u00f1ola que desarrolla su actividad principal en el dise\u00f1o y fabricaci\u00f3n de maquinaria vibrante\",\"potentialAction\":[{\"@type\":\"SearchAction\",\"target\":{\"@type\":\"EntryPoint\",\"urlTemplate\":\"https:\\\/\\\/vibrotech-eng.com\\\/en\\\/?s={search_term_string}\"},\"query-input\":{\"@type\":\"PropertyValueSpecification\",\"valueRequired\":true,\"valueName\":\"search_term_string\"}}],\"inLanguage\":\"en-US\"}]}<\/script>\n<!-- \/ Yoast SEO Premium plugin. -->","yoast_head_json":{"title":"EMS series Elastic Mesh Screens - Vibrotech Engineering S.L","robots":{"index":"index","follow":"follow","max-snippet":"max-snippet:-1","max-image-preview":"max-image-preview:large","max-video-preview":"max-video-preview:-1"},"canonical":"https:\/\/vibrotech-eng.com\/en\/criba-malla-elastica-serie-ems\/","og_locale":"en_US","og_type":"article","og_title":"EMS series Elastic Mesh Screens","og_url":"https:\/\/vibrotech-eng.com\/en\/criba-malla-elastica-serie-ems\/","og_site_name":"Vibrotech Engineering S.L","article_modified_time":"2022-01-13T14:00:16+00:00","twitter_card":"summary_large_image","twitter_misc":{"Est. reading time":"7 minutes"},"schema":{"@context":"https:\/\/schema.org","@graph":[{"@type":"WebPage","@id":"https:\/\/vibrotech-eng.com\/en\/criba-malla-elastica-serie-ems\/","url":"https:\/\/vibrotech-eng.com\/en\/criba-malla-elastica-serie-ems\/","name":"EMS series Elastic Mesh Screens - Vibrotech Engineering S.L","isPartOf":{"@id":"https:\/\/vibrotech-eng.com\/en\/#website"},"datePublished":"2021-07-06T10:39:38+00:00","dateModified":"2022-01-13T14:00:16+00:00","breadcrumb":{"@id":"https:\/\/vibrotech-eng.com\/en\/criba-malla-elastica-serie-ems\/#breadcrumb"},"inLanguage":"en-US","potentialAction":[{"@type":"ReadAction","target":["https:\/\/vibrotech-eng.com\/en\/criba-malla-elastica-serie-ems\/"]}]},{"@type":"BreadcrumbList","@id":"https:\/\/vibrotech-eng.com\/en\/criba-malla-elastica-serie-ems\/#breadcrumb","itemListElement":[{"@type":"ListItem","position":1,"name":"Home","item":"https:\/\/vibrotech-eng.com\/en\/home\/"},{"@type":"ListItem","position":2,"name":"EMS series Elastic Mesh Screens"}]},{"@type":"WebSite","@id":"https:\/\/vibrotech-eng.com\/en\/#website","url":"https:\/\/vibrotech-eng.com\/en\/","name":"Vibrotech Engineering S.L","description":"Empresa espa\u00f1ola que desarrolla su actividad principal en el dise\u00f1o y fabricaci\u00f3n de maquinaria vibrante","potentialAction":[{"@type":"SearchAction","target":{"@type":"EntryPoint","urlTemplate":"https:\/\/vibrotech-eng.com\/en\/?s={search_term_string}"},"query-input":{"@type":"PropertyValueSpecification","valueRequired":true,"valueName":"search_term_string"}}],"inLanguage":"en-US"}]}},"_links":{"self":[{"href":"https:\/\/vibrotech-eng.com\/en\/wp-json\/wp\/v2\/pages\/7681","targetHints":{"allow":["GET"]}}],"collection":[{"href":"https:\/\/vibrotech-eng.com\/en\/wp-json\/wp\/v2\/pages"}],"about":[{"href":"https:\/\/vibrotech-eng.com\/en\/wp-json\/wp\/v2\/types\/page"}],"author":[{"embeddable":true,"href":"https:\/\/vibrotech-eng.com\/en\/wp-json\/wp\/v2\/users\/2"}],"replies":[{"embeddable":true,"href":"https:\/\/vibrotech-eng.com\/en\/wp-json\/wp\/v2\/comments?post=7681"}],"version-history":[{"count":0,"href":"https:\/\/vibrotech-eng.com\/en\/wp-json\/wp\/v2\/pages\/7681\/revisions"}],"wp:attachment":[{"href":"https:\/\/vibrotech-eng.com\/en\/wp-json\/wp\/v2\/media?parent=7681"}],"curies":[{"name":"wp","href":"https:\/\/api.w.org\/{rel}","templated":true}]}}