{"id":3949,"date":"2019-07-11T15:52:21","date_gmt":"2019-07-11T13:52:21","guid":{"rendered":"https:\/\/vibrotech-eng.com\/transportador-vibrante-bidireccional\/"},"modified":"2023-07-19T15:50:08","modified_gmt":"2023-07-19T13:50:08","slug":"two-ways-vibrating-conveyor","status":"publish","type":"page","link":"https:\/\/vibrotech-eng.com\/en\/two-ways-vibrating-conveyor\/","title":{"rendered":"Two ways vibrating conveyor"},"content":{"rendered":"<div id='av_section_1'  class='avia-section av-9in1ob-63b5dc219625e7c719128872ccde3d46 main_color avia-section-default avia-no-border-styling  avia-builder-el-0  avia-builder-el-no-sibling  avia-bg-style-scroll container_wrap sidebar_right'  ><div class='container av-section-cont-open' ><main  role=\"main\" itemprop=\"mainContentOfPage\"  class='template-page content  av-content-small alpha units'><div class='post-entry post-entry-type-page post-entry-3949'><div class='entry-content-wrapper clearfix'>\n<section  class='av_textblock_section av-jxyqcekr-4fef4f22e1ce802c55d6ec6df97ebfb4 '   itemscope=\"itemscope\" itemtype=\"https:\/\/schema.org\/CreativeWork\" ><div class='avia_textblock'  itemprop=\"text\" ><h1 style=\"text-align: center;\">Two ways vibrating conveyor<\/h1>\n<\/div><\/section>\n\n<style type=\"text\/css\" data-created_by=\"avia_inline_auto\" id=\"style-css-av-80ye23-2818e99f2e726c3b337811eaf1a33bf6\">\n#top .hr.hr-invisible.av-80ye23-2818e99f2e726c3b337811eaf1a33bf6{\nheight:50px;\n}\n<\/style>\n<div  class='hr av-80ye23-2818e99f2e726c3b337811eaf1a33bf6 hr-invisible  avia-builder-el-2  el_after_av_textblock  el_before_av_one_half '><span class='hr-inner '><span class=\"hr-inner-style\"><\/span><\/span><\/div>\n<div class='flex_column_table av-5dulvv-e93263650804f31ff60e38b5c8195081 sc-av_one_half av-equal-height-column-flextable'>\n<style type=\"text\/css\" data-created_by=\"avia_inline_auto\" id=\"style-css-av-5dulvv-e93263650804f31ff60e38b5c8195081\">\n.flex_column.av-5dulvv-e93263650804f31ff60e38b5c8195081{\nborder-radius:0px 0px 0px 0px;\npadding:0px 0px 0px 0px;\n}\n<\/style>\n<div  class='flex_column av-5dulvv-e93263650804f31ff60e38b5c8195081 av_one_half  avia-builder-el-3  el_after_av_hr  el_before_av_one_half  first flex_column_table_cell av-equal-height-column av-align-middle av-zero-column-padding  '     ><section  class='av_textblock_section av-jxyqcz92-5195a084a543dd1c6ddfd357f00cf38e '   itemscope=\"itemscope\" itemtype=\"https:\/\/schema.org\/CreativeWork\" ><div class='avia_textblock'  itemprop=\"text\" ><p>The BDC series bidirectional vibratory conveyors are <strong>designed to transport materials in two directions (left and right).<\/strong><\/p>\n<p>Driven by a single vibrator, these type of conveyors have a wide range of utilities in several industrial sectors.<\/p>\n<p>Depending on the application this type of machines are manufactured driven by one, three or four vibrators.<\/p>\n<\/div><\/section><\/div><div class='av-flex-placeholder'><\/div>\n<style type=\"text\/css\" data-created_by=\"avia_inline_auto\" id=\"style-css-av-4cs5rf-beb7248a0f96e02e268c08849e6b162e\">\n.flex_column.av-4cs5rf-beb7248a0f96e02e268c08849e6b162e{\nborder-radius:0px 0px 0px 0px;\npadding:0px 0px 0px 0px;\n}\n<\/style>\n<div  class='flex_column av-4cs5rf-beb7248a0f96e02e268c08849e6b162e av_one_half  avia-builder-el-5  el_after_av_one_half  el_before_av_hr  flex_column_table_cell av-equal-height-column av-align-middle av-zero-column-padding  '     ><style type=\"text\/css\" data-created_by=\"avia_inline_auto\" id=\"style-css-av-jxyqemmi-bdbf2d8ee7bcef0ad756e1800522699e\">\n.avia-image-container.av-jxyqemmi-bdbf2d8ee7bcef0ad756e1800522699e img.avia_image{\nbox-shadow:none;\n}\n.avia-image-container.av-jxyqemmi-bdbf2d8ee7bcef0ad756e1800522699e .av-image-caption-overlay-center{\ncolor:#ffffff;\n}\n<\/style>\n<div  class='avia-image-container av-jxyqemmi-bdbf2d8ee7bcef0ad756e1800522699e av-styling- avia-align-center  avia-builder-el-6  avia-builder-el-no-sibling '   itemprop=\"image\" itemscope=\"itemscope\" itemtype=\"https:\/\/schema.org\/ImageObject\" ><div class=\"avia-image-container-inner\"><div class=\"avia-image-overlay-wrap\"><img decoding=\"async\" fetchpriority=\"high\" class='wp-image-3939 avia-img-lazy-loading-not-3939 avia_image ' src=\"https:\/\/vibrotech-eng.com\/wp-content\/uploads\/2019\/07\/Transportador-vibrante-bidireccional-4.jpg\" alt='Transportador-vibrante-bidireccional-4' title='Transportador-vibrante-bidireccional-4'  height=\"487\" width=\"900\"  itemprop=\"thumbnailUrl\" srcset=\"https:\/\/vibrotech-eng.com\/wp-content\/uploads\/2019\/07\/Transportador-vibrante-bidireccional-4.jpg 900w, https:\/\/vibrotech-eng.com\/wp-content\/uploads\/2019\/07\/Transportador-vibrante-bidireccional-4-300x162.jpg 300w, https:\/\/vibrotech-eng.com\/wp-content\/uploads\/2019\/07\/Transportador-vibrante-bidireccional-4-768x416.jpg 768w, https:\/\/vibrotech-eng.com\/wp-content\/uploads\/2019\/07\/Transportador-vibrante-bidireccional-4-705x381.jpg 705w, https:\/\/vibrotech-eng.com\/wp-content\/uploads\/2019\/07\/Transportador-vibrante-bidireccional-4-450x244.jpg 450w\" sizes=\"(max-width: 900px) 100vw, 900px\" \/><\/div><\/div><\/div><\/div><\/div><!--close column table wrapper. Autoclose: 1 -->\n<style type=\"text\/css\" data-created_by=\"avia_inline_auto\" id=\"style-css-av-1vyxgb-01738c0aaf643a1563f87bb0346883d5\">\n#top .hr.hr-invisible.av-1vyxgb-01738c0aaf643a1563f87bb0346883d5{\nheight:20px;\n}\n<\/style>\n<div  class='hr av-1vyxgb-01738c0aaf643a1563f87bb0346883d5 hr-invisible  avia-builder-el-7  el_after_av_one_half  el_before_av_masonry_gallery  avia-builder-el-last '><span class='hr-inner '><span class=\"hr-inner-style\"><\/span><\/span><\/div>\n<div id='av-masonry-1' class='av-masonry av-jxyqe53m-de9e7f354079d7d2343c2f27c170cfb4 noHover av-fixed-size av-large-gap av-hover-overlay- av-masonry-animation-active av-masonry-col-4 av-caption-always av-caption-style- av-masonry-gallery ' data-post_id=\"3949\"><div class=\"av-masonry-container isotope av-js-disabled\"><div class='av-masonry-entry isotope-item av-masonry-item-no-image '><\/div><a href=\"https:\/\/vibrotech-eng.com\/wp-content\/uploads\/2019\/07\/Transportador-vibrante-bidireccional-5.jpg\" data-srcset=\"https:\/\/vibrotech-eng.com\/wp-content\/uploads\/2019\/07\/Transportador-vibrante-bidireccional-5.jpg 901w, https:\/\/vibrotech-eng.com\/wp-content\/uploads\/2019\/07\/Transportador-vibrante-bidireccional-5-300x225.jpg 300w, https:\/\/vibrotech-eng.com\/wp-content\/uploads\/2019\/07\/Transportador-vibrante-bidireccional-5-768x576.jpg 768w, https:\/\/vibrotech-eng.com\/wp-content\/uploads\/2019\/07\/Transportador-vibrante-bidireccional-5-705x529.jpg 705w, https:\/\/vibrotech-eng.com\/wp-content\/uploads\/2019\/07\/Transportador-vibrante-bidireccional-5-450x338.jpg 450w\" data-sizes=\"(max-width: 901px) 100vw, 901px\"  aria-label=\"image Transportador-vibrante-bidireccional-5\"  id='av-masonry-1-item-3942' data-av-masonry-item='3942' class='av-masonry-entry isotope-item post-3942 attachment type-attachment status-inherit hentry  av-masonry-item-with-image' title=\"Transportador-vibrante-bidireccional-5\" alt=\"\"    itemprop=\"thumbnailUrl\" ><div class='av-inner-masonry-sizer'><\/div><figure class='av-inner-masonry main_color'><div class=\"av-masonry-outerimage-container\"><div class='av-masonry-image-container' style=\"background-image: url(https:\/\/vibrotech-eng.com\/wp-content\/uploads\/2019\/07\/Transportador-vibrante-bidireccional-5-705x529.jpg);\"  title=\"Transportador-vibrante-bidireccional-5\"  ><\/div><\/div><\/figure><\/a><!--end av-masonry entry--><a href=\"https:\/\/vibrotech-eng.com\/wp-content\/uploads\/2021\/02\/SALIDA-GRANALLADORA-1030x773.jpg\" data-srcset=\"https:\/\/vibrotech-eng.com\/wp-content\/uploads\/2021\/02\/SALIDA-GRANALLADORA-1030x773.jpg 1030w, https:\/\/vibrotech-eng.com\/wp-content\/uploads\/2021\/02\/SALIDA-GRANALLADORA-300x225.jpg 300w, https:\/\/vibrotech-eng.com\/wp-content\/uploads\/2021\/02\/SALIDA-GRANALLADORA-768x576.jpg 768w, https:\/\/vibrotech-eng.com\/wp-content\/uploads\/2021\/02\/SALIDA-GRANALLADORA-1536x1152.jpg 1536w, https:\/\/vibrotech-eng.com\/wp-content\/uploads\/2021\/02\/SALIDA-GRANALLADORA-2048x1536.jpg 2048w, https:\/\/vibrotech-eng.com\/wp-content\/uploads\/2021\/02\/SALIDA-GRANALLADORA-1500x1125.jpg 1500w, https:\/\/vibrotech-eng.com\/wp-content\/uploads\/2021\/02\/SALIDA-GRANALLADORA-705x529.jpg 705w\" data-sizes=\"(max-width: 1030px) 100vw, 1030px\"  aria-label=\"image SALIDA GRANALLADORA\"  id='av-masonry-1-item-4979' data-av-masonry-item='4979' class='av-masonry-entry isotope-item post-4979 attachment type-attachment status-inherit hentry  av-masonry-item-with-image' title=\"SALIDA GRANALLADORA\" alt=\"\"    itemprop=\"thumbnailUrl\" ><div class='av-inner-masonry-sizer'><\/div><figure class='av-inner-masonry main_color'><div class=\"av-masonry-outerimage-container\"><div class='av-masonry-image-container' style=\"background-image: url(https:\/\/vibrotech-eng.com\/wp-content\/uploads\/2021\/02\/SALIDA-GRANALLADORA-705x529.jpg);\"  title=\"SALIDA GRANALLADORA\"  ><\/div><\/div><\/figure><\/a><!--end av-masonry entry--><a href=\"https:\/\/vibrotech-eng.com\/wp-content\/uploads\/2020\/03\/IMG_2669-5-1030x773.jpg\" data-srcset=\"https:\/\/vibrotech-eng.com\/wp-content\/uploads\/2020\/03\/IMG_2669-5-1030x773.jpg 1030w, https:\/\/vibrotech-eng.com\/wp-content\/uploads\/2020\/03\/IMG_2669-5-300x225.jpg 300w, https:\/\/vibrotech-eng.com\/wp-content\/uploads\/2020\/03\/IMG_2669-5-768x576.jpg 768w, https:\/\/vibrotech-eng.com\/wp-content\/uploads\/2020\/03\/IMG_2669-5-1500x1125.jpg 1500w, https:\/\/vibrotech-eng.com\/wp-content\/uploads\/2020\/03\/IMG_2669-5-705x529.jpg 705w\" data-sizes=\"(max-width: 1030px) 100vw, 1030px\"  aria-label=\"image IMG_2669\"  id='av-masonry-1-item-4487' data-av-masonry-item='4487' class='av-masonry-entry isotope-item post-4487 attachment type-attachment status-inherit hentry  av-masonry-item-with-image' title=\"IMG_2669\" alt=\"\"    itemprop=\"thumbnailUrl\" ><div class='av-inner-masonry-sizer'><\/div><figure class='av-inner-masonry main_color'><div class=\"av-masonry-outerimage-container\"><div class='av-masonry-image-container' style=\"background-image: url(https:\/\/vibrotech-eng.com\/wp-content\/uploads\/2020\/03\/IMG_2669-5-705x529.jpg);\"  title=\"IMG_2669\"  ><\/div><\/div><\/figure><\/a><!--end av-masonry entry--><a href=\"https:\/\/vibrotech-eng.com\/wp-content\/uploads\/2023\/05\/bidireccional-min-1030x773.jpg\" data-srcset=\"https:\/\/vibrotech-eng.com\/wp-content\/uploads\/2023\/05\/bidireccional-min-1030x773.jpg 1030w, https:\/\/vibrotech-eng.com\/wp-content\/uploads\/2023\/05\/bidireccional-min-300x225.jpg 300w, https:\/\/vibrotech-eng.com\/wp-content\/uploads\/2023\/05\/bidireccional-min-768x576.jpg 768w, https:\/\/vibrotech-eng.com\/wp-content\/uploads\/2023\/05\/bidireccional-min-1536x1152.jpg 1536w, https:\/\/vibrotech-eng.com\/wp-content\/uploads\/2023\/05\/bidireccional-min-2048x1536.jpg 2048w, https:\/\/vibrotech-eng.com\/wp-content\/uploads\/2023\/05\/bidireccional-min-1500x1125.jpg 1500w, https:\/\/vibrotech-eng.com\/wp-content\/uploads\/2023\/05\/bidireccional-min-705x529.jpg 705w\" data-sizes=\"(max-width: 1030px) 100vw, 1030px\"  aria-label=\"image bidireccional-min\"  id='av-masonry-1-item-9553' data-av-masonry-item='9553' class='av-masonry-entry isotope-item post-9553 attachment type-attachment status-inherit hentry  av-masonry-item-with-image' title=\"bidireccional-min\" alt=\"\"    itemprop=\"thumbnailUrl\" ><div class='av-inner-masonry-sizer'><\/div><figure class='av-inner-masonry main_color'><div class=\"av-masonry-outerimage-container\"><div class='av-masonry-image-container' style=\"background-image: url(https:\/\/vibrotech-eng.com\/wp-content\/uploads\/2023\/05\/bidireccional-min-705x529.jpg);\"  title=\"bidireccional-min\"  ><\/div><\/div><\/figure><\/a><!--end av-masonry entry--><a href=\"https:\/\/vibrotech-eng.com\/wp-content\/uploads\/2019\/10\/IMG_3157-1-1030x773.jpg\" data-srcset=\"https:\/\/vibrotech-eng.com\/wp-content\/uploads\/2019\/10\/IMG_3157-1-1030x773.jpg 1030w, https:\/\/vibrotech-eng.com\/wp-content\/uploads\/2019\/10\/IMG_3157-1-300x225.jpg 300w, https:\/\/vibrotech-eng.com\/wp-content\/uploads\/2019\/10\/IMG_3157-1-768x576.jpg 768w, https:\/\/vibrotech-eng.com\/wp-content\/uploads\/2019\/10\/IMG_3157-1-1500x1125.jpg 1500w, https:\/\/vibrotech-eng.com\/wp-content\/uploads\/2019\/10\/IMG_3157-1-705x529.jpg 705w\" data-sizes=\"(max-width: 1030px) 100vw, 1030px\"  aria-label=\"image IMG_3157\"  id='av-masonry-1-item-4131' data-av-masonry-item='4131' class='av-masonry-entry isotope-item post-4131 attachment type-attachment status-inherit hentry  av-masonry-item-with-image' title=\"IMG_3157\" alt=\"\"    itemprop=\"thumbnailUrl\" ><div class='av-inner-masonry-sizer'><\/div><figure class='av-inner-masonry main_color'><div class=\"av-masonry-outerimage-container\"><div class='av-masonry-image-container' style=\"background-image: url(https:\/\/vibrotech-eng.com\/wp-content\/uploads\/2019\/10\/IMG_3157-1-705x529.jpg);\"  title=\"IMG_3157\"  ><\/div><\/div><\/figure><\/a><!--end av-masonry entry--><a href=\"https:\/\/vibrotech-eng.com\/wp-content\/uploads\/2019\/07\/Transportador-vibrante-bidireccional-3.jpg\" data-srcset=\"https:\/\/vibrotech-eng.com\/wp-content\/uploads\/2019\/07\/Transportador-vibrante-bidireccional-3.jpg 900w, https:\/\/vibrotech-eng.com\/wp-content\/uploads\/2019\/07\/Transportador-vibrante-bidireccional-3-300x162.jpg 300w, https:\/\/vibrotech-eng.com\/wp-content\/uploads\/2019\/07\/Transportador-vibrante-bidireccional-3-768x414.jpg 768w, https:\/\/vibrotech-eng.com\/wp-content\/uploads\/2019\/07\/Transportador-vibrante-bidireccional-3-705x380.jpg 705w, https:\/\/vibrotech-eng.com\/wp-content\/uploads\/2019\/07\/Transportador-vibrante-bidireccional-3-450x243.jpg 450w\" data-sizes=\"(max-width: 900px) 100vw, 900px\"  aria-label=\"image Transportador-vibrante-bidireccional-3\"  id='av-masonry-1-item-3936' data-av-masonry-item='3936' class='av-masonry-entry isotope-item post-3936 attachment type-attachment status-inherit hentry  av-masonry-item-with-image' title=\"Transportador-vibrante-bidireccional-3\" alt=\"\"    itemprop=\"thumbnailUrl\" ><div class='av-inner-masonry-sizer'><\/div><figure class='av-inner-masonry main_color'><div class=\"av-masonry-outerimage-container\"><div class='av-masonry-image-container' style=\"background-image: url(https:\/\/vibrotech-eng.com\/wp-content\/uploads\/2019\/07\/Transportador-vibrante-bidireccional-3-705x380.jpg);\"  title=\"Transportador-vibrante-bidireccional-3\"  ><\/div><\/div><\/figure><\/a><!--end av-masonry entry--><a href=\"https:\/\/vibrotech-eng.com\/wp-content\/uploads\/2021\/02\/mesaVib2-1030x508.jpg\" data-srcset=\"https:\/\/vibrotech-eng.com\/wp-content\/uploads\/2021\/02\/mesaVib2-1030x508.jpg 1030w, https:\/\/vibrotech-eng.com\/wp-content\/uploads\/2021\/02\/mesaVib2-300x148.jpg 300w, https:\/\/vibrotech-eng.com\/wp-content\/uploads\/2021\/02\/mesaVib2-768x379.jpg 768w, https:\/\/vibrotech-eng.com\/wp-content\/uploads\/2021\/02\/mesaVib2-1536x757.jpg 1536w, https:\/\/vibrotech-eng.com\/wp-content\/uploads\/2021\/02\/mesaVib2-1500x740.jpg 1500w, https:\/\/vibrotech-eng.com\/wp-content\/uploads\/2021\/02\/mesaVib2-705x348.jpg 705w, https:\/\/vibrotech-eng.com\/wp-content\/uploads\/2021\/02\/mesaVib2.jpg 2000w\" data-sizes=\"(max-width: 1030px) 100vw, 1030px\"  aria-label=\"image mesaVib2\"  id='av-masonry-1-item-4988' data-av-masonry-item='4988' class='av-masonry-entry isotope-item post-4988 attachment type-attachment status-inherit hentry  av-masonry-item-with-image' title=\"mesaVib2\" alt=\"\"    itemprop=\"thumbnailUrl\" ><div class='av-inner-masonry-sizer'><\/div><figure class='av-inner-masonry main_color'><div class=\"av-masonry-outerimage-container\"><div class='av-masonry-image-container' style=\"background-image: url(https:\/\/vibrotech-eng.com\/wp-content\/uploads\/2021\/02\/mesaVib2-705x348.jpg);\"  title=\"mesaVib2\"  ><\/div><\/div><\/figure><\/a><!--end av-masonry entry--><a href=\"https:\/\/vibrotech-eng.com\/wp-content\/uploads\/2023\/07\/Captura.jpg\" data-srcset=\"https:\/\/vibrotech-eng.com\/wp-content\/uploads\/2023\/07\/Captura.jpg 888w, https:\/\/vibrotech-eng.com\/wp-content\/uploads\/2023\/07\/Captura-300x200.jpg 300w, https:\/\/vibrotech-eng.com\/wp-content\/uploads\/2023\/07\/Captura-768x512.jpg 768w, https:\/\/vibrotech-eng.com\/wp-content\/uploads\/2023\/07\/Captura-705x470.jpg 705w\" data-sizes=\"(max-width: 888px) 100vw, 888px\"  aria-label=\"image Captura\"  id='av-masonry-1-item-9719' data-av-masonry-item='9719' class='av-masonry-entry isotope-item post-9719 attachment type-attachment status-inherit hentry  av-masonry-item-with-image' title=\"Captura\" alt=\"\"    itemprop=\"thumbnailUrl\" ><div class='av-inner-masonry-sizer'><\/div><figure class='av-inner-masonry main_color'><div class=\"av-masonry-outerimage-container\"><div class='av-masonry-image-container' style=\"background-image: url(https:\/\/vibrotech-eng.com\/wp-content\/uploads\/2023\/07\/Captura-705x470.jpg);\"  title=\"Captura\"  ><\/div><\/div><\/figure><\/a><!--end av-masonry entry--><a href=\"https:\/\/vibrotech-eng.com\/wp-content\/uploads\/2019\/07\/Transportador-vibrante-bidireccional-1.jpg\" data-srcset=\"https:\/\/vibrotech-eng.com\/wp-content\/uploads\/2019\/07\/Transportador-vibrante-bidireccional-1.jpg 900w, https:\/\/vibrotech-eng.com\/wp-content\/uploads\/2019\/07\/Transportador-vibrante-bidireccional-1-300x240.jpg 300w, https:\/\/vibrotech-eng.com\/wp-content\/uploads\/2019\/07\/Transportador-vibrante-bidireccional-1-768x614.jpg 768w, https:\/\/vibrotech-eng.com\/wp-content\/uploads\/2019\/07\/Transportador-vibrante-bidireccional-1-705x564.jpg 705w, https:\/\/vibrotech-eng.com\/wp-content\/uploads\/2019\/07\/Transportador-vibrante-bidireccional-1-450x360.jpg 450w\" data-sizes=\"(max-width: 900px) 100vw, 900px\"  aria-label=\"image Transportador-vibrante-bidireccional\"  id='av-masonry-1-item-3985' data-av-masonry-item='3985' class='av-masonry-entry isotope-item post-3985 attachment type-attachment status-inherit hentry  av-masonry-item-with-image' title=\"Transportador-vibrante-bidireccional\" alt=\"Transportador-vibrante-bidireccional\"    itemprop=\"thumbnailUrl\" ><div class='av-inner-masonry-sizer'><\/div><figure class='av-inner-masonry main_color'><div class=\"av-masonry-outerimage-container\"><div class='av-masonry-image-container' style=\"background-image: url(https:\/\/vibrotech-eng.com\/wp-content\/uploads\/2019\/07\/Transportador-vibrante-bidireccional-1-705x564.jpg);\"  title=\"Transportador-vibrante-bidireccional\"   alt=\"Transportador-vibrante-bidireccional\" ><\/div><\/div><\/figure><\/a><!--end av-masonry entry--><a href=\"https:\/\/vibrotech-eng.com\/wp-content\/uploads\/2019\/07\/Transportador-vibrante-bidireccional-2.jpg\" data-srcset=\"https:\/\/vibrotech-eng.com\/wp-content\/uploads\/2019\/07\/Transportador-vibrante-bidireccional-2.jpg 900w, https:\/\/vibrotech-eng.com\/wp-content\/uploads\/2019\/07\/Transportador-vibrante-bidireccional-2-300x225.jpg 300w, https:\/\/vibrotech-eng.com\/wp-content\/uploads\/2019\/07\/Transportador-vibrante-bidireccional-2-768x576.jpg 768w, https:\/\/vibrotech-eng.com\/wp-content\/uploads\/2019\/07\/Transportador-vibrante-bidireccional-2-705x529.jpg 705w, https:\/\/vibrotech-eng.com\/wp-content\/uploads\/2019\/07\/Transportador-vibrante-bidireccional-2-450x338.jpg 450w\" data-sizes=\"(max-width: 900px) 100vw, 900px\"  aria-label=\"image Transportador-vibrante-bidireccional-2\"  id='av-masonry-1-item-3933' data-av-masonry-item='3933' class='av-masonry-entry isotope-item post-3933 attachment type-attachment status-inherit hentry  av-masonry-item-with-image' title=\"Transportador-vibrante-bidireccional-2\" alt=\"\"    itemprop=\"thumbnailUrl\" ><div class='av-inner-masonry-sizer'><\/div><figure class='av-inner-masonry main_color'><div class=\"av-masonry-outerimage-container\"><div class='av-masonry-image-container' style=\"background-image: url(https:\/\/vibrotech-eng.com\/wp-content\/uploads\/2019\/07\/Transportador-vibrante-bidireccional-2-705x529.jpg);\"  title=\"Transportador-vibrante-bidireccional-2\"  ><\/div><\/div><\/figure><\/a><!--end av-masonry entry--><\/div><\/div>\n<\/div><\/div><\/main><!-- close content main element --><\/div><\/div><div id='after_section_1'  class='main_color av_default_container_wrap container_wrap sidebar_right'  ><div class='container av-section-cont-open' ><div class='template-page content  av-content-small alpha units'><div class='post-entry post-entry-type-page post-entry-3949'><div class='entry-content-wrapper clearfix'>\n","protected":false},"excerpt":{"rendered":"","protected":false},"author":2,"featured_media":0,"parent":0,"menu_order":0,"comment_status":"closed","ping_status":"closed","template":"","meta":{"footnotes":""},"class_list":["post-3949","page","type-page","status-publish","hentry"],"yoast_head":"<!-- This site is optimized with the Yoast SEO Premium plugin v20.3 (Yoast SEO v27.5) - https:\/\/yoast.com\/product\/yoast-seo-premium-wordpress\/ -->\n<title>Two ways vibrating conveyor - Vibrotech Engineering S.L<\/title>\n<meta name=\"robots\" content=\"index, follow, max-snippet:-1, max-image-preview:large, max-video-preview:-1\" \/>\n<link rel=\"canonical\" href=\"https:\/\/vibrotech-eng.com\/en\/two-ways-vibrating-conveyor\/\" \/>\n<meta property=\"og:locale\" content=\"en_US\" \/>\n<meta property=\"og:type\" content=\"article\" \/>\n<meta property=\"og:title\" content=\"Two ways vibrating conveyor\" \/>\n<meta property=\"og:url\" content=\"https:\/\/vibrotech-eng.com\/en\/two-ways-vibrating-conveyor\/\" \/>\n<meta property=\"og:site_name\" content=\"Vibrotech Engineering S.L\" \/>\n<meta property=\"article:modified_time\" content=\"2023-07-19T13:50:08+00:00\" \/>\n<meta name=\"twitter:card\" content=\"summary_large_image\" \/>\n<meta name=\"twitter:label1\" content=\"Est. reading time\" \/>\n\t<meta name=\"twitter:data1\" content=\"2 minutes\" \/>\n<script type=\"application\/ld+json\" class=\"yoast-schema-graph\">{\"@context\":\"https:\\\/\\\/schema.org\",\"@graph\":[{\"@type\":\"WebPage\",\"@id\":\"https:\\\/\\\/vibrotech-eng.com\\\/en\\\/two-ways-vibrating-conveyor\\\/\",\"url\":\"https:\\\/\\\/vibrotech-eng.com\\\/en\\\/two-ways-vibrating-conveyor\\\/\",\"name\":\"Two ways vibrating conveyor - Vibrotech Engineering S.L\",\"isPartOf\":{\"@id\":\"https:\\\/\\\/vibrotech-eng.com\\\/en\\\/#website\"},\"datePublished\":\"2019-07-11T13:52:21+00:00\",\"dateModified\":\"2023-07-19T13:50:08+00:00\",\"breadcrumb\":{\"@id\":\"https:\\\/\\\/vibrotech-eng.com\\\/en\\\/two-ways-vibrating-conveyor\\\/#breadcrumb\"},\"inLanguage\":\"en-US\",\"potentialAction\":[{\"@type\":\"ReadAction\",\"target\":[\"https:\\\/\\\/vibrotech-eng.com\\\/en\\\/two-ways-vibrating-conveyor\\\/\"]}]},{\"@type\":\"BreadcrumbList\",\"@id\":\"https:\\\/\\\/vibrotech-eng.com\\\/en\\\/two-ways-vibrating-conveyor\\\/#breadcrumb\",\"itemListElement\":[{\"@type\":\"ListItem\",\"position\":1,\"name\":\"Home\",\"item\":\"https:\\\/\\\/vibrotech-eng.com\\\/en\\\/home\\\/\"},{\"@type\":\"ListItem\",\"position\":2,\"name\":\"Two ways vibrating conveyor\"}]},{\"@type\":\"WebSite\",\"@id\":\"https:\\\/\\\/vibrotech-eng.com\\\/en\\\/#website\",\"url\":\"https:\\\/\\\/vibrotech-eng.com\\\/en\\\/\",\"name\":\"Vibrotech Engineering S.L\",\"description\":\"Empresa espa\u00f1ola que desarrolla su actividad principal en el dise\u00f1o y fabricaci\u00f3n de maquinaria vibrante\",\"potentialAction\":[{\"@type\":\"SearchAction\",\"target\":{\"@type\":\"EntryPoint\",\"urlTemplate\":\"https:\\\/\\\/vibrotech-eng.com\\\/en\\\/?s={search_term_string}\"},\"query-input\":{\"@type\":\"PropertyValueSpecification\",\"valueRequired\":true,\"valueName\":\"search_term_string\"}}],\"inLanguage\":\"en-US\"}]}<\/script>\n<!-- \/ Yoast SEO Premium plugin. -->","yoast_head_json":{"title":"Two ways vibrating conveyor - Vibrotech Engineering S.L","robots":{"index":"index","follow":"follow","max-snippet":"max-snippet:-1","max-image-preview":"max-image-preview:large","max-video-preview":"max-video-preview:-1"},"canonical":"https:\/\/vibrotech-eng.com\/en\/two-ways-vibrating-conveyor\/","og_locale":"en_US","og_type":"article","og_title":"Two ways vibrating conveyor","og_url":"https:\/\/vibrotech-eng.com\/en\/two-ways-vibrating-conveyor\/","og_site_name":"Vibrotech Engineering S.L","article_modified_time":"2023-07-19T13:50:08+00:00","twitter_card":"summary_large_image","twitter_misc":{"Est. reading time":"2 minutes"},"schema":{"@context":"https:\/\/schema.org","@graph":[{"@type":"WebPage","@id":"https:\/\/vibrotech-eng.com\/en\/two-ways-vibrating-conveyor\/","url":"https:\/\/vibrotech-eng.com\/en\/two-ways-vibrating-conveyor\/","name":"Two ways vibrating conveyor - Vibrotech Engineering S.L","isPartOf":{"@id":"https:\/\/vibrotech-eng.com\/en\/#website"},"datePublished":"2019-07-11T13:52:21+00:00","dateModified":"2023-07-19T13:50:08+00:00","breadcrumb":{"@id":"https:\/\/vibrotech-eng.com\/en\/two-ways-vibrating-conveyor\/#breadcrumb"},"inLanguage":"en-US","potentialAction":[{"@type":"ReadAction","target":["https:\/\/vibrotech-eng.com\/en\/two-ways-vibrating-conveyor\/"]}]},{"@type":"BreadcrumbList","@id":"https:\/\/vibrotech-eng.com\/en\/two-ways-vibrating-conveyor\/#breadcrumb","itemListElement":[{"@type":"ListItem","position":1,"name":"Home","item":"https:\/\/vibrotech-eng.com\/en\/home\/"},{"@type":"ListItem","position":2,"name":"Two ways vibrating conveyor"}]},{"@type":"WebSite","@id":"https:\/\/vibrotech-eng.com\/en\/#website","url":"https:\/\/vibrotech-eng.com\/en\/","name":"Vibrotech Engineering S.L","description":"Empresa espa\u00f1ola que desarrolla su actividad principal en el dise\u00f1o y fabricaci\u00f3n de maquinaria vibrante","potentialAction":[{"@type":"SearchAction","target":{"@type":"EntryPoint","urlTemplate":"https:\/\/vibrotech-eng.com\/en\/?s={search_term_string}"},"query-input":{"@type":"PropertyValueSpecification","valueRequired":true,"valueName":"search_term_string"}}],"inLanguage":"en-US"}]}},"_links":{"self":[{"href":"https:\/\/vibrotech-eng.com\/en\/wp-json\/wp\/v2\/pages\/3949","targetHints":{"allow":["GET"]}}],"collection":[{"href":"https:\/\/vibrotech-eng.com\/en\/wp-json\/wp\/v2\/pages"}],"about":[{"href":"https:\/\/vibrotech-eng.com\/en\/wp-json\/wp\/v2\/types\/page"}],"author":[{"embeddable":true,"href":"https:\/\/vibrotech-eng.com\/en\/wp-json\/wp\/v2\/users\/2"}],"replies":[{"embeddable":true,"href":"https:\/\/vibrotech-eng.com\/en\/wp-json\/wp\/v2\/comments?post=3949"}],"version-history":[{"count":0,"href":"https:\/\/vibrotech-eng.com\/en\/wp-json\/wp\/v2\/pages\/3949\/revisions"}],"wp:attachment":[{"href":"https:\/\/vibrotech-eng.com\/en\/wp-json\/wp\/v2\/media?parent=3949"}],"curies":[{"name":"wp","href":"https:\/\/api.w.org\/{rel}","templated":true}]}}