{"id":3091,"date":"2018-03-26T12:14:53","date_gmt":"2018-03-26T10:14:53","guid":{"rendered":"https:\/\/vibrotech-eng.com\/catalogos\/"},"modified":"2024-06-26T15:28:08","modified_gmt":"2024-06-26T13:28:08","slug":"catalogues","status":"publish","type":"page","link":"https:\/\/vibrotech-eng.com\/en\/catalogues\/","title":{"rendered":"Catalogues"},"content":{"rendered":"<div id='av_section_1'  class='avia-section av-169r5qr-20847d2b05ccad1a76eef5dd93400e8e main_color avia-section-default avia-no-border-styling  avia-builder-el-0  avia-builder-el-no-sibling  avia-bg-style-scroll container_wrap sidebar_right'  ><div class='container av-section-cont-open' ><main  role=\"main\" itemprop=\"mainContentOfPage\"  class='template-page content  av-content-small alpha units'><div class='post-entry post-entry-type-page post-entry-3091'><div class='entry-content-wrapper clearfix'>\n<section  class='av_textblock_section av-13zo4kj-73af0ff533fa63583082800ac6d9ae10 '   itemscope=\"itemscope\" itemtype=\"https:\/\/schema.org\/CreativeWork\" ><div class='avia_textblock'  itemprop=\"text\" ><h1 style=\"text-align: center;\">Catalogues<\/h1>\n<\/div><\/section>\n\n<style type=\"text\/css\" data-created_by=\"avia_inline_auto\" id=\"style-css-av-egk7g3-7a2102a751a35f5ee09717e38f50e210\">\n.flex_column.av-egk7g3-7a2102a751a35f5ee09717e38f50e210{\nborder-radius:0px 0px 0px 0px;\npadding:0px 0px 0px 0px;\n}\n<\/style>\n<div  class='flex_column av-egk7g3-7a2102a751a35f5ee09717e38f50e210 av_one_fifth  avia-builder-el-2  el_after_av_textblock  el_before_av_one_fifth  first flex_column_div av-zero-column-padding  column-top-margin'     ><p>\n<style type=\"text\/css\" data-created_by=\"avia_inline_auto\" id=\"style-css-av-1a8sxv-7827589acffa2ff2b0b738cdaef199a8\">\n.avia-image-container.av-1a8sxv-7827589acffa2ff2b0b738cdaef199a8 img.avia_image{\nbox-shadow:none;\n}\n.avia-image-container.av-1a8sxv-7827589acffa2ff2b0b738cdaef199a8 .av-image-caption-overlay-center{\ncolor:#ffffff;\n}\n<\/style>\n<div  class='avia-image-container av-1a8sxv-7827589acffa2ff2b0b738cdaef199a8 av-styling- avia-align-center  avia-builder-el-3  el_before_av_hr  avia-builder-el-first '   itemprop=\"image\" itemscope=\"itemscope\" itemtype=\"https:\/\/schema.org\/ImageObject\" ><div class=\"avia-image-container-inner\"><div class=\"avia-image-overlay-wrap\"><a href=\"https:\/\/vibrotech-eng.com\/wp-content\/uploads\/2024\/06\/2024_GEN_V7_EN.pdf\" class='avia_image' target=\"_blank\" rel=\"noopener noreferrer\" aria-label='IMAGEN PORTADA GENERAL INGLES'><img decoding=\"async\" fetchpriority=\"high\" class='wp-image-3437 avia-img-lazy-loading-not-3437 avia_image ' src=\"https:\/\/vibrotech-eng.com\/wp-content\/uploads\/2018\/06\/IMAGEN-PORTADA-GENERAL-INGLES-212x300.jpg\" alt='' title='IMAGEN PORTADA GENERAL INGLES'  height=\"300\" width=\"212\"  itemprop=\"thumbnailUrl\" srcset=\"https:\/\/vibrotech-eng.com\/wp-content\/uploads\/2018\/06\/IMAGEN-PORTADA-GENERAL-INGLES-212x300.jpg 212w, https:\/\/vibrotech-eng.com\/wp-content\/uploads\/2018\/06\/IMAGEN-PORTADA-GENERAL-INGLES-768x1086.jpg 768w, https:\/\/vibrotech-eng.com\/wp-content\/uploads\/2018\/06\/IMAGEN-PORTADA-GENERAL-INGLES-728x1030.jpg 728w, https:\/\/vibrotech-eng.com\/wp-content\/uploads\/2018\/06\/IMAGEN-PORTADA-GENERAL-INGLES-1061x1500.jpg 1061w, https:\/\/vibrotech-eng.com\/wp-content\/uploads\/2018\/06\/IMAGEN-PORTADA-GENERAL-INGLES-499x705.jpg 499w, https:\/\/vibrotech-eng.com\/wp-content\/uploads\/2018\/06\/IMAGEN-PORTADA-GENERAL-INGLES-450x636.jpg 450w\" sizes=\"(max-width: 212px) 100vw, 212px\" \/><\/a><\/div><\/div><\/div><br \/>\n\n<style type=\"text\/css\" data-created_by=\"avia_inline_auto\" id=\"style-css-av-b3okhv-244eb71b1acbe10a023091f987bec349\">\n#top .hr.hr-invisible.av-b3okhv-244eb71b1acbe10a023091f987bec349{\nheight:20px;\n}\n<\/style>\n<div  class='hr av-b3okhv-244eb71b1acbe10a023091f987bec349 hr-invisible  avia-builder-el-4  el_after_av_image  el_before_av_textblock '><span class='hr-inner '><span class=\"hr-inner-style\"><\/span><\/span><\/div><br \/>\n<section  class='av_textblock_section av-98xg5f-8404426abe34fe82b9a8fc994987770e '   itemscope=\"itemscope\" itemtype=\"https:\/\/schema.org\/CreativeWork\" ><div class='avia_textblock'  itemprop=\"text\" ><h4>General Catalog<\/h4>\n<\/div><\/section><\/p><\/div>\n<style type=\"text\/css\" data-created_by=\"avia_inline_auto\" id=\"style-css-av-13cn2w3-a3cc0a94a185c1b6a939746785e5221c\">\n.flex_column.av-13cn2w3-a3cc0a94a185c1b6a939746785e5221c{\nborder-radius:0px 0px 0px 0px;\npadding:0px 0px 0px 0px;\n}\n<\/style>\n<div  class='flex_column av-13cn2w3-a3cc0a94a185c1b6a939746785e5221c av_one_fifth  avia-builder-el-6  el_after_av_one_fifth  el_before_av_one_fifth  flex_column_div av-zero-column-padding  column-top-margin'     ><p>\n<style type=\"text\/css\" data-created_by=\"avia_inline_auto\" id=\"style-css-av-jxzsou9k-3180ef9355dc44a2d2f8756c83c5ff77\">\n.avia-image-container.av-jxzsou9k-3180ef9355dc44a2d2f8756c83c5ff77 img.avia_image{\nbox-shadow:none;\n}\n.avia-image-container.av-jxzsou9k-3180ef9355dc44a2d2f8756c83c5ff77 .av-image-caption-overlay-center{\ncolor:#ffffff;\n}\n<\/style>\n<div  class='avia-image-container av-jxzsou9k-3180ef9355dc44a2d2f8756c83c5ff77 av-styling- avia-align-center  avia-builder-el-7  el_before_av_hr  avia-builder-el-first '   itemprop=\"image\" itemscope=\"itemscope\" itemtype=\"https:\/\/schema.org\/ImageObject\" ><div class=\"avia-image-container-inner\"><div class=\"avia-image-overlay-wrap\"><a href=\"https:\/\/vibrotech-eng.com\/wp-content\/uploads\/2024\/06\/2024_FUN_V12_EN.pdf\" class='avia_image' target=\"_blank\" rel=\"noopener noreferrer\" aria-label='IMAGEN PORTADA FUNDICION INGLES'><img decoding=\"async\" fetchpriority=\"high\" class='wp-image-3421 avia-img-lazy-loading-not-3421 avia_image ' src=\"https:\/\/vibrotech-eng.com\/wp-content\/uploads\/2018\/06\/IMAGEN-PORTADA-FUNDICION-INGLES-212x300.jpg\" alt='' title='IMAGEN PORTADA FUNDICION INGLES'  height=\"300\" width=\"212\"  itemprop=\"thumbnailUrl\" srcset=\"https:\/\/vibrotech-eng.com\/wp-content\/uploads\/2018\/06\/IMAGEN-PORTADA-FUNDICION-INGLES-212x300.jpg 212w, https:\/\/vibrotech-eng.com\/wp-content\/uploads\/2018\/06\/IMAGEN-PORTADA-FUNDICION-INGLES-768x1086.jpg 768w, https:\/\/vibrotech-eng.com\/wp-content\/uploads\/2018\/06\/IMAGEN-PORTADA-FUNDICION-INGLES-728x1030.jpg 728w, https:\/\/vibrotech-eng.com\/wp-content\/uploads\/2018\/06\/IMAGEN-PORTADA-FUNDICION-INGLES-1061x1500.jpg 1061w, https:\/\/vibrotech-eng.com\/wp-content\/uploads\/2018\/06\/IMAGEN-PORTADA-FUNDICION-INGLES-499x705.jpg 499w, https:\/\/vibrotech-eng.com\/wp-content\/uploads\/2018\/06\/IMAGEN-PORTADA-FUNDICION-INGLES-450x636.jpg 450w\" sizes=\"(max-width: 212px) 100vw, 212px\" \/><\/a><\/div><\/div><\/div><br \/>\n\n<style type=\"text\/css\" data-created_by=\"avia_inline_auto\" id=\"style-css-av-3oydhf-8a0b492091cad031a040e4bc23b1743f\">\n#top .hr.hr-invisible.av-3oydhf-8a0b492091cad031a040e4bc23b1743f{\nheight:20px;\n}\n<\/style>\n<div  class='hr av-3oydhf-8a0b492091cad031a040e4bc23b1743f hr-invisible  avia-builder-el-8  el_after_av_image  el_before_av_textblock '><span class='hr-inner '><span class=\"hr-inner-style\"><\/span><\/span><\/div><br \/>\n<section  class='av_textblock_section av-103r9er-b85c4798403edc052a69f6cf61fe4e73 '   itemscope=\"itemscope\" itemtype=\"https:\/\/schema.org\/CreativeWork\" ><div class='avia_textblock'  itemprop=\"text\" ><h4>Foundry and steel industry<\/h4>\n<\/div><\/section><\/p><\/div>\n<style type=\"text\/css\" data-created_by=\"avia_inline_auto\" id=\"style-css-av-xc6ihf-724dc96bd4cc3f8cbe06753ee43354ec\">\n.flex_column.av-xc6ihf-724dc96bd4cc3f8cbe06753ee43354ec{\nborder-radius:0px 0px 0px 0px;\npadding:0px 0px 0px 0px;\n}\n<\/style>\n<div  class='flex_column av-xc6ihf-724dc96bd4cc3f8cbe06753ee43354ec av_one_fifth  avia-builder-el-10  el_after_av_one_fifth  el_before_av_one_fifth  flex_column_div av-zero-column-padding  column-top-margin'     ><p>\n<style type=\"text\/css\" data-created_by=\"avia_inline_auto\" id=\"style-css-av-w4lspv-00f690f788065529c75ea1e5927159dc\">\n.avia-image-container.av-w4lspv-00f690f788065529c75ea1e5927159dc img.avia_image{\nbox-shadow:none;\n}\n.avia-image-container.av-w4lspv-00f690f788065529c75ea1e5927159dc .av-image-caption-overlay-center{\ncolor:#ffffff;\n}\n<\/style>\n<div  class='avia-image-container av-w4lspv-00f690f788065529c75ea1e5927159dc av-styling- avia-align-center  avia-builder-el-11  el_before_av_hr  avia-builder-el-first '   itemprop=\"image\" itemscope=\"itemscope\" itemtype=\"https:\/\/schema.org\/ImageObject\" ><div class=\"avia-image-container-inner\"><div class=\"avia-image-overlay-wrap\"><a href=\"https:\/\/vibrotech-eng.com\/wp-content\/uploads\/2024\/06\/2024_AR_V6_EN.pdf\" class='avia_image' target=\"_blank\" rel=\"noopener noreferrer\" aria-label='IMAGEN PORTADA MINERIA INGLES'><img decoding=\"async\" fetchpriority=\"high\" class='wp-image-3425 avia-img-lazy-loading-not-3425 avia_image ' src=\"https:\/\/vibrotech-eng.com\/wp-content\/uploads\/2018\/06\/IMAGEN-PORTADA-MINERIA-INGLES-212x300.jpg\" alt='' title='IMAGEN PORTADA MINERIA INGLES'  height=\"300\" width=\"212\"  itemprop=\"thumbnailUrl\" srcset=\"https:\/\/vibrotech-eng.com\/wp-content\/uploads\/2018\/06\/IMAGEN-PORTADA-MINERIA-INGLES-212x300.jpg 212w, https:\/\/vibrotech-eng.com\/wp-content\/uploads\/2018\/06\/IMAGEN-PORTADA-MINERIA-INGLES-768x1086.jpg 768w, https:\/\/vibrotech-eng.com\/wp-content\/uploads\/2018\/06\/IMAGEN-PORTADA-MINERIA-INGLES-728x1030.jpg 728w, https:\/\/vibrotech-eng.com\/wp-content\/uploads\/2018\/06\/IMAGEN-PORTADA-MINERIA-INGLES-1061x1500.jpg 1061w, https:\/\/vibrotech-eng.com\/wp-content\/uploads\/2018\/06\/IMAGEN-PORTADA-MINERIA-INGLES-499x705.jpg 499w, https:\/\/vibrotech-eng.com\/wp-content\/uploads\/2018\/06\/IMAGEN-PORTADA-MINERIA-INGLES-450x636.jpg 450w\" sizes=\"(max-width: 212px) 100vw, 212px\" \/><\/a><\/div><\/div><\/div><br \/>\n\n<style type=\"text\/css\" data-created_by=\"avia_inline_auto\" id=\"style-css-av-v51sgz-65d6e19312978497a213bda96eba8b8b\">\n#top .hr.hr-invisible.av-v51sgz-65d6e19312978497a213bda96eba8b8b{\nheight:20px;\n}\n<\/style>\n<div  class='hr av-v51sgz-65d6e19312978497a213bda96eba8b8b hr-invisible  avia-builder-el-12  el_after_av_image  el_before_av_textblock '><span class='hr-inner '><span class=\"hr-inner-style\"><\/span><\/span><\/div><br \/>\n<section  class='av_textblock_section av-2yf31v-9bb0557b2a93a5d08b890ebbfd7fe0a7 '   itemscope=\"itemscope\" itemtype=\"https:\/\/schema.org\/CreativeWork\" ><div class='avia_textblock'  itemprop=\"text\" ><h4>Aggregates, mining and cement industry<\/h4>\n<\/div><\/section><\/p><\/div>\n<style type=\"text\/css\" data-created_by=\"avia_inline_auto\" id=\"style-css-av-rgqmpf-7cc3fb177404c2578454e0eb2ce4403f\">\n.flex_column.av-rgqmpf-7cc3fb177404c2578454e0eb2ce4403f{\nborder-radius:0px 0px 0px 0px;\npadding:0px 0px 0px 0px;\n}\n<\/style>\n<div  class='flex_column av-rgqmpf-7cc3fb177404c2578454e0eb2ce4403f av_one_fifth  avia-builder-el-14  el_after_av_one_fifth  el_before_av_one_fifth  flex_column_div av-zero-column-padding  column-top-margin'     ><p>\n<style type=\"text\/css\" data-created_by=\"avia_inline_auto\" id=\"style-css-av-2i3t2r-8021997d263a6e657bfdb31b28a1a919\">\n.avia-image-container.av-2i3t2r-8021997d263a6e657bfdb31b28a1a919 img.avia_image{\nbox-shadow:none;\n}\n.avia-image-container.av-2i3t2r-8021997d263a6e657bfdb31b28a1a919 .av-image-caption-overlay-center{\ncolor:#ffffff;\n}\n<\/style>\n<div  class='avia-image-container av-2i3t2r-8021997d263a6e657bfdb31b28a1a919 av-styling- avia-align-center  avia-builder-el-15  el_before_av_hr  avia-builder-el-first '   itemprop=\"image\" itemscope=\"itemscope\" itemtype=\"https:\/\/schema.org\/ImageObject\" ><div class=\"avia-image-container-inner\"><div class=\"avia-image-overlay-wrap\"><a href=\"https:\/\/vibrotech-eng.com\/wp-content\/uploads\/2024\/06\/2024_REC_V5_EN.pdf\" class='avia_image' target=\"_blank\" rel=\"noopener noreferrer\" aria-label='IMAGEN PORTADA RECICLAJE INGLES'><img decoding=\"async\" fetchpriority=\"high\" class='wp-image-3429 avia-img-lazy-loading-not-3429 avia_image ' src=\"https:\/\/vibrotech-eng.com\/wp-content\/uploads\/2018\/06\/IMAGEN-PORTADA-RECICLAJE-INGLES-213x300.jpg\" alt='' title='IMAGEN PORTADA RECICLAJE INGLES'  height=\"300\" width=\"213\"  itemprop=\"thumbnailUrl\" srcset=\"https:\/\/vibrotech-eng.com\/wp-content\/uploads\/2018\/06\/IMAGEN-PORTADA-RECICLAJE-INGLES-213x300.jpg 213w, https:\/\/vibrotech-eng.com\/wp-content\/uploads\/2018\/06\/IMAGEN-PORTADA-RECICLAJE-INGLES-768x1080.jpg 768w, https:\/\/vibrotech-eng.com\/wp-content\/uploads\/2018\/06\/IMAGEN-PORTADA-RECICLAJE-INGLES-732x1030.jpg 732w, https:\/\/vibrotech-eng.com\/wp-content\/uploads\/2018\/06\/IMAGEN-PORTADA-RECICLAJE-INGLES-1066x1500.jpg 1066w, https:\/\/vibrotech-eng.com\/wp-content\/uploads\/2018\/06\/IMAGEN-PORTADA-RECICLAJE-INGLES-501x705.jpg 501w, https:\/\/vibrotech-eng.com\/wp-content\/uploads\/2018\/06\/IMAGEN-PORTADA-RECICLAJE-INGLES-450x633.jpg 450w\" sizes=\"(max-width: 213px) 100vw, 213px\" \/><\/a><\/div><\/div><\/div><br \/>\n\n<style type=\"text\/css\" data-created_by=\"avia_inline_auto\" id=\"style-css-av-nijw0j-26b4883b92033a6d02ac0757637a5c99\">\n#top .hr.hr-invisible.av-nijw0j-26b4883b92033a6d02ac0757637a5c99{\nheight:20px;\n}\n<\/style>\n<div  class='hr av-nijw0j-26b4883b92033a6d02ac0757637a5c99 hr-invisible  avia-builder-el-16  el_after_av_image  el_before_av_textblock '><span class='hr-inner '><span class=\"hr-inner-style\"><\/span><\/span><\/div><br \/>\n<section  class='av_textblock_section av-mqd88j-54362c049f55a7d948dc5dfd9c2b5c35 '   itemscope=\"itemscope\" itemtype=\"https:\/\/schema.org\/CreativeWork\" ><div class='avia_textblock'  itemprop=\"text\" ><h4>Recycling industry<\/h4>\n<\/div><\/section><\/p><\/div>\n<style type=\"text\/css\" data-created_by=\"avia_inline_auto\" id=\"style-css-av-ki3kgj-47209c2a0d210e5bf60862f3508e083e\">\n.flex_column.av-ki3kgj-47209c2a0d210e5bf60862f3508e083e{\nborder-radius:0px 0px 0px 0px;\npadding:0px 0px 0px 0px;\n}\n<\/style>\n<div  class='flex_column av-ki3kgj-47209c2a0d210e5bf60862f3508e083e av_one_fifth  avia-builder-el-18  el_after_av_one_fifth  el_before_av_one_fifth  flex_column_div av-zero-column-padding  column-top-margin'     ><p>\n<style type=\"text\/css\" data-created_by=\"avia_inline_auto\" id=\"style-css-av-j2exfn-ffa74749cffa257e687d6321f616140a\">\n.avia-image-container.av-j2exfn-ffa74749cffa257e687d6321f616140a img.avia_image{\nbox-shadow:none;\n}\n.avia-image-container.av-j2exfn-ffa74749cffa257e687d6321f616140a .av-image-caption-overlay-center{\ncolor:#ffffff;\n}\n<\/style>\n<div  class='avia-image-container av-j2exfn-ffa74749cffa257e687d6321f616140a av-styling- avia-align-center  avia-builder-el-19  el_before_av_hr  avia-builder-el-first '   itemprop=\"image\" itemscope=\"itemscope\" itemtype=\"https:\/\/schema.org\/ImageObject\" ><div class=\"avia-image-container-inner\"><div class=\"avia-image-overlay-wrap\"><a href=\"https:\/\/vibrotech-eng.com\/wp-content\/uploads\/2018\/06\/2016-ALM.V1-EN.pdf\" class='avia_image' target=\"_blank\" rel=\"noopener noreferrer\" aria-label='CATALOGOalimentaciov V1 ENbaja10'><img decoding=\"async\" fetchpriority=\"high\" class='wp-image-3433 avia-img-lazy-loading-not-3433 avia_image ' src=\"https:\/\/vibrotech-eng.com\/wp-content\/uploads\/2018\/06\/IMAGEN-PORTADA-ALIMENTACION-INGLES-205x300.jpg\" alt='' title='CATALOGOalimentaciov V1 ENbaja10'  height=\"300\" width=\"205\"  itemprop=\"thumbnailUrl\" srcset=\"https:\/\/vibrotech-eng.com\/wp-content\/uploads\/2018\/06\/IMAGEN-PORTADA-ALIMENTACION-INGLES-205x300.jpg 205w, https:\/\/vibrotech-eng.com\/wp-content\/uploads\/2018\/06\/IMAGEN-PORTADA-ALIMENTACION-INGLES-768x1125.jpg 768w, https:\/\/vibrotech-eng.com\/wp-content\/uploads\/2018\/06\/IMAGEN-PORTADA-ALIMENTACION-INGLES-703x1030.jpg 703w, https:\/\/vibrotech-eng.com\/wp-content\/uploads\/2018\/06\/IMAGEN-PORTADA-ALIMENTACION-INGLES-1024x1500.jpg 1024w, https:\/\/vibrotech-eng.com\/wp-content\/uploads\/2018\/06\/IMAGEN-PORTADA-ALIMENTACION-INGLES-481x705.jpg 481w, https:\/\/vibrotech-eng.com\/wp-content\/uploads\/2018\/06\/IMAGEN-PORTADA-ALIMENTACION-INGLES-450x659.jpg 450w\" sizes=\"(max-width: 205px) 100vw, 205px\" \/><\/a><\/div><\/div><\/div><br \/>\n\n<style type=\"text\/css\" data-created_by=\"avia_inline_auto\" id=\"style-css-av-grr3sz-0b02214b46cb3d006832e555b98373ba\">\n#top .hr.hr-invisible.av-grr3sz-0b02214b46cb3d006832e555b98373ba{\nheight:20px;\n}\n<\/style>\n<div  class='hr av-grr3sz-0b02214b46cb3d006832e555b98373ba hr-invisible  avia-builder-el-20  el_after_av_image  el_before_av_textblock '><span class='hr-inner '><span class=\"hr-inner-style\"><\/span><\/span><\/div><br \/>\n<section  class='av_textblock_section av-g03y6r-53484a4ab06ea1ff0c46863a9f3f663c '   itemscope=\"itemscope\" itemtype=\"https:\/\/schema.org\/CreativeWork\" ><div class='avia_textblock'  itemprop=\"text\" ><h4>Food industry<\/h4>\n<\/div><\/section><\/p><\/div>\n<style type=\"text\/css\" data-created_by=\"avia_inline_auto\" id=\"style-css-av-6xdh43-81ef3bb8ed9357314b4686722d2e82b6\">\n.flex_column.av-6xdh43-81ef3bb8ed9357314b4686722d2e82b6{\nborder-radius:0px 0px 0px 0px;\npadding:0px 0px 0px 0px;\n}\n<\/style>\n<div  class='flex_column av-6xdh43-81ef3bb8ed9357314b4686722d2e82b6 av_one_fifth  avia-builder-el-22  el_after_av_one_fifth  avia-builder-el-last  first flex_column_div av-zero-column-padding  column-top-margin'     ><p>\n<style type=\"text\/css\" data-created_by=\"avia_inline_auto\" id=\"style-css-av-5ah9yb-5a615d15d9f87496d368e85ceeef5ba1\">\n.avia-image-container.av-5ah9yb-5a615d15d9f87496d368e85ceeef5ba1 img.avia_image{\nbox-shadow:none;\n}\n.avia-image-container.av-5ah9yb-5a615d15d9f87496d368e85ceeef5ba1 .av-image-caption-overlay-center{\ncolor:#ffffff;\n}\n<\/style>\n<div  class='avia-image-container av-5ah9yb-5a615d15d9f87496d368e85ceeef5ba1 av-styling- avia-align-center  avia-builder-el-23  el_before_av_hr  avia-builder-el-first '   itemprop=\"image\" itemscope=\"itemscope\" itemtype=\"https:\/\/schema.org\/ImageObject\" ><div class=\"avia-image-container-inner\"><div class=\"avia-image-overlay-wrap\"><a href=\"https:\/\/vibrotech-eng.com\/wp-content\/uploads\/2018\/02\/2018_DISCHARGE-FEEDERS-BROCHURE_V2_EN.pdf\" class='avia_image' target=\"_blank\" rel=\"noopener noreferrer\" aria-label='IMAGEN PORTADA ALIMENTADORES INGLES'><img decoding=\"async\" fetchpriority=\"high\" class='wp-image-3417 avia-img-lazy-loading-not-3417 avia_image ' src=\"https:\/\/vibrotech-eng.com\/wp-content\/uploads\/2018\/06\/IMAGEN-PORTADA-ALIMENTADORES-INGLES-209x300.jpg\" alt='' title='IMAGEN PORTADA ALIMENTADORES INGLES'  height=\"300\" width=\"209\"  itemprop=\"thumbnailUrl\" srcset=\"https:\/\/vibrotech-eng.com\/wp-content\/uploads\/2018\/06\/IMAGEN-PORTADA-ALIMENTADORES-INGLES-209x300.jpg 209w, https:\/\/vibrotech-eng.com\/wp-content\/uploads\/2018\/06\/IMAGEN-PORTADA-ALIMENTADORES-INGLES-768x1101.jpg 768w, https:\/\/vibrotech-eng.com\/wp-content\/uploads\/2018\/06\/IMAGEN-PORTADA-ALIMENTADORES-INGLES-719x1030.jpg 719w, https:\/\/vibrotech-eng.com\/wp-content\/uploads\/2018\/06\/IMAGEN-PORTADA-ALIMENTADORES-INGLES-1047x1500.jpg 1047w, https:\/\/vibrotech-eng.com\/wp-content\/uploads\/2018\/06\/IMAGEN-PORTADA-ALIMENTADORES-INGLES-492x705.jpg 492w, https:\/\/vibrotech-eng.com\/wp-content\/uploads\/2018\/06\/IMAGEN-PORTADA-ALIMENTADORES-INGLES-450x645.jpg 450w\" sizes=\"(max-width: 209px) 100vw, 209px\" \/><\/a><\/div><\/div><\/div><br \/>\n\n<style type=\"text\/css\" data-created_by=\"avia_inline_auto\" id=\"style-css-av-4obqj7-5a1766ea9bad4adf1316b0a92b2c962e\">\n#top .hr.hr-invisible.av-4obqj7-5a1766ea9bad4adf1316b0a92b2c962e{\nheight:20px;\n}\n<\/style>\n<div  class='hr av-4obqj7-5a1766ea9bad4adf1316b0a92b2c962e hr-invisible  avia-builder-el-24  el_after_av_image  el_before_av_textblock '><span class='hr-inner '><span class=\"hr-inner-style\"><\/span><\/span><\/div><br \/>\n<section  class='av_textblock_section av-p55v-9bba536fdc19a5aa60ccd9976ff82a28 '   itemscope=\"itemscope\" itemtype=\"https:\/\/schema.org\/CreativeWork\" ><div class='avia_textblock'  itemprop=\"text\" ><h4>Discharge Feeders<\/h4>\n<\/div><\/section><\/p><\/div><\/div><\/div><\/main><!-- close content main element --><\/div><\/div><div id='after_section_1'  class='main_color av_default_container_wrap container_wrap sidebar_right'  ><div class='container av-section-cont-open' ><div class='template-page content  av-content-small alpha units'><div class='post-entry post-entry-type-page post-entry-3091'><div class='entry-content-wrapper clearfix'>\n","protected":false},"excerpt":{"rendered":"","protected":false},"author":2,"featured_media":0,"parent":0,"menu_order":0,"comment_status":"closed","ping_status":"closed","template":"","meta":{"footnotes":""},"class_list":["post-3091","page","type-page","status-publish","hentry"],"yoast_head":"<!-- This site is optimized with the Yoast SEO Premium plugin v20.3 (Yoast SEO v27.4) - https:\/\/yoast.com\/product\/yoast-seo-premium-wordpress\/ -->\n<title>Catalogues - Vibrotech Engineering S.L<\/title>\n<meta name=\"robots\" content=\"index, follow, max-snippet:-1, max-image-preview:large, max-video-preview:-1\" \/>\n<link rel=\"canonical\" href=\"https:\/\/vibrotech-eng.com\/en\/catalogues\/\" \/>\n<meta property=\"og:locale\" content=\"en_US\" \/>\n<meta property=\"og:type\" content=\"article\" \/>\n<meta property=\"og:title\" content=\"Catalogues\" \/>\n<meta property=\"og:url\" content=\"https:\/\/vibrotech-eng.com\/en\/catalogues\/\" \/>\n<meta property=\"og:site_name\" content=\"Vibrotech Engineering S.L\" \/>\n<meta property=\"article:modified_time\" content=\"2024-06-26T13:28:08+00:00\" \/>\n<meta name=\"twitter:card\" content=\"summary_large_image\" \/>\n<meta name=\"twitter:label1\" content=\"Est. reading time\" \/>\n\t<meta name=\"twitter:data1\" content=\"2 minutes\" \/>\n<script type=\"application\/ld+json\" class=\"yoast-schema-graph\">{\"@context\":\"https:\\\/\\\/schema.org\",\"@graph\":[{\"@type\":\"WebPage\",\"@id\":\"https:\\\/\\\/vibrotech-eng.com\\\/en\\\/catalogues\\\/\",\"url\":\"https:\\\/\\\/vibrotech-eng.com\\\/en\\\/catalogues\\\/\",\"name\":\"Catalogues - Vibrotech Engineering S.L\",\"isPartOf\":{\"@id\":\"https:\\\/\\\/vibrotech-eng.com\\\/en\\\/#website\"},\"datePublished\":\"2018-03-26T10:14:53+00:00\",\"dateModified\":\"2024-06-26T13:28:08+00:00\",\"breadcrumb\":{\"@id\":\"https:\\\/\\\/vibrotech-eng.com\\\/en\\\/catalogues\\\/#breadcrumb\"},\"inLanguage\":\"en-US\",\"potentialAction\":[{\"@type\":\"ReadAction\",\"target\":[\"https:\\\/\\\/vibrotech-eng.com\\\/en\\\/catalogues\\\/\"]}]},{\"@type\":\"BreadcrumbList\",\"@id\":\"https:\\\/\\\/vibrotech-eng.com\\\/en\\\/catalogues\\\/#breadcrumb\",\"itemListElement\":[{\"@type\":\"ListItem\",\"position\":1,\"name\":\"Home\",\"item\":\"https:\\\/\\\/vibrotech-eng.com\\\/en\\\/home\\\/\"},{\"@type\":\"ListItem\",\"position\":2,\"name\":\"Catalogues\"}]},{\"@type\":\"WebSite\",\"@id\":\"https:\\\/\\\/vibrotech-eng.com\\\/en\\\/#website\",\"url\":\"https:\\\/\\\/vibrotech-eng.com\\\/en\\\/\",\"name\":\"Vibrotech Engineering S.L\",\"description\":\"Empresa espa\u00f1ola que desarrolla su actividad principal en el dise\u00f1o y fabricaci\u00f3n de maquinaria vibrante\",\"potentialAction\":[{\"@type\":\"SearchAction\",\"target\":{\"@type\":\"EntryPoint\",\"urlTemplate\":\"https:\\\/\\\/vibrotech-eng.com\\\/en\\\/?s={search_term_string}\"},\"query-input\":{\"@type\":\"PropertyValueSpecification\",\"valueRequired\":true,\"valueName\":\"search_term_string\"}}],\"inLanguage\":\"en-US\"}]}<\/script>\n<!-- \/ Yoast SEO Premium plugin. -->","yoast_head_json":{"title":"Catalogues - Vibrotech Engineering S.L","robots":{"index":"index","follow":"follow","max-snippet":"max-snippet:-1","max-image-preview":"max-image-preview:large","max-video-preview":"max-video-preview:-1"},"canonical":"https:\/\/vibrotech-eng.com\/en\/catalogues\/","og_locale":"en_US","og_type":"article","og_title":"Catalogues","og_url":"https:\/\/vibrotech-eng.com\/en\/catalogues\/","og_site_name":"Vibrotech Engineering S.L","article_modified_time":"2024-06-26T13:28:08+00:00","twitter_card":"summary_large_image","twitter_misc":{"Est. reading time":"2 minutes"},"schema":{"@context":"https:\/\/schema.org","@graph":[{"@type":"WebPage","@id":"https:\/\/vibrotech-eng.com\/en\/catalogues\/","url":"https:\/\/vibrotech-eng.com\/en\/catalogues\/","name":"Catalogues - Vibrotech Engineering S.L","isPartOf":{"@id":"https:\/\/vibrotech-eng.com\/en\/#website"},"datePublished":"2018-03-26T10:14:53+00:00","dateModified":"2024-06-26T13:28:08+00:00","breadcrumb":{"@id":"https:\/\/vibrotech-eng.com\/en\/catalogues\/#breadcrumb"},"inLanguage":"en-US","potentialAction":[{"@type":"ReadAction","target":["https:\/\/vibrotech-eng.com\/en\/catalogues\/"]}]},{"@type":"BreadcrumbList","@id":"https:\/\/vibrotech-eng.com\/en\/catalogues\/#breadcrumb","itemListElement":[{"@type":"ListItem","position":1,"name":"Home","item":"https:\/\/vibrotech-eng.com\/en\/home\/"},{"@type":"ListItem","position":2,"name":"Catalogues"}]},{"@type":"WebSite","@id":"https:\/\/vibrotech-eng.com\/en\/#website","url":"https:\/\/vibrotech-eng.com\/en\/","name":"Vibrotech Engineering S.L","description":"Empresa espa\u00f1ola que desarrolla su actividad principal en el dise\u00f1o y fabricaci\u00f3n de maquinaria vibrante","potentialAction":[{"@type":"SearchAction","target":{"@type":"EntryPoint","urlTemplate":"https:\/\/vibrotech-eng.com\/en\/?s={search_term_string}"},"query-input":{"@type":"PropertyValueSpecification","valueRequired":true,"valueName":"search_term_string"}}],"inLanguage":"en-US"}]}},"_links":{"self":[{"href":"https:\/\/vibrotech-eng.com\/en\/wp-json\/wp\/v2\/pages\/3091","targetHints":{"allow":["GET"]}}],"collection":[{"href":"https:\/\/vibrotech-eng.com\/en\/wp-json\/wp\/v2\/pages"}],"about":[{"href":"https:\/\/vibrotech-eng.com\/en\/wp-json\/wp\/v2\/types\/page"}],"author":[{"embeddable":true,"href":"https:\/\/vibrotech-eng.com\/en\/wp-json\/wp\/v2\/users\/2"}],"replies":[{"embeddable":true,"href":"https:\/\/vibrotech-eng.com\/en\/wp-json\/wp\/v2\/comments?post=3091"}],"version-history":[{"count":2,"href":"https:\/\/vibrotech-eng.com\/en\/wp-json\/wp\/v2\/pages\/3091\/revisions"}],"predecessor-version":[{"id":10240,"href":"https:\/\/vibrotech-eng.com\/en\/wp-json\/wp\/v2\/pages\/3091\/revisions\/10240"}],"wp:attachment":[{"href":"https:\/\/vibrotech-eng.com\/en\/wp-json\/wp\/v2\/media?parent=3091"}],"curies":[{"name":"wp","href":"https:\/\/api.w.org\/{rel}","templated":true}]}}