{"id":2417,"date":"2018-01-05T13:09:50","date_gmt":"2018-01-05T12:09:50","guid":{"rendered":"http:\/\/vibrotech-eng.com.mialias.net\/mas-informacion-las-cookies\/"},"modified":"2018-01-05T13:14:32","modified_gmt":"2018-01-05T12:14:32","slug":"learn-more-about-cookies","status":"publish","type":"page","link":"https:\/\/vibrotech-eng.com\/en\/learn-more-about-cookies\/","title":{"rendered":"Learn more about cookies"},"content":{"rendered":"<h3>WHAT IS A COOKIE?<\/h3>\n<p>A cookie is a harmless text file that is stored in your browser when you visit almost any web page. The usefulness of the cookie is that the website is able to remember your visit when you return to browse that page. Although many people do not know it, cookies have been in use for 20 years, when the first browsers for the World Wide Web appeared.<\/p>\n<p>&nbsp;<\/p>\n<h3>WHAT IS NOT A COOKIE?<\/h3>\n<p>It&#8217;s not a virus, or a Trojan horse, or a worm, or spam, or spyware, or pop-up windows.<\/p>\n<p>&nbsp;<\/p>\n<h3>WHAT INFORMATION DOES A COOKIE STORE?<\/h3>\n<p>Cookies do not usually store sensitive information about you, such as credit cards or bank details, photographs, your ID card or personal information, etc. The data they store are technical, personal preferences, content customization, etc.<\/p>\n<p>The web server does not associate you as a person but rather with your web browser. In fact, if you regularly browse Internet Explorer and try browsing the same web with Firefox or Chrome you will see that the web doesn&#8217;t realize that you are the same person because you are actually associating the browser, not the person.<\/p>\n<p>&nbsp;<\/p>\n<h3>WHAT KIND OF COOKIES EXIST?<\/h3>\n<p>Technical Cookies: They are the most elementary and allow, among other things, to know when a human or an automated application is browsing, when an anonymous user and a registered user is browsing, basic tasks for the operation of any dynamic web.<br \/>\nAnalysis Cookies: They gather information about the type of navigation you are making, the sections that you use the most, the products consulted, the time zone of use, language, etc.<br \/>\nAdvertising cookies: They display advertising according to your browsing, your country of origin, language, etc.<\/p>\n<h3>\nWHAT ARE YOUR OWN AND THIRD-PARTY COOKIES?<\/h3>\n<p>Your own cookies are those generated by the page you are visiting and those of third parties are those generated by external services or suppliers such as Facebook, Twitter, Google, etc..<\/p>\n<p>&nbsp;<\/p>\n<h3>WHAT HAPPENS IF I DISABLE COOKIES?<\/h3>\n<p>To help you understand the extent to which you can disable cookies, here are a few examples:<\/p>\n<p>You may not share content from that site on Facebook, Twitter or any other social network.<br \/>\nThe website will not be able to adapt the content to your personal preferences, as is often the case in online shops.<br \/>\nYou will not be able to access the personal area of that website, such as My Account, My Profile or My Orders.<br \/>\nOnline shops: You will be unable to make online purchases, they will have to be telephone or visiting the physical store if you have it.<br \/>\nIt will not be possible to customize your geographical preferences such as time zone, currency or language.<br \/>\nThe website will not be able to perform web analytics on visitors and web traffic, which will make it difficult for the website to be competitive.<br \/>\nYou will not be able to post on the blog, upload photos, post comments, rate or rate content. Nor will the web be able to tell whether you are a human or an automated application that posts spam.<br \/>\nIt will not be possible to show sector advertising, which will reduce the advertising revenue of the website.<br \/>\nAll social networks use cookies, if you disable them you will not be able to use any social network.<\/p>\n<h3>\nCAN COOKIES BE DELETED?<\/h3>\n<p>Yeah. Yeah. Not only remove, but also block, in a general or particular way for a specific domain.<\/p>\n<p>To delete cookies from a website, you must go to the settings of your browser and there you can search for those associated with the domain in question and proceed to delete them.<\/p>\n<p>&nbsp;<\/p>\n<p>COOKIES CONFIGURATION FOR THE MOST POPULAR BROWSERS<\/p>\n<p>Here&#8217;s how to access a specific cookie from your Chrome browser. Note: These steps may vary depending on the browser version:<\/p>\n<p>Go to Settings or Preferences via the File menu or by clicking on the customization icon at the top right.<br \/>\nYou will see different sections, click the Show advanced options option.<br \/>\nGo to Privacy, Content Settings.<br \/>\nSelect All cookies and site data.<br \/>\nA listing of all cookies sorted by domain will appear. To make it easier for you to find cookies for a particular domain, enter the address partially or completely in the Search for cookies field.<br \/>\nAfter performing this filter, one or more lines will appear on screen with the cookies of the requested website. Now just select it and press the X key to delete it.<br \/>\nTo access your Internet Explorer browser&#8217;s cookie settings, follow these steps (these may vary depending on your browser version):<\/p>\n<p>Go to Tools, Internet Options<br \/>\nClick on Privacy.<br \/>\nMove the slider until the desired privacy level is set.<br \/>\nTo access your Firefox browser&#8217;s cookie settings, follow these steps (they may vary depending on your browser version):<\/p>\n","protected":false},"excerpt":{"rendered":"<p>WHAT IS A COOKIE? A cookie is a harmless text file that is stored in your browser when you visit almost any web page. The usefulness of the cookie is that the website is able to remember your visit when you return to browse that page. Although many people do not know it, cookies have [&hellip;]<\/p>\n","protected":false},"author":2,"featured_media":0,"parent":0,"menu_order":0,"comment_status":"closed","ping_status":"closed","template":"","meta":{"footnotes":""},"class_list":["post-2417","page","type-page","status-publish","hentry"],"yoast_head":"<!-- This site is optimized with the Yoast SEO Premium plugin v20.3 (Yoast SEO v27.5) - https:\/\/yoast.com\/product\/yoast-seo-premium-wordpress\/ -->\n<title>Learn more about cookies - Vibrotech Engineering S.L<\/title>\n<meta name=\"robots\" content=\"index, follow, max-snippet:-1, max-image-preview:large, max-video-preview:-1\" \/>\n<link rel=\"canonical\" href=\"https:\/\/vibrotech-eng.com\/en\/learn-more-about-cookies\/\" \/>\n<meta property=\"og:locale\" content=\"en_US\" \/>\n<meta property=\"og:type\" content=\"article\" \/>\n<meta property=\"og:title\" content=\"Learn more about cookies\" \/>\n<meta property=\"og:description\" content=\"WHAT IS A COOKIE? A cookie is a harmless text file that is stored in your browser when you visit almost any web page. The usefulness of the cookie is that the website is able to remember your visit when you return to browse that page. Although many people do not know it, cookies have [&hellip;]\" \/>\n<meta property=\"og:url\" content=\"https:\/\/vibrotech-eng.com\/en\/learn-more-about-cookies\/\" \/>\n<meta property=\"og:site_name\" content=\"Vibrotech Engineering S.L\" \/>\n<meta property=\"article:modified_time\" content=\"2018-01-05T12:14:32+00:00\" \/>\n<meta name=\"twitter:card\" content=\"summary_large_image\" \/>\n<meta name=\"twitter:label1\" content=\"Est. reading time\" \/>\n\t<meta name=\"twitter:data1\" content=\"4 minutes\" \/>\n<script type=\"application\/ld+json\" class=\"yoast-schema-graph\">{\"@context\":\"https:\\\/\\\/schema.org\",\"@graph\":[{\"@type\":\"WebPage\",\"@id\":\"https:\\\/\\\/vibrotech-eng.com\\\/en\\\/learn-more-about-cookies\\\/\",\"url\":\"https:\\\/\\\/vibrotech-eng.com\\\/en\\\/learn-more-about-cookies\\\/\",\"name\":\"Learn more about cookies - Vibrotech Engineering S.L\",\"isPartOf\":{\"@id\":\"https:\\\/\\\/vibrotech-eng.com\\\/en\\\/#website\"},\"datePublished\":\"2018-01-05T12:09:50+00:00\",\"dateModified\":\"2018-01-05T12:14:32+00:00\",\"breadcrumb\":{\"@id\":\"https:\\\/\\\/vibrotech-eng.com\\\/en\\\/learn-more-about-cookies\\\/#breadcrumb\"},\"inLanguage\":\"en-US\",\"potentialAction\":[{\"@type\":\"ReadAction\",\"target\":[\"https:\\\/\\\/vibrotech-eng.com\\\/en\\\/learn-more-about-cookies\\\/\"]}]},{\"@type\":\"BreadcrumbList\",\"@id\":\"https:\\\/\\\/vibrotech-eng.com\\\/en\\\/learn-more-about-cookies\\\/#breadcrumb\",\"itemListElement\":[{\"@type\":\"ListItem\",\"position\":1,\"name\":\"Home\",\"item\":\"https:\\\/\\\/vibrotech-eng.com\\\/en\\\/home\\\/\"},{\"@type\":\"ListItem\",\"position\":2,\"name\":\"Learn more about cookies\"}]},{\"@type\":\"WebSite\",\"@id\":\"https:\\\/\\\/vibrotech-eng.com\\\/en\\\/#website\",\"url\":\"https:\\\/\\\/vibrotech-eng.com\\\/en\\\/\",\"name\":\"Vibrotech Engineering S.L\",\"description\":\"Empresa espa\u00f1ola que desarrolla su actividad principal en el dise\u00f1o y fabricaci\u00f3n de maquinaria vibrante\",\"potentialAction\":[{\"@type\":\"SearchAction\",\"target\":{\"@type\":\"EntryPoint\",\"urlTemplate\":\"https:\\\/\\\/vibrotech-eng.com\\\/en\\\/?s={search_term_string}\"},\"query-input\":{\"@type\":\"PropertyValueSpecification\",\"valueRequired\":true,\"valueName\":\"search_term_string\"}}],\"inLanguage\":\"en-US\"}]}<\/script>\n<!-- \/ Yoast SEO Premium plugin. -->","yoast_head_json":{"title":"Learn more about cookies - Vibrotech Engineering S.L","robots":{"index":"index","follow":"follow","max-snippet":"max-snippet:-1","max-image-preview":"max-image-preview:large","max-video-preview":"max-video-preview:-1"},"canonical":"https:\/\/vibrotech-eng.com\/en\/learn-more-about-cookies\/","og_locale":"en_US","og_type":"article","og_title":"Learn more about cookies","og_description":"WHAT IS A COOKIE? A cookie is a harmless text file that is stored in your browser when you visit almost any web page. The usefulness of the cookie is that the website is able to remember your visit when you return to browse that page. Although many people do not know it, cookies have [&hellip;]","og_url":"https:\/\/vibrotech-eng.com\/en\/learn-more-about-cookies\/","og_site_name":"Vibrotech Engineering S.L","article_modified_time":"2018-01-05T12:14:32+00:00","twitter_card":"summary_large_image","twitter_misc":{"Est. reading time":"4 minutes"},"schema":{"@context":"https:\/\/schema.org","@graph":[{"@type":"WebPage","@id":"https:\/\/vibrotech-eng.com\/en\/learn-more-about-cookies\/","url":"https:\/\/vibrotech-eng.com\/en\/learn-more-about-cookies\/","name":"Learn more about cookies - Vibrotech Engineering S.L","isPartOf":{"@id":"https:\/\/vibrotech-eng.com\/en\/#website"},"datePublished":"2018-01-05T12:09:50+00:00","dateModified":"2018-01-05T12:14:32+00:00","breadcrumb":{"@id":"https:\/\/vibrotech-eng.com\/en\/learn-more-about-cookies\/#breadcrumb"},"inLanguage":"en-US","potentialAction":[{"@type":"ReadAction","target":["https:\/\/vibrotech-eng.com\/en\/learn-more-about-cookies\/"]}]},{"@type":"BreadcrumbList","@id":"https:\/\/vibrotech-eng.com\/en\/learn-more-about-cookies\/#breadcrumb","itemListElement":[{"@type":"ListItem","position":1,"name":"Home","item":"https:\/\/vibrotech-eng.com\/en\/home\/"},{"@type":"ListItem","position":2,"name":"Learn more about cookies"}]},{"@type":"WebSite","@id":"https:\/\/vibrotech-eng.com\/en\/#website","url":"https:\/\/vibrotech-eng.com\/en\/","name":"Vibrotech Engineering S.L","description":"Empresa espa\u00f1ola que desarrolla su actividad principal en el dise\u00f1o y fabricaci\u00f3n de maquinaria vibrante","potentialAction":[{"@type":"SearchAction","target":{"@type":"EntryPoint","urlTemplate":"https:\/\/vibrotech-eng.com\/en\/?s={search_term_string}"},"query-input":{"@type":"PropertyValueSpecification","valueRequired":true,"valueName":"search_term_string"}}],"inLanguage":"en-US"}]}},"_links":{"self":[{"href":"https:\/\/vibrotech-eng.com\/en\/wp-json\/wp\/v2\/pages\/2417","targetHints":{"allow":["GET"]}}],"collection":[{"href":"https:\/\/vibrotech-eng.com\/en\/wp-json\/wp\/v2\/pages"}],"about":[{"href":"https:\/\/vibrotech-eng.com\/en\/wp-json\/wp\/v2\/types\/page"}],"author":[{"embeddable":true,"href":"https:\/\/vibrotech-eng.com\/en\/wp-json\/wp\/v2\/users\/2"}],"replies":[{"embeddable":true,"href":"https:\/\/vibrotech-eng.com\/en\/wp-json\/wp\/v2\/comments?post=2417"}],"version-history":[{"count":0,"href":"https:\/\/vibrotech-eng.com\/en\/wp-json\/wp\/v2\/pages\/2417\/revisions"}],"wp:attachment":[{"href":"https:\/\/vibrotech-eng.com\/en\/wp-json\/wp\/v2\/media?parent=2417"}],"curies":[{"name":"wp","href":"https:\/\/api.w.org\/{rel}","templated":true}]}}