{"id":2372,"date":"2017-09-25T12:19:33","date_gmt":"2017-09-25T10:19:33","guid":{"rendered":"http:\/\/vibrotech-eng.com.mialias.net\/mesas-de-desmoldeo\/"},"modified":"2025-03-05T12:54:02","modified_gmt":"2025-03-05T11:54:02","slug":"shake-out-tables","status":"publish","type":"page","link":"https:\/\/vibrotech-eng.com\/en\/shake-out-tables\/","title":{"rendered":"Shake out tables"},"content":{"rendered":"<div id='av_section_1'  class='avia-section av-8gy25w-91c26018624ddb276f396929b23e41c2 main_color avia-section-default avia-no-border-styling  avia-builder-el-0  avia-builder-el-no-sibling  avia-bg-style-scroll container_wrap sidebar_right'  ><div class='container av-section-cont-open' ><main  role=\"main\" itemprop=\"mainContentOfPage\"  class='template-page content  av-content-small alpha units'><div class='post-entry post-entry-type-page post-entry-2372'><div class='entry-content-wrapper clearfix'>\n<section  class='av_textblock_section av-7mpvs4-3b6a1073c916740629b63c547347ce0f '   itemscope=\"itemscope\" itemtype=\"https:\/\/schema.org\/CreativeWork\" ><div class='avia_textblock'  itemprop=\"text\" ><h1 style=\"text-align: center;\">Shake out tables<\/h1>\n<\/div><\/section>\n\n<style type=\"text\/css\" data-created_by=\"avia_inline_auto\" id=\"style-css-av-5o7ilw-aaef534efd2025d0d514022d183e8531\">\n#top .hr.hr-invisible.av-5o7ilw-aaef534efd2025d0d514022d183e8531{\nheight:50px;\n}\n<\/style>\n<div  class='hr av-5o7ilw-aaef534efd2025d0d514022d183e8531 hr-invisible  avia-builder-el-2  el_after_av_textblock  el_before_av_textblock '><span class='hr-inner '><span class=\"hr-inner-style\"><\/span><\/span><\/div>\n<section  class='av_textblock_section av-3xgn5w-b42db64b8541e5a1199eee6fe13e1434 '   itemscope=\"itemscope\" itemtype=\"https:\/\/schema.org\/CreativeWork\" ><div class='avia_textblock'  itemprop=\"text\" ><ul>\n<li>Driven by mechanical system or unbalanced electric vibrators.<\/li>\n<li>Properly to pieces in foundries with\u00a0 manual processes.<\/li>\n<li>Different sizes depending to the size of the mould.<\/li>\n<li>Vibrating tables for sand mechanical reclamation.<\/li>\n<li>Heavy construction.<\/li>\n<li>Low maintance.<\/li>\n<\/ul>\n<\/div><\/section>\n\n<style type=\"text\/css\" data-created_by=\"avia_inline_auto\" id=\"style-css-av-32bvxw-3d3c1ce867622dff1dcd0fdf3104adb3\">\n#top .hr.hr-invisible.av-32bvxw-3d3c1ce867622dff1dcd0fdf3104adb3{\nheight:20px;\n}\n<\/style>\n<div  class='hr av-32bvxw-3d3c1ce867622dff1dcd0fdf3104adb3 hr-invisible  avia-builder-el-4  el_after_av_textblock  el_before_av_masonry_gallery  avia-builder-el-last '><span class='hr-inner '><span class=\"hr-inner-style\"><\/span><\/span><\/div>\n<div id='av-masonry-1' class='av-masonry av-k5qf5jbz-5ff65c74cb3239fb08c15f265eb24290 noHover av-fixed-size av-large-gap av-hover-overlay- av-masonry-animation-active av-masonry-col-4 av-caption-always av-caption-style- av-masonry-gallery ' data-post_id=\"2372\"><div class=\"av-masonry-container isotope av-js-disabled\"><div class='av-masonry-entry isotope-item av-masonry-item-no-image '><\/div><a href=\"https:\/\/vibrotech-eng.com\/wp-content\/uploads\/2021\/02\/mesa-de-desmoldeo-1030x773.jpg\" data-srcset=\"https:\/\/vibrotech-eng.com\/wp-content\/uploads\/2021\/02\/mesa-de-desmoldeo-1030x773.jpg 1030w, https:\/\/vibrotech-eng.com\/wp-content\/uploads\/2021\/02\/mesa-de-desmoldeo-300x225.jpg 300w, https:\/\/vibrotech-eng.com\/wp-content\/uploads\/2021\/02\/mesa-de-desmoldeo-768x576.jpg 768w, https:\/\/vibrotech-eng.com\/wp-content\/uploads\/2021\/02\/mesa-de-desmoldeo-1536x1152.jpg 1536w, https:\/\/vibrotech-eng.com\/wp-content\/uploads\/2021\/02\/mesa-de-desmoldeo-2048x1536.jpg 2048w, https:\/\/vibrotech-eng.com\/wp-content\/uploads\/2021\/02\/mesa-de-desmoldeo-1500x1125.jpg 1500w, https:\/\/vibrotech-eng.com\/wp-content\/uploads\/2021\/02\/mesa-de-desmoldeo-705x529.jpg 705w\" data-sizes=\"(max-width: 1030px) 100vw, 1030px\"  aria-label=\"image mesa de desmoldeo\"  id='av-masonry-1-item-4976' data-av-masonry-item='4976' class='av-masonry-entry isotope-item post-4976 attachment type-attachment status-inherit hentry  av-masonry-item-with-image' title=\"mesa de desmoldeo\" alt=\"\"    itemprop=\"thumbnailUrl\" ><div class='av-inner-masonry-sizer'><\/div><figure class='av-inner-masonry main_color'><div class=\"av-masonry-outerimage-container\"><div class='av-masonry-image-container' style=\"background-image: url(https:\/\/vibrotech-eng.com\/wp-content\/uploads\/2021\/02\/mesa-de-desmoldeo-705x529.jpg);\"  title=\"mesa de desmoldeo\"  ><\/div><\/div><\/figure><\/a><!--end av-masonry entry--><a href=\"https:\/\/vibrotech-eng.com\/wp-content\/uploads\/2020\/01\/e054e87e-e7a3-49c6-9350-8f8a9f01136a-1-1030x773.jpg\" data-srcset=\"https:\/\/vibrotech-eng.com\/wp-content\/uploads\/2020\/01\/e054e87e-e7a3-49c6-9350-8f8a9f01136a-1-1030x773.jpg 1030w, https:\/\/vibrotech-eng.com\/wp-content\/uploads\/2020\/01\/e054e87e-e7a3-49c6-9350-8f8a9f01136a-1-300x225.jpg 300w, https:\/\/vibrotech-eng.com\/wp-content\/uploads\/2020\/01\/e054e87e-e7a3-49c6-9350-8f8a9f01136a-1-768x576.jpg 768w, https:\/\/vibrotech-eng.com\/wp-content\/uploads\/2020\/01\/e054e87e-e7a3-49c6-9350-8f8a9f01136a-1-1500x1125.jpg 1500w, https:\/\/vibrotech-eng.com\/wp-content\/uploads\/2020\/01\/e054e87e-e7a3-49c6-9350-8f8a9f01136a-1-705x529.jpg 705w, https:\/\/vibrotech-eng.com\/wp-content\/uploads\/2020\/01\/e054e87e-e7a3-49c6-9350-8f8a9f01136a-1.jpg 2016w\" data-sizes=\"(max-width: 1030px) 100vw, 1030px\"  aria-label=\"image e054e87e-e7a3-49c6-9350-8f8a9f01136a\"  id='av-masonry-1-item-4178' data-av-masonry-item='4178' class='av-masonry-entry isotope-item post-4178 attachment type-attachment status-inherit hentry  av-masonry-item-with-image' title=\"e054e87e-e7a3-49c6-9350-8f8a9f01136a\" alt=\"\"    itemprop=\"thumbnailUrl\" ><div class='av-inner-masonry-sizer'><\/div><figure class='av-inner-masonry main_color'><div class=\"av-masonry-outerimage-container\"><div class='av-masonry-image-container' style=\"background-image: url(https:\/\/vibrotech-eng.com\/wp-content\/uploads\/2020\/01\/e054e87e-e7a3-49c6-9350-8f8a9f01136a-1-705x529.jpg);\"  title=\"e054e87e-e7a3-49c6-9350-8f8a9f01136a\"  ><\/div><\/div><\/figure><\/a><!--end av-masonry entry--><a href=\"https:\/\/vibrotech-eng.com\/wp-content\/uploads\/2025\/03\/IMG_20230830_085054-1030x773.jpg\" data-srcset=\"https:\/\/vibrotech-eng.com\/wp-content\/uploads\/2025\/03\/IMG_20230830_085054-1030x773.jpg 1030w, https:\/\/vibrotech-eng.com\/wp-content\/uploads\/2025\/03\/IMG_20230830_085054-300x225.jpg 300w, https:\/\/vibrotech-eng.com\/wp-content\/uploads\/2025\/03\/IMG_20230830_085054-768x576.jpg 768w, https:\/\/vibrotech-eng.com\/wp-content\/uploads\/2025\/03\/IMG_20230830_085054-1536x1152.jpg 1536w, https:\/\/vibrotech-eng.com\/wp-content\/uploads\/2025\/03\/IMG_20230830_085054-2048x1536.jpg 2048w, https:\/\/vibrotech-eng.com\/wp-content\/uploads\/2025\/03\/IMG_20230830_085054-1500x1125.jpg 1500w, https:\/\/vibrotech-eng.com\/wp-content\/uploads\/2025\/03\/IMG_20230830_085054-705x529.jpg 705w\" data-sizes=\"(max-width: 1030px) 100vw, 1030px\"  aria-label=\"image SHAKE OUT TABLES\"  id='av-masonry-1-item-10447' data-av-masonry-item='10447' class='av-masonry-entry isotope-item post-10447 attachment type-attachment status-inherit hentry  av-masonry-item-with-image' title=\"SHAKE OUT TABLES\" alt=\"\"    itemprop=\"thumbnailUrl\" ><div class='av-inner-masonry-sizer'><\/div><figure class='av-inner-masonry main_color'><div class=\"av-masonry-outerimage-container\"><div class='av-masonry-image-container' style=\"background-image: url(https:\/\/vibrotech-eng.com\/wp-content\/uploads\/2025\/03\/IMG_20230830_085054-705x529.jpg);\"  title=\"SHAKE OUT TABLES\"  ><\/div><\/div><\/figure><\/a><!--end av-masonry entry--><a href=\"https:\/\/vibrotech-eng.com\/wp-content\/uploads\/2021\/07\/MESA-DE-DESMOLDEO-min-1030x773.jpeg\" data-srcset=\"https:\/\/vibrotech-eng.com\/wp-content\/uploads\/2021\/07\/MESA-DE-DESMOLDEO-min-1030x773.jpeg 1030w, https:\/\/vibrotech-eng.com\/wp-content\/uploads\/2021\/07\/MESA-DE-DESMOLDEO-min-300x225.jpeg 300w, https:\/\/vibrotech-eng.com\/wp-content\/uploads\/2021\/07\/MESA-DE-DESMOLDEO-min-768x576.jpeg 768w, https:\/\/vibrotech-eng.com\/wp-content\/uploads\/2021\/07\/MESA-DE-DESMOLDEO-min-1536x1152.jpeg 1536w, https:\/\/vibrotech-eng.com\/wp-content\/uploads\/2021\/07\/MESA-DE-DESMOLDEO-min-2048x1536.jpeg 2048w, https:\/\/vibrotech-eng.com\/wp-content\/uploads\/2021\/07\/MESA-DE-DESMOLDEO-min-1500x1125.jpeg 1500w, https:\/\/vibrotech-eng.com\/wp-content\/uploads\/2021\/07\/MESA-DE-DESMOLDEO-min-705x529.jpeg 705w\" data-sizes=\"(max-width: 1030px) 100vw, 1030px\"  aria-label=\"image Shake out tables\"  id='av-masonry-1-item-7752' data-av-masonry-item='7752' class='av-masonry-entry isotope-item post-7752 attachment type-attachment status-inherit hentry  av-masonry-item-with-image' title=\"Shake out tables\" alt=\"\"    itemprop=\"thumbnailUrl\" ><div class='av-inner-masonry-sizer'><\/div><figure class='av-inner-masonry main_color'><div class=\"av-masonry-outerimage-container\"><div class='av-masonry-image-container' style=\"background-image: url(https:\/\/vibrotech-eng.com\/wp-content\/uploads\/2021\/07\/MESA-DE-DESMOLDEO-min-705x529.jpeg);\"  title=\"Shake out tables\"  ><\/div><\/div><\/figure><\/a><!--end av-masonry entry--><a href=\"https:\/\/vibrotech-eng.com\/wp-content\/uploads\/2017\/12\/Mesas-de-Desmoldeo-2.jpg\" data-srcset=\"https:\/\/vibrotech-eng.com\/wp-content\/uploads\/2017\/12\/Mesas-de-Desmoldeo-2.jpg 750w, https:\/\/vibrotech-eng.com\/wp-content\/uploads\/2017\/12\/Mesas-de-Desmoldeo-2-300x170.jpg 300w, https:\/\/vibrotech-eng.com\/wp-content\/uploads\/2017\/12\/Mesas-de-Desmoldeo-2-705x399.jpg 705w, https:\/\/vibrotech-eng.com\/wp-content\/uploads\/2017\/12\/Mesas-de-Desmoldeo-2-450x254.jpg 450w\" data-sizes=\"(max-width: 750px) 100vw, 750px\"  aria-label=\"image Mesas de Desmoldeo 2\"  id='av-masonry-1-item-1752' data-av-masonry-item='1752' class='av-masonry-entry isotope-item post-1752 attachment type-attachment status-inherit hentry  av-masonry-item-with-image' title=\"Mesas de Desmoldeo 2\" alt=\"\"    itemprop=\"thumbnailUrl\" ><div class='av-inner-masonry-sizer'><\/div><figure class='av-inner-masonry main_color'><div class=\"av-masonry-outerimage-container\"><div class='av-masonry-image-container' style=\"background-image: url(https:\/\/vibrotech-eng.com\/wp-content\/uploads\/2017\/12\/Mesas-de-Desmoldeo-2-705x399.jpg);\"  title=\"Mesas de Desmoldeo 2\"  ><\/div><\/div><\/figure><\/a><!--end av-masonry entry--><a href=\"https:\/\/vibrotech-eng.com\/wp-content\/uploads\/2024\/04\/IMG_6539-1030x773.jpeg\" data-srcset=\"https:\/\/vibrotech-eng.com\/wp-content\/uploads\/2024\/04\/IMG_6539-1030x773.jpeg 1030w, https:\/\/vibrotech-eng.com\/wp-content\/uploads\/2024\/04\/IMG_6539-300x225.jpeg 300w, https:\/\/vibrotech-eng.com\/wp-content\/uploads\/2024\/04\/IMG_6539-768x576.jpeg 768w, https:\/\/vibrotech-eng.com\/wp-content\/uploads\/2024\/04\/IMG_6539-1536x1152.jpeg 1536w, https:\/\/vibrotech-eng.com\/wp-content\/uploads\/2024\/04\/IMG_6539-1500x1125.jpeg 1500w, https:\/\/vibrotech-eng.com\/wp-content\/uploads\/2024\/04\/IMG_6539-705x529.jpeg 705w, https:\/\/vibrotech-eng.com\/wp-content\/uploads\/2024\/04\/IMG_6539.jpeg 2048w\" data-sizes=\"(max-width: 1030px) 100vw, 1030px\"  aria-label=\"image IMG_6539\"  id='av-masonry-1-item-10013' data-av-masonry-item='10013' class='av-masonry-entry isotope-item post-10013 attachment type-attachment status-inherit hentry  av-masonry-item-with-image' title=\"IMG_6539\" alt=\"\"    itemprop=\"thumbnailUrl\" ><div class='av-inner-masonry-sizer'><\/div><figure class='av-inner-masonry main_color'><div class=\"av-masonry-outerimage-container\"><div class='av-masonry-image-container' style=\"background-image: url(https:\/\/vibrotech-eng.com\/wp-content\/uploads\/2024\/04\/IMG_6539-705x529.jpeg);\"  title=\"IMG_6539\"  ><\/div><\/div><\/figure><\/a><!--end av-masonry entry--><a href=\"https:\/\/vibrotech-eng.com\/wp-content\/uploads\/2024\/05\/WhatsApp-Image-2024-05-21-at-09.45.11-5-1030x773.jpeg\" data-srcset=\"https:\/\/vibrotech-eng.com\/wp-content\/uploads\/2024\/05\/WhatsApp-Image-2024-05-21-at-09.45.11-5-1030x773.jpeg 1030w, https:\/\/vibrotech-eng.com\/wp-content\/uploads\/2024\/05\/WhatsApp-Image-2024-05-21-at-09.45.11-5-300x225.jpeg 300w, https:\/\/vibrotech-eng.com\/wp-content\/uploads\/2024\/05\/WhatsApp-Image-2024-05-21-at-09.45.11-5-768x576.jpeg 768w, https:\/\/vibrotech-eng.com\/wp-content\/uploads\/2024\/05\/WhatsApp-Image-2024-05-21-at-09.45.11-5-1536x1152.jpeg 1536w, https:\/\/vibrotech-eng.com\/wp-content\/uploads\/2024\/05\/WhatsApp-Image-2024-05-21-at-09.45.11-5-2048x1536.jpeg 2048w, https:\/\/vibrotech-eng.com\/wp-content\/uploads\/2024\/05\/WhatsApp-Image-2024-05-21-at-09.45.11-5-1500x1125.jpeg 1500w, https:\/\/vibrotech-eng.com\/wp-content\/uploads\/2024\/05\/WhatsApp-Image-2024-05-21-at-09.45.11-5-705x529.jpeg 705w\" data-sizes=\"(max-width: 1030px) 100vw, 1030px\"  aria-label=\"image WhatsApp Image 2024-05-21 at 09.45.11 (5)\"  id='av-masonry-1-item-10128' data-av-masonry-item='10128' class='av-masonry-entry isotope-item post-10128 attachment type-attachment status-inherit hentry  av-masonry-item-with-image' title=\"WhatsApp Image 2024-05-21 at 09.45.11 (5)\" alt=\"\"    itemprop=\"thumbnailUrl\" ><div class='av-inner-masonry-sizer'><\/div><figure class='av-inner-masonry main_color'><div class=\"av-masonry-outerimage-container\"><div class='av-masonry-image-container' style=\"background-image: url(https:\/\/vibrotech-eng.com\/wp-content\/uploads\/2024\/05\/WhatsApp-Image-2024-05-21-at-09.45.11-5-705x529.jpeg);\"  title=\"WhatsApp Image 2024-05-21 at 09.45.11 (5)\"  ><\/div><\/div><\/figure><\/a><!--end av-masonry entry--><a href=\"https:\/\/vibrotech-eng.com\/wp-content\/uploads\/2024\/05\/WhatsApp-Image-2024-05-21-at-09.45.11-1-1030x930.jpeg\" data-srcset=\"https:\/\/vibrotech-eng.com\/wp-content\/uploads\/2024\/05\/WhatsApp-Image-2024-05-21-at-09.45.11-1-1030x930.jpeg 1030w, https:\/\/vibrotech-eng.com\/wp-content\/uploads\/2024\/05\/WhatsApp-Image-2024-05-21-at-09.45.11-1-300x271.jpeg 300w, https:\/\/vibrotech-eng.com\/wp-content\/uploads\/2024\/05\/WhatsApp-Image-2024-05-21-at-09.45.11-1-768x693.jpeg 768w, https:\/\/vibrotech-eng.com\/wp-content\/uploads\/2024\/05\/WhatsApp-Image-2024-05-21-at-09.45.11-1-1536x1387.jpeg 1536w, https:\/\/vibrotech-eng.com\/wp-content\/uploads\/2024\/05\/WhatsApp-Image-2024-05-21-at-09.45.11-1-2048x1849.jpeg 2048w, https:\/\/vibrotech-eng.com\/wp-content\/uploads\/2024\/05\/WhatsApp-Image-2024-05-21-at-09.45.11-1-1500x1354.jpeg 1500w, https:\/\/vibrotech-eng.com\/wp-content\/uploads\/2024\/05\/WhatsApp-Image-2024-05-21-at-09.45.11-1-705x636.jpeg 705w\" data-sizes=\"(max-width: 1030px) 100vw, 1030px\"  aria-label=\"image WhatsApp Image 2024-05-21 at 09.45.11\"  id='av-masonry-1-item-10137' data-av-masonry-item='10137' class='av-masonry-entry isotope-item post-10137 attachment type-attachment status-inherit hentry  av-masonry-item-with-image' title=\"WhatsApp Image 2024-05-21 at 09.45.11\" alt=\"\"    itemprop=\"thumbnailUrl\" ><div class='av-inner-masonry-sizer'><\/div><figure class='av-inner-masonry main_color'><div class=\"av-masonry-outerimage-container\"><div class='av-masonry-image-container' style=\"background-image: url(https:\/\/vibrotech-eng.com\/wp-content\/uploads\/2024\/05\/WhatsApp-Image-2024-05-21-at-09.45.11-1-705x636.jpeg);\"  title=\"WhatsApp Image 2024-05-21 at 09.45.11\"  ><\/div><\/div><\/figure><\/a><!--end av-masonry entry--><a href=\"https:\/\/vibrotech-eng.com\/wp-content\/uploads\/2023\/07\/IMG_3774-1030x773.jpg\" data-srcset=\"https:\/\/vibrotech-eng.com\/wp-content\/uploads\/2023\/07\/IMG_3774-1030x773.jpg 1030w, https:\/\/vibrotech-eng.com\/wp-content\/uploads\/2023\/07\/IMG_3774-300x225.jpg 300w, https:\/\/vibrotech-eng.com\/wp-content\/uploads\/2023\/07\/IMG_3774-768x576.jpg 768w, https:\/\/vibrotech-eng.com\/wp-content\/uploads\/2023\/07\/IMG_3774-1536x1152.jpg 1536w, https:\/\/vibrotech-eng.com\/wp-content\/uploads\/2023\/07\/IMG_3774-2048x1536.jpg 2048w, https:\/\/vibrotech-eng.com\/wp-content\/uploads\/2023\/07\/IMG_3774-1500x1125.jpg 1500w, https:\/\/vibrotech-eng.com\/wp-content\/uploads\/2023\/07\/IMG_3774-705x529.jpg 705w\" data-sizes=\"(max-width: 1030px) 100vw, 1030px\"  aria-label=\"image IMG_3774\"  id='av-masonry-1-item-9723' data-av-masonry-item='9723' class='av-masonry-entry isotope-item post-9723 attachment type-attachment status-inherit hentry  av-masonry-item-with-image' title=\"IMG_3774\" alt=\"\"    itemprop=\"thumbnailUrl\" ><div class='av-inner-masonry-sizer'><\/div><figure class='av-inner-masonry main_color'><div class=\"av-masonry-outerimage-container\"><div class='av-masonry-image-container' style=\"background-image: url(https:\/\/vibrotech-eng.com\/wp-content\/uploads\/2023\/07\/IMG_3774-705x529.jpg);\"  title=\"IMG_3774\"  ><\/div><\/div><\/figure><\/a><!--end av-masonry entry--><\/div><\/div>\n<\/div><\/div><\/main><!-- close content main element --><\/div><\/div><div id='after_section_1'  class='main_color av_default_container_wrap container_wrap sidebar_right'  ><div class='container av-section-cont-open' ><div class='template-page content  av-content-small alpha units'><div class='post-entry post-entry-type-page post-entry-2372'><div class='entry-content-wrapper clearfix'>\n","protected":false},"excerpt":{"rendered":"","protected":false},"author":2,"featured_media":0,"parent":0,"menu_order":0,"comment_status":"closed","ping_status":"closed","template":"","meta":{"footnotes":""},"class_list":["post-2372","page","type-page","status-publish","hentry"],"yoast_head":"<!-- This site is optimized with the Yoast SEO Premium plugin v20.3 (Yoast SEO v27.4) - https:\/\/yoast.com\/product\/yoast-seo-premium-wordpress\/ -->\n<title>Shake out tables - Vibrotech Engineering S.L<\/title>\n<meta name=\"robots\" content=\"index, follow, max-snippet:-1, max-image-preview:large, max-video-preview:-1\" \/>\n<link rel=\"canonical\" href=\"https:\/\/vibrotech-eng.com\/en\/shake-out-tables\/\" \/>\n<meta property=\"og:locale\" content=\"en_US\" \/>\n<meta property=\"og:type\" content=\"article\" \/>\n<meta property=\"og:title\" content=\"Shake out tables\" \/>\n<meta property=\"og:url\" content=\"https:\/\/vibrotech-eng.com\/en\/shake-out-tables\/\" \/>\n<meta property=\"og:site_name\" content=\"Vibrotech Engineering S.L\" \/>\n<meta property=\"article:modified_time\" content=\"2025-03-05T11:54:02+00:00\" \/>\n<meta name=\"twitter:card\" content=\"summary_large_image\" \/>\n<meta name=\"twitter:label1\" content=\"Est. reading time\" \/>\n\t<meta name=\"twitter:data1\" content=\"1 minute\" \/>\n<script type=\"application\/ld+json\" class=\"yoast-schema-graph\">{\"@context\":\"https:\\\/\\\/schema.org\",\"@graph\":[{\"@type\":\"WebPage\",\"@id\":\"https:\\\/\\\/vibrotech-eng.com\\\/en\\\/shake-out-tables\\\/\",\"url\":\"https:\\\/\\\/vibrotech-eng.com\\\/en\\\/shake-out-tables\\\/\",\"name\":\"Shake out tables - Vibrotech Engineering S.L\",\"isPartOf\":{\"@id\":\"https:\\\/\\\/vibrotech-eng.com\\\/en\\\/#website\"},\"datePublished\":\"2017-09-25T10:19:33+00:00\",\"dateModified\":\"2025-03-05T11:54:02+00:00\",\"breadcrumb\":{\"@id\":\"https:\\\/\\\/vibrotech-eng.com\\\/en\\\/shake-out-tables\\\/#breadcrumb\"},\"inLanguage\":\"en-US\",\"potentialAction\":[{\"@type\":\"ReadAction\",\"target\":[\"https:\\\/\\\/vibrotech-eng.com\\\/en\\\/shake-out-tables\\\/\"]}]},{\"@type\":\"BreadcrumbList\",\"@id\":\"https:\\\/\\\/vibrotech-eng.com\\\/en\\\/shake-out-tables\\\/#breadcrumb\",\"itemListElement\":[{\"@type\":\"ListItem\",\"position\":1,\"name\":\"Home\",\"item\":\"https:\\\/\\\/vibrotech-eng.com\\\/en\\\/home\\\/\"},{\"@type\":\"ListItem\",\"position\":2,\"name\":\"Shake out tables\"}]},{\"@type\":\"WebSite\",\"@id\":\"https:\\\/\\\/vibrotech-eng.com\\\/en\\\/#website\",\"url\":\"https:\\\/\\\/vibrotech-eng.com\\\/en\\\/\",\"name\":\"Vibrotech Engineering S.L\",\"description\":\"Empresa espa\u00f1ola que desarrolla su actividad principal en el dise\u00f1o y fabricaci\u00f3n de maquinaria vibrante\",\"potentialAction\":[{\"@type\":\"SearchAction\",\"target\":{\"@type\":\"EntryPoint\",\"urlTemplate\":\"https:\\\/\\\/vibrotech-eng.com\\\/en\\\/?s={search_term_string}\"},\"query-input\":{\"@type\":\"PropertyValueSpecification\",\"valueRequired\":true,\"valueName\":\"search_term_string\"}}],\"inLanguage\":\"en-US\"}]}<\/script>\n<!-- \/ Yoast SEO Premium plugin. -->","yoast_head_json":{"title":"Shake out tables - Vibrotech Engineering S.L","robots":{"index":"index","follow":"follow","max-snippet":"max-snippet:-1","max-image-preview":"max-image-preview:large","max-video-preview":"max-video-preview:-1"},"canonical":"https:\/\/vibrotech-eng.com\/en\/shake-out-tables\/","og_locale":"en_US","og_type":"article","og_title":"Shake out tables","og_url":"https:\/\/vibrotech-eng.com\/en\/shake-out-tables\/","og_site_name":"Vibrotech Engineering S.L","article_modified_time":"2025-03-05T11:54:02+00:00","twitter_card":"summary_large_image","twitter_misc":{"Est. reading time":"1 minute"},"schema":{"@context":"https:\/\/schema.org","@graph":[{"@type":"WebPage","@id":"https:\/\/vibrotech-eng.com\/en\/shake-out-tables\/","url":"https:\/\/vibrotech-eng.com\/en\/shake-out-tables\/","name":"Shake out tables - Vibrotech Engineering S.L","isPartOf":{"@id":"https:\/\/vibrotech-eng.com\/en\/#website"},"datePublished":"2017-09-25T10:19:33+00:00","dateModified":"2025-03-05T11:54:02+00:00","breadcrumb":{"@id":"https:\/\/vibrotech-eng.com\/en\/shake-out-tables\/#breadcrumb"},"inLanguage":"en-US","potentialAction":[{"@type":"ReadAction","target":["https:\/\/vibrotech-eng.com\/en\/shake-out-tables\/"]}]},{"@type":"BreadcrumbList","@id":"https:\/\/vibrotech-eng.com\/en\/shake-out-tables\/#breadcrumb","itemListElement":[{"@type":"ListItem","position":1,"name":"Home","item":"https:\/\/vibrotech-eng.com\/en\/home\/"},{"@type":"ListItem","position":2,"name":"Shake out tables"}]},{"@type":"WebSite","@id":"https:\/\/vibrotech-eng.com\/en\/#website","url":"https:\/\/vibrotech-eng.com\/en\/","name":"Vibrotech Engineering S.L","description":"Empresa espa\u00f1ola que desarrolla su actividad principal en el dise\u00f1o y fabricaci\u00f3n de maquinaria vibrante","potentialAction":[{"@type":"SearchAction","target":{"@type":"EntryPoint","urlTemplate":"https:\/\/vibrotech-eng.com\/en\/?s={search_term_string}"},"query-input":{"@type":"PropertyValueSpecification","valueRequired":true,"valueName":"search_term_string"}}],"inLanguage":"en-US"}]}},"_links":{"self":[{"href":"https:\/\/vibrotech-eng.com\/en\/wp-json\/wp\/v2\/pages\/2372","targetHints":{"allow":["GET"]}}],"collection":[{"href":"https:\/\/vibrotech-eng.com\/en\/wp-json\/wp\/v2\/pages"}],"about":[{"href":"https:\/\/vibrotech-eng.com\/en\/wp-json\/wp\/v2\/types\/page"}],"author":[{"embeddable":true,"href":"https:\/\/vibrotech-eng.com\/en\/wp-json\/wp\/v2\/users\/2"}],"replies":[{"embeddable":true,"href":"https:\/\/vibrotech-eng.com\/en\/wp-json\/wp\/v2\/comments?post=2372"}],"version-history":[{"count":2,"href":"https:\/\/vibrotech-eng.com\/en\/wp-json\/wp\/v2\/pages\/2372\/revisions"}],"predecessor-version":[{"id":10451,"href":"https:\/\/vibrotech-eng.com\/en\/wp-json\/wp\/v2\/pages\/2372\/revisions\/10451"}],"wp:attachment":[{"href":"https:\/\/vibrotech-eng.com\/en\/wp-json\/wp\/v2\/media?parent=2372"}],"curies":[{"name":"wp","href":"https:\/\/api.w.org\/{rel}","templated":true}]}}