{"id":2331,"date":"2017-09-25T12:21:06","date_gmt":"2017-09-25T10:21:06","guid":{"rendered":"http:\/\/vibrotech-eng.com.mialias.net\/golpeadores-para-tolvas-de-arena\/"},"modified":"2018-03-26T13:06:18","modified_gmt":"2018-03-26T11:06:18","slug":"knockers-for-green-sand-hoppers","status":"publish","type":"page","link":"https:\/\/vibrotech-eng.com\/en\/knockers-for-green-sand-hoppers\/","title":{"rendered":"Knockers for green sand hoppers"},"content":{"rendered":"<div id='av_section_1'  class='avia-section av-av_section-2f8a4d5d3ebd9c637093dc8e14b646e9 main_color avia-section-default avia-no-border-styling  avia-builder-el-0  avia-builder-el-no-sibling  avia-bg-style-scroll container_wrap sidebar_right'  ><div class='container av-section-cont-open' ><main  role=\"main\" itemprop=\"mainContentOfPage\"  class='template-page content  av-content-small alpha units'><div class='post-entry post-entry-type-page post-entry-2331'><div class='entry-content-wrapper clearfix'>\n<section  class='av_textblock_section av-av_textblock-2bd894dbf2e4bf2c4acf98ce4fbf94aa '   itemscope=\"itemscope\" itemtype=\"https:\/\/schema.org\/CreativeWork\" ><div class='avia_textblock'  itemprop=\"text\" ><h1 style=\"text-align: center;\">Knockers for green sand hoppers<\/h1>\n<\/div><\/section>\n\n<style type=\"text\/css\" data-created_by=\"avia_inline_auto\" id=\"style-css-av-av_hr-0645478af54715b75905f78d46849be0\">\n#top .hr.hr-invisible.av-av_hr-0645478af54715b75905f78d46849be0{\nheight:50px;\n}\n<\/style>\n<div  class='hr av-av_hr-0645478af54715b75905f78d46849be0 hr-invisible  avia-builder-el-2  el_after_av_textblock  el_before_av_one_fourth '><span class='hr-inner '><span class=\"hr-inner-style\"><\/span><\/span><\/div>\n<div class='flex_column_table av-av_one_fourth-98d7e62f3a99401b22a870a5644bedbe sc-av_one_fourth av-equal-height-column-flextable'>\n<style type=\"text\/css\" data-created_by=\"avia_inline_auto\" id=\"style-css-av-av_one_fourth-98d7e62f3a99401b22a870a5644bedbe\">\n.flex_column.av-av_one_fourth-98d7e62f3a99401b22a870a5644bedbe{\nborder-radius:0px 0px 0px 0px;\npadding:0px 0px 0px 0px;\n}\n<\/style>\n<div  class='flex_column av-av_one_fourth-98d7e62f3a99401b22a870a5644bedbe av_one_fourth  avia-builder-el-3  el_after_av_hr  el_before_av_one_fourth  first flex_column_table_cell av-equal-height-column av-align-middle av-zero-column-padding  '     ><\/div><div class='av-flex-placeholder'><\/div>\n<style type=\"text\/css\" data-created_by=\"avia_inline_auto\" id=\"style-css-av-av_one_fourth-54328532fcdbb11aed82b3116af86d5c\">\n.flex_column.av-av_one_fourth-54328532fcdbb11aed82b3116af86d5c{\nborder-radius:0px 0px 0px 0px;\npadding:0px 0px 0px 0px;\n}\n<\/style>\n<div  class='flex_column av-av_one_fourth-54328532fcdbb11aed82b3116af86d5c av_one_fourth  avia-builder-el-4  el_after_av_one_fourth  el_before_av_one_half  flex_column_table_cell av-equal-height-column av-align-middle av-zero-column-padding  '     ><style type=\"text\/css\" data-created_by=\"avia_inline_auto\" id=\"style-css-av-av_image-1d633ccf687653d2dbd2169948c4b551\">\n.avia-image-container.av-av_image-1d633ccf687653d2dbd2169948c4b551 img.avia_image{\nbox-shadow:none;\n}\n.avia-image-container.av-av_image-1d633ccf687653d2dbd2169948c4b551 .av-image-caption-overlay-center{\ncolor:#ffffff;\n}\n<\/style>\n<div  class='avia-image-container av-av_image-1d633ccf687653d2dbd2169948c4b551 av-styling- avia-align-center  avia-builder-el-5  avia-builder-el-no-sibling '   itemprop=\"image\" itemscope=\"itemscope\" itemtype=\"https:\/\/schema.org\/ImageObject\" ><div class=\"avia-image-container-inner\"><div class=\"avia-image-overlay-wrap\"><a href=\"https:\/\/vibrotech-eng.com\/wp-content\/uploads\/2017\/12\/Vibradores-Neum\u00e1ticos.jpg\" data-srcset=\"https:\/\/vibrotech-eng.com\/wp-content\/uploads\/2017\/12\/Vibradores-Neum\u00e1ticos.jpg 750w, https:\/\/vibrotech-eng.com\/wp-content\/uploads\/2017\/12\/Vibradores-Neum\u00e1ticos-300x214.jpg 300w, https:\/\/vibrotech-eng.com\/wp-content\/uploads\/2017\/12\/Vibradores-Neum\u00e1ticos-260x185.jpg 260w, https:\/\/vibrotech-eng.com\/wp-content\/uploads\/2017\/12\/Vibradores-Neum\u00e1ticos-705x504.jpg 705w, https:\/\/vibrotech-eng.com\/wp-content\/uploads\/2017\/12\/Vibradores-Neum\u00e1ticos-450x322.jpg 450w\" data-sizes=\"(max-width: 750px) 100vw, 750px\" class='avia_image'  aria-label='Vibradores Neum\u00e1ticos'><img decoding=\"async\" fetchpriority=\"high\" class='wp-image-1538 avia-img-lazy-loading-not-1538 avia_image ' src=\"https:\/\/vibrotech-eng.com\/wp-content\/uploads\/2017\/12\/Vibradores-Neum\u00e1ticos.jpg\" alt='' title='Vibradores Neum\u00e1ticos'  height=\"536\" width=\"750\"  itemprop=\"thumbnailUrl\" srcset=\"https:\/\/vibrotech-eng.com\/wp-content\/uploads\/2017\/12\/Vibradores-Neum\u00e1ticos.jpg 750w, https:\/\/vibrotech-eng.com\/wp-content\/uploads\/2017\/12\/Vibradores-Neum\u00e1ticos-300x214.jpg 300w, https:\/\/vibrotech-eng.com\/wp-content\/uploads\/2017\/12\/Vibradores-Neum\u00e1ticos-260x185.jpg 260w, https:\/\/vibrotech-eng.com\/wp-content\/uploads\/2017\/12\/Vibradores-Neum\u00e1ticos-705x504.jpg 705w, https:\/\/vibrotech-eng.com\/wp-content\/uploads\/2017\/12\/Vibradores-Neum\u00e1ticos-450x322.jpg 450w\" sizes=\"(max-width: 750px) 100vw, 750px\" \/><\/a><\/div><\/div><\/div><\/div><div class='av-flex-placeholder'><\/div>\n<style type=\"text\/css\" data-created_by=\"avia_inline_auto\" id=\"style-css-av-av_one_half-c8fc129dc35fd1ae2a1e410224d39ea8\">\n.flex_column.av-av_one_half-c8fc129dc35fd1ae2a1e410224d39ea8{\nborder-radius:0px 0px 0px 0px;\npadding:0px 0px 0px 0px;\n}\n<\/style>\n<div  class='flex_column av-av_one_half-c8fc129dc35fd1ae2a1e410224d39ea8 av_one_half  avia-builder-el-6  el_after_av_one_fourth  el_before_av_one_fourth  flex_column_table_cell av-equal-height-column av-align-middle av-zero-column-padding  '     ><section  class='av_textblock_section av-av_textblock-2bd894dbf2e4bf2c4acf98ce4fbf94aa '   itemscope=\"itemscope\" itemtype=\"https:\/\/schema.org\/CreativeWork\" ><div class='avia_textblock'  itemprop=\"text\" ><p style=\"max-width: 300px;\"><strong>Vibrotech Engineering, S.L<\/strong> commercializes in Spain the Cleveland Vibrators products, having the widest range of pneumatic vibrators of the market . They are used for several industrial applications.<\/p>\n<\/div><\/section><\/div><\/div><!--close column table wrapper. Autoclose: 1 -->\n<style type=\"text\/css\" data-created_by=\"avia_inline_auto\" id=\"style-css-av-av_one_fourth-15d750bd1b332b34c6e70b077ebbccdf\">\n.flex_column.av-av_one_fourth-15d750bd1b332b34c6e70b077ebbccdf{\nborder-radius:0px 0px 0px 0px;\npadding:0px 0px 0px 0px;\n}\n<\/style>\n<div  class='flex_column av-av_one_fourth-15d750bd1b332b34c6e70b077ebbccdf av_one_fourth  avia-builder-el-8  el_after_av_one_half  el_before_av_one_fourth  first flex_column_div av-zero-column-padding  column-top-margin'     ><\/div>\n<style type=\"text\/css\" data-created_by=\"avia_inline_auto\" id=\"style-css-av-av_one_fourth-888184d12d506f04df6ed81dbaaced1e\">\n.flex_column.av-av_one_fourth-888184d12d506f04df6ed81dbaaced1e{\nborder-width:1px;\nborder-color:#b2b2b2;\nborder-style:solid;\nborder-radius:0px 0px 0px 0px;\npadding:0px 20px 0px 0px;\n}\n<\/style>\n<div  class='flex_column av-av_one_fourth-888184d12d506f04df6ed81dbaaced1e av_one_fourth  avia-builder-el-9  el_after_av_one_fourth  el_before_av_one_half  neumaticos flex_column_div  column-top-margin'     ><section  class='av_textblock_section av-av_textblock-2bd894dbf2e4bf2c4acf98ce4fbf94aa '   itemscope=\"itemscope\" itemtype=\"https:\/\/schema.org\/CreativeWork\" ><div class='avia_textblock'  itemprop=\"text\" ><p style=\"text-align: right;\">We present here some of the pneumatic vibrators:<\/p>\n<\/div><\/section><\/div>\n<style type=\"text\/css\" data-created_by=\"avia_inline_auto\" id=\"style-css-av-av_one_half-c8fc129dc35fd1ae2a1e410224d39ea8\">\n.flex_column.av-av_one_half-c8fc129dc35fd1ae2a1e410224d39ea8{\nborder-radius:0px 0px 0px 0px;\npadding:0px 0px 0px 0px;\n}\n<\/style>\n<div  class='flex_column av-av_one_half-c8fc129dc35fd1ae2a1e410224d39ea8 av_one_half  avia-builder-el-11  el_after_av_one_fourth  avia-builder-el-last  flex_column_div av-zero-column-padding  column-top-margin'     ><section  class='av_textblock_section av-av_textblock-2bd894dbf2e4bf2c4acf98ce4fbf94aa '   itemscope=\"itemscope\" itemtype=\"https:\/\/schema.org\/CreativeWork\" ><div class='avia_textblock'  itemprop=\"text\" ><p><a href=\"https:\/\/vibrotech-eng.com\/wp-content\/uploads\/2017\/12\/Sacudidor-percutor-serie-SI..pdf\">Pneumatic knocker model SI<\/a>\n<style type=\"text\/css\" data-created_by=\"avia_inline_auto\" id=\"style-css-av-av_font_icon-8d90a808cfea57d9fcc7eb9812840f3e\">\n.av_font_icon.av-av_font_icon-8d90a808cfea57d9fcc7eb9812840f3e .av-icon-char{\nfont-size:20px;\nline-height:20px;\n}\n<\/style>\n<span  class='av_font_icon av-av_font_icon-8d90a808cfea57d9fcc7eb9812840f3e avia_animate_when_visible av-icon-style- avia-icon-pos-left av-no-color avia-icon-animate'><a href='https:\/\/vibrotech-eng.com\/wp-content\/uploads\/2017\/12\/Sacudidor-percutor-serie-SI..pdf' target=\"_blank\" rel=\"noopener noreferrer\" class='av-icon-char' aria-hidden='true' data-av_icon='\uf1c1' data-av_iconfont='fontello'><\/a><\/span><\/p>\n<p><a href=\"https:\/\/vibrotech-eng.com\/wp-content\/uploads\/2017\/12\/Lineales-serie-MVSI.pdf\">Lineal vibrators model MVSI.<\/a>\n<style type=\"text\/css\" data-created_by=\"avia_inline_auto\" id=\"style-css-av-av_font_icon-36beaf1661ad94c89adff202c146e216\">\n.av_font_icon.av-av_font_icon-36beaf1661ad94c89adff202c146e216 .av-icon-char{\nfont-size:20px;\nline-height:20px;\n}\n<\/style>\n<span  class='av_font_icon av-av_font_icon-36beaf1661ad94c89adff202c146e216 avia_animate_when_visible av-icon-style- avia-icon-pos-left av-no-color avia-icon-animate'><a href='https:\/\/vibrotech-eng.com\/wp-content\/uploads\/2017\/12\/Lineales-serie-MVSI.pdf' target=\"_blank\" rel=\"noopener noreferrer\" class='av-icon-char' aria-hidden='true' data-av_icon='\uf1c1' data-av_iconfont='fontello'><\/a><\/span><\/p>\n<p><a href=\"https:\/\/vibrotech-eng.com\/wp-content\/uploads\/2017\/12\/De-turbina-serie-CVT.pdf\">Turbine vibrators model CVT. <\/a> \n<style type=\"text\/css\" data-created_by=\"avia_inline_auto\" id=\"style-css-av-av_font_icon-e9c6a9da52dd97e8630367d4271c7848\">\n.av_font_icon.av-av_font_icon-e9c6a9da52dd97e8630367d4271c7848 .av-icon-char{\nfont-size:20px;\nline-height:20px;\n}\n<\/style>\n<span  class='av_font_icon av-av_font_icon-e9c6a9da52dd97e8630367d4271c7848 avia_animate_when_visible av-icon-style- avia-icon-pos-left av-no-color avia-icon-animate'><a href='https:\/\/vibrotech-eng.com\/wp-content\/uploads\/2017\/12\/De-turbina-serie-CVT.pdf' target=\"_blank\" rel=\"noopener noreferrer\" class='av-icon-char' aria-hidden='true' data-av_icon='\uf1c1' data-av_iconfont='fontello'><\/a><\/span><\/p>\n<p><a href=\"https:\/\/vibrotech-eng.com\/wp-content\/uploads\/2017\/12\/De-bola-serie-VB.pdf\">Ball vibrators model VB.<\/a>\n<style type=\"text\/css\" data-created_by=\"avia_inline_auto\" id=\"style-css-av-av_font_icon-7d7fc47a07bcc01fd7cd9ce9a746bf38\">\n.av_font_icon.av-av_font_icon-7d7fc47a07bcc01fd7cd9ce9a746bf38 .av-icon-char{\nfont-size:20px;\nline-height:20px;\n}\n<\/style>\n<span  class='av_font_icon av-av_font_icon-7d7fc47a07bcc01fd7cd9ce9a746bf38 avia_animate_when_visible av-icon-style- avia-icon-pos-left av-no-color avia-icon-animate'><a href='https:\/\/vibrotech-eng.com\/wp-content\/uploads\/2017\/12\/De-bola-serie-VB.pdf' target=\"_blank\" rel=\"noopener noreferrer\" class='av-icon-char' aria-hidden='true' data-av_icon='\uf1c1' data-av_iconfont='fontello'><\/a><\/span><\/p>\n<p><a href=\"https:\/\/vibrotech-eng.com\/wp-content\/uploads\/2017\/12\/Vibradores-miniatura-de-turbina-serie-CVTP..pdf\">Miniature turbine vibrators model CVTP. <\/a>\n<style type=\"text\/css\" data-created_by=\"avia_inline_auto\" id=\"style-css-av-av_font_icon-2c46aa44d10b07d41ba0633882bd2772\">\n.av_font_icon.av-av_font_icon-2c46aa44d10b07d41ba0633882bd2772 .av-icon-char{\nfont-size:20px;\nline-height:20px;\n}\n<\/style>\n<span  class='av_font_icon av-av_font_icon-2c46aa44d10b07d41ba0633882bd2772 avia_animate_when_visible av-icon-style- avia-icon-pos-left av-no-color avia-icon-animate'><a href='https:\/\/vibrotech-eng.com\/wp-content\/uploads\/2017\/12\/Vibradores-miniatura-de-turbina-serie-CVTP..pdf' target=\"_blank\" rel=\"noopener noreferrer\" class='av-icon-char' aria-hidden='true' data-av_icon='\uf1c1' data-av_iconfont='fontello'><\/a><\/span><\/p>\n<p><a href=\"https:\/\/vibrotech-eng.com\/wp-content\/uploads\/2017\/12\/Vibradores-miniatura-de-pist\u00f3n-serie-VM.pdf\">Miniature piston vibrators model VM.<\/a>\n<style type=\"text\/css\" data-created_by=\"avia_inline_auto\" id=\"style-css-av-av_font_icon-0919184338777b5dec4603190bf6c9b3\">\n.av_font_icon.av-av_font_icon-0919184338777b5dec4603190bf6c9b3 .av-icon-char{\nfont-size:20px;\nline-height:20px;\n}\n<\/style>\n<span  class='av_font_icon av-av_font_icon-0919184338777b5dec4603190bf6c9b3 avia_animate_when_visible av-icon-style- avia-icon-pos-left av-no-color avia-icon-animate'><a href='https:\/\/vibrotech-eng.com\/wp-content\/uploads\/2017\/12\/Vibradores-miniatura-de-pist\u00f3n-serie-VM.pdf' target=\"_blank\" rel=\"noopener noreferrer\" class='av-icon-char' aria-hidden='true' data-av_icon='\uf1c1' data-av_iconfont='fontello'><\/a><\/span><\/p>\n<p>Vibradores de alta frecuencia<\/p>\n<\/div><\/section><\/div><\/div><\/div><\/main><!-- close content main element --><\/div><\/div><div id='after_section_1'  class='main_color av_default_container_wrap container_wrap sidebar_right'  ><div class='container av-section-cont-open' ><div class='template-page content  av-content-small alpha units'><div class='post-entry post-entry-type-page post-entry-2331'><div class='entry-content-wrapper clearfix'>\n","protected":false},"excerpt":{"rendered":"","protected":false},"author":2,"featured_media":0,"parent":0,"menu_order":0,"comment_status":"closed","ping_status":"closed","template":"","meta":{"footnotes":""},"class_list":["post-2331","page","type-page","status-publish","hentry"],"yoast_head":"<!-- This site is optimized with the Yoast SEO Premium plugin v20.3 (Yoast SEO v27.5) - https:\/\/yoast.com\/product\/yoast-seo-premium-wordpress\/ -->\n<title>Knockers for green sand hoppers - Vibrotech Engineering S.L<\/title>\n<meta name=\"robots\" content=\"noindex, follow\" \/>\n<meta property=\"og:locale\" content=\"en_US\" \/>\n<meta property=\"og:type\" content=\"article\" \/>\n<meta property=\"og:title\" content=\"Knockers for green sand hoppers\" \/>\n<meta property=\"og:url\" content=\"https:\/\/vibrotech-eng.com\/en\/knockers-for-green-sand-hoppers\/\" \/>\n<meta property=\"og:site_name\" content=\"Vibrotech Engineering S.L\" \/>\n<meta property=\"article:modified_time\" content=\"2018-03-26T11:06:18+00:00\" \/>\n<meta name=\"twitter:card\" content=\"summary_large_image\" \/>\n<meta name=\"twitter:label1\" content=\"Est. reading time\" \/>\n\t<meta name=\"twitter:data1\" content=\"5 minutes\" \/>\n<script type=\"application\/ld+json\" class=\"yoast-schema-graph\">{\"@context\":\"https:\\\/\\\/schema.org\",\"@graph\":[{\"@type\":\"WebPage\",\"@id\":\"https:\\\/\\\/vibrotech-eng.com\\\/en\\\/knockers-for-green-sand-hoppers\\\/\",\"url\":\"https:\\\/\\\/vibrotech-eng.com\\\/en\\\/knockers-for-green-sand-hoppers\\\/\",\"name\":\"Knockers for green sand hoppers - Vibrotech Engineering S.L\",\"isPartOf\":{\"@id\":\"https:\\\/\\\/vibrotech-eng.com\\\/en\\\/#website\"},\"datePublished\":\"2017-09-25T10:21:06+00:00\",\"dateModified\":\"2018-03-26T11:06:18+00:00\",\"breadcrumb\":{\"@id\":\"https:\\\/\\\/vibrotech-eng.com\\\/en\\\/knockers-for-green-sand-hoppers\\\/#breadcrumb\"},\"inLanguage\":\"en-US\",\"potentialAction\":[{\"@type\":\"ReadAction\",\"target\":[\"https:\\\/\\\/vibrotech-eng.com\\\/en\\\/knockers-for-green-sand-hoppers\\\/\"]}]},{\"@type\":\"BreadcrumbList\",\"@id\":\"https:\\\/\\\/vibrotech-eng.com\\\/en\\\/knockers-for-green-sand-hoppers\\\/#breadcrumb\",\"itemListElement\":[{\"@type\":\"ListItem\",\"position\":1,\"name\":\"Home\",\"item\":\"https:\\\/\\\/vibrotech-eng.com\\\/en\\\/home\\\/\"},{\"@type\":\"ListItem\",\"position\":2,\"name\":\"Knockers for green sand hoppers\"}]},{\"@type\":\"WebSite\",\"@id\":\"https:\\\/\\\/vibrotech-eng.com\\\/en\\\/#website\",\"url\":\"https:\\\/\\\/vibrotech-eng.com\\\/en\\\/\",\"name\":\"Vibrotech Engineering S.L\",\"description\":\"Empresa espa\u00f1ola que desarrolla su actividad principal en el dise\u00f1o y fabricaci\u00f3n de maquinaria vibrante\",\"potentialAction\":[{\"@type\":\"SearchAction\",\"target\":{\"@type\":\"EntryPoint\",\"urlTemplate\":\"https:\\\/\\\/vibrotech-eng.com\\\/en\\\/?s={search_term_string}\"},\"query-input\":{\"@type\":\"PropertyValueSpecification\",\"valueRequired\":true,\"valueName\":\"search_term_string\"}}],\"inLanguage\":\"en-US\"}]}<\/script>\n<!-- \/ Yoast SEO Premium plugin. -->","yoast_head_json":{"title":"Knockers for green sand hoppers - Vibrotech Engineering S.L","robots":{"index":"noindex","follow":"follow"},"og_locale":"en_US","og_type":"article","og_title":"Knockers for green sand hoppers","og_url":"https:\/\/vibrotech-eng.com\/en\/knockers-for-green-sand-hoppers\/","og_site_name":"Vibrotech Engineering S.L","article_modified_time":"2018-03-26T11:06:18+00:00","twitter_card":"summary_large_image","twitter_misc":{"Est. reading time":"5 minutes"},"schema":{"@context":"https:\/\/schema.org","@graph":[{"@type":"WebPage","@id":"https:\/\/vibrotech-eng.com\/en\/knockers-for-green-sand-hoppers\/","url":"https:\/\/vibrotech-eng.com\/en\/knockers-for-green-sand-hoppers\/","name":"Knockers for green sand hoppers - Vibrotech Engineering S.L","isPartOf":{"@id":"https:\/\/vibrotech-eng.com\/en\/#website"},"datePublished":"2017-09-25T10:21:06+00:00","dateModified":"2018-03-26T11:06:18+00:00","breadcrumb":{"@id":"https:\/\/vibrotech-eng.com\/en\/knockers-for-green-sand-hoppers\/#breadcrumb"},"inLanguage":"en-US","potentialAction":[{"@type":"ReadAction","target":["https:\/\/vibrotech-eng.com\/en\/knockers-for-green-sand-hoppers\/"]}]},{"@type":"BreadcrumbList","@id":"https:\/\/vibrotech-eng.com\/en\/knockers-for-green-sand-hoppers\/#breadcrumb","itemListElement":[{"@type":"ListItem","position":1,"name":"Home","item":"https:\/\/vibrotech-eng.com\/en\/home\/"},{"@type":"ListItem","position":2,"name":"Knockers for green sand hoppers"}]},{"@type":"WebSite","@id":"https:\/\/vibrotech-eng.com\/en\/#website","url":"https:\/\/vibrotech-eng.com\/en\/","name":"Vibrotech Engineering S.L","description":"Empresa espa\u00f1ola que desarrolla su actividad principal en el dise\u00f1o y fabricaci\u00f3n de maquinaria vibrante","potentialAction":[{"@type":"SearchAction","target":{"@type":"EntryPoint","urlTemplate":"https:\/\/vibrotech-eng.com\/en\/?s={search_term_string}"},"query-input":{"@type":"PropertyValueSpecification","valueRequired":true,"valueName":"search_term_string"}}],"inLanguage":"en-US"}]}},"_links":{"self":[{"href":"https:\/\/vibrotech-eng.com\/en\/wp-json\/wp\/v2\/pages\/2331","targetHints":{"allow":["GET"]}}],"collection":[{"href":"https:\/\/vibrotech-eng.com\/en\/wp-json\/wp\/v2\/pages"}],"about":[{"href":"https:\/\/vibrotech-eng.com\/en\/wp-json\/wp\/v2\/types\/page"}],"author":[{"embeddable":true,"href":"https:\/\/vibrotech-eng.com\/en\/wp-json\/wp\/v2\/users\/2"}],"replies":[{"embeddable":true,"href":"https:\/\/vibrotech-eng.com\/en\/wp-json\/wp\/v2\/comments?post=2331"}],"version-history":[{"count":0,"href":"https:\/\/vibrotech-eng.com\/en\/wp-json\/wp\/v2\/pages\/2331\/revisions"}],"wp:attachment":[{"href":"https:\/\/vibrotech-eng.com\/en\/wp-json\/wp\/v2\/media?parent=2331"}],"curies":[{"name":"wp","href":"https:\/\/api.w.org\/{rel}","templated":true}]}}