{"id":2325,"date":"2017-09-25T12:20:40","date_gmt":"2017-09-25T10:20:40","guid":{"rendered":"http:\/\/vibrotech-eng.com.mialias.net\/enfriadores-de-arena-de-lecho-fluido\/"},"modified":"2022-07-26T16:15:14","modified_gmt":"2022-07-26T14:15:14","slug":"enfriadores-de-arena-de-lecho-fluido","status":"publish","type":"page","link":"https:\/\/vibrotech-eng.com\/en\/enfriadores-de-arena-de-lecho-fluido\/","title":{"rendered":"Green sand cooler"},"content":{"rendered":"<div id='av_section_1'  class='avia-section av-p0sgmt-52c22d150f777d19dd64b53291758d36 main_color avia-section-default avia-no-border-styling  avia-builder-el-0  avia-builder-el-no-sibling  avia-bg-style-scroll container_wrap sidebar_right'  ><div class='container av-section-cont-open' ><main  role=\"main\" itemprop=\"mainContentOfPage\"  class='template-page content  av-content-small alpha units'><div class='post-entry post-entry-type-page post-entry-2325'><div class='entry-content-wrapper clearfix'>\n<section  class='av_textblock_section av-2c765x-84f13b0a14d6f76ed5bbb5c9b24134be '   itemscope=\"itemscope\" itemtype=\"https:\/\/schema.org\/CreativeWork\" ><div class='avia_textblock'  itemprop=\"text\" ><h1 style=\"text-align: center;\">Green sand cooler<\/h1>\n<\/div><\/section>\n\n<style type=\"text\/css\" data-created_by=\"avia_inline_auto\" id=\"style-css-av-lpvc9h-e272f2bc3a0a353f4addd2c085f68f6d\">\n#top .hr.hr-invisible.av-lpvc9h-e272f2bc3a0a353f4addd2c085f68f6d{\nheight:50px;\n}\n<\/style>\n<div  class='hr av-lpvc9h-e272f2bc3a0a353f4addd2c085f68f6d hr-invisible  avia-builder-el-2  el_after_av_textblock  el_before_av_one_third '><span class='hr-inner '><span class=\"hr-inner-style\"><\/span><\/span><\/div>\n\n<style type=\"text\/css\" data-created_by=\"avia_inline_auto\" id=\"style-css-av-20wkth-3f6857606048022bead8c3f5d6c9ccbc\">\n.flex_column.av-20wkth-3f6857606048022bead8c3f5d6c9ccbc{\nborder-radius:0px 0px 0px 0px;\npadding:0px 0px 0px 0px;\n}\n<\/style>\n<div  class='flex_column av-20wkth-3f6857606048022bead8c3f5d6c9ccbc av_one_third  avia-builder-el-3  el_after_av_hr  el_before_av_one_third  first flex_column_div av-zero-column-padding  '     ><section  class='av_textblock_section av-idkhrp-68e336c29a0e6c49d155d99fb4ed8881 '   itemscope=\"itemscope\" itemtype=\"https:\/\/schema.org\/CreativeWork\" ><div class='avia_textblock'  itemprop=\"text\" ><p>The objective of a green sand foundry conditioning installation can be summarized in the following aspects:<\/p>\n<ul>\n<li>Reduce the temperature of the sand.<\/li>\n<li>Adjust the humidity level of the sand at the exit homogeneously.<\/li>\n<li>Separate the fines from the sand into two types (fine coarse by cyclone and impalpable by filter of sleeves) up to the client its subsequent reincorporation to the process.<\/li>\n<li>Raise the degree of &#8220;sponginess of the sand&#8221;.<\/li>\n<\/ul>\n<p>In this way the sand acquires suitable properties to be reused thus a substantial improvement in the quality of the pieces is obtained reducing the number of defects in them.<\/p>\n<\/div><\/section><\/div>\n<style type=\"text\/css\" data-created_by=\"avia_inline_auto\" id=\"style-css-av-hr0t39-49dd32fb72e19362f2cbefbb9d231542\">\n.flex_column.av-hr0t39-49dd32fb72e19362f2cbefbb9d231542{\nborder-radius:0px 0px 0px 0px;\npadding:0px 0px 0px 0px;\n}\n<\/style>\n<div  class='flex_column av-hr0t39-49dd32fb72e19362f2cbefbb9d231542 av_one_third  avia-builder-el-5  el_after_av_one_third  el_before_av_one_third  flex_column_div av-zero-column-padding  '     ><section  class='av_textblock_section av-fweehx-d2f7f3b2500b2483e9de63fa7d6737e9 '   itemscope=\"itemscope\" itemtype=\"https:\/\/schema.org\/CreativeWork\" ><div class='avia_textblock'  itemprop=\"text\" ><p>The cooler is composed of the following elements:<\/p>\n<ul>\n<li>Suction enclosure.<\/li>\n<li>Water addition system.<\/li>\n<li>Flexible joint between fixed and mobile parts.<\/li>\n<li>Vibrating element with its own drivers<\/li>\n<\/ul>\n<p>The installation has a control panel and cabinet for starting and stopping all the elements with their respective interlocks as well as for controlling the water addition in the equipment.<\/p>\n<\/div><\/section><\/div>\n<style type=\"text\/css\" data-created_by=\"avia_inline_auto\" id=\"style-css-av-eelo9x-d8a1bb66eda958cd6883707bd56ba454\">\n.flex_column.av-eelo9x-d8a1bb66eda958cd6883707bd56ba454{\nborder-radius:0px 0px 0px 0px;\npadding:0px 0px 0px 0px;\n}\n<\/style>\n<div  class='flex_column av-eelo9x-d8a1bb66eda958cd6883707bd56ba454 av_one_third  avia-builder-el-7  el_after_av_one_third  el_before_av_one_half  flex_column_div av-zero-column-padding  '     ><section  class='av_textblock_section av-camjrp-fe07778de81eac2f5aad0f0d1c663f7c '   itemscope=\"itemscope\" itemtype=\"https:\/\/schema.org\/CreativeWork\" ><div class='avia_textblock'  itemprop=\"text\" ><p>Suitable for conditioning sand return in green molding processes.<\/p>\n<ul>\n<li>Cooling from 120\u00ba C up to 40\u00ba C approximately.<\/li>\n<li>Humidity at the exit of 1.5% approx.<\/li>\n<li>Different driving systems on vibrating equipment such as vibrators, gearboxes or natural frequency devices.<\/li>\n<li>Screening system for the separation of particles prior to the entrance to the cooler.<\/li>\n<li>Standard series<\/li>\n<\/ul>\n<\/div><\/section><\/div>\n<style type=\"text\/css\" data-created_by=\"avia_inline_auto\" id=\"style-css-av-a3g411-592b5898e0900ddab43db65e0b23032f\">\n.flex_column.av-a3g411-592b5898e0900ddab43db65e0b23032f{\nborder-radius:0px 0px 0px 0px;\npadding:0px 0px 0px 0px;\n}\n<\/style>\n<div  class='flex_column av-a3g411-592b5898e0900ddab43db65e0b23032f av_one_half  avia-builder-el-9  el_after_av_one_third  el_before_av_one_half  first flex_column_div av-zero-column-padding  column-top-margin'     ><style type=\"text\/css\" data-created_by=\"avia_inline_auto\" id=\"style-css-av-998d2t-9152e86bc9e319d90a49a57cc3eb7802\">\n.avia-image-container.av-998d2t-9152e86bc9e319d90a49a57cc3eb7802 img.avia_image{\nbox-shadow:none;\n}\n.avia-image-container.av-998d2t-9152e86bc9e319d90a49a57cc3eb7802 .av-image-caption-overlay-center{\ncolor:#ffffff;\n}\n<\/style>\n<div  class='avia-image-container av-998d2t-9152e86bc9e319d90a49a57cc3eb7802 av-styling- avia-align-center  avia-builder-el-10  avia-builder-el-no-sibling '   itemprop=\"image\" itemscope=\"itemscope\" itemtype=\"https:\/\/schema.org\/ImageObject\" ><div class=\"avia-image-container-inner\"><div class=\"avia-image-overlay-wrap\"><img decoding=\"async\" fetchpriority=\"high\" class='wp-image-1920 avia-img-lazy-loading-not-1920 avia_image ' src=\"https:\/\/vibrotech-eng.com\/wp-content\/uploads\/2017\/12\/instalacion-de-arena-1030x576.png\" alt='' title='instalacion-de-arena'  height=\"576\" width=\"1030\"  itemprop=\"thumbnailUrl\" srcset=\"https:\/\/vibrotech-eng.com\/wp-content\/uploads\/2017\/12\/instalacion-de-arena-1030x576.png 1030w, https:\/\/vibrotech-eng.com\/wp-content\/uploads\/2017\/12\/instalacion-de-arena-300x168.png 300w, https:\/\/vibrotech-eng.com\/wp-content\/uploads\/2017\/12\/instalacion-de-arena-768x429.png 768w, https:\/\/vibrotech-eng.com\/wp-content\/uploads\/2017\/12\/instalacion-de-arena-705x394.png 705w, https:\/\/vibrotech-eng.com\/wp-content\/uploads\/2017\/12\/instalacion-de-arena-450x252.png 450w, https:\/\/vibrotech-eng.com\/wp-content\/uploads\/2017\/12\/instalacion-de-arena.png 1195w\" sizes=\"(max-width: 1030px) 100vw, 1030px\" \/><\/div><\/div><\/div><\/div>\n<style type=\"text\/css\" data-created_by=\"avia_inline_auto\" id=\"style-css-av-7zpzlh-c8dd5287240c587db33ce0f75d398a75\">\n.flex_column.av-7zpzlh-c8dd5287240c587db33ce0f75d398a75{\nborder-radius:0px 0px 0px 0px;\npadding:0px 0px 0px 0px;\n}\n<\/style>\n<div  class='flex_column av-7zpzlh-c8dd5287240c587db33ce0f75d398a75 av_one_half  avia-builder-el-11  el_after_av_one_half  el_before_av_hr  flex_column_div av-zero-column-padding  column-top-margin'     ><section  class='av_textblock_section av-5hultx-76a32e95c3ae92cc97cddc7c2f8cfcce '   itemscope=\"itemscope\" itemtype=\"https:\/\/schema.org\/CreativeWork\" ><div class='avia_textblock'  itemprop=\"text\" ><h2>Elements of the installation<\/h2>\n<p>A sand conditioning installation is composed of these elements:<\/p>\n<ol>\n<li>Sand cooler<\/li>\n<li>Silo of sand<\/li>\n<li>Sand impulsion fan of room air<\/li>\n<li>Fines recovering cyclon<\/li>\n<li>Flexible tube<\/li>\n<li>Channels to interconnect the different elements<\/li>\n<li>Alveolar valves<\/li>\n<li>Suction fan of process air<\/li>\n<li>Sleeves filter<\/li>\n<li>Electro-valves sequencer box<\/li>\n<\/ol>\n<\/div><\/section><\/div>\n<style type=\"text\/css\" data-created_by=\"avia_inline_auto\" id=\"style-css-av-g8jgl-4fc6afaf67d968e8f97838e2ed613591\">\n#top .hr.hr-invisible.av-g8jgl-4fc6afaf67d968e8f97838e2ed613591{\nheight:50px;\n}\n<\/style>\n<div  class='hr av-g8jgl-4fc6afaf67d968e8f97838e2ed613591 hr-invisible  avia-builder-el-13  el_after_av_one_half  el_before_av_masonry_gallery  avia-builder-el-last '><span class='hr-inner '><span class=\"hr-inner-style\"><\/span><\/span><\/div>\n<div id='av-masonry-1' class='av-masonry av-24jr1h-5fa442d69b6142ca4215fab844e8f279 noHover av-fixed-size av-large-gap av-hover-overlay-active av-masonry-animation-active av-masonry-col-4 av-caption-always av-caption-style- av-masonry-gallery ' data-post_id=\"2325\"><div class=\"av-masonry-container isotope av-js-disabled\"><div class='av-masonry-entry isotope-item av-masonry-item-no-image '><\/div><a href=\"https:\/\/vibrotech-eng.com\/wp-content\/uploads\/2022\/06\/ENFRIADORARENA-1.jpg\" data-srcset=\"https:\/\/vibrotech-eng.com\/wp-content\/uploads\/2022\/06\/ENFRIADORARENA-1.jpg 807w, https:\/\/vibrotech-eng.com\/wp-content\/uploads\/2022\/06\/ENFRIADORARENA-1-300x222.jpg 300w, https:\/\/vibrotech-eng.com\/wp-content\/uploads\/2022\/06\/ENFRIADORARENA-1-768x568.jpg 768w, https:\/\/vibrotech-eng.com\/wp-content\/uploads\/2022\/06\/ENFRIADORARENA-1-705x522.jpg 705w\" data-sizes=\"(max-width: 807px) 100vw, 807px\"  aria-label=\"image ENFRIADORARENA-1\"  id='av-masonry-1-item-8785' data-av-masonry-item='8785' class='av-masonry-entry isotope-item post-8785 attachment type-attachment status-inherit hentry  av-masonry-item-with-image' title=\"ENFRIADORARENA-1\" alt=\"\"    itemprop=\"thumbnailUrl\" ><div class='av-inner-masonry-sizer'><\/div><figure class='av-inner-masonry main_color'><div class=\"av-masonry-outerimage-container\"><div class='av-masonry-image-container' style=\"background-image: url(https:\/\/vibrotech-eng.com\/wp-content\/uploads\/2022\/06\/ENFRIADORARENA-1-705x522.jpg);\"  title=\"ENFRIADORARENA-1\"  ><\/div><\/div><\/figure><\/a><!--end av-masonry entry--><a href=\"https:\/\/vibrotech-eng.com\/wp-content\/uploads\/2022\/06\/ENFRIADORARENA-2.jpg\" data-srcset=\"https:\/\/vibrotech-eng.com\/wp-content\/uploads\/2022\/06\/ENFRIADORARENA-2.jpg 817w, https:\/\/vibrotech-eng.com\/wp-content\/uploads\/2022\/06\/ENFRIADORARENA-2-300x221.jpg 300w, https:\/\/vibrotech-eng.com\/wp-content\/uploads\/2022\/06\/ENFRIADORARENA-2-768x566.jpg 768w, https:\/\/vibrotech-eng.com\/wp-content\/uploads\/2022\/06\/ENFRIADORARENA-2-705x519.jpg 705w\" data-sizes=\"(max-width: 817px) 100vw, 817px\"  aria-label=\"image ENFRIADORARENA-2\"  id='av-masonry-1-item-8789' data-av-masonry-item='8789' class='av-masonry-entry isotope-item post-8789 attachment type-attachment status-inherit hentry  av-masonry-item-with-image' title=\"ENFRIADORARENA-2\" alt=\"\"    itemprop=\"thumbnailUrl\" ><div class='av-inner-masonry-sizer'><\/div><figure class='av-inner-masonry main_color'><div class=\"av-masonry-outerimage-container\"><div class='av-masonry-image-container' style=\"background-image: url(https:\/\/vibrotech-eng.com\/wp-content\/uploads\/2022\/06\/ENFRIADORARENA-2-705x519.jpg);\"  title=\"ENFRIADORARENA-2\"  ><\/div><\/div><\/figure><\/a><!--end av-masonry entry--><a href=\"https:\/\/vibrotech-eng.com\/wp-content\/uploads\/2022\/07\/SDC-FOTO-1-1030x773.jpg\" data-srcset=\"https:\/\/vibrotech-eng.com\/wp-content\/uploads\/2022\/07\/SDC-FOTO-1-1030x773.jpg 1030w, https:\/\/vibrotech-eng.com\/wp-content\/uploads\/2022\/07\/SDC-FOTO-1-300x225.jpg 300w, https:\/\/vibrotech-eng.com\/wp-content\/uploads\/2022\/07\/SDC-FOTO-1-768x576.jpg 768w, https:\/\/vibrotech-eng.com\/wp-content\/uploads\/2022\/07\/SDC-FOTO-1-1536x1152.jpg 1536w, https:\/\/vibrotech-eng.com\/wp-content\/uploads\/2022\/07\/SDC-FOTO-1-2048x1536.jpg 2048w, https:\/\/vibrotech-eng.com\/wp-content\/uploads\/2022\/07\/SDC-FOTO-1-1500x1125.jpg 1500w, https:\/\/vibrotech-eng.com\/wp-content\/uploads\/2022\/07\/SDC-FOTO-1-705x529.jpg 705w\" data-sizes=\"(max-width: 1030px) 100vw, 1030px\"  aria-label=\"image SDC FOTO 1\"  id='av-masonry-1-item-8894' data-av-masonry-item='8894' class='av-masonry-entry isotope-item post-8894 attachment type-attachment status-inherit hentry  av-masonry-item-with-image' title=\"SDC FOTO 1\" alt=\"\"    itemprop=\"thumbnailUrl\" ><div class='av-inner-masonry-sizer'><\/div><figure class='av-inner-masonry main_color'><div class=\"av-masonry-outerimage-container\"><div class='av-masonry-image-container' style=\"background-image: url(https:\/\/vibrotech-eng.com\/wp-content\/uploads\/2022\/07\/SDC-FOTO-1-705x529.jpg);\"  title=\"SDC FOTO 1\"  ><\/div><\/div><\/figure><\/a><!--end av-masonry entry--><\/div><\/div>\n<\/div><\/div><\/main><!-- close content main element --><\/div><\/div><div id='after_section_1'  class='main_color av_default_container_wrap container_wrap sidebar_right'  ><div class='container av-section-cont-open' ><div class='template-page content  av-content-small alpha units'><div class='post-entry post-entry-type-page post-entry-2325'><div class='entry-content-wrapper clearfix'>\n","protected":false},"excerpt":{"rendered":"","protected":false},"author":2,"featured_media":0,"parent":0,"menu_order":0,"comment_status":"closed","ping_status":"closed","template":"","meta":{"footnotes":""},"class_list":["post-2325","page","type-page","status-publish","hentry"],"yoast_head":"<!-- This site is optimized with the Yoast SEO Premium plugin v20.3 (Yoast SEO v27.5) - https:\/\/yoast.com\/product\/yoast-seo-premium-wordpress\/ -->\n<title>Green sand cooler - Vibrotech Engineering S.L<\/title>\n<meta name=\"robots\" content=\"index, follow, max-snippet:-1, max-image-preview:large, max-video-preview:-1\" \/>\n<link rel=\"canonical\" href=\"https:\/\/vibrotech-eng.com\/en\/enfriadores-de-arena-de-lecho-fluido\/\" \/>\n<meta property=\"og:locale\" content=\"en_US\" \/>\n<meta property=\"og:type\" content=\"article\" \/>\n<meta property=\"og:title\" content=\"Green sand cooler\" \/>\n<meta property=\"og:url\" content=\"https:\/\/vibrotech-eng.com\/en\/enfriadores-de-arena-de-lecho-fluido\/\" \/>\n<meta property=\"og:site_name\" content=\"Vibrotech Engineering S.L\" \/>\n<meta property=\"article:modified_time\" content=\"2022-07-26T14:15:14+00:00\" \/>\n<meta name=\"twitter:card\" content=\"summary_large_image\" \/>\n<meta name=\"twitter:label1\" content=\"Est. reading time\" \/>\n\t<meta name=\"twitter:data1\" content=\"5 minutes\" \/>\n<script type=\"application\/ld+json\" class=\"yoast-schema-graph\">{\"@context\":\"https:\\\/\\\/schema.org\",\"@graph\":[{\"@type\":\"WebPage\",\"@id\":\"https:\\\/\\\/vibrotech-eng.com\\\/en\\\/enfriadores-de-arena-de-lecho-fluido\\\/\",\"url\":\"https:\\\/\\\/vibrotech-eng.com\\\/en\\\/enfriadores-de-arena-de-lecho-fluido\\\/\",\"name\":\"Green sand cooler - Vibrotech Engineering S.L\",\"isPartOf\":{\"@id\":\"https:\\\/\\\/vibrotech-eng.com\\\/en\\\/#website\"},\"datePublished\":\"2017-09-25T10:20:40+00:00\",\"dateModified\":\"2022-07-26T14:15:14+00:00\",\"breadcrumb\":{\"@id\":\"https:\\\/\\\/vibrotech-eng.com\\\/en\\\/enfriadores-de-arena-de-lecho-fluido\\\/#breadcrumb\"},\"inLanguage\":\"en-US\",\"potentialAction\":[{\"@type\":\"ReadAction\",\"target\":[\"https:\\\/\\\/vibrotech-eng.com\\\/en\\\/enfriadores-de-arena-de-lecho-fluido\\\/\"]}]},{\"@type\":\"BreadcrumbList\",\"@id\":\"https:\\\/\\\/vibrotech-eng.com\\\/en\\\/enfriadores-de-arena-de-lecho-fluido\\\/#breadcrumb\",\"itemListElement\":[{\"@type\":\"ListItem\",\"position\":1,\"name\":\"Home\",\"item\":\"https:\\\/\\\/vibrotech-eng.com\\\/en\\\/home\\\/\"},{\"@type\":\"ListItem\",\"position\":2,\"name\":\"Green sand cooler\"}]},{\"@type\":\"WebSite\",\"@id\":\"https:\\\/\\\/vibrotech-eng.com\\\/en\\\/#website\",\"url\":\"https:\\\/\\\/vibrotech-eng.com\\\/en\\\/\",\"name\":\"Vibrotech Engineering S.L\",\"description\":\"Empresa espa\u00f1ola que desarrolla su actividad principal en el dise\u00f1o y fabricaci\u00f3n de maquinaria vibrante\",\"potentialAction\":[{\"@type\":\"SearchAction\",\"target\":{\"@type\":\"EntryPoint\",\"urlTemplate\":\"https:\\\/\\\/vibrotech-eng.com\\\/en\\\/?s={search_term_string}\"},\"query-input\":{\"@type\":\"PropertyValueSpecification\",\"valueRequired\":true,\"valueName\":\"search_term_string\"}}],\"inLanguage\":\"en-US\"}]}<\/script>\n<!-- \/ Yoast SEO Premium plugin. -->","yoast_head_json":{"title":"Green sand cooler - Vibrotech Engineering S.L","robots":{"index":"index","follow":"follow","max-snippet":"max-snippet:-1","max-image-preview":"max-image-preview:large","max-video-preview":"max-video-preview:-1"},"canonical":"https:\/\/vibrotech-eng.com\/en\/enfriadores-de-arena-de-lecho-fluido\/","og_locale":"en_US","og_type":"article","og_title":"Green sand cooler","og_url":"https:\/\/vibrotech-eng.com\/en\/enfriadores-de-arena-de-lecho-fluido\/","og_site_name":"Vibrotech Engineering S.L","article_modified_time":"2022-07-26T14:15:14+00:00","twitter_card":"summary_large_image","twitter_misc":{"Est. reading time":"5 minutes"},"schema":{"@context":"https:\/\/schema.org","@graph":[{"@type":"WebPage","@id":"https:\/\/vibrotech-eng.com\/en\/enfriadores-de-arena-de-lecho-fluido\/","url":"https:\/\/vibrotech-eng.com\/en\/enfriadores-de-arena-de-lecho-fluido\/","name":"Green sand cooler - Vibrotech Engineering S.L","isPartOf":{"@id":"https:\/\/vibrotech-eng.com\/en\/#website"},"datePublished":"2017-09-25T10:20:40+00:00","dateModified":"2022-07-26T14:15:14+00:00","breadcrumb":{"@id":"https:\/\/vibrotech-eng.com\/en\/enfriadores-de-arena-de-lecho-fluido\/#breadcrumb"},"inLanguage":"en-US","potentialAction":[{"@type":"ReadAction","target":["https:\/\/vibrotech-eng.com\/en\/enfriadores-de-arena-de-lecho-fluido\/"]}]},{"@type":"BreadcrumbList","@id":"https:\/\/vibrotech-eng.com\/en\/enfriadores-de-arena-de-lecho-fluido\/#breadcrumb","itemListElement":[{"@type":"ListItem","position":1,"name":"Home","item":"https:\/\/vibrotech-eng.com\/en\/home\/"},{"@type":"ListItem","position":2,"name":"Green sand cooler"}]},{"@type":"WebSite","@id":"https:\/\/vibrotech-eng.com\/en\/#website","url":"https:\/\/vibrotech-eng.com\/en\/","name":"Vibrotech Engineering S.L","description":"Empresa espa\u00f1ola que desarrolla su actividad principal en el dise\u00f1o y fabricaci\u00f3n de maquinaria vibrante","potentialAction":[{"@type":"SearchAction","target":{"@type":"EntryPoint","urlTemplate":"https:\/\/vibrotech-eng.com\/en\/?s={search_term_string}"},"query-input":{"@type":"PropertyValueSpecification","valueRequired":true,"valueName":"search_term_string"}}],"inLanguage":"en-US"}]}},"_links":{"self":[{"href":"https:\/\/vibrotech-eng.com\/en\/wp-json\/wp\/v2\/pages\/2325","targetHints":{"allow":["GET"]}}],"collection":[{"href":"https:\/\/vibrotech-eng.com\/en\/wp-json\/wp\/v2\/pages"}],"about":[{"href":"https:\/\/vibrotech-eng.com\/en\/wp-json\/wp\/v2\/types\/page"}],"author":[{"embeddable":true,"href":"https:\/\/vibrotech-eng.com\/en\/wp-json\/wp\/v2\/users\/2"}],"replies":[{"embeddable":true,"href":"https:\/\/vibrotech-eng.com\/en\/wp-json\/wp\/v2\/comments?post=2325"}],"version-history":[{"count":0,"href":"https:\/\/vibrotech-eng.com\/en\/wp-json\/wp\/v2\/pages\/2325\/revisions"}],"wp:attachment":[{"href":"https:\/\/vibrotech-eng.com\/en\/wp-json\/wp\/v2\/media?parent=2325"}],"curies":[{"name":"wp","href":"https:\/\/api.w.org\/{rel}","templated":true}]}}