{"id":2314,"date":"2017-09-25T12:19:57","date_gmt":"2017-09-25T10:19:57","guid":{"rendered":"http:\/\/vibrotech-eng.com.mialias.net\/cargadores-de-granalladora\/"},"modified":"2023-03-29T08:46:08","modified_gmt":"2023-03-29T06:46:08","slug":"shot-blasting-machines-charging-cars","status":"publish","type":"page","link":"https:\/\/vibrotech-eng.com\/en\/shot-blasting-machines-charging-cars\/","title":{"rendered":"Shot blasting vibrating chargers"},"content":{"rendered":"<div id='av_section_1'  class='avia-section av-1lob5m-a53d98c202365102e1bb2262a33bc50e main_color avia-section-default avia-no-border-styling  avia-builder-el-0  avia-builder-el-no-sibling  avia-bg-style-scroll container_wrap sidebar_right'  ><div class='container av-section-cont-open' ><main  role=\"main\" itemprop=\"mainContentOfPage\"  class='template-page content  av-content-small alpha units'><div class='post-entry post-entry-type-page post-entry-2314'><div class='entry-content-wrapper clearfix'>\n<section  class='av_textblock_section av-kp44mwyz-f11fe0e6151baade67edb8f4d01b6161 '   itemscope=\"itemscope\" itemtype=\"https:\/\/schema.org\/CreativeWork\" ><div class='avia_textblock'  itemprop=\"text\" ><h1 style=\"text-align: center;\">Shot blasting vibrating chargers<\/h1>\n<\/div><\/section>\n\n<style type=\"text\/css\" data-created_by=\"avia_inline_auto\" id=\"style-css-av-doqlqy-64e73a3fea47d43ac1805cc63be3f2d8\">\n#top .hr.hr-invisible.av-doqlqy-64e73a3fea47d43ac1805cc63be3f2d8{\nheight:50px;\n}\n<\/style>\n<div  class='hr av-doqlqy-64e73a3fea47d43ac1805cc63be3f2d8 hr-invisible  avia-builder-el-2  el_after_av_textblock  el_before_av_one_third '><span class='hr-inner '><span class=\"hr-inner-style\"><\/span><\/span><\/div>\n\n<style type=\"text\/css\" data-created_by=\"avia_inline_auto\" id=\"style-css-av-coeqey-b3647f26379f3e10233a054178d9ec13\">\n.flex_column.av-coeqey-b3647f26379f3e10233a054178d9ec13{\nborder-radius:0px 0px 0px 0px;\npadding:0px 0px 0px 0px;\n}\n<\/style>\n<div  class='flex_column av-coeqey-b3647f26379f3e10233a054178d9ec13 av_one_third  avia-builder-el-3  el_after_av_hr  el_before_av_one_third  first flex_column_div av-zero-column-padding  '     ><section  class='av_textblock_section av-kp44nfuq-0ecf3699bb26e22fae77da49c9410e17 '   itemscope=\"itemscope\" itemtype=\"https:\/\/schema.org\/CreativeWork\" ><div class='avia_textblock'  itemprop=\"text\" ><p>Shotblasting chargers are machines used to load parts into shotblasting machines in automatic processes. Mainly used for shot blasting machines in automatic moulding lines (vertical or horizontal moulding).<\/p>\n<\/div><\/section><\/div>\n<style type=\"text\/css\" data-created_by=\"avia_inline_auto\" id=\"style-css-av-b13j4q-506071a0929a56c3ed0ff256ad029cbd\">\n.flex_column.av-b13j4q-506071a0929a56c3ed0ff256ad029cbd{\nborder-radius:0px 0px 0px 0px;\npadding:0px 0px 0px 0px;\n}\n<\/style>\n<div  class='flex_column av-b13j4q-506071a0929a56c3ed0ff256ad029cbd av_one_third  avia-builder-el-5  el_after_av_one_third  el_before_av_one_third  flex_column_div av-zero-column-padding  '     ><section  class='av_textblock_section av-9e56t6-bdb2926996df749a8cb7f1b8f4e3e1fc '   itemscope=\"itemscope\" itemtype=\"https:\/\/schema.org\/CreativeWork\" ><div class='avia_textblock'  itemprop=\"text\" ><p>It also transports the pieces that have already been shot-blasted, placing vibrating conveyors with rubber coatings so as not to damage the pieces at the exit of the shot-blasting machine.<\/p>\n<\/div><\/section><\/div>\n<style type=\"text\/css\" data-created_by=\"avia_inline_auto\" id=\"style-css-av-7j4uoa-c42f726ceab9e6d0fe551efcc13ffa29\">\n.flex_column.av-7j4uoa-c42f726ceab9e6d0fe551efcc13ffa29{\nborder-radius:0px 0px 0px 0px;\npadding:0px 0px 0px 0px;\n}\n<\/style>\n<div  class='flex_column av-7j4uoa-c42f726ceab9e6d0fe551efcc13ffa29 av_one_third  avia-builder-el-7  el_after_av_one_third  el_before_av_hr  flex_column_div av-zero-column-padding  '     ><section  class='av_textblock_section av-5h0lkq-5b176e1e68897878917d17f2d41769f4 '   itemscope=\"itemscope\" itemtype=\"https:\/\/schema.org\/CreativeWork\" ><div class='avia_textblock'  itemprop=\"text\" ><p>Characteristics:<\/p>\n<ul>\n<li>Single or two way movement.<\/li>\n<li>With weighing cells in option.<\/li>\n<li>Front gate for material retention driven by a cylinder.<\/li>\n<li>Machines to pick the pieces up afterwards to be cleaned.<\/li>\n<\/ul>\n<\/div><\/section><\/div>\n<style type=\"text\/css\" data-created_by=\"avia_inline_auto\" id=\"style-css-av-4srttm-583bc29075a191e67f550117a7684a41\">\n#top .hr.hr-invisible.av-4srttm-583bc29075a191e67f550117a7684a41{\nheight:20px;\n}\n<\/style>\n<div  class='hr av-4srttm-583bc29075a191e67f550117a7684a41 hr-invisible  avia-builder-el-9  el_after_av_one_third  el_before_av_masonry_gallery  avia-builder-el-last '><span class='hr-inner '><span class=\"hr-inner-style\"><\/span><\/span><\/div>\n<div id='av-masonry-1' class='av-masonry av-1ytrwq-e00f377aaff6381ee368644491c1fd04 noHover av-fixed-size av-large-gap av-hover-overlay- av-masonry-animation-active av-masonry-col-4 av-caption-always av-caption-style- av-masonry-gallery ' data-post_id=\"2314\"><div class=\"av-masonry-container isotope av-js-disabled\"><div class='av-masonry-entry isotope-item av-masonry-item-no-image '><\/div><a href=\"https:\/\/vibrotech-eng.com\/wp-content\/uploads\/2017\/12\/CARGADORES-DE-GRANALLADORA-2.jpg\" data-srcset=\"https:\/\/vibrotech-eng.com\/wp-content\/uploads\/2017\/12\/CARGADORES-DE-GRANALLADORA-2.jpg 800w, https:\/\/vibrotech-eng.com\/wp-content\/uploads\/2017\/12\/CARGADORES-DE-GRANALLADORA-2-300x225.jpg 300w, https:\/\/vibrotech-eng.com\/wp-content\/uploads\/2017\/12\/CARGADORES-DE-GRANALLADORA-2-768x576.jpg 768w, https:\/\/vibrotech-eng.com\/wp-content\/uploads\/2017\/12\/CARGADORES-DE-GRANALLADORA-2-705x529.jpg 705w, https:\/\/vibrotech-eng.com\/wp-content\/uploads\/2017\/12\/CARGADORES-DE-GRANALLADORA-2-450x338.jpg 450w\" data-sizes=\"(max-width: 800px) 100vw, 800px\"  aria-label=\"image CARGADORES DE GRANALLADORA\"  id='av-masonry-1-item-1880' data-av-masonry-item='1880' class='av-masonry-entry isotope-item post-1880 attachment type-attachment status-inherit hentry  av-masonry-item-with-image' title=\"CARGADORES DE GRANALLADORA\" alt=\"\"    itemprop=\"thumbnailUrl\" ><div class='av-inner-masonry-sizer'><\/div><figure class='av-inner-masonry main_color'><div class=\"av-masonry-outerimage-container\"><div class='av-masonry-image-container' style=\"background-image: url(https:\/\/vibrotech-eng.com\/wp-content\/uploads\/2017\/12\/CARGADORES-DE-GRANALLADORA-2-705x529.jpg);\"  title=\"CARGADORES DE GRANALLADORA\"  ><\/div><\/div><\/figure><\/a><!--end av-masonry entry--><a href=\"https:\/\/vibrotech-eng.com\/wp-content\/uploads\/2017\/12\/CARGADORES-DE-GRANALLADORA.jpg\" data-srcset=\"https:\/\/vibrotech-eng.com\/wp-content\/uploads\/2017\/12\/CARGADORES-DE-GRANALLADORA.jpg 800w, https:\/\/vibrotech-eng.com\/wp-content\/uploads\/2017\/12\/CARGADORES-DE-GRANALLADORA-300x225.jpg 300w, https:\/\/vibrotech-eng.com\/wp-content\/uploads\/2017\/12\/CARGADORES-DE-GRANALLADORA-768x576.jpg 768w, https:\/\/vibrotech-eng.com\/wp-content\/uploads\/2017\/12\/CARGADORES-DE-GRANALLADORA-705x529.jpg 705w, https:\/\/vibrotech-eng.com\/wp-content\/uploads\/2017\/12\/CARGADORES-DE-GRANALLADORA-450x338.jpg 450w\" data-sizes=\"(max-width: 800px) 100vw, 800px\"  aria-label=\"image CARGADORES-DE-GRANALLADORA\"  id='av-masonry-1-item-1878' data-av-masonry-item='1878' class='av-masonry-entry isotope-item post-1878 attachment type-attachment status-inherit hentry  av-masonry-item-with-image' title=\"CARGADORES-DE-GRANALLADORA\" alt=\"\"    itemprop=\"thumbnailUrl\" ><div class='av-inner-masonry-sizer'><\/div><figure class='av-inner-masonry main_color'><div class=\"av-masonry-outerimage-container\"><div class='av-masonry-image-container' style=\"background-image: url(https:\/\/vibrotech-eng.com\/wp-content\/uploads\/2017\/12\/CARGADORES-DE-GRANALLADORA-705x529.jpg);\"  title=\"CARGADORES-DE-GRANALLADORA\"  ><\/div><\/div><\/figure><\/a><!--end av-masonry entry--><a href=\"https:\/\/vibrotech-eng.com\/wp-content\/uploads\/2017\/12\/Cargadores-de-Granalladora-2-1030x773.jpg\" data-srcset=\"https:\/\/vibrotech-eng.com\/wp-content\/uploads\/2017\/12\/Cargadores-de-Granalladora-2-1030x773.jpg 1030w, https:\/\/vibrotech-eng.com\/wp-content\/uploads\/2017\/12\/Cargadores-de-Granalladora-2-300x225.jpg 300w, https:\/\/vibrotech-eng.com\/wp-content\/uploads\/2017\/12\/Cargadores-de-Granalladora-2-768x576.jpg 768w, https:\/\/vibrotech-eng.com\/wp-content\/uploads\/2017\/12\/Cargadores-de-Granalladora-2.jpg 1500w, https:\/\/vibrotech-eng.com\/wp-content\/uploads\/2017\/12\/Cargadores-de-Granalladora-2-705x529.jpg 705w, https:\/\/vibrotech-eng.com\/wp-content\/uploads\/2017\/12\/Cargadores-de-Granalladora-2-450x338.jpg 450w\" data-sizes=\"(max-width: 1030px) 100vw, 1030px\"  aria-label=\"image Cargadores de Granalladora 2\"  id='av-masonry-1-item-1726' data-av-masonry-item='1726' class='av-masonry-entry isotope-item post-1726 attachment type-attachment status-inherit hentry  av-masonry-item-with-image' title=\"Cargadores de Granalladora 2\" alt=\"\"    itemprop=\"thumbnailUrl\" ><div class='av-inner-masonry-sizer'><\/div><figure class='av-inner-masonry main_color'><div class=\"av-masonry-outerimage-container\"><div class='av-masonry-image-container' style=\"background-image: url(https:\/\/vibrotech-eng.com\/wp-content\/uploads\/2017\/12\/Cargadores-de-Granalladora-2-705x529.jpg);\"  title=\"Cargadores de Granalladora 2\"  ><\/div><\/div><\/figure><\/a><!--end av-masonry entry--><a href=\"https:\/\/vibrotech-eng.com\/wp-content\/uploads\/2017\/12\/Transportadores-Vibrantes-2.jpg\" data-srcset=\"https:\/\/vibrotech-eng.com\/wp-content\/uploads\/2017\/12\/Transportadores-Vibrantes-2.jpg 960w, https:\/\/vibrotech-eng.com\/wp-content\/uploads\/2017\/12\/Transportadores-Vibrantes-2-300x134.jpg 300w, https:\/\/vibrotech-eng.com\/wp-content\/uploads\/2017\/12\/Transportadores-Vibrantes-2-768x344.jpg 768w, https:\/\/vibrotech-eng.com\/wp-content\/uploads\/2017\/12\/Transportadores-Vibrantes-2-705x316.jpg 705w, https:\/\/vibrotech-eng.com\/wp-content\/uploads\/2017\/12\/Transportadores-Vibrantes-2-450x202.jpg 450w\" data-sizes=\"(max-width: 960px) 100vw, 960px\"  aria-label=\"image Transportadores Vibrantes 2\"  id='av-masonry-1-item-1794' data-av-masonry-item='1794' class='av-masonry-entry isotope-item post-1794 attachment type-attachment status-inherit hentry  av-masonry-item-with-image' title=\"Transportadores Vibrantes 2\" alt=\"\"    itemprop=\"thumbnailUrl\" ><div class='av-inner-masonry-sizer'><\/div><figure class='av-inner-masonry main_color'><div class=\"av-masonry-outerimage-container\"><div class='av-masonry-image-container' style=\"background-image: url(https:\/\/vibrotech-eng.com\/wp-content\/uploads\/2017\/12\/Transportadores-Vibrantes-2-705x316.jpg);\"  title=\"Transportadores Vibrantes 2\"  ><\/div><\/div><\/figure><\/a><!--end av-masonry entry--><a href=\"https:\/\/vibrotech-eng.com\/wp-content\/uploads\/2021\/08\/CARGADOR-DE-GRANALLADORA-1030x674.jpg\" data-srcset=\"https:\/\/vibrotech-eng.com\/wp-content\/uploads\/2021\/08\/CARGADOR-DE-GRANALLADORA-1030x674.jpg 1030w, https:\/\/vibrotech-eng.com\/wp-content\/uploads\/2021\/08\/CARGADOR-DE-GRANALLADORA-300x196.jpg 300w, https:\/\/vibrotech-eng.com\/wp-content\/uploads\/2021\/08\/CARGADOR-DE-GRANALLADORA-768x503.jpg 768w, https:\/\/vibrotech-eng.com\/wp-content\/uploads\/2021\/08\/CARGADOR-DE-GRANALLADORA-1536x1005.jpg 1536w, https:\/\/vibrotech-eng.com\/wp-content\/uploads\/2021\/08\/CARGADOR-DE-GRANALLADORA-1500x982.jpg 1500w, https:\/\/vibrotech-eng.com\/wp-content\/uploads\/2021\/08\/CARGADOR-DE-GRANALLADORA-705x461.jpg 705w, https:\/\/vibrotech-eng.com\/wp-content\/uploads\/2021\/08\/CARGADOR-DE-GRANALLADORA.jpg 2000w\" data-sizes=\"(max-width: 1030px) 100vw, 1030px\"  aria-label=\"image CARGADOR DE GRANALLADORA\"  id='av-masonry-1-item-7900' data-av-masonry-item='7900' class='av-masonry-entry isotope-item post-7900 attachment type-attachment status-inherit hentry  av-masonry-item-with-image' title=\"CARGADOR DE GRANALLADORA\" alt=\"\"    itemprop=\"thumbnailUrl\" ><div class='av-inner-masonry-sizer'><\/div><figure class='av-inner-masonry main_color'><div class=\"av-masonry-outerimage-container\"><div class='av-masonry-image-container' style=\"background-image: url(https:\/\/vibrotech-eng.com\/wp-content\/uploads\/2021\/08\/CARGADOR-DE-GRANALLADORA-705x461.jpg);\"  title=\"CARGADOR DE GRANALLADORA\"  ><\/div><\/div><\/figure><\/a><!--end av-masonry entry--><a href=\"https:\/\/vibrotech-eng.com\/wp-content\/uploads\/2023\/03\/CARGADOR-min-1-1030x773.jpg\" data-srcset=\"https:\/\/vibrotech-eng.com\/wp-content\/uploads\/2023\/03\/CARGADOR-min-1-1030x773.jpg 1030w, https:\/\/vibrotech-eng.com\/wp-content\/uploads\/2023\/03\/CARGADOR-min-1-300x225.jpg 300w, https:\/\/vibrotech-eng.com\/wp-content\/uploads\/2023\/03\/CARGADOR-min-1-768x576.jpg 768w, https:\/\/vibrotech-eng.com\/wp-content\/uploads\/2023\/03\/CARGADOR-min-1-1536x1152.jpg 1536w, https:\/\/vibrotech-eng.com\/wp-content\/uploads\/2023\/03\/CARGADOR-min-1-2048x1536.jpg 2048w, https:\/\/vibrotech-eng.com\/wp-content\/uploads\/2023\/03\/CARGADOR-min-1-1500x1125.jpg 1500w, https:\/\/vibrotech-eng.com\/wp-content\/uploads\/2023\/03\/CARGADOR-min-1-705x529.jpg 705w\" data-sizes=\"(max-width: 1030px) 100vw, 1030px\"  aria-label=\"image CARGADOR-min (1)\"  id='av-masonry-1-item-9236' data-av-masonry-item='9236' class='av-masonry-entry isotope-item post-9236 attachment type-attachment status-inherit hentry  av-masonry-item-with-image' title=\"CARGADOR-min (1)\" alt=\"\"    itemprop=\"thumbnailUrl\" ><div class='av-inner-masonry-sizer'><\/div><figure class='av-inner-masonry main_color'><div class=\"av-masonry-outerimage-container\"><div class='av-masonry-image-container' style=\"background-image: url(https:\/\/vibrotech-eng.com\/wp-content\/uploads\/2023\/03\/CARGADOR-min-1-705x529.jpg);\"  title=\"CARGADOR-min (1)\"  ><\/div><\/div><\/figure><\/a><!--end av-masonry entry--><\/div><\/div>\n<\/div><\/div><\/main><!-- close content main element --><\/div><\/div><div id='after_section_1'  class='main_color av_default_container_wrap container_wrap sidebar_right'  ><div class='container av-section-cont-open' ><div class='template-page content  av-content-small alpha units'><div class='post-entry post-entry-type-page post-entry-2314'><div class='entry-content-wrapper clearfix'>\n","protected":false},"excerpt":{"rendered":"","protected":false},"author":2,"featured_media":0,"parent":0,"menu_order":0,"comment_status":"closed","ping_status":"closed","template":"","meta":{"footnotes":""},"class_list":["post-2314","page","type-page","status-publish","hentry"],"yoast_head":"<!-- This site is optimized with the Yoast SEO Premium plugin v20.3 (Yoast SEO v27.4) - https:\/\/yoast.com\/product\/yoast-seo-premium-wordpress\/ -->\n<title>Shot blasting vibrating chargers - Vibrotech Engineering S.L<\/title>\n<meta name=\"robots\" content=\"index, follow, max-snippet:-1, max-image-preview:large, max-video-preview:-1\" \/>\n<link rel=\"canonical\" href=\"https:\/\/vibrotech-eng.com\/en\/shot-blasting-machines-charging-cars\/\" \/>\n<meta property=\"og:locale\" content=\"en_US\" \/>\n<meta property=\"og:type\" content=\"article\" \/>\n<meta property=\"og:title\" content=\"Shot blasting vibrating chargers\" \/>\n<meta property=\"og:url\" content=\"https:\/\/vibrotech-eng.com\/en\/shot-blasting-machines-charging-cars\/\" \/>\n<meta property=\"og:site_name\" content=\"Vibrotech Engineering S.L\" \/>\n<meta property=\"article:modified_time\" content=\"2023-03-29T06:46:08+00:00\" \/>\n<meta name=\"twitter:card\" content=\"summary_large_image\" \/>\n<meta name=\"twitter:label1\" content=\"Est. reading time\" \/>\n\t<meta name=\"twitter:data1\" content=\"2 minutes\" \/>\n<script type=\"application\/ld+json\" class=\"yoast-schema-graph\">{\"@context\":\"https:\\\/\\\/schema.org\",\"@graph\":[{\"@type\":\"WebPage\",\"@id\":\"https:\\\/\\\/vibrotech-eng.com\\\/en\\\/shot-blasting-machines-charging-cars\\\/\",\"url\":\"https:\\\/\\\/vibrotech-eng.com\\\/en\\\/shot-blasting-machines-charging-cars\\\/\",\"name\":\"Shot blasting vibrating chargers - Vibrotech Engineering S.L\",\"isPartOf\":{\"@id\":\"https:\\\/\\\/vibrotech-eng.com\\\/en\\\/#website\"},\"datePublished\":\"2017-09-25T10:19:57+00:00\",\"dateModified\":\"2023-03-29T06:46:08+00:00\",\"breadcrumb\":{\"@id\":\"https:\\\/\\\/vibrotech-eng.com\\\/en\\\/shot-blasting-machines-charging-cars\\\/#breadcrumb\"},\"inLanguage\":\"en-US\",\"potentialAction\":[{\"@type\":\"ReadAction\",\"target\":[\"https:\\\/\\\/vibrotech-eng.com\\\/en\\\/shot-blasting-machines-charging-cars\\\/\"]}]},{\"@type\":\"BreadcrumbList\",\"@id\":\"https:\\\/\\\/vibrotech-eng.com\\\/en\\\/shot-blasting-machines-charging-cars\\\/#breadcrumb\",\"itemListElement\":[{\"@type\":\"ListItem\",\"position\":1,\"name\":\"Home\",\"item\":\"https:\\\/\\\/vibrotech-eng.com\\\/en\\\/home\\\/\"},{\"@type\":\"ListItem\",\"position\":2,\"name\":\"Shot blasting vibrating chargers\"}]},{\"@type\":\"WebSite\",\"@id\":\"https:\\\/\\\/vibrotech-eng.com\\\/en\\\/#website\",\"url\":\"https:\\\/\\\/vibrotech-eng.com\\\/en\\\/\",\"name\":\"Vibrotech Engineering S.L\",\"description\":\"Empresa espa\u00f1ola que desarrolla su actividad principal en el dise\u00f1o y fabricaci\u00f3n de maquinaria vibrante\",\"potentialAction\":[{\"@type\":\"SearchAction\",\"target\":{\"@type\":\"EntryPoint\",\"urlTemplate\":\"https:\\\/\\\/vibrotech-eng.com\\\/en\\\/?s={search_term_string}\"},\"query-input\":{\"@type\":\"PropertyValueSpecification\",\"valueRequired\":true,\"valueName\":\"search_term_string\"}}],\"inLanguage\":\"en-US\"}]}<\/script>\n<!-- \/ Yoast SEO Premium plugin. -->","yoast_head_json":{"title":"Shot blasting vibrating chargers - Vibrotech Engineering S.L","robots":{"index":"index","follow":"follow","max-snippet":"max-snippet:-1","max-image-preview":"max-image-preview:large","max-video-preview":"max-video-preview:-1"},"canonical":"https:\/\/vibrotech-eng.com\/en\/shot-blasting-machines-charging-cars\/","og_locale":"en_US","og_type":"article","og_title":"Shot blasting vibrating chargers","og_url":"https:\/\/vibrotech-eng.com\/en\/shot-blasting-machines-charging-cars\/","og_site_name":"Vibrotech Engineering S.L","article_modified_time":"2023-03-29T06:46:08+00:00","twitter_card":"summary_large_image","twitter_misc":{"Est. reading time":"2 minutes"},"schema":{"@context":"https:\/\/schema.org","@graph":[{"@type":"WebPage","@id":"https:\/\/vibrotech-eng.com\/en\/shot-blasting-machines-charging-cars\/","url":"https:\/\/vibrotech-eng.com\/en\/shot-blasting-machines-charging-cars\/","name":"Shot blasting vibrating chargers - Vibrotech Engineering S.L","isPartOf":{"@id":"https:\/\/vibrotech-eng.com\/en\/#website"},"datePublished":"2017-09-25T10:19:57+00:00","dateModified":"2023-03-29T06:46:08+00:00","breadcrumb":{"@id":"https:\/\/vibrotech-eng.com\/en\/shot-blasting-machines-charging-cars\/#breadcrumb"},"inLanguage":"en-US","potentialAction":[{"@type":"ReadAction","target":["https:\/\/vibrotech-eng.com\/en\/shot-blasting-machines-charging-cars\/"]}]},{"@type":"BreadcrumbList","@id":"https:\/\/vibrotech-eng.com\/en\/shot-blasting-machines-charging-cars\/#breadcrumb","itemListElement":[{"@type":"ListItem","position":1,"name":"Home","item":"https:\/\/vibrotech-eng.com\/en\/home\/"},{"@type":"ListItem","position":2,"name":"Shot blasting vibrating chargers"}]},{"@type":"WebSite","@id":"https:\/\/vibrotech-eng.com\/en\/#website","url":"https:\/\/vibrotech-eng.com\/en\/","name":"Vibrotech Engineering S.L","description":"Empresa espa\u00f1ola que desarrolla su actividad principal en el dise\u00f1o y fabricaci\u00f3n de maquinaria vibrante","potentialAction":[{"@type":"SearchAction","target":{"@type":"EntryPoint","urlTemplate":"https:\/\/vibrotech-eng.com\/en\/?s={search_term_string}"},"query-input":{"@type":"PropertyValueSpecification","valueRequired":true,"valueName":"search_term_string"}}],"inLanguage":"en-US"}]}},"_links":{"self":[{"href":"https:\/\/vibrotech-eng.com\/en\/wp-json\/wp\/v2\/pages\/2314","targetHints":{"allow":["GET"]}}],"collection":[{"href":"https:\/\/vibrotech-eng.com\/en\/wp-json\/wp\/v2\/pages"}],"about":[{"href":"https:\/\/vibrotech-eng.com\/en\/wp-json\/wp\/v2\/types\/page"}],"author":[{"embeddable":true,"href":"https:\/\/vibrotech-eng.com\/en\/wp-json\/wp\/v2\/users\/2"}],"replies":[{"embeddable":true,"href":"https:\/\/vibrotech-eng.com\/en\/wp-json\/wp\/v2\/comments?post=2314"}],"version-history":[{"count":0,"href":"https:\/\/vibrotech-eng.com\/en\/wp-json\/wp\/v2\/pages\/2314\/revisions"}],"wp:attachment":[{"href":"https:\/\/vibrotech-eng.com\/en\/wp-json\/wp\/v2\/media?parent=2314"}],"curies":[{"name":"wp","href":"https:\/\/api.w.org\/{rel}","templated":true}]}}