{"id":2310,"date":"2017-09-25T12:19:14","date_gmt":"2017-09-25T10:19:14","guid":{"rendered":"http:\/\/vibrotech-eng.com.mialias.net\/desmoldeadores-en-continuo\/"},"modified":"2023-05-04T08:13:36","modified_gmt":"2023-05-04T06:13:36","slug":"shake-out-conveyors","status":"publish","type":"page","link":"https:\/\/vibrotech-eng.com\/en\/shake-out-conveyors\/","title":{"rendered":"Shake out conveyors"},"content":{"rendered":"<div id='av_section_1'  class='avia-section av-dgu6jq-c665850e2520aede55718e1dcb25df54 main_color avia-section-default avia-no-border-styling  avia-builder-el-0  avia-builder-el-no-sibling  avia-bg-style-scroll container_wrap sidebar_right'  ><div class='container av-section-cont-open' ><main  role=\"main\" itemprop=\"mainContentOfPage\"  class='template-page content  av-content-small alpha units'><div class='post-entry post-entry-type-page post-entry-2310'><div class='entry-content-wrapper clearfix'>\n<section  class='av_textblock_section av-4fiiu-0d9acbd029159c984cfab9324a42a348 '   itemscope=\"itemscope\" itemtype=\"https:\/\/schema.org\/CreativeWork\" ><div class='avia_textblock'  itemprop=\"text\" ><h1 style=\"text-align: center;\">Shake out conveyors<\/h1>\n<\/div><\/section>\n\n<style type=\"text\/css\" data-created_by=\"avia_inline_auto\" id=\"style-css-av-bei7o6-90f97c41b8a45af16fb6c46bd1636bd7\">\n#top .hr.hr-invisible.av-bei7o6-90f97c41b8a45af16fb6c46bd1636bd7{\nheight:50px;\n}\n<\/style>\n<div  class='hr av-bei7o6-90f97c41b8a45af16fb6c46bd1636bd7 hr-invisible  avia-builder-el-2  el_after_av_textblock  el_before_av_one_half '><span class='hr-inner '><span class=\"hr-inner-style\"><\/span><\/span><\/div>\n\n<style type=\"text\/css\" data-created_by=\"avia_inline_auto\" id=\"style-css-av-97zzue-97b9197c5074d75d218170bef4e3abab\">\n.flex_column.av-97zzue-97b9197c5074d75d218170bef4e3abab{\nborder-radius:0px 0px 0px 0px;\npadding:0px 0px 0px 0px;\n}\n<\/style>\n<div  class='flex_column av-97zzue-97b9197c5074d75d218170bef4e3abab av_one_half  avia-builder-el-3  el_after_av_hr  el_before_av_one_half  first flex_column_div av-zero-column-padding  '     ><section  class='av_textblock_section av-718k86-b447788afb962ddf987432ec734a19d8 '   itemscope=\"itemscope\" itemtype=\"https:\/\/schema.org\/CreativeWork\" ><div class='avia_textblock'  itemprop=\"text\" ><ul>\n<li>Different kind of shake out: shake out conveyors, cooling drum or shake out tables.<\/li>\n<li>Driven by electric vibrators,\u00a0 exciters or frequency natural systems.<\/li>\n<li>Properly for vertical and horizontal molding lines.<\/li>\n<li>Different grids depending to the pieces to shake out.<\/li>\n<\/ul>\n<\/div><\/section><\/div>\n<style type=\"text\/css\" data-created_by=\"avia_inline_auto\" id=\"style-css-av-5lgx6e-abae29bcaacbf1cc1a2e98c402874976\">\n.flex_column.av-5lgx6e-abae29bcaacbf1cc1a2e98c402874976{\nborder-radius:0px 0px 0px 0px;\npadding:0px 0px 0px 0px;\n}\n<\/style>\n<div  class='flex_column av-5lgx6e-abae29bcaacbf1cc1a2e98c402874976 av_one_half  avia-builder-el-5  el_after_av_one_half  el_before_av_hr  flex_column_div av-zero-column-padding  '     ><section  class='av_textblock_section av-3ok7me-49cb26a4f7a785f2c18a40b60edeea60 '   itemscope=\"itemscope\" itemtype=\"https:\/\/schema.org\/CreativeWork\" ><div class='avia_textblock'  itemprop=\"text\" ><ul>\n<li>With angle control modification in option.<\/li>\n<li>Dimensionate depending to the size of the pieces.<\/li>\n<li>Isolate trough springs, silentblocks or articulation arms.<\/li>\n<li>Easy maintenance.<\/li>\n<li>Heavy construction.<\/li>\n<\/ul>\n<\/div><\/section><\/div>\n<style type=\"text\/css\" data-created_by=\"avia_inline_auto\" id=\"style-css-av-28kn2u-0a2b150d3e6696913de16b60a6128b6b\">\n#top .hr.hr-invisible.av-28kn2u-0a2b150d3e6696913de16b60a6128b6b{\nheight:20px;\n}\n<\/style>\n<div  class='hr av-28kn2u-0a2b150d3e6696913de16b60a6128b6b hr-invisible  avia-builder-el-7  el_after_av_one_half  el_before_av_masonry_gallery  avia-builder-el-last '><span class='hr-inner '><span class=\"hr-inner-style\"><\/span><\/span><\/div>\n<div id='av-masonry-1' class='av-masonry av-khxfdd2l-2707b07135291225ce8ea787433c740c noHover av-fixed-size av-large-gap av-hover-overlay- av-masonry-animation-active av-masonry-col-4 av-caption-always av-caption-style- av-masonry-gallery ' data-post_id=\"2310\"><div class=\"av-masonry-container isotope av-js-disabled\"><div class='av-masonry-entry isotope-item av-masonry-item-no-image '><\/div><a href=\"https:\/\/vibrotech-eng.com\/wp-content\/uploads\/2017\/12\/DESMOLDEADORES-EN-CONTINUO.jpg\" data-srcset=\"https:\/\/vibrotech-eng.com\/wp-content\/uploads\/2017\/12\/DESMOLDEADORES-EN-CONTINUO.jpg 800w, https:\/\/vibrotech-eng.com\/wp-content\/uploads\/2017\/12\/DESMOLDEADORES-EN-CONTINUO-300x225.jpg 300w, https:\/\/vibrotech-eng.com\/wp-content\/uploads\/2017\/12\/DESMOLDEADORES-EN-CONTINUO-768x576.jpg 768w, https:\/\/vibrotech-eng.com\/wp-content\/uploads\/2017\/12\/DESMOLDEADORES-EN-CONTINUO-705x529.jpg 705w, https:\/\/vibrotech-eng.com\/wp-content\/uploads\/2017\/12\/DESMOLDEADORES-EN-CONTINUO-450x338.jpg 450w\" data-sizes=\"(max-width: 800px) 100vw, 800px\"  aria-label=\"image DESMOLDEADORES-EN-CONTINUO\"  id='av-masonry-1-item-1874' data-av-masonry-item='1874' class='av-masonry-entry isotope-item post-1874 attachment type-attachment status-inherit hentry  av-masonry-item-with-image' title=\"DESMOLDEADORES-EN-CONTINUO\" alt=\"\"    itemprop=\"thumbnailUrl\" ><div class='av-inner-masonry-sizer'><\/div><figure class='av-inner-masonry main_color'><div class=\"av-masonry-outerimage-container\"><div class='av-masonry-image-container' style=\"background-image: url(https:\/\/vibrotech-eng.com\/wp-content\/uploads\/2017\/12\/DESMOLDEADORES-EN-CONTINUO-705x529.jpg);\"  title=\"DESMOLDEADORES-EN-CONTINUO\"  ><\/div><\/div><\/figure><\/a><!--end av-masonry entry--><a href=\"https:\/\/vibrotech-eng.com\/wp-content\/uploads\/2022\/06\/SHAKE-OUT.jpg\" data-srcset=\"https:\/\/vibrotech-eng.com\/wp-content\/uploads\/2022\/06\/SHAKE-OUT.jpg 811w, https:\/\/vibrotech-eng.com\/wp-content\/uploads\/2022\/06\/SHAKE-OUT-300x223.jpg 300w, https:\/\/vibrotech-eng.com\/wp-content\/uploads\/2022\/06\/SHAKE-OUT-768x571.jpg 768w, https:\/\/vibrotech-eng.com\/wp-content\/uploads\/2022\/06\/SHAKE-OUT-705x524.jpg 705w\" data-sizes=\"(max-width: 811px) 100vw, 811px\"  aria-label=\"image SHAKE OUT\"  id='av-masonry-1-item-8774' data-av-masonry-item='8774' class='av-masonry-entry isotope-item post-8774 attachment type-attachment status-inherit hentry  av-masonry-item-with-image' title=\"SHAKE OUT\" alt=\"\"    itemprop=\"thumbnailUrl\" ><div class='av-inner-masonry-sizer'><\/div><figure class='av-inner-masonry main_color'><div class=\"av-masonry-outerimage-container\"><div class='av-masonry-image-container' style=\"background-image: url(https:\/\/vibrotech-eng.com\/wp-content\/uploads\/2022\/06\/SHAKE-OUT-705x524.jpg);\"  title=\"SHAKE OUT\"  ><\/div><\/div><\/figure><\/a><!--end av-masonry entry--><a href=\"https:\/\/vibrotech-eng.com\/wp-content\/uploads\/2022\/07\/WhatsApp-Image-2022-07-26-at-2.29.15-PM-2-1030x685.jpeg\" data-srcset=\"https:\/\/vibrotech-eng.com\/wp-content\/uploads\/2022\/07\/WhatsApp-Image-2022-07-26-at-2.29.15-PM-2-1030x685.jpeg 1030w, https:\/\/vibrotech-eng.com\/wp-content\/uploads\/2022\/07\/WhatsApp-Image-2022-07-26-at-2.29.15-PM-2-300x200.jpeg 300w, https:\/\/vibrotech-eng.com\/wp-content\/uploads\/2022\/07\/WhatsApp-Image-2022-07-26-at-2.29.15-PM-2-768x511.jpeg 768w, https:\/\/vibrotech-eng.com\/wp-content\/uploads\/2022\/07\/WhatsApp-Image-2022-07-26-at-2.29.15-PM-2-1536x1021.jpeg 1536w, https:\/\/vibrotech-eng.com\/wp-content\/uploads\/2022\/07\/WhatsApp-Image-2022-07-26-at-2.29.15-PM-2-1500x998.jpeg 1500w, https:\/\/vibrotech-eng.com\/wp-content\/uploads\/2022\/07\/WhatsApp-Image-2022-07-26-at-2.29.15-PM-2-705x469.jpeg 705w, https:\/\/vibrotech-eng.com\/wp-content\/uploads\/2022\/07\/WhatsApp-Image-2022-07-26-at-2.29.15-PM-2.jpeg 1600w\" data-sizes=\"(max-width: 1030px) 100vw, 1030px\"  aria-label=\"image WhatsApp Image 2022-07-26 at 2.29.15 PM (2)\"  id='av-masonry-1-item-8868' data-av-masonry-item='8868' class='av-masonry-entry isotope-item post-8868 attachment type-attachment status-inherit hentry  av-masonry-item-with-image' title=\"WhatsApp Image 2022-07-26 at 2.29.15 PM (2)\" alt=\"\"    itemprop=\"thumbnailUrl\" ><div class='av-inner-masonry-sizer'><\/div><figure class='av-inner-masonry main_color'><div class=\"av-masonry-outerimage-container\"><div class='av-masonry-image-container' style=\"background-image: url(https:\/\/vibrotech-eng.com\/wp-content\/uploads\/2022\/07\/WhatsApp-Image-2022-07-26-at-2.29.15-PM-2-705x469.jpeg);\"  title=\"WhatsApp Image 2022-07-26 at 2.29.15 PM (2)\"  ><\/div><\/div><\/figure><\/a><!--end av-masonry entry--><a href=\"https:\/\/vibrotech-eng.com\/wp-content\/uploads\/2021\/04\/IMG_7811-min-1030x773.jpg\" data-srcset=\"https:\/\/vibrotech-eng.com\/wp-content\/uploads\/2021\/04\/IMG_7811-min-1030x773.jpg 1030w, https:\/\/vibrotech-eng.com\/wp-content\/uploads\/2021\/04\/IMG_7811-min-300x225.jpg 300w, https:\/\/vibrotech-eng.com\/wp-content\/uploads\/2021\/04\/IMG_7811-min-768x576.jpg 768w, https:\/\/vibrotech-eng.com\/wp-content\/uploads\/2021\/04\/IMG_7811-min-1536x1152.jpg 1536w, https:\/\/vibrotech-eng.com\/wp-content\/uploads\/2021\/04\/IMG_7811-min-2048x1536.jpg 2048w, https:\/\/vibrotech-eng.com\/wp-content\/uploads\/2021\/04\/IMG_7811-min-1500x1125.jpg 1500w, https:\/\/vibrotech-eng.com\/wp-content\/uploads\/2021\/04\/IMG_7811-min-705x529.jpg 705w\" data-sizes=\"(max-width: 1030px) 100vw, 1030px\"  aria-label=\"image IMG_7811-min\"  id='av-masonry-1-item-5378' data-av-masonry-item='5378' class='av-masonry-entry isotope-item post-5378 attachment type-attachment status-inherit hentry  av-masonry-item-with-image' title=\"IMG_7811-min\" alt=\"\"    itemprop=\"thumbnailUrl\" ><div class='av-inner-masonry-sizer'><\/div><figure class='av-inner-masonry main_color'><div class=\"av-masonry-outerimage-container\"><div class='av-masonry-image-container' style=\"background-image: url(https:\/\/vibrotech-eng.com\/wp-content\/uploads\/2021\/04\/IMG_7811-min-705x529.jpg);\"  title=\"IMG_7811-min\"  ><\/div><\/div><\/figure><\/a><!--end av-masonry entry--><a href=\"https:\/\/vibrotech-eng.com\/wp-content\/uploads\/2023\/04\/IMG_20230328_092754-min-1030x773.jpg\" data-srcset=\"https:\/\/vibrotech-eng.com\/wp-content\/uploads\/2023\/04\/IMG_20230328_092754-min-1030x773.jpg 1030w, https:\/\/vibrotech-eng.com\/wp-content\/uploads\/2023\/04\/IMG_20230328_092754-min-300x225.jpg 300w, https:\/\/vibrotech-eng.com\/wp-content\/uploads\/2023\/04\/IMG_20230328_092754-min-768x576.jpg 768w, https:\/\/vibrotech-eng.com\/wp-content\/uploads\/2023\/04\/IMG_20230328_092754-min-1536x1152.jpg 1536w, https:\/\/vibrotech-eng.com\/wp-content\/uploads\/2023\/04\/IMG_20230328_092754-min-2048x1536.jpg 2048w, https:\/\/vibrotech-eng.com\/wp-content\/uploads\/2023\/04\/IMG_20230328_092754-min-1500x1125.jpg 1500w, https:\/\/vibrotech-eng.com\/wp-content\/uploads\/2023\/04\/IMG_20230328_092754-min-705x529.jpg 705w\" data-sizes=\"(max-width: 1030px) 100vw, 1030px\"  aria-label=\"image SHAKE OUT\"  id='av-masonry-1-item-9421' data-av-masonry-item='9421' class='av-masonry-entry isotope-item post-9421 attachment type-attachment status-inherit hentry  av-masonry-item-with-image' title=\"SHAKE OUT\" alt=\"\"    itemprop=\"thumbnailUrl\" ><div class='av-inner-masonry-sizer'><\/div><figure class='av-inner-masonry main_color'><div class=\"av-masonry-outerimage-container\"><div class='av-masonry-image-container' style=\"background-image: url(https:\/\/vibrotech-eng.com\/wp-content\/uploads\/2023\/04\/IMG_20230328_092754-min-705x529.jpg);\"  title=\"SHAKE OUT\"  ><\/div><\/div><\/figure><\/a><!--end av-masonry entry--><a href=\"https:\/\/vibrotech-eng.com\/wp-content\/uploads\/2017\/12\/Desmoldeadores-en-Continuo.jpg\" data-srcset=\"https:\/\/vibrotech-eng.com\/wp-content\/uploads\/2017\/12\/Desmoldeadores-en-Continuo.jpg 750w, https:\/\/vibrotech-eng.com\/wp-content\/uploads\/2017\/12\/Desmoldeadores-en-Continuo-300x170.jpg 300w, https:\/\/vibrotech-eng.com\/wp-content\/uploads\/2017\/12\/Desmoldeadores-en-Continuo-705x399.jpg 705w, https:\/\/vibrotech-eng.com\/wp-content\/uploads\/2017\/12\/Desmoldeadores-en-Continuo-450x254.jpg 450w\" data-sizes=\"(max-width: 750px) 100vw, 750px\"  aria-label=\"image Desmoldeadores en Continuo\"  id='av-masonry-1-item-1770' data-av-masonry-item='1770' class='av-masonry-entry isotope-item post-1770 attachment type-attachment status-inherit hentry  av-masonry-item-with-image' title=\"Desmoldeadores en Continuo\" alt=\"\"    itemprop=\"thumbnailUrl\" ><div class='av-inner-masonry-sizer'><\/div><figure class='av-inner-masonry main_color'><div class=\"av-masonry-outerimage-container\"><div class='av-masonry-image-container' style=\"background-image: url(https:\/\/vibrotech-eng.com\/wp-content\/uploads\/2017\/12\/Desmoldeadores-en-Continuo-705x399.jpg);\"  title=\"Desmoldeadores en Continuo\"  ><\/div><\/div><\/figure><\/a><!--end av-masonry entry--><a href=\"https:\/\/vibrotech-eng.com\/wp-content\/uploads\/2022\/07\/IMG_20220722_110813-1030x773.jpg\" data-srcset=\"https:\/\/vibrotech-eng.com\/wp-content\/uploads\/2022\/07\/IMG_20220722_110813-1030x773.jpg 1030w, https:\/\/vibrotech-eng.com\/wp-content\/uploads\/2022\/07\/IMG_20220722_110813-300x225.jpg 300w, https:\/\/vibrotech-eng.com\/wp-content\/uploads\/2022\/07\/IMG_20220722_110813-768x576.jpg 768w, https:\/\/vibrotech-eng.com\/wp-content\/uploads\/2022\/07\/IMG_20220722_110813-1536x1152.jpg 1536w, https:\/\/vibrotech-eng.com\/wp-content\/uploads\/2022\/07\/IMG_20220722_110813-2048x1536.jpg 2048w, https:\/\/vibrotech-eng.com\/wp-content\/uploads\/2022\/07\/IMG_20220722_110813-1500x1125.jpg 1500w, https:\/\/vibrotech-eng.com\/wp-content\/uploads\/2022\/07\/IMG_20220722_110813-705x529.jpg 705w\" data-sizes=\"(max-width: 1030px) 100vw, 1030px\"  aria-label=\"image IMG_20220722_110813\"  id='av-masonry-1-item-8872' data-av-masonry-item='8872' class='av-masonry-entry isotope-item post-8872 attachment type-attachment status-inherit hentry  av-masonry-item-with-image' title=\"IMG_20220722_110813\" alt=\"\"    itemprop=\"thumbnailUrl\" ><div class='av-inner-masonry-sizer'><\/div><figure class='av-inner-masonry main_color'><div class=\"av-masonry-outerimage-container\"><div class='av-masonry-image-container' style=\"background-image: url(https:\/\/vibrotech-eng.com\/wp-content\/uploads\/2022\/07\/IMG_20220722_110813-705x529.jpg);\"  title=\"IMG_20220722_110813\"  ><\/div><\/div><\/figure><\/a><!--end av-masonry entry--><a href=\"https:\/\/vibrotech-eng.com\/wp-content\/uploads\/2017\/12\/Desmoldeadores-en-Continuo-4.jpg\" data-srcset=\"https:\/\/vibrotech-eng.com\/wp-content\/uploads\/2017\/12\/Desmoldeadores-en-Continuo-4.jpg 750w, https:\/\/vibrotech-eng.com\/wp-content\/uploads\/2017\/12\/Desmoldeadores-en-Continuo-4-300x170.jpg 300w, https:\/\/vibrotech-eng.com\/wp-content\/uploads\/2017\/12\/Desmoldeadores-en-Continuo-4-705x399.jpg 705w, https:\/\/vibrotech-eng.com\/wp-content\/uploads\/2017\/12\/Desmoldeadores-en-Continuo-4-450x254.jpg 450w\" data-sizes=\"(max-width: 750px) 100vw, 750px\"  aria-label=\"image Desmoldeadores en Continuo 4\"  id='av-masonry-1-item-1764' data-av-masonry-item='1764' class='av-masonry-entry isotope-item post-1764 attachment type-attachment status-inherit hentry  av-masonry-item-with-image' title=\"Desmoldeadores en Continuo 4\" alt=\"\"    itemprop=\"thumbnailUrl\" ><div class='av-inner-masonry-sizer'><\/div><figure class='av-inner-masonry main_color'><div class=\"av-masonry-outerimage-container\"><div class='av-masonry-image-container' style=\"background-image: url(https:\/\/vibrotech-eng.com\/wp-content\/uploads\/2017\/12\/Desmoldeadores-en-Continuo-4-705x399.jpg);\"  title=\"Desmoldeadores en Continuo 4\"  ><\/div><\/div><\/figure><\/a><!--end av-masonry entry--><a href=\"https:\/\/vibrotech-eng.com\/wp-content\/uploads\/2017\/12\/Desmoldeadores-en-Continuo-3.jpg\" data-srcset=\"https:\/\/vibrotech-eng.com\/wp-content\/uploads\/2017\/12\/Desmoldeadores-en-Continuo-3.jpg 750w, https:\/\/vibrotech-eng.com\/wp-content\/uploads\/2017\/12\/Desmoldeadores-en-Continuo-3-300x170.jpg 300w, https:\/\/vibrotech-eng.com\/wp-content\/uploads\/2017\/12\/Desmoldeadores-en-Continuo-3-705x399.jpg 705w, https:\/\/vibrotech-eng.com\/wp-content\/uploads\/2017\/12\/Desmoldeadores-en-Continuo-3-450x254.jpg 450w\" data-sizes=\"(max-width: 750px) 100vw, 750px\"  aria-label=\"image Desmoldeadores en Continuo 3\"  id='av-masonry-1-item-1762' data-av-masonry-item='1762' class='av-masonry-entry isotope-item post-1762 attachment type-attachment status-inherit hentry  av-masonry-item-with-image' title=\"Desmoldeadores en Continuo 3\" alt=\"\"    itemprop=\"thumbnailUrl\" ><div class='av-inner-masonry-sizer'><\/div><figure class='av-inner-masonry main_color'><div class=\"av-masonry-outerimage-container\"><div class='av-masonry-image-container' style=\"background-image: url(https:\/\/vibrotech-eng.com\/wp-content\/uploads\/2017\/12\/Desmoldeadores-en-Continuo-3-705x399.jpg);\"  title=\"Desmoldeadores en Continuo 3\"  ><\/div><\/div><\/figure><\/a><!--end av-masonry entry--><a href=\"https:\/\/vibrotech-eng.com\/wp-content\/uploads\/2017\/12\/DESMOLDEADORES-EN-CONTINUO-2.jpg\" data-srcset=\"https:\/\/vibrotech-eng.com\/wp-content\/uploads\/2017\/12\/DESMOLDEADORES-EN-CONTINUO-2.jpg 800w, https:\/\/vibrotech-eng.com\/wp-content\/uploads\/2017\/12\/DESMOLDEADORES-EN-CONTINUO-2-300x225.jpg 300w, https:\/\/vibrotech-eng.com\/wp-content\/uploads\/2017\/12\/DESMOLDEADORES-EN-CONTINUO-2-768x576.jpg 768w, https:\/\/vibrotech-eng.com\/wp-content\/uploads\/2017\/12\/DESMOLDEADORES-EN-CONTINUO-2-705x529.jpg 705w, https:\/\/vibrotech-eng.com\/wp-content\/uploads\/2017\/12\/DESMOLDEADORES-EN-CONTINUO-2-450x338.jpg 450w\" data-sizes=\"(max-width: 800px) 100vw, 800px\"  aria-label=\"image DESMOLDEADORES-EN-CONTINUO-2\"  id='av-masonry-1-item-1876' data-av-masonry-item='1876' class='av-masonry-entry isotope-item post-1876 attachment type-attachment status-inherit hentry  av-masonry-item-with-image' title=\"DESMOLDEADORES-EN-CONTINUO-2\" alt=\"\"    itemprop=\"thumbnailUrl\" ><div class='av-inner-masonry-sizer'><\/div><figure class='av-inner-masonry main_color'><div class=\"av-masonry-outerimage-container\"><div class='av-masonry-image-container' style=\"background-image: url(https:\/\/vibrotech-eng.com\/wp-content\/uploads\/2017\/12\/DESMOLDEADORES-EN-CONTINUO-2-705x529.jpg);\"  title=\"DESMOLDEADORES-EN-CONTINUO-2\"  ><\/div><\/div><\/figure><\/a><!--end av-masonry entry--><a href=\"https:\/\/vibrotech-eng.com\/wp-content\/uploads\/2017\/12\/desmoldeador-shake-out.jpg\" data-srcset=\"https:\/\/vibrotech-eng.com\/wp-content\/uploads\/2017\/12\/desmoldeador-shake-out.jpg 800w, https:\/\/vibrotech-eng.com\/wp-content\/uploads\/2017\/12\/desmoldeador-shake-out-300x169.jpg 300w, https:\/\/vibrotech-eng.com\/wp-content\/uploads\/2017\/12\/desmoldeador-shake-out-768x432.jpg 768w, https:\/\/vibrotech-eng.com\/wp-content\/uploads\/2017\/12\/desmoldeador-shake-out-705x397.jpg 705w, https:\/\/vibrotech-eng.com\/wp-content\/uploads\/2017\/12\/desmoldeador-shake-out-450x253.jpg 450w\" data-sizes=\"(max-width: 800px) 100vw, 800px\"  aria-label=\"image desmoldeador-shake-out\"  id='av-masonry-1-item-1956' data-av-masonry-item='1956' class='av-masonry-entry isotope-item post-1956 attachment type-attachment status-inherit hentry  av-masonry-item-with-image' title=\"desmoldeador-shake-out\" alt=\"\"    itemprop=\"thumbnailUrl\" ><div class='av-inner-masonry-sizer'><\/div><figure class='av-inner-masonry main_color'><div class=\"av-masonry-outerimage-container\"><div class='av-masonry-image-container' style=\"background-image: url(https:\/\/vibrotech-eng.com\/wp-content\/uploads\/2017\/12\/desmoldeador-shake-out-705x397.jpg);\"  title=\"desmoldeador-shake-out\"  ><\/div><\/div><\/figure><\/a><!--end av-masonry entry--><a href=\"https:\/\/vibrotech-eng.com\/wp-content\/uploads\/2017\/12\/Desmoldeadores-en-Continuo-6.jpg\" data-srcset=\"https:\/\/vibrotech-eng.com\/wp-content\/uploads\/2017\/12\/Desmoldeadores-en-Continuo-6.jpg 750w, https:\/\/vibrotech-eng.com\/wp-content\/uploads\/2017\/12\/Desmoldeadores-en-Continuo-6-300x225.jpg 300w, https:\/\/vibrotech-eng.com\/wp-content\/uploads\/2017\/12\/Desmoldeadores-en-Continuo-6-705x529.jpg 705w, https:\/\/vibrotech-eng.com\/wp-content\/uploads\/2017\/12\/Desmoldeadores-en-Continuo-6-450x338.jpg 450w\" data-sizes=\"(max-width: 750px) 100vw, 750px\"  aria-label=\"image Desmoldeadores en Continuo 6\"  id='av-masonry-1-item-1768' data-av-masonry-item='1768' class='av-masonry-entry isotope-item post-1768 attachment type-attachment status-inherit hentry  av-masonry-item-with-image' title=\"Desmoldeadores en Continuo 6\" alt=\"\"    itemprop=\"thumbnailUrl\" ><div class='av-inner-masonry-sizer'><\/div><figure class='av-inner-masonry main_color'><div class=\"av-masonry-outerimage-container\"><div class='av-masonry-image-container' style=\"background-image: url(https:\/\/vibrotech-eng.com\/wp-content\/uploads\/2017\/12\/Desmoldeadores-en-Continuo-6-705x529.jpg);\"  title=\"Desmoldeadores en Continuo 6\"  ><\/div><\/div><\/figure><\/a><!--end av-masonry entry--><\/div><\/div>\n<\/div><\/div><\/main><!-- close content main element --><\/div><\/div><div id='after_section_1'  class='main_color av_default_container_wrap container_wrap sidebar_right'  ><div class='container av-section-cont-open' ><div class='template-page content  av-content-small alpha units'><div class='post-entry post-entry-type-page post-entry-2310'><div class='entry-content-wrapper clearfix'>\n","protected":false},"excerpt":{"rendered":"","protected":false},"author":2,"featured_media":0,"parent":0,"menu_order":0,"comment_status":"closed","ping_status":"closed","template":"","meta":{"footnotes":""},"class_list":["post-2310","page","type-page","status-publish","hentry"],"yoast_head":"<!-- This site is optimized with the Yoast SEO Premium plugin v20.3 (Yoast SEO v27.4) - https:\/\/yoast.com\/product\/yoast-seo-premium-wordpress\/ -->\n<title>Shake out conveyors - Vibrotech Engineering S.L<\/title>\n<meta name=\"robots\" content=\"index, follow, max-snippet:-1, max-image-preview:large, max-video-preview:-1\" \/>\n<link rel=\"canonical\" href=\"https:\/\/vibrotech-eng.com\/en\/shake-out-conveyors\/\" \/>\n<meta property=\"og:locale\" content=\"en_US\" \/>\n<meta property=\"og:type\" content=\"article\" \/>\n<meta property=\"og:title\" content=\"Shake out conveyors\" \/>\n<meta property=\"og:url\" content=\"https:\/\/vibrotech-eng.com\/en\/shake-out-conveyors\/\" \/>\n<meta property=\"og:site_name\" content=\"Vibrotech Engineering S.L\" \/>\n<meta property=\"article:modified_time\" content=\"2023-05-04T06:13:36+00:00\" \/>\n<meta name=\"twitter:card\" content=\"summary_large_image\" \/>\n<meta name=\"twitter:label1\" content=\"Est. reading time\" \/>\n\t<meta name=\"twitter:data1\" content=\"2 minutes\" \/>\n<script type=\"application\/ld+json\" class=\"yoast-schema-graph\">{\"@context\":\"https:\\\/\\\/schema.org\",\"@graph\":[{\"@type\":\"WebPage\",\"@id\":\"https:\\\/\\\/vibrotech-eng.com\\\/en\\\/shake-out-conveyors\\\/\",\"url\":\"https:\\\/\\\/vibrotech-eng.com\\\/en\\\/shake-out-conveyors\\\/\",\"name\":\"Shake out conveyors - Vibrotech Engineering S.L\",\"isPartOf\":{\"@id\":\"https:\\\/\\\/vibrotech-eng.com\\\/en\\\/#website\"},\"datePublished\":\"2017-09-25T10:19:14+00:00\",\"dateModified\":\"2023-05-04T06:13:36+00:00\",\"breadcrumb\":{\"@id\":\"https:\\\/\\\/vibrotech-eng.com\\\/en\\\/shake-out-conveyors\\\/#breadcrumb\"},\"inLanguage\":\"en-US\",\"potentialAction\":[{\"@type\":\"ReadAction\",\"target\":[\"https:\\\/\\\/vibrotech-eng.com\\\/en\\\/shake-out-conveyors\\\/\"]}]},{\"@type\":\"BreadcrumbList\",\"@id\":\"https:\\\/\\\/vibrotech-eng.com\\\/en\\\/shake-out-conveyors\\\/#breadcrumb\",\"itemListElement\":[{\"@type\":\"ListItem\",\"position\":1,\"name\":\"Home\",\"item\":\"https:\\\/\\\/vibrotech-eng.com\\\/en\\\/home\\\/\"},{\"@type\":\"ListItem\",\"position\":2,\"name\":\"Shake out conveyors\"}]},{\"@type\":\"WebSite\",\"@id\":\"https:\\\/\\\/vibrotech-eng.com\\\/en\\\/#website\",\"url\":\"https:\\\/\\\/vibrotech-eng.com\\\/en\\\/\",\"name\":\"Vibrotech Engineering S.L\",\"description\":\"Empresa espa\u00f1ola que desarrolla su actividad principal en el dise\u00f1o y fabricaci\u00f3n de maquinaria vibrante\",\"potentialAction\":[{\"@type\":\"SearchAction\",\"target\":{\"@type\":\"EntryPoint\",\"urlTemplate\":\"https:\\\/\\\/vibrotech-eng.com\\\/en\\\/?s={search_term_string}\"},\"query-input\":{\"@type\":\"PropertyValueSpecification\",\"valueRequired\":true,\"valueName\":\"search_term_string\"}}],\"inLanguage\":\"en-US\"}]}<\/script>\n<!-- \/ Yoast SEO Premium plugin. -->","yoast_head_json":{"title":"Shake out conveyors - Vibrotech Engineering S.L","robots":{"index":"index","follow":"follow","max-snippet":"max-snippet:-1","max-image-preview":"max-image-preview:large","max-video-preview":"max-video-preview:-1"},"canonical":"https:\/\/vibrotech-eng.com\/en\/shake-out-conveyors\/","og_locale":"en_US","og_type":"article","og_title":"Shake out conveyors","og_url":"https:\/\/vibrotech-eng.com\/en\/shake-out-conveyors\/","og_site_name":"Vibrotech Engineering S.L","article_modified_time":"2023-05-04T06:13:36+00:00","twitter_card":"summary_large_image","twitter_misc":{"Est. reading time":"2 minutes"},"schema":{"@context":"https:\/\/schema.org","@graph":[{"@type":"WebPage","@id":"https:\/\/vibrotech-eng.com\/en\/shake-out-conveyors\/","url":"https:\/\/vibrotech-eng.com\/en\/shake-out-conveyors\/","name":"Shake out conveyors - Vibrotech Engineering S.L","isPartOf":{"@id":"https:\/\/vibrotech-eng.com\/en\/#website"},"datePublished":"2017-09-25T10:19:14+00:00","dateModified":"2023-05-04T06:13:36+00:00","breadcrumb":{"@id":"https:\/\/vibrotech-eng.com\/en\/shake-out-conveyors\/#breadcrumb"},"inLanguage":"en-US","potentialAction":[{"@type":"ReadAction","target":["https:\/\/vibrotech-eng.com\/en\/shake-out-conveyors\/"]}]},{"@type":"BreadcrumbList","@id":"https:\/\/vibrotech-eng.com\/en\/shake-out-conveyors\/#breadcrumb","itemListElement":[{"@type":"ListItem","position":1,"name":"Home","item":"https:\/\/vibrotech-eng.com\/en\/home\/"},{"@type":"ListItem","position":2,"name":"Shake out conveyors"}]},{"@type":"WebSite","@id":"https:\/\/vibrotech-eng.com\/en\/#website","url":"https:\/\/vibrotech-eng.com\/en\/","name":"Vibrotech Engineering S.L","description":"Empresa espa\u00f1ola que desarrolla su actividad principal en el dise\u00f1o y fabricaci\u00f3n de maquinaria vibrante","potentialAction":[{"@type":"SearchAction","target":{"@type":"EntryPoint","urlTemplate":"https:\/\/vibrotech-eng.com\/en\/?s={search_term_string}"},"query-input":{"@type":"PropertyValueSpecification","valueRequired":true,"valueName":"search_term_string"}}],"inLanguage":"en-US"}]}},"_links":{"self":[{"href":"https:\/\/vibrotech-eng.com\/en\/wp-json\/wp\/v2\/pages\/2310","targetHints":{"allow":["GET"]}}],"collection":[{"href":"https:\/\/vibrotech-eng.com\/en\/wp-json\/wp\/v2\/pages"}],"about":[{"href":"https:\/\/vibrotech-eng.com\/en\/wp-json\/wp\/v2\/types\/page"}],"author":[{"embeddable":true,"href":"https:\/\/vibrotech-eng.com\/en\/wp-json\/wp\/v2\/users\/2"}],"replies":[{"embeddable":true,"href":"https:\/\/vibrotech-eng.com\/en\/wp-json\/wp\/v2\/comments?post=2310"}],"version-history":[{"count":0,"href":"https:\/\/vibrotech-eng.com\/en\/wp-json\/wp\/v2\/pages\/2310\/revisions"}],"wp:attachment":[{"href":"https:\/\/vibrotech-eng.com\/en\/wp-json\/wp\/v2\/media?parent=2310"}],"curies":[{"name":"wp","href":"https:\/\/api.w.org\/{rel}","templated":true}]}}