{"id":2118,"date":"2017-12-12T13:03:43","date_gmt":"2017-12-12T12:03:43","guid":{"rendered":"http:\/\/vibrotech-eng.com.mialias.net\/escurridores-vibrantes\/"},"modified":"2020-02-19T10:01:15","modified_gmt":"2020-02-19T09:01:15","slug":"vibrating-dewatering-machines","status":"publish","type":"page","link":"https:\/\/vibrotech-eng.com\/en\/vibrating-dewatering-machines\/","title":{"rendered":"Vibrating Dewatering Machines"},"content":{"rendered":"<div id='av_section_1'  class='avia-section av-fvgymu-def50dbca6967d9bc793b8a1d00b5b9f main_color avia-section-default avia-no-border-styling  avia-builder-el-0  avia-builder-el-no-sibling  avia-bg-style-scroll container_wrap sidebar_right'  ><div class='container av-section-cont-open' ><main  role=\"main\" itemprop=\"mainContentOfPage\"  class='template-page content  av-content-small alpha units'><div class='post-entry post-entry-type-page post-entry-2118'><div class='entry-content-wrapper clearfix'>\n<section  class='av_textblock_section av-dpcocm-febb2a5e489f2d4362aa7265e854470b '   itemscope=\"itemscope\" itemtype=\"https:\/\/schema.org\/CreativeWork\" ><div class='avia_textblock'  itemprop=\"text\" ><h1 class=\"entry-title\">Vibrating Dewatering Machines<\/h1>\n<\/div><\/section>\n<div class='flex_column_table av-c6z5o6-a00c01ab25c4d40a31d1f1e81d700af7 sc-av_one_third av-equal-height-column-flextable'>\n<style type=\"text\/css\" data-created_by=\"avia_inline_auto\" id=\"style-css-av-c6z5o6-a00c01ab25c4d40a31d1f1e81d700af7\">\n.flex_column.av-c6z5o6-a00c01ab25c4d40a31d1f1e81d700af7{\nborder-radius:0px 0px 0px 0px;\npadding:0px 0px 0px 0px;\n}\n<\/style>\n<div  class='flex_column av-c6z5o6-a00c01ab25c4d40a31d1f1e81d700af7 av_one_third  avia-builder-el-2  el_after_av_textblock  el_before_av_one_third  first flex_column_table_cell av-equal-height-column av-align-middle av-zero-column-padding  column-top-margin'     ><section  class='av_textblock_section av-auuh4m-8b965fb13160925f9a936d66ed7ebdd4 '   itemscope=\"itemscope\" itemtype=\"https:\/\/schema.org\/CreativeWork\" ><div class='avia_textblock'  itemprop=\"text\" ><p>Vibrating dewatering machines allow the drying of a large number of products mainly wet sands.<\/p>\n<p>They allow to eliminate the water and reduce the humidity for later processes in different materials.<\/p>\n<\/div><\/section><\/div><div class='av-flex-placeholder'><\/div>\n<style type=\"text\/css\" data-created_by=\"avia_inline_auto\" id=\"style-css-av-8sk7za-61a1ddd271e5645b6fb1be852da3399e\">\n.flex_column.av-8sk7za-61a1ddd271e5645b6fb1be852da3399e{\nborder-radius:0px 0px 0px 0px;\npadding:0px 0px 0px 0px;\n}\n<\/style>\n<div  class='flex_column av-8sk7za-61a1ddd271e5645b6fb1be852da3399e av_one_third  avia-builder-el-4  el_after_av_one_third  el_before_av_one_third  flex_column_table_cell av-equal-height-column av-align-middle av-zero-column-padding  column-top-margin'     ><section  class='av_textblock_section av-88au9i-3208ae0c73c17f9c747b8fd741623686 '   itemscope=\"itemscope\" itemtype=\"https:\/\/schema.org\/CreativeWork\" ><div class='avia_textblock'  itemprop=\"text\" ><p>The possibility of manufacturing it with negative slope makes to improve the process of moisture reduction.<\/p>\n<p>Due to its design, the vibratory dewatering machines  can be fitted with different meshes: (stainless steel grids, rubber meshes and \/ or special materials)<\/p>\n<\/div><\/section><\/div><div class='av-flex-placeholder'><\/div>\n<style type=\"text\/css\" data-created_by=\"avia_inline_auto\" id=\"style-css-av-613z3a-f2ee5c254bbdd778621ba57c89eb29d8\">\n.flex_column.av-613z3a-f2ee5c254bbdd778621ba57c89eb29d8{\nborder-radius:0px 0px 0px 0px;\npadding:0px 0px 0px 0px;\n}\n<\/style>\n<div  class='flex_column av-613z3a-f2ee5c254bbdd778621ba57c89eb29d8 av_one_third  avia-builder-el-6  el_after_av_one_third  el_before_av_hr  flex_column_table_cell av-equal-height-column av-align-middle av-zero-column-padding  column-top-margin'     ><style type=\"text\/css\" data-created_by=\"avia_inline_auto\" id=\"style-css-av-4cw6yu-d425fa544dca03c5c7d8884c1dc8502c\">\n.avia-image-container.av-4cw6yu-d425fa544dca03c5c7d8884c1dc8502c img.avia_image{\nbox-shadow:none;\n}\n.avia-image-container.av-4cw6yu-d425fa544dca03c5c7d8884c1dc8502c .av-image-caption-overlay-center{\ncolor:#ffffff;\n}\n<\/style>\n<div  class='avia-image-container av-4cw6yu-d425fa544dca03c5c7d8884c1dc8502c av-styling- avia-align-center  avia-builder-el-7  avia-builder-el-no-sibling '   itemprop=\"image\" itemscope=\"itemscope\" itemtype=\"https:\/\/schema.org\/ImageObject\" ><div class=\"avia-image-container-inner\"><div class=\"avia-image-overlay-wrap\"><img decoding=\"async\" fetchpriority=\"high\" class='wp-image-1840 avia-img-lazy-loading-not-1840 avia_image ' src=\"https:\/\/vibrotech-eng.com\/wp-content\/uploads\/2017\/12\/ESCURRIDORES.jpg\" alt='' title='ESCURRIDORES'  height=\"525\" width=\"700\"  itemprop=\"thumbnailUrl\" srcset=\"https:\/\/vibrotech-eng.com\/wp-content\/uploads\/2017\/12\/ESCURRIDORES.jpg 700w, https:\/\/vibrotech-eng.com\/wp-content\/uploads\/2017\/12\/ESCURRIDORES-300x225.jpg 300w, https:\/\/vibrotech-eng.com\/wp-content\/uploads\/2017\/12\/ESCURRIDORES-450x338.jpg 450w\" sizes=\"(max-width: 700px) 100vw, 700px\" \/><\/div><\/div><\/div><\/div><\/div><!--close column table wrapper. Autoclose: 1 -->\n<style type=\"text\/css\" data-created_by=\"avia_inline_auto\" id=\"style-css-av-2xc1za-882ed21088c0dfc93f17fd1438723dd0\">\n#top .hr.hr-invisible.av-2xc1za-882ed21088c0dfc93f17fd1438723dd0{\nheight:40px;\n}\n<\/style>\n<div  class='hr av-2xc1za-882ed21088c0dfc93f17fd1438723dd0 hr-invisible  avia-builder-el-8  el_after_av_one_third  el_before_av_masonry_gallery  avia-builder-el-last '><span class='hr-inner '><span class=\"hr-inner-style\"><\/span><\/span><\/div>\n<div id='av-masonry-1' class='av-masonry av-jy49r31d-c78b93cc0b62895010360825bee36986 noHover av-fixed-size av-large-gap av-hover-overlay- av-masonry-animation-active av-masonry-col-3 av-caption-always av-caption-style- av-masonry-gallery ' data-post_id=\"2118\"><div class=\"av-masonry-container isotope av-js-disabled\"><div class='av-masonry-entry isotope-item av-masonry-item-no-image '><\/div><a href=\"https:\/\/vibrotech-eng.com\/wp-content\/uploads\/2019\/07\/escurridores.jpg\" data-srcset=\"https:\/\/vibrotech-eng.com\/wp-content\/uploads\/2019\/07\/escurridores.jpg 1000w, https:\/\/vibrotech-eng.com\/wp-content\/uploads\/2019\/07\/escurridores-300x199.jpg 300w, https:\/\/vibrotech-eng.com\/wp-content\/uploads\/2019\/07\/escurridores-768x509.jpg 768w, https:\/\/vibrotech-eng.com\/wp-content\/uploads\/2019\/07\/escurridores-705x467.jpg 705w, https:\/\/vibrotech-eng.com\/wp-content\/uploads\/2019\/07\/escurridores-450x298.jpg 450w\" data-sizes=\"(max-width: 1000px) 100vw, 1000px\"  aria-label=\"image escurridores\"  id='av-masonry-1-item-4016' data-av-masonry-item='4016' class='av-masonry-entry isotope-item post-4016 attachment type-attachment status-inherit hentry  av-masonry-item-with-image' title=\"escurridores\" alt=\"escurridores\"    itemprop=\"thumbnailUrl\" ><div class='av-inner-masonry-sizer'><\/div><figure class='av-inner-masonry main_color'><div class=\"av-masonry-outerimage-container\"><div class='av-masonry-image-container' style=\"background-image: url(https:\/\/vibrotech-eng.com\/wp-content\/uploads\/2019\/07\/escurridores-705x467.jpg);\"  title=\"escurridores\"   alt=\"escurridores\" ><\/div><\/div><\/figure><\/a><!--end av-masonry entry--><a href=\"https:\/\/vibrotech-eng.com\/wp-content\/uploads\/2020\/02\/20200122_115520-2-684x1030.jpg\" data-srcset=\"https:\/\/vibrotech-eng.com\/wp-content\/uploads\/2020\/02\/20200122_115520-2-684x1030.jpg 684w, https:\/\/vibrotech-eng.com\/wp-content\/uploads\/2020\/02\/20200122_115520-2-199x300.jpg 199w, https:\/\/vibrotech-eng.com\/wp-content\/uploads\/2020\/02\/20200122_115520-2-768x1156.jpg 768w, https:\/\/vibrotech-eng.com\/wp-content\/uploads\/2020\/02\/20200122_115520-2-996x1500.jpg 996w, https:\/\/vibrotech-eng.com\/wp-content\/uploads\/2020\/02\/20200122_115520-2-468x705.jpg 468w, https:\/\/vibrotech-eng.com\/wp-content\/uploads\/2020\/02\/20200122_115520-2.jpg 1189w\" data-sizes=\"(max-width: 684px) 100vw, 684px\"  aria-label=\"image 20200122_115520\"  id='av-masonry-1-item-4334' data-av-masonry-item='4334' class='av-masonry-entry isotope-item post-4334 attachment type-attachment status-inherit hentry  av-masonry-item-with-image' title=\"20200122_115520\" alt=\"\"    itemprop=\"thumbnailUrl\" ><div class='av-inner-masonry-sizer'><\/div><figure class='av-inner-masonry main_color'><div class=\"av-masonry-outerimage-container\"><div class='av-masonry-image-container' style=\"background-image: url(https:\/\/vibrotech-eng.com\/wp-content\/uploads\/2020\/02\/20200122_115520-2-468x705.jpg);\"  title=\"20200122_115520\"  ><\/div><\/div><\/figure><\/a><!--end av-masonry entry--><a href=\"https:\/\/vibrotech-eng.com\/wp-content\/uploads\/2017\/12\/ESCURRIDORES-vibrantes.jpg\" data-srcset=\"https:\/\/vibrotech-eng.com\/wp-content\/uploads\/2017\/12\/ESCURRIDORES-vibrantes.jpg 757w, https:\/\/vibrotech-eng.com\/wp-content\/uploads\/2017\/12\/ESCURRIDORES-vibrantes-300x240.jpg 300w, https:\/\/vibrotech-eng.com\/wp-content\/uploads\/2017\/12\/ESCURRIDORES-vibrantes-705x563.jpg 705w, https:\/\/vibrotech-eng.com\/wp-content\/uploads\/2017\/12\/ESCURRIDORES-vibrantes-450x360.jpg 450w\" data-sizes=\"(max-width: 757px) 100vw, 757px\"  aria-label=\"image ESCURRIDORES-vibrantes\"  id='av-masonry-1-item-1842' data-av-masonry-item='1842' class='av-masonry-entry isotope-item post-1842 attachment type-attachment status-inherit hentry  av-masonry-item-with-image' title=\"ESCURRIDORES-vibrantes\" alt=\"\"    itemprop=\"thumbnailUrl\" ><div class='av-inner-masonry-sizer'><\/div><figure class='av-inner-masonry main_color'><div class=\"av-masonry-outerimage-container\"><div class='av-masonry-image-container' style=\"background-image: url(https:\/\/vibrotech-eng.com\/wp-content\/uploads\/2017\/12\/ESCURRIDORES-vibrantes-705x563.jpg);\"  title=\"ESCURRIDORES-vibrantes\"  ><\/div><\/div><\/figure><\/a><!--end av-masonry entry--><a href=\"https:\/\/vibrotech-eng.com\/wp-content\/uploads\/2017\/12\/ESCURRIDORES-vibrantes-2.jpg\" data-srcset=\"https:\/\/vibrotech-eng.com\/wp-content\/uploads\/2017\/12\/ESCURRIDORES-vibrantes-2.jpg 630w, https:\/\/vibrotech-eng.com\/wp-content\/uploads\/2017\/12\/ESCURRIDORES-vibrantes-2-222x300.jpg 222w, https:\/\/vibrotech-eng.com\/wp-content\/uploads\/2017\/12\/ESCURRIDORES-vibrantes-2-523x705.jpg 523w, https:\/\/vibrotech-eng.com\/wp-content\/uploads\/2017\/12\/ESCURRIDORES-vibrantes-2-450x607.jpg 450w\" data-sizes=\"(max-width: 630px) 100vw, 630px\"  aria-label=\"image ESCURRIDORES-vibrantes-2\"  id='av-masonry-1-item-1844' data-av-masonry-item='1844' class='av-masonry-entry isotope-item post-1844 attachment type-attachment status-inherit hentry  av-masonry-item-with-image' title=\"ESCURRIDORES-vibrantes-2\" alt=\"\"    itemprop=\"thumbnailUrl\" ><div class='av-inner-masonry-sizer'><\/div><figure class='av-inner-masonry main_color'><div class=\"av-masonry-outerimage-container\"><div class='av-masonry-image-container' style=\"background-image: url(https:\/\/vibrotech-eng.com\/wp-content\/uploads\/2017\/12\/ESCURRIDORES-vibrantes-2-523x705.jpg);\"  title=\"ESCURRIDORES-vibrantes-2\"  ><\/div><\/div><\/figure><\/a><!--end av-masonry entry--><a href=\"https:\/\/vibrotech-eng.com\/wp-content\/uploads\/2017\/12\/escurridores-vibrantes-3.jpg\" data-srcset=\"https:\/\/vibrotech-eng.com\/wp-content\/uploads\/2017\/12\/escurridores-vibrantes-3.jpg 750w, https:\/\/vibrotech-eng.com\/wp-content\/uploads\/2017\/12\/escurridores-vibrantes-3-300x225.jpg 300w, https:\/\/vibrotech-eng.com\/wp-content\/uploads\/2017\/12\/escurridores-vibrantes-3-705x529.jpg 705w, https:\/\/vibrotech-eng.com\/wp-content\/uploads\/2017\/12\/escurridores-vibrantes-3-450x338.jpg 450w\" data-sizes=\"(max-width: 750px) 100vw, 750px\"  aria-label=\"image escurridores vibrantes 3\"  id='av-masonry-1-item-1508' data-av-masonry-item='1508' class='av-masonry-entry isotope-item post-1508 attachment type-attachment status-inherit hentry  av-masonry-item-with-image' title=\"escurridores vibrantes 3\" alt=\"\"    itemprop=\"thumbnailUrl\" ><div class='av-inner-masonry-sizer'><\/div><figure class='av-inner-masonry main_color'><div class=\"av-masonry-outerimage-container\"><div class='av-masonry-image-container' style=\"background-image: url(https:\/\/vibrotech-eng.com\/wp-content\/uploads\/2017\/12\/escurridores-vibrantes-3-705x529.jpg);\"  title=\"escurridores vibrantes 3\"  ><\/div><\/div><\/figure><\/a><!--end av-masonry entry--><a href=\"https:\/\/vibrotech-eng.com\/wp-content\/uploads\/2017\/12\/escurridores-vibrantes.jpg\" data-srcset=\"https:\/\/vibrotech-eng.com\/wp-content\/uploads\/2017\/12\/escurridores-vibrantes.jpg 750w, https:\/\/vibrotech-eng.com\/wp-content\/uploads\/2017\/12\/escurridores-vibrantes-281x300.jpg 281w, https:\/\/vibrotech-eng.com\/wp-content\/uploads\/2017\/12\/escurridores-vibrantes-661x705.jpg 661w, https:\/\/vibrotech-eng.com\/wp-content\/uploads\/2017\/12\/escurridores-vibrantes-450x480.jpg 450w\" data-sizes=\"(max-width: 750px) 100vw, 750px\"  aria-label=\"image escurridores vibrantes\"  id='av-masonry-1-item-1512' data-av-masonry-item='1512' class='av-masonry-entry isotope-item post-1512 attachment type-attachment status-inherit hentry  av-masonry-item-with-image' title=\"escurridores vibrantes\" alt=\"\"    itemprop=\"thumbnailUrl\" ><div class='av-inner-masonry-sizer'><\/div><figure class='av-inner-masonry main_color'><div class=\"av-masonry-outerimage-container\"><div class='av-masonry-image-container' style=\"background-image: url(https:\/\/vibrotech-eng.com\/wp-content\/uploads\/2017\/12\/escurridores-vibrantes-661x705.jpg);\"  title=\"escurridores vibrantes\"  ><\/div><\/div><\/figure><\/a><!--end av-masonry entry--><\/div><\/div>\n<\/div><\/div><\/main><!-- close content main element --><\/div><\/div><div id='after_section_1'  class='main_color av_default_container_wrap container_wrap sidebar_right'  ><div class='container av-section-cont-open' ><div class='template-page content  av-content-small alpha units'><div class='post-entry post-entry-type-page post-entry-2118'><div class='entry-content-wrapper clearfix'>\n","protected":false},"excerpt":{"rendered":"","protected":false},"author":2,"featured_media":0,"parent":0,"menu_order":0,"comment_status":"closed","ping_status":"closed","template":"","meta":{"footnotes":""},"class_list":["post-2118","page","type-page","status-publish","hentry"],"yoast_head":"<!-- This site is optimized with the Yoast SEO Premium plugin v20.3 (Yoast SEO v27.4) - https:\/\/yoast.com\/product\/yoast-seo-premium-wordpress\/ -->\n<title>Vibrating Dewatering Machines - Vibrotech Engineering S.L<\/title>\n<meta name=\"robots\" content=\"index, follow, max-snippet:-1, max-image-preview:large, max-video-preview:-1\" \/>\n<link rel=\"canonical\" href=\"https:\/\/vibrotech-eng.com\/en\/vibrating-dewatering-machines\/\" \/>\n<meta property=\"og:locale\" content=\"en_US\" \/>\n<meta property=\"og:type\" content=\"article\" \/>\n<meta property=\"og:title\" content=\"Vibrating Dewatering Machines\" \/>\n<meta property=\"og:url\" content=\"https:\/\/vibrotech-eng.com\/en\/vibrating-dewatering-machines\/\" \/>\n<meta property=\"og:site_name\" content=\"Vibrotech Engineering S.L\" \/>\n<meta property=\"article:modified_time\" content=\"2020-02-19T09:01:15+00:00\" \/>\n<meta name=\"twitter:card\" content=\"summary_large_image\" \/>\n<meta name=\"twitter:label1\" content=\"Est. reading time\" \/>\n\t<meta name=\"twitter:data1\" content=\"3 minutes\" \/>\n<script type=\"application\/ld+json\" class=\"yoast-schema-graph\">{\"@context\":\"https:\\\/\\\/schema.org\",\"@graph\":[{\"@type\":\"WebPage\",\"@id\":\"https:\\\/\\\/vibrotech-eng.com\\\/en\\\/vibrating-dewatering-machines\\\/\",\"url\":\"https:\\\/\\\/vibrotech-eng.com\\\/en\\\/vibrating-dewatering-machines\\\/\",\"name\":\"Vibrating Dewatering Machines - Vibrotech Engineering S.L\",\"isPartOf\":{\"@id\":\"https:\\\/\\\/vibrotech-eng.com\\\/en\\\/#website\"},\"datePublished\":\"2017-12-12T12:03:43+00:00\",\"dateModified\":\"2020-02-19T09:01:15+00:00\",\"breadcrumb\":{\"@id\":\"https:\\\/\\\/vibrotech-eng.com\\\/en\\\/vibrating-dewatering-machines\\\/#breadcrumb\"},\"inLanguage\":\"en-US\",\"potentialAction\":[{\"@type\":\"ReadAction\",\"target\":[\"https:\\\/\\\/vibrotech-eng.com\\\/en\\\/vibrating-dewatering-machines\\\/\"]}]},{\"@type\":\"BreadcrumbList\",\"@id\":\"https:\\\/\\\/vibrotech-eng.com\\\/en\\\/vibrating-dewatering-machines\\\/#breadcrumb\",\"itemListElement\":[{\"@type\":\"ListItem\",\"position\":1,\"name\":\"Home\",\"item\":\"https:\\\/\\\/vibrotech-eng.com\\\/en\\\/home\\\/\"},{\"@type\":\"ListItem\",\"position\":2,\"name\":\"Vibrating Dewatering Machines\"}]},{\"@type\":\"WebSite\",\"@id\":\"https:\\\/\\\/vibrotech-eng.com\\\/en\\\/#website\",\"url\":\"https:\\\/\\\/vibrotech-eng.com\\\/en\\\/\",\"name\":\"Vibrotech Engineering S.L\",\"description\":\"Empresa espa\u00f1ola que desarrolla su actividad principal en el dise\u00f1o y fabricaci\u00f3n de maquinaria vibrante\",\"potentialAction\":[{\"@type\":\"SearchAction\",\"target\":{\"@type\":\"EntryPoint\",\"urlTemplate\":\"https:\\\/\\\/vibrotech-eng.com\\\/en\\\/?s={search_term_string}\"},\"query-input\":{\"@type\":\"PropertyValueSpecification\",\"valueRequired\":true,\"valueName\":\"search_term_string\"}}],\"inLanguage\":\"en-US\"}]}<\/script>\n<!-- \/ Yoast SEO Premium plugin. -->","yoast_head_json":{"title":"Vibrating Dewatering Machines - Vibrotech Engineering S.L","robots":{"index":"index","follow":"follow","max-snippet":"max-snippet:-1","max-image-preview":"max-image-preview:large","max-video-preview":"max-video-preview:-1"},"canonical":"https:\/\/vibrotech-eng.com\/en\/vibrating-dewatering-machines\/","og_locale":"en_US","og_type":"article","og_title":"Vibrating Dewatering Machines","og_url":"https:\/\/vibrotech-eng.com\/en\/vibrating-dewatering-machines\/","og_site_name":"Vibrotech Engineering S.L","article_modified_time":"2020-02-19T09:01:15+00:00","twitter_card":"summary_large_image","twitter_misc":{"Est. reading time":"3 minutes"},"schema":{"@context":"https:\/\/schema.org","@graph":[{"@type":"WebPage","@id":"https:\/\/vibrotech-eng.com\/en\/vibrating-dewatering-machines\/","url":"https:\/\/vibrotech-eng.com\/en\/vibrating-dewatering-machines\/","name":"Vibrating Dewatering Machines - Vibrotech Engineering S.L","isPartOf":{"@id":"https:\/\/vibrotech-eng.com\/en\/#website"},"datePublished":"2017-12-12T12:03:43+00:00","dateModified":"2020-02-19T09:01:15+00:00","breadcrumb":{"@id":"https:\/\/vibrotech-eng.com\/en\/vibrating-dewatering-machines\/#breadcrumb"},"inLanguage":"en-US","potentialAction":[{"@type":"ReadAction","target":["https:\/\/vibrotech-eng.com\/en\/vibrating-dewatering-machines\/"]}]},{"@type":"BreadcrumbList","@id":"https:\/\/vibrotech-eng.com\/en\/vibrating-dewatering-machines\/#breadcrumb","itemListElement":[{"@type":"ListItem","position":1,"name":"Home","item":"https:\/\/vibrotech-eng.com\/en\/home\/"},{"@type":"ListItem","position":2,"name":"Vibrating Dewatering Machines"}]},{"@type":"WebSite","@id":"https:\/\/vibrotech-eng.com\/en\/#website","url":"https:\/\/vibrotech-eng.com\/en\/","name":"Vibrotech Engineering S.L","description":"Empresa espa\u00f1ola que desarrolla su actividad principal en el dise\u00f1o y fabricaci\u00f3n de maquinaria vibrante","potentialAction":[{"@type":"SearchAction","target":{"@type":"EntryPoint","urlTemplate":"https:\/\/vibrotech-eng.com\/en\/?s={search_term_string}"},"query-input":{"@type":"PropertyValueSpecification","valueRequired":true,"valueName":"search_term_string"}}],"inLanguage":"en-US"}]}},"_links":{"self":[{"href":"https:\/\/vibrotech-eng.com\/en\/wp-json\/wp\/v2\/pages\/2118","targetHints":{"allow":["GET"]}}],"collection":[{"href":"https:\/\/vibrotech-eng.com\/en\/wp-json\/wp\/v2\/pages"}],"about":[{"href":"https:\/\/vibrotech-eng.com\/en\/wp-json\/wp\/v2\/types\/page"}],"author":[{"embeddable":true,"href":"https:\/\/vibrotech-eng.com\/en\/wp-json\/wp\/v2\/users\/2"}],"replies":[{"embeddable":true,"href":"https:\/\/vibrotech-eng.com\/en\/wp-json\/wp\/v2\/comments?post=2118"}],"version-history":[{"count":0,"href":"https:\/\/vibrotech-eng.com\/en\/wp-json\/wp\/v2\/pages\/2118\/revisions"}],"wp:attachment":[{"href":"https:\/\/vibrotech-eng.com\/en\/wp-json\/wp\/v2\/media?parent=2118"}],"curies":[{"name":"wp","href":"https:\/\/api.w.org\/{rel}","templated":true}]}}