{"id":2081,"date":"2017-09-25T12:15:23","date_gmt":"2017-09-25T10:15:23","guid":{"rendered":"http:\/\/vibrotech-eng.com.mialias.net\/precribadores-grizlies-scalpers\/"},"modified":"2018-09-13T16:55:54","modified_gmt":"2018-09-13T14:55:54","slug":"grizlies-scalpers","status":"publish","type":"page","link":"https:\/\/vibrotech-eng.com\/en\/products\/grizlies-scalpers\/","title":{"rendered":"Grizlies-Scalpers"},"content":{"rendered":"<div id='av_section_1'  class='avia-section av-av_section-2f8a4d5d3ebd9c637093dc8e14b646e9 main_color avia-section-default avia-no-border-styling  avia-builder-el-0  avia-builder-el-no-sibling  avia-bg-style-scroll container_wrap sidebar_right'  ><div class='container av-section-cont-open' ><main  role=\"main\" itemprop=\"mainContentOfPage\"  class='template-page content  av-content-small alpha units'><div class='post-entry post-entry-type-page post-entry-2081'><div class='entry-content-wrapper clearfix'>\n<section  class='av_textblock_section av-av_textblock-2bd894dbf2e4bf2c4acf98ce4fbf94aa '   itemscope=\"itemscope\" itemtype=\"https:\/\/schema.org\/CreativeWork\" ><div class='avia_textblock'  itemprop=\"text\" ><h1 style=\"text-align: center;\">Grizzlies-Scalpers<\/h1>\n<\/div><\/section>\n\n<style type=\"text\/css\" data-created_by=\"avia_inline_auto\" id=\"style-css-av-av_hr-0645478af54715b75905f78d46849be0\">\n#top .hr.hr-invisible.av-av_hr-0645478af54715b75905f78d46849be0{\nheight:50px;\n}\n<\/style>\n<div  class='hr av-av_hr-0645478af54715b75905f78d46849be0 hr-invisible  avia-builder-el-2  el_after_av_textblock  el_before_av_one_third '><span class='hr-inner '><span class=\"hr-inner-style\"><\/span><\/span><\/div>\n\n<style type=\"text\/css\" data-created_by=\"avia_inline_auto\" id=\"style-css-av-av_one_third-aaf5ea56e219d627ccd339512534768b\">\n.flex_column.av-av_one_third-aaf5ea56e219d627ccd339512534768b{\nborder-radius:0px 0px 0px 0px;\npadding:0px 0px 0px 0px;\n}\n<\/style>\n<div  class='flex_column av-av_one_third-aaf5ea56e219d627ccd339512534768b av_one_third  avia-builder-el-3  el_after_av_hr  el_before_av_one_third  first flex_column_div av-zero-column-padding  '     ><section  class='av_textblock_section av-av_textblock-2bd894dbf2e4bf2c4acf98ce4fbf94aa '   itemscope=\"itemscope\" itemtype=\"https:\/\/schema.org\/CreativeWork\" ><div class='avia_textblock'  itemprop=\"text\" ><p>Vibrotech Engineering S.L. performs the design and manufacture of vibrating grizzlies and scalpers mainly for the industry of extraction of aggregates (quarries, gravel pits and mining industry) and recycling plants solid urban waste\u00a0 and mixed construction and demolition waste.<\/p>\n<p>These machines are generally driven by gear box exciters for large models or with electric motor vibrators for smaller sizes. The drive is selected depending on the size of the grizzly and the flow to be processed.<\/p>\n<\/div><\/section><\/div>\n<style type=\"text\/css\" data-created_by=\"avia_inline_auto\" id=\"style-css-av-av_one_third-c8fc129dc35fd1ae2a1e410224d39ea8\">\n.flex_column.av-av_one_third-c8fc129dc35fd1ae2a1e410224d39ea8{\nborder-radius:0px 0px 0px 0px;\npadding:0px 0px 0px 0px;\n}\n<\/style>\n<div  class='flex_column av-av_one_third-c8fc129dc35fd1ae2a1e410224d39ea8 av_one_third  avia-builder-el-5  el_after_av_one_third  el_before_av_one_third  flex_column_div av-zero-column-padding  '     ><section  class='av_textblock_section av-av_textblock-2bd894dbf2e4bf2c4acf98ce4fbf94aa '   itemscope=\"itemscope\" itemtype=\"https:\/\/schema.org\/CreativeWork\" ><div class='avia_textblock'  itemprop=\"text\" ><p>The machines are designed with heavy construction, due to the demanding jobs they are subjected to.<\/p>\n<p>Generally, the use of the grizzlies and scalpers is to reduce fine production input to crushing mills and jaw crushers eliminating fine material before entry to them.<\/p>\n<p>The grizzlies and scalpers can be manufactured with various configurations depending on the operation. Likewise all types of grids can be adapted for the separation of fine material.<\/p>\n<\/div><\/section><\/div>\n<style type=\"text\/css\" data-created_by=\"avia_inline_auto\" id=\"style-css-av-av_one_third-c8fc129dc35fd1ae2a1e410224d39ea8\">\n.flex_column.av-av_one_third-c8fc129dc35fd1ae2a1e410224d39ea8{\nborder-radius:0px 0px 0px 0px;\npadding:0px 0px 0px 0px;\n}\n<\/style>\n<div  class='flex_column av-av_one_third-c8fc129dc35fd1ae2a1e410224d39ea8 av_one_third  avia-builder-el-7  el_after_av_one_third  el_before_av_hr  flex_column_div av-zero-column-padding  '     ><style type=\"text\/css\" data-created_by=\"avia_inline_auto\" id=\"style-css-av-av_image-422ab2cb39aa3d7098f86ca20fdd9793\">\n.avia-image-container.av-av_image-422ab2cb39aa3d7098f86ca20fdd9793 img.avia_image{\nbox-shadow:none;\n}\n.avia-image-container.av-av_image-422ab2cb39aa3d7098f86ca20fdd9793 .av-image-caption-overlay-center{\ncolor:#ffffff;\n}\n<\/style>\n<div  class='avia-image-container av-av_image-422ab2cb39aa3d7098f86ca20fdd9793 av-styling- avia-align-center  avia-builder-el-8  avia-builder-el-no-sibling '   itemprop=\"image\" itemscope=\"itemscope\" itemtype=\"https:\/\/schema.org\/ImageObject\" ><div class=\"avia-image-container-inner\"><div class=\"avia-image-overlay-wrap\"><img decoding=\"async\" fetchpriority=\"high\" class='wp-image-1836 avia-img-lazy-loading-not-1836 avia_image ' src=\"https:\/\/vibrotech-eng.com\/wp-content\/uploads\/2017\/12\/PRECRIBADORES-GRIZZLIES-SCALPERS.jpg\" alt='' title='Escurridores&lt;br \/&gt;Vibrantes'  height=\"525\" width=\"700\"  itemprop=\"thumbnailUrl\" srcset=\"https:\/\/vibrotech-eng.com\/wp-content\/uploads\/2017\/12\/PRECRIBADORES-GRIZZLIES-SCALPERS.jpg 700w, https:\/\/vibrotech-eng.com\/wp-content\/uploads\/2017\/12\/PRECRIBADORES-GRIZZLIES-SCALPERS-300x225.jpg 300w, https:\/\/vibrotech-eng.com\/wp-content\/uploads\/2017\/12\/PRECRIBADORES-GRIZZLIES-SCALPERS-450x338.jpg 450w\" sizes=\"(max-width: 700px) 100vw, 700px\" \/><\/div><\/div><\/div><\/div>\n<style type=\"text\/css\" data-created_by=\"avia_inline_auto\" id=\"style-css-av-av_hr-0645478af54715b75905f78d46849be0\">\n#top .hr.hr-invisible.av-av_hr-0645478af54715b75905f78d46849be0{\nheight:50px;\n}\n<\/style>\n<div  class='hr av-av_hr-0645478af54715b75905f78d46849be0 hr-invisible  avia-builder-el-9  el_after_av_one_third  el_before_av_masonry_gallery  avia-builder-el-last '><span class='hr-inner '><span class=\"hr-inner-style\"><\/span><\/span><\/div>\n<div id='av-masonry-1' class='av-masonry av-av_masonry_gallery-5c3a0416aa4ccc235d30fa76194afde3 noHover av-fixed-size av-large-gap av-hover-overlay- av-masonry-animation-active av-masonry-col-4 av-caption-always av-caption-style- av-masonry-gallery ' data-post_id=\"2081\"><div class=\"av-masonry-container isotope av-js-disabled\"><div class='av-masonry-entry isotope-item av-masonry-item-no-image '><\/div><a href=\"https:\/\/vibrotech-eng.com\/wp-content\/uploads\/2017\/12\/PRECRIBADORES-GRIZZLIES-SCALPERS.jpg\" data-srcset=\"https:\/\/vibrotech-eng.com\/wp-content\/uploads\/2017\/12\/PRECRIBADORES-GRIZZLIES-SCALPERS.jpg 700w, https:\/\/vibrotech-eng.com\/wp-content\/uploads\/2017\/12\/PRECRIBADORES-GRIZZLIES-SCALPERS-300x225.jpg 300w, https:\/\/vibrotech-eng.com\/wp-content\/uploads\/2017\/12\/PRECRIBADORES-GRIZZLIES-SCALPERS-450x338.jpg 450w\" data-sizes=\"(max-width: 700px) 100vw, 700px\"  aria-label=\"image Escurridores&lt;br \/&gt;Vibrantes\"  id='av-masonry-1-item-1836' data-av-masonry-item='1836' class='av-masonry-entry isotope-item post-1836 attachment type-attachment status-inherit hentry  av-masonry-item-with-image' title=\"Escurridores&lt;br \/&gt;Vibrantes\" alt=\"\"    itemprop=\"thumbnailUrl\" ><div class='av-inner-masonry-sizer'><\/div><figure class='av-inner-masonry main_color'><div class=\"av-masonry-outerimage-container\"><div class='av-masonry-image-container' style=\"background-image: url(https:\/\/vibrotech-eng.com\/wp-content\/uploads\/2017\/12\/PRECRIBADORES-GRIZZLIES-SCALPERS.jpg);\"  title=\"Escurridores&lt;br \/&gt;Vibrantes\"  ><\/div><\/div><\/figure><\/a><!--end av-masonry entry--><a href=\"https:\/\/vibrotech-eng.com\/wp-content\/uploads\/2017\/09\/Precribadores-y-Escurridores-2-1-e1614698908940.jpg\" data-srcset=\"https:\/\/vibrotech-eng.com\/wp-content\/uploads\/2017\/09\/Precribadores-y-Escurridores-2-1-e1614698908940.jpg 502w, https:\/\/vibrotech-eng.com\/wp-content\/uploads\/2017\/09\/Precribadores-y-Escurridores-2-1-e1614698908940-300x253.jpg 300w\" data-sizes=\"(max-width: 502px) 100vw, 502px\"  aria-label=\"image Drainers Grizlies and Scalpers\"  id='av-masonry-1-item-1482' data-av-masonry-item='1482' class='av-masonry-entry isotope-item post-1482 attachment type-attachment status-inherit hentry  av-masonry-item-with-image' title=\"Drainers Grizlies and Scalpers\" alt=\"\"  data-av-masonry-custom-link=\"https:\/\/vibrotech-eng.com\/en\/products\/drainers-grizlies-scalpers\/\"  itemprop=\"thumbnailUrl\" ><div class='av-inner-masonry-sizer'><\/div><figure class='av-inner-masonry main_color'><div class=\"av-masonry-outerimage-container\"><div class='av-masonry-image-container' style=\"background-image: url(https:\/\/vibrotech-eng.com\/wp-content\/uploads\/2017\/09\/Precribadores-y-Escurridores-2-1-705x399.jpg);\"  title=\"Drainers Grizlies and Scalpers\"  ><\/div><\/div><\/figure><\/a><!--end av-masonry entry--><a href=\"https:\/\/vibrotech-eng.com\/wp-content\/uploads\/2017\/09\/Precribadores-y-Escurridores-4-1.jpg\" data-srcset=\"https:\/\/vibrotech-eng.com\/wp-content\/uploads\/2017\/09\/Precribadores-y-Escurridores-4-1.jpg 600w, https:\/\/vibrotech-eng.com\/wp-content\/uploads\/2017\/09\/Precribadores-y-Escurridores-4-1-300x249.jpg 300w, https:\/\/vibrotech-eng.com\/wp-content\/uploads\/2017\/09\/Precribadores-y-Escurridores-4-1-450x373.jpg 450w\" data-sizes=\"(max-width: 600px) 100vw, 600px\"  aria-label=\"image CATALOGO GENERAL V11\"  id='av-masonry-1-item-1484' data-av-masonry-item='1484' class='av-masonry-entry isotope-item post-1484 attachment type-attachment status-inherit hentry  av-masonry-item-with-image' title=\"CATALOGO GENERAL V11\" alt=\"\"    itemprop=\"thumbnailUrl\" ><div class='av-inner-masonry-sizer'><\/div><figure class='av-inner-masonry main_color'><div class=\"av-masonry-outerimage-container\"><div class='av-masonry-image-container' style=\"background-image: url(https:\/\/vibrotech-eng.com\/wp-content\/uploads\/2017\/09\/Precribadores-y-Escurridores-4-1.jpg);\"  title=\"CATALOGO GENERAL V11\"  ><\/div><\/div><\/figure><\/a><!--end av-masonry entry--><a href=\"https:\/\/vibrotech-eng.com\/wp-content\/uploads\/2017\/12\/grizlies.jpg\" data-srcset=\"https:\/\/vibrotech-eng.com\/wp-content\/uploads\/2017\/12\/grizlies.jpg 1000w, https:\/\/vibrotech-eng.com\/wp-content\/uploads\/2017\/12\/grizlies-300x225.jpg 300w, https:\/\/vibrotech-eng.com\/wp-content\/uploads\/2017\/12\/grizlies-768x576.jpg 768w, https:\/\/vibrotech-eng.com\/wp-content\/uploads\/2017\/12\/grizlies-705x529.jpg 705w, https:\/\/vibrotech-eng.com\/wp-content\/uploads\/2017\/12\/grizlies-450x338.jpg 450w\" data-sizes=\"(max-width: 1000px) 100vw, 1000px\"  aria-label=\"image grizlies\"  id='av-masonry-1-item-1858' data-av-masonry-item='1858' class='av-masonry-entry isotope-item post-1858 attachment type-attachment status-inherit hentry  av-masonry-item-with-image' title=\"grizlies\" alt=\"\"    itemprop=\"thumbnailUrl\" ><div class='av-inner-masonry-sizer'><\/div><figure class='av-inner-masonry main_color'><div class=\"av-masonry-outerimage-container\"><div class='av-masonry-image-container' style=\"background-image: url(https:\/\/vibrotech-eng.com\/wp-content\/uploads\/2017\/12\/grizlies-705x529.jpg);\"  title=\"grizlies\"  ><\/div><\/div><\/figure><\/a><!--end av-masonry entry--><a href=\"https:\/\/vibrotech-eng.com\/wp-content\/uploads\/2018\/03\/PRECRIBADOR-GRIZZLIE.jpg\" data-srcset=\"https:\/\/vibrotech-eng.com\/wp-content\/uploads\/2018\/03\/PRECRIBADOR-GRIZZLIE.jpg 800w, https:\/\/vibrotech-eng.com\/wp-content\/uploads\/2018\/03\/PRECRIBADOR-GRIZZLIE-300x225.jpg 300w, https:\/\/vibrotech-eng.com\/wp-content\/uploads\/2018\/03\/PRECRIBADOR-GRIZZLIE-768x576.jpg 768w, https:\/\/vibrotech-eng.com\/wp-content\/uploads\/2018\/03\/PRECRIBADOR-GRIZZLIE-705x529.jpg 705w, https:\/\/vibrotech-eng.com\/wp-content\/uploads\/2018\/03\/PRECRIBADOR-GRIZZLIE-450x338.jpg 450w\" data-sizes=\"(max-width: 800px) 100vw, 800px\"  aria-label=\"image PRECRIBADOR-GRIZZLIE\"  id='av-masonry-1-item-3053' data-av-masonry-item='3053' class='av-masonry-entry isotope-item post-3053 attachment type-attachment status-inherit hentry  av-masonry-item-with-image' title=\"PRECRIBADOR-GRIZZLIE\" alt=\"\"    itemprop=\"thumbnailUrl\" ><div class='av-inner-masonry-sizer'><\/div><figure class='av-inner-masonry main_color'><div class=\"av-masonry-outerimage-container\"><div class='av-masonry-image-container' style=\"background-image: url(https:\/\/vibrotech-eng.com\/wp-content\/uploads\/2018\/03\/PRECRIBADOR-GRIZZLIE-705x529.jpg);\"  title=\"PRECRIBADOR-GRIZZLIE\"  ><\/div><\/div><\/figure><\/a><!--end av-masonry entry--><a href=\"https:\/\/vibrotech-eng.com\/wp-content\/uploads\/2018\/03\/GRIZZLIE-PRECRIBADOR.jpg\" data-srcset=\"https:\/\/vibrotech-eng.com\/wp-content\/uploads\/2018\/03\/GRIZZLIE-PRECRIBADOR.jpg 800w, https:\/\/vibrotech-eng.com\/wp-content\/uploads\/2018\/03\/GRIZZLIE-PRECRIBADOR-300x225.jpg 300w, https:\/\/vibrotech-eng.com\/wp-content\/uploads\/2018\/03\/GRIZZLIE-PRECRIBADOR-768x576.jpg 768w, https:\/\/vibrotech-eng.com\/wp-content\/uploads\/2018\/03\/GRIZZLIE-PRECRIBADOR-705x529.jpg 705w, https:\/\/vibrotech-eng.com\/wp-content\/uploads\/2018\/03\/GRIZZLIE-PRECRIBADOR-450x338.jpg 450w\" data-sizes=\"(max-width: 800px) 100vw, 800px\"  aria-label=\"image GRIZZLIE PRECRIBADOR\"  id='av-masonry-1-item-3050' data-av-masonry-item='3050' class='av-masonry-entry isotope-item post-3050 attachment type-attachment status-inherit hentry  av-masonry-item-with-image' title=\"GRIZZLIE PRECRIBADOR\" alt=\"\"    itemprop=\"thumbnailUrl\" ><div class='av-inner-masonry-sizer'><\/div><figure class='av-inner-masonry main_color'><div class=\"av-masonry-outerimage-container\"><div class='av-masonry-image-container' style=\"background-image: url(https:\/\/vibrotech-eng.com\/wp-content\/uploads\/2018\/03\/GRIZZLIE-PRECRIBADOR-705x529.jpg);\"  title=\"GRIZZLIE PRECRIBADOR\"  ><\/div><\/div><\/figure><\/a><!--end av-masonry entry--><a href=\"https:\/\/vibrotech-eng.com\/wp-content\/uploads\/2018\/09\/PRECRIBADOR-1030x773.jpg\" data-srcset=\"https:\/\/vibrotech-eng.com\/wp-content\/uploads\/2018\/09\/PRECRIBADOR-1030x773.jpg 1030w, https:\/\/vibrotech-eng.com\/wp-content\/uploads\/2018\/09\/PRECRIBADOR-300x225.jpg 300w, https:\/\/vibrotech-eng.com\/wp-content\/uploads\/2018\/09\/PRECRIBADOR-768x576.jpg 768w, https:\/\/vibrotech-eng.com\/wp-content\/uploads\/2018\/09\/PRECRIBADOR-1500x1125.jpg 1500w, https:\/\/vibrotech-eng.com\/wp-content\/uploads\/2018\/09\/PRECRIBADOR-705x529.jpg 705w, https:\/\/vibrotech-eng.com\/wp-content\/uploads\/2018\/09\/PRECRIBADOR-450x338.jpg 450w\" data-sizes=\"(max-width: 1030px) 100vw, 1030px\"  aria-label=\"image Drainers Grizlies and Scalpers\"  id='av-masonry-1-item-3526' data-av-masonry-item='3526' class='av-masonry-entry isotope-item post-3526 attachment type-attachment status-inherit hentry  av-masonry-item-with-image' title=\"Drainers Grizlies and Scalpers\" alt=\"\"  data-av-masonry-custom-link=\"https:\/\/vibrotech-eng.com\/en\/products\/drainers-grizlies-scalpers\/\"  itemprop=\"thumbnailUrl\" ><div class='av-inner-masonry-sizer'><\/div><figure class='av-inner-masonry main_color'><div class=\"av-masonry-outerimage-container\"><div class='av-masonry-image-container' style=\"background-image: url(https:\/\/vibrotech-eng.com\/wp-content\/uploads\/2018\/09\/PRECRIBADOR-705x529.jpg);\"  title=\"Drainers Grizlies and Scalpers\"  ><\/div><\/div><\/figure><\/a><!--end av-masonry entry--><\/div><\/div>\n<\/div><\/div><\/main><!-- close content main element --><\/div><\/div><div id='after_section_1'  class='main_color av_default_container_wrap container_wrap sidebar_right'  ><div class='container av-section-cont-open' ><div class='template-page content  av-content-small alpha units'><div class='post-entry post-entry-type-page post-entry-2081'><div class='entry-content-wrapper clearfix'>\n","protected":false},"excerpt":{"rendered":"","protected":false},"author":2,"featured_media":0,"parent":2343,"menu_order":0,"comment_status":"closed","ping_status":"closed","template":"","meta":{"footnotes":""},"class_list":["post-2081","page","type-page","status-publish","hentry"],"yoast_head":"<!-- This site is optimized with the Yoast SEO Premium plugin v20.3 (Yoast SEO v27.5) - https:\/\/yoast.com\/product\/yoast-seo-premium-wordpress\/ -->\n<title>Precribadores-Grizlies-Scalpers - Vibrotech Engineering S.L<\/title>\n<meta name=\"robots\" content=\"index, follow, max-snippet:-1, max-image-preview:large, max-video-preview:-1\" \/>\n<link rel=\"canonical\" href=\"https:\/\/vibrotech-eng.com\/en\/products\/grizlies-scalpers\/\" \/>\n<meta property=\"og:locale\" content=\"en_US\" \/>\n<meta property=\"og:type\" content=\"article\" \/>\n<meta property=\"og:title\" content=\"Grizlies-Scalpers\" \/>\n<meta property=\"og:url\" content=\"https:\/\/vibrotech-eng.com\/en\/products\/grizlies-scalpers\/\" \/>\n<meta property=\"og:site_name\" content=\"Vibrotech Engineering S.L\" \/>\n<meta property=\"article:modified_time\" content=\"2018-09-13T14:55:54+00:00\" \/>\n<meta name=\"twitter:card\" content=\"summary_large_image\" \/>\n<meta name=\"twitter:label1\" content=\"Est. reading time\" \/>\n\t<meta name=\"twitter:data1\" content=\"3 minutes\" \/>\n<script type=\"application\/ld+json\" class=\"yoast-schema-graph\">{\"@context\":\"https:\\\/\\\/schema.org\",\"@graph\":[{\"@type\":\"WebPage\",\"@id\":\"https:\\\/\\\/vibrotech-eng.com\\\/en\\\/products\\\/grizlies-scalpers\\\/\",\"url\":\"https:\\\/\\\/vibrotech-eng.com\\\/en\\\/products\\\/grizlies-scalpers\\\/\",\"name\":\"Precribadores-Grizlies-Scalpers - Vibrotech Engineering S.L\",\"isPartOf\":{\"@id\":\"https:\\\/\\\/vibrotech-eng.com\\\/en\\\/#website\"},\"datePublished\":\"2017-09-25T10:15:23+00:00\",\"dateModified\":\"2018-09-13T14:55:54+00:00\",\"breadcrumb\":{\"@id\":\"https:\\\/\\\/vibrotech-eng.com\\\/en\\\/products\\\/grizlies-scalpers\\\/#breadcrumb\"},\"inLanguage\":\"en-US\",\"potentialAction\":[{\"@type\":\"ReadAction\",\"target\":[\"https:\\\/\\\/vibrotech-eng.com\\\/en\\\/products\\\/grizlies-scalpers\\\/\"]}]},{\"@type\":\"BreadcrumbList\",\"@id\":\"https:\\\/\\\/vibrotech-eng.com\\\/en\\\/products\\\/grizlies-scalpers\\\/#breadcrumb\",\"itemListElement\":[{\"@type\":\"ListItem\",\"position\":1,\"name\":\"Home\",\"item\":\"https:\\\/\\\/vibrotech-eng.com\\\/en\\\/home\\\/\"},{\"@type\":\"ListItem\",\"position\":2,\"name\":\"Products\",\"item\":\"https:\\\/\\\/vibrotech-eng.com\\\/en\\\/products\\\/\"},{\"@type\":\"ListItem\",\"position\":3,\"name\":\"Grizlies-Scalpers\"}]},{\"@type\":\"WebSite\",\"@id\":\"https:\\\/\\\/vibrotech-eng.com\\\/en\\\/#website\",\"url\":\"https:\\\/\\\/vibrotech-eng.com\\\/en\\\/\",\"name\":\"Vibrotech Engineering S.L\",\"description\":\"Empresa espa\u00f1ola que desarrolla su actividad principal en el dise\u00f1o y fabricaci\u00f3n de maquinaria vibrante\",\"potentialAction\":[{\"@type\":\"SearchAction\",\"target\":{\"@type\":\"EntryPoint\",\"urlTemplate\":\"https:\\\/\\\/vibrotech-eng.com\\\/en\\\/?s={search_term_string}\"},\"query-input\":{\"@type\":\"PropertyValueSpecification\",\"valueRequired\":true,\"valueName\":\"search_term_string\"}}],\"inLanguage\":\"en-US\"}]}<\/script>\n<!-- \/ Yoast SEO Premium plugin. -->","yoast_head_json":{"title":"Precribadores-Grizlies-Scalpers - Vibrotech Engineering S.L","robots":{"index":"index","follow":"follow","max-snippet":"max-snippet:-1","max-image-preview":"max-image-preview:large","max-video-preview":"max-video-preview:-1"},"canonical":"https:\/\/vibrotech-eng.com\/en\/products\/grizlies-scalpers\/","og_locale":"en_US","og_type":"article","og_title":"Grizlies-Scalpers","og_url":"https:\/\/vibrotech-eng.com\/en\/products\/grizlies-scalpers\/","og_site_name":"Vibrotech Engineering S.L","article_modified_time":"2018-09-13T14:55:54+00:00","twitter_card":"summary_large_image","twitter_misc":{"Est. reading time":"3 minutes"},"schema":{"@context":"https:\/\/schema.org","@graph":[{"@type":"WebPage","@id":"https:\/\/vibrotech-eng.com\/en\/products\/grizlies-scalpers\/","url":"https:\/\/vibrotech-eng.com\/en\/products\/grizlies-scalpers\/","name":"Precribadores-Grizlies-Scalpers - Vibrotech Engineering S.L","isPartOf":{"@id":"https:\/\/vibrotech-eng.com\/en\/#website"},"datePublished":"2017-09-25T10:15:23+00:00","dateModified":"2018-09-13T14:55:54+00:00","breadcrumb":{"@id":"https:\/\/vibrotech-eng.com\/en\/products\/grizlies-scalpers\/#breadcrumb"},"inLanguage":"en-US","potentialAction":[{"@type":"ReadAction","target":["https:\/\/vibrotech-eng.com\/en\/products\/grizlies-scalpers\/"]}]},{"@type":"BreadcrumbList","@id":"https:\/\/vibrotech-eng.com\/en\/products\/grizlies-scalpers\/#breadcrumb","itemListElement":[{"@type":"ListItem","position":1,"name":"Home","item":"https:\/\/vibrotech-eng.com\/en\/home\/"},{"@type":"ListItem","position":2,"name":"Products","item":"https:\/\/vibrotech-eng.com\/en\/products\/"},{"@type":"ListItem","position":3,"name":"Grizlies-Scalpers"}]},{"@type":"WebSite","@id":"https:\/\/vibrotech-eng.com\/en\/#website","url":"https:\/\/vibrotech-eng.com\/en\/","name":"Vibrotech Engineering S.L","description":"Empresa espa\u00f1ola que desarrolla su actividad principal en el dise\u00f1o y fabricaci\u00f3n de maquinaria vibrante","potentialAction":[{"@type":"SearchAction","target":{"@type":"EntryPoint","urlTemplate":"https:\/\/vibrotech-eng.com\/en\/?s={search_term_string}"},"query-input":{"@type":"PropertyValueSpecification","valueRequired":true,"valueName":"search_term_string"}}],"inLanguage":"en-US"}]}},"_links":{"self":[{"href":"https:\/\/vibrotech-eng.com\/en\/wp-json\/wp\/v2\/pages\/2081","targetHints":{"allow":["GET"]}}],"collection":[{"href":"https:\/\/vibrotech-eng.com\/en\/wp-json\/wp\/v2\/pages"}],"about":[{"href":"https:\/\/vibrotech-eng.com\/en\/wp-json\/wp\/v2\/types\/page"}],"author":[{"embeddable":true,"href":"https:\/\/vibrotech-eng.com\/en\/wp-json\/wp\/v2\/users\/2"}],"replies":[{"embeddable":true,"href":"https:\/\/vibrotech-eng.com\/en\/wp-json\/wp\/v2\/comments?post=2081"}],"version-history":[{"count":0,"href":"https:\/\/vibrotech-eng.com\/en\/wp-json\/wp\/v2\/pages\/2081\/revisions"}],"up":[{"embeddable":true,"href":"https:\/\/vibrotech-eng.com\/en\/wp-json\/wp\/v2\/pages\/2343"}],"wp:attachment":[{"href":"https:\/\/vibrotech-eng.com\/en\/wp-json\/wp\/v2\/media?parent=2081"}],"curies":[{"name":"wp","href":"https:\/\/api.w.org\/{rel}","templated":true}]}}