{"id":10343,"date":"2024-09-26T12:37:23","date_gmt":"2024-09-26T10:37:23","guid":{"rendered":"https:\/\/vibrotech-eng.com\/?page_id=10343"},"modified":"2025-01-20T16:21:33","modified_gmt":"2025-01-20T15:21:33","slug":"casting-cooler-conveyors","status":"publish","type":"page","link":"https:\/\/vibrotech-eng.com\/en\/casting-cooler-conveyors\/","title":{"rendered":"Casting Cooler Conveyors"},"content":{"rendered":"<div id='av_section_1'  class='avia-section av-3u97qxz-458fc350df565a21683e1e7454767c65 main_color avia-section-default avia-no-border-styling  avia-builder-el-0  avia-builder-el-no-sibling  avia-bg-style-scroll container_wrap sidebar_right'  ><div class='container av-section-cont-open' ><main  role=\"main\" itemprop=\"mainContentOfPage\"  class='template-page content  av-content-small alpha units'><div class='post-entry post-entry-type-page post-entry-10343'><div class='entry-content-wrapper clearfix'>\n<section  class='av_textblock_section av-m1j5tuvk-e1b23b58041a52631379e2aa2eb037e9 '   itemscope=\"itemscope\" itemtype=\"https:\/\/schema.org\/CreativeWork\" ><div class='avia_textblock'  itemprop=\"text\" ><h1 style=\"text-align: center;\">Casting Cooling Conveyors<\/h1>\n<\/div><\/section>\n\n<style type=\"text\/css\" data-created_by=\"avia_inline_auto\" id=\"style-css-av-3j5jgjr-30c7cff3bf63d559a5fac77de482000f\">\n#top .hr.hr-invisible.av-3j5jgjr-30c7cff3bf63d559a5fac77de482000f{\nheight:50px;\n}\n<\/style>\n<div  class='hr av-3j5jgjr-30c7cff3bf63d559a5fac77de482000f hr-invisible  avia-builder-el-2  el_after_av_textblock  el_before_av_one_half '><span class='hr-inner '><span class=\"hr-inner-style\"><\/span><\/span><\/div>\n\n<style type=\"text\/css\" data-created_by=\"avia_inline_auto\" id=\"style-css-av-2xgy1bb-7c5795eba053d43771b85b0b9ff337f8\">\n.flex_column.av-2xgy1bb-7c5795eba053d43771b85b0b9ff337f8{\nborder-radius:0px 0px 0px 0px;\npadding:0px 0px 0px 0px;\n}\n<\/style>\n<div  class='flex_column av-2xgy1bb-7c5795eba053d43771b85b0b9ff337f8 av_one_half  avia-builder-el-3  el_after_av_hr  el_before_av_one_half  first flex_column_div av-zero-column-padding  '     ><section  class='av_textblock_section av-2lke82v-cf58cf685f4b87a881e3bd28da3a1f4d '   itemscope=\"itemscope\" itemtype=\"https:\/\/schema.org\/CreativeWork\" ><div class='avia_textblock'  itemprop=\"text\" ><\/div><\/section><\/div>\n<style type=\"text\/css\" data-created_by=\"avia_inline_auto\" id=\"style-css-av-1ykaerr-d1244189b31d678326fd13b90a8d7d54\">\n.flex_column.av-1ykaerr-d1244189b31d678326fd13b90a8d7d54{\nborder-radius:0px 0px 0px 0px;\npadding:0px 0px 0px 0px;\n}\n<\/style>\n<div  class='flex_column av-1ykaerr-d1244189b31d678326fd13b90a8d7d54 av_one_half  avia-builder-el-5  el_after_av_one_half  el_before_av_hr  flex_column_div av-zero-column-padding  '     ><section  class='av_textblock_section av-1o1gajr-3f039b84a6e5ad61549a94361f90c6db '   itemscope=\"itemscope\" itemtype=\"https:\/\/schema.org\/CreativeWork\" ><div class='avia_textblock'  itemprop=\"text\" ><\/div><\/section><\/div>\n<style type=\"text\/css\" data-created_by=\"avia_inline_auto\" id=\"style-css-av-13fk1mv-ac6ec314ca2e5c384dedb5a4e12f61f3\">\n#top .hr.hr-invisible.av-13fk1mv-ac6ec314ca2e5c384dedb5a4e12f61f3{\nheight:20px;\n}\n<\/style>\n<div  class='hr av-13fk1mv-ac6ec314ca2e5c384dedb5a4e12f61f3 hr-invisible  avia-builder-el-7  el_after_av_one_half  el_before_av_masonry_gallery  avia-builder-el-last '><span class='hr-inner '><span class=\"hr-inner-style\"><\/span><\/span><\/div>\n<div id='av-masonry-1' class='av-masonry av-t1pyw7-66c8d94b9b1b2db601bf4af5b4246400 noHover av-fixed-size av-large-gap av-hover-overlay- av-masonry-animation-active av-masonry-col-4 av-caption-always av-caption-style- av-masonry-gallery ' data-post_id=\"10343\"><div class=\"av-masonry-container isotope av-js-disabled\"><div class='av-masonry-entry isotope-item av-masonry-item-no-image '><\/div><a href=\"https:\/\/vibrotech-eng.com\/wp-content\/uploads\/2024\/09\/enfriador-de-piezas-1030x773.jpg\" data-srcset=\"https:\/\/vibrotech-eng.com\/wp-content\/uploads\/2024\/09\/enfriador-de-piezas-1030x773.jpg 1030w, https:\/\/vibrotech-eng.com\/wp-content\/uploads\/2024\/09\/enfriador-de-piezas-300x225.jpg 300w, https:\/\/vibrotech-eng.com\/wp-content\/uploads\/2024\/09\/enfriador-de-piezas-768x576.jpg 768w, https:\/\/vibrotech-eng.com\/wp-content\/uploads\/2024\/09\/enfriador-de-piezas-705x529.jpg 705w, https:\/\/vibrotech-eng.com\/wp-content\/uploads\/2024\/09\/enfriador-de-piezas.jpg 1200w\" data-sizes=\"(max-width: 1030px) 100vw, 1030px\"  aria-label=\"image enfriador-de-piezas\"  id='av-masonry-1-item-10333' data-av-masonry-item='10333' class='av-masonry-entry isotope-item post-10333 attachment type-attachment status-inherit hentry  av-masonry-item-with-image' title=\"enfriador-de-piezas\" alt=\"\"    itemprop=\"thumbnailUrl\" ><div class='av-inner-masonry-sizer'><\/div><figure class='av-inner-masonry main_color'><div class=\"av-masonry-outerimage-container\"><div class='av-masonry-image-container' style=\"background-image: url(https:\/\/vibrotech-eng.com\/wp-content\/uploads\/2024\/09\/enfriador-de-piezas-705x529.jpg);\"  title=\"enfriador-de-piezas\"  ><\/div><\/div><\/figure><\/a><!--end av-masonry entry--><a href=\"https:\/\/vibrotech-eng.com\/wp-content\/uploads\/2025\/01\/WhatsApp-Image-2024-11-22-at-11.05.48-2-Photoroom-1030x773.png\" data-srcset=\"https:\/\/vibrotech-eng.com\/wp-content\/uploads\/2025\/01\/WhatsApp-Image-2024-11-22-at-11.05.48-2-Photoroom-1030x773.png 1030w, https:\/\/vibrotech-eng.com\/wp-content\/uploads\/2025\/01\/WhatsApp-Image-2024-11-22-at-11.05.48-2-Photoroom-300x225.png 300w, https:\/\/vibrotech-eng.com\/wp-content\/uploads\/2025\/01\/WhatsApp-Image-2024-11-22-at-11.05.48-2-Photoroom-768x576.png 768w, https:\/\/vibrotech-eng.com\/wp-content\/uploads\/2025\/01\/WhatsApp-Image-2024-11-22-at-11.05.48-2-Photoroom-705x529.png 705w, https:\/\/vibrotech-eng.com\/wp-content\/uploads\/2025\/01\/WhatsApp-Image-2024-11-22-at-11.05.48-2-Photoroom.png 1280w\" data-sizes=\"(max-width: 1030px) 100vw, 1030px\"  aria-label=\"image ENFRIADOR\"  id='av-masonry-1-item-10428' data-av-masonry-item='10428' class='av-masonry-entry isotope-item post-10428 attachment type-attachment status-inherit hentry  av-masonry-item-with-image' title=\"ENFRIADOR\" alt=\"\"    itemprop=\"thumbnailUrl\" ><div class='av-inner-masonry-sizer'><\/div><figure class='av-inner-masonry main_color'><div class=\"av-masonry-outerimage-container\"><div class='av-masonry-image-container' style=\"background-image: url(https:\/\/vibrotech-eng.com\/wp-content\/uploads\/2025\/01\/WhatsApp-Image-2024-11-22-at-11.05.48-2-Photoroom-705x529.png);\"  title=\"ENFRIADOR\"  ><\/div><\/div><\/figure><\/a><!--end av-masonry entry--><a href=\"https:\/\/vibrotech-eng.com\/wp-content\/uploads\/2024\/10\/IMG_20241008_140434-1030x773.jpg\" data-srcset=\"https:\/\/vibrotech-eng.com\/wp-content\/uploads\/2024\/10\/IMG_20241008_140434-1030x773.jpg 1030w, https:\/\/vibrotech-eng.com\/wp-content\/uploads\/2024\/10\/IMG_20241008_140434-300x225.jpg 300w, https:\/\/vibrotech-eng.com\/wp-content\/uploads\/2024\/10\/IMG_20241008_140434-768x576.jpg 768w, https:\/\/vibrotech-eng.com\/wp-content\/uploads\/2024\/10\/IMG_20241008_140434-1536x1152.jpg 1536w, https:\/\/vibrotech-eng.com\/wp-content\/uploads\/2024\/10\/IMG_20241008_140434-2048x1536.jpg 2048w, https:\/\/vibrotech-eng.com\/wp-content\/uploads\/2024\/10\/IMG_20241008_140434-1500x1125.jpg 1500w, https:\/\/vibrotech-eng.com\/wp-content\/uploads\/2024\/10\/IMG_20241008_140434-705x529.jpg 705w\" data-sizes=\"(max-width: 1030px) 100vw, 1030px\"  aria-label=\"image IMG_20241008_140434\"  id='av-masonry-1-item-10359' data-av-masonry-item='10359' class='av-masonry-entry isotope-item post-10359 attachment type-attachment status-inherit hentry  av-masonry-item-with-image' title=\"IMG_20241008_140434\" alt=\"\"    itemprop=\"thumbnailUrl\" ><div class='av-inner-masonry-sizer'><\/div><figure class='av-inner-masonry main_color'><div class=\"av-masonry-outerimage-container\"><div class='av-masonry-image-container' style=\"background-image: url(https:\/\/vibrotech-eng.com\/wp-content\/uploads\/2024\/10\/IMG_20241008_140434-705x529.jpg);\"  title=\"IMG_20241008_140434\"  ><\/div><\/div><\/figure><\/a><!--end av-masonry entry--><a href=\"https:\/\/vibrotech-eng.com\/wp-content\/uploads\/2024\/10\/IMG_20241008_140815-1030x773.jpg\" data-srcset=\"https:\/\/vibrotech-eng.com\/wp-content\/uploads\/2024\/10\/IMG_20241008_140815-1030x773.jpg 1030w, https:\/\/vibrotech-eng.com\/wp-content\/uploads\/2024\/10\/IMG_20241008_140815-300x225.jpg 300w, https:\/\/vibrotech-eng.com\/wp-content\/uploads\/2024\/10\/IMG_20241008_140815-768x576.jpg 768w, https:\/\/vibrotech-eng.com\/wp-content\/uploads\/2024\/10\/IMG_20241008_140815-1536x1152.jpg 1536w, https:\/\/vibrotech-eng.com\/wp-content\/uploads\/2024\/10\/IMG_20241008_140815-2048x1536.jpg 2048w, https:\/\/vibrotech-eng.com\/wp-content\/uploads\/2024\/10\/IMG_20241008_140815-1500x1125.jpg 1500w, https:\/\/vibrotech-eng.com\/wp-content\/uploads\/2024\/10\/IMG_20241008_140815-705x529.jpg 705w\" data-sizes=\"(max-width: 1030px) 100vw, 1030px\"  aria-label=\"image IMG_20241008_140815\"  id='av-masonry-1-item-10355' data-av-masonry-item='10355' class='av-masonry-entry isotope-item post-10355 attachment type-attachment status-inherit hentry  av-masonry-item-with-image' title=\"IMG_20241008_140815\" alt=\"\"    itemprop=\"thumbnailUrl\" ><div class='av-inner-masonry-sizer'><\/div><figure class='av-inner-masonry main_color'><div class=\"av-masonry-outerimage-container\"><div class='av-masonry-image-container' style=\"background-image: url(https:\/\/vibrotech-eng.com\/wp-content\/uploads\/2024\/10\/IMG_20241008_140815-705x529.jpg);\"  title=\"IMG_20241008_140815\"  ><\/div><\/div><\/figure><\/a><!--end av-masonry entry--><\/div><\/div>\n<\/div><\/div><\/main><!-- close content main element --><\/div><\/div><div id='after_section_1'  class='main_color av_default_container_wrap container_wrap sidebar_right'  ><div class='container av-section-cont-open' ><div class='template-page content  av-content-small alpha units'><div class='post-entry post-entry-type-page post-entry-10343'><div class='entry-content-wrapper clearfix'>\n","protected":false},"excerpt":{"rendered":"","protected":false},"author":2,"featured_media":0,"parent":0,"menu_order":0,"comment_status":"closed","ping_status":"closed","template":"","meta":{"footnotes":""},"class_list":["post-10343","page","type-page","status-publish","hentry"],"yoast_head":"<!-- This site is optimized with the Yoast SEO Premium plugin v20.3 (Yoast SEO v27.4) - https:\/\/yoast.com\/product\/yoast-seo-premium-wordpress\/ -->\n<title>Casting Cooler Conveyors - Vibrotech Engineering S.L<\/title>\n<meta name=\"robots\" content=\"index, follow, max-snippet:-1, max-image-preview:large, max-video-preview:-1\" \/>\n<link rel=\"canonical\" href=\"https:\/\/vibrotech-eng.com\/en\/casting-cooler-conveyors\/\" \/>\n<meta property=\"og:locale\" content=\"en_US\" \/>\n<meta property=\"og:type\" content=\"article\" \/>\n<meta property=\"og:title\" content=\"Casting Cooler Conveyors\" \/>\n<meta property=\"og:url\" content=\"https:\/\/vibrotech-eng.com\/en\/casting-cooler-conveyors\/\" \/>\n<meta property=\"og:site_name\" content=\"Vibrotech Engineering S.L\" \/>\n<meta property=\"article:modified_time\" content=\"2025-01-20T15:21:33+00:00\" \/>\n<meta name=\"twitter:card\" content=\"summary_large_image\" \/>\n<meta name=\"twitter:label1\" content=\"Est. reading time\" \/>\n\t<meta name=\"twitter:data1\" content=\"1 minute\" \/>\n<script type=\"application\/ld+json\" class=\"yoast-schema-graph\">{\"@context\":\"https:\\\/\\\/schema.org\",\"@graph\":[{\"@type\":\"WebPage\",\"@id\":\"https:\\\/\\\/vibrotech-eng.com\\\/en\\\/casting-cooler-conveyors\\\/\",\"url\":\"https:\\\/\\\/vibrotech-eng.com\\\/en\\\/casting-cooler-conveyors\\\/\",\"name\":\"Casting Cooler Conveyors - Vibrotech Engineering S.L\",\"isPartOf\":{\"@id\":\"https:\\\/\\\/vibrotech-eng.com\\\/en\\\/#website\"},\"datePublished\":\"2024-09-26T10:37:23+00:00\",\"dateModified\":\"2025-01-20T15:21:33+00:00\",\"breadcrumb\":{\"@id\":\"https:\\\/\\\/vibrotech-eng.com\\\/en\\\/casting-cooler-conveyors\\\/#breadcrumb\"},\"inLanguage\":\"en-US\",\"potentialAction\":[{\"@type\":\"ReadAction\",\"target\":[\"https:\\\/\\\/vibrotech-eng.com\\\/en\\\/casting-cooler-conveyors\\\/\"]}]},{\"@type\":\"BreadcrumbList\",\"@id\":\"https:\\\/\\\/vibrotech-eng.com\\\/en\\\/casting-cooler-conveyors\\\/#breadcrumb\",\"itemListElement\":[{\"@type\":\"ListItem\",\"position\":1,\"name\":\"Home\",\"item\":\"https:\\\/\\\/vibrotech-eng.com\\\/en\\\/home\\\/\"},{\"@type\":\"ListItem\",\"position\":2,\"name\":\"Casting Cooler Conveyors\"}]},{\"@type\":\"WebSite\",\"@id\":\"https:\\\/\\\/vibrotech-eng.com\\\/en\\\/#website\",\"url\":\"https:\\\/\\\/vibrotech-eng.com\\\/en\\\/\",\"name\":\"Vibrotech Engineering S.L\",\"description\":\"Empresa espa\u00f1ola que desarrolla su actividad principal en el dise\u00f1o y fabricaci\u00f3n de maquinaria vibrante\",\"potentialAction\":[{\"@type\":\"SearchAction\",\"target\":{\"@type\":\"EntryPoint\",\"urlTemplate\":\"https:\\\/\\\/vibrotech-eng.com\\\/en\\\/?s={search_term_string}\"},\"query-input\":{\"@type\":\"PropertyValueSpecification\",\"valueRequired\":true,\"valueName\":\"search_term_string\"}}],\"inLanguage\":\"en-US\"}]}<\/script>\n<!-- \/ Yoast SEO Premium plugin. -->","yoast_head_json":{"title":"Casting Cooler Conveyors - Vibrotech Engineering S.L","robots":{"index":"index","follow":"follow","max-snippet":"max-snippet:-1","max-image-preview":"max-image-preview:large","max-video-preview":"max-video-preview:-1"},"canonical":"https:\/\/vibrotech-eng.com\/en\/casting-cooler-conveyors\/","og_locale":"en_US","og_type":"article","og_title":"Casting Cooler Conveyors","og_url":"https:\/\/vibrotech-eng.com\/en\/casting-cooler-conveyors\/","og_site_name":"Vibrotech Engineering S.L","article_modified_time":"2025-01-20T15:21:33+00:00","twitter_card":"summary_large_image","twitter_misc":{"Est. reading time":"1 minute"},"schema":{"@context":"https:\/\/schema.org","@graph":[{"@type":"WebPage","@id":"https:\/\/vibrotech-eng.com\/en\/casting-cooler-conveyors\/","url":"https:\/\/vibrotech-eng.com\/en\/casting-cooler-conveyors\/","name":"Casting Cooler Conveyors - Vibrotech Engineering S.L","isPartOf":{"@id":"https:\/\/vibrotech-eng.com\/en\/#website"},"datePublished":"2024-09-26T10:37:23+00:00","dateModified":"2025-01-20T15:21:33+00:00","breadcrumb":{"@id":"https:\/\/vibrotech-eng.com\/en\/casting-cooler-conveyors\/#breadcrumb"},"inLanguage":"en-US","potentialAction":[{"@type":"ReadAction","target":["https:\/\/vibrotech-eng.com\/en\/casting-cooler-conveyors\/"]}]},{"@type":"BreadcrumbList","@id":"https:\/\/vibrotech-eng.com\/en\/casting-cooler-conveyors\/#breadcrumb","itemListElement":[{"@type":"ListItem","position":1,"name":"Home","item":"https:\/\/vibrotech-eng.com\/en\/home\/"},{"@type":"ListItem","position":2,"name":"Casting Cooler Conveyors"}]},{"@type":"WebSite","@id":"https:\/\/vibrotech-eng.com\/en\/#website","url":"https:\/\/vibrotech-eng.com\/en\/","name":"Vibrotech Engineering S.L","description":"Empresa espa\u00f1ola que desarrolla su actividad principal en el dise\u00f1o y fabricaci\u00f3n de maquinaria vibrante","potentialAction":[{"@type":"SearchAction","target":{"@type":"EntryPoint","urlTemplate":"https:\/\/vibrotech-eng.com\/en\/?s={search_term_string}"},"query-input":{"@type":"PropertyValueSpecification","valueRequired":true,"valueName":"search_term_string"}}],"inLanguage":"en-US"}]}},"_links":{"self":[{"href":"https:\/\/vibrotech-eng.com\/en\/wp-json\/wp\/v2\/pages\/10343","targetHints":{"allow":["GET"]}}],"collection":[{"href":"https:\/\/vibrotech-eng.com\/en\/wp-json\/wp\/v2\/pages"}],"about":[{"href":"https:\/\/vibrotech-eng.com\/en\/wp-json\/wp\/v2\/types\/page"}],"author":[{"embeddable":true,"href":"https:\/\/vibrotech-eng.com\/en\/wp-json\/wp\/v2\/users\/2"}],"replies":[{"embeddable":true,"href":"https:\/\/vibrotech-eng.com\/en\/wp-json\/wp\/v2\/comments?post=10343"}],"version-history":[{"count":2,"href":"https:\/\/vibrotech-eng.com\/en\/wp-json\/wp\/v2\/pages\/10343\/revisions"}],"predecessor-version":[{"id":10432,"href":"https:\/\/vibrotech-eng.com\/en\/wp-json\/wp\/v2\/pages\/10343\/revisions\/10432"}],"wp:attachment":[{"href":"https:\/\/vibrotech-eng.com\/en\/wp-json\/wp\/v2\/media?parent=10343"}],"curies":[{"name":"wp","href":"https:\/\/api.w.org\/{rel}","templated":true}]}}