{"id":6903,"date":"2017-12-28T11:56:37","date_gmt":"2017-12-28T10:56:37","guid":{"rendered":"https:\/\/vibrotech-eng.com\/transportadores-vibratorios-sector-mineria\/"},"modified":"2021-05-25T15:28:32","modified_gmt":"2021-05-25T13:28:32","slug":"transportadores-vibratorios-sector-mineria","status":"publish","type":"page","link":"https:\/\/vibrotech-eng.com\/de\/transportadores-vibratorios-sector-mineria\/","title":{"rendered":"R\u00fcttelf\u00f6rderer f\u00fcr den Bergbausektor"},"content":{"rendered":"<div id='av_section_1'  class='avia-section av-t8fyx7-d2763826fc2763ecc7a47f92a82ac174 main_color avia-section-default avia-no-border-styling  avia-builder-el-0  avia-builder-el-no-sibling  avia-bg-style-scroll container_wrap sidebar_right'  ><div class='container av-section-cont-open' ><main  role=\"main\" itemprop=\"mainContentOfPage\"  class='template-page content  av-content-small alpha units'><div class='post-entry post-entry-type-page post-entry-6903'><div class='entry-content-wrapper clearfix'>\n<section  class='av_textblock_section av-rbjosr-9e293e315d75edcc45f569dbb49c3ca7 '   itemscope=\"itemscope\" itemtype=\"https:\/\/schema.org\/CreativeWork\" ><div class='avia_textblock'  itemprop=\"text\" ><p><a class=\"verpdf\" href=\"https:\/\/vibrotech-eng.com\/wp-content\/uploads\/2018\/02\/2017-CATALOGO-MINERIA-V4-ES.pdf\" target=\"_blank\" rel=\"noopener\"><img loading=\"lazy\" decoding=\"async\" class=\"alignnone wp-image-405 size-full\" src=\"https:\/\/vibrotech-eng.com\/wp-content\/uploads\/2017\/09\/ver-pdf-4.png\" alt=\"ver-pdf\" width=\"73\" height=\"59\" \/><\/a><\/p>\n<\/div><\/section>\n<section  class='av_textblock_section av-pmatsr-cc2e036584708daefb81be3e00abb2a1 '   itemscope=\"itemscope\" itemtype=\"https:\/\/schema.org\/CreativeWork\" ><div class='avia_textblock'  itemprop=\"text\" ><h1 style=\"text-align: center;\">R\u00fcttelf\u00f6rderer f\u00fcr den Bergbausektor<\/h1>\n<\/div><\/section>\n\n<style type=\"text\/css\" data-created_by=\"avia_inline_auto\" id=\"style-css-av-oskfuj-d5e4601a814b82ecd1a5d898f2256362\">\n#top .hr.hr-invisible.av-oskfuj-d5e4601a814b82ecd1a5d898f2256362{\nheight:50px;\n}\n<\/style>\n<div  class='hr av-oskfuj-d5e4601a814b82ecd1a5d898f2256362 hr-invisible  avia-builder-el-3  el_after_av_textblock  el_before_av_one_third '><span class='hr-inner '><span class=\"hr-inner-style\"><\/span><\/span><\/div>\n\n<style type=\"text\/css\" data-created_by=\"avia_inline_auto\" id=\"style-css-av-m7a12j-8c7f168157ad21e2cb04d658124ed2a6\">\n.flex_column.av-m7a12j-8c7f168157ad21e2cb04d658124ed2a6{\nborder-radius:0px 0px 0px 0px;\npadding:0px 0px 0px 0px;\n}\n<\/style>\n<div  class='flex_column av-m7a12j-8c7f168157ad21e2cb04d658124ed2a6 av_one_third  avia-builder-el-4  el_after_av_hr  el_before_av_one_third  first flex_column_div av-zero-column-padding  '     ><section  class='av_textblock_section av-kislq3-eb62ded19c677aa498e6a71727a1f7f8 '   itemscope=\"itemscope\" itemtype=\"https:\/\/schema.org\/CreativeWork\" ><div class='avia_textblock'  itemprop=\"text\" ><p class=\"p1\"><span class=\"s1\">Vibrotech Engineering S.L. stellt ein umfassendes Sortiment an R\u00fcttelf\u00f6rderern her, die f\u00fcr unterschiedliche Prozesse in verschiedenen Industriebereichen geeignet sind.<\/span><\/p>\n<p class=\"p1\"><span class=\"s1\">Diese Art von F\u00f6rderern werden in jeder Industrie eingesetzt, in der Feststoffe bewegt werden.<\/span><\/p>\n<\/div><\/section><br \/>\n<section  class='av_textblock_section av-jhvasb-f0efda434829a5b6a079788b60f1559e '   itemscope=\"itemscope\" itemtype=\"https:\/\/schema.org\/CreativeWork\" ><div class='avia_textblock'  itemprop=\"text\" ><p class=\"p1\"><span class=\"s1\">Die Maschinen werden gem\u00e4\u00df den Bed\u00fcrfnissen der jeweiligen Branche dimensioniert.<\/span><\/p>\n<p class=\"p1\"><span class=\"s1\">Einige von ihnen sind aufgrund der zu leistenden Arbeit \u00e4u\u00dferst robust, wie im Fall von Gie\u00dfereien oder des Bergbaus oder anderen Branchen mit leichteren Anwendungen wie in der Lebensmittel-, Chemie- oder Glasindustrie.<\/span><\/p>\n<\/div><\/section><br \/>\n<section  class='av_textblock_section av-hdjj17-04e442dc2729323c8cc17f1f5974d611 '   itemscope=\"itemscope\" itemtype=\"https:\/\/schema.org\/CreativeWork\" ><div class='avia_textblock'  itemprop=\"text\" ><p class=\"p1\"><span class=\"s1\">Wir verwenden alle Arten von Materialien: gew\u00f6hnlicher Stahl, rostfreie St\u00e4hle AISI 304, AISI 316 usw., feuerfeste St\u00e4hle oder verschlei\u00dffeste Beschichtungen f\u00fcr Anwendungen mit abrasiven Produkten.<\/span><\/p>\n<\/div><\/section><br \/>\n<section  class='av_textblock_section av-5ms97-bf00ac38672a41cf140cec2b1c63f7f8 '   itemscope=\"itemscope\" itemtype=\"https:\/\/schema.org\/CreativeWork\" ><div class='avia_textblock'  itemprop=\"text\" ><p class=\"p1\"><span class=\"s1\">R\u00fcttelf\u00f6rderer k\u00f6nnen durch verschiedene Arten von Antrieben angetrieben werden:<\/span><\/p>\n<ul class=\"ul1\">\n<li class=\"li2\"><span class=\"s1\">Unwuchtmotoren mit einstellbaren Massen<\/span><\/li>\n<li class=\"li2\"><span class=\"s1\">Magnetvibratoren<\/span><\/li>\n<li class=\"li2\"><span class=\"s1\">Getriebek\u00e4sten<\/span><\/li>\n<li class=\"li2\"><span class=\"s1\">Resonanzf\u00f6rderer<\/span><\/li>\n<\/ul>\n<\/div><\/section><\/p><\/div>\n<style type=\"text\/css\" data-created_by=\"avia_inline_auto\" id=\"style-css-av-duzmor-11ae7f85d8219feae5bf011a782b3df0\">\n.flex_column.av-duzmor-11ae7f85d8219feae5bf011a782b3df0{\nborder-radius:0px 0px 0px 0px;\npadding:0px 0px 0px 0px;\n}\n<\/style>\n<div  class='flex_column av-duzmor-11ae7f85d8219feae5bf011a782b3df0 av_one_third  avia-builder-el-9  el_after_av_one_third  el_before_av_one_third  flex_column_div av-zero-column-padding  '     ><section  class='av_textblock_section av-18eqvv-8a8e99e506b707c1d8aba1a8f22d8213 '   itemscope=\"itemscope\" itemtype=\"https:\/\/schema.org\/CreativeWork\" ><div class='avia_textblock'  itemprop=\"text\" ><p class=\"p1\"><span class=\"s1\">Die Maschinen werden verschiedenen Qualit\u00e4tskontrollen unterzogen, die in puncto Robustheit und Zuverl\u00e4ssigkeit die h\u00f6chsten Anforderungen \u00fcbertreffen.<\/span><\/p>\n<p class=\"p1\"><span class=\"s1\">Auf den Bildern dieser Seite sind F\u00f6rderer des robusten, mittleren und leichten Sortiments f\u00fcr die verschiedenen Anwendungen dargestellt.<\/span><\/p>\n<\/div><\/section><br \/>\n<section  class='av_textblock_section av-32u2j-bb4a057fad5647573a7869df5db361c0 '   itemscope=\"itemscope\" itemtype=\"https:\/\/schema.org\/CreativeWork\" ><div class='avia_textblock'  itemprop=\"text\" ><p class=\"p1\"><span class=\"s1\">Einige der h\u00e4ufigsten Branchen sind folgende:<\/span><\/p>\n<ul>\n<li class=\"p2\"><span class=\"s1\">Gie\u00dferei<\/span><\/li>\n<li class=\"p2\"><span class=\"s1\">Bergbau und Steinbr\u00fcche<\/span><\/li>\n<li class=\"p2\"><span class=\"s1\">Recycling<\/span><\/li>\n<li class=\"p2\"><span class=\"s1\">Glas<\/span><\/li>\n<li class=\"p2\"><span class=\"s1\">Lebensmittel<\/span><\/li>\n<li class=\"p2\"><span class=\"s1\">Chemie<\/span><\/li>\n<li class=\"p2\"><span class=\"s1\">Keramik<\/span><\/li>\n<li class=\"p2\"><span class=\"s1\">Pharma<\/span><\/li>\n<\/ul>\n<\/div><\/section><\/p><\/div>\n<style type=\"text\/css\" data-created_by=\"avia_inline_auto\" id=\"style-css-av-7yjiwb-7acb56facf55472a203193d8de6ee38f\">\n.flex_column.av-7yjiwb-7acb56facf55472a203193d8de6ee38f{\nborder-radius:0px 0px 0px 0px;\npadding:0px 0px 0px 0px;\n}\n<\/style>\n<div  class='flex_column av-7yjiwb-7acb56facf55472a203193d8de6ee38f av_one_third  avia-builder-el-12  el_after_av_one_third  el_before_av_hr  flex_column_div av-zero-column-padding  '     ><style type=\"text\/css\" data-created_by=\"avia_inline_auto\" id=\"style-css-av-6kmyyz-f4c8a4ff5150c82d6c6804f4c6690443\">\n.avia-image-container.av-6kmyyz-f4c8a4ff5150c82d6c6804f4c6690443 img.avia_image{\nbox-shadow:none;\n}\n.avia-image-container.av-6kmyyz-f4c8a4ff5150c82d6c6804f4c6690443 .av-image-caption-overlay-center{\ncolor:#ffffff;\n}\n<\/style>\n<div  class='avia-image-container av-6kmyyz-f4c8a4ff5150c82d6c6804f4c6690443 av-styling- avia-align-center  avia-builder-el-13  avia-builder-el-no-sibling '   itemprop=\"image\" itemscope=\"itemscope\" itemtype=\"https:\/\/schema.org\/ImageObject\" ><div class=\"avia-image-container-inner\"><div class=\"avia-image-overlay-wrap\"><img decoding=\"async\" fetchpriority=\"high\" class='wp-image-6164 avia-img-lazy-loading-not-6164 avia_image ' src=\"https:\/\/vibrotech-eng.com\/wp-content\/uploads\/2017\/12\/TRANSPORTADOR-FRECUENCIA-NATURAL.jpg\" alt='' title='TRANSPORTADOR-FRECUENCIA-NATURAL'  height=\"301\" width=\"700\"  itemprop=\"thumbnailUrl\" srcset=\"https:\/\/vibrotech-eng.com\/wp-content\/uploads\/2017\/12\/TRANSPORTADOR-FRECUENCIA-NATURAL.jpg 700w, https:\/\/vibrotech-eng.com\/wp-content\/uploads\/2017\/12\/TRANSPORTADOR-FRECUENCIA-NATURAL-300x129.jpg 300w, https:\/\/vibrotech-eng.com\/wp-content\/uploads\/2017\/12\/TRANSPORTADOR-FRECUENCIA-NATURAL-450x194.jpg 450w\" sizes=\"(max-width: 700px) 100vw, 700px\" \/><\/div><\/div><\/div><\/div>\n<style type=\"text\/css\" data-created_by=\"avia_inline_auto\" id=\"style-css-av-3pneqz-266e54c47f4b2de81d00bb2594b19fb6\">\n#top .hr.hr-invisible.av-3pneqz-266e54c47f4b2de81d00bb2594b19fb6{\nheight:40px;\n}\n<\/style>\n<div  class='hr av-3pneqz-266e54c47f4b2de81d00bb2594b19fb6 hr-invisible  avia-builder-el-14  el_after_av_one_third  el_before_av_masonry_gallery  avia-builder-el-last '><span class='hr-inner '><span class=\"hr-inner-style\"><\/span><\/span><\/div>\n<div id='av-masonry-1' class='av-masonry av-27igpn-aefca5df195fa33c639bd4fdf7b2b853 noHover av-fixed-size av-large-gap av-hover-overlay- av-masonry-animation-active av-masonry-col-4 av-caption-always av-caption-style- av-masonry-gallery ' data-post_id=\"6903\"><div class=\"av-masonry-container isotope av-js-disabled\"><div class='av-masonry-entry isotope-item av-masonry-item-no-image '><\/div><a href=\"https:\/\/vibrotech-eng.com\/wp-content\/uploads\/2017\/12\/transportador-vibratorio-2.jpg\" data-srcset=\"https:\/\/vibrotech-eng.com\/wp-content\/uploads\/2017\/12\/transportador-vibratorio-2.jpg 311w, https:\/\/vibrotech-eng.com\/wp-content\/uploads\/2017\/12\/transportador-vibratorio-2-300x225.jpg 300w\" data-sizes=\"(max-width: 311px) 100vw, 311px\"  aria-label=\"Bild transportador-vibratorio\"  id='av-masonry-1-item-6217' data-av-masonry-item='6217' class='av-masonry-entry isotope-item post-6217 attachment type-attachment status-inherit hentry  av-masonry-item-with-image' title=\"transportador-vibratorio\" alt=\"\"    itemprop=\"thumbnailUrl\" ><div class='av-inner-masonry-sizer'><\/div><figure class='av-inner-masonry main_color'><div class=\"av-masonry-outerimage-container\"><div class='av-masonry-image-container' style=\"background-image: url(https:\/\/vibrotech-eng.com\/wp-content\/uploads\/2017\/12\/transportador-vibratorio-2.jpg);\"  title=\"transportador-vibratorio\"  ><\/div><\/div><\/figure><\/a><!--end av-masonry entry--><a href=\"https:\/\/vibrotech-eng.com\/wp-content\/uploads\/2018\/06\/INSTALACION-PRECRIBADOR-Y-TRANSPORTADOR-VIBRANTE.jpg\" data-srcset=\"https:\/\/vibrotech-eng.com\/wp-content\/uploads\/2018\/06\/INSTALACION-PRECRIBADOR-Y-TRANSPORTADOR-VIBRANTE.jpg 800w, https:\/\/vibrotech-eng.com\/wp-content\/uploads\/2018\/06\/INSTALACION-PRECRIBADOR-Y-TRANSPORTADOR-VIBRANTE-300x233.jpg 300w, https:\/\/vibrotech-eng.com\/wp-content\/uploads\/2018\/06\/INSTALACION-PRECRIBADOR-Y-TRANSPORTADOR-VIBRANTE-768x595.jpg 768w, https:\/\/vibrotech-eng.com\/wp-content\/uploads\/2018\/06\/INSTALACION-PRECRIBADOR-Y-TRANSPORTADOR-VIBRANTE-705x546.jpg 705w, https:\/\/vibrotech-eng.com\/wp-content\/uploads\/2018\/06\/INSTALACION-PRECRIBADOR-Y-TRANSPORTADOR-VIBRANTE-450x349.jpg 450w\" data-sizes=\"(max-width: 800px) 100vw, 800px\"  aria-label=\"Bild INSTALACION-PRECRIBADOR-Y-TRANSPORTADOR-VIBRANTE\"  id='av-masonry-1-item-6331' data-av-masonry-item='6331' class='av-masonry-entry isotope-item post-6331 attachment type-attachment status-inherit hentry  av-masonry-item-with-image' title=\"INSTALACION-PRECRIBADOR-Y-TRANSPORTADOR-VIBRANTE\" alt=\"\"    itemprop=\"thumbnailUrl\" ><div class='av-inner-masonry-sizer'><\/div><figure class='av-inner-masonry main_color'><div class=\"av-masonry-outerimage-container\"><div class='av-masonry-image-container' style=\"background-image: url(https:\/\/vibrotech-eng.com\/wp-content\/uploads\/2018\/06\/INSTALACION-PRECRIBADOR-Y-TRANSPORTADOR-VIBRANTE-705x546.jpg);\"  title=\"INSTALACION-PRECRIBADOR-Y-TRANSPORTADOR-VIBRANTE\"  ><\/div><\/div><\/figure><\/a><!--end av-masonry entry--><a href=\"https:\/\/vibrotech-eng.com\/wp-content\/uploads\/2017\/12\/transportador-vibrante-tubular.jpg\" data-srcset=\"https:\/\/vibrotech-eng.com\/wp-content\/uploads\/2017\/12\/transportador-vibrante-tubular.jpg 800w, https:\/\/vibrotech-eng.com\/wp-content\/uploads\/2017\/12\/transportador-vibrante-tubular-300x225.jpg 300w, https:\/\/vibrotech-eng.com\/wp-content\/uploads\/2017\/12\/transportador-vibrante-tubular-768x576.jpg 768w, https:\/\/vibrotech-eng.com\/wp-content\/uploads\/2017\/12\/transportador-vibrante-tubular-705x529.jpg 705w, https:\/\/vibrotech-eng.com\/wp-content\/uploads\/2017\/12\/transportador-vibrante-tubular-450x338.jpg 450w\" data-sizes=\"(max-width: 800px) 100vw, 800px\"  aria-label=\"Bild transportador-vibrante-tubular\"  id='av-masonry-1-item-6207' data-av-masonry-item='6207' class='av-masonry-entry isotope-item post-6207 attachment type-attachment status-inherit hentry  av-masonry-item-with-image' title=\"transportador-vibrante-tubular\" alt=\"\"    itemprop=\"thumbnailUrl\" ><div class='av-inner-masonry-sizer'><\/div><figure class='av-inner-masonry main_color'><div class=\"av-masonry-outerimage-container\"><div class='av-masonry-image-container' style=\"background-image: url(https:\/\/vibrotech-eng.com\/wp-content\/uploads\/2017\/12\/transportador-vibrante-tubular-705x529.jpg);\"  title=\"transportador-vibrante-tubular\"  ><\/div><\/div><\/figure><\/a><!--end av-masonry entry--><a href=\"https:\/\/vibrotech-eng.com\/wp-content\/uploads\/2017\/12\/transportador-vibratorio-1.jpg\" data-srcset=\"https:\/\/vibrotech-eng.com\/wp-content\/uploads\/2017\/12\/transportador-vibratorio-1.jpg 800w, https:\/\/vibrotech-eng.com\/wp-content\/uploads\/2017\/12\/transportador-vibratorio-1-300x225.jpg 300w, https:\/\/vibrotech-eng.com\/wp-content\/uploads\/2017\/12\/transportador-vibratorio-1-768x576.jpg 768w, https:\/\/vibrotech-eng.com\/wp-content\/uploads\/2017\/12\/transportador-vibratorio-1-705x529.jpg 705w, https:\/\/vibrotech-eng.com\/wp-content\/uploads\/2017\/12\/transportador-vibratorio-1-450x338.jpg 450w\" data-sizes=\"(max-width: 800px) 100vw, 800px\"  aria-label=\"Bild transportador-vibratorio\"  id='av-masonry-1-item-6216' data-av-masonry-item='6216' class='av-masonry-entry isotope-item post-6216 attachment type-attachment status-inherit hentry  av-masonry-item-with-image' title=\"transportador-vibratorio\" alt=\"\"    itemprop=\"thumbnailUrl\" ><div class='av-inner-masonry-sizer'><\/div><figure class='av-inner-masonry main_color'><div class=\"av-masonry-outerimage-container\"><div class='av-masonry-image-container' style=\"background-image: url(https:\/\/vibrotech-eng.com\/wp-content\/uploads\/2017\/12\/transportador-vibratorio-1-705x529.jpg);\"  title=\"transportador-vibratorio\"  ><\/div><\/div><\/figure><\/a><!--end av-masonry entry--><\/div><\/div>\n<\/div><\/div><\/main><!-- close content main element --><\/div><\/div><div id='after_section_1'  class='main_color av_default_container_wrap container_wrap sidebar_right'  ><div class='container av-section-cont-open' ><div class='template-page content  av-content-small alpha units'><div class='post-entry post-entry-type-page post-entry-6903'><div class='entry-content-wrapper clearfix'>\n","protected":false},"excerpt":{"rendered":"","protected":false},"author":2,"featured_media":0,"parent":0,"menu_order":0,"comment_status":"closed","ping_status":"closed","template":"","meta":{"footnotes":""},"class_list":["post-6903","page","type-page","status-publish","hentry"],"yoast_head":"<!-- This site is optimized with the Yoast SEO Premium plugin v20.3 (Yoast SEO v27.5) - https:\/\/yoast.com\/product\/yoast-seo-premium-wordpress\/ -->\n<title>R\u00fcttelf\u00f6rderer f\u00fcr den Bergbausektor - Vibrotech Engineering S.L<\/title>\n<meta name=\"robots\" content=\"noindex, follow\" \/>\n<meta property=\"og:locale\" content=\"de_DE\" \/>\n<meta property=\"og:type\" content=\"article\" \/>\n<meta property=\"og:title\" content=\"R\u00fcttelf\u00f6rderer f\u00fcr den Bergbausektor\" \/>\n<meta property=\"og:url\" content=\"https:\/\/vibrotech-eng.com\/de\/transportadores-vibratorios-sector-mineria\/\" \/>\n<meta property=\"og:site_name\" content=\"Vibrotech Engineering S.L\" \/>\n<meta property=\"article:modified_time\" content=\"2021-05-25T13:28:32+00:00\" \/>\n<meta property=\"og:image\" content=\"https:\/\/vibrotech-eng.com\/wp-content\/uploads\/2017\/09\/ver-pdf-4.png\" \/>\n<meta name=\"twitter:card\" content=\"summary_large_image\" \/>\n<meta name=\"twitter:label1\" content=\"Gesch\u00e4tzte Lesezeit\" \/>\n\t<meta name=\"twitter:data1\" content=\"5\u00a0Minuten\" \/>\n<script type=\"application\/ld+json\" class=\"yoast-schema-graph\">{\"@context\":\"https:\\\/\\\/schema.org\",\"@graph\":[{\"@type\":\"WebPage\",\"@id\":\"https:\\\/\\\/vibrotech-eng.com\\\/de\\\/transportadores-vibratorios-sector-mineria\\\/\",\"url\":\"https:\\\/\\\/vibrotech-eng.com\\\/de\\\/transportadores-vibratorios-sector-mineria\\\/\",\"name\":\"R\u00fcttelf\u00f6rderer f\u00fcr den Bergbausektor - Vibrotech Engineering S.L\",\"isPartOf\":{\"@id\":\"https:\\\/\\\/vibrotech-eng.com\\\/de\\\/#website\"},\"primaryImageOfPage\":{\"@id\":\"https:\\\/\\\/vibrotech-eng.com\\\/de\\\/transportadores-vibratorios-sector-mineria\\\/#primaryimage\"},\"image\":{\"@id\":\"https:\\\/\\\/vibrotech-eng.com\\\/de\\\/transportadores-vibratorios-sector-mineria\\\/#primaryimage\"},\"thumbnailUrl\":\"https:\\\/\\\/vibrotech-eng.com\\\/wp-content\\\/uploads\\\/2017\\\/09\\\/ver-pdf-4.png\",\"datePublished\":\"2017-12-28T10:56:37+00:00\",\"dateModified\":\"2021-05-25T13:28:32+00:00\",\"breadcrumb\":{\"@id\":\"https:\\\/\\\/vibrotech-eng.com\\\/de\\\/transportadores-vibratorios-sector-mineria\\\/#breadcrumb\"},\"inLanguage\":\"de\",\"potentialAction\":[{\"@type\":\"ReadAction\",\"target\":[\"https:\\\/\\\/vibrotech-eng.com\\\/de\\\/transportadores-vibratorios-sector-mineria\\\/\"]}]},{\"@type\":\"ImageObject\",\"inLanguage\":\"de\",\"@id\":\"https:\\\/\\\/vibrotech-eng.com\\\/de\\\/transportadores-vibratorios-sector-mineria\\\/#primaryimage\",\"url\":\"https:\\\/\\\/vibrotech-eng.com\\\/wp-content\\\/uploads\\\/2017\\\/09\\\/ver-pdf-4.png\",\"contentUrl\":\"https:\\\/\\\/vibrotech-eng.com\\\/wp-content\\\/uploads\\\/2017\\\/09\\\/ver-pdf-4.png\"},{\"@type\":\"BreadcrumbList\",\"@id\":\"https:\\\/\\\/vibrotech-eng.com\\\/de\\\/transportadores-vibratorios-sector-mineria\\\/#breadcrumb\",\"itemListElement\":[{\"@type\":\"ListItem\",\"position\":1,\"name\":\"Start\",\"item\":\"https:\\\/\\\/vibrotech-eng.com\\\/de\\\/inicio\\\/\"},{\"@type\":\"ListItem\",\"position\":2,\"name\":\"R\u00fcttelf\u00f6rderer f\u00fcr den Bergbausektor\"}]},{\"@type\":\"WebSite\",\"@id\":\"https:\\\/\\\/vibrotech-eng.com\\\/de\\\/#website\",\"url\":\"https:\\\/\\\/vibrotech-eng.com\\\/de\\\/\",\"name\":\"Vibrotech Engineering S.L\",\"description\":\"Empresa espa\u00f1ola que desarrolla su actividad principal en el dise\u00f1o y fabricaci\u00f3n de maquinaria vibrante\",\"potentialAction\":[{\"@type\":\"SearchAction\",\"target\":{\"@type\":\"EntryPoint\",\"urlTemplate\":\"https:\\\/\\\/vibrotech-eng.com\\\/de\\\/?s={search_term_string}\"},\"query-input\":{\"@type\":\"PropertyValueSpecification\",\"valueRequired\":true,\"valueName\":\"search_term_string\"}}],\"inLanguage\":\"de\"}]}<\/script>\n<!-- \/ Yoast SEO Premium plugin. -->","yoast_head_json":{"title":"R\u00fcttelf\u00f6rderer f\u00fcr den Bergbausektor - Vibrotech Engineering S.L","robots":{"index":"noindex","follow":"follow"},"og_locale":"de_DE","og_type":"article","og_title":"R\u00fcttelf\u00f6rderer f\u00fcr den Bergbausektor","og_url":"https:\/\/vibrotech-eng.com\/de\/transportadores-vibratorios-sector-mineria\/","og_site_name":"Vibrotech Engineering S.L","article_modified_time":"2021-05-25T13:28:32+00:00","og_image":[{"url":"https:\/\/vibrotech-eng.com\/wp-content\/uploads\/2017\/09\/ver-pdf-4.png","type":"","width":"","height":""}],"twitter_card":"summary_large_image","twitter_misc":{"Gesch\u00e4tzte Lesezeit":"5\u00a0Minuten"},"schema":{"@context":"https:\/\/schema.org","@graph":[{"@type":"WebPage","@id":"https:\/\/vibrotech-eng.com\/de\/transportadores-vibratorios-sector-mineria\/","url":"https:\/\/vibrotech-eng.com\/de\/transportadores-vibratorios-sector-mineria\/","name":"R\u00fcttelf\u00f6rderer f\u00fcr den Bergbausektor - Vibrotech Engineering S.L","isPartOf":{"@id":"https:\/\/vibrotech-eng.com\/de\/#website"},"primaryImageOfPage":{"@id":"https:\/\/vibrotech-eng.com\/de\/transportadores-vibratorios-sector-mineria\/#primaryimage"},"image":{"@id":"https:\/\/vibrotech-eng.com\/de\/transportadores-vibratorios-sector-mineria\/#primaryimage"},"thumbnailUrl":"https:\/\/vibrotech-eng.com\/wp-content\/uploads\/2017\/09\/ver-pdf-4.png","datePublished":"2017-12-28T10:56:37+00:00","dateModified":"2021-05-25T13:28:32+00:00","breadcrumb":{"@id":"https:\/\/vibrotech-eng.com\/de\/transportadores-vibratorios-sector-mineria\/#breadcrumb"},"inLanguage":"de","potentialAction":[{"@type":"ReadAction","target":["https:\/\/vibrotech-eng.com\/de\/transportadores-vibratorios-sector-mineria\/"]}]},{"@type":"ImageObject","inLanguage":"de","@id":"https:\/\/vibrotech-eng.com\/de\/transportadores-vibratorios-sector-mineria\/#primaryimage","url":"https:\/\/vibrotech-eng.com\/wp-content\/uploads\/2017\/09\/ver-pdf-4.png","contentUrl":"https:\/\/vibrotech-eng.com\/wp-content\/uploads\/2017\/09\/ver-pdf-4.png"},{"@type":"BreadcrumbList","@id":"https:\/\/vibrotech-eng.com\/de\/transportadores-vibratorios-sector-mineria\/#breadcrumb","itemListElement":[{"@type":"ListItem","position":1,"name":"Start","item":"https:\/\/vibrotech-eng.com\/de\/inicio\/"},{"@type":"ListItem","position":2,"name":"R\u00fcttelf\u00f6rderer f\u00fcr den Bergbausektor"}]},{"@type":"WebSite","@id":"https:\/\/vibrotech-eng.com\/de\/#website","url":"https:\/\/vibrotech-eng.com\/de\/","name":"Vibrotech Engineering S.L","description":"Empresa espa\u00f1ola que desarrolla su actividad principal en el dise\u00f1o y fabricaci\u00f3n de maquinaria vibrante","potentialAction":[{"@type":"SearchAction","target":{"@type":"EntryPoint","urlTemplate":"https:\/\/vibrotech-eng.com\/de\/?s={search_term_string}"},"query-input":{"@type":"PropertyValueSpecification","valueRequired":true,"valueName":"search_term_string"}}],"inLanguage":"de"}]}},"_links":{"self":[{"href":"https:\/\/vibrotech-eng.com\/de\/wp-json\/wp\/v2\/pages\/6903","targetHints":{"allow":["GET"]}}],"collection":[{"href":"https:\/\/vibrotech-eng.com\/de\/wp-json\/wp\/v2\/pages"}],"about":[{"href":"https:\/\/vibrotech-eng.com\/de\/wp-json\/wp\/v2\/types\/page"}],"author":[{"embeddable":true,"href":"https:\/\/vibrotech-eng.com\/de\/wp-json\/wp\/v2\/users\/2"}],"replies":[{"embeddable":true,"href":"https:\/\/vibrotech-eng.com\/de\/wp-json\/wp\/v2\/comments?post=6903"}],"version-history":[{"count":0,"href":"https:\/\/vibrotech-eng.com\/de\/wp-json\/wp\/v2\/pages\/6903\/revisions"}],"wp:attachment":[{"href":"https:\/\/vibrotech-eng.com\/de\/wp-json\/wp\/v2\/media?parent=6903"}],"curies":[{"name":"wp","href":"https:\/\/api.w.org\/{rel}","templated":true}]}}