{"id":6837,"date":"2017-12-28T08:45:56","date_gmt":"2017-12-28T07:45:56","guid":{"rendered":"https:\/\/vibrotech-eng.com\/cucharas-colada-maquinas-compactacion-refractario\/"},"modified":"2021-06-01T08:33:07","modified_gmt":"2021-06-01T06:33:07","slug":"cucharas-colada-maquinas-compactacion-refractario","status":"publish","type":"page","link":"https:\/\/vibrotech-eng.com\/de\/cucharas-colada-maquinas-compactacion-refractario\/","title":{"rendered":"Gie\u00dfpfannen und feuerfeste\u2028 Verdichtungsmaschinen"},"content":{"rendered":"<div id='av_section_1'  class='avia-section av-fxqtdq-0041d4871cee1a33ee2b9d7b47af53ca main_color avia-section-default avia-no-border-styling  avia-builder-el-0  avia-builder-el-no-sibling  avia-bg-style-scroll container_wrap sidebar_right'  ><div class='container av-section-cont-open' ><main  role=\"main\" itemprop=\"mainContentOfPage\"  class='template-page content  av-content-small alpha units'><div class='post-entry post-entry-type-page post-entry-6837'><div class='entry-content-wrapper clearfix'>\n<section  class='av_textblock_section av-draizy-907cd54148a3cddbc1d31f76dfc320ea '   itemscope=\"itemscope\" itemtype=\"https:\/\/schema.org\/CreativeWork\" ><div class='avia_textblock'  itemprop=\"text\" ><h1 style=\"text-align: center;\">Gie\u00dfpfannen und feuerfeste Verdichtungsmaschinen<\/h1>\n<\/div><\/section>\n\n<style type=\"text\/css\" data-created_by=\"avia_inline_auto\" id=\"style-css-av-buxr1a-96a73997998b25c23207c17f502fce2c\">\n#top .hr.hr-invisible.av-buxr1a-96a73997998b25c23207c17f502fce2c{\nheight:50px;\n}\n<\/style>\n<div  class='hr av-buxr1a-96a73997998b25c23207c17f502fce2c hr-invisible  avia-builder-el-2  el_after_av_textblock  el_before_av_one_fourth '><span class='hr-inner '><span class=\"hr-inner-style\"><\/span><\/span><\/div>\n\n<style type=\"text\/css\" data-created_by=\"avia_inline_auto\" id=\"style-css-av-b6kwoe-fc5e1b64d8806df5f34f1c3fa8762a9f\">\n.flex_column.av-b6kwoe-fc5e1b64d8806df5f34f1c3fa8762a9f{\nborder-radius:0px 0px 0px 0px;\npadding:0px 0px 0px 0px;\n}\n<\/style>\n<div  class='flex_column av-b6kwoe-fc5e1b64d8806df5f34f1c3fa8762a9f av_one_fourth  avia-builder-el-3  el_after_av_hr  el_before_av_one_fourth  first flex_column_div av-zero-column-padding  '     ><\/div>\n<style type=\"text\/css\" data-created_by=\"avia_inline_auto\" id=\"style-css-av-xlxy6-5ea47600b47dd0a9c74e4051acbc5d70\">\n.flex_column.av-xlxy6-5ea47600b47dd0a9c74e4051acbc5d70{\nborder-radius:0px 0px 0px 0px;\npadding:0px 0px 0px 0px;\n}\n<\/style>\n<div  class='flex_column av-xlxy6-5ea47600b47dd0a9c74e4051acbc5d70 av_one_fourth  avia-builder-el-4  el_after_av_one_fourth  el_before_av_one_fourth  flex_column_div av-zero-column-padding  '     ><style type=\"text\/css\" data-created_by=\"avia_inline_auto\" id=\"style-css-av-76pxry-b5ca12857bed4cf58489192b571174d3\">\n.avia-image-container.av-76pxry-b5ca12857bed4cf58489192b571174d3 img.avia_image{\nbox-shadow:none;\n}\n.avia-image-container.av-76pxry-b5ca12857bed4cf58489192b571174d3 .av-image-caption-overlay-center{\ncolor:#ffffff;\n}\n<\/style>\n<div  class='avia-image-container av-76pxry-b5ca12857bed4cf58489192b571174d3 av-styling- avia-align-center  avia-builder-el-5  avia-builder-el-no-sibling '   itemprop=\"image\" itemscope=\"itemscope\" itemtype=\"https:\/\/schema.org\/ImageObject\" ><div class=\"avia-image-container-inner\"><div class=\"avia-image-overlay-wrap\"><a href=\"https:\/\/vibrotech-eng.com\/wp-content\/uploads\/2017\/12\/REFRACTORY.jpg\" data-srcset=\"https:\/\/vibrotech-eng.com\/wp-content\/uploads\/2017\/12\/REFRACTORY.jpg 825w, https:\/\/vibrotech-eng.com\/wp-content\/uploads\/2017\/12\/REFRACTORY-293x300.jpg 293w, https:\/\/vibrotech-eng.com\/wp-content\/uploads\/2017\/12\/REFRACTORY-768x788.jpg 768w, https:\/\/vibrotech-eng.com\/wp-content\/uploads\/2017\/12\/REFRACTORY-36x36.jpg 36w, https:\/\/vibrotech-eng.com\/wp-content\/uploads\/2017\/12\/REFRACTORY-688x705.jpg 688w, https:\/\/vibrotech-eng.com\/wp-content\/uploads\/2017\/12\/REFRACTORY-450x461.jpg 450w\" data-sizes=\"(max-width: 825px) 100vw, 825px\" class='avia_image'  aria-label='Cucharas de colada y m\u00e1quinas de compactaci\u00f3n de refractario'><img decoding=\"async\" fetchpriority=\"high\" class='wp-image-6200 avia-img-lazy-loading-not-6200 avia_image ' src=\"https:\/\/vibrotech-eng.com\/wp-content\/uploads\/2017\/12\/REFRACTORY.jpg\" alt='' title='Cucharas de colada y m\u00e1quinas de compactaci\u00f3n de refractario'  height=\"846\" width=\"825\"  itemprop=\"thumbnailUrl\" srcset=\"https:\/\/vibrotech-eng.com\/wp-content\/uploads\/2017\/12\/REFRACTORY.jpg 825w, https:\/\/vibrotech-eng.com\/wp-content\/uploads\/2017\/12\/REFRACTORY-293x300.jpg 293w, https:\/\/vibrotech-eng.com\/wp-content\/uploads\/2017\/12\/REFRACTORY-768x788.jpg 768w, https:\/\/vibrotech-eng.com\/wp-content\/uploads\/2017\/12\/REFRACTORY-36x36.jpg 36w, https:\/\/vibrotech-eng.com\/wp-content\/uploads\/2017\/12\/REFRACTORY-688x705.jpg 688w, https:\/\/vibrotech-eng.com\/wp-content\/uploads\/2017\/12\/REFRACTORY-450x461.jpg 450w\" sizes=\"(max-width: 825px) 100vw, 825px\" \/><\/a><\/div><\/div><\/div><\/div>\n<style type=\"text\/css\" data-created_by=\"avia_inline_auto\" id=\"style-css-av-6k13wu-ba95929bc671da5068c67b03c5903e6e\">\n.flex_column.av-6k13wu-ba95929bc671da5068c67b03c5903e6e{\nborder-radius:0px 0px 0px 0px;\npadding:0px 0px 0px 0px;\n}\n<\/style>\n<div  class='flex_column av-6k13wu-ba95929bc671da5068c67b03c5903e6e av_one_fourth  avia-builder-el-6  el_after_av_one_fourth  el_before_av_one_fourth  flex_column_div av-zero-column-padding  '     ><style type=\"text\/css\" data-created_by=\"avia_inline_auto\" id=\"style-css-av-4ewehq-f413b52e0582f2cbba187d54f9aeb0b7\">\n.avia-image-container.av-4ewehq-f413b52e0582f2cbba187d54f9aeb0b7 img.avia_image{\nbox-shadow:none;\n}\n.avia-image-container.av-4ewehq-f413b52e0582f2cbba187d54f9aeb0b7 .av-image-caption-overlay-center{\ncolor:#ffffff;\n}\n<\/style>\n<div  class='avia-image-container av-4ewehq-f413b52e0582f2cbba187d54f9aeb0b7 av-styling- avia-align-center  avia-builder-el-7  avia-builder-el-no-sibling '   itemprop=\"image\" itemscope=\"itemscope\" itemtype=\"https:\/\/schema.org\/ImageObject\" ><div class=\"avia-image-container-inner\"><div class=\"avia-image-overlay-wrap\"><a href=\"https:\/\/vibrotech-eng.com\/wp-content\/uploads\/2017\/12\/REFRACTORY-RAMMING-SYSTEMS.jpg\" data-srcset=\"https:\/\/vibrotech-eng.com\/wp-content\/uploads\/2017\/12\/REFRACTORY-RAMMING-SYSTEMS.jpg 800w, https:\/\/vibrotech-eng.com\/wp-content\/uploads\/2017\/12\/REFRACTORY-RAMMING-SYSTEMS-241x300.jpg 241w, https:\/\/vibrotech-eng.com\/wp-content\/uploads\/2017\/12\/REFRACTORY-RAMMING-SYSTEMS-768x955.jpg 768w, https:\/\/vibrotech-eng.com\/wp-content\/uploads\/2017\/12\/REFRACTORY-RAMMING-SYSTEMS-567x705.jpg 567w, https:\/\/vibrotech-eng.com\/wp-content\/uploads\/2017\/12\/REFRACTORY-RAMMING-SYSTEMS-450x560.jpg 450w\" data-sizes=\"(max-width: 800px) 100vw, 800px\" class='avia_image'  aria-label='Cucharas de colada y m\u00e1quinas de compactaci\u00f3n de refractario'><img decoding=\"async\" fetchpriority=\"high\" class='wp-image-6201 avia-img-lazy-loading-not-6201 avia_image ' src=\"https:\/\/vibrotech-eng.com\/wp-content\/uploads\/2017\/12\/REFRACTORY-RAMMING-SYSTEMS.jpg\" alt='' title='Cucharas de colada y m\u00e1quinas de compactaci\u00f3n de refractario'  height=\"995\" width=\"800\"  itemprop=\"thumbnailUrl\" srcset=\"https:\/\/vibrotech-eng.com\/wp-content\/uploads\/2017\/12\/REFRACTORY-RAMMING-SYSTEMS.jpg 800w, https:\/\/vibrotech-eng.com\/wp-content\/uploads\/2017\/12\/REFRACTORY-RAMMING-SYSTEMS-241x300.jpg 241w, https:\/\/vibrotech-eng.com\/wp-content\/uploads\/2017\/12\/REFRACTORY-RAMMING-SYSTEMS-768x955.jpg 768w, https:\/\/vibrotech-eng.com\/wp-content\/uploads\/2017\/12\/REFRACTORY-RAMMING-SYSTEMS-567x705.jpg 567w, https:\/\/vibrotech-eng.com\/wp-content\/uploads\/2017\/12\/REFRACTORY-RAMMING-SYSTEMS-450x560.jpg 450w\" sizes=\"(max-width: 800px) 100vw, 800px\" \/><\/a><\/div><\/div><\/div><\/div>\n<style type=\"text\/css\" data-created_by=\"avia_inline_auto\" id=\"style-css-av-2t1hxa-436bc46b9b14f82b0d99af2e9a1ed239\">\n.flex_column.av-2t1hxa-436bc46b9b14f82b0d99af2e9a1ed239{\nborder-radius:0px 0px 0px 0px;\npadding:0px 0px 0px 0px;\n}\n<\/style>\n<div  class='flex_column av-2t1hxa-436bc46b9b14f82b0d99af2e9a1ed239 av_one_fourth  avia-builder-el-8  el_after_av_one_fourth  avia-builder-el-last  flex_column_div av-zero-column-padding  '     ><\/div><\/div><\/div><\/main><!-- close content main element --><\/div><\/div><div id='after_section_1'  class='main_color av_default_container_wrap container_wrap sidebar_right'  ><div class='container av-section-cont-open' ><div class='template-page content  av-content-small alpha units'><div class='post-entry post-entry-type-page post-entry-6837'><div class='entry-content-wrapper clearfix'>\n","protected":false},"excerpt":{"rendered":"","protected":false},"author":2,"featured_media":0,"parent":0,"menu_order":0,"comment_status":"closed","ping_status":"closed","template":"","meta":{"footnotes":""},"class_list":["post-6837","page","type-page","status-publish","hentry"],"yoast_head":"<!-- This site is optimized with the Yoast SEO Premium plugin v20.3 (Yoast SEO v27.5) - https:\/\/yoast.com\/product\/yoast-seo-premium-wordpress\/ -->\n<title>Gie\u00dfpfannen und feuerfeste\u2028 Verdichtungsmaschinen - Vibrotech Engineering S.L<\/title>\n<meta name=\"robots\" content=\"index, follow, max-snippet:-1, max-image-preview:large, max-video-preview:-1\" \/>\n<link rel=\"canonical\" href=\"https:\/\/vibrotech-eng.com\/de\/cucharas-colada-maquinas-compactacion-refractario\/\" \/>\n<meta property=\"og:locale\" content=\"de_DE\" \/>\n<meta property=\"og:type\" content=\"article\" \/>\n<meta property=\"og:title\" content=\"Gie\u00dfpfannen und feuerfeste\u2028 Verdichtungsmaschinen\" \/>\n<meta property=\"og:url\" content=\"https:\/\/vibrotech-eng.com\/de\/cucharas-colada-maquinas-compactacion-refractario\/\" \/>\n<meta property=\"og:site_name\" content=\"Vibrotech Engineering S.L\" \/>\n<meta property=\"article:modified_time\" content=\"2021-06-01T06:33:07+00:00\" \/>\n<meta name=\"twitter:card\" content=\"summary_large_image\" \/>\n<meta name=\"twitter:label1\" content=\"Gesch\u00e4tzte Lesezeit\" \/>\n\t<meta name=\"twitter:data1\" content=\"3\u00a0Minuten\" \/>\n<script type=\"application\/ld+json\" class=\"yoast-schema-graph\">{\"@context\":\"https:\\\/\\\/schema.org\",\"@graph\":[{\"@type\":\"WebPage\",\"@id\":\"https:\\\/\\\/vibrotech-eng.com\\\/de\\\/cucharas-colada-maquinas-compactacion-refractario\\\/\",\"url\":\"https:\\\/\\\/vibrotech-eng.com\\\/de\\\/cucharas-colada-maquinas-compactacion-refractario\\\/\",\"name\":\"Gie\u00dfpfannen und feuerfeste\\u2028 Verdichtungsmaschinen - Vibrotech Engineering S.L\",\"isPartOf\":{\"@id\":\"https:\\\/\\\/vibrotech-eng.com\\\/de\\\/#website\"},\"datePublished\":\"2017-12-28T07:45:56+00:00\",\"dateModified\":\"2021-06-01T06:33:07+00:00\",\"breadcrumb\":{\"@id\":\"https:\\\/\\\/vibrotech-eng.com\\\/de\\\/cucharas-colada-maquinas-compactacion-refractario\\\/#breadcrumb\"},\"inLanguage\":\"de\",\"potentialAction\":[{\"@type\":\"ReadAction\",\"target\":[\"https:\\\/\\\/vibrotech-eng.com\\\/de\\\/cucharas-colada-maquinas-compactacion-refractario\\\/\"]}]},{\"@type\":\"BreadcrumbList\",\"@id\":\"https:\\\/\\\/vibrotech-eng.com\\\/de\\\/cucharas-colada-maquinas-compactacion-refractario\\\/#breadcrumb\",\"itemListElement\":[{\"@type\":\"ListItem\",\"position\":1,\"name\":\"Start\",\"item\":\"https:\\\/\\\/vibrotech-eng.com\\\/de\\\/inicio\\\/\"},{\"@type\":\"ListItem\",\"position\":2,\"name\":\"Gie\u00dfpfannen und feuerfeste\\u2028 Verdichtungsmaschinen\"}]},{\"@type\":\"WebSite\",\"@id\":\"https:\\\/\\\/vibrotech-eng.com\\\/de\\\/#website\",\"url\":\"https:\\\/\\\/vibrotech-eng.com\\\/de\\\/\",\"name\":\"Vibrotech Engineering S.L\",\"description\":\"Empresa espa\u00f1ola que desarrolla su actividad principal en el dise\u00f1o y fabricaci\u00f3n de maquinaria vibrante\",\"potentialAction\":[{\"@type\":\"SearchAction\",\"target\":{\"@type\":\"EntryPoint\",\"urlTemplate\":\"https:\\\/\\\/vibrotech-eng.com\\\/de\\\/?s={search_term_string}\"},\"query-input\":{\"@type\":\"PropertyValueSpecification\",\"valueRequired\":true,\"valueName\":\"search_term_string\"}}],\"inLanguage\":\"de\"}]}<\/script>\n<!-- \/ Yoast SEO Premium plugin. -->","yoast_head_json":{"title":"Gie\u00dfpfannen und feuerfeste\u2028 Verdichtungsmaschinen - Vibrotech Engineering S.L","robots":{"index":"index","follow":"follow","max-snippet":"max-snippet:-1","max-image-preview":"max-image-preview:large","max-video-preview":"max-video-preview:-1"},"canonical":"https:\/\/vibrotech-eng.com\/de\/cucharas-colada-maquinas-compactacion-refractario\/","og_locale":"de_DE","og_type":"article","og_title":"Gie\u00dfpfannen und feuerfeste\u2028 Verdichtungsmaschinen","og_url":"https:\/\/vibrotech-eng.com\/de\/cucharas-colada-maquinas-compactacion-refractario\/","og_site_name":"Vibrotech Engineering S.L","article_modified_time":"2021-06-01T06:33:07+00:00","twitter_card":"summary_large_image","twitter_misc":{"Gesch\u00e4tzte Lesezeit":"3\u00a0Minuten"},"schema":{"@context":"https:\/\/schema.org","@graph":[{"@type":"WebPage","@id":"https:\/\/vibrotech-eng.com\/de\/cucharas-colada-maquinas-compactacion-refractario\/","url":"https:\/\/vibrotech-eng.com\/de\/cucharas-colada-maquinas-compactacion-refractario\/","name":"Gie\u00dfpfannen und feuerfeste\u2028 Verdichtungsmaschinen - Vibrotech Engineering S.L","isPartOf":{"@id":"https:\/\/vibrotech-eng.com\/de\/#website"},"datePublished":"2017-12-28T07:45:56+00:00","dateModified":"2021-06-01T06:33:07+00:00","breadcrumb":{"@id":"https:\/\/vibrotech-eng.com\/de\/cucharas-colada-maquinas-compactacion-refractario\/#breadcrumb"},"inLanguage":"de","potentialAction":[{"@type":"ReadAction","target":["https:\/\/vibrotech-eng.com\/de\/cucharas-colada-maquinas-compactacion-refractario\/"]}]},{"@type":"BreadcrumbList","@id":"https:\/\/vibrotech-eng.com\/de\/cucharas-colada-maquinas-compactacion-refractario\/#breadcrumb","itemListElement":[{"@type":"ListItem","position":1,"name":"Start","item":"https:\/\/vibrotech-eng.com\/de\/inicio\/"},{"@type":"ListItem","position":2,"name":"Gie\u00dfpfannen und feuerfeste\u2028 Verdichtungsmaschinen"}]},{"@type":"WebSite","@id":"https:\/\/vibrotech-eng.com\/de\/#website","url":"https:\/\/vibrotech-eng.com\/de\/","name":"Vibrotech Engineering S.L","description":"Empresa espa\u00f1ola que desarrolla su actividad principal en el dise\u00f1o y fabricaci\u00f3n de maquinaria vibrante","potentialAction":[{"@type":"SearchAction","target":{"@type":"EntryPoint","urlTemplate":"https:\/\/vibrotech-eng.com\/de\/?s={search_term_string}"},"query-input":{"@type":"PropertyValueSpecification","valueRequired":true,"valueName":"search_term_string"}}],"inLanguage":"de"}]}},"_links":{"self":[{"href":"https:\/\/vibrotech-eng.com\/de\/wp-json\/wp\/v2\/pages\/6837","targetHints":{"allow":["GET"]}}],"collection":[{"href":"https:\/\/vibrotech-eng.com\/de\/wp-json\/wp\/v2\/pages"}],"about":[{"href":"https:\/\/vibrotech-eng.com\/de\/wp-json\/wp\/v2\/types\/page"}],"author":[{"embeddable":true,"href":"https:\/\/vibrotech-eng.com\/de\/wp-json\/wp\/v2\/users\/2"}],"replies":[{"embeddable":true,"href":"https:\/\/vibrotech-eng.com\/de\/wp-json\/wp\/v2\/comments?post=6837"}],"version-history":[{"count":0,"href":"https:\/\/vibrotech-eng.com\/de\/wp-json\/wp\/v2\/pages\/6837\/revisions"}],"wp:attachment":[{"href":"https:\/\/vibrotech-eng.com\/de\/wp-json\/wp\/v2\/media?parent=6837"}],"curies":[{"name":"wp","href":"https:\/\/api.w.org\/{rel}","templated":true}]}}