{"id":6816,"date":"2017-09-25T12:21:06","date_gmt":"2017-09-25T10:21:06","guid":{"rendered":"https:\/\/vibrotech-eng.com\/golpeadores-para-tolvas-de-arena\/"},"modified":"2021-05-25T09:45:25","modified_gmt":"2021-05-25T07:45:25","slug":"golpeadores-para-tolvas-de-arena","status":"publish","type":"page","link":"https:\/\/vibrotech-eng.com\/de\/golpeadores-para-tolvas-de-arena\/","title":{"rendered":"Schlagsch\u00fcttler f\u00fcr Gr\u00fcnsandbunker"},"content":{"rendered":"<div id='av_section_1'  class='avia-section av-37xlb6-2ed17e4b4fb90b414fc82523060869b8 main_color avia-section-default avia-no-border-styling  avia-builder-el-0  avia-builder-el-no-sibling  avia-bg-style-scroll container_wrap sidebar_right'  ><div class='container av-section-cont-open' ><main  role=\"main\" itemprop=\"mainContentOfPage\"  class='template-page content  av-content-small alpha units'><div class='post-entry post-entry-type-page post-entry-6816'><div class='entry-content-wrapper clearfix'>\n<section  class='av_textblock_section av-310uu2-e3366dd05bdfa07beca9a91138d571b5 '   itemscope=\"itemscope\" itemtype=\"https:\/\/schema.org\/CreativeWork\" ><div class='avia_textblock'  itemprop=\"text\" ><h1 style=\"text-align: center;\">Schlagsch\u00fcttler f\u00fcr Gr\u00fcnsandbunker<\/h1>\n<\/div><\/section>\n\n<style type=\"text\/css\" data-created_by=\"avia_inline_auto\" id=\"style-css-av-2xykxe-0388a96f85f2c38fc52677017abdfa69\">\n#top .hr.hr-invisible.av-2xykxe-0388a96f85f2c38fc52677017abdfa69{\nheight:50px;\n}\n<\/style>\n<div  class='hr av-2xykxe-0388a96f85f2c38fc52677017abdfa69 hr-invisible  avia-builder-el-2  el_after_av_textblock  el_before_av_one_fourth '><span class='hr-inner '><span class=\"hr-inner-style\"><\/span><\/span><\/div>\n<div class='flex_column_table av-2oul22-a58c75c2c97758a87061dd47da050324 sc-av_one_fourth av-equal-height-column-flextable'>\n<style type=\"text\/css\" data-created_by=\"avia_inline_auto\" id=\"style-css-av-2oul22-a58c75c2c97758a87061dd47da050324\">\n.flex_column.av-2oul22-a58c75c2c97758a87061dd47da050324{\nborder-radius:0px 0px 0px 0px;\npadding:0px 0px 0px 0px;\n}\n<\/style>\n<div  class='flex_column av-2oul22-a58c75c2c97758a87061dd47da050324 av_one_fourth  avia-builder-el-3  el_after_av_hr  el_before_av_one_fourth  first flex_column_table_cell av-equal-height-column av-align-middle av-zero-column-padding  '     ><\/div><div class='av-flex-placeholder'><\/div>\n<style type=\"text\/css\" data-created_by=\"avia_inline_auto\" id=\"style-css-av-2n0eca-447628226d2c3a394445ae453291eed0\">\n.flex_column.av-2n0eca-447628226d2c3a394445ae453291eed0{\nborder-radius:0px 0px 0px 0px;\npadding:0px 0px 0px 0px;\n}\n<\/style>\n<div  class='flex_column av-2n0eca-447628226d2c3a394445ae453291eed0 av_one_fourth  avia-builder-el-4  el_after_av_one_fourth  el_before_av_one_half  flex_column_table_cell av-equal-height-column av-align-middle av-zero-column-padding  '     ><style type=\"text\/css\" data-created_by=\"avia_inline_auto\" id=\"style-css-av-2esc5u-7eb09ce4e7277ac372cf8691d4421b5d\">\n.avia-image-container.av-2esc5u-7eb09ce4e7277ac372cf8691d4421b5d img.avia_image{\nbox-shadow:none;\n}\n.avia-image-container.av-2esc5u-7eb09ce4e7277ac372cf8691d4421b5d .av-image-caption-overlay-center{\ncolor:#ffffff;\n}\n<\/style>\n<div  class='avia-image-container av-2esc5u-7eb09ce4e7277ac372cf8691d4421b5d av-styling- avia-align-center  avia-builder-el-5  avia-builder-el-no-sibling '   itemprop=\"image\" itemscope=\"itemscope\" itemtype=\"https:\/\/schema.org\/ImageObject\" ><div class=\"avia-image-container-inner\"><div class=\"avia-image-overlay-wrap\"><a href=\"https:\/\/vibrotech-eng.com\/wp-content\/uploads\/2017\/12\/Vibradores-Neum\u00e1ticos.jpg\" data-srcset=\"https:\/\/vibrotech-eng.com\/wp-content\/uploads\/2017\/12\/Vibradores-Neum\u00e1ticos.jpg 750w, https:\/\/vibrotech-eng.com\/wp-content\/uploads\/2017\/12\/Vibradores-Neum\u00e1ticos-300x214.jpg 300w, https:\/\/vibrotech-eng.com\/wp-content\/uploads\/2017\/12\/Vibradores-Neum\u00e1ticos-260x185.jpg 260w, https:\/\/vibrotech-eng.com\/wp-content\/uploads\/2017\/12\/Vibradores-Neum\u00e1ticos-705x504.jpg 705w, https:\/\/vibrotech-eng.com\/wp-content\/uploads\/2017\/12\/Vibradores-Neum\u00e1ticos-450x322.jpg 450w\" data-sizes=\"(max-width: 750px) 100vw, 750px\" class='avia_image'  aria-label='Vibradores Neum\u00e1ticos'><img decoding=\"async\" fetchpriority=\"high\" class='wp-image-6021 avia-img-lazy-loading-not-6021 avia_image ' src=\"https:\/\/vibrotech-eng.com\/wp-content\/uploads\/2017\/12\/Vibradores-Neum\u00e1ticos.jpg\" alt='' title='Vibradores Neum\u00e1ticos'  height=\"536\" width=\"750\"  itemprop=\"thumbnailUrl\" srcset=\"https:\/\/vibrotech-eng.com\/wp-content\/uploads\/2017\/12\/Vibradores-Neum\u00e1ticos.jpg 750w, https:\/\/vibrotech-eng.com\/wp-content\/uploads\/2017\/12\/Vibradores-Neum\u00e1ticos-300x214.jpg 300w, https:\/\/vibrotech-eng.com\/wp-content\/uploads\/2017\/12\/Vibradores-Neum\u00e1ticos-260x185.jpg 260w, https:\/\/vibrotech-eng.com\/wp-content\/uploads\/2017\/12\/Vibradores-Neum\u00e1ticos-705x504.jpg 705w, https:\/\/vibrotech-eng.com\/wp-content\/uploads\/2017\/12\/Vibradores-Neum\u00e1ticos-450x322.jpg 450w\" sizes=\"(max-width: 750px) 100vw, 750px\" \/><\/a><\/div><\/div><\/div><\/div><div class='av-flex-placeholder'><\/div>\n<style type=\"text\/css\" data-created_by=\"avia_inline_auto\" id=\"style-css-av-26c38a-adcd209daffb01662836367da781ae46\">\n.flex_column.av-26c38a-adcd209daffb01662836367da781ae46{\nborder-radius:0px 0px 0px 0px;\npadding:0px 0px 0px 0px;\n}\n<\/style>\n<div  class='flex_column av-26c38a-adcd209daffb01662836367da781ae46 av_one_half  avia-builder-el-6  el_after_av_one_fourth  el_before_av_one_fourth  flex_column_table_cell av-equal-height-column av-align-middle av-zero-column-padding  '     ><section  class='av_textblock_section av-245vn6-6282c08332692f4aeb596db65e30c86e '   itemscope=\"itemscope\" itemtype=\"https:\/\/schema.org\/CreativeWork\" ><div class='avia_textblock'  itemprop=\"text\" ><p class=\"p1\"><span class=\"s1\"><b>Vibrotech Engineering S.L.<\/b><\/span><span class=\"s2\"> repr\u00e4sentiert in Spanien <\/span><span class=\"s2\"><br \/>\ndas Unternehmen<\/span> <a href=\"http:\/\/www.clevelandvibrator.com\/\"><strong>Cleveland Vibrators<\/strong><\/a><strong>, <\/strong><span class=\"s1\">das \u00fcber das<br \/>\numfangreichste Sortiment an pneumatischen R\u00fcttlern<br \/>\nund Schlagsch\u00fcttlern f\u00fcr verschiedene industrielle<br \/>\nAnwendungen auf dem Markt verf\u00fcgt.<\/span><\/p>\n<\/div><\/section><\/div><\/div><!--close column table wrapper. Autoclose: 1 -->\n<style type=\"text\/css\" data-created_by=\"avia_inline_auto\" id=\"style-css-av-1uhbsy-5cb890b01156e3cc855de3170440c179\">\n.flex_column.av-1uhbsy-5cb890b01156e3cc855de3170440c179{\nborder-radius:0px 0px 0px 0px;\npadding:0px 0px 0px 0px;\n}\n<\/style>\n<div  class='flex_column av-1uhbsy-5cb890b01156e3cc855de3170440c179 av_one_fourth  avia-builder-el-8  el_after_av_one_half  el_before_av_one_fourth  first flex_column_div av-zero-column-padding  column-top-margin'     ><\/div>\n<style type=\"text\/css\" data-created_by=\"avia_inline_auto\" id=\"style-css-av-1o9h5u-a6e8986686ca85ecfec1aa68aec0be3a\">\n.flex_column.av-1o9h5u-a6e8986686ca85ecfec1aa68aec0be3a{\nborder-width:1px;\nborder-color:#b2b2b2;\nborder-style:solid;\nborder-radius:0px 0px 0px 0px;\npadding:0px 20px 0px 0px;\n}\n<\/style>\n<div  class='flex_column av-1o9h5u-a6e8986686ca85ecfec1aa68aec0be3a av_one_fourth  avia-builder-el-9  el_after_av_one_fourth  el_before_av_one_half  neumaticos flex_column_div  column-top-margin'     ><section  class='av_textblock_section av-1kjyu2-3aebfe807d01b2930a82c59acf694a6a '   itemscope=\"itemscope\" itemtype=\"https:\/\/schema.org\/CreativeWork\" ><div class='avia_textblock'  itemprop=\"text\" ><p class=\"p1\" style=\"text-align: right;\"><span class=\"s1\">Dieses Sortiment an R\u00fcttler f\u00fcr Trichter oder Silos umfasst unter anderem folgende Arten von R\u00fcttlern:<\/span><\/p>\n<\/div><\/section><\/div>\n<style type=\"text\/css\" data-created_by=\"avia_inline_auto\" id=\"style-css-av-1dfk4i-e39b4497822fa31e5ff806d544de35bd\">\n.flex_column.av-1dfk4i-e39b4497822fa31e5ff806d544de35bd{\nborder-radius:0px 0px 0px 0px;\npadding:0px 0px 0px 0px;\n}\n<\/style>\n<div  class='flex_column av-1dfk4i-e39b4497822fa31e5ff806d544de35bd av_one_half  avia-builder-el-11  el_after_av_one_fourth  avia-builder-el-last  flex_column_div av-zero-column-padding  column-top-margin'     ><section  class='av_textblock_section av-1at9u2-fceac9dcf3cbf0c612341ec401d19e60 '   itemscope=\"itemscope\" itemtype=\"https:\/\/schema.org\/CreativeWork\" ><div class='avia_textblock'  itemprop=\"text\" ><p class=\"p1\"><span class=\"s1\"><a href=\"https:\/\/vibrotech-eng.com\/wp-content\/uploads\/2017\/12\/Sacudidor-percutor-serie-SI..pdf\">Schlagsch\u00fcttler der Serie SI <\/a><\/span>\n<style type=\"text\/css\" data-created_by=\"avia_inline_auto\" id=\"style-css-av-11uw4i-14777ecfaee42965916ce66c22e05cc5\">\n.av_font_icon.av-11uw4i-14777ecfaee42965916ce66c22e05cc5 .av-icon-char{\nfont-size:20px;\nline-height:20px;\n}\n<\/style>\n<span  class='av_font_icon av-11uw4i-14777ecfaee42965916ce66c22e05cc5 avia_animate_when_visible av-icon-style- avia-icon-pos-left av-no-color avia-icon-animate'><a href='https:\/\/vibrotech-eng.com\/wp-content\/uploads\/2017\/12\/Sacudidor-percutor-serie-SI..pdf' target=\"_blank\" rel=\"noopener noreferrer\" class='av-icon-char' aria-hidden='true' data-av_icon='\uf1c1' data-av_iconfont='fontello'><\/a><\/span><\/p>\n<p class=\"p1\"><span class=\"s1\"><a href=\"https:\/\/vibrotech-eng.com\/wp-content\/uploads\/2017\/12\/Lineales-serie-MVSI.pdf\">Lineare R\u00fcttler der Serie MVSI <\/a><\/span>\n<style type=\"text\/css\" data-created_by=\"avia_inline_auto\" id=\"style-css-av-v92ea-3dfd03043751747fc4c22b6181d6458e\">\n.av_font_icon.av-v92ea-3dfd03043751747fc4c22b6181d6458e .av-icon-char{\nfont-size:20px;\nline-height:20px;\n}\n<\/style>\n<span  class='av_font_icon av-v92ea-3dfd03043751747fc4c22b6181d6458e avia_animate_when_visible av-icon-style- avia-icon-pos-left av-no-color avia-icon-animate'><a href='https:\/\/vibrotech-eng.com\/wp-content\/uploads\/2017\/12\/Lineales-serie-MVSI.pdf' target=\"_blank\" rel=\"noopener noreferrer\" class='av-icon-char' aria-hidden='true' data-av_icon='\uf1c1' data-av_iconfont='fontello'><\/a><\/span><\/p>\n<p class=\"p1\"><span class=\"s1\"><a href=\"https:\/\/vibrotech-eng.com\/wp-content\/uploads\/2017\/12\/De-turbina-serie-CVT.pdf\">Turbinenr\u00fcttler der Serie CVT <\/a><\/span>\n<style type=\"text\/css\" data-created_by=\"avia_inline_auto\" id=\"style-css-av-t5hpu-62bc0100526e3fa9169d52b989ecaf53\">\n.av_font_icon.av-t5hpu-62bc0100526e3fa9169d52b989ecaf53 .av-icon-char{\nfont-size:20px;\nline-height:20px;\n}\n<\/style>\n<span  class='av_font_icon av-t5hpu-62bc0100526e3fa9169d52b989ecaf53 avia_animate_when_visible av-icon-style- avia-icon-pos-left av-no-color avia-icon-animate'><a href='https:\/\/vibrotech-eng.com\/wp-content\/uploads\/2017\/12\/De-turbina-serie-CVT.pdf' target=\"_blank\" rel=\"noopener noreferrer\" class='av-icon-char' aria-hidden='true' data-av_icon='\uf1c1' data-av_iconfont='fontello'><\/a><\/span><\/p>\n<p class=\"p1\"><span class=\"s1\"><a href=\"https:\/\/vibrotech-eng.com\/wp-content\/uploads\/2017\/12\/De-bola-serie-VB.pdf\">Kugelr\u00fcttler der Serie VB <\/a><\/span>\n<style type=\"text\/css\" data-created_by=\"avia_inline_auto\" id=\"style-css-av-mm71e-b8e2f6e2f224b4e8cbdc268391cd4bfc\">\n.av_font_icon.av-mm71e-b8e2f6e2f224b4e8cbdc268391cd4bfc .av-icon-char{\nfont-size:20px;\nline-height:20px;\n}\n<\/style>\n<span  class='av_font_icon av-mm71e-b8e2f6e2f224b4e8cbdc268391cd4bfc avia_animate_when_visible av-icon-style- avia-icon-pos-left av-no-color avia-icon-animate'><a href='https:\/\/vibrotech-eng.com\/wp-content\/uploads\/2017\/12\/De-bola-serie-VB.pdf' target=\"_blank\" rel=\"noopener noreferrer\" class='av-icon-char' aria-hidden='true' data-av_icon='\uf1c1' data-av_iconfont='fontello'><\/a><\/span><\/p>\n<p class=\"p1\"><span class=\"s1\"><a href=\"https:\/\/vibrotech-eng.com\/wp-content\/uploads\/2017\/12\/Vibradores-miniatura-de-turbina-serie-CVTP..pdf\">Mini-Turbinenr\u00fcttler der Serie CVTP <\/a><\/span>\n<style type=\"text\/css\" data-created_by=\"avia_inline_auto\" id=\"style-css-av-cy816-54a6a2d34c2098845b1d00c0f38fd0a3\">\n.av_font_icon.av-cy816-54a6a2d34c2098845b1d00c0f38fd0a3 .av-icon-char{\nfont-size:20px;\nline-height:20px;\n}\n<\/style>\n<span  class='av_font_icon av-cy816-54a6a2d34c2098845b1d00c0f38fd0a3 avia_animate_when_visible av-icon-style- avia-icon-pos-left av-no-color avia-icon-animate'><a href='https:\/\/vibrotech-eng.com\/wp-content\/uploads\/2017\/12\/Vibradores-miniatura-de-turbina-serie-CVTP..pdf' target=\"_blank\" rel=\"noopener noreferrer\" class='av-icon-char' aria-hidden='true' data-av_icon='\uf1c1' data-av_iconfont='fontello'><\/a><\/span><\/p>\n<p class=\"p1\"><a href=\"https:\/\/vibrotech-eng.com\/wp-content\/uploads\/2017\/12\/Vibradores-miniatura-de-pist\u00f3n-serie-VM.pdf\">Mini-Kolbenr\u00fcttler der Serie VM<\/a>\n<style type=\"text\/css\" data-created_by=\"avia_inline_auto\" id=\"style-css-av-6yzkq-f3ed2d0d45512509cd850a5b2fcab858\">\n.av_font_icon.av-6yzkq-f3ed2d0d45512509cd850a5b2fcab858 .av-icon-char{\nfont-size:20px;\nline-height:20px;\n}\n<\/style>\n<span  class='av_font_icon av-6yzkq-f3ed2d0d45512509cd850a5b2fcab858 avia_animate_when_visible av-icon-style- avia-icon-pos-left av-no-color avia-icon-animate'><a href='https:\/\/vibrotech-eng.com\/wp-content\/uploads\/2017\/12\/Vibradores-miniatura-de-pist\u00f3n-serie-VM.pdf' target=\"_blank\" rel=\"noopener noreferrer\" class='av-icon-char' aria-hidden='true' data-av_icon='\uf1c1' data-av_iconfont='fontello'><\/a><\/span><\/p>\n<p class=\"p1\"><span class=\"s1\">Hochfrequenzr\u00fcttler<\/span><\/p>\n<\/div><\/section><\/div><\/div><\/div><\/main><!-- close content main element --><\/div><\/div><div id='after_section_1'  class='main_color av_default_container_wrap container_wrap sidebar_right'  ><div class='container av-section-cont-open' ><div class='template-page content  av-content-small alpha units'><div class='post-entry post-entry-type-page post-entry-6816'><div class='entry-content-wrapper clearfix'>\n","protected":false},"excerpt":{"rendered":"","protected":false},"author":2,"featured_media":0,"parent":0,"menu_order":0,"comment_status":"closed","ping_status":"closed","template":"","meta":{"footnotes":""},"class_list":["post-6816","page","type-page","status-publish","hentry"],"yoast_head":"<!-- This site is optimized with the Yoast SEO Premium plugin v20.3 (Yoast SEO v27.5) - https:\/\/yoast.com\/product\/yoast-seo-premium-wordpress\/ -->\n<title>Schlagsch\u00fcttler f\u00fcr Gr\u00fcnsandbunker - Vibrotech Engineering S.L<\/title>\n<meta name=\"robots\" content=\"noindex, follow\" \/>\n<meta property=\"og:locale\" content=\"de_DE\" \/>\n<meta property=\"og:type\" content=\"article\" \/>\n<meta property=\"og:title\" content=\"Schlagsch\u00fcttler f\u00fcr Gr\u00fcnsandbunker\" \/>\n<meta property=\"og:url\" content=\"https:\/\/vibrotech-eng.com\/de\/golpeadores-para-tolvas-de-arena\/\" \/>\n<meta property=\"og:site_name\" content=\"Vibrotech Engineering S.L\" \/>\n<meta property=\"article:modified_time\" content=\"2021-05-25T07:45:25+00:00\" \/>\n<meta name=\"twitter:card\" content=\"summary_large_image\" \/>\n<meta name=\"twitter:label1\" content=\"Gesch\u00e4tzte Lesezeit\" \/>\n\t<meta name=\"twitter:data1\" content=\"5\u00a0Minuten\" \/>\n<script type=\"application\/ld+json\" class=\"yoast-schema-graph\">{\"@context\":\"https:\\\/\\\/schema.org\",\"@graph\":[{\"@type\":\"WebPage\",\"@id\":\"https:\\\/\\\/vibrotech-eng.com\\\/de\\\/golpeadores-para-tolvas-de-arena\\\/\",\"url\":\"https:\\\/\\\/vibrotech-eng.com\\\/de\\\/golpeadores-para-tolvas-de-arena\\\/\",\"name\":\"Schlagsch\u00fcttler f\u00fcr Gr\u00fcnsandbunker - Vibrotech Engineering S.L\",\"isPartOf\":{\"@id\":\"https:\\\/\\\/vibrotech-eng.com\\\/de\\\/#website\"},\"datePublished\":\"2017-09-25T10:21:06+00:00\",\"dateModified\":\"2021-05-25T07:45:25+00:00\",\"breadcrumb\":{\"@id\":\"https:\\\/\\\/vibrotech-eng.com\\\/de\\\/golpeadores-para-tolvas-de-arena\\\/#breadcrumb\"},\"inLanguage\":\"de\",\"potentialAction\":[{\"@type\":\"ReadAction\",\"target\":[\"https:\\\/\\\/vibrotech-eng.com\\\/de\\\/golpeadores-para-tolvas-de-arena\\\/\"]}]},{\"@type\":\"BreadcrumbList\",\"@id\":\"https:\\\/\\\/vibrotech-eng.com\\\/de\\\/golpeadores-para-tolvas-de-arena\\\/#breadcrumb\",\"itemListElement\":[{\"@type\":\"ListItem\",\"position\":1,\"name\":\"Start\",\"item\":\"https:\\\/\\\/vibrotech-eng.com\\\/de\\\/inicio\\\/\"},{\"@type\":\"ListItem\",\"position\":2,\"name\":\"Schlagsch\u00fcttler f\u00fcr Gr\u00fcnsandbunker\"}]},{\"@type\":\"WebSite\",\"@id\":\"https:\\\/\\\/vibrotech-eng.com\\\/de\\\/#website\",\"url\":\"https:\\\/\\\/vibrotech-eng.com\\\/de\\\/\",\"name\":\"Vibrotech Engineering S.L\",\"description\":\"Empresa espa\u00f1ola que desarrolla su actividad principal en el dise\u00f1o y fabricaci\u00f3n de maquinaria vibrante\",\"potentialAction\":[{\"@type\":\"SearchAction\",\"target\":{\"@type\":\"EntryPoint\",\"urlTemplate\":\"https:\\\/\\\/vibrotech-eng.com\\\/de\\\/?s={search_term_string}\"},\"query-input\":{\"@type\":\"PropertyValueSpecification\",\"valueRequired\":true,\"valueName\":\"search_term_string\"}}],\"inLanguage\":\"de\"}]}<\/script>\n<!-- \/ Yoast SEO Premium plugin. -->","yoast_head_json":{"title":"Schlagsch\u00fcttler f\u00fcr Gr\u00fcnsandbunker - Vibrotech Engineering S.L","robots":{"index":"noindex","follow":"follow"},"og_locale":"de_DE","og_type":"article","og_title":"Schlagsch\u00fcttler f\u00fcr Gr\u00fcnsandbunker","og_url":"https:\/\/vibrotech-eng.com\/de\/golpeadores-para-tolvas-de-arena\/","og_site_name":"Vibrotech Engineering S.L","article_modified_time":"2021-05-25T07:45:25+00:00","twitter_card":"summary_large_image","twitter_misc":{"Gesch\u00e4tzte Lesezeit":"5\u00a0Minuten"},"schema":{"@context":"https:\/\/schema.org","@graph":[{"@type":"WebPage","@id":"https:\/\/vibrotech-eng.com\/de\/golpeadores-para-tolvas-de-arena\/","url":"https:\/\/vibrotech-eng.com\/de\/golpeadores-para-tolvas-de-arena\/","name":"Schlagsch\u00fcttler f\u00fcr Gr\u00fcnsandbunker - Vibrotech Engineering S.L","isPartOf":{"@id":"https:\/\/vibrotech-eng.com\/de\/#website"},"datePublished":"2017-09-25T10:21:06+00:00","dateModified":"2021-05-25T07:45:25+00:00","breadcrumb":{"@id":"https:\/\/vibrotech-eng.com\/de\/golpeadores-para-tolvas-de-arena\/#breadcrumb"},"inLanguage":"de","potentialAction":[{"@type":"ReadAction","target":["https:\/\/vibrotech-eng.com\/de\/golpeadores-para-tolvas-de-arena\/"]}]},{"@type":"BreadcrumbList","@id":"https:\/\/vibrotech-eng.com\/de\/golpeadores-para-tolvas-de-arena\/#breadcrumb","itemListElement":[{"@type":"ListItem","position":1,"name":"Start","item":"https:\/\/vibrotech-eng.com\/de\/inicio\/"},{"@type":"ListItem","position":2,"name":"Schlagsch\u00fcttler f\u00fcr Gr\u00fcnsandbunker"}]},{"@type":"WebSite","@id":"https:\/\/vibrotech-eng.com\/de\/#website","url":"https:\/\/vibrotech-eng.com\/de\/","name":"Vibrotech Engineering S.L","description":"Empresa espa\u00f1ola que desarrolla su actividad principal en el dise\u00f1o y fabricaci\u00f3n de maquinaria vibrante","potentialAction":[{"@type":"SearchAction","target":{"@type":"EntryPoint","urlTemplate":"https:\/\/vibrotech-eng.com\/de\/?s={search_term_string}"},"query-input":{"@type":"PropertyValueSpecification","valueRequired":true,"valueName":"search_term_string"}}],"inLanguage":"de"}]}},"_links":{"self":[{"href":"https:\/\/vibrotech-eng.com\/de\/wp-json\/wp\/v2\/pages\/6816","targetHints":{"allow":["GET"]}}],"collection":[{"href":"https:\/\/vibrotech-eng.com\/de\/wp-json\/wp\/v2\/pages"}],"about":[{"href":"https:\/\/vibrotech-eng.com\/de\/wp-json\/wp\/v2\/types\/page"}],"author":[{"embeddable":true,"href":"https:\/\/vibrotech-eng.com\/de\/wp-json\/wp\/v2\/users\/2"}],"replies":[{"embeddable":true,"href":"https:\/\/vibrotech-eng.com\/de\/wp-json\/wp\/v2\/comments?post=6816"}],"version-history":[{"count":0,"href":"https:\/\/vibrotech-eng.com\/de\/wp-json\/wp\/v2\/pages\/6816\/revisions"}],"wp:attachment":[{"href":"https:\/\/vibrotech-eng.com\/de\/wp-json\/wp\/v2\/media?parent=6816"}],"curies":[{"name":"wp","href":"https:\/\/api.w.org\/{rel}","templated":true}]}}