{"id":6807,"date":"2017-09-25T12:20:40","date_gmt":"2017-09-25T10:20:40","guid":{"rendered":"https:\/\/vibrotech-eng.com\/enfriadores-de-arena-de-lecho-fluido\/"},"modified":"2022-07-26T16:19:37","modified_gmt":"2022-07-26T14:19:37","slug":"enfriadores-de-arena-de-lecho-fluido","status":"publish","type":"page","link":"https:\/\/vibrotech-eng.com\/de\/enfriadores-de-arena-de-lecho-fluido\/","title":{"rendered":"Flie\u00dfbett-Sandk\u00fchler"},"content":{"rendered":"<div id='av_section_1'  class='avia-section av-27g8g0-6dc89dd49ff6d89ee6718c69dcc8122b main_color avia-section-default avia-no-border-styling  avia-builder-el-0  avia-builder-el-no-sibling  avia-bg-style-scroll container_wrap sidebar_right'  ><div class='container av-section-cont-open' ><main  role=\"main\" itemprop=\"mainContentOfPage\"  class='template-page content  av-content-small alpha units'><div class='post-entry post-entry-type-page post-entry-6807'><div class='entry-content-wrapper clearfix'>\n<section  class='av_textblock_section av-21d2s8-96650b15a924e5fa6020da772780e881 '   itemscope=\"itemscope\" itemtype=\"https:\/\/schema.org\/CreativeWork\" ><div class='avia_textblock'  itemprop=\"text\" ><h1 style=\"text-align: center;\">Flie\u00dfbett-Sandk\u00fchler<\/h1>\n<\/div><\/section>\n\n<style type=\"text\/css\" data-created_by=\"avia_inline_auto\" id=\"style-css-av-739w8-4759797f1a19f8c5ffba965b1665ffd0\">\n#top .hr.hr-invisible.av-739w8-4759797f1a19f8c5ffba965b1665ffd0{\nheight:50px;\n}\n<\/style>\n<div  class='hr av-739w8-4759797f1a19f8c5ffba965b1665ffd0 hr-invisible  avia-builder-el-2  el_after_av_textblock  el_before_av_one_third '><span class='hr-inner '><span class=\"hr-inner-style\"><\/span><\/span><\/div>\n\n<style type=\"text\/css\" data-created_by=\"avia_inline_auto\" id=\"style-css-av-65xa0-11b25eab1bb13317b5976c3bf5b55042\">\n.flex_column.av-65xa0-11b25eab1bb13317b5976c3bf5b55042{\nborder-radius:0px 0px 0px 0px;\npadding:0px 0px 0px 0px;\n}\n<\/style>\n<div  class='flex_column av-65xa0-11b25eab1bb13317b5976c3bf5b55042 av_one_third  avia-builder-el-3  el_after_av_hr  el_before_av_one_third  first flex_column_div av-zero-column-padding  '     ><section  class='av_textblock_section av-1i7euo-0981ca7819deb5b29a9e0099bd2ab9e7 '   itemscope=\"itemscope\" itemtype=\"https:\/\/schema.org\/CreativeWork\" ><div class='avia_textblock'  itemprop=\"text\" ><p class=\"p1\"><span class=\"s1\">Das Ziel einer Gr\u00fcnsandgie\u00dferei-Aufbereitungsanlage l\u00e4sst sich in den folgenden Aspekten zusammenfassen:<\/span><\/p>\n<ul class=\"ul1\">\n<li class=\"li1\"><span class=\"s1\">Reduzieren der Sandtemperatur<\/span><\/li>\n<li class=\"li1\"><span class=\"s1\">Homogene Einstellung des Ausgangsfeuchtigkeitsgrads des Sandes<\/span><\/li>\n<li class=\"li1\"><span class=\"s1\">Trennung der Feinstoffe vom Sand auf zwei Arten (grobe Feinstoffe mittels Zyklon und unf\u00fchlbare mittels Schlauchfilter), wobei der Kunde dar\u00fcber entscheidet, sie sp\u00e4ter wieder in den Prozess einzubringen<\/span><\/li>\n<li class=\"li1\"><span class=\"s1\">Erh\u00f6hung des \u201eSandflockigkeitsgrads\u201c<\/span><\/li>\n<\/ul>\n<p class=\"p1\"><span class=\"s1\">Auf diese Weise erh\u00e4lt der Sand geeignete Eigenschaften f\u00fcr die Wiederverwendung und es wird eine wesentliche Verbesserung der Qualit\u00e4t der Werkst\u00fccke erreicht, wodurch die Anzahl der Fehler in ihnen reduziert wird.<\/span><\/p>\n<\/div><\/section><\/div>\n<style type=\"text\/css\" data-created_by=\"avia_inline_auto\" id=\"style-css-av-1gd51s-cd4d00748783e87830ca3f6a942a43ee\">\n.flex_column.av-1gd51s-cd4d00748783e87830ca3f6a942a43ee{\nborder-radius:0px 0px 0px 0px;\npadding:0px 0px 0px 0px;\n}\n<\/style>\n<div  class='flex_column av-1gd51s-cd4d00748783e87830ca3f6a942a43ee av_one_third  avia-builder-el-5  el_after_av_one_third  el_before_av_one_third  flex_column_div av-zero-column-padding  '     ><section  class='av_textblock_section av-192g9c-05e1a372e320b5f658ec655b2a8389b8 '   itemscope=\"itemscope\" itemtype=\"https:\/\/schema.org\/CreativeWork\" ><div class='avia_textblock'  itemprop=\"text\" ><p class=\"p1\"><span class=\"s1\">Der K\u00fchler besteht aus den folgenden Elementen:<\/span><\/p>\n<ul class=\"ul1\">\n<li class=\"li1\"><span class=\"s1\">Sauggeh\u00e4use<\/span><\/li>\n<li class=\"li1\"><span class=\"s1\">Zufuhrsystem<\/span><\/li>\n<li class=\"li1\"><span class=\"s1\">Flexible Verbindung zwischen festem und beweglichem Teil<\/span><\/li>\n<li class=\"li1\"><span class=\"s1\">Schwingelement mit seinen jeweiligen Antrieben<\/span><\/li>\n<\/ul>\n<p class=\"p1\"><span class=\"s1\">Die Anlage verf\u00fcgt \u00fcber einen Bedienungs- und Steuerschrank zum Starten und Stoppen aller Elemente mit ihren jeweiligen Verriegelungen sowie zur Steuerung der Wasserzufuhr in die Anlage.<\/span><\/p>\n<\/div><\/section><\/div>\n<style type=\"text\/css\" data-created_by=\"avia_inline_auto\" id=\"style-css-av-13dqns-9832f6b0ed4349f735e239120eeace77\">\n.flex_column.av-13dqns-9832f6b0ed4349f735e239120eeace77{\nborder-radius:0px 0px 0px 0px;\npadding:0px 0px 0px 0px;\n}\n<\/style>\n<div  class='flex_column av-13dqns-9832f6b0ed4349f735e239120eeace77 av_one_third  avia-builder-el-7  el_after_av_one_third  el_before_av_one_half  flex_column_div av-zero-column-padding  '     ><section  class='av_textblock_section av-3i47c-ea4cc74426848fd6a8a98e60fa6ea6eb '   itemscope=\"itemscope\" itemtype=\"https:\/\/schema.org\/CreativeWork\" ><div class='avia_textblock'  itemprop=\"text\" ><p class=\"p1\"><span class=\"s1\"><b>Allgemeines:<\/b><\/span><\/p>\n<ul class=\"ul1\">\n<li class=\"li2\"><span class=\"s3\">Geeignet f\u00fcr die Aufbereitung von R\u00fccklaufsand in Gr\u00fcnformungsprozessen.<\/span><\/li>\n<li class=\"li2\"><span class=\"s3\">K\u00fchlung von etwa 120 bis zu etwa 40 \u00b0C.<\/span><\/li>\n<li class=\"li2\"><span class=\"s3\">Ausgangsfeuchtigkeit von ca. 1,5 %.<\/span><\/li>\n<li class=\"li2\"><span class=\"s3\">Unterschiedliche Antriebe in der R\u00fcttelanlage, wie etwa R\u00fcttler, Getriebe oder Eigenfrequenzsysteme.<\/span><\/li>\n<li class=\"li2\"><span class=\"s3\">Gro\u00dfsiebsystem f\u00fcr die Abscheidung von Partikeln vor dem Eintritt in den K\u00fchler.<\/span><\/li>\n<li class=\"li2\"><span class=\"s3\">Standardserie.<\/span><\/li>\n<\/ul>\n<\/div><\/section><\/div>\n<style type=\"text\/css\" data-created_by=\"avia_inline_auto\" id=\"style-css-av-syc00-a1c1c3d126852811d37fc5fb6d9bbc07\">\n.flex_column.av-syc00-a1c1c3d126852811d37fc5fb6d9bbc07{\nborder-radius:0px 0px 0px 0px;\npadding:0px 0px 0px 0px;\n}\n<\/style>\n<div  class='flex_column av-syc00-a1c1c3d126852811d37fc5fb6d9bbc07 av_one_half  avia-builder-el-9  el_after_av_one_third  el_before_av_one_half  first flex_column_div av-zero-column-padding  column-top-margin'     ><style type=\"text\/css\" data-created_by=\"avia_inline_auto\" id=\"style-css-av-kyf14-6bdc5dcf527f41093da243996dd38768\">\n.avia-image-container.av-kyf14-6bdc5dcf527f41093da243996dd38768 img.avia_image{\nbox-shadow:none;\n}\n.avia-image-container.av-kyf14-6bdc5dcf527f41093da243996dd38768 .av-image-caption-overlay-center{\ncolor:#ffffff;\n}\n<\/style>\n<div  class='avia-image-container av-kyf14-6bdc5dcf527f41093da243996dd38768 av-styling- avia-align-center  avia-builder-el-10  avia-builder-el-no-sibling '   itemprop=\"image\" itemscope=\"itemscope\" itemtype=\"https:\/\/schema.org\/ImageObject\" ><div class=\"avia-image-container-inner\"><div class=\"avia-image-overlay-wrap\"><img decoding=\"async\" fetchpriority=\"high\" class='wp-image-6199 avia-img-lazy-loading-not-6199 avia_image ' src=\"https:\/\/vibrotech-eng.com\/wp-content\/uploads\/2017\/12\/instalacion-de-arena-1030x576.png\" alt='' title='instalacion-de-arena'  height=\"576\" width=\"1030\"  itemprop=\"thumbnailUrl\" srcset=\"https:\/\/vibrotech-eng.com\/wp-content\/uploads\/2017\/12\/instalacion-de-arena-1030x576.png 1030w, https:\/\/vibrotech-eng.com\/wp-content\/uploads\/2017\/12\/instalacion-de-arena-300x168.png 300w, https:\/\/vibrotech-eng.com\/wp-content\/uploads\/2017\/12\/instalacion-de-arena-768x429.png 768w, https:\/\/vibrotech-eng.com\/wp-content\/uploads\/2017\/12\/instalacion-de-arena-705x394.png 705w, https:\/\/vibrotech-eng.com\/wp-content\/uploads\/2017\/12\/instalacion-de-arena-450x252.png 450w, https:\/\/vibrotech-eng.com\/wp-content\/uploads\/2017\/12\/instalacion-de-arena.png 1195w\" sizes=\"(max-width: 1030px) 100vw, 1030px\" \/><\/div><\/div><\/div><\/div>\n<style type=\"text\/css\" data-created_by=\"avia_inline_auto\" id=\"style-css-av-ek5og-27f3d364c2cf2780791143457121ca6b\">\n.flex_column.av-ek5og-27f3d364c2cf2780791143457121ca6b{\nborder-radius:0px 0px 0px 0px;\npadding:0px 0px 0px 0px;\n}\n<\/style>\n<div  class='flex_column av-ek5og-27f3d364c2cf2780791143457121ca6b av_one_half  avia-builder-el-11  el_after_av_one_half  el_before_av_hr  flex_column_div av-zero-column-padding  column-top-margin'     ><section  class='av_textblock_section av-9oqv4-6f0c20a0f71606fc3276e337cca21c57 '   itemscope=\"itemscope\" itemtype=\"https:\/\/schema.org\/CreativeWork\" ><div class='avia_textblock'  itemprop=\"text\" ><h2>Elementos de la instalaci\u00f3n<\/h2>\n<p>Una instalaci\u00f3n de acondicionamiento de arena se compone de los siguientes elementos:<\/p>\n<ol>\n<li>Enfriador de arena.<\/li>\n<li>Silo pulm\u00f3n de arena.<\/li>\n<li>Ventilador de impulsi\u00f3n de aire ambiente.<\/li>\n<li>Cicl\u00f3n de recuperaci\u00f3n de finos.<\/li>\n<li>Tubo flexible.<\/li>\n<li>Conductos de interconexi\u00f3n entre los distintos elementos.<\/li>\n<li>V\u00e1lvulas alveolares.<\/li>\n<li>Ventilador de aspiraci\u00f3n de aire de proceso.<\/li>\n<li>Filtro de mangas.<\/li>\n<li>Caja secuenciadora de electro- v\u00e1lvulas.<\/li>\n<\/ol>\n<\/div><\/section><\/div>\n<style type=\"text\/css\" data-created_by=\"avia_inline_auto\" id=\"style-css-av-l4i46pty-a2861b1760beba0d1ae0ad10ebef7e8a\">\n#top .hr.hr-invisible.av-l4i46pty-a2861b1760beba0d1ae0ad10ebef7e8a{\nheight:50px;\n}\n<\/style>\n<div  class='hr av-l4i46pty-a2861b1760beba0d1ae0ad10ebef7e8a hr-invisible  avia-builder-el-13  el_after_av_one_half  el_before_av_masonry_gallery  avia-builder-el-last '><span class='hr-inner '><span class=\"hr-inner-style\"><\/span><\/span><\/div>\n<div id='av-masonry-1' class='av-masonry av-8jps7-31a968f4933f5d6fcf81dbcbf4596a8d noHover av-fixed-size av-large-gap av-hover-overlay-active av-masonry-animation-active av-masonry-col-4 av-caption-always av-caption-style- av-masonry-gallery ' data-post_id=\"6807\"><div class=\"av-masonry-container isotope av-js-disabled\"><div class='av-masonry-entry isotope-item av-masonry-item-no-image '><\/div><a href=\"https:\/\/vibrotech-eng.com\/wp-content\/uploads\/2022\/06\/ENFRIADORARENA-1.jpg\" data-srcset=\"https:\/\/vibrotech-eng.com\/wp-content\/uploads\/2022\/06\/ENFRIADORARENA-1.jpg 807w, https:\/\/vibrotech-eng.com\/wp-content\/uploads\/2022\/06\/ENFRIADORARENA-1-300x222.jpg 300w, https:\/\/vibrotech-eng.com\/wp-content\/uploads\/2022\/06\/ENFRIADORARENA-1-768x568.jpg 768w, https:\/\/vibrotech-eng.com\/wp-content\/uploads\/2022\/06\/ENFRIADORARENA-1-705x522.jpg 705w\" data-sizes=\"(max-width: 807px) 100vw, 807px\"  aria-label=\"Bild ENFRIADORARENA-1\"  id='av-masonry-1-item-8787' data-av-masonry-item='8787' class='av-masonry-entry isotope-item post-8787 attachment type-attachment status-inherit hentry  av-masonry-item-with-image' title=\"ENFRIADORARENA-1\" alt=\"\"    itemprop=\"thumbnailUrl\" ><div class='av-inner-masonry-sizer'><\/div><figure class='av-inner-masonry main_color'><div class=\"av-masonry-outerimage-container\"><div class='av-masonry-image-container' style=\"background-image: url(https:\/\/vibrotech-eng.com\/wp-content\/uploads\/2022\/06\/ENFRIADORARENA-1-705x522.jpg);\"  title=\"ENFRIADORARENA-1\"  ><\/div><\/div><\/figure><\/a><!--end av-masonry entry--><a href=\"https:\/\/vibrotech-eng.com\/wp-content\/uploads\/2022\/06\/ENFRIADORARENA-2.jpg\" data-srcset=\"https:\/\/vibrotech-eng.com\/wp-content\/uploads\/2022\/06\/ENFRIADORARENA-2.jpg 817w, https:\/\/vibrotech-eng.com\/wp-content\/uploads\/2022\/06\/ENFRIADORARENA-2-300x221.jpg 300w, https:\/\/vibrotech-eng.com\/wp-content\/uploads\/2022\/06\/ENFRIADORARENA-2-768x566.jpg 768w, https:\/\/vibrotech-eng.com\/wp-content\/uploads\/2022\/06\/ENFRIADORARENA-2-705x519.jpg 705w\" data-sizes=\"(max-width: 817px) 100vw, 817px\"  aria-label=\"Bild ENFRIADORARENA-2\"  id='av-masonry-1-item-8791' data-av-masonry-item='8791' class='av-masonry-entry isotope-item post-8791 attachment type-attachment status-inherit hentry  av-masonry-item-with-image' title=\"ENFRIADORARENA-2\" alt=\"\"    itemprop=\"thumbnailUrl\" ><div class='av-inner-masonry-sizer'><\/div><figure class='av-inner-masonry main_color'><div class=\"av-masonry-outerimage-container\"><div class='av-masonry-image-container' style=\"background-image: url(https:\/\/vibrotech-eng.com\/wp-content\/uploads\/2022\/06\/ENFRIADORARENA-2-705x519.jpg);\"  title=\"ENFRIADORARENA-2\"  ><\/div><\/div><\/figure><\/a><!--end av-masonry entry--><a href=\"https:\/\/vibrotech-eng.com\/wp-content\/uploads\/2022\/07\/SDC-FOTO-1-1030x773.jpg\" data-srcset=\"https:\/\/vibrotech-eng.com\/wp-content\/uploads\/2022\/07\/SDC-FOTO-1-1030x773.jpg 1030w, https:\/\/vibrotech-eng.com\/wp-content\/uploads\/2022\/07\/SDC-FOTO-1-300x225.jpg 300w, https:\/\/vibrotech-eng.com\/wp-content\/uploads\/2022\/07\/SDC-FOTO-1-768x576.jpg 768w, https:\/\/vibrotech-eng.com\/wp-content\/uploads\/2022\/07\/SDC-FOTO-1-1536x1152.jpg 1536w, https:\/\/vibrotech-eng.com\/wp-content\/uploads\/2022\/07\/SDC-FOTO-1-2048x1536.jpg 2048w, https:\/\/vibrotech-eng.com\/wp-content\/uploads\/2022\/07\/SDC-FOTO-1-1500x1125.jpg 1500w, https:\/\/vibrotech-eng.com\/wp-content\/uploads\/2022\/07\/SDC-FOTO-1-705x529.jpg 705w\" data-sizes=\"(max-width: 1030px) 100vw, 1030px\"  aria-label=\"Bild SDC FOTO 1\"  id='av-masonry-1-item-8893' data-av-masonry-item='8893' class='av-masonry-entry isotope-item post-8893 attachment type-attachment status-inherit hentry  av-masonry-item-with-image' title=\"SDC FOTO 1\" alt=\"\"    itemprop=\"thumbnailUrl\" ><div class='av-inner-masonry-sizer'><\/div><figure class='av-inner-masonry main_color'><div class=\"av-masonry-outerimage-container\"><div class='av-masonry-image-container' style=\"background-image: url(https:\/\/vibrotech-eng.com\/wp-content\/uploads\/2022\/07\/SDC-FOTO-1-705x529.jpg);\"  title=\"SDC FOTO 1\"  ><\/div><\/div><\/figure><\/a><!--end av-masonry entry--><\/div><\/div>\n<\/div><\/div><\/main><!-- close content main element --><\/div><\/div><div id='after_section_1'  class='main_color av_default_container_wrap container_wrap sidebar_right'  ><div class='container av-section-cont-open' ><div class='template-page content  av-content-small alpha units'><div class='post-entry post-entry-type-page post-entry-6807'><div class='entry-content-wrapper clearfix'>\n","protected":false},"excerpt":{"rendered":"","protected":false},"author":2,"featured_media":0,"parent":0,"menu_order":0,"comment_status":"closed","ping_status":"closed","template":"","meta":{"footnotes":""},"class_list":["post-6807","page","type-page","status-publish","hentry"],"yoast_head":"<!-- This site is optimized with the Yoast SEO Premium plugin v20.3 (Yoast SEO v27.5) - https:\/\/yoast.com\/product\/yoast-seo-premium-wordpress\/ -->\n<title>Flie\u00dfbett-Sandk\u00fchler - Vibrotech Engineering S.L<\/title>\n<meta name=\"robots\" content=\"index, follow, max-snippet:-1, max-image-preview:large, max-video-preview:-1\" \/>\n<link rel=\"canonical\" href=\"https:\/\/vibrotech-eng.com\/de\/enfriadores-de-arena-de-lecho-fluido\/\" \/>\n<meta property=\"og:locale\" content=\"de_DE\" \/>\n<meta property=\"og:type\" content=\"article\" \/>\n<meta property=\"og:title\" content=\"Flie\u00dfbett-Sandk\u00fchler\" \/>\n<meta property=\"og:url\" content=\"https:\/\/vibrotech-eng.com\/de\/enfriadores-de-arena-de-lecho-fluido\/\" \/>\n<meta property=\"og:site_name\" content=\"Vibrotech Engineering S.L\" \/>\n<meta property=\"article:modified_time\" content=\"2022-07-26T14:19:37+00:00\" \/>\n<meta name=\"twitter:card\" content=\"summary_large_image\" \/>\n<meta name=\"twitter:label1\" content=\"Gesch\u00e4tzte Lesezeit\" \/>\n\t<meta name=\"twitter:data1\" content=\"5\u00a0Minuten\" \/>\n<script type=\"application\/ld+json\" class=\"yoast-schema-graph\">{\"@context\":\"https:\\\/\\\/schema.org\",\"@graph\":[{\"@type\":\"WebPage\",\"@id\":\"https:\\\/\\\/vibrotech-eng.com\\\/de\\\/enfriadores-de-arena-de-lecho-fluido\\\/\",\"url\":\"https:\\\/\\\/vibrotech-eng.com\\\/de\\\/enfriadores-de-arena-de-lecho-fluido\\\/\",\"name\":\"Flie\u00dfbett-Sandk\u00fchler - Vibrotech Engineering S.L\",\"isPartOf\":{\"@id\":\"https:\\\/\\\/vibrotech-eng.com\\\/de\\\/#website\"},\"datePublished\":\"2017-09-25T10:20:40+00:00\",\"dateModified\":\"2022-07-26T14:19:37+00:00\",\"breadcrumb\":{\"@id\":\"https:\\\/\\\/vibrotech-eng.com\\\/de\\\/enfriadores-de-arena-de-lecho-fluido\\\/#breadcrumb\"},\"inLanguage\":\"de\",\"potentialAction\":[{\"@type\":\"ReadAction\",\"target\":[\"https:\\\/\\\/vibrotech-eng.com\\\/de\\\/enfriadores-de-arena-de-lecho-fluido\\\/\"]}]},{\"@type\":\"BreadcrumbList\",\"@id\":\"https:\\\/\\\/vibrotech-eng.com\\\/de\\\/enfriadores-de-arena-de-lecho-fluido\\\/#breadcrumb\",\"itemListElement\":[{\"@type\":\"ListItem\",\"position\":1,\"name\":\"Start\",\"item\":\"https:\\\/\\\/vibrotech-eng.com\\\/de\\\/inicio\\\/\"},{\"@type\":\"ListItem\",\"position\":2,\"name\":\"Flie\u00dfbett-Sandk\u00fchler\"}]},{\"@type\":\"WebSite\",\"@id\":\"https:\\\/\\\/vibrotech-eng.com\\\/de\\\/#website\",\"url\":\"https:\\\/\\\/vibrotech-eng.com\\\/de\\\/\",\"name\":\"Vibrotech Engineering S.L\",\"description\":\"Empresa espa\u00f1ola que desarrolla su actividad principal en el dise\u00f1o y fabricaci\u00f3n de maquinaria vibrante\",\"potentialAction\":[{\"@type\":\"SearchAction\",\"target\":{\"@type\":\"EntryPoint\",\"urlTemplate\":\"https:\\\/\\\/vibrotech-eng.com\\\/de\\\/?s={search_term_string}\"},\"query-input\":{\"@type\":\"PropertyValueSpecification\",\"valueRequired\":true,\"valueName\":\"search_term_string\"}}],\"inLanguage\":\"de\"}]}<\/script>\n<!-- \/ Yoast SEO Premium plugin. -->","yoast_head_json":{"title":"Flie\u00dfbett-Sandk\u00fchler - Vibrotech Engineering S.L","robots":{"index":"index","follow":"follow","max-snippet":"max-snippet:-1","max-image-preview":"max-image-preview:large","max-video-preview":"max-video-preview:-1"},"canonical":"https:\/\/vibrotech-eng.com\/de\/enfriadores-de-arena-de-lecho-fluido\/","og_locale":"de_DE","og_type":"article","og_title":"Flie\u00dfbett-Sandk\u00fchler","og_url":"https:\/\/vibrotech-eng.com\/de\/enfriadores-de-arena-de-lecho-fluido\/","og_site_name":"Vibrotech Engineering S.L","article_modified_time":"2022-07-26T14:19:37+00:00","twitter_card":"summary_large_image","twitter_misc":{"Gesch\u00e4tzte Lesezeit":"5\u00a0Minuten"},"schema":{"@context":"https:\/\/schema.org","@graph":[{"@type":"WebPage","@id":"https:\/\/vibrotech-eng.com\/de\/enfriadores-de-arena-de-lecho-fluido\/","url":"https:\/\/vibrotech-eng.com\/de\/enfriadores-de-arena-de-lecho-fluido\/","name":"Flie\u00dfbett-Sandk\u00fchler - Vibrotech Engineering S.L","isPartOf":{"@id":"https:\/\/vibrotech-eng.com\/de\/#website"},"datePublished":"2017-09-25T10:20:40+00:00","dateModified":"2022-07-26T14:19:37+00:00","breadcrumb":{"@id":"https:\/\/vibrotech-eng.com\/de\/enfriadores-de-arena-de-lecho-fluido\/#breadcrumb"},"inLanguage":"de","potentialAction":[{"@type":"ReadAction","target":["https:\/\/vibrotech-eng.com\/de\/enfriadores-de-arena-de-lecho-fluido\/"]}]},{"@type":"BreadcrumbList","@id":"https:\/\/vibrotech-eng.com\/de\/enfriadores-de-arena-de-lecho-fluido\/#breadcrumb","itemListElement":[{"@type":"ListItem","position":1,"name":"Start","item":"https:\/\/vibrotech-eng.com\/de\/inicio\/"},{"@type":"ListItem","position":2,"name":"Flie\u00dfbett-Sandk\u00fchler"}]},{"@type":"WebSite","@id":"https:\/\/vibrotech-eng.com\/de\/#website","url":"https:\/\/vibrotech-eng.com\/de\/","name":"Vibrotech Engineering S.L","description":"Empresa espa\u00f1ola que desarrolla su actividad principal en el dise\u00f1o y fabricaci\u00f3n de maquinaria vibrante","potentialAction":[{"@type":"SearchAction","target":{"@type":"EntryPoint","urlTemplate":"https:\/\/vibrotech-eng.com\/de\/?s={search_term_string}"},"query-input":{"@type":"PropertyValueSpecification","valueRequired":true,"valueName":"search_term_string"}}],"inLanguage":"de"}]}},"_links":{"self":[{"href":"https:\/\/vibrotech-eng.com\/de\/wp-json\/wp\/v2\/pages\/6807","targetHints":{"allow":["GET"]}}],"collection":[{"href":"https:\/\/vibrotech-eng.com\/de\/wp-json\/wp\/v2\/pages"}],"about":[{"href":"https:\/\/vibrotech-eng.com\/de\/wp-json\/wp\/v2\/types\/page"}],"author":[{"embeddable":true,"href":"https:\/\/vibrotech-eng.com\/de\/wp-json\/wp\/v2\/users\/2"}],"replies":[{"embeddable":true,"href":"https:\/\/vibrotech-eng.com\/de\/wp-json\/wp\/v2\/comments?post=6807"}],"version-history":[{"count":0,"href":"https:\/\/vibrotech-eng.com\/de\/wp-json\/wp\/v2\/pages\/6807\/revisions"}],"wp:attachment":[{"href":"https:\/\/vibrotech-eng.com\/de\/wp-json\/wp\/v2\/media?parent=6807"}],"curies":[{"name":"wp","href":"https:\/\/api.w.org\/{rel}","templated":true}]}}