{"id":6800,"date":"2017-09-25T12:20:23","date_gmt":"2017-09-25T10:20:23","guid":{"rendered":"https:\/\/vibrotech-eng.com\/recuperadora-mecanica-de-arena\/"},"modified":"2021-05-25T09:42:25","modified_gmt":"2021-05-25T07:42:25","slug":"recuperadora-mecanica-de-arena","status":"publish","type":"page","link":"https:\/\/vibrotech-eng.com\/de\/recuperadora-mecanica-de-arena\/","title":{"rendered":"Mechanischer Sandaufbereiter \/ R\u00fcttelbrecher"},"content":{"rendered":"<div id='av_section_1'  class='avia-section av-6n4vi-ba594f4893fa20b9a363c2dcd69872c3 main_color avia-section-default avia-no-border-styling  avia-builder-el-0  avia-builder-el-no-sibling  avia-bg-style-scroll container_wrap sidebar_right'  ><div class='container av-section-cont-open' ><main  role=\"main\" itemprop=\"mainContentOfPage\"  class='template-page content  av-content-small alpha units'><div class='post-entry post-entry-type-page post-entry-6800'><div class='entry-content-wrapper clearfix'>\n<section  class='av_textblock_section av-1qfyry-588bdba3b3f9fc89b591998c874bbefd '   itemscope=\"itemscope\" itemtype=\"https:\/\/schema.org\/CreativeWork\" ><div class='avia_textblock'  itemprop=\"text\" ><h1 style=\"text-align: center;\">Mechanischer Sandaufbereiter \/ R\u00fcttelbrecher<\/h1>\n<\/div><\/section>\n\n<style type=\"text\/css\" data-created_by=\"avia_inline_auto\" id=\"style-css-av-1n4sni-1648ce2d2f3b7820a679fdbb4d7955c1\">\n#top .hr.hr-invisible.av-1n4sni-1648ce2d2f3b7820a679fdbb4d7955c1{\nheight:50px;\n}\n<\/style>\n<div  class='hr av-1n4sni-1648ce2d2f3b7820a679fdbb4d7955c1 hr-invisible  avia-builder-el-2  el_after_av_textblock  el_before_av_one_third '><span class='hr-inner '><span class=\"hr-inner-style\"><\/span><\/span><\/div>\n\n<style type=\"text\/css\" data-created_by=\"avia_inline_auto\" id=\"style-css-av-1dvnli-13d861dd24f52796b8e429306b3cefe5\">\n.flex_column.av-1dvnli-13d861dd24f52796b8e429306b3cefe5{\nborder-radius:0px 0px 0px 0px;\npadding:0px 0px 0px 0px;\n}\n<\/style>\n<div  class='flex_column av-1dvnli-13d861dd24f52796b8e429306b3cefe5 av_one_third  avia-builder-el-3  el_after_av_hr  el_before_av_one_third  first flex_column_div av-zero-column-padding  '     ><section  class='av_textblock_section av-1a4mhi-cdeeedbef5dd9cdcd6050e2fd17abae2 '   itemscope=\"itemscope\" itemtype=\"https:\/\/schema.org\/CreativeWork\" ><div class='avia_textblock'  itemprop=\"text\" ><p class=\"p1\"><span class=\"s1\">Mechanische Sandaufbereitungsmaschinen werden eingesetzt, um Sand f\u00fcr die Wiederverwendung innerhalb des Prozesses aufzubereiten.<\/span><\/p>\n<p class=\"p1\"><span class=\"s1\">Der Prozess besteht darin, dass die Maschinen die Sandklumpen \u2013 normalerweise in gro\u00dfen Gr\u00f6\u00dfen \u2013 aufnehmen, und durch die Reibung zwischen den Partikeln, verursacht durch die Wirkung der Vibration, werden diese Sandpartikel auf die optimale Korngr\u00f6\u00dfe f\u00fcr die Wiederverwendung im Formprozess zerkleinert.<\/span><\/p>\n<\/div><\/section><\/div>\n<style type=\"text\/css\" data-created_by=\"avia_inline_auto\" id=\"style-css-av-15fvn2-0e96b5834dd08f6a0bcf70f80787a08e\">\n.flex_column.av-15fvn2-0e96b5834dd08f6a0bcf70f80787a08e{\nborder-radius:0px 0px 0px 0px;\npadding:0px 0px 0px 0px;\n}\n<\/style>\n<div  class='flex_column av-15fvn2-0e96b5834dd08f6a0bcf70f80787a08e av_one_third  avia-builder-el-5  el_after_av_one_third  el_before_av_one_third  flex_column_div av-zero-column-padding  '     ><section  class='av_textblock_section av-zmkx2-1040d9dcc3a695b899bf3aabc9685c6b '   itemscope=\"itemscope\" itemtype=\"https:\/\/schema.org\/CreativeWork\" ><div class='avia_textblock'  itemprop=\"text\" ><p class=\"p1\"><span class=\"s1\">Die f\u00fcr die Sandaufbereiter verwendeten Antriebe sind Elektror\u00fcttler.<\/span><\/p>\n<p class=\"p1\"><span class=\"s1\">Die Dimensionierung dieses Maschinentyps erfolgt entsprechend der zu leistenden Arbeit und der zu verarbeitenden Sandmenge.<\/span><\/p>\n<\/div><\/section><\/div>\n<style type=\"text\/css\" data-created_by=\"avia_inline_auto\" id=\"style-css-av-qvbdq-400f454e4570bef12a5acc6b4d2bbb83\">\n.flex_column.av-qvbdq-400f454e4570bef12a5acc6b4d2bbb83{\nborder-radius:0px 0px 0px 0px;\npadding:0px 0px 0px 0px;\n}\n<\/style>\n<div  class='flex_column av-qvbdq-400f454e4570bef12a5acc6b4d2bbb83 av_one_third  avia-builder-el-7  el_after_av_one_third  el_before_av_hr  flex_column_div av-zero-column-padding  '     ><style type=\"text\/css\" data-created_by=\"avia_inline_auto\" id=\"style-css-av-msv06-59703e00b429710862255713b1a0de09\">\n.avia-image-container.av-msv06-59703e00b429710862255713b1a0de09 img.avia_image{\nbox-shadow:none;\n}\n.avia-image-container.av-msv06-59703e00b429710862255713b1a0de09 .av-image-caption-overlay-center{\ncolor:#ffffff;\n}\n<\/style>\n<div  class='avia-image-container av-msv06-59703e00b429710862255713b1a0de09 av-styling- avia-align-center  avia-builder-el-8  avia-builder-el-no-sibling '   itemprop=\"image\" itemscope=\"itemscope\" itemtype=\"https:\/\/schema.org\/ImageObject\" ><div class=\"avia-image-container-inner\"><div class=\"avia-image-overlay-wrap\"><img decoding=\"async\" fetchpriority=\"high\" class='wp-image-6124 avia-img-lazy-loading-not-6124 avia_image ' src=\"https:\/\/vibrotech-eng.com\/wp-content\/uploads\/2017\/12\/Recuperadora-mec\u00e1nica-de-arena-4-1.jpg\" alt='' title='Recuperadora-mec\u00e1nica-de-arena-4'  height=\"525\" width=\"700\"  itemprop=\"thumbnailUrl\" srcset=\"https:\/\/vibrotech-eng.com\/wp-content\/uploads\/2017\/12\/Recuperadora-mec\u00e1nica-de-arena-4-1.jpg 700w, https:\/\/vibrotech-eng.com\/wp-content\/uploads\/2017\/12\/Recuperadora-mec\u00e1nica-de-arena-4-1-300x225.jpg 300w, https:\/\/vibrotech-eng.com\/wp-content\/uploads\/2017\/12\/Recuperadora-mec\u00e1nica-de-arena-4-1-450x338.jpg 450w\" sizes=\"(max-width: 700px) 100vw, 700px\" \/><\/div><\/div><\/div><\/div>\n<style type=\"text\/css\" data-created_by=\"avia_inline_auto\" id=\"style-css-av-e3gli-e5c54fa5cc3b063134eac6bfd0c8c119\">\n#top .hr.hr-invisible.av-e3gli-e5c54fa5cc3b063134eac6bfd0c8c119{\nheight:20px;\n}\n<\/style>\n<div  class='hr av-e3gli-e5c54fa5cc3b063134eac6bfd0c8c119 hr-invisible  avia-builder-el-9  el_after_av_one_third  el_before_av_masonry_gallery  avia-builder-el-last '><span class='hr-inner '><span class=\"hr-inner-style\"><\/span><\/span><\/div>\n<div id='av-masonry-1' class='av-masonry av-9jx92-6e05c08f2431afe934871c703b88e1b0 noHover av-fixed-size av-large-gap av-hover-overlay- av-masonry-animation-active av-masonry-col-3 av-caption-always av-caption-style- av-masonry-gallery ' data-post_id=\"6800\"><div class=\"av-masonry-container isotope av-js-disabled\"><div class='av-masonry-entry isotope-item av-masonry-item-no-image '><\/div><a href=\"https:\/\/vibrotech-eng.com\/wp-content\/uploads\/2017\/12\/Recuperadora-mec\u00e1nica-de-arena-1.jpg\" data-srcset=\"https:\/\/vibrotech-eng.com\/wp-content\/uploads\/2017\/12\/Recuperadora-mec\u00e1nica-de-arena-1.jpg 700w, https:\/\/vibrotech-eng.com\/wp-content\/uploads\/2017\/12\/Recuperadora-mec\u00e1nica-de-arena-1-300x225.jpg 300w, https:\/\/vibrotech-eng.com\/wp-content\/uploads\/2017\/12\/Recuperadora-mec\u00e1nica-de-arena-1-450x338.jpg 450w\" data-sizes=\"(max-width: 700px) 100vw, 700px\"  aria-label=\"Bild Recuperadora-mec\u00e1nica-de-arena\"  id='av-masonry-1-item-6121' data-av-masonry-item='6121' class='av-masonry-entry isotope-item post-6121 attachment type-attachment status-inherit hentry  av-masonry-item-with-image' title=\"Recuperadora-mec\u00e1nica-de-arena\" alt=\"\"    itemprop=\"thumbnailUrl\" ><div class='av-inner-masonry-sizer'><\/div><figure class='av-inner-masonry main_color'><div class=\"av-masonry-outerimage-container\"><div class='av-masonry-image-container' style=\"background-image: url(https:\/\/vibrotech-eng.com\/wp-content\/uploads\/2017\/12\/Recuperadora-mec\u00e1nica-de-arena-1.jpg);\"  title=\"Recuperadora-mec\u00e1nica-de-arena\"  ><\/div><\/div><\/figure><\/a><!--end av-masonry entry--><a href=\"https:\/\/vibrotech-eng.com\/wp-content\/uploads\/2017\/12\/Recuperadora-mec\u00e1nica-de-arena-2-1.jpg\" data-srcset=\"https:\/\/vibrotech-eng.com\/wp-content\/uploads\/2017\/12\/Recuperadora-mec\u00e1nica-de-arena-2-1.jpg 700w, https:\/\/vibrotech-eng.com\/wp-content\/uploads\/2017\/12\/Recuperadora-mec\u00e1nica-de-arena-2-1-300x200.jpg 300w, https:\/\/vibrotech-eng.com\/wp-content\/uploads\/2017\/12\/Recuperadora-mec\u00e1nica-de-arena-2-1-450x300.jpg 450w\" data-sizes=\"(max-width: 700px) 100vw, 700px\"  aria-label=\"Bild Recuperadora-mec\u00e1nica-de-arena-2\"  id='av-masonry-1-item-6122' data-av-masonry-item='6122' class='av-masonry-entry isotope-item post-6122 attachment type-attachment status-inherit hentry  av-masonry-item-with-image' title=\"Recuperadora-mec\u00e1nica-de-arena-2\" alt=\"\"    itemprop=\"thumbnailUrl\" ><div class='av-inner-masonry-sizer'><\/div><figure class='av-inner-masonry main_color'><div class=\"av-masonry-outerimage-container\"><div class='av-masonry-image-container' style=\"background-image: url(https:\/\/vibrotech-eng.com\/wp-content\/uploads\/2017\/12\/Recuperadora-mec\u00e1nica-de-arena-2-1.jpg);\"  title=\"Recuperadora-mec\u00e1nica-de-arena-2\"  ><\/div><\/div><\/figure><\/a><!--end av-masonry entry--><a href=\"https:\/\/vibrotech-eng.com\/wp-content\/uploads\/2017\/12\/Recuperadora-mec\u00e1nica-de-arena-3-1.jpg\" data-srcset=\"https:\/\/vibrotech-eng.com\/wp-content\/uploads\/2017\/12\/Recuperadora-mec\u00e1nica-de-arena-3-1.jpg 700w, https:\/\/vibrotech-eng.com\/wp-content\/uploads\/2017\/12\/Recuperadora-mec\u00e1nica-de-arena-3-1-300x225.jpg 300w, https:\/\/vibrotech-eng.com\/wp-content\/uploads\/2017\/12\/Recuperadora-mec\u00e1nica-de-arena-3-1-450x338.jpg 450w\" data-sizes=\"(max-width: 700px) 100vw, 700px\"  aria-label=\"Bild Recuperadora-mec\u00e1nica-de-arena-3\"  id='av-masonry-1-item-6123' data-av-masonry-item='6123' class='av-masonry-entry isotope-item post-6123 attachment type-attachment status-inherit hentry  av-masonry-item-with-image' title=\"Recuperadora-mec\u00e1nica-de-arena-3\" alt=\"\"    itemprop=\"thumbnailUrl\" ><div class='av-inner-masonry-sizer'><\/div><figure class='av-inner-masonry main_color'><div class=\"av-masonry-outerimage-container\"><div class='av-masonry-image-container' style=\"background-image: url(https:\/\/vibrotech-eng.com\/wp-content\/uploads\/2017\/12\/Recuperadora-mec\u00e1nica-de-arena-3-1.jpg);\"  title=\"Recuperadora-mec\u00e1nica-de-arena-3\"  ><\/div><\/div><\/figure><\/a><!--end av-masonry entry--><\/div><\/div>\n<\/div><\/div><\/main><!-- close content main element --><\/div><\/div><div id='after_section_1'  class='main_color av_default_container_wrap container_wrap sidebar_right'  ><div class='container av-section-cont-open' ><div class='template-page content  av-content-small alpha units'><div class='post-entry post-entry-type-page post-entry-6800'><div class='entry-content-wrapper clearfix'>\n","protected":false},"excerpt":{"rendered":"","protected":false},"author":2,"featured_media":0,"parent":0,"menu_order":0,"comment_status":"closed","ping_status":"closed","template":"","meta":{"footnotes":""},"class_list":["post-6800","page","type-page","status-publish","hentry"],"yoast_head":"<!-- This site is optimized with the Yoast SEO Premium plugin v20.3 (Yoast SEO v27.5) - https:\/\/yoast.com\/product\/yoast-seo-premium-wordpress\/ -->\n<title>Mechanischer Sandaufbereiter \/ R\u00fcttelbrecher - Vibrotech Engineering S.L<\/title>\n<meta name=\"robots\" content=\"index, follow, max-snippet:-1, max-image-preview:large, max-video-preview:-1\" \/>\n<link rel=\"canonical\" href=\"https:\/\/vibrotech-eng.com\/de\/recuperadora-mecanica-de-arena\/\" \/>\n<meta property=\"og:locale\" content=\"de_DE\" \/>\n<meta property=\"og:type\" content=\"article\" \/>\n<meta property=\"og:title\" content=\"Mechanischer Sandaufbereiter \/ R\u00fcttelbrecher\" \/>\n<meta property=\"og:url\" content=\"https:\/\/vibrotech-eng.com\/de\/recuperadora-mecanica-de-arena\/\" \/>\n<meta property=\"og:site_name\" content=\"Vibrotech Engineering S.L\" \/>\n<meta property=\"article:modified_time\" content=\"2021-05-25T07:42:25+00:00\" \/>\n<meta name=\"twitter:card\" content=\"summary_large_image\" \/>\n<meta name=\"twitter:label1\" content=\"Gesch\u00e4tzte Lesezeit\" \/>\n\t<meta name=\"twitter:data1\" content=\"3\u00a0Minuten\" \/>\n<script type=\"application\/ld+json\" class=\"yoast-schema-graph\">{\"@context\":\"https:\\\/\\\/schema.org\",\"@graph\":[{\"@type\":\"WebPage\",\"@id\":\"https:\\\/\\\/vibrotech-eng.com\\\/de\\\/recuperadora-mecanica-de-arena\\\/\",\"url\":\"https:\\\/\\\/vibrotech-eng.com\\\/de\\\/recuperadora-mecanica-de-arena\\\/\",\"name\":\"Mechanischer Sandaufbereiter \\\/ R\u00fcttelbrecher - Vibrotech Engineering S.L\",\"isPartOf\":{\"@id\":\"https:\\\/\\\/vibrotech-eng.com\\\/de\\\/#website\"},\"datePublished\":\"2017-09-25T10:20:23+00:00\",\"dateModified\":\"2021-05-25T07:42:25+00:00\",\"breadcrumb\":{\"@id\":\"https:\\\/\\\/vibrotech-eng.com\\\/de\\\/recuperadora-mecanica-de-arena\\\/#breadcrumb\"},\"inLanguage\":\"de\",\"potentialAction\":[{\"@type\":\"ReadAction\",\"target\":[\"https:\\\/\\\/vibrotech-eng.com\\\/de\\\/recuperadora-mecanica-de-arena\\\/\"]}]},{\"@type\":\"BreadcrumbList\",\"@id\":\"https:\\\/\\\/vibrotech-eng.com\\\/de\\\/recuperadora-mecanica-de-arena\\\/#breadcrumb\",\"itemListElement\":[{\"@type\":\"ListItem\",\"position\":1,\"name\":\"Start\",\"item\":\"https:\\\/\\\/vibrotech-eng.com\\\/de\\\/inicio\\\/\"},{\"@type\":\"ListItem\",\"position\":2,\"name\":\"Mechanischer Sandaufbereiter \\\/ R\u00fcttelbrecher\"}]},{\"@type\":\"WebSite\",\"@id\":\"https:\\\/\\\/vibrotech-eng.com\\\/de\\\/#website\",\"url\":\"https:\\\/\\\/vibrotech-eng.com\\\/de\\\/\",\"name\":\"Vibrotech Engineering S.L\",\"description\":\"Empresa espa\u00f1ola que desarrolla su actividad principal en el dise\u00f1o y fabricaci\u00f3n de maquinaria vibrante\",\"potentialAction\":[{\"@type\":\"SearchAction\",\"target\":{\"@type\":\"EntryPoint\",\"urlTemplate\":\"https:\\\/\\\/vibrotech-eng.com\\\/de\\\/?s={search_term_string}\"},\"query-input\":{\"@type\":\"PropertyValueSpecification\",\"valueRequired\":true,\"valueName\":\"search_term_string\"}}],\"inLanguage\":\"de\"}]}<\/script>\n<!-- \/ Yoast SEO Premium plugin. -->","yoast_head_json":{"title":"Mechanischer Sandaufbereiter \/ R\u00fcttelbrecher - Vibrotech Engineering S.L","robots":{"index":"index","follow":"follow","max-snippet":"max-snippet:-1","max-image-preview":"max-image-preview:large","max-video-preview":"max-video-preview:-1"},"canonical":"https:\/\/vibrotech-eng.com\/de\/recuperadora-mecanica-de-arena\/","og_locale":"de_DE","og_type":"article","og_title":"Mechanischer Sandaufbereiter \/ R\u00fcttelbrecher","og_url":"https:\/\/vibrotech-eng.com\/de\/recuperadora-mecanica-de-arena\/","og_site_name":"Vibrotech Engineering S.L","article_modified_time":"2021-05-25T07:42:25+00:00","twitter_card":"summary_large_image","twitter_misc":{"Gesch\u00e4tzte Lesezeit":"3\u00a0Minuten"},"schema":{"@context":"https:\/\/schema.org","@graph":[{"@type":"WebPage","@id":"https:\/\/vibrotech-eng.com\/de\/recuperadora-mecanica-de-arena\/","url":"https:\/\/vibrotech-eng.com\/de\/recuperadora-mecanica-de-arena\/","name":"Mechanischer Sandaufbereiter \/ R\u00fcttelbrecher - Vibrotech Engineering S.L","isPartOf":{"@id":"https:\/\/vibrotech-eng.com\/de\/#website"},"datePublished":"2017-09-25T10:20:23+00:00","dateModified":"2021-05-25T07:42:25+00:00","breadcrumb":{"@id":"https:\/\/vibrotech-eng.com\/de\/recuperadora-mecanica-de-arena\/#breadcrumb"},"inLanguage":"de","potentialAction":[{"@type":"ReadAction","target":["https:\/\/vibrotech-eng.com\/de\/recuperadora-mecanica-de-arena\/"]}]},{"@type":"BreadcrumbList","@id":"https:\/\/vibrotech-eng.com\/de\/recuperadora-mecanica-de-arena\/#breadcrumb","itemListElement":[{"@type":"ListItem","position":1,"name":"Start","item":"https:\/\/vibrotech-eng.com\/de\/inicio\/"},{"@type":"ListItem","position":2,"name":"Mechanischer Sandaufbereiter \/ R\u00fcttelbrecher"}]},{"@type":"WebSite","@id":"https:\/\/vibrotech-eng.com\/de\/#website","url":"https:\/\/vibrotech-eng.com\/de\/","name":"Vibrotech Engineering S.L","description":"Empresa espa\u00f1ola que desarrolla su actividad principal en el dise\u00f1o y fabricaci\u00f3n de maquinaria vibrante","potentialAction":[{"@type":"SearchAction","target":{"@type":"EntryPoint","urlTemplate":"https:\/\/vibrotech-eng.com\/de\/?s={search_term_string}"},"query-input":{"@type":"PropertyValueSpecification","valueRequired":true,"valueName":"search_term_string"}}],"inLanguage":"de"}]}},"_links":{"self":[{"href":"https:\/\/vibrotech-eng.com\/de\/wp-json\/wp\/v2\/pages\/6800","targetHints":{"allow":["GET"]}}],"collection":[{"href":"https:\/\/vibrotech-eng.com\/de\/wp-json\/wp\/v2\/pages"}],"about":[{"href":"https:\/\/vibrotech-eng.com\/de\/wp-json\/wp\/v2\/types\/page"}],"author":[{"embeddable":true,"href":"https:\/\/vibrotech-eng.com\/de\/wp-json\/wp\/v2\/users\/2"}],"replies":[{"embeddable":true,"href":"https:\/\/vibrotech-eng.com\/de\/wp-json\/wp\/v2\/comments?post=6800"}],"version-history":[{"count":0,"href":"https:\/\/vibrotech-eng.com\/de\/wp-json\/wp\/v2\/pages\/6800\/revisions"}],"wp:attachment":[{"href":"https:\/\/vibrotech-eng.com\/de\/wp-json\/wp\/v2\/media?parent=6800"}],"curies":[{"name":"wp","href":"https:\/\/api.w.org\/{rel}","templated":true}]}}