{"id":6784,"date":"2017-09-25T12:19:33","date_gmt":"2017-09-25T10:19:33","guid":{"rendered":"https:\/\/vibrotech-eng.com\/mesas-de-desmoldeo\/"},"modified":"2025-03-05T14:08:10","modified_gmt":"2025-03-05T13:08:10","slug":"mesas-de-desmoldeo","status":"publish","type":"page","link":"https:\/\/vibrotech-eng.com\/de\/mesas-de-desmoldeo\/","title":{"rendered":"Shake out Tische"},"content":{"rendered":"<div id='av_section_1'  class='avia-section av-5itpq-c07336b510be5419c51ebf777aba5830 main_color avia-section-default avia-no-border-styling  avia-builder-el-0  avia-builder-el-no-sibling  avia-bg-style-scroll container_wrap sidebar_right'  ><div class='container av-section-cont-open' ><main  role=\"main\" itemprop=\"mainContentOfPage\"  class='template-page content  av-content-small alpha units'><div class='post-entry post-entry-type-page post-entry-6784'><div class='entry-content-wrapper clearfix'>\n<section  class='av_textblock_section av-562ua-a050ce2e93e50185f6a6df2c2b85ab17 '   itemscope=\"itemscope\" itemtype=\"https:\/\/schema.org\/CreativeWork\" ><div class='avia_textblock'  itemprop=\"text\" ><h1 style=\"text-align: center;\">Shake out Tische<\/h1>\n<\/div><\/section>\n\n<style type=\"text\/css\" data-created_by=\"avia_inline_auto\" id=\"style-css-av-4egxq-a2af4ec7f32a153d9a5b7024fad404ab\">\n#top .hr.hr-invisible.av-4egxq-a2af4ec7f32a153d9a5b7024fad404ab{\nheight:50px;\n}\n<\/style>\n<div  class='hr av-4egxq-a2af4ec7f32a153d9a5b7024fad404ab hr-invisible  avia-builder-el-2  el_after_av_textblock  el_before_av_one_half '><span class='hr-inner '><span class=\"hr-inner-style\"><\/span><\/span><\/div>\n\n<style type=\"text\/css\" data-created_by=\"avia_inline_auto\" id=\"style-css-av-3nnyu-0ac369d85552372783ecf2b434e2ed61\">\n.flex_column.av-3nnyu-0ac369d85552372783ecf2b434e2ed61{\nborder-radius:0px 0px 0px 0px;\npadding:0px 0px 0px 0px;\n}\n<\/style>\n<div  class='flex_column av-3nnyu-0ac369d85552372783ecf2b434e2ed61 av_one_half  avia-builder-el-3  el_after_av_hr  el_before_av_one_half  first flex_column_div av-zero-column-padding  '     ><section  class='av_textblock_section av-3cyxq-0bed9a125fa384eccf67f0a98876feed '   itemscope=\"itemscope\" itemtype=\"https:\/\/schema.org\/CreativeWork\" ><div class='avia_textblock'  itemprop=\"text\" ><ul>\n<li class=\"li1\"><span class=\"s2\">Unterschiedliche Antriebsarten: Exzenterwelle oder Elektror\u00fcttler.<\/span><\/li>\n<li class=\"li1\"><span class=\"s2\">Geeignet f\u00fcr Werkst\u00fccke beim manuellen oder halbautomatischen Gie\u00dfen mit chemischen Formverfahren.<\/span><\/li>\n<\/ul>\n<\/div><\/section><\/div>\n<style type=\"text\/css\" data-created_by=\"avia_inline_auto\" id=\"style-css-av-2rh0m-86b884af1724f394583b4fd52f8e96e8\">\n.flex_column.av-2rh0m-86b884af1724f394583b4fd52f8e96e8{\nborder-radius:0px 0px 0px 0px;\npadding:0px 0px 0px 0px;\n}\n<\/style>\n<div  class='flex_column av-2rh0m-86b884af1724f394583b4fd52f8e96e8 av_one_half  avia-builder-el-5  el_after_av_one_half  el_before_av_hr  flex_column_div av-zero-column-padding  '     ><section  class='av_textblock_section av-28do6-c2a92aa13fe2a3cdfa6f92eab4cff420 '   itemscope=\"itemscope\" itemtype=\"https:\/\/schema.org\/CreativeWork\" ><div class='avia_textblock'  itemprop=\"text\" ><ul>\n<li class=\"li1\"><span class=\"s2\">Unterschiedliche Gr\u00f6\u00dfen in Abh\u00e4ngigkeit der Gr\u00f6\u00dfe des Werkst\u00fccks und des zu entformenden Gewichts.<\/span><\/li>\n<li class=\"li1\"><span class=\"s2\">R\u00fctteltische f\u00fcr die mechanische R\u00fcckgewinnung von Sand.<\/span><\/li>\n<li class=\"li1\"><span class=\"s2\">Hergestellt mit h\u00f6chsten Anspr\u00fcchen an Robustheit und Wartungsfreundlichkeit.<\/span><\/li>\n<\/ul>\n<\/div><\/section><\/div>\n<style type=\"text\/css\" data-created_by=\"avia_inline_auto\" id=\"style-css-av-1nfnq-49dd5b075304d367ca4ddc5e9951ddfa\">\n#top .hr.hr-invisible.av-1nfnq-49dd5b075304d367ca4ddc5e9951ddfa{\nheight:20px;\n}\n<\/style>\n<div  class='hr av-1nfnq-49dd5b075304d367ca4ddc5e9951ddfa hr-invisible  avia-builder-el-7  el_after_av_one_half  el_before_av_masonry_gallery  avia-builder-el-last '><span class='hr-inner '><span class=\"hr-inner-style\"><\/span><\/span><\/div>\n<div id='av-masonry-1' class='av-masonry av-1404e-16a219859cfa253798f5a1c1d71ec278 noHover av-fixed-size av-large-gap av-hover-overlay- av-masonry-animation-active av-masonry-col-4 av-caption-always av-caption-style- av-masonry-gallery ' data-post_id=\"6784\"><div class=\"av-masonry-container isotope av-js-disabled\"><div class='av-masonry-entry isotope-item av-masonry-item-no-image '><\/div><a href=\"https:\/\/vibrotech-eng.com\/wp-content\/uploads\/2020\/01\/e054e87e-e7a3-49c6-9350-8f8a9f01136a-1030x773.jpg\" data-srcset=\"https:\/\/vibrotech-eng.com\/wp-content\/uploads\/2020\/01\/e054e87e-e7a3-49c6-9350-8f8a9f01136a-1030x773.jpg 1030w, https:\/\/vibrotech-eng.com\/wp-content\/uploads\/2020\/01\/e054e87e-e7a3-49c6-9350-8f8a9f01136a-300x225.jpg 300w, https:\/\/vibrotech-eng.com\/wp-content\/uploads\/2020\/01\/e054e87e-e7a3-49c6-9350-8f8a9f01136a-768x576.jpg 768w, https:\/\/vibrotech-eng.com\/wp-content\/uploads\/2020\/01\/e054e87e-e7a3-49c6-9350-8f8a9f01136a-1500x1125.jpg 1500w, https:\/\/vibrotech-eng.com\/wp-content\/uploads\/2020\/01\/e054e87e-e7a3-49c6-9350-8f8a9f01136a-705x529.jpg 705w, https:\/\/vibrotech-eng.com\/wp-content\/uploads\/2020\/01\/e054e87e-e7a3-49c6-9350-8f8a9f01136a.jpg 2016w\" data-sizes=\"(max-width: 1030px) 100vw, 1030px\"  aria-label=\"Bild e054e87e-e7a3-49c6-9350-8f8a9f01136a\"  id='av-masonry-1-item-6424' data-av-masonry-item='6424' class='av-masonry-entry isotope-item post-6424 attachment type-attachment status-inherit hentry  av-masonry-item-with-image' title=\"e054e87e-e7a3-49c6-9350-8f8a9f01136a\" alt=\"\"    itemprop=\"thumbnailUrl\" ><div class='av-inner-masonry-sizer'><\/div><figure class='av-inner-masonry main_color'><div class=\"av-masonry-outerimage-container\"><div class='av-masonry-image-container' style=\"background-image: url(https:\/\/vibrotech-eng.com\/wp-content\/uploads\/2020\/01\/e054e87e-e7a3-49c6-9350-8f8a9f01136a-705x529.jpg);\"  title=\"e054e87e-e7a3-49c6-9350-8f8a9f01136a\"  ><\/div><\/div><\/figure><\/a><!--end av-masonry entry--><a href=\"https:\/\/vibrotech-eng.com\/wp-content\/uploads\/2021\/02\/mesa-de-desmoldeo-1030x773.jpg\" data-srcset=\"https:\/\/vibrotech-eng.com\/wp-content\/uploads\/2021\/02\/mesa-de-desmoldeo-1030x773.jpg 1030w, https:\/\/vibrotech-eng.com\/wp-content\/uploads\/2021\/02\/mesa-de-desmoldeo-300x225.jpg 300w, https:\/\/vibrotech-eng.com\/wp-content\/uploads\/2021\/02\/mesa-de-desmoldeo-768x576.jpg 768w, https:\/\/vibrotech-eng.com\/wp-content\/uploads\/2021\/02\/mesa-de-desmoldeo-1536x1152.jpg 1536w, https:\/\/vibrotech-eng.com\/wp-content\/uploads\/2021\/02\/mesa-de-desmoldeo-2048x1536.jpg 2048w, https:\/\/vibrotech-eng.com\/wp-content\/uploads\/2021\/02\/mesa-de-desmoldeo-1500x1125.jpg 1500w, https:\/\/vibrotech-eng.com\/wp-content\/uploads\/2021\/02\/mesa-de-desmoldeo-705x529.jpg 705w\" data-sizes=\"(max-width: 1030px) 100vw, 1030px\"  aria-label=\"Bild mesa de desmoldeo\"  id='av-masonry-1-item-6561' data-av-masonry-item='6561' class='av-masonry-entry isotope-item post-6561 attachment type-attachment status-inherit hentry  av-masonry-item-with-image' title=\"mesa de desmoldeo\" alt=\"\"    itemprop=\"thumbnailUrl\" ><div class='av-inner-masonry-sizer'><\/div><figure class='av-inner-masonry main_color'><div class=\"av-masonry-outerimage-container\"><div class='av-masonry-image-container' style=\"background-image: url(https:\/\/vibrotech-eng.com\/wp-content\/uploads\/2021\/02\/mesa-de-desmoldeo-705x529.jpg);\"  title=\"mesa de desmoldeo\"  ><\/div><\/div><\/figure><\/a><!--end av-masonry entry--><a href=\"https:\/\/vibrotech-eng.com\/wp-content\/uploads\/2025\/03\/IMG_20230830_085054-1030x773.jpg\" data-srcset=\"https:\/\/vibrotech-eng.com\/wp-content\/uploads\/2025\/03\/IMG_20230830_085054-1030x773.jpg 1030w, https:\/\/vibrotech-eng.com\/wp-content\/uploads\/2025\/03\/IMG_20230830_085054-300x225.jpg 300w, https:\/\/vibrotech-eng.com\/wp-content\/uploads\/2025\/03\/IMG_20230830_085054-768x576.jpg 768w, https:\/\/vibrotech-eng.com\/wp-content\/uploads\/2025\/03\/IMG_20230830_085054-1536x1152.jpg 1536w, https:\/\/vibrotech-eng.com\/wp-content\/uploads\/2025\/03\/IMG_20230830_085054-2048x1536.jpg 2048w, https:\/\/vibrotech-eng.com\/wp-content\/uploads\/2025\/03\/IMG_20230830_085054-1500x1125.jpg 1500w, https:\/\/vibrotech-eng.com\/wp-content\/uploads\/2025\/03\/IMG_20230830_085054-705x529.jpg 705w\" data-sizes=\"(max-width: 1030px) 100vw, 1030px\"  aria-label=\"Bild SHAKE OUT TISCHE\"  id='av-masonry-1-item-10448' data-av-masonry-item='10448' class='av-masonry-entry isotope-item post-10448 attachment type-attachment status-inherit hentry  av-masonry-item-with-image' title=\"SHAKE OUT TISCHE\" alt=\"\"    itemprop=\"thumbnailUrl\" ><div class='av-inner-masonry-sizer'><\/div><figure class='av-inner-masonry main_color'><div class=\"av-masonry-outerimage-container\"><div class='av-masonry-image-container' style=\"background-image: url(https:\/\/vibrotech-eng.com\/wp-content\/uploads\/2025\/03\/IMG_20230830_085054-705x529.jpg);\"  title=\"SHAKE OUT TISCHE\"  ><\/div><\/div><\/figure><\/a><!--end av-masonry entry--><a href=\"https:\/\/vibrotech-eng.com\/wp-content\/uploads\/2021\/07\/MESA-DE-DESMOLDEO-min-1030x773.jpeg\" data-srcset=\"https:\/\/vibrotech-eng.com\/wp-content\/uploads\/2021\/07\/MESA-DE-DESMOLDEO-min-1030x773.jpeg 1030w, https:\/\/vibrotech-eng.com\/wp-content\/uploads\/2021\/07\/MESA-DE-DESMOLDEO-min-300x225.jpeg 300w, https:\/\/vibrotech-eng.com\/wp-content\/uploads\/2021\/07\/MESA-DE-DESMOLDEO-min-768x576.jpeg 768w, https:\/\/vibrotech-eng.com\/wp-content\/uploads\/2021\/07\/MESA-DE-DESMOLDEO-min-1536x1152.jpeg 1536w, https:\/\/vibrotech-eng.com\/wp-content\/uploads\/2021\/07\/MESA-DE-DESMOLDEO-min-2048x1536.jpeg 2048w, https:\/\/vibrotech-eng.com\/wp-content\/uploads\/2021\/07\/MESA-DE-DESMOLDEO-min-1500x1125.jpeg 1500w, https:\/\/vibrotech-eng.com\/wp-content\/uploads\/2021\/07\/MESA-DE-DESMOLDEO-min-705x529.jpeg 705w\" data-sizes=\"(max-width: 1030px) 100vw, 1030px\"  aria-label=\"Bild Shake out Tische\"  id='av-masonry-1-item-7754' data-av-masonry-item='7754' class='av-masonry-entry isotope-item post-7754 attachment type-attachment status-inherit hentry  av-masonry-item-with-image' title=\"Shake out Tische\" alt=\"\"    itemprop=\"thumbnailUrl\" ><div class='av-inner-masonry-sizer'><\/div><figure class='av-inner-masonry main_color'><div class=\"av-masonry-outerimage-container\"><div class='av-masonry-image-container' style=\"background-image: url(https:\/\/vibrotech-eng.com\/wp-content\/uploads\/2021\/07\/MESA-DE-DESMOLDEO-min-705x529.jpeg);\"  title=\"Shake out Tische\"  ><\/div><\/div><\/figure><\/a><!--end av-masonry entry--><a href=\"https:\/\/vibrotech-eng.com\/wp-content\/uploads\/2017\/12\/Mesas-de-Desmoldeo-2.jpg\" data-srcset=\"https:\/\/vibrotech-eng.com\/wp-content\/uploads\/2017\/12\/Mesas-de-Desmoldeo-2.jpg 750w, https:\/\/vibrotech-eng.com\/wp-content\/uploads\/2017\/12\/Mesas-de-Desmoldeo-2-300x170.jpg 300w, https:\/\/vibrotech-eng.com\/wp-content\/uploads\/2017\/12\/Mesas-de-Desmoldeo-2-705x399.jpg 705w, https:\/\/vibrotech-eng.com\/wp-content\/uploads\/2017\/12\/Mesas-de-Desmoldeo-2-450x254.jpg 450w\" data-sizes=\"(max-width: 750px) 100vw, 750px\"  aria-label=\"Bild Mesas de Desmoldeo 2\"  id='av-masonry-1-item-6125' data-av-masonry-item='6125' class='av-masonry-entry isotope-item post-6125 attachment type-attachment status-inherit hentry  av-masonry-item-with-image' title=\"Mesas de Desmoldeo 2\" alt=\"\"    itemprop=\"thumbnailUrl\" ><div class='av-inner-masonry-sizer'><\/div><figure class='av-inner-masonry main_color'><div class=\"av-masonry-outerimage-container\"><div class='av-masonry-image-container' style=\"background-image: url(https:\/\/vibrotech-eng.com\/wp-content\/uploads\/2017\/12\/Mesas-de-Desmoldeo-2-705x399.jpg);\"  title=\"Mesas de Desmoldeo 2\"  ><\/div><\/div><\/figure><\/a><!--end av-masonry entry--><a href=\"https:\/\/vibrotech-eng.com\/wp-content\/uploads\/2024\/04\/IMG_6539-1030x773.jpeg\" data-srcset=\"https:\/\/vibrotech-eng.com\/wp-content\/uploads\/2024\/04\/IMG_6539-1030x773.jpeg 1030w, https:\/\/vibrotech-eng.com\/wp-content\/uploads\/2024\/04\/IMG_6539-300x225.jpeg 300w, https:\/\/vibrotech-eng.com\/wp-content\/uploads\/2024\/04\/IMG_6539-768x576.jpeg 768w, https:\/\/vibrotech-eng.com\/wp-content\/uploads\/2024\/04\/IMG_6539-1536x1152.jpeg 1536w, https:\/\/vibrotech-eng.com\/wp-content\/uploads\/2024\/04\/IMG_6539-1500x1125.jpeg 1500w, https:\/\/vibrotech-eng.com\/wp-content\/uploads\/2024\/04\/IMG_6539-705x529.jpeg 705w, https:\/\/vibrotech-eng.com\/wp-content\/uploads\/2024\/04\/IMG_6539.jpeg 2048w\" data-sizes=\"(max-width: 1030px) 100vw, 1030px\"  aria-label=\"Bild IMG_6539\"  id='av-masonry-1-item-10015' data-av-masonry-item='10015' class='av-masonry-entry isotope-item post-10015 attachment type-attachment status-inherit hentry  av-masonry-item-with-image' title=\"IMG_6539\" alt=\"\"    itemprop=\"thumbnailUrl\" ><div class='av-inner-masonry-sizer'><\/div><figure class='av-inner-masonry main_color'><div class=\"av-masonry-outerimage-container\"><div class='av-masonry-image-container' style=\"background-image: url(https:\/\/vibrotech-eng.com\/wp-content\/uploads\/2024\/04\/IMG_6539-705x529.jpeg);\"  title=\"IMG_6539\"  ><\/div><\/div><\/figure><\/a><!--end av-masonry entry--><a href=\"https:\/\/vibrotech-eng.com\/wp-content\/uploads\/2024\/05\/WhatsApp-Image-2024-05-21-at-09.45.11-5-1030x773.jpeg\" data-srcset=\"https:\/\/vibrotech-eng.com\/wp-content\/uploads\/2024\/05\/WhatsApp-Image-2024-05-21-at-09.45.11-5-1030x773.jpeg 1030w, https:\/\/vibrotech-eng.com\/wp-content\/uploads\/2024\/05\/WhatsApp-Image-2024-05-21-at-09.45.11-5-300x225.jpeg 300w, https:\/\/vibrotech-eng.com\/wp-content\/uploads\/2024\/05\/WhatsApp-Image-2024-05-21-at-09.45.11-5-768x576.jpeg 768w, https:\/\/vibrotech-eng.com\/wp-content\/uploads\/2024\/05\/WhatsApp-Image-2024-05-21-at-09.45.11-5-1536x1152.jpeg 1536w, https:\/\/vibrotech-eng.com\/wp-content\/uploads\/2024\/05\/WhatsApp-Image-2024-05-21-at-09.45.11-5-2048x1536.jpeg 2048w, https:\/\/vibrotech-eng.com\/wp-content\/uploads\/2024\/05\/WhatsApp-Image-2024-05-21-at-09.45.11-5-1500x1125.jpeg 1500w, https:\/\/vibrotech-eng.com\/wp-content\/uploads\/2024\/05\/WhatsApp-Image-2024-05-21-at-09.45.11-5-705x529.jpeg 705w\" data-sizes=\"(max-width: 1030px) 100vw, 1030px\"  aria-label=\"Bild WhatsApp Image 2024-05-21 at 09.45.11 (5)\"  id='av-masonry-1-item-10127' data-av-masonry-item='10127' class='av-masonry-entry isotope-item post-10127 attachment type-attachment status-inherit hentry  av-masonry-item-with-image' title=\"WhatsApp Image 2024-05-21 at 09.45.11 (5)\" alt=\"\"    itemprop=\"thumbnailUrl\" ><div class='av-inner-masonry-sizer'><\/div><figure class='av-inner-masonry main_color'><div class=\"av-masonry-outerimage-container\"><div class='av-masonry-image-container' style=\"background-image: url(https:\/\/vibrotech-eng.com\/wp-content\/uploads\/2024\/05\/WhatsApp-Image-2024-05-21-at-09.45.11-5-705x529.jpeg);\"  title=\"WhatsApp Image 2024-05-21 at 09.45.11 (5)\"  ><\/div><\/div><\/figure><\/a><!--end av-masonry entry--><a href=\"https:\/\/vibrotech-eng.com\/wp-content\/uploads\/2024\/05\/WhatsApp-Image-2024-05-21-at-09.45.11-1-1030x930.jpeg\" data-srcset=\"https:\/\/vibrotech-eng.com\/wp-content\/uploads\/2024\/05\/WhatsApp-Image-2024-05-21-at-09.45.11-1-1030x930.jpeg 1030w, https:\/\/vibrotech-eng.com\/wp-content\/uploads\/2024\/05\/WhatsApp-Image-2024-05-21-at-09.45.11-1-300x271.jpeg 300w, https:\/\/vibrotech-eng.com\/wp-content\/uploads\/2024\/05\/WhatsApp-Image-2024-05-21-at-09.45.11-1-768x693.jpeg 768w, https:\/\/vibrotech-eng.com\/wp-content\/uploads\/2024\/05\/WhatsApp-Image-2024-05-21-at-09.45.11-1-1536x1387.jpeg 1536w, https:\/\/vibrotech-eng.com\/wp-content\/uploads\/2024\/05\/WhatsApp-Image-2024-05-21-at-09.45.11-1-2048x1849.jpeg 2048w, https:\/\/vibrotech-eng.com\/wp-content\/uploads\/2024\/05\/WhatsApp-Image-2024-05-21-at-09.45.11-1-1500x1354.jpeg 1500w, https:\/\/vibrotech-eng.com\/wp-content\/uploads\/2024\/05\/WhatsApp-Image-2024-05-21-at-09.45.11-1-705x636.jpeg 705w\" data-sizes=\"(max-width: 1030px) 100vw, 1030px\"  aria-label=\"Bild WhatsApp Image 2024-05-21 at 09.45.11\"  id='av-masonry-1-item-10139' data-av-masonry-item='10139' class='av-masonry-entry isotope-item post-10139 attachment type-attachment status-inherit hentry  av-masonry-item-with-image' title=\"WhatsApp Image 2024-05-21 at 09.45.11\" alt=\"\"    itemprop=\"thumbnailUrl\" ><div class='av-inner-masonry-sizer'><\/div><figure class='av-inner-masonry main_color'><div class=\"av-masonry-outerimage-container\"><div class='av-masonry-image-container' style=\"background-image: url(https:\/\/vibrotech-eng.com\/wp-content\/uploads\/2024\/05\/WhatsApp-Image-2024-05-21-at-09.45.11-1-705x636.jpeg);\"  title=\"WhatsApp Image 2024-05-21 at 09.45.11\"  ><\/div><\/div><\/figure><\/a><!--end av-masonry entry--><a href=\"https:\/\/vibrotech-eng.com\/wp-content\/uploads\/2023\/07\/IMG_3774-1030x773.jpg\" data-srcset=\"https:\/\/vibrotech-eng.com\/wp-content\/uploads\/2023\/07\/IMG_3774-1030x773.jpg 1030w, https:\/\/vibrotech-eng.com\/wp-content\/uploads\/2023\/07\/IMG_3774-300x225.jpg 300w, https:\/\/vibrotech-eng.com\/wp-content\/uploads\/2023\/07\/IMG_3774-768x576.jpg 768w, https:\/\/vibrotech-eng.com\/wp-content\/uploads\/2023\/07\/IMG_3774-1536x1152.jpg 1536w, https:\/\/vibrotech-eng.com\/wp-content\/uploads\/2023\/07\/IMG_3774-2048x1536.jpg 2048w, https:\/\/vibrotech-eng.com\/wp-content\/uploads\/2023\/07\/IMG_3774-1500x1125.jpg 1500w, https:\/\/vibrotech-eng.com\/wp-content\/uploads\/2023\/07\/IMG_3774-705x529.jpg 705w\" data-sizes=\"(max-width: 1030px) 100vw, 1030px\"  aria-label=\"Bild IMG_3774\"  id='av-masonry-1-item-9725' data-av-masonry-item='9725' class='av-masonry-entry isotope-item post-9725 attachment type-attachment status-inherit hentry  av-masonry-item-with-image' title=\"IMG_3774\" alt=\"\"    itemprop=\"thumbnailUrl\" ><div class='av-inner-masonry-sizer'><\/div><figure class='av-inner-masonry main_color'><div class=\"av-masonry-outerimage-container\"><div class='av-masonry-image-container' style=\"background-image: url(https:\/\/vibrotech-eng.com\/wp-content\/uploads\/2023\/07\/IMG_3774-705x529.jpg);\"  title=\"IMG_3774\"  ><\/div><\/div><\/figure><\/a><!--end av-masonry entry--><\/div><\/div>\n<\/div><\/div><\/main><!-- close content main element --><\/div><\/div><div id='after_section_1'  class='main_color av_default_container_wrap container_wrap sidebar_right'  ><div class='container av-section-cont-open' ><div class='template-page content  av-content-small alpha units'><div class='post-entry post-entry-type-page post-entry-6784'><div class='entry-content-wrapper clearfix'>\n","protected":false},"excerpt":{"rendered":"","protected":false},"author":2,"featured_media":0,"parent":0,"menu_order":0,"comment_status":"closed","ping_status":"closed","template":"","meta":{"footnotes":""},"class_list":["post-6784","page","type-page","status-publish","hentry"],"yoast_head":"<!-- This site is optimized with the Yoast SEO Premium plugin v20.3 (Yoast SEO v27.4) - https:\/\/yoast.com\/product\/yoast-seo-premium-wordpress\/ -->\n<title>Shake out Tische - Vibrotech Engineering S.L<\/title>\n<meta name=\"robots\" content=\"index, follow, max-snippet:-1, max-image-preview:large, max-video-preview:-1\" \/>\n<link rel=\"canonical\" href=\"https:\/\/vibrotech-eng.com\/de\/mesas-de-desmoldeo\/\" \/>\n<meta property=\"og:locale\" content=\"de_DE\" \/>\n<meta property=\"og:type\" content=\"article\" \/>\n<meta property=\"og:title\" content=\"Shake out Tische\" \/>\n<meta property=\"og:url\" content=\"https:\/\/vibrotech-eng.com\/de\/mesas-de-desmoldeo\/\" \/>\n<meta property=\"og:site_name\" content=\"Vibrotech Engineering S.L\" \/>\n<meta property=\"article:modified_time\" content=\"2025-03-05T13:08:10+00:00\" \/>\n<meta name=\"twitter:card\" content=\"summary_large_image\" \/>\n<meta name=\"twitter:label1\" content=\"Gesch\u00e4tzte Lesezeit\" \/>\n\t<meta name=\"twitter:data1\" content=\"1\u00a0Minute\" \/>\n<script type=\"application\/ld+json\" class=\"yoast-schema-graph\">{\"@context\":\"https:\\\/\\\/schema.org\",\"@graph\":[{\"@type\":\"WebPage\",\"@id\":\"https:\\\/\\\/vibrotech-eng.com\\\/de\\\/mesas-de-desmoldeo\\\/\",\"url\":\"https:\\\/\\\/vibrotech-eng.com\\\/de\\\/mesas-de-desmoldeo\\\/\",\"name\":\"Shake out Tische - Vibrotech Engineering S.L\",\"isPartOf\":{\"@id\":\"https:\\\/\\\/vibrotech-eng.com\\\/de\\\/#website\"},\"datePublished\":\"2017-09-25T10:19:33+00:00\",\"dateModified\":\"2025-03-05T13:08:10+00:00\",\"breadcrumb\":{\"@id\":\"https:\\\/\\\/vibrotech-eng.com\\\/de\\\/mesas-de-desmoldeo\\\/#breadcrumb\"},\"inLanguage\":\"de\",\"potentialAction\":[{\"@type\":\"ReadAction\",\"target\":[\"https:\\\/\\\/vibrotech-eng.com\\\/de\\\/mesas-de-desmoldeo\\\/\"]}]},{\"@type\":\"BreadcrumbList\",\"@id\":\"https:\\\/\\\/vibrotech-eng.com\\\/de\\\/mesas-de-desmoldeo\\\/#breadcrumb\",\"itemListElement\":[{\"@type\":\"ListItem\",\"position\":1,\"name\":\"Start\",\"item\":\"https:\\\/\\\/vibrotech-eng.com\\\/de\\\/inicio\\\/\"},{\"@type\":\"ListItem\",\"position\":2,\"name\":\"Shake out Tische\"}]},{\"@type\":\"WebSite\",\"@id\":\"https:\\\/\\\/vibrotech-eng.com\\\/de\\\/#website\",\"url\":\"https:\\\/\\\/vibrotech-eng.com\\\/de\\\/\",\"name\":\"Vibrotech Engineering S.L\",\"description\":\"Empresa espa\u00f1ola que desarrolla su actividad principal en el dise\u00f1o y fabricaci\u00f3n de maquinaria vibrante\",\"potentialAction\":[{\"@type\":\"SearchAction\",\"target\":{\"@type\":\"EntryPoint\",\"urlTemplate\":\"https:\\\/\\\/vibrotech-eng.com\\\/de\\\/?s={search_term_string}\"},\"query-input\":{\"@type\":\"PropertyValueSpecification\",\"valueRequired\":true,\"valueName\":\"search_term_string\"}}],\"inLanguage\":\"de\"}]}<\/script>\n<!-- \/ Yoast SEO Premium plugin. -->","yoast_head_json":{"title":"Shake out Tische - Vibrotech Engineering S.L","robots":{"index":"index","follow":"follow","max-snippet":"max-snippet:-1","max-image-preview":"max-image-preview:large","max-video-preview":"max-video-preview:-1"},"canonical":"https:\/\/vibrotech-eng.com\/de\/mesas-de-desmoldeo\/","og_locale":"de_DE","og_type":"article","og_title":"Shake out Tische","og_url":"https:\/\/vibrotech-eng.com\/de\/mesas-de-desmoldeo\/","og_site_name":"Vibrotech Engineering S.L","article_modified_time":"2025-03-05T13:08:10+00:00","twitter_card":"summary_large_image","twitter_misc":{"Gesch\u00e4tzte Lesezeit":"1\u00a0Minute"},"schema":{"@context":"https:\/\/schema.org","@graph":[{"@type":"WebPage","@id":"https:\/\/vibrotech-eng.com\/de\/mesas-de-desmoldeo\/","url":"https:\/\/vibrotech-eng.com\/de\/mesas-de-desmoldeo\/","name":"Shake out Tische - Vibrotech Engineering S.L","isPartOf":{"@id":"https:\/\/vibrotech-eng.com\/de\/#website"},"datePublished":"2017-09-25T10:19:33+00:00","dateModified":"2025-03-05T13:08:10+00:00","breadcrumb":{"@id":"https:\/\/vibrotech-eng.com\/de\/mesas-de-desmoldeo\/#breadcrumb"},"inLanguage":"de","potentialAction":[{"@type":"ReadAction","target":["https:\/\/vibrotech-eng.com\/de\/mesas-de-desmoldeo\/"]}]},{"@type":"BreadcrumbList","@id":"https:\/\/vibrotech-eng.com\/de\/mesas-de-desmoldeo\/#breadcrumb","itemListElement":[{"@type":"ListItem","position":1,"name":"Start","item":"https:\/\/vibrotech-eng.com\/de\/inicio\/"},{"@type":"ListItem","position":2,"name":"Shake out Tische"}]},{"@type":"WebSite","@id":"https:\/\/vibrotech-eng.com\/de\/#website","url":"https:\/\/vibrotech-eng.com\/de\/","name":"Vibrotech Engineering S.L","description":"Empresa espa\u00f1ola que desarrolla su actividad principal en el dise\u00f1o y fabricaci\u00f3n de maquinaria vibrante","potentialAction":[{"@type":"SearchAction","target":{"@type":"EntryPoint","urlTemplate":"https:\/\/vibrotech-eng.com\/de\/?s={search_term_string}"},"query-input":{"@type":"PropertyValueSpecification","valueRequired":true,"valueName":"search_term_string"}}],"inLanguage":"de"}]}},"_links":{"self":[{"href":"https:\/\/vibrotech-eng.com\/de\/wp-json\/wp\/v2\/pages\/6784","targetHints":{"allow":["GET"]}}],"collection":[{"href":"https:\/\/vibrotech-eng.com\/de\/wp-json\/wp\/v2\/pages"}],"about":[{"href":"https:\/\/vibrotech-eng.com\/de\/wp-json\/wp\/v2\/types\/page"}],"author":[{"embeddable":true,"href":"https:\/\/vibrotech-eng.com\/de\/wp-json\/wp\/v2\/users\/2"}],"replies":[{"embeddable":true,"href":"https:\/\/vibrotech-eng.com\/de\/wp-json\/wp\/v2\/comments?post=6784"}],"version-history":[{"count":2,"href":"https:\/\/vibrotech-eng.com\/de\/wp-json\/wp\/v2\/pages\/6784\/revisions"}],"predecessor-version":[{"id":10453,"href":"https:\/\/vibrotech-eng.com\/de\/wp-json\/wp\/v2\/pages\/6784\/revisions\/10453"}],"wp:attachment":[{"href":"https:\/\/vibrotech-eng.com\/de\/wp-json\/wp\/v2\/media?parent=6784"}],"curies":[{"name":"wp","href":"https:\/\/api.w.org\/{rel}","templated":true}]}}