{"id":6779,"date":"2018-08-21T09:14:56","date_gmt":"2018-08-21T07:14:56","guid":{"rendered":"https:\/\/vibrotech-eng.com\/extractor-moldes-defectuosos-la-linea-moldeo-automatico\/"},"modified":"2023-05-05T11:51:49","modified_gmt":"2023-05-05T09:51:49","slug":"extractor-moldes-defectuosos-la-linea-moldeo-automatico","status":"publish","type":"page","link":"https:\/\/vibrotech-eng.com\/de\/extractor-moldes-defectuosos-la-linea-moldeo-automatico\/","title":{"rendered":"Fehlerhaften Formen Abzug"},"content":{"rendered":"<section  class='av_textblock_section av-8uvuac-5f754fd41ed8704eae307def65ab05f7 '   itemscope=\"itemscope\" itemtype=\"https:\/\/schema.org\/CreativeWork\" ><div class='avia_textblock'  itemprop=\"text\" ><h1 style=\"text-align: center;\">Fehlerhaften Formen Abzug<\/h1>\n<\/div><\/section>\n\n<style type=\"text\/css\" data-created_by=\"avia_inline_auto\" id=\"style-css-av-2w8ok-56c3f0f45ecbd6d55fda023102c0f1d2\">\n#top .hr.hr-invisible.av-2w8ok-56c3f0f45ecbd6d55fda023102c0f1d2{\nheight:50px;\n}\n<\/style>\n<div  class='hr av-2w8ok-56c3f0f45ecbd6d55fda023102c0f1d2 hr-invisible  avia-builder-el-1  el_after_av_textblock  el_before_av_textblock '><span class='hr-inner '><span class=\"hr-inner-style\"><\/span><\/span><\/div>\n<section  class='av_textblock_section av-616d0k-76ccf934de654ad4a4a4321f058fdf29 '   itemscope=\"itemscope\" itemtype=\"https:\/\/schema.org\/CreativeWork\" ><div class='avia_textblock'  itemprop=\"text\" ><p class=\"p1\"><span class=\"s1\">Der Entformungsprozess unmittelbar nach der AMC- und SBC-K\u00fchllinie ist ein wesentlicher Prozess zur korrekten Abscheidung fehlerhafter Werkst\u00fccke aus der Linie vor den nachfolgenden Prozessen, um in den nachfolgenden Entformungsprozessen (kontinuierliche Entformungstrommel oder Entformungsmaschinen) und der anschlie\u00dfenden Entformungs- und Beschickungslinie der Strahlanlage in einer vertikalen Formlinie fehlerhafte Werkst\u00fccke nicht mit guten Werkst\u00fccken zu vermischen.<\/span><\/p>\n<p class=\"p1\"><span class=\"s1\">Die Gr\u00fcnde f\u00fcr die Trennung der Formen k\u00f6nnen unterschiedlicher Art sein:<\/span><\/p>\n<ul class=\"ul1\">\n<li class=\"li2\"><span class=\"s1\">Misslungene Metallzusammensetzung in der Formmaschine<\/span><\/li>\n<li class=\"li2\"><span class=\"s1\">Pr\u00fcfungen, die der Kunde mit verschiedenen Prototypen durchf\u00fchren m\u00f6chte<\/span><\/li>\n<li class=\"li1\"><span class=\"s1\">Ungesiebte Formen<\/span><\/li>\n<\/ul>\n<p class=\"p1\"><span class=\"s1\">Dies sind einige der Gr\u00fcnde, warum das SBC-Formentnahmesystem ein optimales und sauberes System ist.<\/span><\/p>\n<p class=\"p1\"><span class=\"s1\">Dieses System erm\u00f6glicht es, in der Entformungstrommel keine fehlerhaften Werkst\u00fccke mit guten Werkst\u00fccken zu vermischen und so die Arbeit zu vermeiden, die Werkst\u00fccke sp\u00e4ter manuell zu trennen, was aufgrund der Temperatur des Metalls und des Sandes im Allgemeinen eine ungesunde Arbeit ist.<\/span><\/p>\n<p class=\"p1\"><span class=\"s1\">Das System besteht aus einem R\u00fcttelf\u00f6rderer, der auf einem Rahmen montiert ist, \u00fcber den er sich mithilfe von R\u00e4dern auf Schienen bewegt. Normalerweise wird ein pneumatischer Zylinder als Aktor f\u00fcr die Verschiebung verwendet. Der Formentnehmer wird in Abh\u00e4ngigkeit der Zusammensetzung der Linie und der Position der R\u00fcttelmaschine, die die Formen im normalen Betriebsablauf aufnimmt, in Linie oder 90 Grad zur SBC-Formaufnahme montiert.<\/span><\/p>\n<p class=\"p1\"><span class=\"s1\">Sobald der Entnehmer \u00fcber eine SPS die Anweisung erh\u00e4lt, eine bestimmte Anzahl an Formen aus den oben genannten Gr\u00fcnden zu entnehmen, f\u00e4hrt er in die untere Position zwischen dem SBC und dem R\u00fcttelempf\u00e4nger. Auf diese Weise werden fehlerhafte Formen aus der Linie entfernt. Nachdem diese Werkst\u00fccke entfernt wurden, erh\u00e4lt er von der SPS erneut die Anweisung, in seine urspr\u00fcngliche Position zur\u00fcckzukehren, um mit dem normalen Betrieb der Linie fortzufahren.<\/span><\/p>\n<p class=\"p1\"><span class=\"s1\">Dar\u00fcber hinaus wird normalerweise ein Entformer\/Shake-out montiert, die die fehlerhaften Formen entweder in Linie oder senkrecht (je nach Konfiguration der Anlage) aufnimmt, um Sand aus diesen Werkst\u00fccken zu entfernen und zur sp\u00e4teren Sandr\u00fcckgewinnungsbehandlung zu transportieren.<\/span><\/p>\n<p class=\"p1\"><span class=\"s1\">Es handelt sich um ein sauberes System, das die traditionellen Push-out-Systeme oder hydraulischen Formst\u00f6\u00dfel der K\u00fchllinie ersetzt. Letzteres f\u00fchrt zu gro\u00dfen Sandansammlungen auf dem Boden und schlie\u00dflich zu einer gro\u00dfen Menge an Schmutz, da man den Sand und das Metall, das sich vom Boden gel\u00f6st hat, manuell aufnehmen muss.<\/span><\/p>\n<\/div><\/section>\n<\/div><\/div><\/div><!-- close content main div --><\/div><\/div><div id='av_section_1'  class='avia-section av-4jths4-b26206035cb5e080980458f496683f98 main_color avia-section-default avia-no-border-styling  avia-builder-el-3  el_after_av_textblock  avia-builder-el-last  avia-bg-style-scroll container_wrap sidebar_right'  ><div class='container av-section-cont-open' ><div class='template-page content  av-content-small alpha units'><div class='post-entry post-entry-type-page post-entry-6779'><div class='entry-content-wrapper clearfix'>\n\n<style type=\"text\/css\" data-created_by=\"avia_inline_auto\" id=\"style-css-av-2dkpgk-135fe9270c516085931076e98dce0f62\">\n#top .av-masonry.av-2dkpgk-135fe9270c516085931076e98dce0f62{\nbackground-color:#ffffff;\n}\n<\/style>\n<div id='av-masonry-1' class='av-masonry av-2dkpgk-135fe9270c516085931076e98dce0f62 noHover av-fixed-size av-large-gap av-hover-overlay- av-masonry-animation-active av-masonry-col-4 av-caption-always av-caption-style- av-masonry-gallery ' data-post_id=\"6779\"><div class=\"av-masonry-container isotope av-js-disabled\"><div class='av-masonry-entry isotope-item av-masonry-item-no-image '><\/div><a href=\"https:\/\/vibrotech-eng.com\/wp-content\/uploads\/2018\/08\/extractormoldes2.jpg\" data-srcset=\"https:\/\/vibrotech-eng.com\/wp-content\/uploads\/2018\/08\/extractormoldes2.jpg 1000w, https:\/\/vibrotech-eng.com\/wp-content\/uploads\/2018\/08\/extractormoldes2-300x185.jpg 300w, https:\/\/vibrotech-eng.com\/wp-content\/uploads\/2018\/08\/extractormoldes2-768x473.jpg 768w, https:\/\/vibrotech-eng.com\/wp-content\/uploads\/2018\/08\/extractormoldes2-705x434.jpg 705w, https:\/\/vibrotech-eng.com\/wp-content\/uploads\/2018\/08\/extractormoldes2-450x277.jpg 450w\" data-sizes=\"(max-width: 1000px) 100vw, 1000px\"  aria-label=\"Bild extractormoldes2\"  id='av-masonry-1-item-6358' data-av-masonry-item='6358' class='av-masonry-entry isotope-item post-6358 attachment type-attachment status-inherit hentry  av-masonry-item-with-image' title=\"extractormoldes2\" alt=\"\"    itemprop=\"thumbnailUrl\" ><div class='av-inner-masonry-sizer'><\/div><figure class='av-inner-masonry main_color'><div class=\"av-masonry-outerimage-container\"><div class='av-masonry-image-container' style=\"background-image: url(https:\/\/vibrotech-eng.com\/wp-content\/uploads\/2018\/08\/extractormoldes2-705x434.jpg);\"  title=\"extractormoldes2\"  ><\/div><\/div><\/figure><\/a><!--end av-masonry entry--><a href=\"https:\/\/vibrotech-eng.com\/wp-content\/uploads\/2023\/04\/IMG_20220524_140215-min-1030x773.jpg\" data-srcset=\"https:\/\/vibrotech-eng.com\/wp-content\/uploads\/2023\/04\/IMG_20220524_140215-min-1030x773.jpg 1030w, https:\/\/vibrotech-eng.com\/wp-content\/uploads\/2023\/04\/IMG_20220524_140215-min-300x225.jpg 300w, https:\/\/vibrotech-eng.com\/wp-content\/uploads\/2023\/04\/IMG_20220524_140215-min-768x576.jpg 768w, https:\/\/vibrotech-eng.com\/wp-content\/uploads\/2023\/04\/IMG_20220524_140215-min-1536x1152.jpg 1536w, https:\/\/vibrotech-eng.com\/wp-content\/uploads\/2023\/04\/IMG_20220524_140215-min-2048x1536.jpg 2048w, https:\/\/vibrotech-eng.com\/wp-content\/uploads\/2023\/04\/IMG_20220524_140215-min-1500x1125.jpg 1500w, https:\/\/vibrotech-eng.com\/wp-content\/uploads\/2023\/04\/IMG_20220524_140215-min-705x529.jpg 705w\" data-sizes=\"(max-width: 1030px) 100vw, 1030px\"  aria-label=\"Bild IMG_20220524_140215-min\"  id='av-masonry-1-item-9427' data-av-masonry-item='9427' class='av-masonry-entry isotope-item post-9427 attachment type-attachment status-inherit hentry  av-masonry-item-with-image' title=\"IMG_20220524_140215-min\" alt=\"\"    itemprop=\"thumbnailUrl\" ><div class='av-inner-masonry-sizer'><\/div><figure class='av-inner-masonry main_color'><div class=\"av-masonry-outerimage-container\"><div class='av-masonry-image-container' style=\"background-image: url(https:\/\/vibrotech-eng.com\/wp-content\/uploads\/2023\/04\/IMG_20220524_140215-min-705x529.jpg);\"  title=\"IMG_20220524_140215-min\"  ><\/div><\/div><\/figure><\/a><!--end av-masonry entry--><a href=\"https:\/\/vibrotech-eng.com\/wp-content\/uploads\/2021\/02\/TRANSPORTADOR_RESONANCIA-e1614087327772.jpg\"  aria-label=\"Bild TRANSPORTADOR_RESONANCIA\"  id='av-masonry-1-item-5882' data-av-masonry-item='5882' class='av-masonry-entry isotope-item post-5882 attachment type-attachment status-inherit hentry  av-masonry-item-with-image' title=\"TRANSPORTADOR_RESONANCIA\" alt=\"\"    itemprop=\"thumbnailUrl\" ><div class='av-inner-masonry-sizer'><\/div><figure class='av-inner-masonry main_color'><div class=\"av-masonry-outerimage-container\"><div class='av-masonry-image-container' style=\"background-image: url(https:\/\/vibrotech-eng.com\/wp-content\/uploads\/2021\/02\/TRANSPORTADOR_RESONANCIA-e1614087327772.jpg);\"  title=\"TRANSPORTADOR_RESONANCIA\"  ><\/div><\/div><\/figure><\/a><!--end av-masonry entry--><a href=\"https:\/\/vibrotech-eng.com\/wp-content\/uploads\/2023\/04\/Imagen-de-WhatsApp-2023-02-06-a-las-16.59.23-min-1030x1030.jpg\" data-srcset=\"https:\/\/vibrotech-eng.com\/wp-content\/uploads\/2023\/04\/Imagen-de-WhatsApp-2023-02-06-a-las-16.59.23-min-1030x1030.jpg 1030w, https:\/\/vibrotech-eng.com\/wp-content\/uploads\/2023\/04\/Imagen-de-WhatsApp-2023-02-06-a-las-16.59.23-min-300x300.jpg 300w, https:\/\/vibrotech-eng.com\/wp-content\/uploads\/2023\/04\/Imagen-de-WhatsApp-2023-02-06-a-las-16.59.23-min-80x80.jpg 80w, https:\/\/vibrotech-eng.com\/wp-content\/uploads\/2023\/04\/Imagen-de-WhatsApp-2023-02-06-a-las-16.59.23-min-768x768.jpg 768w, https:\/\/vibrotech-eng.com\/wp-content\/uploads\/2023\/04\/Imagen-de-WhatsApp-2023-02-06-a-las-16.59.23-min-36x36.jpg 36w, https:\/\/vibrotech-eng.com\/wp-content\/uploads\/2023\/04\/Imagen-de-WhatsApp-2023-02-06-a-las-16.59.23-min-180x180.jpg 180w, https:\/\/vibrotech-eng.com\/wp-content\/uploads\/2023\/04\/Imagen-de-WhatsApp-2023-02-06-a-las-16.59.23-min-705x705.jpg 705w, https:\/\/vibrotech-eng.com\/wp-content\/uploads\/2023\/04\/Imagen-de-WhatsApp-2023-02-06-a-las-16.59.23-min.jpg 1224w\" data-sizes=\"(max-width: 1030px) 100vw, 1030px\"  aria-label=\"Bild Imagen de WhatsApp 2023-02-06 a las 16.59.23-min\"  id='av-masonry-1-item-9431' data-av-masonry-item='9431' class='av-masonry-entry isotope-item post-9431 attachment type-attachment status-inherit hentry  av-masonry-item-with-image' title=\"Imagen de WhatsApp 2023-02-06 a las 16.59.23-min\" alt=\"\"    itemprop=\"thumbnailUrl\" ><div class='av-inner-masonry-sizer'><\/div><figure class='av-inner-masonry main_color'><div class=\"av-masonry-outerimage-container\"><div class='av-masonry-image-container' style=\"background-image: url(https:\/\/vibrotech-eng.com\/wp-content\/uploads\/2023\/04\/Imagen-de-WhatsApp-2023-02-06-a-las-16.59.23-min-705x705.jpg);\"  title=\"Imagen de WhatsApp 2023-02-06 a las 16.59.23-min\"  ><\/div><\/div><\/figure><\/a><!--end av-masonry entry--><a href=\"https:\/\/vibrotech-eng.com\/wp-content\/uploads\/2018\/08\/extractormoldes.jpg\" data-srcset=\"https:\/\/vibrotech-eng.com\/wp-content\/uploads\/2018\/08\/extractormoldes.jpg 1000w, https:\/\/vibrotech-eng.com\/wp-content\/uploads\/2018\/08\/extractormoldes-300x176.jpg 300w, https:\/\/vibrotech-eng.com\/wp-content\/uploads\/2018\/08\/extractormoldes-768x452.jpg 768w, https:\/\/vibrotech-eng.com\/wp-content\/uploads\/2018\/08\/extractormoldes-705x415.jpg 705w, https:\/\/vibrotech-eng.com\/wp-content\/uploads\/2018\/08\/extractormoldes-450x265.jpg 450w\" data-sizes=\"(max-width: 1000px) 100vw, 1000px\"  aria-label=\"Bild extractormoldes\"  id='av-masonry-1-item-6357' data-av-masonry-item='6357' class='av-masonry-entry isotope-item post-6357 attachment type-attachment status-inherit hentry  av-masonry-item-with-image' title=\"extractormoldes\" alt=\"\"    itemprop=\"thumbnailUrl\" ><div class='av-inner-masonry-sizer'><\/div><figure class='av-inner-masonry main_color'><div class=\"av-masonry-outerimage-container\"><div class='av-masonry-image-container' style=\"background-image: url(https:\/\/vibrotech-eng.com\/wp-content\/uploads\/2018\/08\/extractormoldes-705x415.jpg);\"  title=\"extractormoldes\"  ><\/div><\/div><\/figure><\/a><!--end av-masonry entry--><\/div><\/div>\n<\/div><\/div><\/div><!-- close content main div --><\/div><\/div><div id='after_section_1'  class='main_color av_default_container_wrap container_wrap sidebar_right'  ><div class='container av-section-cont-open' ><div class='template-page content  av-content-small alpha units'><div class='post-entry post-entry-type-page post-entry-6779'><div class='entry-content-wrapper clearfix'>\n","protected":false},"excerpt":{"rendered":"","protected":false},"author":2,"featured_media":0,"parent":0,"menu_order":0,"comment_status":"closed","ping_status":"closed","template":"","meta":{"footnotes":""},"class_list":["post-6779","page","type-page","status-publish","hentry"],"yoast_head":"<!-- This site is optimized with the Yoast SEO Premium plugin v20.3 (Yoast SEO v27.4) - https:\/\/yoast.com\/product\/yoast-seo-premium-wordpress\/ -->\n<title>Fehlerhaften Formen Abzug - Vibrotech Engineering S.L<\/title>\n<meta name=\"robots\" content=\"index, follow, max-snippet:-1, max-image-preview:large, max-video-preview:-1\" \/>\n<link rel=\"canonical\" href=\"https:\/\/vibrotech-eng.com\/de\/extractor-moldes-defectuosos-la-linea-moldeo-automatico\/\" \/>\n<meta property=\"og:locale\" content=\"de_DE\" \/>\n<meta property=\"og:type\" content=\"article\" \/>\n<meta property=\"og:title\" content=\"Fehlerhaften Formen Abzug\" \/>\n<meta property=\"og:url\" content=\"https:\/\/vibrotech-eng.com\/de\/extractor-moldes-defectuosos-la-linea-moldeo-automatico\/\" \/>\n<meta property=\"og:site_name\" content=\"Vibrotech Engineering S.L\" \/>\n<meta property=\"article:modified_time\" content=\"2023-05-05T09:51:49+00:00\" \/>\n<meta name=\"twitter:card\" content=\"summary_large_image\" \/>\n<meta name=\"twitter:label1\" content=\"Gesch\u00e4tzte Lesezeit\" \/>\n\t<meta name=\"twitter:data1\" content=\"3\u00a0Minuten\" \/>\n<script type=\"application\/ld+json\" class=\"yoast-schema-graph\">{\"@context\":\"https:\\\/\\\/schema.org\",\"@graph\":[{\"@type\":\"WebPage\",\"@id\":\"https:\\\/\\\/vibrotech-eng.com\\\/de\\\/extractor-moldes-defectuosos-la-linea-moldeo-automatico\\\/\",\"url\":\"https:\\\/\\\/vibrotech-eng.com\\\/de\\\/extractor-moldes-defectuosos-la-linea-moldeo-automatico\\\/\",\"name\":\"Fehlerhaften Formen Abzug - Vibrotech Engineering S.L\",\"isPartOf\":{\"@id\":\"https:\\\/\\\/vibrotech-eng.com\\\/de\\\/#website\"},\"datePublished\":\"2018-08-21T07:14:56+00:00\",\"dateModified\":\"2023-05-05T09:51:49+00:00\",\"breadcrumb\":{\"@id\":\"https:\\\/\\\/vibrotech-eng.com\\\/de\\\/extractor-moldes-defectuosos-la-linea-moldeo-automatico\\\/#breadcrumb\"},\"inLanguage\":\"de\",\"potentialAction\":[{\"@type\":\"ReadAction\",\"target\":[\"https:\\\/\\\/vibrotech-eng.com\\\/de\\\/extractor-moldes-defectuosos-la-linea-moldeo-automatico\\\/\"]}]},{\"@type\":\"BreadcrumbList\",\"@id\":\"https:\\\/\\\/vibrotech-eng.com\\\/de\\\/extractor-moldes-defectuosos-la-linea-moldeo-automatico\\\/#breadcrumb\",\"itemListElement\":[{\"@type\":\"ListItem\",\"position\":1,\"name\":\"Start\",\"item\":\"https:\\\/\\\/vibrotech-eng.com\\\/de\\\/inicio\\\/\"},{\"@type\":\"ListItem\",\"position\":2,\"name\":\"Fehlerhaften Formen Abzug\"}]},{\"@type\":\"WebSite\",\"@id\":\"https:\\\/\\\/vibrotech-eng.com\\\/de\\\/#website\",\"url\":\"https:\\\/\\\/vibrotech-eng.com\\\/de\\\/\",\"name\":\"Vibrotech Engineering S.L\",\"description\":\"Empresa espa\u00f1ola que desarrolla su actividad principal en el dise\u00f1o y fabricaci\u00f3n de maquinaria vibrante\",\"potentialAction\":[{\"@type\":\"SearchAction\",\"target\":{\"@type\":\"EntryPoint\",\"urlTemplate\":\"https:\\\/\\\/vibrotech-eng.com\\\/de\\\/?s={search_term_string}\"},\"query-input\":{\"@type\":\"PropertyValueSpecification\",\"valueRequired\":true,\"valueName\":\"search_term_string\"}}],\"inLanguage\":\"de\"}]}<\/script>\n<!-- \/ Yoast SEO Premium plugin. -->","yoast_head_json":{"title":"Fehlerhaften Formen Abzug - Vibrotech Engineering S.L","robots":{"index":"index","follow":"follow","max-snippet":"max-snippet:-1","max-image-preview":"max-image-preview:large","max-video-preview":"max-video-preview:-1"},"canonical":"https:\/\/vibrotech-eng.com\/de\/extractor-moldes-defectuosos-la-linea-moldeo-automatico\/","og_locale":"de_DE","og_type":"article","og_title":"Fehlerhaften Formen Abzug","og_url":"https:\/\/vibrotech-eng.com\/de\/extractor-moldes-defectuosos-la-linea-moldeo-automatico\/","og_site_name":"Vibrotech Engineering S.L","article_modified_time":"2023-05-05T09:51:49+00:00","twitter_card":"summary_large_image","twitter_misc":{"Gesch\u00e4tzte Lesezeit":"3\u00a0Minuten"},"schema":{"@context":"https:\/\/schema.org","@graph":[{"@type":"WebPage","@id":"https:\/\/vibrotech-eng.com\/de\/extractor-moldes-defectuosos-la-linea-moldeo-automatico\/","url":"https:\/\/vibrotech-eng.com\/de\/extractor-moldes-defectuosos-la-linea-moldeo-automatico\/","name":"Fehlerhaften Formen Abzug - Vibrotech Engineering S.L","isPartOf":{"@id":"https:\/\/vibrotech-eng.com\/de\/#website"},"datePublished":"2018-08-21T07:14:56+00:00","dateModified":"2023-05-05T09:51:49+00:00","breadcrumb":{"@id":"https:\/\/vibrotech-eng.com\/de\/extractor-moldes-defectuosos-la-linea-moldeo-automatico\/#breadcrumb"},"inLanguage":"de","potentialAction":[{"@type":"ReadAction","target":["https:\/\/vibrotech-eng.com\/de\/extractor-moldes-defectuosos-la-linea-moldeo-automatico\/"]}]},{"@type":"BreadcrumbList","@id":"https:\/\/vibrotech-eng.com\/de\/extractor-moldes-defectuosos-la-linea-moldeo-automatico\/#breadcrumb","itemListElement":[{"@type":"ListItem","position":1,"name":"Start","item":"https:\/\/vibrotech-eng.com\/de\/inicio\/"},{"@type":"ListItem","position":2,"name":"Fehlerhaften Formen Abzug"}]},{"@type":"WebSite","@id":"https:\/\/vibrotech-eng.com\/de\/#website","url":"https:\/\/vibrotech-eng.com\/de\/","name":"Vibrotech Engineering S.L","description":"Empresa espa\u00f1ola que desarrolla su actividad principal en el dise\u00f1o y fabricaci\u00f3n de maquinaria vibrante","potentialAction":[{"@type":"SearchAction","target":{"@type":"EntryPoint","urlTemplate":"https:\/\/vibrotech-eng.com\/de\/?s={search_term_string}"},"query-input":{"@type":"PropertyValueSpecification","valueRequired":true,"valueName":"search_term_string"}}],"inLanguage":"de"}]}},"_links":{"self":[{"href":"https:\/\/vibrotech-eng.com\/de\/wp-json\/wp\/v2\/pages\/6779","targetHints":{"allow":["GET"]}}],"collection":[{"href":"https:\/\/vibrotech-eng.com\/de\/wp-json\/wp\/v2\/pages"}],"about":[{"href":"https:\/\/vibrotech-eng.com\/de\/wp-json\/wp\/v2\/types\/page"}],"author":[{"embeddable":true,"href":"https:\/\/vibrotech-eng.com\/de\/wp-json\/wp\/v2\/users\/2"}],"replies":[{"embeddable":true,"href":"https:\/\/vibrotech-eng.com\/de\/wp-json\/wp\/v2\/comments?post=6779"}],"version-history":[{"count":0,"href":"https:\/\/vibrotech-eng.com\/de\/wp-json\/wp\/v2\/pages\/6779\/revisions"}],"wp:attachment":[{"href":"https:\/\/vibrotech-eng.com\/de\/wp-json\/wp\/v2\/media?parent=6779"}],"curies":[{"name":"wp","href":"https:\/\/api.w.org\/{rel}","templated":true}]}}