{"id":6770,"date":"2018-03-26T12:14:53","date_gmt":"2018-03-26T10:14:53","guid":{"rendered":"https:\/\/vibrotech-eng.com\/catalogos\/"},"modified":"2024-07-09T11:11:49","modified_gmt":"2024-07-09T09:11:49","slug":"catalogos","status":"publish","type":"page","link":"https:\/\/vibrotech-eng.com\/de\/catalogos\/","title":{"rendered":"Kataloge"},"content":{"rendered":"<div id='av_section_1'  class='avia-section av-18be1tn-747b6669c3922264ed4e5f34cca82b8b main_color avia-section-default avia-no-border-styling  avia-builder-el-0  avia-builder-el-no-sibling  avia-bg-style-scroll container_wrap sidebar_right'  ><div class='container av-section-cont-open' ><main  role=\"main\" itemprop=\"mainContentOfPage\"  class='template-page content  av-content-small alpha units'><div class='post-entry post-entry-type-page post-entry-6770'><div class='entry-content-wrapper clearfix'>\n<section  class='av_textblock_section av-15ofeu3-99f4a7e8dd98e76fdf701ab3ccb56d69 '   itemscope=\"itemscope\" itemtype=\"https:\/\/schema.org\/CreativeWork\" ><div class='avia_textblock'  itemprop=\"text\" ><h1 style=\"text-align: center;\">Kataloge<\/h1>\n<\/div><\/section>\n\n<style type=\"text\/css\" data-created_by=\"avia_inline_auto\" id=\"style-css-av-esgviz-fc88a068c98c676d9e47100938b1b918\">\n.flex_column.av-esgviz-fc88a068c98c676d9e47100938b1b918{\nborder-radius:0px 0px 0px 0px;\npadding:0px 0px 0px 0px;\n}\n<\/style>\n<div  class='flex_column av-esgviz-fc88a068c98c676d9e47100938b1b918 av_one_fifth  avia-builder-el-2  el_after_av_textblock  el_before_av_one_fifth  first flex_column_div av-zero-column-padding  column-top-margin'     ><p>\n<style type=\"text\/css\" data-created_by=\"avia_inline_auto\" id=\"style-css-av-cnd0yz-b52b7c4072458308d0597f728111801b\">\n.avia-image-container.av-cnd0yz-b52b7c4072458308d0597f728111801b img.avia_image{\nbox-shadow:none;\n}\n.avia-image-container.av-cnd0yz-b52b7c4072458308d0597f728111801b .av-image-caption-overlay-center{\ncolor:#ffffff;\n}\n<\/style>\n<div  class='avia-image-container av-cnd0yz-b52b7c4072458308d0597f728111801b av-styling- avia-align-center  avia-builder-el-3  el_before_av_hr  avia-builder-el-first '   itemprop=\"image\" itemscope=\"itemscope\" itemtype=\"https:\/\/schema.org\/ImageObject\" ><div class=\"avia-image-container-inner\"><div class=\"avia-image-overlay-wrap\"><a href=\"https:\/\/vibrotech-eng.com\/wp-content\/uploads\/2024\/07\/2024_GEN_V8_DE.pdf\" class='avia_image' target=\"_blank\" rel=\"noopener noreferrer\"><img decoding=\"async\" fetchpriority=\"high\" class='wp-image- avia-img-lazy-loading-not- avia_image ' src=\"https:\/\/vibrotech-eng.com\/wp-content\/uploads\/2018\/03\/2018_CATALOGO-GENERAL.png\" alt='' title=''   itemprop=\"thumbnailUrl\"  \/><\/a><\/div><\/div><\/div><br \/>\n\n<style type=\"text\/css\" data-created_by=\"avia_inline_auto\" id=\"style-css-av-beuvi3-26210e6280d41bf5813487b605aef11a\">\n#top .hr.hr-invisible.av-beuvi3-26210e6280d41bf5813487b605aef11a{\nheight:20px;\n}\n<\/style>\n<div  class='hr av-beuvi3-26210e6280d41bf5813487b605aef11a hr-invisible  avia-builder-el-4  el_after_av_image  el_before_av_textblock '><span class='hr-inner '><span class=\"hr-inner-style\"><\/span><\/span><\/div><br \/>\n<section  class='av_textblock_section av-8qrq6j-7e5f5615116221fc1e63a85fa80390cd '   itemscope=\"itemscope\" itemtype=\"https:\/\/schema.org\/CreativeWork\" ><div class='avia_textblock'  itemprop=\"text\" ><h4>Allgemeiner Katalog<\/h4>\n<\/div><\/section><\/p><\/div>\n<style type=\"text\/css\" data-created_by=\"avia_inline_auto\" id=\"style-css-av-es9bf-9e5d73c2996d881a9fb4a88b83fd1d56\">\n.flex_column.av-es9bf-9e5d73c2996d881a9fb4a88b83fd1d56{\nborder-radius:0px 0px 0px 0px;\npadding:0px 0px 0px 0px;\n}\n<\/style>\n<div  class='flex_column av-es9bf-9e5d73c2996d881a9fb4a88b83fd1d56 av_one_fifth  avia-builder-el-6  el_after_av_one_fifth  el_before_av_one_fifth  flex_column_div av-zero-column-padding  column-top-margin'     ><p>\n<style type=\"text\/css\" data-created_by=\"avia_inline_auto\" id=\"style-css-av-3xm0ln-279d5e74154e2b829f69f7477ce23c52\">\n.avia-image-container.av-3xm0ln-279d5e74154e2b829f69f7477ce23c52 img.avia_image{\nbox-shadow:none;\n}\n.avia-image-container.av-3xm0ln-279d5e74154e2b829f69f7477ce23c52 .av-image-caption-overlay-center{\ncolor:#ffffff;\n}\n<\/style>\n<div  class='avia-image-container av-3xm0ln-279d5e74154e2b829f69f7477ce23c52 av-styling- avia-align-center  avia-builder-el-7  el_before_av_hr  avia-builder-el-first '   itemprop=\"image\" itemscope=\"itemscope\" itemtype=\"https:\/\/schema.org\/ImageObject\" ><div class=\"avia-image-container-inner\"><div class=\"avia-image-overlay-wrap\"><a href=\"https:\/\/vibrotech-eng.com\/wp-content\/uploads\/2024\/07\/2024_FUN_V12_DE.pdf\" class='avia_image' target=\"_blank\" rel=\"noopener noreferrer\"><img decoding=\"async\" fetchpriority=\"high\" class='wp-image- avia-img-lazy-loading-not- avia_image ' src=\"https:\/\/vibrotech-eng.com\/wp-content\/uploads\/2018\/03\/fundicion-212x300.jpg\" alt='' title=''   itemprop=\"thumbnailUrl\"  \/><\/a><\/div><\/div><\/div><br \/>\n\n<style type=\"text\/css\" data-created_by=\"avia_inline_auto\" id=\"style-css-av-11mla7f-2ca127ace2c08578562d8eb477717f8f\">\n#top .hr.hr-invisible.av-11mla7f-2ca127ace2c08578562d8eb477717f8f{\nheight:20px;\n}\n<\/style>\n<div  class='hr av-11mla7f-2ca127ace2c08578562d8eb477717f8f hr-invisible  avia-builder-el-8  el_after_av_image  el_before_av_textblock '><span class='hr-inner '><span class=\"hr-inner-style\"><\/span><\/span><\/div><br \/>\n<section  class='av_textblock_section av-zh6puj-b968d215d3ce23ad5f8e7e7e5aec45c8 '   itemscope=\"itemscope\" itemtype=\"https:\/\/schema.org\/CreativeWork\" ><div class='avia_textblock'  itemprop=\"text\" ><h4>Eisen- und Nichteisen-Metallgie\u00dfereien und Stahlwerke<\/h4>\n<\/div><\/section><\/p><\/div>\n<style type=\"text\/css\" data-created_by=\"avia_inline_auto\" id=\"style-css-av-xswskb-78f96305fc658900d175d85dd7140ad4\">\n.flex_column.av-xswskb-78f96305fc658900d175d85dd7140ad4{\nborder-radius:0px 0px 0px 0px;\npadding:0px 0px 0px 0px;\n}\n<\/style>\n<div  class='flex_column av-xswskb-78f96305fc658900d175d85dd7140ad4 av_one_fifth  avia-builder-el-10  el_after_av_one_fifth  el_before_av_one_fifth  flex_column_div av-zero-column-padding  column-top-margin'     ><p>\n<style type=\"text\/css\" data-created_by=\"avia_inline_auto\" id=\"style-css-av-vvxiez-396271eed9b57f544e31e7fcd0082937\">\n.avia-image-container.av-vvxiez-396271eed9b57f544e31e7fcd0082937 img.avia_image{\nbox-shadow:none;\n}\n.avia-image-container.av-vvxiez-396271eed9b57f544e31e7fcd0082937 .av-image-caption-overlay-center{\ncolor:#ffffff;\n}\n<\/style>\n<div  class='avia-image-container av-vvxiez-396271eed9b57f544e31e7fcd0082937 av-styling- avia-align-center  avia-builder-el-11  el_before_av_hr  avia-builder-el-first '   itemprop=\"image\" itemscope=\"itemscope\" itemtype=\"https:\/\/schema.org\/ImageObject\" ><div class=\"avia-image-container-inner\"><div class=\"avia-image-overlay-wrap\"><a href=\"https:\/\/vibrotech-eng.com\/wp-content\/uploads\/2024\/07\/2024_AR_V6_DE.pdf\" class='avia_image' target=\"_blank\" rel=\"noopener noreferrer\"><img decoding=\"async\" fetchpriority=\"high\" class='wp-image- avia-img-lazy-loading-not- avia_image ' src=\"https:\/\/vibrotech-eng.com\/wp-content\/uploads\/2018\/03\/mineria.jpg\" alt='' title=''   itemprop=\"thumbnailUrl\"  \/><\/a><\/div><\/div><\/div><br \/>\n\n<style type=\"text\/css\" data-created_by=\"avia_inline_auto\" id=\"style-css-av-u2byzf-4234e72f2418200414730e1777204680\">\n#top .hr.hr-invisible.av-u2byzf-4234e72f2418200414730e1777204680{\nheight:20px;\n}\n<\/style>\n<div  class='hr av-u2byzf-4234e72f2418200414730e1777204680 hr-invisible  avia-builder-el-12  el_after_av_image  el_before_av_textblock '><span class='hr-inner '><span class=\"hr-inner-style\"><\/span><\/span><\/div><br \/>\n<section  class='av_textblock_section av-tb3thn-a5c530eb440fd20fbb1fb0908c7fa5ec '   itemscope=\"itemscope\" itemtype=\"https:\/\/schema.org\/CreativeWork\" ><div class='avia_textblock'  itemprop=\"text\" ><h4>Zuschlagstoff-, Bergbau- und Zementindustrie<\/h4>\n<\/div><\/section><\/p><\/div>\n<style type=\"text\/css\" data-created_by=\"avia_inline_auto\" id=\"style-css-av-qs0pnf-26694a853a4218fba41f7ab14d17c86e\">\n.flex_column.av-qs0pnf-26694a853a4218fba41f7ab14d17c86e{\nborder-radius:0px 0px 0px 0px;\npadding:0px 0px 0px 0px;\n}\n<\/style>\n<div  class='flex_column av-qs0pnf-26694a853a4218fba41f7ab14d17c86e av_one_fifth  avia-builder-el-14  el_after_av_one_fifth  el_before_av_one_fifth  flex_column_div av-zero-column-padding  column-top-margin'     ><p>\n<style type=\"text\/css\" data-created_by=\"avia_inline_auto\" id=\"style-css-av-qb2prv-30b288a52120618e917b2a486a0b0dfc\">\n.avia-image-container.av-qb2prv-30b288a52120618e917b2a486a0b0dfc img.avia_image{\nbox-shadow:none;\n}\n.avia-image-container.av-qb2prv-30b288a52120618e917b2a486a0b0dfc .av-image-caption-overlay-center{\ncolor:#ffffff;\n}\n<\/style>\n<div  class='avia-image-container av-qb2prv-30b288a52120618e917b2a486a0b0dfc av-styling- avia-align-center  avia-builder-el-15  el_before_av_hr  avia-builder-el-first '   itemprop=\"image\" itemscope=\"itemscope\" itemtype=\"https:\/\/schema.org\/ImageObject\" ><div class=\"avia-image-container-inner\"><div class=\"avia-image-overlay-wrap\"><a href=\"https:\/\/vibrotech-eng.com\/wp-content\/uploads\/2024\/07\/2024_REC_V5_DE.pdf\" class='avia_image' target=\"_blank\" rel=\"noopener noreferrer\"><img decoding=\"async\" fetchpriority=\"high\" class='wp-image- avia-img-lazy-loading-not- avia_image ' src=\"https:\/\/vibrotech-eng.com\/wp-content\/uploads\/2018\/03\/reciclaje.jpg\" alt='' title=''   itemprop=\"thumbnailUrl\"  \/><\/a><\/div><\/div><\/div><br \/>\n\n<style type=\"text\/css\" data-created_by=\"avia_inline_auto\" id=\"style-css-av-nycy3v-cf1b4ecfe891974a75a5178fa67c0b6f\">\n#top .hr.hr-invisible.av-nycy3v-cf1b4ecfe891974a75a5178fa67c0b6f{\nheight:20px;\n}\n<\/style>\n<div  class='hr av-nycy3v-cf1b4ecfe891974a75a5178fa67c0b6f hr-invisible  avia-builder-el-16  el_after_av_image  el_before_av_textblock '><span class='hr-inner '><span class=\"hr-inner-style\"><\/span><\/span><\/div><br \/>\n<section  class='av_textblock_section av-mb1j3v-2f7c1ecf6d0bd33312125ffdf3944d0b '   itemscope=\"itemscope\" itemtype=\"https:\/\/schema.org\/CreativeWork\" ><div class='avia_textblock'  itemprop=\"text\" ><h4>Recyclingindustrie<\/h4>\n<\/div><\/section><\/p><\/div>\n<style type=\"text\/css\" data-created_by=\"avia_inline_auto\" id=\"style-css-av-l3lyiz-bc80cafa1876e9b1341de068268044ed\">\n.flex_column.av-l3lyiz-bc80cafa1876e9b1341de068268044ed{\nborder-radius:0px 0px 0px 0px;\npadding:0px 0px 0px 0px;\n}\n<\/style>\n<div  class='flex_column av-l3lyiz-bc80cafa1876e9b1341de068268044ed av_one_fifth  avia-builder-el-18  el_after_av_one_fifth  el_before_av_one_fifth  flex_column_div av-zero-column-padding  column-top-margin'     ><p>\n<style type=\"text\/css\" data-created_by=\"avia_inline_auto\" id=\"style-css-av-1uw46j-18ad190445eaaca5dc00c5b615f8b372\">\n.avia-image-container.av-1uw46j-18ad190445eaaca5dc00c5b615f8b372 img.avia_image{\nbox-shadow:none;\n}\n.avia-image-container.av-1uw46j-18ad190445eaaca5dc00c5b615f8b372 .av-image-caption-overlay-center{\ncolor:#ffffff;\n}\n<\/style>\n<div  class='avia-image-container av-1uw46j-18ad190445eaaca5dc00c5b615f8b372 av-styling- avia-align-center  avia-builder-el-19  el_before_av_hr  avia-builder-el-first '   itemprop=\"image\" itemscope=\"itemscope\" itemtype=\"https:\/\/schema.org\/ImageObject\" ><div class=\"avia-image-container-inner\"><div class=\"avia-image-overlay-wrap\"><a href=\"https:\/\/vibrotech-eng.com\/wp-content\/uploads\/2018\/06\/2016-ALM.V1-EN.pdf\" class='avia_image' target=\"_blank\" rel=\"noopener noreferrer\"><img decoding=\"async\" fetchpriority=\"high\" class='wp-image- avia-img-lazy-loading-not- avia_image ' src=\"https:\/\/vibrotech-eng.com\/wp-content\/uploads\/2018\/03\/alimentacion.jpg\" alt='' title=''   itemprop=\"thumbnailUrl\"  \/><\/a><\/div><\/div><\/div><br \/>\n\n<style type=\"text\/css\" data-created_by=\"avia_inline_auto\" id=\"style-css-av-gqyt9n-1f2b77bab0847045f39d1b8448e037b9\">\n#top .hr.hr-invisible.av-gqyt9n-1f2b77bab0847045f39d1b8448e037b9{\nheight:20px;\n}\n<\/style>\n<div  class='hr av-gqyt9n-1f2b77bab0847045f39d1b8448e037b9 hr-invisible  avia-builder-el-20  el_after_av_image  el_before_av_textblock '><span class='hr-inner '><span class=\"hr-inner-style\"><\/span><\/span><\/div><br \/>\n<section  class='av_textblock_section av-g10j0b-083fe6b728606da3bcbdeeaa9e997ea6 '   itemscope=\"itemscope\" itemtype=\"https:\/\/schema.org\/CreativeWork\" ><div class='avia_textblock'  itemprop=\"text\" ><h4>Lebensmittelindustrie<\/h4>\n<\/div><\/section><\/p><\/div>\n<style type=\"text\/css\" data-created_by=\"avia_inline_auto\" id=\"style-css-av-80nvaz-f07b4aa05373d85c31ac748c8706de23\">\n.flex_column.av-80nvaz-f07b4aa05373d85c31ac748c8706de23{\nborder-radius:0px 0px 0px 0px;\npadding:0px 0px 0px 0px;\n}\n<\/style>\n<div  class='flex_column av-80nvaz-f07b4aa05373d85c31ac748c8706de23 av_one_fifth  avia-builder-el-22  el_after_av_one_fifth  avia-builder-el-last  first flex_column_div av-zero-column-padding  column-top-margin'     ><p>\n<style type=\"text\/css\" data-created_by=\"avia_inline_auto\" id=\"style-css-av-6d1qi3-fe67d829c26d54189f6bfc1f04b4035b\">\n.avia-image-container.av-6d1qi3-fe67d829c26d54189f6bfc1f04b4035b img.avia_image{\nbox-shadow:none;\n}\n.avia-image-container.av-6d1qi3-fe67d829c26d54189f6bfc1f04b4035b .av-image-caption-overlay-center{\ncolor:#ffffff;\n}\n<\/style>\n<div  class='avia-image-container av-6d1qi3-fe67d829c26d54189f6bfc1f04b4035b av-styling- avia-align-center  avia-builder-el-23  el_before_av_hr  avia-builder-el-first '   itemprop=\"image\" itemscope=\"itemscope\" itemtype=\"https:\/\/schema.org\/ImageObject\" ><div class=\"avia-image-container-inner\"><div class=\"avia-image-overlay-wrap\"><a href=\"https:\/\/vibrotech-eng.com\/wp-content\/uploads\/2021\/07\/Diptico-alimentadores-V2-ES_DE.pdf\" class='avia_image' target=\"_blank\" rel=\"noopener noreferrer\"><img decoding=\"async\" fetchpriority=\"high\" class='wp-image- avia-img-lazy-loading-not- avia_image ' src=\"https:\/\/vibrotech-eng.com\/wp-content\/uploads\/2018\/04\/2018_CATALOGO-ALIMENTADORES.png\" alt='' title=''   itemprop=\"thumbnailUrl\"  \/><\/a><\/div><\/div><\/div><br \/>\n\n<style type=\"text\/css\" data-created_by=\"avia_inline_auto\" id=\"style-css-av-4m8xm3-faf701b5f20b8f6f229765623823366b\">\n#top .hr.hr-invisible.av-4m8xm3-faf701b5f20b8f6f229765623823366b{\nheight:20px;\n}\n<\/style>\n<div  class='hr av-4m8xm3-faf701b5f20b8f6f229765623823366b hr-invisible  avia-builder-el-24  el_after_av_image  el_before_av_textblock '><span class='hr-inner '><span class=\"hr-inner-style\"><\/span><\/span><\/div><br \/>\n<section  class='av_textblock_section av-37v8ej-3885c74c9be526b565c1800ff2a2b982 '   itemscope=\"itemscope\" itemtype=\"https:\/\/schema.org\/CreativeWork\" ><div class='avia_textblock'  itemprop=\"text\" ><h4>Bunkerabzugsrinne<\/h4>\n<\/div><\/section><\/p><\/div><\/div><\/div><\/main><!-- close content main element --><\/div><\/div><div id='after_section_1'  class='main_color av_default_container_wrap container_wrap sidebar_right'  ><div class='container av-section-cont-open' ><div class='template-page content  av-content-small alpha units'><div class='post-entry post-entry-type-page post-entry-6770'><div class='entry-content-wrapper clearfix'>\n","protected":false},"excerpt":{"rendered":"","protected":false},"author":2,"featured_media":0,"parent":0,"menu_order":0,"comment_status":"closed","ping_status":"closed","template":"","meta":{"footnotes":""},"class_list":["post-6770","page","type-page","status-publish","hentry"],"yoast_head":"<!-- This site is optimized with the Yoast SEO Premium plugin v20.3 (Yoast SEO v27.4) - https:\/\/yoast.com\/product\/yoast-seo-premium-wordpress\/ -->\n<title>Kataloge - Vibrotech Engineering S.L<\/title>\n<meta name=\"robots\" content=\"index, follow, max-snippet:-1, max-image-preview:large, max-video-preview:-1\" \/>\n<link rel=\"canonical\" href=\"https:\/\/vibrotech-eng.com\/de\/catalogos\/\" \/>\n<meta property=\"og:locale\" content=\"de_DE\" \/>\n<meta property=\"og:type\" content=\"article\" \/>\n<meta property=\"og:title\" content=\"Kataloge\" \/>\n<meta property=\"og:url\" content=\"https:\/\/vibrotech-eng.com\/de\/catalogos\/\" \/>\n<meta property=\"og:site_name\" content=\"Vibrotech Engineering S.L\" \/>\n<meta property=\"article:modified_time\" content=\"2024-07-09T09:11:49+00:00\" \/>\n<meta name=\"twitter:card\" content=\"summary_large_image\" \/>\n<meta name=\"twitter:label1\" content=\"Gesch\u00e4tzte Lesezeit\" \/>\n\t<meta name=\"twitter:data1\" content=\"2\u00a0Minuten\" \/>\n<script type=\"application\/ld+json\" class=\"yoast-schema-graph\">{\"@context\":\"https:\\\/\\\/schema.org\",\"@graph\":[{\"@type\":\"WebPage\",\"@id\":\"https:\\\/\\\/vibrotech-eng.com\\\/de\\\/catalogos\\\/\",\"url\":\"https:\\\/\\\/vibrotech-eng.com\\\/de\\\/catalogos\\\/\",\"name\":\"Kataloge - Vibrotech Engineering S.L\",\"isPartOf\":{\"@id\":\"https:\\\/\\\/vibrotech-eng.com\\\/de\\\/#website\"},\"datePublished\":\"2018-03-26T10:14:53+00:00\",\"dateModified\":\"2024-07-09T09:11:49+00:00\",\"breadcrumb\":{\"@id\":\"https:\\\/\\\/vibrotech-eng.com\\\/de\\\/catalogos\\\/#breadcrumb\"},\"inLanguage\":\"de\",\"potentialAction\":[{\"@type\":\"ReadAction\",\"target\":[\"https:\\\/\\\/vibrotech-eng.com\\\/de\\\/catalogos\\\/\"]}]},{\"@type\":\"BreadcrumbList\",\"@id\":\"https:\\\/\\\/vibrotech-eng.com\\\/de\\\/catalogos\\\/#breadcrumb\",\"itemListElement\":[{\"@type\":\"ListItem\",\"position\":1,\"name\":\"Start\",\"item\":\"https:\\\/\\\/vibrotech-eng.com\\\/de\\\/inicio\\\/\"},{\"@type\":\"ListItem\",\"position\":2,\"name\":\"Kataloge\"}]},{\"@type\":\"WebSite\",\"@id\":\"https:\\\/\\\/vibrotech-eng.com\\\/de\\\/#website\",\"url\":\"https:\\\/\\\/vibrotech-eng.com\\\/de\\\/\",\"name\":\"Vibrotech Engineering S.L\",\"description\":\"Empresa espa\u00f1ola que desarrolla su actividad principal en el dise\u00f1o y fabricaci\u00f3n de maquinaria vibrante\",\"potentialAction\":[{\"@type\":\"SearchAction\",\"target\":{\"@type\":\"EntryPoint\",\"urlTemplate\":\"https:\\\/\\\/vibrotech-eng.com\\\/de\\\/?s={search_term_string}\"},\"query-input\":{\"@type\":\"PropertyValueSpecification\",\"valueRequired\":true,\"valueName\":\"search_term_string\"}}],\"inLanguage\":\"de\"}]}<\/script>\n<!-- \/ Yoast SEO Premium plugin. -->","yoast_head_json":{"title":"Kataloge - Vibrotech Engineering S.L","robots":{"index":"index","follow":"follow","max-snippet":"max-snippet:-1","max-image-preview":"max-image-preview:large","max-video-preview":"max-video-preview:-1"},"canonical":"https:\/\/vibrotech-eng.com\/de\/catalogos\/","og_locale":"de_DE","og_type":"article","og_title":"Kataloge","og_url":"https:\/\/vibrotech-eng.com\/de\/catalogos\/","og_site_name":"Vibrotech Engineering S.L","article_modified_time":"2024-07-09T09:11:49+00:00","twitter_card":"summary_large_image","twitter_misc":{"Gesch\u00e4tzte Lesezeit":"2\u00a0Minuten"},"schema":{"@context":"https:\/\/schema.org","@graph":[{"@type":"WebPage","@id":"https:\/\/vibrotech-eng.com\/de\/catalogos\/","url":"https:\/\/vibrotech-eng.com\/de\/catalogos\/","name":"Kataloge - Vibrotech Engineering S.L","isPartOf":{"@id":"https:\/\/vibrotech-eng.com\/de\/#website"},"datePublished":"2018-03-26T10:14:53+00:00","dateModified":"2024-07-09T09:11:49+00:00","breadcrumb":{"@id":"https:\/\/vibrotech-eng.com\/de\/catalogos\/#breadcrumb"},"inLanguage":"de","potentialAction":[{"@type":"ReadAction","target":["https:\/\/vibrotech-eng.com\/de\/catalogos\/"]}]},{"@type":"BreadcrumbList","@id":"https:\/\/vibrotech-eng.com\/de\/catalogos\/#breadcrumb","itemListElement":[{"@type":"ListItem","position":1,"name":"Start","item":"https:\/\/vibrotech-eng.com\/de\/inicio\/"},{"@type":"ListItem","position":2,"name":"Kataloge"}]},{"@type":"WebSite","@id":"https:\/\/vibrotech-eng.com\/de\/#website","url":"https:\/\/vibrotech-eng.com\/de\/","name":"Vibrotech Engineering S.L","description":"Empresa espa\u00f1ola que desarrolla su actividad principal en el dise\u00f1o y fabricaci\u00f3n de maquinaria vibrante","potentialAction":[{"@type":"SearchAction","target":{"@type":"EntryPoint","urlTemplate":"https:\/\/vibrotech-eng.com\/de\/?s={search_term_string}"},"query-input":{"@type":"PropertyValueSpecification","valueRequired":true,"valueName":"search_term_string"}}],"inLanguage":"de"}]}},"_links":{"self":[{"href":"https:\/\/vibrotech-eng.com\/de\/wp-json\/wp\/v2\/pages\/6770","targetHints":{"allow":["GET"]}}],"collection":[{"href":"https:\/\/vibrotech-eng.com\/de\/wp-json\/wp\/v2\/pages"}],"about":[{"href":"https:\/\/vibrotech-eng.com\/de\/wp-json\/wp\/v2\/types\/page"}],"author":[{"embeddable":true,"href":"https:\/\/vibrotech-eng.com\/de\/wp-json\/wp\/v2\/users\/2"}],"replies":[{"embeddable":true,"href":"https:\/\/vibrotech-eng.com\/de\/wp-json\/wp\/v2\/comments?post=6770"}],"version-history":[{"count":2,"href":"https:\/\/vibrotech-eng.com\/de\/wp-json\/wp\/v2\/pages\/6770\/revisions"}],"predecessor-version":[{"id":10324,"href":"https:\/\/vibrotech-eng.com\/de\/wp-json\/wp\/v2\/pages\/6770\/revisions\/10324"}],"wp:attachment":[{"href":"https:\/\/vibrotech-eng.com\/de\/wp-json\/wp\/v2\/media?parent=6770"}],"curies":[{"name":"wp","href":"https:\/\/api.w.org\/{rel}","templated":true}]}}