{"id":6752,"date":"2017-09-25T12:18:10","date_gmt":"2017-09-25T10:18:10","guid":{"rendered":"https:\/\/vibrotech-eng.com\/instalacion-de-ferroaleaciones\/"},"modified":"2021-05-25T14:57:04","modified_gmt":"2021-05-25T12:57:04","slug":"instalacion-de-ferroaleaciones","status":"publish","type":"page","link":"https:\/\/vibrotech-eng.com\/de\/instalacion-de-ferroaleaciones\/","title":{"rendered":"Zuschlagstoffgattierungsanlage"},"content":{"rendered":"<div id='av_section_1'  class='avia-section av-6xbge-37455c2411c3af7c997c54f23b0a5366 main_color avia-section-default avia-no-border-styling  avia-builder-el-0  avia-builder-el-no-sibling  avia-bg-style-scroll container_wrap sidebar_right'  ><div class='container av-section-cont-open' ><main  role=\"main\" itemprop=\"mainContentOfPage\"  class='template-page content  av-content-small alpha units'><div class='post-entry post-entry-type-page post-entry-6752'><div class='entry-content-wrapper clearfix'>\n<section  class='av_textblock_section av-6fyri-82a0523ba0e79c4cffc98f687502cbd1 '   itemscope=\"itemscope\" itemtype=\"https:\/\/schema.org\/CreativeWork\" ><div class='avia_textblock'  itemprop=\"text\" ><h1 style=\"text-align: center;\">Zuschlagstoffgattierungsanlage<\/h1>\n<\/div><\/section>\n\n<style type=\"text\/css\" data-created_by=\"avia_inline_auto\" id=\"style-css-av-5og0u-0b3c1fc7d354f14853d1e09f5fe540cd\">\n#top .hr.hr-invisible.av-5og0u-0b3c1fc7d354f14853d1e09f5fe540cd{\nheight:50px;\n}\n<\/style>\n<div  class='hr av-5og0u-0b3c1fc7d354f14853d1e09f5fe540cd hr-invisible  avia-builder-el-2  el_after_av_textblock  el_before_av_one_third '><span class='hr-inner '><span class=\"hr-inner-style\"><\/span><\/span><\/div>\n\n<style type=\"text\/css\" data-created_by=\"avia_inline_auto\" id=\"style-css-av-52vha-b2e7d38de5ee868089bd06775668a255\">\n.flex_column.av-52vha-b2e7d38de5ee868089bd06775668a255{\nborder-radius:0px 0px 0px 0px;\npadding:0px 0px 0px 0px;\n}\n<\/style>\n<div  class='flex_column av-52vha-b2e7d38de5ee868089bd06775668a255 av_one_third  avia-builder-el-3  el_after_av_hr  el_before_av_one_third  first flex_column_div av-zero-column-padding  '     ><section  class='av_textblock_section av-4qt2e-4ac674e6d89fe028a8ab738926e76cc5 '   itemscope=\"itemscope\" itemtype=\"https:\/\/schema.org\/CreativeWork\" ><div class='avia_textblock'  itemprop=\"text\" ><ul>\n<li class=\"li1\"><span class=\"s2\">Vollst\u00e4ndig automatisiertes, schl\u00fcsselfertiges Projekt.<\/span><\/li>\n<li class=\"li1\"><span class=\"s2\">Keine Beschr\u00e4nkung bei Anzahl und Kapazit\u00e4t der Trichter.<\/span><\/li>\n<\/ul>\n<\/div><\/section><\/div>\n<style type=\"text\/css\" data-created_by=\"avia_inline_auto\" id=\"style-css-av-ew0y-1f27b5d3f97c8bef9c28c5a68e61976b\">\n.flex_column.av-ew0y-1f27b5d3f97c8bef9c28c5a68e61976b{\nborder-radius:0px 0px 0px 0px;\npadding:0px 0px 0px 0px;\n}\n<\/style>\n<div  class='flex_column av-ew0y-1f27b5d3f97c8bef9c28c5a68e61976b av_one_third  avia-builder-el-5  el_after_av_one_third  el_before_av_one_third  flex_column_div av-zero-column-padding  '     ><section  class='av_textblock_section av-3dy1e-0ee1d87e1573e3cf2e54b036785857b1 '   itemscope=\"itemscope\" itemtype=\"https:\/\/schema.org\/CreativeWork\" ><div class='avia_textblock'  itemprop=\"text\" ><ul>\n<li class=\"li1\"><span class=\"s2\">Automatisches Steuerungsprogramm mit Anschlussm\u00f6glichkeit an das Spektrometer.<\/span><\/li>\n<li class=\"li1\"><span class=\"s2\">Materialentnahme mithilfe elektromagnetischer Bunkerabzugsrinnen.<\/span><\/li>\n<\/ul>\n<\/div><\/section><\/div>\n<style type=\"text\/css\" data-created_by=\"avia_inline_auto\" id=\"style-css-av-2skd2-a7151c384a23cb6706408a512f4ef2c7\">\n.flex_column.av-2skd2-a7151c384a23cb6706408a512f4ef2c7{\nborder-radius:0px 0px 0px 0px;\npadding:0px 0px 0px 0px;\n}\n<\/style>\n<div  class='flex_column av-2skd2-a7151c384a23cb6706408a512f4ef2c7 av_one_third  avia-builder-el-7  el_after_av_one_third  el_before_av_hr  flex_column_div av-zero-column-padding  '     ><section  class='av_textblock_section av-26r6e-ae585de3704cf22b89927c885c9c08fd '   itemscope=\"itemscope\" itemtype=\"https:\/\/schema.org\/CreativeWork\" ><div class='avia_textblock'  itemprop=\"text\" ><ul>\n<li class=\"li1\"><span class=\"s2\">Entladungsbeh\u00e4lter f\u00fcr Zuschlagsstoffe, der f\u00fcr die Entladung im Beschicker angepasst ist.<\/span><\/li>\n<\/ul>\n<\/div><\/section><\/div>\n<style type=\"text\/css\" data-created_by=\"avia_inline_auto\" id=\"style-css-av-1aaqi-b4d5b3c424510603959ebf062e855d5a\">\n#top .hr.hr-invisible.av-1aaqi-b4d5b3c424510603959ebf062e855d5a{\nheight:20px;\n}\n<\/style>\n<div  class='hr av-1aaqi-b4d5b3c424510603959ebf062e855d5a hr-invisible  avia-builder-el-9  el_after_av_one_third  el_before_av_masonry_gallery  avia-builder-el-last '><span class='hr-inner '><span class=\"hr-inner-style\"><\/span><\/span><\/div>\n<div id='av-masonry-1' class='av-masonry av-o24a-7a7309a919ff4560bbdc9001f7dc6a99 noHover av-fixed-size av-large-gap av-hover-overlay- av-masonry-animation-active av-masonry-col-3 av-caption-always av-caption-style- av-masonry-gallery ' data-post_id=\"6752\"><div class=\"av-masonry-container isotope av-js-disabled\"><div class='av-masonry-entry isotope-item av-masonry-item-no-image '><\/div><a href=\"https:\/\/vibrotech-eng.com\/wp-content\/uploads\/2017\/12\/Instalaci\u00f3n-de-Ferroaleaciones-2-1030x579.jpg\" data-srcset=\"https:\/\/vibrotech-eng.com\/wp-content\/uploads\/2017\/12\/Instalaci\u00f3n-de-Ferroaleaciones-2-1030x579.jpg 1030w, https:\/\/vibrotech-eng.com\/wp-content\/uploads\/2017\/12\/Instalaci\u00f3n-de-Ferroaleaciones-2-300x169.jpg 300w, https:\/\/vibrotech-eng.com\/wp-content\/uploads\/2017\/12\/Instalaci\u00f3n-de-Ferroaleaciones-2-768x432.jpg 768w, https:\/\/vibrotech-eng.com\/wp-content\/uploads\/2017\/12\/Instalaci\u00f3n-de-Ferroaleaciones-2-1500x844.jpg 1500w, https:\/\/vibrotech-eng.com\/wp-content\/uploads\/2017\/12\/Instalaci\u00f3n-de-Ferroaleaciones-2-705x397.jpg 705w, https:\/\/vibrotech-eng.com\/wp-content\/uploads\/2017\/12\/Instalaci\u00f3n-de-Ferroaleaciones-2-450x253.jpg 450w, https:\/\/vibrotech-eng.com\/wp-content\/uploads\/2017\/12\/Instalaci\u00f3n-de-Ferroaleaciones-2.jpg 1920w\" data-sizes=\"(max-width: 1030px) 100vw, 1030px\"  aria-label=\"Bild Instalaci\u00f3n de Ferroaleaciones 2\"  id='av-masonry-1-item-6143' data-av-masonry-item='6143' class='av-masonry-entry isotope-item post-6143 attachment type-attachment status-inherit hentry  av-masonry-item-with-image' title=\"Instalaci\u00f3n de Ferroaleaciones 2\" alt=\"\"    itemprop=\"thumbnailUrl\" ><div class='av-inner-masonry-sizer'><\/div><figure class='av-inner-masonry main_color'><div class=\"av-masonry-outerimage-container\"><div class='av-masonry-image-container' style=\"background-image: url(https:\/\/vibrotech-eng.com\/wp-content\/uploads\/2017\/12\/Instalaci\u00f3n-de-Ferroaleaciones-2-705x397.jpg);\"  title=\"Instalaci\u00f3n de Ferroaleaciones 2\"  ><\/div><\/div><\/figure><\/a><!--end av-masonry entry--><a href=\"https:\/\/vibrotech-eng.com\/wp-content\/uploads\/2017\/12\/Instalaci\u00f3n-de-Ferroaleaciones-3.jpg\" data-srcset=\"https:\/\/vibrotech-eng.com\/wp-content\/uploads\/2017\/12\/Instalaci\u00f3n-de-Ferroaleaciones-3.jpg 750w, https:\/\/vibrotech-eng.com\/wp-content\/uploads\/2017\/12\/Instalaci\u00f3n-de-Ferroaleaciones-3-300x225.jpg 300w, https:\/\/vibrotech-eng.com\/wp-content\/uploads\/2017\/12\/Instalaci\u00f3n-de-Ferroaleaciones-3-705x529.jpg 705w, https:\/\/vibrotech-eng.com\/wp-content\/uploads\/2017\/12\/Instalaci\u00f3n-de-Ferroaleaciones-3-450x338.jpg 450w\" data-sizes=\"(max-width: 750px) 100vw, 750px\"  aria-label=\"Bild Instalaci\u00f3n de Ferroaleaciones 3\"  id='av-masonry-1-item-6144' data-av-masonry-item='6144' class='av-masonry-entry isotope-item post-6144 attachment type-attachment status-inherit hentry  av-masonry-item-with-image' title=\"Instalaci\u00f3n de Ferroaleaciones 3\" alt=\"\"    itemprop=\"thumbnailUrl\" ><div class='av-inner-masonry-sizer'><\/div><figure class='av-inner-masonry main_color'><div class=\"av-masonry-outerimage-container\"><div class='av-masonry-image-container' style=\"background-image: url(https:\/\/vibrotech-eng.com\/wp-content\/uploads\/2017\/12\/Instalaci\u00f3n-de-Ferroaleaciones-3-705x529.jpg);\"  title=\"Instalaci\u00f3n de Ferroaleaciones 3\"  ><\/div><\/div><\/figure><\/a><!--end av-masonry entry--><a href=\"https:\/\/vibrotech-eng.com\/wp-content\/uploads\/2017\/12\/Instalaci\u00f3n-de-Ferroaleaciones.jpg\" data-srcset=\"https:\/\/vibrotech-eng.com\/wp-content\/uploads\/2017\/12\/Instalaci\u00f3n-de-Ferroaleaciones.jpg 750w, https:\/\/vibrotech-eng.com\/wp-content\/uploads\/2017\/12\/Instalaci\u00f3n-de-Ferroaleaciones-300x233.jpg 300w, https:\/\/vibrotech-eng.com\/wp-content\/uploads\/2017\/12\/Instalaci\u00f3n-de-Ferroaleaciones-705x547.jpg 705w, https:\/\/vibrotech-eng.com\/wp-content\/uploads\/2017\/12\/Instalaci\u00f3n-de-Ferroaleaciones-450x349.jpg 450w\" data-sizes=\"(max-width: 750px) 100vw, 750px\"  aria-label=\"Bild Instalaci\u00f3n de Ferroaleaciones\"  id='av-masonry-1-item-6145' data-av-masonry-item='6145' class='av-masonry-entry isotope-item post-6145 attachment type-attachment status-inherit hentry  av-masonry-item-with-image' title=\"Instalaci\u00f3n de Ferroaleaciones\" alt=\"\"    itemprop=\"thumbnailUrl\" ><div class='av-inner-masonry-sizer'><\/div><figure class='av-inner-masonry main_color'><div class=\"av-masonry-outerimage-container\"><div class='av-masonry-image-container' style=\"background-image: url(https:\/\/vibrotech-eng.com\/wp-content\/uploads\/2017\/12\/Instalaci\u00f3n-de-Ferroaleaciones-705x547.jpg);\"  title=\"Instalaci\u00f3n de Ferroaleaciones\"  ><\/div><\/div><\/figure><\/a><!--end av-masonry entry--><\/div><\/div>\n<\/div><\/div><\/main><!-- close content main element --><\/div><\/div><div id='after_section_1'  class='main_color av_default_container_wrap container_wrap sidebar_right'  ><div class='container av-section-cont-open' ><div class='template-page content  av-content-small alpha units'><div class='post-entry post-entry-type-page post-entry-6752'><div class='entry-content-wrapper clearfix'>\n","protected":false},"excerpt":{"rendered":"","protected":false},"author":2,"featured_media":0,"parent":0,"menu_order":0,"comment_status":"closed","ping_status":"closed","template":"","meta":{"footnotes":""},"class_list":["post-6752","page","type-page","status-publish","hentry"],"yoast_head":"<!-- This site is optimized with the Yoast SEO Premium plugin v20.3 (Yoast SEO v27.5) - https:\/\/yoast.com\/product\/yoast-seo-premium-wordpress\/ -->\n<title>Zuschlagstoffgattierungsanlage - Vibrotech Engineering S.L<\/title>\n<meta name=\"robots\" content=\"index, follow, max-snippet:-1, max-image-preview:large, max-video-preview:-1\" \/>\n<link rel=\"canonical\" href=\"https:\/\/vibrotech-eng.com\/de\/instalacion-de-ferroaleaciones\/\" \/>\n<meta property=\"og:locale\" content=\"de_DE\" \/>\n<meta property=\"og:type\" content=\"article\" \/>\n<meta property=\"og:title\" content=\"Zuschlagstoffgattierungsanlage\" \/>\n<meta property=\"og:url\" content=\"https:\/\/vibrotech-eng.com\/de\/instalacion-de-ferroaleaciones\/\" \/>\n<meta property=\"og:site_name\" content=\"Vibrotech Engineering S.L\" \/>\n<meta property=\"article:modified_time\" content=\"2021-05-25T12:57:04+00:00\" \/>\n<meta name=\"twitter:card\" content=\"summary_large_image\" \/>\n<meta name=\"twitter:label1\" content=\"Gesch\u00e4tzte Lesezeit\" \/>\n\t<meta name=\"twitter:data1\" content=\"3\u00a0Minuten\" \/>\n<script type=\"application\/ld+json\" class=\"yoast-schema-graph\">{\"@context\":\"https:\\\/\\\/schema.org\",\"@graph\":[{\"@type\":\"WebPage\",\"@id\":\"https:\\\/\\\/vibrotech-eng.com\\\/de\\\/instalacion-de-ferroaleaciones\\\/\",\"url\":\"https:\\\/\\\/vibrotech-eng.com\\\/de\\\/instalacion-de-ferroaleaciones\\\/\",\"name\":\"Zuschlagstoffgattierungsanlage - Vibrotech Engineering S.L\",\"isPartOf\":{\"@id\":\"https:\\\/\\\/vibrotech-eng.com\\\/de\\\/#website\"},\"datePublished\":\"2017-09-25T10:18:10+00:00\",\"dateModified\":\"2021-05-25T12:57:04+00:00\",\"breadcrumb\":{\"@id\":\"https:\\\/\\\/vibrotech-eng.com\\\/de\\\/instalacion-de-ferroaleaciones\\\/#breadcrumb\"},\"inLanguage\":\"de\",\"potentialAction\":[{\"@type\":\"ReadAction\",\"target\":[\"https:\\\/\\\/vibrotech-eng.com\\\/de\\\/instalacion-de-ferroaleaciones\\\/\"]}]},{\"@type\":\"BreadcrumbList\",\"@id\":\"https:\\\/\\\/vibrotech-eng.com\\\/de\\\/instalacion-de-ferroaleaciones\\\/#breadcrumb\",\"itemListElement\":[{\"@type\":\"ListItem\",\"position\":1,\"name\":\"Start\",\"item\":\"https:\\\/\\\/vibrotech-eng.com\\\/de\\\/inicio\\\/\"},{\"@type\":\"ListItem\",\"position\":2,\"name\":\"Zuschlagstoffgattierungsanlage\"}]},{\"@type\":\"WebSite\",\"@id\":\"https:\\\/\\\/vibrotech-eng.com\\\/de\\\/#website\",\"url\":\"https:\\\/\\\/vibrotech-eng.com\\\/de\\\/\",\"name\":\"Vibrotech Engineering S.L\",\"description\":\"Empresa espa\u00f1ola que desarrolla su actividad principal en el dise\u00f1o y fabricaci\u00f3n de maquinaria vibrante\",\"potentialAction\":[{\"@type\":\"SearchAction\",\"target\":{\"@type\":\"EntryPoint\",\"urlTemplate\":\"https:\\\/\\\/vibrotech-eng.com\\\/de\\\/?s={search_term_string}\"},\"query-input\":{\"@type\":\"PropertyValueSpecification\",\"valueRequired\":true,\"valueName\":\"search_term_string\"}}],\"inLanguage\":\"de\"}]}<\/script>\n<!-- \/ Yoast SEO Premium plugin. -->","yoast_head_json":{"title":"Zuschlagstoffgattierungsanlage - Vibrotech Engineering S.L","robots":{"index":"index","follow":"follow","max-snippet":"max-snippet:-1","max-image-preview":"max-image-preview:large","max-video-preview":"max-video-preview:-1"},"canonical":"https:\/\/vibrotech-eng.com\/de\/instalacion-de-ferroaleaciones\/","og_locale":"de_DE","og_type":"article","og_title":"Zuschlagstoffgattierungsanlage","og_url":"https:\/\/vibrotech-eng.com\/de\/instalacion-de-ferroaleaciones\/","og_site_name":"Vibrotech Engineering S.L","article_modified_time":"2021-05-25T12:57:04+00:00","twitter_card":"summary_large_image","twitter_misc":{"Gesch\u00e4tzte Lesezeit":"3\u00a0Minuten"},"schema":{"@context":"https:\/\/schema.org","@graph":[{"@type":"WebPage","@id":"https:\/\/vibrotech-eng.com\/de\/instalacion-de-ferroaleaciones\/","url":"https:\/\/vibrotech-eng.com\/de\/instalacion-de-ferroaleaciones\/","name":"Zuschlagstoffgattierungsanlage - Vibrotech Engineering S.L","isPartOf":{"@id":"https:\/\/vibrotech-eng.com\/de\/#website"},"datePublished":"2017-09-25T10:18:10+00:00","dateModified":"2021-05-25T12:57:04+00:00","breadcrumb":{"@id":"https:\/\/vibrotech-eng.com\/de\/instalacion-de-ferroaleaciones\/#breadcrumb"},"inLanguage":"de","potentialAction":[{"@type":"ReadAction","target":["https:\/\/vibrotech-eng.com\/de\/instalacion-de-ferroaleaciones\/"]}]},{"@type":"BreadcrumbList","@id":"https:\/\/vibrotech-eng.com\/de\/instalacion-de-ferroaleaciones\/#breadcrumb","itemListElement":[{"@type":"ListItem","position":1,"name":"Start","item":"https:\/\/vibrotech-eng.com\/de\/inicio\/"},{"@type":"ListItem","position":2,"name":"Zuschlagstoffgattierungsanlage"}]},{"@type":"WebSite","@id":"https:\/\/vibrotech-eng.com\/de\/#website","url":"https:\/\/vibrotech-eng.com\/de\/","name":"Vibrotech Engineering S.L","description":"Empresa espa\u00f1ola que desarrolla su actividad principal en el dise\u00f1o y fabricaci\u00f3n de maquinaria vibrante","potentialAction":[{"@type":"SearchAction","target":{"@type":"EntryPoint","urlTemplate":"https:\/\/vibrotech-eng.com\/de\/?s={search_term_string}"},"query-input":{"@type":"PropertyValueSpecification","valueRequired":true,"valueName":"search_term_string"}}],"inLanguage":"de"}]}},"_links":{"self":[{"href":"https:\/\/vibrotech-eng.com\/de\/wp-json\/wp\/v2\/pages\/6752","targetHints":{"allow":["GET"]}}],"collection":[{"href":"https:\/\/vibrotech-eng.com\/de\/wp-json\/wp\/v2\/pages"}],"about":[{"href":"https:\/\/vibrotech-eng.com\/de\/wp-json\/wp\/v2\/types\/page"}],"author":[{"embeddable":true,"href":"https:\/\/vibrotech-eng.com\/de\/wp-json\/wp\/v2\/users\/2"}],"replies":[{"embeddable":true,"href":"https:\/\/vibrotech-eng.com\/de\/wp-json\/wp\/v2\/comments?post=6752"}],"version-history":[{"count":0,"href":"https:\/\/vibrotech-eng.com\/de\/wp-json\/wp\/v2\/pages\/6752\/revisions"}],"wp:attachment":[{"href":"https:\/\/vibrotech-eng.com\/de\/wp-json\/wp\/v2\/media?parent=6752"}],"curies":[{"name":"wp","href":"https:\/\/api.w.org\/{rel}","templated":true}]}}