{"id":6729,"date":"2017-09-25T12:27:46","date_gmt":"2017-09-25T10:27:46","guid":{"rendered":"https:\/\/vibrotech-eng.com\/canones-neumaticos-y-sistema-de-supresion-de-polvos\/"},"modified":"2021-05-12T12:57:53","modified_gmt":"2021-05-12T10:57:53","slug":"canones-neumaticos-y-sistema-de-supresion-de-polvos","status":"publish","type":"page","link":"https:\/\/vibrotech-eng.com\/de\/productos\/canones-neumaticos-y-sistema-de-supresion-de-polvos\/","title":{"rendered":"Pneumatische Kanonen und Staubunterdr\u00fcckungssystem"},"content":{"rendered":"<div id='av_section_1'  class='avia-section av-23edp8-0ad6f8c17089a2bc84cdb64abf04ecb2 main_color avia-section-default avia-no-border-styling  avia-builder-el-0  avia-builder-el-no-sibling  avia-bg-style-scroll container_wrap sidebar_right'  ><div class='container av-section-cont-open' ><main  role=\"main\" itemprop=\"mainContentOfPage\"  class='template-page content  av-content-small alpha units'><div class='post-entry post-entry-type-page post-entry-6729'><div class='entry-content-wrapper clearfix'>\n<section  class='av_textblock_section av-1wtthw-cf2f30dabe87f3c9411bb7c91598036b '   itemscope=\"itemscope\" itemtype=\"https:\/\/schema.org\/CreativeWork\" ><div class='avia_textblock'  itemprop=\"text\" ><h1 style=\"text-align: center;\">Pneumatische Kanonen und Staubunterdr\u00fcckungssystem<\/h1>\n<\/div><\/section>\n\n<style type=\"text\/css\" data-created_by=\"avia_inline_auto\" id=\"style-css-av-1tevkk-b762d3c7a1e609fa48b14ec3034e27b4\">\n#top .hr.hr-invisible.av-1tevkk-b762d3c7a1e609fa48b14ec3034e27b4{\nheight:50px;\n}\n<\/style>\n<div  class='hr av-1tevkk-b762d3c7a1e609fa48b14ec3034e27b4 hr-invisible  avia-builder-el-2  el_after_av_textblock  el_before_av_one_third '><span class='hr-inner '><span class=\"hr-inner-style\"><\/span><\/span><\/div>\n\n<style type=\"text\/css\" data-created_by=\"avia_inline_auto\" id=\"style-css-av-1kw21o-6806dfc2952a34aa7aa4970a026c2687\">\n.flex_column.av-1kw21o-6806dfc2952a34aa7aa4970a026c2687{\nborder-radius:0px 0px 0px 0px;\npadding:0px 0px 0px 0px;\n}\n<\/style>\n<div  class='flex_column av-1kw21o-6806dfc2952a34aa7aa4970a026c2687 av_one_third  avia-builder-el-3  el_after_av_hr  el_before_av_one_third  first flex_column_div av-zero-column-padding  '     ><section  class='av_textblock_section av-1dnek4-99b5ed9c9e95921dfab1e487d62ccec3 '   itemscope=\"itemscope\" itemtype=\"https:\/\/schema.org\/CreativeWork\" ><div class='avia_textblock'  itemprop=\"text\" ><p class=\"p1\"><span class=\"s1\">Diese Ger\u00e4te eignen sich f\u00fcr die Verfl\u00fcssigung von Trichtern und Silos und erm\u00f6glichen die vollst\u00e4ndige Nutzung, indem sie durch ihre Wirkung die permanente Ansammlung von Material sowie die Bildung von W\u00f6lbungen oder das Auftreten des \u201eSchornsteineffekts\u201c verhindern.<\/span><\/p>\n<\/div><\/section><\/div>\n<style type=\"text\/css\" data-created_by=\"avia_inline_auto\" id=\"style-css-av-182sc4-56e89db7a9543f55597b7dc6696e6043\">\n.flex_column.av-182sc4-56e89db7a9543f55597b7dc6696e6043{\nborder-radius:0px 0px 0px 0px;\npadding:0px 0px 0px 0px;\n}\n<\/style>\n<div  class='flex_column av-182sc4-56e89db7a9543f55597b7dc6696e6043 av_one_third  avia-builder-el-5  el_after_av_one_third  el_before_av_one_third  flex_column_div av-zero-column-padding  '     ><section  class='av_textblock_section av-12puck-9b1f82418181ad360cd5adeb1604d436 '   itemscope=\"itemscope\" itemtype=\"https:\/\/schema.org\/CreativeWork\" ><div class='avia_textblock'  itemprop=\"text\" ><p class=\"p1\"><span class=\"s1\">Sie werden in Gr\u00f6\u00dfen von zw\u00f6lf bis 500 Litern Fassungsverm\u00f6gen und in verschiedenen Versionen hergestellt, um den Bed\u00fcrfnissen unserer Kunden gerecht zu werden: verschiedene Zertifizierungen (GOST, ATEX usw.), Ger\u00e4te f\u00fcr den Betrieb mit hohen Temperaturen f\u00fcr die Zementindustrie, FDA-Konformit\u00e4t f\u00fcr Silos, die Lebensmittelprodukte enthalten usw.<\/span><\/p>\n<\/div><\/section><\/div>\n<style type=\"text\/css\" data-created_by=\"avia_inline_auto\" id=\"style-css-av-vquus-0814b974d08ecebdd67a3c5dc9d444ae\">\n.flex_column.av-vquus-0814b974d08ecebdd67a3c5dc9d444ae{\nborder-radius:0px 0px 0px 0px;\npadding:0px 0px 0px 0px;\n}\n<\/style>\n<div  class='flex_column av-vquus-0814b974d08ecebdd67a3c5dc9d444ae av_one_third  avia-builder-el-7  el_after_av_one_third  el_before_av_hr  flex_column_div av-zero-column-padding  '     ><section  class='av_textblock_section av-s3310-db95c5df2efefef89943609221d278ef '   itemscope=\"itemscope\" itemtype=\"https:\/\/schema.org\/CreativeWork\" ><div class='avia_textblock'  itemprop=\"text\" ><p class=\"p1\"><span class=\"s1\">Unser Angebot kann von Einzelger\u00e4ten bis hin zu allem, was f\u00fcr die Installation ben\u00f6tigt wird, reichen: Elektroventilschrank, Steuerschrank, Leitungen, D\u00fcsen f\u00fcr die Installation in Silos usw.<\/span><\/p>\n<\/div><\/section><br \/>\n\n<style type=\"text\/css\" data-created_by=\"avia_inline_auto\" id=\"style-css-av-lp590-990d9d3cda3162a4172964fc66d683ec\">\n.avia-image-container.av-lp590-990d9d3cda3162a4172964fc66d683ec img.avia_image{\nbox-shadow:none;\n}\n.avia-image-container.av-lp590-990d9d3cda3162a4172964fc66d683ec .av-image-caption-overlay-center{\ncolor:#ffffff;\n}\n<\/style>\n<div  class='avia-image-container av-lp590-990d9d3cda3162a4172964fc66d683ec av-styling- avia-align-center  avia-builder-el-9  el_after_av_textblock  avia-builder-el-last '   itemprop=\"image\" itemscope=\"itemscope\" itemtype=\"https:\/\/schema.org\/ImageObject\" ><div class=\"avia-image-container-inner\"><div class=\"avia-image-overlay-wrap\"><img decoding=\"async\" fetchpriority=\"high\" class='wp-image-6033 avia-img-lazy-loading-not-6033 avia_image ' src=\"https:\/\/vibrotech-eng.com\/wp-content\/uploads\/2017\/12\/ca\u00f1ones-neumaticos.jpg\" alt='' title='ca\u00f1ones neumaticos'  height=\"295\" width=\"750\"  itemprop=\"thumbnailUrl\" srcset=\"https:\/\/vibrotech-eng.com\/wp-content\/uploads\/2017\/12\/ca\u00f1ones-neumaticos.jpg 750w, https:\/\/vibrotech-eng.com\/wp-content\/uploads\/2017\/12\/ca\u00f1ones-neumaticos-300x118.jpg 300w, https:\/\/vibrotech-eng.com\/wp-content\/uploads\/2017\/12\/ca\u00f1ones-neumaticos-705x277.jpg 705w, https:\/\/vibrotech-eng.com\/wp-content\/uploads\/2017\/12\/ca\u00f1ones-neumaticos-450x177.jpg 450w\" sizes=\"(max-width: 750px) 100vw, 750px\" \/><\/div><\/div><\/div><\/p><\/div>\n<style type=\"text\/css\" data-created_by=\"avia_inline_auto\" id=\"style-css-av-e8e3g-da024c649cd901ce99f591a514dbc1db\">\n#top .hr.hr-invisible.av-e8e3g-da024c649cd901ce99f591a514dbc1db{\nheight:40px;\n}\n<\/style>\n<div  class='hr av-e8e3g-da024c649cd901ce99f591a514dbc1db hr-invisible  avia-builder-el-10  el_after_av_one_third  el_before_av_masonry_gallery  avia-builder-el-last '><span class='hr-inner '><span class=\"hr-inner-style\"><\/span><\/span><\/div>\n<div id='av-masonry-1' class='av-masonry av-10p3g-12d5dec5e2bf9fed5bea625746fea7a1 noHover av-fixed-size av-large-gap av-hover-overlay- av-masonry-animation-active av-masonry-col-3 av-caption-always av-caption-style- av-masonry-gallery ' data-post_id=\"6729\"><div class=\"av-masonry-container isotope av-js-disabled\"><div class='av-masonry-entry isotope-item av-masonry-item-no-image '><\/div><a href=\"https:\/\/vibrotech-eng.com\/wp-content\/uploads\/2017\/12\/ca\u00f1ones-neumaticos-2.jpg\" data-srcset=\"https:\/\/vibrotech-eng.com\/wp-content\/uploads\/2017\/12\/ca\u00f1ones-neumaticos-2.jpg 748w, https:\/\/vibrotech-eng.com\/wp-content\/uploads\/2017\/12\/ca\u00f1ones-neumaticos-2-300x228.jpg 300w, https:\/\/vibrotech-eng.com\/wp-content\/uploads\/2017\/12\/ca\u00f1ones-neumaticos-2-705x535.jpg 705w, https:\/\/vibrotech-eng.com\/wp-content\/uploads\/2017\/12\/ca\u00f1ones-neumaticos-2-450x342.jpg 450w\" data-sizes=\"(max-width: 748px) 100vw, 748px\"  aria-label=\"Bild ca\u00f1ones neumaticos 2\"  id='av-masonry-1-item-6030' data-av-masonry-item='6030' class='av-masonry-entry isotope-item post-6030 attachment type-attachment status-inherit hentry  av-masonry-item-with-image' title=\"ca\u00f1ones neumaticos 2\" alt=\"\"    itemprop=\"thumbnailUrl\" ><div class='av-inner-masonry-sizer'><\/div><figure class='av-inner-masonry main_color'><div class=\"av-masonry-outerimage-container\"><div class='av-masonry-image-container' style=\"background-image: url(https:\/\/vibrotech-eng.com\/wp-content\/uploads\/2017\/12\/ca\u00f1ones-neumaticos-2-705x535.jpg);\"  title=\"ca\u00f1ones neumaticos 2\"  ><\/div><\/div><\/figure><\/a><!--end av-masonry entry--><a href=\"https:\/\/vibrotech-eng.com\/wp-content\/uploads\/2017\/12\/ca\u00f1ones-neumaticos-3.jpg\" data-srcset=\"https:\/\/vibrotech-eng.com\/wp-content\/uploads\/2017\/12\/ca\u00f1ones-neumaticos-3.jpg 750w, https:\/\/vibrotech-eng.com\/wp-content\/uploads\/2017\/12\/ca\u00f1ones-neumaticos-3-300x225.jpg 300w, https:\/\/vibrotech-eng.com\/wp-content\/uploads\/2017\/12\/ca\u00f1ones-neumaticos-3-705x529.jpg 705w, https:\/\/vibrotech-eng.com\/wp-content\/uploads\/2017\/12\/ca\u00f1ones-neumaticos-3-450x338.jpg 450w\" data-sizes=\"(max-width: 750px) 100vw, 750px\"  aria-label=\"Bild ca\u00f1ones neumaticos 3\"  id='av-masonry-1-item-6031' data-av-masonry-item='6031' class='av-masonry-entry isotope-item post-6031 attachment type-attachment status-inherit hentry  av-masonry-item-with-image' title=\"ca\u00f1ones neumaticos 3\" alt=\"\"    itemprop=\"thumbnailUrl\" ><div class='av-inner-masonry-sizer'><\/div><figure class='av-inner-masonry main_color'><div class=\"av-masonry-outerimage-container\"><div class='av-masonry-image-container' style=\"background-image: url(https:\/\/vibrotech-eng.com\/wp-content\/uploads\/2017\/12\/ca\u00f1ones-neumaticos-3-705x529.jpg);\"  title=\"ca\u00f1ones neumaticos 3\"  ><\/div><\/div><\/figure><\/a><!--end av-masonry entry--><a href=\"https:\/\/vibrotech-eng.com\/wp-content\/uploads\/2017\/12\/ca\u00f1ones-neumaticos-4-1030x314.jpg\" data-srcset=\"https:\/\/vibrotech-eng.com\/wp-content\/uploads\/2017\/12\/ca\u00f1ones-neumaticos-4-1030x314.jpg 1030w, https:\/\/vibrotech-eng.com\/wp-content\/uploads\/2017\/12\/ca\u00f1ones-neumaticos-4-300x91.jpg 300w, https:\/\/vibrotech-eng.com\/wp-content\/uploads\/2017\/12\/ca\u00f1ones-neumaticos-4-768x234.jpg 768w, https:\/\/vibrotech-eng.com\/wp-content\/uploads\/2017\/12\/ca\u00f1ones-neumaticos-4-1500x457.jpg 1500w, https:\/\/vibrotech-eng.com\/wp-content\/uploads\/2017\/12\/ca\u00f1ones-neumaticos-4-705x215.jpg 705w, https:\/\/vibrotech-eng.com\/wp-content\/uploads\/2017\/12\/ca\u00f1ones-neumaticos-4-450x137.jpg 450w\" data-sizes=\"(max-width: 1030px) 100vw, 1030px\"  aria-label=\"Bild ca\u00f1ones neumaticos 4\"  id='av-masonry-1-item-6032' data-av-masonry-item='6032' class='av-masonry-entry isotope-item post-6032 attachment type-attachment status-inherit hentry  av-masonry-item-with-image' title=\"ca\u00f1ones neumaticos 4\" alt=\"\"    itemprop=\"thumbnailUrl\" ><div class='av-inner-masonry-sizer'><\/div><figure class='av-inner-masonry main_color'><div class=\"av-masonry-outerimage-container\"><div class='av-masonry-image-container' style=\"background-image: url(https:\/\/vibrotech-eng.com\/wp-content\/uploads\/2017\/12\/ca\u00f1ones-neumaticos-4-705x215.jpg);\"  title=\"ca\u00f1ones neumaticos 4\"  ><\/div><\/div><\/figure><\/a><!--end av-masonry entry--><\/div><\/div>\n<\/div><\/div><\/main><!-- close content main element --><\/div><\/div><div id='after_section_1'  class='main_color av_default_container_wrap container_wrap sidebar_right'  ><div class='container av-section-cont-open' ><div class='template-page content  av-content-small alpha units'><div class='post-entry post-entry-type-page post-entry-6729'><div class='entry-content-wrapper clearfix'>\n","protected":false},"excerpt":{"rendered":"","protected":false},"author":2,"featured_media":0,"parent":6893,"menu_order":0,"comment_status":"closed","ping_status":"closed","template":"","meta":{"footnotes":""},"class_list":["post-6729","page","type-page","status-publish","hentry"],"yoast_head":"<!-- This site is optimized with the Yoast SEO Premium plugin v20.3 (Yoast SEO v27.5) - https:\/\/yoast.com\/product\/yoast-seo-premium-wordpress\/ -->\n<title>Pneumatische Kanonen und Staubunterdr\u00fcckungssystem - Vibrotech Engineering S.L<\/title>\n<meta name=\"robots\" content=\"index, follow, max-snippet:-1, max-image-preview:large, max-video-preview:-1\" \/>\n<link rel=\"canonical\" href=\"https:\/\/vibrotech-eng.com\/de\/productos\/canones-neumaticos-y-sistema-de-supresion-de-polvos\/\" \/>\n<meta property=\"og:locale\" content=\"de_DE\" \/>\n<meta property=\"og:type\" content=\"article\" \/>\n<meta property=\"og:title\" content=\"Pneumatische Kanonen und Staubunterdr\u00fcckungssystem\" \/>\n<meta property=\"og:url\" content=\"https:\/\/vibrotech-eng.com\/de\/productos\/canones-neumaticos-y-sistema-de-supresion-de-polvos\/\" \/>\n<meta property=\"og:site_name\" content=\"Vibrotech Engineering S.L\" \/>\n<meta property=\"article:modified_time\" content=\"2021-05-12T10:57:53+00:00\" \/>\n<meta name=\"twitter:card\" content=\"summary_large_image\" \/>\n<meta name=\"twitter:label1\" content=\"Gesch\u00e4tzte Lesezeit\" \/>\n\t<meta name=\"twitter:data1\" content=\"4\u00a0Minuten\" \/>\n<script type=\"application\/ld+json\" class=\"yoast-schema-graph\">{\"@context\":\"https:\\\/\\\/schema.org\",\"@graph\":[{\"@type\":\"WebPage\",\"@id\":\"https:\\\/\\\/vibrotech-eng.com\\\/de\\\/productos\\\/canones-neumaticos-y-sistema-de-supresion-de-polvos\\\/\",\"url\":\"https:\\\/\\\/vibrotech-eng.com\\\/de\\\/productos\\\/canones-neumaticos-y-sistema-de-supresion-de-polvos\\\/\",\"name\":\"Pneumatische Kanonen und Staubunterdr\u00fcckungssystem - Vibrotech Engineering S.L\",\"isPartOf\":{\"@id\":\"https:\\\/\\\/vibrotech-eng.com\\\/de\\\/#website\"},\"datePublished\":\"2017-09-25T10:27:46+00:00\",\"dateModified\":\"2021-05-12T10:57:53+00:00\",\"breadcrumb\":{\"@id\":\"https:\\\/\\\/vibrotech-eng.com\\\/de\\\/productos\\\/canones-neumaticos-y-sistema-de-supresion-de-polvos\\\/#breadcrumb\"},\"inLanguage\":\"de\",\"potentialAction\":[{\"@type\":\"ReadAction\",\"target\":[\"https:\\\/\\\/vibrotech-eng.com\\\/de\\\/productos\\\/canones-neumaticos-y-sistema-de-supresion-de-polvos\\\/\"]}]},{\"@type\":\"BreadcrumbList\",\"@id\":\"https:\\\/\\\/vibrotech-eng.com\\\/de\\\/productos\\\/canones-neumaticos-y-sistema-de-supresion-de-polvos\\\/#breadcrumb\",\"itemListElement\":[{\"@type\":\"ListItem\",\"position\":1,\"name\":\"Start\",\"item\":\"https:\\\/\\\/vibrotech-eng.com\\\/de\\\/inicio\\\/\"},{\"@type\":\"ListItem\",\"position\":2,\"name\":\"Produkte\",\"item\":\"https:\\\/\\\/vibrotech-eng.com\\\/de\\\/productos\\\/\"},{\"@type\":\"ListItem\",\"position\":3,\"name\":\"Pneumatische Kanonen und Staubunterdr\u00fcckungssystem\"}]},{\"@type\":\"WebSite\",\"@id\":\"https:\\\/\\\/vibrotech-eng.com\\\/de\\\/#website\",\"url\":\"https:\\\/\\\/vibrotech-eng.com\\\/de\\\/\",\"name\":\"Vibrotech Engineering S.L\",\"description\":\"Empresa espa\u00f1ola que desarrolla su actividad principal en el dise\u00f1o y fabricaci\u00f3n de maquinaria vibrante\",\"potentialAction\":[{\"@type\":\"SearchAction\",\"target\":{\"@type\":\"EntryPoint\",\"urlTemplate\":\"https:\\\/\\\/vibrotech-eng.com\\\/de\\\/?s={search_term_string}\"},\"query-input\":{\"@type\":\"PropertyValueSpecification\",\"valueRequired\":true,\"valueName\":\"search_term_string\"}}],\"inLanguage\":\"de\"}]}<\/script>\n<!-- \/ Yoast SEO Premium plugin. -->","yoast_head_json":{"title":"Pneumatische Kanonen und Staubunterdr\u00fcckungssystem - Vibrotech Engineering S.L","robots":{"index":"index","follow":"follow","max-snippet":"max-snippet:-1","max-image-preview":"max-image-preview:large","max-video-preview":"max-video-preview:-1"},"canonical":"https:\/\/vibrotech-eng.com\/de\/productos\/canones-neumaticos-y-sistema-de-supresion-de-polvos\/","og_locale":"de_DE","og_type":"article","og_title":"Pneumatische Kanonen und Staubunterdr\u00fcckungssystem","og_url":"https:\/\/vibrotech-eng.com\/de\/productos\/canones-neumaticos-y-sistema-de-supresion-de-polvos\/","og_site_name":"Vibrotech Engineering S.L","article_modified_time":"2021-05-12T10:57:53+00:00","twitter_card":"summary_large_image","twitter_misc":{"Gesch\u00e4tzte Lesezeit":"4\u00a0Minuten"},"schema":{"@context":"https:\/\/schema.org","@graph":[{"@type":"WebPage","@id":"https:\/\/vibrotech-eng.com\/de\/productos\/canones-neumaticos-y-sistema-de-supresion-de-polvos\/","url":"https:\/\/vibrotech-eng.com\/de\/productos\/canones-neumaticos-y-sistema-de-supresion-de-polvos\/","name":"Pneumatische Kanonen und Staubunterdr\u00fcckungssystem - Vibrotech Engineering S.L","isPartOf":{"@id":"https:\/\/vibrotech-eng.com\/de\/#website"},"datePublished":"2017-09-25T10:27:46+00:00","dateModified":"2021-05-12T10:57:53+00:00","breadcrumb":{"@id":"https:\/\/vibrotech-eng.com\/de\/productos\/canones-neumaticos-y-sistema-de-supresion-de-polvos\/#breadcrumb"},"inLanguage":"de","potentialAction":[{"@type":"ReadAction","target":["https:\/\/vibrotech-eng.com\/de\/productos\/canones-neumaticos-y-sistema-de-supresion-de-polvos\/"]}]},{"@type":"BreadcrumbList","@id":"https:\/\/vibrotech-eng.com\/de\/productos\/canones-neumaticos-y-sistema-de-supresion-de-polvos\/#breadcrumb","itemListElement":[{"@type":"ListItem","position":1,"name":"Start","item":"https:\/\/vibrotech-eng.com\/de\/inicio\/"},{"@type":"ListItem","position":2,"name":"Produkte","item":"https:\/\/vibrotech-eng.com\/de\/productos\/"},{"@type":"ListItem","position":3,"name":"Pneumatische Kanonen und Staubunterdr\u00fcckungssystem"}]},{"@type":"WebSite","@id":"https:\/\/vibrotech-eng.com\/de\/#website","url":"https:\/\/vibrotech-eng.com\/de\/","name":"Vibrotech Engineering S.L","description":"Empresa espa\u00f1ola que desarrolla su actividad principal en el dise\u00f1o y fabricaci\u00f3n de maquinaria vibrante","potentialAction":[{"@type":"SearchAction","target":{"@type":"EntryPoint","urlTemplate":"https:\/\/vibrotech-eng.com\/de\/?s={search_term_string}"},"query-input":{"@type":"PropertyValueSpecification","valueRequired":true,"valueName":"search_term_string"}}],"inLanguage":"de"}]}},"_links":{"self":[{"href":"https:\/\/vibrotech-eng.com\/de\/wp-json\/wp\/v2\/pages\/6729","targetHints":{"allow":["GET"]}}],"collection":[{"href":"https:\/\/vibrotech-eng.com\/de\/wp-json\/wp\/v2\/pages"}],"about":[{"href":"https:\/\/vibrotech-eng.com\/de\/wp-json\/wp\/v2\/types\/page"}],"author":[{"embeddable":true,"href":"https:\/\/vibrotech-eng.com\/de\/wp-json\/wp\/v2\/users\/2"}],"replies":[{"embeddable":true,"href":"https:\/\/vibrotech-eng.com\/de\/wp-json\/wp\/v2\/comments?post=6729"}],"version-history":[{"count":0,"href":"https:\/\/vibrotech-eng.com\/de\/wp-json\/wp\/v2\/pages\/6729\/revisions"}],"up":[{"embeddable":true,"href":"https:\/\/vibrotech-eng.com\/de\/wp-json\/wp\/v2\/pages\/6893"}],"wp:attachment":[{"href":"https:\/\/vibrotech-eng.com\/de\/wp-json\/wp\/v2\/media?parent=6729"}],"curies":[{"name":"wp","href":"https:\/\/api.w.org\/{rel}","templated":true}]}}