{"id":6717,"date":"2017-09-25T12:26:47","date_gmt":"2017-09-25T10:26:47","guid":{"rendered":"https:\/\/vibrotech-eng.com\/vibradores-neumaticos\/"},"modified":"2021-05-25T15:11:22","modified_gmt":"2021-05-25T13:11:22","slug":"vibradores-neumaticos","status":"publish","type":"page","link":"https:\/\/vibrotech-eng.com\/de\/productos\/vibradores-neumaticos\/","title":{"rendered":"Pneumatische Vibratoren"},"content":{"rendered":"<div id='av_section_1'  class='avia-section av-389zbk-9ae954418502cd1d3ffc78666cafb132 main_color avia-section-default avia-no-border-styling  avia-builder-el-0  avia-builder-el-no-sibling  avia-bg-style-scroll container_wrap sidebar_right'  ><div class='container av-section-cont-open' ><main  role=\"main\" itemprop=\"mainContentOfPage\"  class='template-page content  av-content-small alpha units'><div class='post-entry post-entry-type-page post-entry-6717'><div class='entry-content-wrapper clearfix'>\n<section  class='av_textblock_section av-30raq0-09bf96dface857c6f8eb90d7b6b18bb4 '   itemscope=\"itemscope\" itemtype=\"https:\/\/schema.org\/CreativeWork\" ><div class='avia_textblock'  itemprop=\"text\" ><h1 style=\"text-align: center;\">Pneumatische Vibratoren<\/h1>\n<\/div><\/section>\n\n<style type=\"text\/css\" data-created_by=\"avia_inline_auto\" id=\"style-css-av-2x9854-b0ac701d124e7b27c998c4c18aed7b1b\">\n#top .hr.hr-invisible.av-2x9854-b0ac701d124e7b27c998c4c18aed7b1b{\nheight:50px;\n}\n<\/style>\n<div  class='hr av-2x9854-b0ac701d124e7b27c998c4c18aed7b1b hr-invisible  avia-builder-el-2  el_after_av_textblock  el_before_av_one_fourth '><span class='hr-inner '><span class=\"hr-inner-style\"><\/span><\/span><\/div>\n<div class='flex_column_table av-2ocerc-034f5b3b38174af9956cdb46996a92db sc-av_one_fourth av-equal-height-column-flextable'>\n<style type=\"text\/css\" data-created_by=\"avia_inline_auto\" id=\"style-css-av-2ocerc-034f5b3b38174af9956cdb46996a92db\">\n.flex_column.av-2ocerc-034f5b3b38174af9956cdb46996a92db{\nborder-radius:0px 0px 0px 0px;\npadding:0px 0px 0px 0px;\n}\n<\/style>\n<div  class='flex_column av-2ocerc-034f5b3b38174af9956cdb46996a92db av_one_fourth  avia-builder-el-3  el_after_av_hr  el_before_av_one_fourth  first flex_column_table_cell av-equal-height-column av-align-middle av-zero-column-padding  '     ><\/div><div class='av-flex-placeholder'><\/div>\n<style type=\"text\/css\" data-created_by=\"avia_inline_auto\" id=\"style-css-av-2n0ukg-a8e56d985cbabcb41aefbb5a02397315\">\n.flex_column.av-2n0ukg-a8e56d985cbabcb41aefbb5a02397315{\nborder-radius:0px 0px 0px 0px;\npadding:0px 0px 0px 0px;\n}\n<\/style>\n<div  class='flex_column av-2n0ukg-a8e56d985cbabcb41aefbb5a02397315 av_one_fourth  avia-builder-el-4  el_after_av_one_fourth  el_before_av_one_half  flex_column_table_cell av-equal-height-column av-align-middle av-zero-column-padding  '     ><style type=\"text\/css\" data-created_by=\"avia_inline_auto\" id=\"style-css-av-2e2sfk-6532554c9bed15204d1bd297128fcae2\">\n.avia-image-container.av-2e2sfk-6532554c9bed15204d1bd297128fcae2 img.avia_image{\nbox-shadow:none;\n}\n.avia-image-container.av-2e2sfk-6532554c9bed15204d1bd297128fcae2 .av-image-caption-overlay-center{\ncolor:#ffffff;\n}\n<\/style>\n<div  class='avia-image-container av-2e2sfk-6532554c9bed15204d1bd297128fcae2 av-styling- avia-align-center  avia-builder-el-5  avia-builder-el-no-sibling '   itemprop=\"image\" itemscope=\"itemscope\" itemtype=\"https:\/\/schema.org\/ImageObject\" ><div class=\"avia-image-container-inner\"><div class=\"avia-image-overlay-wrap\"><img decoding=\"async\" fetchpriority=\"high\" class='wp-image-6021 avia-img-lazy-loading-not-6021 avia_image ' src=\"https:\/\/vibrotech-eng.com\/wp-content\/uploads\/2017\/12\/Vibradores-Neum\u00e1ticos.jpg\" alt='' title='Vibradores Neum\u00e1ticos'  height=\"536\" width=\"750\"  itemprop=\"thumbnailUrl\" srcset=\"https:\/\/vibrotech-eng.com\/wp-content\/uploads\/2017\/12\/Vibradores-Neum\u00e1ticos.jpg 750w, https:\/\/vibrotech-eng.com\/wp-content\/uploads\/2017\/12\/Vibradores-Neum\u00e1ticos-300x214.jpg 300w, https:\/\/vibrotech-eng.com\/wp-content\/uploads\/2017\/12\/Vibradores-Neum\u00e1ticos-260x185.jpg 260w, https:\/\/vibrotech-eng.com\/wp-content\/uploads\/2017\/12\/Vibradores-Neum\u00e1ticos-705x504.jpg 705w, https:\/\/vibrotech-eng.com\/wp-content\/uploads\/2017\/12\/Vibradores-Neum\u00e1ticos-450x322.jpg 450w\" sizes=\"(max-width: 750px) 100vw, 750px\" \/><\/div><\/div><\/div><\/div><div class='av-flex-placeholder'><\/div>\n<style type=\"text\/css\" data-created_by=\"avia_inline_auto\" id=\"style-css-av-2873ag-76804d086a19645c3e7a0bb9a56e39be\">\n.flex_column.av-2873ag-76804d086a19645c3e7a0bb9a56e39be{\nborder-radius:0px 0px 0px 0px;\npadding:0px 0px 0px 0px;\n}\n<\/style>\n<div  class='flex_column av-2873ag-76804d086a19645c3e7a0bb9a56e39be av_one_half  avia-builder-el-6  el_after_av_one_fourth  el_before_av_one_fourth  flex_column_table_cell av-equal-height-column av-align-middle av-zero-column-padding  '     ><section  class='av_textblock_section av-7jo74-13e1f253d1e2cf01b34efa56bc2cc347 '   itemscope=\"itemscope\" itemtype=\"https:\/\/schema.org\/CreativeWork\" ><div class='avia_textblock'  itemprop=\"text\" ><p class=\"p1\"><span class=\"s1\">Vibrotech Engineering S.L. repr\u00e4sentiert in Spanien <\/span><br \/>\n<span class=\"s1\">das Unternehmen Cleveland Vibrators, das \u00fcber das umfangreichste<br \/>\nSortiment an pneumatischen Vibratoren und Schlagsch\u00fcttlern<br \/>\nf\u00fcr verschiedene industrielleAnwendungen auf dem Markt verf\u00fcgt.<\/span><\/p>\n<\/div><\/section><\/div><\/div><!--close column table wrapper. Autoclose: 1 -->\n<style type=\"text\/css\" data-created_by=\"avia_inline_auto\" id=\"style-css-av-1v6ut4-f74430d2c2fe641575fe8e113fdcb26b\">\n.flex_column.av-1v6ut4-f74430d2c2fe641575fe8e113fdcb26b{\nborder-radius:0px 0px 0px 0px;\npadding:0px 0px 0px 0px;\n}\n<\/style>\n<div  class='flex_column av-1v6ut4-f74430d2c2fe641575fe8e113fdcb26b av_one_fourth  avia-builder-el-8  el_after_av_one_half  el_before_av_one_fourth  first flex_column_div av-zero-column-padding  column-top-margin'     ><\/div>\n<style type=\"text\/css\" data-created_by=\"avia_inline_auto\" id=\"style-css-av-1sjryw-9abea5590cb933c9812be6f5ad1c21af\">\n.flex_column.av-1sjryw-9abea5590cb933c9812be6f5ad1c21af{\nborder-width:1px;\nborder-color:#b2b2b2;\nborder-style:solid;\nborder-radius:0px 0px 0px 0px;\npadding:0px 20px 0px 0px;\n}\n<\/style>\n<div  class='flex_column av-1sjryw-9abea5590cb933c9812be6f5ad1c21af av_one_fourth  avia-builder-el-9  el_after_av_one_fourth  el_before_av_one_half  neumaticos flex_column_div  column-top-margin'     ><section  class='av_textblock_section av-1l2xq8-9004cc4c1d27d1a29c95eca4cc393190 '   itemscope=\"itemscope\" itemtype=\"https:\/\/schema.org\/CreativeWork\" ><div class='avia_textblock'  itemprop=\"text\" ><p class=\"p1\" style=\"text-align: right;\"><span class=\"s1\">Zu diesem Sortiment an Vibratoren z\u00e4hlen unter anderem folgende:<\/span><\/p>\n<\/div><\/section><\/div>\n<style type=\"text\/css\" data-created_by=\"avia_inline_auto\" id=\"style-css-av-1dyj0o-2bf1c1656c23c9ad8d2e6451bb035ba3\">\n.flex_column.av-1dyj0o-2bf1c1656c23c9ad8d2e6451bb035ba3{\nborder-radius:0px 0px 0px 0px;\npadding:0px 0px 0px 0px;\n}\n<\/style>\n<div  class='flex_column av-1dyj0o-2bf1c1656c23c9ad8d2e6451bb035ba3 av_one_half  avia-builder-el-11  el_after_av_one_fourth  avia-builder-el-last  flex_column_div av-zero-column-padding  column-top-margin'     ><section  class='av_textblock_section av-1a5848-20c34949fcc9af22db311f8e634dfbab '   itemscope=\"itemscope\" itemtype=\"https:\/\/schema.org\/CreativeWork\" ><div class='avia_textblock'  itemprop=\"text\" ><p class=\"p1\"><span class=\"s1\"><a href=\"https:\/\/vibrotech-eng.com\/wp-content\/uploads\/2017\/12\/Sacudidor-percutor-serie-SI..pdf\">Schlagsch\u00fcttler der Serie SI<\/a><\/span>\n<style type=\"text\/css\" data-created_by=\"avia_inline_auto\" id=\"style-css-av-12v80o-3b19db9321a31e5cd532910c3ea81be8\">\n.av_font_icon.av-12v80o-3b19db9321a31e5cd532910c3ea81be8 .av-icon-char{\nfont-size:20px;\nline-height:20px;\n}\n<\/style>\n<span  class='av_font_icon av-12v80o-3b19db9321a31e5cd532910c3ea81be8 avia_animate_when_visible av-icon-style- avia-icon-pos-left av-no-color avia-icon-animate'><a href='https:\/\/vibrotech-eng.com\/wp-content\/uploads\/2017\/12\/Sacudidor-percutor-serie-SI..pdf' target=\"_blank\" rel=\"noopener noreferrer\" class='av-icon-char' aria-hidden='true' data-av_icon='\uf1c1' data-av_iconfont='fontello'><\/a><\/span><\/p>\n<p class=\"p1\"><span class=\"s1\"><a href=\"https:\/\/vibrotech-eng.com\/wp-content\/uploads\/2017\/12\/Lineales-serie-MVSI.pdf\">Lineare R\u00fcttler der Serie MVSI<\/a><\/span>\n<style type=\"text\/css\" data-created_by=\"avia_inline_auto\" id=\"style-css-av-zhacw-f1f1c7c4ac313bb07948ea0c56e6c76e\">\n.av_font_icon.av-zhacw-f1f1c7c4ac313bb07948ea0c56e6c76e .av-icon-char{\nfont-size:20px;\nline-height:20px;\n}\n<\/style>\n<span  class='av_font_icon av-zhacw-f1f1c7c4ac313bb07948ea0c56e6c76e avia_animate_when_visible av-icon-style- avia-icon-pos-left av-no-color avia-icon-animate'><a href='https:\/\/vibrotech-eng.com\/wp-content\/uploads\/2017\/12\/Lineales-serie-MVSI.pdf' target=\"_blank\" rel=\"noopener noreferrer\" class='av-icon-char' aria-hidden='true' data-av_icon='\uf1c1' data-av_iconfont='fontello'><\/a><\/span><\/p>\n<p class=\"p1\"><span class=\"s1\"><a href=\"https:\/\/vibrotech-eng.com\/wp-content\/uploads\/2017\/12\/De-turbina-serie-CVT.pdf\">Turbinenr\u00fcttler der Serie CVT<\/a><\/span> \n<style type=\"text\/css\" data-created_by=\"avia_inline_auto\" id=\"style-css-av-qr5ps-1080e151830d695fb3c6c72d8f9ebae6\">\n.av_font_icon.av-qr5ps-1080e151830d695fb3c6c72d8f9ebae6 .av-icon-char{\nfont-size:20px;\nline-height:20px;\n}\n<\/style>\n<span  class='av_font_icon av-qr5ps-1080e151830d695fb3c6c72d8f9ebae6 avia_animate_when_visible av-icon-style- avia-icon-pos-left av-no-color avia-icon-animate'><a href='https:\/\/vibrotech-eng.com\/wp-content\/uploads\/2017\/12\/De-turbina-serie-CVT.pdf' target=\"_blank\" rel=\"noopener noreferrer\" class='av-icon-char' aria-hidden='true' data-av_icon='\uf1c1' data-av_iconfont='fontello'><\/a><\/span><\/p>\n<p class=\"p1\"><span class=\"s1\"><a href=\"https:\/\/vibrotech-eng.com\/wp-content\/uploads\/2017\/12\/De-bola-serie-VB.pdf\">Kugelr\u00fcttler der Serie VB<\/a><\/span>\n<style type=\"text\/css\" data-created_by=\"avia_inline_auto\" id=\"style-css-av-in320-17eb3bc36cd9c7b73bf1e1ff9ed544f1\">\n.av_font_icon.av-in320-17eb3bc36cd9c7b73bf1e1ff9ed544f1 .av-icon-char{\nfont-size:20px;\nline-height:20px;\n}\n<\/style>\n<span  class='av_font_icon av-in320-17eb3bc36cd9c7b73bf1e1ff9ed544f1 avia_animate_when_visible av-icon-style- avia-icon-pos-left av-no-color avia-icon-animate'><a href='https:\/\/vibrotech-eng.com\/wp-content\/uploads\/2017\/12\/De-bola-serie-VB.pdf' target=\"_blank\" rel=\"noopener noreferrer\" class='av-icon-char' aria-hidden='true' data-av_icon='\uf1c1' data-av_iconfont='fontello'><\/a><\/span><\/p>\n<p class=\"p1\"><span class=\"s1\"><a href=\"https:\/\/vibrotech-eng.com\/wp-content\/uploads\/2017\/12\/Vibradores-miniatura-de-turbina-serie-CVTP..pdf\">Mini-Turbinenr\u00fcttler der Serie CVTP<\/a><\/span>\n<style type=\"text\/css\" data-created_by=\"avia_inline_auto\" id=\"style-css-av-f6654-346ed62d8f81ce080a4a47800a5d958d\">\n.av_font_icon.av-f6654-346ed62d8f81ce080a4a47800a5d958d .av-icon-char{\nfont-size:20px;\nline-height:20px;\n}\n<\/style>\n<span  class='av_font_icon av-f6654-346ed62d8f81ce080a4a47800a5d958d avia_animate_when_visible av-icon-style- avia-icon-pos-left av-no-color avia-icon-animate'><a href='https:\/\/vibrotech-eng.com\/wp-content\/uploads\/2017\/12\/Vibradores-miniatura-de-turbina-serie-CVTP..pdf' target=\"_blank\" rel=\"noopener noreferrer\" class='av-icon-char' aria-hidden='true' data-av_icon='\uf1c1' data-av_iconfont='fontello'><\/a><\/span><\/p>\n<p><a href=\"https:\/\/vibrotech-eng.com\/wp-content\/uploads\/2017\/12\/Vibradores-miniatura-de-pist\u00f3n-serie-VM.pdf\">Mini-Kolbenr\u00fcttler der Serie VM<\/a>\n<style type=\"text\/css\" data-created_by=\"avia_inline_auto\" id=\"style-css-av-76eko-cc9893866b3e6d4caf3e2e41ee9592bd\">\n.av_font_icon.av-76eko-cc9893866b3e6d4caf3e2e41ee9592bd .av-icon-char{\nfont-size:20px;\nline-height:20px;\n}\n<\/style>\n<span  class='av_font_icon av-76eko-cc9893866b3e6d4caf3e2e41ee9592bd avia_animate_when_visible av-icon-style- avia-icon-pos-left av-no-color avia-icon-animate'><a href='https:\/\/vibrotech-eng.com\/wp-content\/uploads\/2017\/12\/Vibradores-miniatura-de-pist\u00f3n-serie-VM.pdf' target=\"_blank\" rel=\"noopener noreferrer\" class='av-icon-char' aria-hidden='true' data-av_icon='\uf1c1' data-av_iconfont='fontello'><\/a><\/span><\/p>\n<p class=\"p1\"><span class=\"s1\">Hochfrequenzr\u00fcttler<\/span><\/p>\n<\/div><\/section><\/div><\/div><\/div><\/main><!-- close content main element --><\/div><\/div><div id='after_section_1'  class='main_color av_default_container_wrap container_wrap sidebar_right'  ><div class='container av-section-cont-open' ><div class='template-page content  av-content-small alpha units'><div class='post-entry post-entry-type-page post-entry-6717'><div class='entry-content-wrapper clearfix'>\n","protected":false},"excerpt":{"rendered":"","protected":false},"author":2,"featured_media":0,"parent":6893,"menu_order":0,"comment_status":"closed","ping_status":"closed","template":"","meta":{"footnotes":""},"class_list":["post-6717","page","type-page","status-publish","hentry"],"yoast_head":"<!-- This site is optimized with the Yoast SEO Premium plugin v20.3 (Yoast SEO v27.4) - https:\/\/yoast.com\/product\/yoast-seo-premium-wordpress\/ -->\n<title>Pneumatische Vibratoren - Vibrotech Engineering S.L<\/title>\n<meta name=\"robots\" content=\"index, follow, max-snippet:-1, max-image-preview:large, max-video-preview:-1\" \/>\n<link rel=\"canonical\" href=\"https:\/\/vibrotech-eng.com\/de\/productos\/vibradores-neumaticos\/\" \/>\n<meta property=\"og:locale\" content=\"de_DE\" \/>\n<meta property=\"og:type\" content=\"article\" \/>\n<meta property=\"og:title\" content=\"Pneumatische Vibratoren\" \/>\n<meta property=\"og:url\" content=\"https:\/\/vibrotech-eng.com\/de\/productos\/vibradores-neumaticos\/\" \/>\n<meta property=\"og:site_name\" content=\"Vibrotech Engineering S.L\" \/>\n<meta property=\"article:modified_time\" content=\"2021-05-25T13:11:22+00:00\" \/>\n<meta name=\"twitter:card\" content=\"summary_large_image\" \/>\n<meta name=\"twitter:label1\" content=\"Gesch\u00e4tzte Lesezeit\" \/>\n\t<meta name=\"twitter:data1\" content=\"5\u00a0Minuten\" \/>\n<script type=\"application\/ld+json\" class=\"yoast-schema-graph\">{\"@context\":\"https:\\\/\\\/schema.org\",\"@graph\":[{\"@type\":\"WebPage\",\"@id\":\"https:\\\/\\\/vibrotech-eng.com\\\/de\\\/productos\\\/vibradores-neumaticos\\\/\",\"url\":\"https:\\\/\\\/vibrotech-eng.com\\\/de\\\/productos\\\/vibradores-neumaticos\\\/\",\"name\":\"Pneumatische Vibratoren - Vibrotech Engineering S.L\",\"isPartOf\":{\"@id\":\"https:\\\/\\\/vibrotech-eng.com\\\/de\\\/#website\"},\"datePublished\":\"2017-09-25T10:26:47+00:00\",\"dateModified\":\"2021-05-25T13:11:22+00:00\",\"breadcrumb\":{\"@id\":\"https:\\\/\\\/vibrotech-eng.com\\\/de\\\/productos\\\/vibradores-neumaticos\\\/#breadcrumb\"},\"inLanguage\":\"de\",\"potentialAction\":[{\"@type\":\"ReadAction\",\"target\":[\"https:\\\/\\\/vibrotech-eng.com\\\/de\\\/productos\\\/vibradores-neumaticos\\\/\"]}]},{\"@type\":\"BreadcrumbList\",\"@id\":\"https:\\\/\\\/vibrotech-eng.com\\\/de\\\/productos\\\/vibradores-neumaticos\\\/#breadcrumb\",\"itemListElement\":[{\"@type\":\"ListItem\",\"position\":1,\"name\":\"Start\",\"item\":\"https:\\\/\\\/vibrotech-eng.com\\\/de\\\/inicio\\\/\"},{\"@type\":\"ListItem\",\"position\":2,\"name\":\"Produkte\",\"item\":\"https:\\\/\\\/vibrotech-eng.com\\\/de\\\/productos\\\/\"},{\"@type\":\"ListItem\",\"position\":3,\"name\":\"Pneumatische Vibratoren\"}]},{\"@type\":\"WebSite\",\"@id\":\"https:\\\/\\\/vibrotech-eng.com\\\/de\\\/#website\",\"url\":\"https:\\\/\\\/vibrotech-eng.com\\\/de\\\/\",\"name\":\"Vibrotech Engineering S.L\",\"description\":\"Empresa espa\u00f1ola que desarrolla su actividad principal en el dise\u00f1o y fabricaci\u00f3n de maquinaria vibrante\",\"potentialAction\":[{\"@type\":\"SearchAction\",\"target\":{\"@type\":\"EntryPoint\",\"urlTemplate\":\"https:\\\/\\\/vibrotech-eng.com\\\/de\\\/?s={search_term_string}\"},\"query-input\":{\"@type\":\"PropertyValueSpecification\",\"valueRequired\":true,\"valueName\":\"search_term_string\"}}],\"inLanguage\":\"de\"}]}<\/script>\n<!-- \/ Yoast SEO Premium plugin. -->","yoast_head_json":{"title":"Pneumatische Vibratoren - Vibrotech Engineering S.L","robots":{"index":"index","follow":"follow","max-snippet":"max-snippet:-1","max-image-preview":"max-image-preview:large","max-video-preview":"max-video-preview:-1"},"canonical":"https:\/\/vibrotech-eng.com\/de\/productos\/vibradores-neumaticos\/","og_locale":"de_DE","og_type":"article","og_title":"Pneumatische Vibratoren","og_url":"https:\/\/vibrotech-eng.com\/de\/productos\/vibradores-neumaticos\/","og_site_name":"Vibrotech Engineering S.L","article_modified_time":"2021-05-25T13:11:22+00:00","twitter_card":"summary_large_image","twitter_misc":{"Gesch\u00e4tzte Lesezeit":"5\u00a0Minuten"},"schema":{"@context":"https:\/\/schema.org","@graph":[{"@type":"WebPage","@id":"https:\/\/vibrotech-eng.com\/de\/productos\/vibradores-neumaticos\/","url":"https:\/\/vibrotech-eng.com\/de\/productos\/vibradores-neumaticos\/","name":"Pneumatische Vibratoren - Vibrotech Engineering S.L","isPartOf":{"@id":"https:\/\/vibrotech-eng.com\/de\/#website"},"datePublished":"2017-09-25T10:26:47+00:00","dateModified":"2021-05-25T13:11:22+00:00","breadcrumb":{"@id":"https:\/\/vibrotech-eng.com\/de\/productos\/vibradores-neumaticos\/#breadcrumb"},"inLanguage":"de","potentialAction":[{"@type":"ReadAction","target":["https:\/\/vibrotech-eng.com\/de\/productos\/vibradores-neumaticos\/"]}]},{"@type":"BreadcrumbList","@id":"https:\/\/vibrotech-eng.com\/de\/productos\/vibradores-neumaticos\/#breadcrumb","itemListElement":[{"@type":"ListItem","position":1,"name":"Start","item":"https:\/\/vibrotech-eng.com\/de\/inicio\/"},{"@type":"ListItem","position":2,"name":"Produkte","item":"https:\/\/vibrotech-eng.com\/de\/productos\/"},{"@type":"ListItem","position":3,"name":"Pneumatische Vibratoren"}]},{"@type":"WebSite","@id":"https:\/\/vibrotech-eng.com\/de\/#website","url":"https:\/\/vibrotech-eng.com\/de\/","name":"Vibrotech Engineering S.L","description":"Empresa espa\u00f1ola que desarrolla su actividad principal en el dise\u00f1o y fabricaci\u00f3n de maquinaria vibrante","potentialAction":[{"@type":"SearchAction","target":{"@type":"EntryPoint","urlTemplate":"https:\/\/vibrotech-eng.com\/de\/?s={search_term_string}"},"query-input":{"@type":"PropertyValueSpecification","valueRequired":true,"valueName":"search_term_string"}}],"inLanguage":"de"}]}},"_links":{"self":[{"href":"https:\/\/vibrotech-eng.com\/de\/wp-json\/wp\/v2\/pages\/6717","targetHints":{"allow":["GET"]}}],"collection":[{"href":"https:\/\/vibrotech-eng.com\/de\/wp-json\/wp\/v2\/pages"}],"about":[{"href":"https:\/\/vibrotech-eng.com\/de\/wp-json\/wp\/v2\/types\/page"}],"author":[{"embeddable":true,"href":"https:\/\/vibrotech-eng.com\/de\/wp-json\/wp\/v2\/users\/2"}],"replies":[{"embeddable":true,"href":"https:\/\/vibrotech-eng.com\/de\/wp-json\/wp\/v2\/comments?post=6717"}],"version-history":[{"count":0,"href":"https:\/\/vibrotech-eng.com\/de\/wp-json\/wp\/v2\/pages\/6717\/revisions"}],"up":[{"embeddable":true,"href":"https:\/\/vibrotech-eng.com\/de\/wp-json\/wp\/v2\/pages\/6893"}],"wp:attachment":[{"href":"https:\/\/vibrotech-eng.com\/de\/wp-json\/wp\/v2\/media?parent=6717"}],"curies":[{"name":"wp","href":"https:\/\/api.w.org\/{rel}","templated":true}]}}