{"id":6711,"date":"2017-09-25T12:16:40","date_gmt":"2017-09-25T10:16:40","guid":{"rendered":"https:\/\/vibrotech-eng.com\/mesas-densimetricas\/"},"modified":"2021-05-17T11:43:50","modified_gmt":"2021-05-17T09:43:50","slug":"mesas-densimetricas","status":"publish","type":"page","link":"https:\/\/vibrotech-eng.com\/de\/productos\/mesas-densimetricas\/","title":{"rendered":"Trenntische"},"content":{"rendered":"<div id='av_section_1'  class='avia-section av-7p62m-e52f522bd88e3e39a9c2f775a34dbdee main_color avia-section-default avia-no-border-styling  avia-builder-el-0  avia-builder-el-no-sibling  avia-bg-style-scroll container_wrap sidebar_right'  ><div class='container av-section-cont-open' ><main  role=\"main\" itemprop=\"mainContentOfPage\"  class='template-page content  av-content-small alpha units'><div class='post-entry post-entry-type-page post-entry-6711'><div class='entry-content-wrapper clearfix'>\n<section  class='av_textblock_section av-71qee-89481ae8085d823aa2c8b6f2a484cc04 '   itemscope=\"itemscope\" itemtype=\"https:\/\/schema.org\/CreativeWork\" ><div class='avia_textblock'  itemprop=\"text\" ><h1 style=\"text-align: center;\">Trenntische<\/h1>\n<\/div><\/section>\n\n<style type=\"text\/css\" data-created_by=\"avia_inline_auto\" id=\"style-css-av-6eq8i-faa6f418a561d7e503f0cdba93895489\">\n#top .hr.hr-invisible.av-6eq8i-faa6f418a561d7e503f0cdba93895489{\nheight:50px;\n}\n<\/style>\n<div  class='hr av-6eq8i-faa6f418a561d7e503f0cdba93895489 hr-invisible  avia-builder-el-2  el_after_av_textblock  el_before_av_one_third '><span class='hr-inner '><span class=\"hr-inner-style\"><\/span><\/span><\/div>\n<div class='flex_column_table av-5sa22-3f94f0fd9b5b85c699a5f2b8775f2bf5 sc-av_one_third av-equal-height-column-flextable'>\n<style type=\"text\/css\" data-created_by=\"avia_inline_auto\" id=\"style-css-av-5sa22-3f94f0fd9b5b85c699a5f2b8775f2bf5\">\n.flex_column.av-5sa22-3f94f0fd9b5b85c699a5f2b8775f2bf5{\nborder-radius:0px 0px 0px 0px;\npadding:0px 0px 0px 0px;\n}\n<\/style>\n<div  class='flex_column av-5sa22-3f94f0fd9b5b85c699a5f2b8775f2bf5 av_one_third  avia-builder-el-3  el_after_av_hr  el_before_av_one_third  first flex_column_table_cell av-equal-height-column av-align-middle av-zero-column-padding  '     ><style type=\"text\/css\" data-created_by=\"avia_inline_auto\" id=\"style-css-av-hhrq-7d76241e45f1de77c940d492e75f7877\">\n.avia-image-container.av-hhrq-7d76241e45f1de77c940d492e75f7877 img.avia_image{\nbox-shadow:none;\n}\n.avia-image-container.av-hhrq-7d76241e45f1de77c940d492e75f7877 .av-image-caption-overlay-center{\ncolor:#ffffff;\n}\n<\/style>\n<div  class='avia-image-container av-hhrq-7d76241e45f1de77c940d492e75f7877 av-styling- avia-align-center  avia-builder-el-4  avia-builder-el-no-sibling '   itemprop=\"image\" itemscope=\"itemscope\" itemtype=\"https:\/\/schema.org\/ImageObject\" ><div class=\"avia-image-container-inner\"><div class=\"avia-image-overlay-wrap\"><img decoding=\"async\" fetchpriority=\"high\" class='wp-image-6172 avia-img-lazy-loading-not-6172 avia_image ' src=\"https:\/\/vibrotech-eng.com\/wp-content\/uploads\/2017\/12\/mesas-densimetricas-1.jpg\" alt='' title='mesas-densimetricas'  height=\"844\" width=\"700\"  itemprop=\"thumbnailUrl\" srcset=\"https:\/\/vibrotech-eng.com\/wp-content\/uploads\/2017\/12\/mesas-densimetricas-1.jpg 700w, https:\/\/vibrotech-eng.com\/wp-content\/uploads\/2017\/12\/mesas-densimetricas-1-249x300.jpg 249w, https:\/\/vibrotech-eng.com\/wp-content\/uploads\/2017\/12\/mesas-densimetricas-1-585x705.jpg 585w, https:\/\/vibrotech-eng.com\/wp-content\/uploads\/2017\/12\/mesas-densimetricas-1-450x543.jpg 450w\" sizes=\"(max-width: 700px) 100vw, 700px\" \/><\/div><\/div><\/div><\/div><div class='av-flex-placeholder'><\/div>\n<style type=\"text\/css\" data-created_by=\"avia_inline_auto\" id=\"style-css-av-4lhjq-6dd3e19b65aa477c947d2b3cf7ab79e9\">\n.flex_column.av-4lhjq-6dd3e19b65aa477c947d2b3cf7ab79e9{\nborder-radius:0px 0px 0px 0px;\npadding:0px 0px 0px 0px;\n}\n<\/style>\n<div  class='flex_column av-4lhjq-6dd3e19b65aa477c947d2b3cf7ab79e9 av_one_third  avia-builder-el-5  el_after_av_one_third  el_before_av_one_third  flex_column_table_cell av-equal-height-column av-align-middle av-zero-column-padding  '     ><section  class='av_textblock_section av-445ea-415bbc8ee10bb208a8fbdd1c2d7f978a '   itemscope=\"itemscope\" itemtype=\"https:\/\/schema.org\/CreativeWork\" ><div class='avia_textblock'  itemprop=\"text\" ><p class=\"p1\"><span class=\"s1\">Trenntische sind Maschinen, die zur Trennung von Produkten unterschiedlicher Dichte mithilfe eines Verfl\u00fcssigungssystems und einer R\u00fcttelkomponente konzipiert sind.<\/span><\/p>\n<\/div><\/section><br \/>\n<section  class='av_textblock_section av-39msa-4aae8229f1deb519babe0f6cc1831653 '   itemscope=\"itemscope\" itemtype=\"https:\/\/schema.org\/CreativeWork\" ><div class='avia_textblock'  itemprop=\"text\" ><p class=\"p1\"><span class=\"s1\">Sie werden von R\u00fcttelsystemen (Exzenterwellensystem oder Elektror\u00fcttler) angetrieben, w\u00e4hrend das Gebl\u00e4se eine Luftkammer erzeugt. Dies f\u00fchrt zu einer Trennung von Produkten unterschiedlicher Dichte.<\/span><\/p>\n<\/div><\/section><br \/>\n<section  class='av_textblock_section av-2ka7i-7d9d60a42fb50c2f7b9ea6331c74e3c5 '   itemscope=\"itemscope\" itemtype=\"https:\/\/schema.org\/CreativeWork\" ><div class='avia_textblock'  itemprop=\"text\" ><p class=\"p1\"><span class=\"s1\">Die Installation kann mit zwei Tischen parallel und mit einem R\u00fcttelbeschicker erfolgen, der als Materialverteiler fungiert.<\/span><\/p>\n<p class=\"p1\"><span class=\"s1\">Die Materialien, die in dieser Art von Tischen getrennt werden k\u00f6nnen, sind \u00e4u\u00dferst unterschiedlich \u2013 ebenso wie die Anwendungsbereiche.<\/span><\/p>\n<\/div><\/section><br \/>\n<section  class='av_textblock_section av-20g5y-fe3b98f731344d3f7464adb240ee4284 '   itemscope=\"itemscope\" itemtype=\"https:\/\/schema.org\/CreativeWork\" ><div class='avia_textblock'  itemprop=\"text\" ><p class=\"p1\"><span class=\"s1\">Einige der h\u00e4ufigsten sind folgende:<\/span><\/p>\n<ul class=\"ul1\">\n<li class=\"li2\"><span class=\"s3\">Maschinen f\u00fcr Anlagen f\u00fcr Siedlungsabf\u00e4lle, Trennung von Inertstoffen vom Kompost<\/span><\/li>\n<li class=\"li2\"><span class=\"s3\">Recycling von Glas, Kunststoffen, elektrischen Materialien usw.<\/span><\/li>\n<li class=\"li2\"><span class=\"s3\">Vorbereitung von Biomasse vor der Verbrennung.<\/span><\/li>\n<\/ul>\n<\/div><\/section><\/p><\/div><div class='av-flex-placeholder'><\/div>\n<style type=\"text\/css\" data-created_by=\"avia_inline_auto\" id=\"style-css-av-1b0ku-48b9ff2043e6ed8fa505a16bd21a781e\">\n.flex_column.av-1b0ku-48b9ff2043e6ed8fa505a16bd21a781e{\nborder-radius:0px 0px 0px 0px;\npadding:0px 0px 0px 0px;\n}\n<\/style>\n<div  class='flex_column av-1b0ku-48b9ff2043e6ed8fa505a16bd21a781e av_one_third  avia-builder-el-10  el_after_av_one_third  avia-builder-el-last  flex_column_table_cell av-equal-height-column av-align-middle av-zero-column-padding  '     ><style type=\"text\/css\" data-created_by=\"avia_inline_auto\" id=\"style-css-av-up8e-59e60d80dcb6a48981d2a3e0d0c8ede2\">\n.avia-image-container.av-up8e-59e60d80dcb6a48981d2a3e0d0c8ede2 img.avia_image{\nbox-shadow:none;\n}\n.avia-image-container.av-up8e-59e60d80dcb6a48981d2a3e0d0c8ede2 .av-image-caption-overlay-center{\ncolor:#ffffff;\n}\n<\/style>\n<div  class='avia-image-container av-up8e-59e60d80dcb6a48981d2a3e0d0c8ede2 av-styling- avia-align-center  avia-builder-el-11  avia-builder-el-no-sibling '   itemprop=\"image\" itemscope=\"itemscope\" itemtype=\"https:\/\/schema.org\/ImageObject\" ><div class=\"avia-image-container-inner\"><div class=\"avia-image-overlay-wrap\"><img decoding=\"async\" fetchpriority=\"high\" class='wp-image-6170 avia-img-lazy-loading-not-6170 avia_image ' src=\"https:\/\/vibrotech-eng.com\/wp-content\/uploads\/2017\/12\/mesas-densimetricas-2.jpg\" alt='' title='mesas densimetricas'  height=\"695\" width=\"540\"  itemprop=\"thumbnailUrl\" srcset=\"https:\/\/vibrotech-eng.com\/wp-content\/uploads\/2017\/12\/mesas-densimetricas-2.jpg 540w, https:\/\/vibrotech-eng.com\/wp-content\/uploads\/2017\/12\/mesas-densimetricas-2-233x300.jpg 233w, https:\/\/vibrotech-eng.com\/wp-content\/uploads\/2017\/12\/mesas-densimetricas-2-450x579.jpg 450w\" sizes=\"(max-width: 540px) 100vw, 540px\" \/><\/div><\/div><\/div><\/div><\/div><!--close column table wrapper. Autoclose: 1 --><\/div><\/div><\/main><!-- close content main element --><\/div><\/div><div id='after_section_1'  class='main_color av_default_container_wrap container_wrap sidebar_right'  ><div class='container av-section-cont-open' ><div class='template-page content  av-content-small alpha units'><div class='post-entry post-entry-type-page post-entry-6711'><div class='entry-content-wrapper clearfix'>\n","protected":false},"excerpt":{"rendered":"","protected":false},"author":2,"featured_media":0,"parent":6893,"menu_order":0,"comment_status":"closed","ping_status":"closed","template":"","meta":{"footnotes":""},"class_list":["post-6711","page","type-page","status-publish","hentry"],"yoast_head":"<!-- This site is optimized with the Yoast SEO Premium plugin v20.3 (Yoast SEO v27.4) - https:\/\/yoast.com\/product\/yoast-seo-premium-wordpress\/ -->\n<title>Trenntische - Vibrotech Engineering S.L<\/title>\n<meta name=\"robots\" content=\"index, follow, max-snippet:-1, max-image-preview:large, max-video-preview:-1\" \/>\n<link rel=\"canonical\" href=\"https:\/\/vibrotech-eng.com\/de\/productos\/mesas-densimetricas\/\" \/>\n<meta property=\"og:locale\" content=\"de_DE\" \/>\n<meta property=\"og:type\" content=\"article\" \/>\n<meta property=\"og:title\" content=\"Trenntische\" \/>\n<meta property=\"og:url\" content=\"https:\/\/vibrotech-eng.com\/de\/productos\/mesas-densimetricas\/\" \/>\n<meta property=\"og:site_name\" content=\"Vibrotech Engineering S.L\" \/>\n<meta property=\"article:modified_time\" content=\"2021-05-17T09:43:50+00:00\" \/>\n<meta name=\"twitter:card\" content=\"summary_large_image\" \/>\n<meta name=\"twitter:label1\" content=\"Gesch\u00e4tzte Lesezeit\" \/>\n\t<meta name=\"twitter:data1\" content=\"4\u00a0Minuten\" \/>\n<script type=\"application\/ld+json\" class=\"yoast-schema-graph\">{\"@context\":\"https:\\\/\\\/schema.org\",\"@graph\":[{\"@type\":\"WebPage\",\"@id\":\"https:\\\/\\\/vibrotech-eng.com\\\/de\\\/productos\\\/mesas-densimetricas\\\/\",\"url\":\"https:\\\/\\\/vibrotech-eng.com\\\/de\\\/productos\\\/mesas-densimetricas\\\/\",\"name\":\"Trenntische - Vibrotech Engineering S.L\",\"isPartOf\":{\"@id\":\"https:\\\/\\\/vibrotech-eng.com\\\/de\\\/#website\"},\"datePublished\":\"2017-09-25T10:16:40+00:00\",\"dateModified\":\"2021-05-17T09:43:50+00:00\",\"breadcrumb\":{\"@id\":\"https:\\\/\\\/vibrotech-eng.com\\\/de\\\/productos\\\/mesas-densimetricas\\\/#breadcrumb\"},\"inLanguage\":\"de\",\"potentialAction\":[{\"@type\":\"ReadAction\",\"target\":[\"https:\\\/\\\/vibrotech-eng.com\\\/de\\\/productos\\\/mesas-densimetricas\\\/\"]}]},{\"@type\":\"BreadcrumbList\",\"@id\":\"https:\\\/\\\/vibrotech-eng.com\\\/de\\\/productos\\\/mesas-densimetricas\\\/#breadcrumb\",\"itemListElement\":[{\"@type\":\"ListItem\",\"position\":1,\"name\":\"Start\",\"item\":\"https:\\\/\\\/vibrotech-eng.com\\\/de\\\/inicio\\\/\"},{\"@type\":\"ListItem\",\"position\":2,\"name\":\"Produkte\",\"item\":\"https:\\\/\\\/vibrotech-eng.com\\\/de\\\/productos\\\/\"},{\"@type\":\"ListItem\",\"position\":3,\"name\":\"Trenntische\"}]},{\"@type\":\"WebSite\",\"@id\":\"https:\\\/\\\/vibrotech-eng.com\\\/de\\\/#website\",\"url\":\"https:\\\/\\\/vibrotech-eng.com\\\/de\\\/\",\"name\":\"Vibrotech Engineering S.L\",\"description\":\"Empresa espa\u00f1ola que desarrolla su actividad principal en el dise\u00f1o y fabricaci\u00f3n de maquinaria vibrante\",\"potentialAction\":[{\"@type\":\"SearchAction\",\"target\":{\"@type\":\"EntryPoint\",\"urlTemplate\":\"https:\\\/\\\/vibrotech-eng.com\\\/de\\\/?s={search_term_string}\"},\"query-input\":{\"@type\":\"PropertyValueSpecification\",\"valueRequired\":true,\"valueName\":\"search_term_string\"}}],\"inLanguage\":\"de\"}]}<\/script>\n<!-- \/ Yoast SEO Premium plugin. -->","yoast_head_json":{"title":"Trenntische - Vibrotech Engineering S.L","robots":{"index":"index","follow":"follow","max-snippet":"max-snippet:-1","max-image-preview":"max-image-preview:large","max-video-preview":"max-video-preview:-1"},"canonical":"https:\/\/vibrotech-eng.com\/de\/productos\/mesas-densimetricas\/","og_locale":"de_DE","og_type":"article","og_title":"Trenntische","og_url":"https:\/\/vibrotech-eng.com\/de\/productos\/mesas-densimetricas\/","og_site_name":"Vibrotech Engineering S.L","article_modified_time":"2021-05-17T09:43:50+00:00","twitter_card":"summary_large_image","twitter_misc":{"Gesch\u00e4tzte Lesezeit":"4\u00a0Minuten"},"schema":{"@context":"https:\/\/schema.org","@graph":[{"@type":"WebPage","@id":"https:\/\/vibrotech-eng.com\/de\/productos\/mesas-densimetricas\/","url":"https:\/\/vibrotech-eng.com\/de\/productos\/mesas-densimetricas\/","name":"Trenntische - Vibrotech Engineering S.L","isPartOf":{"@id":"https:\/\/vibrotech-eng.com\/de\/#website"},"datePublished":"2017-09-25T10:16:40+00:00","dateModified":"2021-05-17T09:43:50+00:00","breadcrumb":{"@id":"https:\/\/vibrotech-eng.com\/de\/productos\/mesas-densimetricas\/#breadcrumb"},"inLanguage":"de","potentialAction":[{"@type":"ReadAction","target":["https:\/\/vibrotech-eng.com\/de\/productos\/mesas-densimetricas\/"]}]},{"@type":"BreadcrumbList","@id":"https:\/\/vibrotech-eng.com\/de\/productos\/mesas-densimetricas\/#breadcrumb","itemListElement":[{"@type":"ListItem","position":1,"name":"Start","item":"https:\/\/vibrotech-eng.com\/de\/inicio\/"},{"@type":"ListItem","position":2,"name":"Produkte","item":"https:\/\/vibrotech-eng.com\/de\/productos\/"},{"@type":"ListItem","position":3,"name":"Trenntische"}]},{"@type":"WebSite","@id":"https:\/\/vibrotech-eng.com\/de\/#website","url":"https:\/\/vibrotech-eng.com\/de\/","name":"Vibrotech Engineering S.L","description":"Empresa espa\u00f1ola que desarrolla su actividad principal en el dise\u00f1o y fabricaci\u00f3n de maquinaria vibrante","potentialAction":[{"@type":"SearchAction","target":{"@type":"EntryPoint","urlTemplate":"https:\/\/vibrotech-eng.com\/de\/?s={search_term_string}"},"query-input":{"@type":"PropertyValueSpecification","valueRequired":true,"valueName":"search_term_string"}}],"inLanguage":"de"}]}},"_links":{"self":[{"href":"https:\/\/vibrotech-eng.com\/de\/wp-json\/wp\/v2\/pages\/6711","targetHints":{"allow":["GET"]}}],"collection":[{"href":"https:\/\/vibrotech-eng.com\/de\/wp-json\/wp\/v2\/pages"}],"about":[{"href":"https:\/\/vibrotech-eng.com\/de\/wp-json\/wp\/v2\/types\/page"}],"author":[{"embeddable":true,"href":"https:\/\/vibrotech-eng.com\/de\/wp-json\/wp\/v2\/users\/2"}],"replies":[{"embeddable":true,"href":"https:\/\/vibrotech-eng.com\/de\/wp-json\/wp\/v2\/comments?post=6711"}],"version-history":[{"count":0,"href":"https:\/\/vibrotech-eng.com\/de\/wp-json\/wp\/v2\/pages\/6711\/revisions"}],"up":[{"embeddable":true,"href":"https:\/\/vibrotech-eng.com\/de\/wp-json\/wp\/v2\/pages\/6893"}],"wp:attachment":[{"href":"https:\/\/vibrotech-eng.com\/de\/wp-json\/wp\/v2\/media?parent=6711"}],"curies":[{"name":"wp","href":"https:\/\/api.w.org\/{rel}","templated":true}]}}