{"id":6700,"date":"2017-09-25T12:16:00","date_gmt":"2017-09-25T10:16:00","guid":{"rendered":"https:\/\/vibrotech-eng.com\/maquinas-de-secado-y-enfriamiento\/"},"modified":"2021-05-12T12:39:20","modified_gmt":"2021-05-12T10:39:20","slug":"maquinas-de-secado-y-enfriamiento","status":"publish","type":"page","link":"https:\/\/vibrotech-eng.com\/de\/productos\/maquinas-de-secado-y-enfriamiento\/","title":{"rendered":"Trocknungs- und K\u00fchlmaschinen"},"content":{"rendered":"<div id='av_section_1'  class='avia-section av-7t1ng-701ca039534eb3db73f1eaac2c658031 main_color avia-section-default avia-no-border-styling  avia-builder-el-0  avia-builder-el-no-sibling  avia-bg-style-scroll container_wrap sidebar_right'  ><div class='container av-section-cont-open' ><main  role=\"main\" itemprop=\"mainContentOfPage\"  class='template-page content  av-content-small alpha units'><div class='post-entry post-entry-type-page post-entry-6700'><div class='entry-content-wrapper clearfix'>\n<section  class='av_textblock_section av-7pk18-137b323c07e4ebc12ae1c26405a25f98 '   itemscope=\"itemscope\" itemtype=\"https:\/\/schema.org\/CreativeWork\" ><div class='avia_textblock'  itemprop=\"text\" ><h1 style=\"text-align: center;\">Trocknungs- und K\u00fchlmaschinen<\/h1>\n<\/div><\/section>\n\n<style type=\"text\/css\" data-created_by=\"avia_inline_auto\" id=\"style-css-av-6lxc4-fcca486547af126d1e92e0387cf99015\">\n#top .hr.hr-invisible.av-6lxc4-fcca486547af126d1e92e0387cf99015{\nheight:50px;\n}\n<\/style>\n<div  class='hr av-6lxc4-fcca486547af126d1e92e0387cf99015 hr-invisible  avia-builder-el-2  el_after_av_textblock  el_before_av_one_third '><span class='hr-inner '><span class=\"hr-inner-style\"><\/span><\/span><\/div>\n\n<style type=\"text\/css\" data-created_by=\"avia_inline_auto\" id=\"style-css-av-6hssw-75514c3c12d65aa0edd0d5577692c363\">\n.flex_column.av-6hssw-75514c3c12d65aa0edd0d5577692c363{\nborder-radius:0px 0px 0px 0px;\npadding:0px 0px 0px 0px;\n}\n<\/style>\n<div  class='flex_column av-6hssw-75514c3c12d65aa0edd0d5577692c363 av_one_third  avia-builder-el-3  el_after_av_hr  el_before_av_one_third  first flex_column_div av-zero-column-padding  '     ><section  class='av_textblock_section av-5ns8w-9eaeddf846b9cbe88984159093b6f0d2 '   itemscope=\"itemscope\" itemtype=\"https:\/\/schema.org\/CreativeWork\" ><div class='avia_textblock'  itemprop=\"text\" ><p class=\"p1\"><span class=\"s1\">Wirbelschicht-R\u00fcttel-Trocknungs- und K\u00fchlmaschinen<\/span><\/p>\n<ul class=\"ul1\">\n<li class=\"li2\"><span class=\"s3\">Diese erm\u00f6glichen es, die behandelten Produkte f\u00fcr weitere Prozesse anzupassen.<\/span><\/li>\n<li class=\"li2\"><span class=\"s3\">Feuchtigkeit- und Temperaturkontrolle des Materials am Ausgang<\/span><\/li>\n<li class=\"li2\"><span class=\"s3\">Die vibrierenden Wirbelschichten werden von Elektror\u00fcttlern angetrieben.<\/span><\/li>\n<\/ul>\n<\/div><\/section><\/div>\n<style type=\"text\/css\" data-created_by=\"avia_inline_auto\" id=\"style-css-av-1u6o-5558ea6551d91381ca1a6c1f33eaf38f\">\n.flex_column.av-1u6o-5558ea6551d91381ca1a6c1f33eaf38f{\nborder-radius:0px 0px 0px 0px;\npadding:0px 0px 0px 0px;\n}\n<\/style>\n<div  class='flex_column av-1u6o-5558ea6551d91381ca1a6c1f33eaf38f av_one_third  avia-builder-el-5  el_after_av_one_third  el_before_av_one_third  flex_column_div av-zero-column-padding  '     ><style type=\"text\/css\" data-created_by=\"avia_inline_auto\" id=\"style-css-av-4qe34-23b489a17eb5c0706e342dc44b5e553c\">\n.avia-image-container.av-4qe34-23b489a17eb5c0706e342dc44b5e553c img.avia_image{\nbox-shadow:none;\n}\n.avia-image-container.av-4qe34-23b489a17eb5c0706e342dc44b5e553c .av-image-caption-overlay-center{\ncolor:#ffffff;\n}\n<\/style>\n<div  class='avia-image-container av-4qe34-23b489a17eb5c0706e342dc44b5e553c av-styling- avia-align-center  avia-builder-el-6  avia-builder-el-no-sibling '   itemprop=\"image\" itemscope=\"itemscope\" itemtype=\"https:\/\/schema.org\/ImageObject\" ><div class=\"avia-image-container-inner\"><div class=\"avia-image-overlay-wrap\"><img decoding=\"async\" fetchpriority=\"high\" class='wp-image-6013 avia-img-lazy-loading-not-6013 avia_image ' src=\"https:\/\/vibrotech-eng.com\/wp-content\/uploads\/2017\/12\/M\u00e1quinas-de-Secado-y-Enfriamiento-2.jpg\" alt='' title='Trocknungs- und K\u00fchlmaschinen'  height=\"412\" width=\"600\"  itemprop=\"thumbnailUrl\" srcset=\"https:\/\/vibrotech-eng.com\/wp-content\/uploads\/2017\/12\/M\u00e1quinas-de-Secado-y-Enfriamiento-2.jpg 600w, https:\/\/vibrotech-eng.com\/wp-content\/uploads\/2017\/12\/M\u00e1quinas-de-Secado-y-Enfriamiento-2-300x206.jpg 300w, https:\/\/vibrotech-eng.com\/wp-content\/uploads\/2017\/12\/M\u00e1quinas-de-Secado-y-Enfriamiento-2-450x309.jpg 450w\" sizes=\"(max-width: 600px) 100vw, 600px\" \/><\/div><\/div><\/div><\/div>\n<style type=\"text\/css\" data-created_by=\"avia_inline_auto\" id=\"style-css-av-dfbc-f954c41ac40342ab30d6c0bb571e6244\">\n.flex_column.av-dfbc-f954c41ac40342ab30d6c0bb571e6244{\nborder-radius:0px 0px 0px 0px;\npadding:0px 0px 0px 0px;\n}\n<\/style>\n<div  class='flex_column av-dfbc-f954c41ac40342ab30d6c0bb571e6244 av_one_third  avia-builder-el-7  el_after_av_one_third  el_before_av_one_third  flex_column_div av-zero-column-padding  '     ><\/div>\n<style type=\"text\/css\" data-created_by=\"avia_inline_auto\" id=\"style-css-av-3hqzk-69acd00315ece4acdc58220493a5c9fe\">\n.flex_column.av-3hqzk-69acd00315ece4acdc58220493a5c9fe{\nborder-radius:0px 0px 0px 0px;\npadding:0px 0px 0px 0px;\n}\n<\/style>\n<div  class='flex_column av-3hqzk-69acd00315ece4acdc58220493a5c9fe av_one_third  avia-builder-el-8  el_after_av_one_third  el_before_av_one_third  first flex_column_div av-zero-column-padding  column-top-margin'     ><\/div>\n<style type=\"text\/css\" data-created_by=\"avia_inline_auto\" id=\"style-css-av-2hy6c-2eef3484e9520924a616fc6a1b7a9f80\">\n.flex_column.av-2hy6c-2eef3484e9520924a616fc6a1b7a9f80{\nborder-radius:0px 0px 0px 0px;\npadding:0px 0px 0px 0px;\n}\n<\/style>\n<div  class='flex_column av-2hy6c-2eef3484e9520924a616fc6a1b7a9f80 av_one_third  avia-builder-el-9  el_after_av_one_third  el_before_av_one_third  flex_column_div av-zero-column-padding  column-top-margin'     ><section  class='av_textblock_section av-233dk-92e1eed06a7824d1d0f2315266167c14 '   itemscope=\"itemscope\" itemtype=\"https:\/\/schema.org\/CreativeWork\" ><div class='avia_textblock'  itemprop=\"text\" ><p class=\"p1\"><span class=\"s1\">Anwendungen:<\/span><\/p>\n<ul class=\"ul1\">\n<li class=\"li2\"><span class=\"s3\">K\u00fchlen und Trocknen aller Arten von Feststoffen<\/span><\/li>\n<li class=\"li2\"><span class=\"s3\">Trocknung von Sand in M\u00f6rtelwerken zur besseren Verarbeitung<\/span><\/li>\n<li class=\"li2\"><span class=\"s3\">Vorbereitung von Formsand in der Gie\u00dferei<\/span><\/li>\n<li class=\"li2\"><span class=\"s3\">Feuchtigkeitsreduzierung von Schlamm in der Papierverarbeitung<\/span><\/li>\n<\/ul>\n<\/div><\/section><\/div>\n<style type=\"text\/css\" data-created_by=\"avia_inline_auto\" id=\"style-css-av-1s304-c894f24b0b498f16b794e4a22dd6e3b1\">\n.flex_column.av-1s304-c894f24b0b498f16b794e4a22dd6e3b1{\nborder-radius:0px 0px 0px 0px;\npadding:0px 0px 0px 0px;\n}\n<\/style>\n<div  class='flex_column av-1s304-c894f24b0b498f16b794e4a22dd6e3b1 av_one_third  avia-builder-el-11  el_after_av_one_third  avia-builder-el-last  flex_column_div av-zero-column-padding  column-top-margin'     ><style type=\"text\/css\" data-created_by=\"avia_inline_auto\" id=\"style-css-av-zzyw-b2aa2bc13a5dfa818070e68288277a51\">\n.avia-image-container.av-zzyw-b2aa2bc13a5dfa818070e68288277a51 img.avia_image{\nbox-shadow:none;\n}\n.avia-image-container.av-zzyw-b2aa2bc13a5dfa818070e68288277a51 .av-image-caption-overlay-center{\ncolor:#ffffff;\n}\n<\/style>\n<div  class='avia-image-container av-zzyw-b2aa2bc13a5dfa818070e68288277a51 av-styling- avia-align-center  avia-builder-el-12  avia-builder-el-no-sibling '   itemprop=\"image\" itemscope=\"itemscope\" itemtype=\"https:\/\/schema.org\/ImageObject\" ><div class=\"avia-image-container-inner\"><div class=\"avia-image-overlay-wrap\"><img decoding=\"async\" fetchpriority=\"high\" class='wp-image-6014 avia-img-lazy-loading-not-6014 avia_image ' src=\"https:\/\/vibrotech-eng.com\/wp-content\/uploads\/2017\/12\/M\u00e1quinas-de-Secado-y-Enfriamiento.jpg\" alt='' title='M\u00e1quinas de Secado y Enfriamiento'  height=\"606\" width=\"750\"  itemprop=\"thumbnailUrl\" srcset=\"https:\/\/vibrotech-eng.com\/wp-content\/uploads\/2017\/12\/M\u00e1quinas-de-Secado-y-Enfriamiento.jpg 750w, https:\/\/vibrotech-eng.com\/wp-content\/uploads\/2017\/12\/M\u00e1quinas-de-Secado-y-Enfriamiento-300x242.jpg 300w, https:\/\/vibrotech-eng.com\/wp-content\/uploads\/2017\/12\/M\u00e1quinas-de-Secado-y-Enfriamiento-495x400.jpg 495w, https:\/\/vibrotech-eng.com\/wp-content\/uploads\/2017\/12\/M\u00e1quinas-de-Secado-y-Enfriamiento-705x570.jpg 705w, https:\/\/vibrotech-eng.com\/wp-content\/uploads\/2017\/12\/M\u00e1quinas-de-Secado-y-Enfriamiento-450x364.jpg 450w\" sizes=\"(max-width: 750px) 100vw, 750px\" \/><\/div><\/div><\/div><\/div><\/div><\/div><\/main><!-- close content main element --><\/div><\/div><div id='after_section_1'  class='main_color av_default_container_wrap container_wrap sidebar_right'  ><div class='container av-section-cont-open' ><div class='template-page content  av-content-small alpha units'><div class='post-entry post-entry-type-page post-entry-6700'><div class='entry-content-wrapper clearfix'>\n","protected":false},"excerpt":{"rendered":"","protected":false},"author":2,"featured_media":0,"parent":6893,"menu_order":0,"comment_status":"closed","ping_status":"closed","template":"","meta":{"footnotes":""},"class_list":["post-6700","page","type-page","status-publish","hentry"],"yoast_head":"<!-- This site is optimized with the Yoast SEO Premium plugin v20.3 (Yoast SEO v27.5) - https:\/\/yoast.com\/product\/yoast-seo-premium-wordpress\/ -->\n<title>Trocknungs- und K\u00fchlmaschinen - Vibrotech Engineering S.L<\/title>\n<meta name=\"robots\" content=\"index, follow, max-snippet:-1, max-image-preview:large, max-video-preview:-1\" \/>\n<link rel=\"canonical\" href=\"https:\/\/vibrotech-eng.com\/de\/productos\/maquinas-de-secado-y-enfriamiento\/\" \/>\n<meta property=\"og:locale\" content=\"de_DE\" \/>\n<meta property=\"og:type\" content=\"article\" \/>\n<meta property=\"og:title\" content=\"Trocknungs- und K\u00fchlmaschinen\" \/>\n<meta property=\"og:url\" content=\"https:\/\/vibrotech-eng.com\/de\/productos\/maquinas-de-secado-y-enfriamiento\/\" \/>\n<meta property=\"og:site_name\" content=\"Vibrotech Engineering S.L\" \/>\n<meta property=\"article:modified_time\" content=\"2021-05-12T10:39:20+00:00\" \/>\n<meta name=\"twitter:card\" content=\"summary_large_image\" \/>\n<meta name=\"twitter:label1\" content=\"Gesch\u00e4tzte Lesezeit\" \/>\n\t<meta name=\"twitter:data1\" content=\"4\u00a0Minuten\" \/>\n<script type=\"application\/ld+json\" class=\"yoast-schema-graph\">{\"@context\":\"https:\\\/\\\/schema.org\",\"@graph\":[{\"@type\":\"WebPage\",\"@id\":\"https:\\\/\\\/vibrotech-eng.com\\\/de\\\/productos\\\/maquinas-de-secado-y-enfriamiento\\\/\",\"url\":\"https:\\\/\\\/vibrotech-eng.com\\\/de\\\/productos\\\/maquinas-de-secado-y-enfriamiento\\\/\",\"name\":\"Trocknungs- und K\u00fchlmaschinen - Vibrotech Engineering S.L\",\"isPartOf\":{\"@id\":\"https:\\\/\\\/vibrotech-eng.com\\\/de\\\/#website\"},\"datePublished\":\"2017-09-25T10:16:00+00:00\",\"dateModified\":\"2021-05-12T10:39:20+00:00\",\"breadcrumb\":{\"@id\":\"https:\\\/\\\/vibrotech-eng.com\\\/de\\\/productos\\\/maquinas-de-secado-y-enfriamiento\\\/#breadcrumb\"},\"inLanguage\":\"de\",\"potentialAction\":[{\"@type\":\"ReadAction\",\"target\":[\"https:\\\/\\\/vibrotech-eng.com\\\/de\\\/productos\\\/maquinas-de-secado-y-enfriamiento\\\/\"]}]},{\"@type\":\"BreadcrumbList\",\"@id\":\"https:\\\/\\\/vibrotech-eng.com\\\/de\\\/productos\\\/maquinas-de-secado-y-enfriamiento\\\/#breadcrumb\",\"itemListElement\":[{\"@type\":\"ListItem\",\"position\":1,\"name\":\"Start\",\"item\":\"https:\\\/\\\/vibrotech-eng.com\\\/de\\\/inicio\\\/\"},{\"@type\":\"ListItem\",\"position\":2,\"name\":\"Produkte\",\"item\":\"https:\\\/\\\/vibrotech-eng.com\\\/de\\\/productos\\\/\"},{\"@type\":\"ListItem\",\"position\":3,\"name\":\"Trocknungs- und K\u00fchlmaschinen\"}]},{\"@type\":\"WebSite\",\"@id\":\"https:\\\/\\\/vibrotech-eng.com\\\/de\\\/#website\",\"url\":\"https:\\\/\\\/vibrotech-eng.com\\\/de\\\/\",\"name\":\"Vibrotech Engineering S.L\",\"description\":\"Empresa espa\u00f1ola que desarrolla su actividad principal en el dise\u00f1o y fabricaci\u00f3n de maquinaria vibrante\",\"potentialAction\":[{\"@type\":\"SearchAction\",\"target\":{\"@type\":\"EntryPoint\",\"urlTemplate\":\"https:\\\/\\\/vibrotech-eng.com\\\/de\\\/?s={search_term_string}\"},\"query-input\":{\"@type\":\"PropertyValueSpecification\",\"valueRequired\":true,\"valueName\":\"search_term_string\"}}],\"inLanguage\":\"de\"}]}<\/script>\n<!-- \/ Yoast SEO Premium plugin. -->","yoast_head_json":{"title":"Trocknungs- und K\u00fchlmaschinen - Vibrotech Engineering S.L","robots":{"index":"index","follow":"follow","max-snippet":"max-snippet:-1","max-image-preview":"max-image-preview:large","max-video-preview":"max-video-preview:-1"},"canonical":"https:\/\/vibrotech-eng.com\/de\/productos\/maquinas-de-secado-y-enfriamiento\/","og_locale":"de_DE","og_type":"article","og_title":"Trocknungs- und K\u00fchlmaschinen","og_url":"https:\/\/vibrotech-eng.com\/de\/productos\/maquinas-de-secado-y-enfriamiento\/","og_site_name":"Vibrotech Engineering S.L","article_modified_time":"2021-05-12T10:39:20+00:00","twitter_card":"summary_large_image","twitter_misc":{"Gesch\u00e4tzte Lesezeit":"4\u00a0Minuten"},"schema":{"@context":"https:\/\/schema.org","@graph":[{"@type":"WebPage","@id":"https:\/\/vibrotech-eng.com\/de\/productos\/maquinas-de-secado-y-enfriamiento\/","url":"https:\/\/vibrotech-eng.com\/de\/productos\/maquinas-de-secado-y-enfriamiento\/","name":"Trocknungs- und K\u00fchlmaschinen - Vibrotech Engineering S.L","isPartOf":{"@id":"https:\/\/vibrotech-eng.com\/de\/#website"},"datePublished":"2017-09-25T10:16:00+00:00","dateModified":"2021-05-12T10:39:20+00:00","breadcrumb":{"@id":"https:\/\/vibrotech-eng.com\/de\/productos\/maquinas-de-secado-y-enfriamiento\/#breadcrumb"},"inLanguage":"de","potentialAction":[{"@type":"ReadAction","target":["https:\/\/vibrotech-eng.com\/de\/productos\/maquinas-de-secado-y-enfriamiento\/"]}]},{"@type":"BreadcrumbList","@id":"https:\/\/vibrotech-eng.com\/de\/productos\/maquinas-de-secado-y-enfriamiento\/#breadcrumb","itemListElement":[{"@type":"ListItem","position":1,"name":"Start","item":"https:\/\/vibrotech-eng.com\/de\/inicio\/"},{"@type":"ListItem","position":2,"name":"Produkte","item":"https:\/\/vibrotech-eng.com\/de\/productos\/"},{"@type":"ListItem","position":3,"name":"Trocknungs- und K\u00fchlmaschinen"}]},{"@type":"WebSite","@id":"https:\/\/vibrotech-eng.com\/de\/#website","url":"https:\/\/vibrotech-eng.com\/de\/","name":"Vibrotech Engineering S.L","description":"Empresa espa\u00f1ola que desarrolla su actividad principal en el dise\u00f1o y fabricaci\u00f3n de maquinaria vibrante","potentialAction":[{"@type":"SearchAction","target":{"@type":"EntryPoint","urlTemplate":"https:\/\/vibrotech-eng.com\/de\/?s={search_term_string}"},"query-input":{"@type":"PropertyValueSpecification","valueRequired":true,"valueName":"search_term_string"}}],"inLanguage":"de"}]}},"_links":{"self":[{"href":"https:\/\/vibrotech-eng.com\/de\/wp-json\/wp\/v2\/pages\/6700","targetHints":{"allow":["GET"]}}],"collection":[{"href":"https:\/\/vibrotech-eng.com\/de\/wp-json\/wp\/v2\/pages"}],"about":[{"href":"https:\/\/vibrotech-eng.com\/de\/wp-json\/wp\/v2\/types\/page"}],"author":[{"embeddable":true,"href":"https:\/\/vibrotech-eng.com\/de\/wp-json\/wp\/v2\/users\/2"}],"replies":[{"embeddable":true,"href":"https:\/\/vibrotech-eng.com\/de\/wp-json\/wp\/v2\/comments?post=6700"}],"version-history":[{"count":0,"href":"https:\/\/vibrotech-eng.com\/de\/wp-json\/wp\/v2\/pages\/6700\/revisions"}],"up":[{"embeddable":true,"href":"https:\/\/vibrotech-eng.com\/de\/wp-json\/wp\/v2\/pages\/6893"}],"wp:attachment":[{"href":"https:\/\/vibrotech-eng.com\/de\/wp-json\/wp\/v2\/media?parent=6700"}],"curies":[{"name":"wp","href":"https:\/\/api.w.org\/{rel}","templated":true}]}}