{"id":6682,"date":"2017-09-25T12:15:23","date_gmt":"2017-09-25T10:15:23","guid":{"rendered":"https:\/\/vibrotech-eng.com\/precribadores-grizlies-scalpers\/"},"modified":"2021-05-26T08:51:45","modified_gmt":"2021-05-26T06:51:45","slug":"precribadores-grizlies-scalpers","status":"publish","type":"page","link":"https:\/\/vibrotech-eng.com\/de\/productos\/precribadores-grizlies-scalpers\/","title":{"rendered":"Grizzlies-Scalpers"},"content":{"rendered":"<div id='av_section_1'  class='avia-section av-tep4-b6d97913ff0dcd5325a0467e3fcc02d9 main_color avia-section-default avia-no-border-styling  avia-builder-el-0  avia-builder-el-no-sibling  avia-bg-style-scroll container_wrap sidebar_right'  ><div class='container av-section-cont-open' ><main  role=\"main\" itemprop=\"mainContentOfPage\"  class='template-page content  av-content-small alpha units'><div class='post-entry post-entry-type-page post-entry-6682'><div class='entry-content-wrapper clearfix'>\n<section  class='av_textblock_section av-7ixu4-e8e8bed379f60c2ffb454152c1f56924 '   itemscope=\"itemscope\" itemtype=\"https:\/\/schema.org\/CreativeWork\" ><div class='avia_textblock'  itemprop=\"text\" ><h1 style=\"text-align: center;\">Grizzlies-Scalpers<\/h1>\n<\/div><\/section>\n\n<style type=\"text\/css\" data-created_by=\"avia_inline_auto\" id=\"style-css-av-70rto-8711855c82342fdc8d9c98b86686c264\">\n#top .hr.hr-invisible.av-70rto-8711855c82342fdc8d9c98b86686c264{\nheight:50px;\n}\n<\/style>\n<div  class='hr av-70rto-8711855c82342fdc8d9c98b86686c264 hr-invisible  avia-builder-el-2  el_after_av_textblock  el_before_av_one_third '><span class='hr-inner '><span class=\"hr-inner-style\"><\/span><\/span><\/div>\n\n<style type=\"text\/css\" data-created_by=\"avia_inline_auto\" id=\"style-css-av-628gk-48689cdc233b405951711e0bfc0708e1\">\n.flex_column.av-628gk-48689cdc233b405951711e0bfc0708e1{\nborder-radius:0px 0px 0px 0px;\npadding:0px 0px 0px 0px;\n}\n<\/style>\n<div  class='flex_column av-628gk-48689cdc233b405951711e0bfc0708e1 av_one_third  avia-builder-el-3  el_after_av_hr  el_before_av_one_third  first flex_column_div av-zero-column-padding  '     ><section  class='av_textblock_section av-5qsvw-d0690e478b612bae3287182f8c101aaf '   itemscope=\"itemscope\" itemtype=\"https:\/\/schema.org\/CreativeWork\" ><div class='avia_textblock'  itemprop=\"text\" ><p class=\"p1\"><span class=\"s1\"><b>Vibrotech Engineering S.L.<\/b> entwirft und fertigt Grizzlies und Scalpers haupts\u00e4chlich f\u00fcr die Industrie zur <b>Gewinnung von Zuschlagstoffen<\/b> (Steinbr\u00fcche, Kiesgruben und Bergbau) und Recyclinganlagen f\u00fcr feste Siedlungsabf\u00e4lle und gemischte Bau- und Abbruchabf\u00e4lle.<\/span><\/p>\n<\/div><\/section><br \/>\n<section  class='av_textblock_section av-4va5w-19e6b10914e38bbe73e014539a1c49d0 '   itemscope=\"itemscope\" itemtype=\"https:\/\/schema.org\/CreativeWork\" ><div class='avia_textblock'  itemprop=\"text\" ><p class=\"p1\"><span class=\"s1\">Der Antrieb dieser Maschinen erfolgt in der Regel mit Getriebeerregern f\u00fcr gro\u00dfe Modelle oder mit Elektromotorvibratoren f\u00fcr kleinere Gr\u00f6\u00dfen. Der Antrieb wird in Abh\u00e4ngigkeit von der Gr\u00f6\u00dfe des Grizzlies und dem zu verarbeitenden F\u00f6rderstrom gew\u00e4hlt.<\/span><\/p>\n<\/div><\/section><\/p><\/div>\n<style type=\"text\/css\" data-created_by=\"avia_inline_auto\" id=\"style-css-av-4h4ac-73c844d58d902259d6a056d24aebc30f\">\n.flex_column.av-4h4ac-73c844d58d902259d6a056d24aebc30f{\nborder-radius:0px 0px 0px 0px;\npadding:0px 0px 0px 0px;\n}\n<\/style>\n<div  class='flex_column av-4h4ac-73c844d58d902259d6a056d24aebc30f av_one_third  avia-builder-el-6  el_after_av_one_third  el_before_av_one_third  flex_column_div av-zero-column-padding  '     ><section  class='av_textblock_section av-3yqv8-c37a6024e72c61ef1c50ad652ea43193 '   itemscope=\"itemscope\" itemtype=\"https:\/\/schema.org\/CreativeWork\" ><div class='avia_textblock'  itemprop=\"text\" ><p class=\"p1\"><span class=\"s1\">Die Maschinen sind aufgrund der anspruchsvollen Aufgaben, denen sie unterworfen sind, in schwerer Bauweise ausgef\u00fchrt.<\/span><\/p>\n<\/div><\/section><br \/>\n<section  class='av_textblock_section av-398kw-af56c797aa4d1950799d65409f99238a '   itemscope=\"itemscope\" itemtype=\"https:\/\/schema.org\/CreativeWork\" ><div class='avia_textblock'  itemprop=\"text\" ><p class=\"p1\"><span class=\"s1\">Im Allgemeinen werden die Grizzlies und Scalper dazu verwendet, den Feinanteil der Produktion in den Brechern und Backenbrechern zu reduzieren, indem sie das Feinmaterial vor dem Eintritt in die Brecher eliminieren.<\/span><\/p>\n<p class=\"p1\"><span class=\"s1\">Die Grizzlies und Scalpers k\u00f6nnen je nach Einsatz mit verschiedenen Konfigurationen hergestellt werden. Ebenso k\u00f6nnen alle Gittertypen f\u00fcr die Abscheidung von feinem Material angepasst werden.<\/span><\/p>\n<\/div><\/section><\/p><\/div>\n<style type=\"text\/css\" data-created_by=\"avia_inline_auto\" id=\"style-css-av-2o02o-85da1591a1fe178bcd39d198b12ddf28\">\n.flex_column.av-2o02o-85da1591a1fe178bcd39d198b12ddf28{\nborder-radius:0px 0px 0px 0px;\npadding:0px 0px 0px 0px;\n}\n<\/style>\n<div  class='flex_column av-2o02o-85da1591a1fe178bcd39d198b12ddf28 av_one_third  avia-builder-el-9  el_after_av_one_third  el_before_av_hr  flex_column_div av-zero-column-padding  '     ><style type=\"text\/css\" data-created_by=\"avia_inline_auto\" id=\"style-css-av-1wpig-3a2c1ad9dc5495959b4636dab1a3b03f\">\n.avia-image-container.av-1wpig-3a2c1ad9dc5495959b4636dab1a3b03f img.avia_image{\nbox-shadow:none;\n}\n.avia-image-container.av-1wpig-3a2c1ad9dc5495959b4636dab1a3b03f .av-image-caption-overlay-center{\ncolor:#ffffff;\n}\n<\/style>\n<div  class='avia-image-container av-1wpig-3a2c1ad9dc5495959b4636dab1a3b03f av-styling- avia-align-center  avia-builder-el-10  avia-builder-el-no-sibling '   itemprop=\"image\" itemscope=\"itemscope\" itemtype=\"https:\/\/schema.org\/ImageObject\" ><div class=\"avia-image-container-inner\"><div class=\"avia-image-overlay-wrap\"><img decoding=\"async\" fetchpriority=\"high\" class='wp-image-6165 avia-img-lazy-loading-not-6165 avia_image ' src=\"https:\/\/vibrotech-eng.com\/wp-content\/uploads\/2017\/12\/PRECRIBADORES-GRIZZLIES-SCALPERS.jpg\" alt='' title='Escurridores&lt;br \/&gt;Vibrantes'  height=\"525\" width=\"700\"  itemprop=\"thumbnailUrl\" srcset=\"https:\/\/vibrotech-eng.com\/wp-content\/uploads\/2017\/12\/PRECRIBADORES-GRIZZLIES-SCALPERS.jpg 700w, https:\/\/vibrotech-eng.com\/wp-content\/uploads\/2017\/12\/PRECRIBADORES-GRIZZLIES-SCALPERS-300x225.jpg 300w, https:\/\/vibrotech-eng.com\/wp-content\/uploads\/2017\/12\/PRECRIBADORES-GRIZZLIES-SCALPERS-450x338.jpg 450w\" sizes=\"(max-width: 700px) 100vw, 700px\" \/><\/div><\/div><\/div><\/div>\n<style type=\"text\/css\" data-created_by=\"avia_inline_auto\" id=\"style-css-av-1ddu0-5d75351453d7762c86f05833c2368031\">\n#top .hr.hr-invisible.av-1ddu0-5d75351453d7762c86f05833c2368031{\nheight:50px;\n}\n<\/style>\n<div  class='hr av-1ddu0-5d75351453d7762c86f05833c2368031 hr-invisible  avia-builder-el-11  el_after_av_one_third  el_before_av_masonry_gallery  avia-builder-el-last '><span class='hr-inner '><span class=\"hr-inner-style\"><\/span><\/span><\/div>\n<div id='av-masonry-1' class='av-masonry av-radw-713413a21655757a60bf8b0f86415cf8 noHover av-fixed-size av-large-gap av-hover-overlay- av-masonry-animation-active av-masonry-col-5 av-caption-always av-caption-style- av-masonry-gallery ' data-post_id=\"6682\"><div class=\"av-masonry-container isotope av-js-disabled\"><div class='av-masonry-entry isotope-item av-masonry-item-no-image '><\/div><a href=\"https:\/\/vibrotech-eng.com\/wp-content\/uploads\/2017\/12\/PRECRIBADORES-GRIZZLIES-SCALPERS.jpg\" data-srcset=\"https:\/\/vibrotech-eng.com\/wp-content\/uploads\/2017\/12\/PRECRIBADORES-GRIZZLIES-SCALPERS.jpg 700w, https:\/\/vibrotech-eng.com\/wp-content\/uploads\/2017\/12\/PRECRIBADORES-GRIZZLIES-SCALPERS-300x225.jpg 300w, https:\/\/vibrotech-eng.com\/wp-content\/uploads\/2017\/12\/PRECRIBADORES-GRIZZLIES-SCALPERS-450x338.jpg 450w\" data-sizes=\"(max-width: 700px) 100vw, 700px\"  aria-label=\"Bild Escurridores&lt;br \/&gt;Vibrantes\"  id='av-masonry-1-item-6165' data-av-masonry-item='6165' class='av-masonry-entry isotope-item post-6165 attachment type-attachment status-inherit hentry  av-masonry-item-with-image' title=\"Escurridores&lt;br \/&gt;Vibrantes\" alt=\"\"    itemprop=\"thumbnailUrl\" ><div class='av-inner-masonry-sizer'><\/div><figure class='av-inner-masonry main_color'><div class=\"av-masonry-outerimage-container\"><div class='av-masonry-image-container' style=\"background-image: url(https:\/\/vibrotech-eng.com\/wp-content\/uploads\/2017\/12\/PRECRIBADORES-GRIZZLIES-SCALPERS.jpg);\"  title=\"Escurridores&lt;br \/&gt;Vibrantes\"  ><\/div><\/div><\/figure><\/a><!--end av-masonry entry--><a href=\"https:\/\/vibrotech-eng.com\/wp-content\/uploads\/2017\/09\/Precribadores-y-Escurridores-2-1.jpg\" data-srcset=\"https:\/\/vibrotech-eng.com\/wp-content\/uploads\/2017\/09\/Precribadores-y-Escurridores-2-1.jpg 750w, https:\/\/vibrotech-eng.com\/wp-content\/uploads\/2017\/09\/Precribadores-y-Escurridores-2-1-300x170.jpg 300w, https:\/\/vibrotech-eng.com\/wp-content\/uploads\/2017\/09\/Precribadores-y-Escurridores-2-1-705x399.jpg 705w, https:\/\/vibrotech-eng.com\/wp-content\/uploads\/2017\/09\/Precribadores-y-Escurridores-2-1-450x254.jpg 450w\" data-sizes=\"(max-width: 750px) 100vw, 750px\"  aria-label=\"Bild Grizzlies-Scalpers\"  id='av-masonry-1-item-5998' data-av-masonry-item='5998' class='av-masonry-entry isotope-item post-5998 attachment type-attachment status-inherit hentry  av-masonry-item-with-image' title=\"Grizzlies-Scalpers\" alt=\"\"    itemprop=\"thumbnailUrl\" ><div class='av-inner-masonry-sizer'><\/div><figure class='av-inner-masonry main_color'><div class=\"av-masonry-outerimage-container\"><div class='av-masonry-image-container' style=\"background-image: url(https:\/\/vibrotech-eng.com\/wp-content\/uploads\/2017\/09\/Precribadores-y-Escurridores-2-1-705x399.jpg);\"  title=\"Grizzlies-Scalpers\"  ><\/div><\/div><\/figure><\/a><!--end av-masonry entry--><a href=\"https:\/\/vibrotech-eng.com\/wp-content\/uploads\/2017\/09\/Precribadores-y-Escurridores-4-1.jpg\" data-srcset=\"https:\/\/vibrotech-eng.com\/wp-content\/uploads\/2017\/09\/Precribadores-y-Escurridores-4-1.jpg 600w, https:\/\/vibrotech-eng.com\/wp-content\/uploads\/2017\/09\/Precribadores-y-Escurridores-4-1-300x249.jpg 300w, https:\/\/vibrotech-eng.com\/wp-content\/uploads\/2017\/09\/Precribadores-y-Escurridores-4-1-450x373.jpg 450w\" data-sizes=\"(max-width: 600px) 100vw, 600px\"  aria-label=\"Bild CATALOGO GENERAL V11\"  id='av-masonry-1-item-5999' data-av-masonry-item='5999' class='av-masonry-entry isotope-item post-5999 attachment type-attachment status-inherit hentry  av-masonry-item-with-image' title=\"CATALOGO GENERAL V11\" alt=\"\"    itemprop=\"thumbnailUrl\" ><div class='av-inner-masonry-sizer'><\/div><figure class='av-inner-masonry main_color'><div class=\"av-masonry-outerimage-container\"><div class='av-masonry-image-container' style=\"background-image: url(https:\/\/vibrotech-eng.com\/wp-content\/uploads\/2017\/09\/Precribadores-y-Escurridores-4-1.jpg);\"  title=\"CATALOGO GENERAL V11\"  ><\/div><\/div><\/figure><\/a><!--end av-masonry entry--><a href=\"https:\/\/vibrotech-eng.com\/wp-content\/uploads\/2017\/12\/grizlies.jpg\" data-srcset=\"https:\/\/vibrotech-eng.com\/wp-content\/uploads\/2017\/12\/grizlies.jpg 1000w, https:\/\/vibrotech-eng.com\/wp-content\/uploads\/2017\/12\/grizlies-300x225.jpg 300w, https:\/\/vibrotech-eng.com\/wp-content\/uploads\/2017\/12\/grizlies-768x576.jpg 768w, https:\/\/vibrotech-eng.com\/wp-content\/uploads\/2017\/12\/grizlies-705x529.jpg 705w, https:\/\/vibrotech-eng.com\/wp-content\/uploads\/2017\/12\/grizlies-450x338.jpg 450w\" data-sizes=\"(max-width: 1000px) 100vw, 1000px\"  aria-label=\"Bild grizlies\"  id='av-masonry-1-item-6176' data-av-masonry-item='6176' class='av-masonry-entry isotope-item post-6176 attachment type-attachment status-inherit hentry  av-masonry-item-with-image' title=\"grizlies\" alt=\"\"    itemprop=\"thumbnailUrl\" ><div class='av-inner-masonry-sizer'><\/div><figure class='av-inner-masonry main_color'><div class=\"av-masonry-outerimage-container\"><div class='av-masonry-image-container' style=\"background-image: url(https:\/\/vibrotech-eng.com\/wp-content\/uploads\/2017\/12\/grizlies-705x529.jpg);\"  title=\"grizlies\"  ><\/div><\/div><\/figure><\/a><!--end av-masonry entry--><a href=\"https:\/\/vibrotech-eng.com\/wp-content\/uploads\/2018\/03\/GRIZZLIE-PRECRIBADOR.jpg\" data-srcset=\"https:\/\/vibrotech-eng.com\/wp-content\/uploads\/2018\/03\/GRIZZLIE-PRECRIBADOR.jpg 800w, https:\/\/vibrotech-eng.com\/wp-content\/uploads\/2018\/03\/GRIZZLIE-PRECRIBADOR-300x225.jpg 300w, https:\/\/vibrotech-eng.com\/wp-content\/uploads\/2018\/03\/GRIZZLIE-PRECRIBADOR-768x576.jpg 768w, https:\/\/vibrotech-eng.com\/wp-content\/uploads\/2018\/03\/GRIZZLIE-PRECRIBADOR-705x529.jpg 705w, https:\/\/vibrotech-eng.com\/wp-content\/uploads\/2018\/03\/GRIZZLIE-PRECRIBADOR-450x338.jpg 450w\" data-sizes=\"(max-width: 800px) 100vw, 800px\"  aria-label=\"Bild GRIZZLIE PRECRIBADOR\"  id='av-masonry-1-item-6298' data-av-masonry-item='6298' class='av-masonry-entry isotope-item post-6298 attachment type-attachment status-inherit hentry  av-masonry-item-with-image' title=\"GRIZZLIE PRECRIBADOR\" alt=\"\"    itemprop=\"thumbnailUrl\" ><div class='av-inner-masonry-sizer'><\/div><figure class='av-inner-masonry main_color'><div class=\"av-masonry-outerimage-container\"><div class='av-masonry-image-container' style=\"background-image: url(https:\/\/vibrotech-eng.com\/wp-content\/uploads\/2018\/03\/GRIZZLIE-PRECRIBADOR-705x529.jpg);\"  title=\"GRIZZLIE PRECRIBADOR\"  ><\/div><\/div><\/figure><\/a><!--end av-masonry entry--><a href=\"https:\/\/vibrotech-eng.com\/wp-content\/uploads\/2018\/03\/PRECRIBADOR-GRIZZLIE.jpg\" data-srcset=\"https:\/\/vibrotech-eng.com\/wp-content\/uploads\/2018\/03\/PRECRIBADOR-GRIZZLIE.jpg 800w, https:\/\/vibrotech-eng.com\/wp-content\/uploads\/2018\/03\/PRECRIBADOR-GRIZZLIE-300x225.jpg 300w, https:\/\/vibrotech-eng.com\/wp-content\/uploads\/2018\/03\/PRECRIBADOR-GRIZZLIE-768x576.jpg 768w, https:\/\/vibrotech-eng.com\/wp-content\/uploads\/2018\/03\/PRECRIBADOR-GRIZZLIE-705x529.jpg 705w, https:\/\/vibrotech-eng.com\/wp-content\/uploads\/2018\/03\/PRECRIBADOR-GRIZZLIE-450x338.jpg 450w\" data-sizes=\"(max-width: 800px) 100vw, 800px\"  aria-label=\"Bild PRECRIBADOR-GRIZZLIE\"  id='av-masonry-1-item-6299' data-av-masonry-item='6299' class='av-masonry-entry isotope-item post-6299 attachment type-attachment status-inherit hentry  av-masonry-item-with-image' title=\"PRECRIBADOR-GRIZZLIE\" alt=\"\"    itemprop=\"thumbnailUrl\" ><div class='av-inner-masonry-sizer'><\/div><figure class='av-inner-masonry main_color'><div class=\"av-masonry-outerimage-container\"><div class='av-masonry-image-container' style=\"background-image: url(https:\/\/vibrotech-eng.com\/wp-content\/uploads\/2018\/03\/PRECRIBADOR-GRIZZLIE-705x529.jpg);\"  title=\"PRECRIBADOR-GRIZZLIE\"  ><\/div><\/div><\/figure><\/a><!--end av-masonry entry--><a href=\"https:\/\/vibrotech-eng.com\/wp-content\/uploads\/2018\/09\/PRECRIBADOR-1030x773.jpg\" data-srcset=\"https:\/\/vibrotech-eng.com\/wp-content\/uploads\/2018\/09\/PRECRIBADOR-1030x773.jpg 1030w, https:\/\/vibrotech-eng.com\/wp-content\/uploads\/2018\/09\/PRECRIBADOR-300x225.jpg 300w, https:\/\/vibrotech-eng.com\/wp-content\/uploads\/2018\/09\/PRECRIBADOR-768x576.jpg 768w, https:\/\/vibrotech-eng.com\/wp-content\/uploads\/2018\/09\/PRECRIBADOR-1500x1125.jpg 1500w, https:\/\/vibrotech-eng.com\/wp-content\/uploads\/2018\/09\/PRECRIBADOR-705x529.jpg 705w, https:\/\/vibrotech-eng.com\/wp-content\/uploads\/2018\/09\/PRECRIBADOR-450x338.jpg 450w\" data-sizes=\"(max-width: 1030px) 100vw, 1030px\"  aria-label=\"Bild Precribadores Grizlies y Scalpers\"  id='av-masonry-1-item-6359' data-av-masonry-item='6359' class='av-masonry-entry isotope-item post-6359 attachment type-attachment status-inherit hentry  av-masonry-item-with-image' title=\"Precribadores Grizlies y Scalpers\" alt=\"\"    itemprop=\"thumbnailUrl\" ><div class='av-inner-masonry-sizer'><\/div><figure class='av-inner-masonry main_color'><div class=\"av-masonry-outerimage-container\"><div class='av-masonry-image-container' style=\"background-image: url(https:\/\/vibrotech-eng.com\/wp-content\/uploads\/2018\/09\/PRECRIBADOR-705x529.jpg);\"  title=\"Precribadores Grizlies y Scalpers\"  ><\/div><\/div><\/figure><\/a><!--end av-masonry entry--><\/div><\/div>\n<\/div><\/div><\/main><!-- close content main element --><\/div><\/div><div id='after_section_1'  class='main_color av_default_container_wrap container_wrap sidebar_right'  ><div class='container av-section-cont-open' ><div class='template-page content  av-content-small alpha units'><div class='post-entry post-entry-type-page post-entry-6682'><div class='entry-content-wrapper clearfix'>\n","protected":false},"excerpt":{"rendered":"","protected":false},"author":2,"featured_media":0,"parent":6893,"menu_order":0,"comment_status":"closed","ping_status":"closed","template":"","meta":{"footnotes":""},"class_list":["post-6682","page","type-page","status-publish","hentry"],"yoast_head":"<!-- This site is optimized with the Yoast SEO Premium plugin v20.3 (Yoast SEO v27.5) - https:\/\/yoast.com\/product\/yoast-seo-premium-wordpress\/ -->\n<title>Precribadores-Grizlies-Scalpers - Vibrotech Engineering S.L<\/title>\n<meta name=\"robots\" content=\"index, follow, max-snippet:-1, max-image-preview:large, max-video-preview:-1\" \/>\n<link rel=\"canonical\" href=\"https:\/\/vibrotech-eng.com\/de\/productos\/precribadores-grizlies-scalpers\/\" \/>\n<meta property=\"og:locale\" content=\"de_DE\" \/>\n<meta property=\"og:type\" content=\"article\" \/>\n<meta property=\"og:title\" content=\"Grizzlies-Scalpers\" \/>\n<meta property=\"og:url\" content=\"https:\/\/vibrotech-eng.com\/de\/productos\/precribadores-grizlies-scalpers\/\" \/>\n<meta property=\"og:site_name\" content=\"Vibrotech Engineering S.L\" \/>\n<meta property=\"article:modified_time\" content=\"2021-05-26T06:51:45+00:00\" \/>\n<meta name=\"twitter:card\" content=\"summary_large_image\" \/>\n<meta name=\"twitter:label1\" content=\"Gesch\u00e4tzte Lesezeit\" \/>\n\t<meta name=\"twitter:data1\" content=\"4\u00a0Minuten\" \/>\n<script type=\"application\/ld+json\" class=\"yoast-schema-graph\">{\"@context\":\"https:\\\/\\\/schema.org\",\"@graph\":[{\"@type\":\"WebPage\",\"@id\":\"https:\\\/\\\/vibrotech-eng.com\\\/de\\\/productos\\\/precribadores-grizlies-scalpers\\\/\",\"url\":\"https:\\\/\\\/vibrotech-eng.com\\\/de\\\/productos\\\/precribadores-grizlies-scalpers\\\/\",\"name\":\"Precribadores-Grizlies-Scalpers - Vibrotech Engineering S.L\",\"isPartOf\":{\"@id\":\"https:\\\/\\\/vibrotech-eng.com\\\/de\\\/#website\"},\"datePublished\":\"2017-09-25T10:15:23+00:00\",\"dateModified\":\"2021-05-26T06:51:45+00:00\",\"breadcrumb\":{\"@id\":\"https:\\\/\\\/vibrotech-eng.com\\\/de\\\/productos\\\/precribadores-grizlies-scalpers\\\/#breadcrumb\"},\"inLanguage\":\"de\",\"potentialAction\":[{\"@type\":\"ReadAction\",\"target\":[\"https:\\\/\\\/vibrotech-eng.com\\\/de\\\/productos\\\/precribadores-grizlies-scalpers\\\/\"]}]},{\"@type\":\"BreadcrumbList\",\"@id\":\"https:\\\/\\\/vibrotech-eng.com\\\/de\\\/productos\\\/precribadores-grizlies-scalpers\\\/#breadcrumb\",\"itemListElement\":[{\"@type\":\"ListItem\",\"position\":1,\"name\":\"Start\",\"item\":\"https:\\\/\\\/vibrotech-eng.com\\\/de\\\/inicio\\\/\"},{\"@type\":\"ListItem\",\"position\":2,\"name\":\"Produkte\",\"item\":\"https:\\\/\\\/vibrotech-eng.com\\\/de\\\/productos\\\/\"},{\"@type\":\"ListItem\",\"position\":3,\"name\":\"Grizzlies-Scalpers\"}]},{\"@type\":\"WebSite\",\"@id\":\"https:\\\/\\\/vibrotech-eng.com\\\/de\\\/#website\",\"url\":\"https:\\\/\\\/vibrotech-eng.com\\\/de\\\/\",\"name\":\"Vibrotech Engineering S.L\",\"description\":\"Empresa espa\u00f1ola que desarrolla su actividad principal en el dise\u00f1o y fabricaci\u00f3n de maquinaria vibrante\",\"potentialAction\":[{\"@type\":\"SearchAction\",\"target\":{\"@type\":\"EntryPoint\",\"urlTemplate\":\"https:\\\/\\\/vibrotech-eng.com\\\/de\\\/?s={search_term_string}\"},\"query-input\":{\"@type\":\"PropertyValueSpecification\",\"valueRequired\":true,\"valueName\":\"search_term_string\"}}],\"inLanguage\":\"de\"}]}<\/script>\n<!-- \/ Yoast SEO Premium plugin. -->","yoast_head_json":{"title":"Precribadores-Grizlies-Scalpers - Vibrotech Engineering S.L","robots":{"index":"index","follow":"follow","max-snippet":"max-snippet:-1","max-image-preview":"max-image-preview:large","max-video-preview":"max-video-preview:-1"},"canonical":"https:\/\/vibrotech-eng.com\/de\/productos\/precribadores-grizlies-scalpers\/","og_locale":"de_DE","og_type":"article","og_title":"Grizzlies-Scalpers","og_url":"https:\/\/vibrotech-eng.com\/de\/productos\/precribadores-grizlies-scalpers\/","og_site_name":"Vibrotech Engineering S.L","article_modified_time":"2021-05-26T06:51:45+00:00","twitter_card":"summary_large_image","twitter_misc":{"Gesch\u00e4tzte Lesezeit":"4\u00a0Minuten"},"schema":{"@context":"https:\/\/schema.org","@graph":[{"@type":"WebPage","@id":"https:\/\/vibrotech-eng.com\/de\/productos\/precribadores-grizlies-scalpers\/","url":"https:\/\/vibrotech-eng.com\/de\/productos\/precribadores-grizlies-scalpers\/","name":"Precribadores-Grizlies-Scalpers - Vibrotech Engineering S.L","isPartOf":{"@id":"https:\/\/vibrotech-eng.com\/de\/#website"},"datePublished":"2017-09-25T10:15:23+00:00","dateModified":"2021-05-26T06:51:45+00:00","breadcrumb":{"@id":"https:\/\/vibrotech-eng.com\/de\/productos\/precribadores-grizlies-scalpers\/#breadcrumb"},"inLanguage":"de","potentialAction":[{"@type":"ReadAction","target":["https:\/\/vibrotech-eng.com\/de\/productos\/precribadores-grizlies-scalpers\/"]}]},{"@type":"BreadcrumbList","@id":"https:\/\/vibrotech-eng.com\/de\/productos\/precribadores-grizlies-scalpers\/#breadcrumb","itemListElement":[{"@type":"ListItem","position":1,"name":"Start","item":"https:\/\/vibrotech-eng.com\/de\/inicio\/"},{"@type":"ListItem","position":2,"name":"Produkte","item":"https:\/\/vibrotech-eng.com\/de\/productos\/"},{"@type":"ListItem","position":3,"name":"Grizzlies-Scalpers"}]},{"@type":"WebSite","@id":"https:\/\/vibrotech-eng.com\/de\/#website","url":"https:\/\/vibrotech-eng.com\/de\/","name":"Vibrotech Engineering S.L","description":"Empresa espa\u00f1ola que desarrolla su actividad principal en el dise\u00f1o y fabricaci\u00f3n de maquinaria vibrante","potentialAction":[{"@type":"SearchAction","target":{"@type":"EntryPoint","urlTemplate":"https:\/\/vibrotech-eng.com\/de\/?s={search_term_string}"},"query-input":{"@type":"PropertyValueSpecification","valueRequired":true,"valueName":"search_term_string"}}],"inLanguage":"de"}]}},"_links":{"self":[{"href":"https:\/\/vibrotech-eng.com\/de\/wp-json\/wp\/v2\/pages\/6682","targetHints":{"allow":["GET"]}}],"collection":[{"href":"https:\/\/vibrotech-eng.com\/de\/wp-json\/wp\/v2\/pages"}],"about":[{"href":"https:\/\/vibrotech-eng.com\/de\/wp-json\/wp\/v2\/types\/page"}],"author":[{"embeddable":true,"href":"https:\/\/vibrotech-eng.com\/de\/wp-json\/wp\/v2\/users\/2"}],"replies":[{"embeddable":true,"href":"https:\/\/vibrotech-eng.com\/de\/wp-json\/wp\/v2\/comments?post=6682"}],"version-history":[{"count":0,"href":"https:\/\/vibrotech-eng.com\/de\/wp-json\/wp\/v2\/pages\/6682\/revisions"}],"up":[{"embeddable":true,"href":"https:\/\/vibrotech-eng.com\/de\/wp-json\/wp\/v2\/pages\/6893"}],"wp:attachment":[{"href":"https:\/\/vibrotech-eng.com\/de\/wp-json\/wp\/v2\/media?parent=6682"}],"curies":[{"name":"wp","href":"https:\/\/api.w.org\/{rel}","templated":true}]}}