{"id":6670,"date":"2017-09-25T12:14:21","date_gmt":"2017-09-25T10:14:21","guid":{"rendered":"https:\/\/vibrotech-eng.com\/transportadores-tubulares-vibratorios\/"},"modified":"2021-05-25T15:03:18","modified_gmt":"2021-05-25T13:03:18","slug":"transportadores-tubulares-vibratorios","status":"publish","type":"page","link":"https:\/\/vibrotech-eng.com\/de\/productos\/transportadores-tubulares-vibratorios\/","title":{"rendered":"F\u00f6rderrohre"},"content":{"rendered":"<div id='av_section_1'  class='avia-section av-8qzmv-94cf3c7d5a4eb2daca858b0e428e8c16 main_color avia-section-default avia-no-border-styling  avia-builder-el-0  avia-builder-el-no-sibling  avia-bg-style-scroll container_wrap sidebar_right'  ><div class='container av-section-cont-open' ><main  role=\"main\" itemprop=\"mainContentOfPage\"  class='template-page content  av-content-small alpha units'><div class='post-entry post-entry-type-page post-entry-6670'><div class='entry-content-wrapper clearfix'>\n<section  class='av_textblock_section av-7xkar-b8f607098862098654d51e9bb801acf5 '   itemscope=\"itemscope\" itemtype=\"https:\/\/schema.org\/CreativeWork\" ><div class='avia_textblock'  itemprop=\"text\" ><h1 style=\"text-align: center;\">F\u00f6rderrohre<\/h1>\n<\/div><\/section>\n\n<style type=\"text\/css\" data-created_by=\"avia_inline_auto\" id=\"style-css-av-7fftv-b27c6fbebaf47dada1bf9da464d54638\">\n#top .hr.hr-invisible.av-7fftv-b27c6fbebaf47dada1bf9da464d54638{\nheight:50px;\n}\n<\/style>\n<div  class='hr av-7fftv-b27c6fbebaf47dada1bf9da464d54638 hr-invisible  avia-builder-el-2  el_after_av_textblock  el_before_av_one_third '><span class='hr-inner '><span class=\"hr-inner-style\"><\/span><\/span><\/div>\n<div class='flex_column_table av-6pnqr-3f79077f1c7c29d2c83e79362af91668 sc-av_one_third av-equal-height-column-flextable'>\n<style type=\"text\/css\" data-created_by=\"avia_inline_auto\" id=\"style-css-av-6pnqr-3f79077f1c7c29d2c83e79362af91668\">\n.flex_column.av-6pnqr-3f79077f1c7c29d2c83e79362af91668{\nborder-radius:0px 0px 0px 0px;\npadding:0px 0px 0px 0px;\n}\n<\/style>\n<div  class='flex_column av-6pnqr-3f79077f1c7c29d2c83e79362af91668 av_one_third  avia-builder-el-3  el_after_av_hr  el_before_av_one_third  first flex_column_table_cell av-equal-height-column av-align-middle av-zero-column-padding  '     ><section  class='av_textblock_section av-65us3-fd900fd0050e01d0803406fec0fd6c09 '   itemscope=\"itemscope\" itemtype=\"https:\/\/schema.org\/CreativeWork\" ><div class='avia_textblock'  itemprop=\"text\" ><p class=\"p1\"><span class=\"s1\">Diese erm\u00f6glichen die F\u00f6rderung verschiedener Produkte mittels R\u00fctteln auf einer glatten Oberfl\u00e4che, wodurch Verstopfungsprobleme vermieden und eine konstante F\u00f6rdermenge gew\u00e4hrleistet wird.<\/span><\/p>\n<p class=\"p1\"><span class=\"s1\">Sie ersetzen in der Regel Schneckenf\u00f6rderer aufgrund von Wartungsproblemen derselben.<\/span><\/p>\n<\/div><\/section><br \/>\n<section  class='av_textblock_section av-5kf0r-b52c810ee4966c2ac81e7e5e579c3602 '   itemscope=\"itemscope\" itemtype=\"https:\/\/schema.org\/CreativeWork\" ><div class='avia_textblock'  itemprop=\"text\" ><p class=\"p1\"><span class=\"s1\">Sie werden in verschiedenen Industriezweigen eingesetzt, wie etwa bei Zuschlagstoffen f\u00fcr die F\u00f6rderung von Kalk sowie in der Lebensmittel-, Chemie-, Keramik- oder Glasindustrie.<\/span><\/p>\n<\/div><\/section><\/p><\/div><div class='av-flex-placeholder'><\/div>\n<style type=\"text\/css\" data-created_by=\"avia_inline_auto\" id=\"style-css-av-4zh0b-4cfa6ad2d1835c3fa2dd31e07545caa3\">\n.flex_column.av-4zh0b-4cfa6ad2d1835c3fa2dd31e07545caa3{\nborder-radius:0px 0px 0px 0px;\npadding:0px 0px 0px 0px;\n}\n<\/style>\n<div  class='flex_column av-4zh0b-4cfa6ad2d1835c3fa2dd31e07545caa3 av_one_third  avia-builder-el-6  el_after_av_one_third  el_before_av_one_third  flex_column_table_cell av-equal-height-column av-align-middle av-zero-column-padding  '     ><section  class='av_textblock_section av-4p9hr-baf3133fa017490dcb7503f6534d6965 '   itemscope=\"itemscope\" itemtype=\"https:\/\/schema.org\/CreativeWork\" ><div class='avia_textblock'  itemprop=\"text\" ><p class=\"p1\"><span class=\"s1\">In Abh\u00e4ngigkeit der zu f\u00f6rdernden Produkte k\u00f6nnen sie v\u00f6llig geschlossen mit rechteckigem oder rundem Querschnitt hergestellt werden. Auch Mannl\u00f6cher und Ansaug\u00f6ffnungen k\u00f6nnen integriert werden.<\/span><\/p>\n<\/div><\/section><br \/>\n<section  class='av_textblock_section av-3riof-7a7ab1224d40185fbd105ac669ddee60 '   itemscope=\"itemscope\" itemtype=\"https:\/\/schema.org\/CreativeWork\" ><div class='avia_textblock'  itemprop=\"text\" ><p class=\"p1\"><span class=\"s1\">Die Vorteile, die sie gegen\u00fcber Schneckenf\u00f6rderern bieten, sind in puncto Wartung betr\u00e4chtlich, da sie verhindern, dass das Produkt im Inneren des F\u00f6rderers zerbricht und sich m\u00f6glicherweise zwischen der Helix und dem Schneckenkorpus verklemmt.<\/span><\/p>\n<\/div><\/section><br \/>\n<section  class='av_textblock_section av-3fcy3-686d6ca9841a390b43cc3ed6bd3d942e '   itemscope=\"itemscope\" itemtype=\"https:\/\/schema.org\/CreativeWork\" ><div class='avia_textblock'  itemprop=\"text\" ><p class=\"p1\"><span class=\"s1\">All das macht sie zu einer \u00e4u\u00dferst effektiven L\u00f6sung mit zahlreichen Vorteilen.<\/span><\/p>\n<\/div><\/section><\/p><\/div><div class='av-flex-placeholder'><\/div>\n<style type=\"text\/css\" data-created_by=\"avia_inline_auto\" id=\"style-css-av-2gv1r-6fa0cf1129fe916b9f5f81d52e17b884\">\n.flex_column.av-2gv1r-6fa0cf1129fe916b9f5f81d52e17b884{\nborder-radius:0px 0px 0px 0px;\npadding:0px 0px 0px 0px;\n}\n<\/style>\n<div  class='flex_column av-2gv1r-6fa0cf1129fe916b9f5f81d52e17b884 av_one_third  avia-builder-el-10  el_after_av_one_third  el_before_av_hr  flex_column_table_cell av-equal-height-column av-align-middle av-zero-column-padding  '     ><style type=\"text\/css\" data-created_by=\"avia_inline_auto\" id=\"style-css-av-261xf-9c361f06f5c7128032ba0dcdc7a50c62\">\n.avia-image-container.av-261xf-9c361f06f5c7128032ba0dcdc7a50c62 img.avia_image{\nbox-shadow:none;\n}\n.avia-image-container.av-261xf-9c361f06f5c7128032ba0dcdc7a50c62 .av-image-caption-overlay-center{\ncolor:#ffffff;\n}\n<\/style>\n<div  class='avia-image-container av-261xf-9c361f06f5c7128032ba0dcdc7a50c62 av-styling- avia-align-center  avia-builder-el-11  avia-builder-el-no-sibling '   itemprop=\"image\" itemscope=\"itemscope\" itemtype=\"https:\/\/schema.org\/ImageObject\" ><div class=\"avia-image-container-inner\"><div class=\"avia-image-overlay-wrap\"><img decoding=\"async\" fetchpriority=\"high\" class='wp-image-5967 avia-img-lazy-loading-not-5967 avia_image ' src=\"https:\/\/vibrotech-eng.com\/wp-content\/uploads\/2017\/09\/Transportadores-Tubulares-Vibrantes-4.jpg\" alt='' title='Transportadores Tubulares Vibrantes 4'  height=\"563\" width=\"750\"  itemprop=\"thumbnailUrl\" srcset=\"https:\/\/vibrotech-eng.com\/wp-content\/uploads\/2017\/09\/Transportadores-Tubulares-Vibrantes-4.jpg 750w, https:\/\/vibrotech-eng.com\/wp-content\/uploads\/2017\/09\/Transportadores-Tubulares-Vibrantes-4-300x225.jpg 300w, https:\/\/vibrotech-eng.com\/wp-content\/uploads\/2017\/09\/Transportadores-Tubulares-Vibrantes-4-705x529.jpg 705w, https:\/\/vibrotech-eng.com\/wp-content\/uploads\/2017\/09\/Transportadores-Tubulares-Vibrantes-4-450x338.jpg 450w\" sizes=\"(max-width: 750px) 100vw, 750px\" \/><\/div><\/div><\/div><\/div><\/div><!--close column table wrapper. Autoclose: 1 -->\n<style type=\"text\/css\" data-created_by=\"avia_inline_auto\" id=\"style-css-av-1dclf-4c07dce51a55d8fc9cdd398da264fcc1\">\n#top .hr.hr-invisible.av-1dclf-4c07dce51a55d8fc9cdd398da264fcc1{\nheight:50px;\n}\n<\/style>\n<div  class='hr av-1dclf-4c07dce51a55d8fc9cdd398da264fcc1 hr-invisible  avia-builder-el-12  el_after_av_one_third  el_before_av_masonry_gallery  avia-builder-el-last '><span class='hr-inner '><span class=\"hr-inner-style\"><\/span><\/span><\/div>\n<div id='av-masonry-1' class='av-masonry av-14frf-adda629d415bddbcd1b228734b47bf40 noHover av-fixed-size av-large-gap av-hover-overlay- av-masonry-animation-active av-masonry-col-3 av-caption-always av-caption-style- av-masonry-gallery ' data-post_id=\"6670\"><div class=\"av-masonry-container isotope av-js-disabled\"><div class='av-masonry-entry isotope-item av-masonry-item-no-image '><\/div><a href=\"https:\/\/vibrotech-eng.com\/wp-content\/uploads\/2017\/12\/transportador-vibrante-tubular.jpg\" data-srcset=\"https:\/\/vibrotech-eng.com\/wp-content\/uploads\/2017\/12\/transportador-vibrante-tubular.jpg 800w, https:\/\/vibrotech-eng.com\/wp-content\/uploads\/2017\/12\/transportador-vibrante-tubular-300x225.jpg 300w, https:\/\/vibrotech-eng.com\/wp-content\/uploads\/2017\/12\/transportador-vibrante-tubular-768x576.jpg 768w, https:\/\/vibrotech-eng.com\/wp-content\/uploads\/2017\/12\/transportador-vibrante-tubular-705x529.jpg 705w, https:\/\/vibrotech-eng.com\/wp-content\/uploads\/2017\/12\/transportador-vibrante-tubular-450x338.jpg 450w\" data-sizes=\"(max-width: 800px) 100vw, 800px\"  aria-label=\"Bild transportador-vibrante-tubular\"  id='av-masonry-1-item-6207' data-av-masonry-item='6207' class='av-masonry-entry isotope-item post-6207 attachment type-attachment status-inherit hentry  av-masonry-item-with-image' title=\"transportador-vibrante-tubular\" alt=\"\"    itemprop=\"thumbnailUrl\" ><div class='av-inner-masonry-sizer'><\/div><figure class='av-inner-masonry main_color'><div class=\"av-masonry-outerimage-container\"><div class='av-masonry-image-container' style=\"background-image: url(https:\/\/vibrotech-eng.com\/wp-content\/uploads\/2017\/12\/transportador-vibrante-tubular-705x529.jpg);\"  title=\"transportador-vibrante-tubular\"  ><\/div><\/div><\/figure><\/a><!--end av-masonry entry--><a href=\"https:\/\/vibrotech-eng.com\/wp-content\/uploads\/2017\/09\/Transportadores-Tubulares-Vibrantes-3-1.jpg\" data-srcset=\"https:\/\/vibrotech-eng.com\/wp-content\/uploads\/2017\/09\/Transportadores-Tubulares-Vibrantes-3-1.jpg 750w, https:\/\/vibrotech-eng.com\/wp-content\/uploads\/2017\/09\/Transportadores-Tubulares-Vibrantes-3-1-300x226.jpg 300w, https:\/\/vibrotech-eng.com\/wp-content\/uploads\/2017\/09\/Transportadores-Tubulares-Vibrantes-3-1-705x532.jpg 705w, https:\/\/vibrotech-eng.com\/wp-content\/uploads\/2017\/09\/Transportadores-Tubulares-Vibrantes-3-1-450x340.jpg 450w\" data-sizes=\"(max-width: 750px) 100vw, 750px\"  aria-label=\"Bild Transportadores Tubulares Vibrantes 3\"  id='av-masonry-1-item-5971' data-av-masonry-item='5971' class='av-masonry-entry isotope-item post-5971 attachment type-attachment status-inherit hentry  av-masonry-item-with-image' title=\"Transportadores Tubulares Vibrantes 3\" alt=\"\"    itemprop=\"thumbnailUrl\" ><div class='av-inner-masonry-sizer'><\/div><figure class='av-inner-masonry main_color'><div class=\"av-masonry-outerimage-container\"><div class='av-masonry-image-container' style=\"background-image: url(https:\/\/vibrotech-eng.com\/wp-content\/uploads\/2017\/09\/Transportadores-Tubulares-Vibrantes-3-1-705x532.jpg);\"  title=\"Transportadores Tubulares Vibrantes 3\"  ><\/div><\/div><\/figure><\/a><!--end av-masonry entry--><a href=\"https:\/\/vibrotech-eng.com\/wp-content\/uploads\/2017\/09\/Transportadores-Tubulares-Vibrantes-5-1-1030x773.jpg\" data-srcset=\"https:\/\/vibrotech-eng.com\/wp-content\/uploads\/2017\/09\/Transportadores-Tubulares-Vibrantes-5-1-1030x773.jpg 1030w, https:\/\/vibrotech-eng.com\/wp-content\/uploads\/2017\/09\/Transportadores-Tubulares-Vibrantes-5-1-300x225.jpg 300w, https:\/\/vibrotech-eng.com\/wp-content\/uploads\/2017\/09\/Transportadores-Tubulares-Vibrantes-5-1-768x576.jpg 768w, https:\/\/vibrotech-eng.com\/wp-content\/uploads\/2017\/09\/Transportadores-Tubulares-Vibrantes-5-1-1500x1125.jpg 1500w, https:\/\/vibrotech-eng.com\/wp-content\/uploads\/2017\/09\/Transportadores-Tubulares-Vibrantes-5-1-705x529.jpg 705w, https:\/\/vibrotech-eng.com\/wp-content\/uploads\/2017\/09\/Transportadores-Tubulares-Vibrantes-5-1-450x338.jpg 450w, https:\/\/vibrotech-eng.com\/wp-content\/uploads\/2017\/09\/Transportadores-Tubulares-Vibrantes-5-1.jpg 2000w\" data-sizes=\"(max-width: 1030px) 100vw, 1030px\"  aria-label=\"Bild Transportadores Tubulares Vibrantes 5\"  id='av-masonry-1-item-5972' data-av-masonry-item='5972' class='av-masonry-entry isotope-item post-5972 attachment type-attachment status-inherit hentry  av-masonry-item-with-image' title=\"Transportadores Tubulares Vibrantes 5\" alt=\"\"    itemprop=\"thumbnailUrl\" ><div class='av-inner-masonry-sizer'><\/div><figure class='av-inner-masonry main_color'><div class=\"av-masonry-outerimage-container\"><div class='av-masonry-image-container' style=\"background-image: url(https:\/\/vibrotech-eng.com\/wp-content\/uploads\/2017\/09\/Transportadores-Tubulares-Vibrantes-5-1-705x529.jpg);\"  title=\"Transportadores Tubulares Vibrantes 5\"  ><\/div><\/div><\/figure><\/a><!--end av-masonry entry--><\/div><\/div>\n<\/div><\/div><\/main><!-- close content main element --><\/div><\/div><div id='after_section_1'  class='main_color av_default_container_wrap container_wrap sidebar_right'  ><div class='container av-section-cont-open' ><div class='template-page content  av-content-small alpha units'><div class='post-entry post-entry-type-page post-entry-6670'><div class='entry-content-wrapper clearfix'>\n","protected":false},"excerpt":{"rendered":"","protected":false},"author":2,"featured_media":0,"parent":6893,"menu_order":0,"comment_status":"closed","ping_status":"closed","template":"","meta":{"footnotes":""},"class_list":["post-6670","page","type-page","status-publish","hentry"],"yoast_head":"<!-- This site is optimized with the Yoast SEO Premium plugin v20.3 (Yoast SEO v27.5) - https:\/\/yoast.com\/product\/yoast-seo-premium-wordpress\/ -->\n<title>F\u00f6rderrohre - Vibrotech Engineering S.L<\/title>\n<meta name=\"robots\" content=\"index, follow, max-snippet:-1, max-image-preview:large, max-video-preview:-1\" \/>\n<link rel=\"canonical\" href=\"https:\/\/vibrotech-eng.com\/de\/productos\/transportadores-tubulares-vibratorios\/\" \/>\n<meta property=\"og:locale\" content=\"de_DE\" \/>\n<meta property=\"og:type\" content=\"article\" \/>\n<meta property=\"og:title\" content=\"F\u00f6rderrohre\" \/>\n<meta property=\"og:url\" content=\"https:\/\/vibrotech-eng.com\/de\/productos\/transportadores-tubulares-vibratorios\/\" \/>\n<meta property=\"og:site_name\" content=\"Vibrotech Engineering S.L\" \/>\n<meta property=\"article:modified_time\" content=\"2021-05-25T13:03:18+00:00\" \/>\n<meta name=\"twitter:card\" content=\"summary_large_image\" \/>\n<meta name=\"twitter:label1\" content=\"Gesch\u00e4tzte Lesezeit\" \/>\n\t<meta name=\"twitter:data1\" content=\"4\u00a0Minuten\" \/>\n<script type=\"application\/ld+json\" class=\"yoast-schema-graph\">{\"@context\":\"https:\\\/\\\/schema.org\",\"@graph\":[{\"@type\":\"WebPage\",\"@id\":\"https:\\\/\\\/vibrotech-eng.com\\\/de\\\/productos\\\/transportadores-tubulares-vibratorios\\\/\",\"url\":\"https:\\\/\\\/vibrotech-eng.com\\\/de\\\/productos\\\/transportadores-tubulares-vibratorios\\\/\",\"name\":\"F\u00f6rderrohre - Vibrotech Engineering S.L\",\"isPartOf\":{\"@id\":\"https:\\\/\\\/vibrotech-eng.com\\\/de\\\/#website\"},\"datePublished\":\"2017-09-25T10:14:21+00:00\",\"dateModified\":\"2021-05-25T13:03:18+00:00\",\"breadcrumb\":{\"@id\":\"https:\\\/\\\/vibrotech-eng.com\\\/de\\\/productos\\\/transportadores-tubulares-vibratorios\\\/#breadcrumb\"},\"inLanguage\":\"de\",\"potentialAction\":[{\"@type\":\"ReadAction\",\"target\":[\"https:\\\/\\\/vibrotech-eng.com\\\/de\\\/productos\\\/transportadores-tubulares-vibratorios\\\/\"]}]},{\"@type\":\"BreadcrumbList\",\"@id\":\"https:\\\/\\\/vibrotech-eng.com\\\/de\\\/productos\\\/transportadores-tubulares-vibratorios\\\/#breadcrumb\",\"itemListElement\":[{\"@type\":\"ListItem\",\"position\":1,\"name\":\"Start\",\"item\":\"https:\\\/\\\/vibrotech-eng.com\\\/de\\\/inicio\\\/\"},{\"@type\":\"ListItem\",\"position\":2,\"name\":\"Produkte\",\"item\":\"https:\\\/\\\/vibrotech-eng.com\\\/de\\\/productos\\\/\"},{\"@type\":\"ListItem\",\"position\":3,\"name\":\"F\u00f6rderrohre\"}]},{\"@type\":\"WebSite\",\"@id\":\"https:\\\/\\\/vibrotech-eng.com\\\/de\\\/#website\",\"url\":\"https:\\\/\\\/vibrotech-eng.com\\\/de\\\/\",\"name\":\"Vibrotech Engineering S.L\",\"description\":\"Empresa espa\u00f1ola que desarrolla su actividad principal en el dise\u00f1o y fabricaci\u00f3n de maquinaria vibrante\",\"potentialAction\":[{\"@type\":\"SearchAction\",\"target\":{\"@type\":\"EntryPoint\",\"urlTemplate\":\"https:\\\/\\\/vibrotech-eng.com\\\/de\\\/?s={search_term_string}\"},\"query-input\":{\"@type\":\"PropertyValueSpecification\",\"valueRequired\":true,\"valueName\":\"search_term_string\"}}],\"inLanguage\":\"de\"}]}<\/script>\n<!-- \/ Yoast SEO Premium plugin. -->","yoast_head_json":{"title":"F\u00f6rderrohre - Vibrotech Engineering S.L","robots":{"index":"index","follow":"follow","max-snippet":"max-snippet:-1","max-image-preview":"max-image-preview:large","max-video-preview":"max-video-preview:-1"},"canonical":"https:\/\/vibrotech-eng.com\/de\/productos\/transportadores-tubulares-vibratorios\/","og_locale":"de_DE","og_type":"article","og_title":"F\u00f6rderrohre","og_url":"https:\/\/vibrotech-eng.com\/de\/productos\/transportadores-tubulares-vibratorios\/","og_site_name":"Vibrotech Engineering S.L","article_modified_time":"2021-05-25T13:03:18+00:00","twitter_card":"summary_large_image","twitter_misc":{"Gesch\u00e4tzte Lesezeit":"4\u00a0Minuten"},"schema":{"@context":"https:\/\/schema.org","@graph":[{"@type":"WebPage","@id":"https:\/\/vibrotech-eng.com\/de\/productos\/transportadores-tubulares-vibratorios\/","url":"https:\/\/vibrotech-eng.com\/de\/productos\/transportadores-tubulares-vibratorios\/","name":"F\u00f6rderrohre - Vibrotech Engineering S.L","isPartOf":{"@id":"https:\/\/vibrotech-eng.com\/de\/#website"},"datePublished":"2017-09-25T10:14:21+00:00","dateModified":"2021-05-25T13:03:18+00:00","breadcrumb":{"@id":"https:\/\/vibrotech-eng.com\/de\/productos\/transportadores-tubulares-vibratorios\/#breadcrumb"},"inLanguage":"de","potentialAction":[{"@type":"ReadAction","target":["https:\/\/vibrotech-eng.com\/de\/productos\/transportadores-tubulares-vibratorios\/"]}]},{"@type":"BreadcrumbList","@id":"https:\/\/vibrotech-eng.com\/de\/productos\/transportadores-tubulares-vibratorios\/#breadcrumb","itemListElement":[{"@type":"ListItem","position":1,"name":"Start","item":"https:\/\/vibrotech-eng.com\/de\/inicio\/"},{"@type":"ListItem","position":2,"name":"Produkte","item":"https:\/\/vibrotech-eng.com\/de\/productos\/"},{"@type":"ListItem","position":3,"name":"F\u00f6rderrohre"}]},{"@type":"WebSite","@id":"https:\/\/vibrotech-eng.com\/de\/#website","url":"https:\/\/vibrotech-eng.com\/de\/","name":"Vibrotech Engineering S.L","description":"Empresa espa\u00f1ola que desarrolla su actividad principal en el dise\u00f1o y fabricaci\u00f3n de maquinaria vibrante","potentialAction":[{"@type":"SearchAction","target":{"@type":"EntryPoint","urlTemplate":"https:\/\/vibrotech-eng.com\/de\/?s={search_term_string}"},"query-input":{"@type":"PropertyValueSpecification","valueRequired":true,"valueName":"search_term_string"}}],"inLanguage":"de"}]}},"_links":{"self":[{"href":"https:\/\/vibrotech-eng.com\/de\/wp-json\/wp\/v2\/pages\/6670","targetHints":{"allow":["GET"]}}],"collection":[{"href":"https:\/\/vibrotech-eng.com\/de\/wp-json\/wp\/v2\/pages"}],"about":[{"href":"https:\/\/vibrotech-eng.com\/de\/wp-json\/wp\/v2\/types\/page"}],"author":[{"embeddable":true,"href":"https:\/\/vibrotech-eng.com\/de\/wp-json\/wp\/v2\/users\/2"}],"replies":[{"embeddable":true,"href":"https:\/\/vibrotech-eng.com\/de\/wp-json\/wp\/v2\/comments?post=6670"}],"version-history":[{"count":0,"href":"https:\/\/vibrotech-eng.com\/de\/wp-json\/wp\/v2\/pages\/6670\/revisions"}],"up":[{"embeddable":true,"href":"https:\/\/vibrotech-eng.com\/de\/wp-json\/wp\/v2\/pages\/6893"}],"wp:attachment":[{"href":"https:\/\/vibrotech-eng.com\/de\/wp-json\/wp\/v2\/media?parent=6670"}],"curies":[{"name":"wp","href":"https:\/\/api.w.org\/{rel}","templated":true}]}}