{"id":6658,"date":"2019-07-11T15:52:21","date_gmt":"2019-07-11T13:52:21","guid":{"rendered":"https:\/\/vibrotech-eng.com\/transportador-vibrante-bidireccional\/"},"modified":"2023-07-19T15:56:26","modified_gmt":"2023-07-19T13:56:26","slug":"transportador-vibrante-bidireccional","status":"publish","type":"page","link":"https:\/\/vibrotech-eng.com\/de\/transportador-vibrante-bidireccional\/","title":{"rendered":"Reversierrinne"},"content":{"rendered":"<div id='av_section_1'  class='avia-section av-9in1ob-63b5dc219625e7c719128872ccde3d46 main_color avia-section-default avia-no-border-styling  avia-builder-el-0  avia-builder-el-no-sibling  avia-bg-style-scroll container_wrap sidebar_right'  ><div class='container av-section-cont-open' ><main  role=\"main\" itemprop=\"mainContentOfPage\"  class='template-page content  av-content-small alpha units'><div class='post-entry post-entry-type-page post-entry-6658'><div class='entry-content-wrapper clearfix'>\n<section  class='av_textblock_section av-jxyqcekr-c81e3517143219bb94373b1274359b19 '   itemscope=\"itemscope\" itemtype=\"https:\/\/schema.org\/CreativeWork\" ><div class='avia_textblock'  itemprop=\"text\" ><h1 style=\"text-align: center;\">Reversierrinne<\/h1>\n<\/div><\/section>\n\n<style type=\"text\/css\" data-created_by=\"avia_inline_auto\" id=\"style-css-av-80ye23-2818e99f2e726c3b337811eaf1a33bf6\">\n#top .hr.hr-invisible.av-80ye23-2818e99f2e726c3b337811eaf1a33bf6{\nheight:50px;\n}\n<\/style>\n<div  class='hr av-80ye23-2818e99f2e726c3b337811eaf1a33bf6 hr-invisible  avia-builder-el-2  el_after_av_textblock  el_before_av_one_half '><span class='hr-inner '><span class=\"hr-inner-style\"><\/span><\/span><\/div>\n<div class='flex_column_table av-5dulvv-e93263650804f31ff60e38b5c8195081 sc-av_one_half av-equal-height-column-flextable'>\n<style type=\"text\/css\" data-created_by=\"avia_inline_auto\" id=\"style-css-av-5dulvv-e93263650804f31ff60e38b5c8195081\">\n.flex_column.av-5dulvv-e93263650804f31ff60e38b5c8195081{\nborder-radius:0px 0px 0px 0px;\npadding:0px 0px 0px 0px;\n}\n<\/style>\n<div  class='flex_column av-5dulvv-e93263650804f31ff60e38b5c8195081 av_one_half  avia-builder-el-3  el_after_av_hr  el_before_av_one_half  first flex_column_table_cell av-equal-height-column av-align-middle av-zero-column-padding  '     ><section  class='av_textblock_section av-jxyqcz92-434f8598ebd7492b0998f3bc6551ea95 '   itemscope=\"itemscope\" itemtype=\"https:\/\/schema.org\/CreativeWork\" ><div class='avia_textblock'  itemprop=\"text\" ><p class=\"p1\"><span class=\"s1\">Die Reversierrinnen der Serie BDC wurden f\u00fcr die <\/span><span class=\"s2\"><b>F\u00f6rderung von Materialien in zwei Richtungen (links und rechts)<\/b><\/span><span class=\"s1\"> konzipiert.<\/span><\/p>\n<p class=\"p2\"><span class=\"s2\">Angetrieben von einem einzigen Antriebsr\u00fcttler, haben diese Art von F\u00f6rderern eine breite Palette von Anwendungen in verschiedenen Industriezweigen.<\/span><\/p>\n<p class=\"p2\"><span class=\"s2\">In Abh\u00e4ngigkeit der Art der Anwendung wird dieser Maschinentyp mit einem, drei oder vier Antriebsr\u00fcttlern hergestellt.<\/span><\/p>\n<\/div><\/section><\/div><div class='av-flex-placeholder'><\/div>\n<style type=\"text\/css\" data-created_by=\"avia_inline_auto\" id=\"style-css-av-4cs5rf-beb7248a0f96e02e268c08849e6b162e\">\n.flex_column.av-4cs5rf-beb7248a0f96e02e268c08849e6b162e{\nborder-radius:0px 0px 0px 0px;\npadding:0px 0px 0px 0px;\n}\n<\/style>\n<div  class='flex_column av-4cs5rf-beb7248a0f96e02e268c08849e6b162e av_one_half  avia-builder-el-5  el_after_av_one_half  el_before_av_hr  flex_column_table_cell av-equal-height-column av-align-middle av-zero-column-padding  '     ><style type=\"text\/css\" data-created_by=\"avia_inline_auto\" id=\"style-css-av-jxyqemmi-aae6b7eaec4eafcd7fc4bf0046f55a7c\">\n.avia-image-container.av-jxyqemmi-aae6b7eaec4eafcd7fc4bf0046f55a7c img.avia_image{\nbox-shadow:none;\n}\n.avia-image-container.av-jxyqemmi-aae6b7eaec4eafcd7fc4bf0046f55a7c .av-image-caption-overlay-center{\ncolor:#ffffff;\n}\n<\/style>\n<div  class='avia-image-container av-jxyqemmi-aae6b7eaec4eafcd7fc4bf0046f55a7c av-styling- avia-align-center  avia-builder-el-6  avia-builder-el-no-sibling '   itemprop=\"image\" itemscope=\"itemscope\" itemtype=\"https:\/\/schema.org\/ImageObject\" ><div class=\"avia-image-container-inner\"><div class=\"avia-image-overlay-wrap\"><img decoding=\"async\" fetchpriority=\"high\" class='wp-image-6396 avia-img-lazy-loading-not-6396 avia_image ' src=\"https:\/\/vibrotech-eng.com\/wp-content\/uploads\/2019\/07\/Transportador-vibrante-bidireccional-4.jpg\" alt='' title='Transportador-vibrante-bidireccional-4'  height=\"487\" width=\"900\"  itemprop=\"thumbnailUrl\" srcset=\"https:\/\/vibrotech-eng.com\/wp-content\/uploads\/2019\/07\/Transportador-vibrante-bidireccional-4.jpg 900w, https:\/\/vibrotech-eng.com\/wp-content\/uploads\/2019\/07\/Transportador-vibrante-bidireccional-4-300x162.jpg 300w, https:\/\/vibrotech-eng.com\/wp-content\/uploads\/2019\/07\/Transportador-vibrante-bidireccional-4-768x416.jpg 768w, https:\/\/vibrotech-eng.com\/wp-content\/uploads\/2019\/07\/Transportador-vibrante-bidireccional-4-705x381.jpg 705w, https:\/\/vibrotech-eng.com\/wp-content\/uploads\/2019\/07\/Transportador-vibrante-bidireccional-4-450x244.jpg 450w\" sizes=\"(max-width: 900px) 100vw, 900px\" \/><\/div><\/div><\/div><\/div><\/div><!--close column table wrapper. Autoclose: 1 -->\n<style type=\"text\/css\" data-created_by=\"avia_inline_auto\" id=\"style-css-av-1vyxgb-01738c0aaf643a1563f87bb0346883d5\">\n#top .hr.hr-invisible.av-1vyxgb-01738c0aaf643a1563f87bb0346883d5{\nheight:20px;\n}\n<\/style>\n<div  class='hr av-1vyxgb-01738c0aaf643a1563f87bb0346883d5 hr-invisible  avia-builder-el-7  el_after_av_one_half  el_before_av_masonry_gallery  avia-builder-el-last '><span class='hr-inner '><span class=\"hr-inner-style\"><\/span><\/span><\/div>\n<div id='av-masonry-1' class='av-masonry av-jxyqe53m-14b9587638534cf7d39dfcc8667930e7 noHover av-fixed-size av-large-gap av-hover-overlay- av-masonry-animation-active av-masonry-col-4 av-caption-always av-caption-style- av-masonry-gallery ' data-post_id=\"6658\"><div class=\"av-masonry-container isotope av-js-disabled\"><div class='av-masonry-entry isotope-item av-masonry-item-no-image '><\/div><a href=\"https:\/\/vibrotech-eng.com\/wp-content\/uploads\/2019\/07\/Transportador-vibrante-bidireccional-5.jpg\" data-srcset=\"https:\/\/vibrotech-eng.com\/wp-content\/uploads\/2019\/07\/Transportador-vibrante-bidireccional-5.jpg 901w, https:\/\/vibrotech-eng.com\/wp-content\/uploads\/2019\/07\/Transportador-vibrante-bidireccional-5-300x225.jpg 300w, https:\/\/vibrotech-eng.com\/wp-content\/uploads\/2019\/07\/Transportador-vibrante-bidireccional-5-768x576.jpg 768w, https:\/\/vibrotech-eng.com\/wp-content\/uploads\/2019\/07\/Transportador-vibrante-bidireccional-5-705x529.jpg 705w, https:\/\/vibrotech-eng.com\/wp-content\/uploads\/2019\/07\/Transportador-vibrante-bidireccional-5-450x338.jpg 450w\" data-sizes=\"(max-width: 901px) 100vw, 901px\"  aria-label=\"Bild Transportador-vibrante-bidireccional-5\"  id='av-masonry-1-item-6397' data-av-masonry-item='6397' class='av-masonry-entry isotope-item post-6397 attachment type-attachment status-inherit hentry  av-masonry-item-with-image' title=\"Transportador-vibrante-bidireccional-5\" alt=\"\"    itemprop=\"thumbnailUrl\" ><div class='av-inner-masonry-sizer'><\/div><figure class='av-inner-masonry main_color'><div class=\"av-masonry-outerimage-container\"><div class='av-masonry-image-container' style=\"background-image: url(https:\/\/vibrotech-eng.com\/wp-content\/uploads\/2019\/07\/Transportador-vibrante-bidireccional-5-705x529.jpg);\"  title=\"Transportador-vibrante-bidireccional-5\"  ><\/div><\/div><\/figure><\/a><!--end av-masonry entry--><a href=\"https:\/\/vibrotech-eng.com\/wp-content\/uploads\/2019\/10\/IMG_5999-1030x773.jpg\" data-srcset=\"https:\/\/vibrotech-eng.com\/wp-content\/uploads\/2019\/10\/IMG_5999-1030x773.jpg 1030w, https:\/\/vibrotech-eng.com\/wp-content\/uploads\/2019\/10\/IMG_5999-300x225.jpg 300w, https:\/\/vibrotech-eng.com\/wp-content\/uploads\/2019\/10\/IMG_5999-768x576.jpg 768w, https:\/\/vibrotech-eng.com\/wp-content\/uploads\/2019\/10\/IMG_5999-1500x1125.jpg 1500w, https:\/\/vibrotech-eng.com\/wp-content\/uploads\/2019\/10\/IMG_5999-705x529.jpg 705w\" data-sizes=\"(max-width: 1030px) 100vw, 1030px\"  aria-label=\"Bild IMG_5999\"  id='av-masonry-1-item-6418' data-av-masonry-item='6418' class='av-masonry-entry isotope-item post-6418 attachment type-attachment status-inherit hentry  av-masonry-item-with-image' title=\"IMG_5999\" alt=\"\"    itemprop=\"thumbnailUrl\" ><div class='av-inner-masonry-sizer'><\/div><figure class='av-inner-masonry main_color'><div class=\"av-masonry-outerimage-container\"><div class='av-masonry-image-container' style=\"background-image: url(https:\/\/vibrotech-eng.com\/wp-content\/uploads\/2019\/10\/IMG_5999-705x529.jpg);\"  title=\"IMG_5999\"  ><\/div><\/div><\/figure><\/a><!--end av-masonry entry--><a href=\"https:\/\/vibrotech-eng.com\/wp-content\/uploads\/2022\/05\/IMG_2669-3-1030x773-1.jpg\" data-srcset=\"https:\/\/vibrotech-eng.com\/wp-content\/uploads\/2022\/05\/IMG_2669-3-1030x773-1.jpg 1030w, https:\/\/vibrotech-eng.com\/wp-content\/uploads\/2022\/05\/IMG_2669-3-1030x773-1-300x225.jpg 300w, https:\/\/vibrotech-eng.com\/wp-content\/uploads\/2022\/05\/IMG_2669-3-1030x773-1-768x576.jpg 768w, https:\/\/vibrotech-eng.com\/wp-content\/uploads\/2022\/05\/IMG_2669-3-1030x773-1-705x529.jpg 705w\" data-sizes=\"(max-width: 1030px) 100vw, 1030px\"  aria-label=\"Bild IMG_2669-3-1030&#215;773\"  id='av-masonry-1-item-8504' data-av-masonry-item='8504' class='av-masonry-entry isotope-item post-8504 attachment type-attachment status-inherit hentry  av-masonry-item-with-image' title=\"IMG_2669-3-1030&#215;773\" alt=\"\"    itemprop=\"thumbnailUrl\" ><div class='av-inner-masonry-sizer'><\/div><figure class='av-inner-masonry main_color'><div class=\"av-masonry-outerimage-container\"><div class='av-masonry-image-container' style=\"background-image: url(https:\/\/vibrotech-eng.com\/wp-content\/uploads\/2022\/05\/IMG_2669-3-1030x773-1-705x529.jpg);\"  title=\"IMG_2669-3-1030&#215;773\"  ><\/div><\/div><\/figure><\/a><!--end av-masonry entry--><a href=\"https:\/\/vibrotech-eng.com\/wp-content\/uploads\/2023\/05\/bidireccional-min-1030x773.jpg\" data-srcset=\"https:\/\/vibrotech-eng.com\/wp-content\/uploads\/2023\/05\/bidireccional-min-1030x773.jpg 1030w, https:\/\/vibrotech-eng.com\/wp-content\/uploads\/2023\/05\/bidireccional-min-300x225.jpg 300w, https:\/\/vibrotech-eng.com\/wp-content\/uploads\/2023\/05\/bidireccional-min-768x576.jpg 768w, https:\/\/vibrotech-eng.com\/wp-content\/uploads\/2023\/05\/bidireccional-min-1536x1152.jpg 1536w, https:\/\/vibrotech-eng.com\/wp-content\/uploads\/2023\/05\/bidireccional-min-2048x1536.jpg 2048w, https:\/\/vibrotech-eng.com\/wp-content\/uploads\/2023\/05\/bidireccional-min-1500x1125.jpg 1500w, https:\/\/vibrotech-eng.com\/wp-content\/uploads\/2023\/05\/bidireccional-min-705x529.jpg 705w\" data-sizes=\"(max-width: 1030px) 100vw, 1030px\"  aria-label=\"Bild bidireccional-min\"  id='av-masonry-1-item-9555' data-av-masonry-item='9555' class='av-masonry-entry isotope-item post-9555 attachment type-attachment status-inherit hentry  av-masonry-item-with-image' title=\"bidireccional-min\" alt=\"\"    itemprop=\"thumbnailUrl\" ><div class='av-inner-masonry-sizer'><\/div><figure class='av-inner-masonry main_color'><div class=\"av-masonry-outerimage-container\"><div class='av-masonry-image-container' style=\"background-image: url(https:\/\/vibrotech-eng.com\/wp-content\/uploads\/2023\/05\/bidireccional-min-705x529.jpg);\"  title=\"bidireccional-min\"  ><\/div><\/div><\/figure><\/a><!--end av-masonry entry--><a href=\"https:\/\/vibrotech-eng.com\/wp-content\/uploads\/2019\/10\/IMG_3157-1030x773.jpg\" data-srcset=\"https:\/\/vibrotech-eng.com\/wp-content\/uploads\/2019\/10\/IMG_3157-1030x773.jpg 1030w, https:\/\/vibrotech-eng.com\/wp-content\/uploads\/2019\/10\/IMG_3157-300x225.jpg 300w, https:\/\/vibrotech-eng.com\/wp-content\/uploads\/2019\/10\/IMG_3157-768x576.jpg 768w, https:\/\/vibrotech-eng.com\/wp-content\/uploads\/2019\/10\/IMG_3157-1500x1125.jpg 1500w, https:\/\/vibrotech-eng.com\/wp-content\/uploads\/2019\/10\/IMG_3157-705x529.jpg 705w\" data-sizes=\"(max-width: 1030px) 100vw, 1030px\"  aria-label=\"Bild IMG_3157\"  id='av-masonry-1-item-6421' data-av-masonry-item='6421' class='av-masonry-entry isotope-item post-6421 attachment type-attachment status-inherit hentry  av-masonry-item-with-image' title=\"IMG_3157\" alt=\"\"    itemprop=\"thumbnailUrl\" ><div class='av-inner-masonry-sizer'><\/div><figure class='av-inner-masonry main_color'><div class=\"av-masonry-outerimage-container\"><div class='av-masonry-image-container' style=\"background-image: url(https:\/\/vibrotech-eng.com\/wp-content\/uploads\/2019\/10\/IMG_3157-705x529.jpg);\"  title=\"IMG_3157\"  ><\/div><\/div><\/figure><\/a><!--end av-masonry entry--><a href=\"https:\/\/vibrotech-eng.com\/wp-content\/uploads\/2019\/07\/Transportador-vibrante-bidireccional-3.jpg\" data-srcset=\"https:\/\/vibrotech-eng.com\/wp-content\/uploads\/2019\/07\/Transportador-vibrante-bidireccional-3.jpg 900w, https:\/\/vibrotech-eng.com\/wp-content\/uploads\/2019\/07\/Transportador-vibrante-bidireccional-3-300x162.jpg 300w, https:\/\/vibrotech-eng.com\/wp-content\/uploads\/2019\/07\/Transportador-vibrante-bidireccional-3-768x414.jpg 768w, https:\/\/vibrotech-eng.com\/wp-content\/uploads\/2019\/07\/Transportador-vibrante-bidireccional-3-705x380.jpg 705w, https:\/\/vibrotech-eng.com\/wp-content\/uploads\/2019\/07\/Transportador-vibrante-bidireccional-3-450x243.jpg 450w\" data-sizes=\"(max-width: 900px) 100vw, 900px\"  aria-label=\"Bild Transportador-vibrante-bidireccional-3\"  id='av-masonry-1-item-6395' data-av-masonry-item='6395' class='av-masonry-entry isotope-item post-6395 attachment type-attachment status-inherit hentry  av-masonry-item-with-image' title=\"Transportador-vibrante-bidireccional-3\" alt=\"\"    itemprop=\"thumbnailUrl\" ><div class='av-inner-masonry-sizer'><\/div><figure class='av-inner-masonry main_color'><div class=\"av-masonry-outerimage-container\"><div class='av-masonry-image-container' style=\"background-image: url(https:\/\/vibrotech-eng.com\/wp-content\/uploads\/2019\/07\/Transportador-vibrante-bidireccional-3-705x380.jpg);\"  title=\"Transportador-vibrante-bidireccional-3\"  ><\/div><\/div><\/figure><\/a><!--end av-masonry entry--><a href=\"https:\/\/vibrotech-eng.com\/wp-content\/uploads\/2021\/02\/mesaVib2-1030x508.jpg\" data-srcset=\"https:\/\/vibrotech-eng.com\/wp-content\/uploads\/2021\/02\/mesaVib2-1030x508.jpg 1030w, https:\/\/vibrotech-eng.com\/wp-content\/uploads\/2021\/02\/mesaVib2-300x148.jpg 300w, https:\/\/vibrotech-eng.com\/wp-content\/uploads\/2021\/02\/mesaVib2-768x379.jpg 768w, https:\/\/vibrotech-eng.com\/wp-content\/uploads\/2021\/02\/mesaVib2-1536x757.jpg 1536w, https:\/\/vibrotech-eng.com\/wp-content\/uploads\/2021\/02\/mesaVib2-1500x740.jpg 1500w, https:\/\/vibrotech-eng.com\/wp-content\/uploads\/2021\/02\/mesaVib2-705x348.jpg 705w, https:\/\/vibrotech-eng.com\/wp-content\/uploads\/2021\/02\/mesaVib2.jpg 2000w\" data-sizes=\"(max-width: 1030px) 100vw, 1030px\"  aria-label=\"Bild mesaVib2\"  id='av-masonry-1-item-6565' data-av-masonry-item='6565' class='av-masonry-entry isotope-item post-6565 attachment type-attachment status-inherit hentry  av-masonry-item-with-image' title=\"mesaVib2\" alt=\"\"    itemprop=\"thumbnailUrl\" ><div class='av-inner-masonry-sizer'><\/div><figure class='av-inner-masonry main_color'><div class=\"av-masonry-outerimage-container\"><div class='av-masonry-image-container' style=\"background-image: url(https:\/\/vibrotech-eng.com\/wp-content\/uploads\/2021\/02\/mesaVib2-705x348.jpg);\"  title=\"mesaVib2\"  ><\/div><\/div><\/figure><\/a><!--end av-masonry entry--><a href=\"https:\/\/vibrotech-eng.com\/wp-content\/uploads\/2023\/07\/Captura.jpg\" data-srcset=\"https:\/\/vibrotech-eng.com\/wp-content\/uploads\/2023\/07\/Captura.jpg 888w, https:\/\/vibrotech-eng.com\/wp-content\/uploads\/2023\/07\/Captura-300x200.jpg 300w, https:\/\/vibrotech-eng.com\/wp-content\/uploads\/2023\/07\/Captura-768x512.jpg 768w, https:\/\/vibrotech-eng.com\/wp-content\/uploads\/2023\/07\/Captura-705x470.jpg 705w\" data-sizes=\"(max-width: 888px) 100vw, 888px\"  aria-label=\"Bild Captura\"  id='av-masonry-1-item-9721' data-av-masonry-item='9721' class='av-masonry-entry isotope-item post-9721 attachment type-attachment status-inherit hentry  av-masonry-item-with-image' title=\"Captura\" alt=\"\"    itemprop=\"thumbnailUrl\" ><div class='av-inner-masonry-sizer'><\/div><figure class='av-inner-masonry main_color'><div class=\"av-masonry-outerimage-container\"><div class='av-masonry-image-container' style=\"background-image: url(https:\/\/vibrotech-eng.com\/wp-content\/uploads\/2023\/07\/Captura-705x470.jpg);\"  title=\"Captura\"  ><\/div><\/div><\/figure><\/a><!--end av-masonry entry--><a href=\"https:\/\/vibrotech-eng.com\/wp-content\/uploads\/2019\/07\/Transportador-vibrante-bidireccional-1.jpg\" data-srcset=\"https:\/\/vibrotech-eng.com\/wp-content\/uploads\/2019\/07\/Transportador-vibrante-bidireccional-1.jpg 900w, https:\/\/vibrotech-eng.com\/wp-content\/uploads\/2019\/07\/Transportador-vibrante-bidireccional-1-300x240.jpg 300w, https:\/\/vibrotech-eng.com\/wp-content\/uploads\/2019\/07\/Transportador-vibrante-bidireccional-1-768x614.jpg 768w, https:\/\/vibrotech-eng.com\/wp-content\/uploads\/2019\/07\/Transportador-vibrante-bidireccional-1-705x564.jpg 705w, https:\/\/vibrotech-eng.com\/wp-content\/uploads\/2019\/07\/Transportador-vibrante-bidireccional-1-450x360.jpg 450w\" data-sizes=\"(max-width: 900px) 100vw, 900px\"  aria-label=\"Bild Transportador-vibrante-bidireccional\"  id='av-masonry-1-item-6403' data-av-masonry-item='6403' class='av-masonry-entry isotope-item post-6403 attachment type-attachment status-inherit hentry  av-masonry-item-with-image' title=\"Transportador-vibrante-bidireccional\" alt=\"\"    itemprop=\"thumbnailUrl\" ><div class='av-inner-masonry-sizer'><\/div><figure class='av-inner-masonry main_color'><div class=\"av-masonry-outerimage-container\"><div class='av-masonry-image-container' style=\"background-image: url(https:\/\/vibrotech-eng.com\/wp-content\/uploads\/2019\/07\/Transportador-vibrante-bidireccional-1-705x564.jpg);\"  title=\"Transportador-vibrante-bidireccional\"  ><\/div><\/div><\/figure><\/a><!--end av-masonry entry--><a href=\"https:\/\/vibrotech-eng.com\/wp-content\/uploads\/2019\/07\/Transportador-vibrante-bidireccional-2.jpg\" data-srcset=\"https:\/\/vibrotech-eng.com\/wp-content\/uploads\/2019\/07\/Transportador-vibrante-bidireccional-2.jpg 900w, https:\/\/vibrotech-eng.com\/wp-content\/uploads\/2019\/07\/Transportador-vibrante-bidireccional-2-300x225.jpg 300w, https:\/\/vibrotech-eng.com\/wp-content\/uploads\/2019\/07\/Transportador-vibrante-bidireccional-2-768x576.jpg 768w, https:\/\/vibrotech-eng.com\/wp-content\/uploads\/2019\/07\/Transportador-vibrante-bidireccional-2-705x529.jpg 705w, https:\/\/vibrotech-eng.com\/wp-content\/uploads\/2019\/07\/Transportador-vibrante-bidireccional-2-450x338.jpg 450w\" data-sizes=\"(max-width: 900px) 100vw, 900px\"  aria-label=\"Bild Transportador-vibrante-bidireccional-2\"  id='av-masonry-1-item-6394' data-av-masonry-item='6394' class='av-masonry-entry isotope-item post-6394 attachment type-attachment status-inherit hentry  av-masonry-item-with-image' title=\"Transportador-vibrante-bidireccional-2\" alt=\"\"    itemprop=\"thumbnailUrl\" ><div class='av-inner-masonry-sizer'><\/div><figure class='av-inner-masonry main_color'><div class=\"av-masonry-outerimage-container\"><div class='av-masonry-image-container' style=\"background-image: url(https:\/\/vibrotech-eng.com\/wp-content\/uploads\/2019\/07\/Transportador-vibrante-bidireccional-2-705x529.jpg);\"  title=\"Transportador-vibrante-bidireccional-2\"  ><\/div><\/div><\/figure><\/a><!--end av-masonry entry--><\/div><\/div>\n<\/div><\/div><\/main><!-- close content main element --><\/div><\/div><div id='after_section_1'  class='main_color av_default_container_wrap container_wrap sidebar_right'  ><div class='container av-section-cont-open' ><div class='template-page content  av-content-small alpha units'><div class='post-entry post-entry-type-page post-entry-6658'><div class='entry-content-wrapper clearfix'>\n","protected":false},"excerpt":{"rendered":"","protected":false},"author":2,"featured_media":0,"parent":0,"menu_order":0,"comment_status":"closed","ping_status":"closed","template":"","meta":{"footnotes":""},"class_list":["post-6658","page","type-page","status-publish","hentry"],"yoast_head":"<!-- This site is optimized with the Yoast SEO Premium plugin v20.3 (Yoast SEO v27.5) - https:\/\/yoast.com\/product\/yoast-seo-premium-wordpress\/ -->\n<title>Reversierrinne - Vibrotech Engineering S.L<\/title>\n<meta name=\"robots\" content=\"index, follow, max-snippet:-1, max-image-preview:large, max-video-preview:-1\" \/>\n<link rel=\"canonical\" href=\"https:\/\/vibrotech-eng.com\/de\/transportador-vibrante-bidireccional\/\" \/>\n<meta property=\"og:locale\" content=\"de_DE\" \/>\n<meta property=\"og:type\" content=\"article\" \/>\n<meta property=\"og:title\" content=\"Reversierrinne\" \/>\n<meta property=\"og:url\" content=\"https:\/\/vibrotech-eng.com\/de\/transportador-vibrante-bidireccional\/\" \/>\n<meta property=\"og:site_name\" content=\"Vibrotech Engineering S.L\" \/>\n<meta property=\"article:modified_time\" content=\"2023-07-19T13:56:26+00:00\" \/>\n<meta name=\"twitter:card\" content=\"summary_large_image\" \/>\n<meta name=\"twitter:label1\" content=\"Gesch\u00e4tzte Lesezeit\" \/>\n\t<meta name=\"twitter:data1\" content=\"2\u00a0Minuten\" \/>\n<script type=\"application\/ld+json\" class=\"yoast-schema-graph\">{\"@context\":\"https:\\\/\\\/schema.org\",\"@graph\":[{\"@type\":\"WebPage\",\"@id\":\"https:\\\/\\\/vibrotech-eng.com\\\/de\\\/transportador-vibrante-bidireccional\\\/\",\"url\":\"https:\\\/\\\/vibrotech-eng.com\\\/de\\\/transportador-vibrante-bidireccional\\\/\",\"name\":\"Reversierrinne - Vibrotech Engineering S.L\",\"isPartOf\":{\"@id\":\"https:\\\/\\\/vibrotech-eng.com\\\/de\\\/#website\"},\"datePublished\":\"2019-07-11T13:52:21+00:00\",\"dateModified\":\"2023-07-19T13:56:26+00:00\",\"breadcrumb\":{\"@id\":\"https:\\\/\\\/vibrotech-eng.com\\\/de\\\/transportador-vibrante-bidireccional\\\/#breadcrumb\"},\"inLanguage\":\"de\",\"potentialAction\":[{\"@type\":\"ReadAction\",\"target\":[\"https:\\\/\\\/vibrotech-eng.com\\\/de\\\/transportador-vibrante-bidireccional\\\/\"]}]},{\"@type\":\"BreadcrumbList\",\"@id\":\"https:\\\/\\\/vibrotech-eng.com\\\/de\\\/transportador-vibrante-bidireccional\\\/#breadcrumb\",\"itemListElement\":[{\"@type\":\"ListItem\",\"position\":1,\"name\":\"Start\",\"item\":\"https:\\\/\\\/vibrotech-eng.com\\\/de\\\/inicio\\\/\"},{\"@type\":\"ListItem\",\"position\":2,\"name\":\"Reversierrinne\"}]},{\"@type\":\"WebSite\",\"@id\":\"https:\\\/\\\/vibrotech-eng.com\\\/de\\\/#website\",\"url\":\"https:\\\/\\\/vibrotech-eng.com\\\/de\\\/\",\"name\":\"Vibrotech Engineering S.L\",\"description\":\"Empresa espa\u00f1ola que desarrolla su actividad principal en el dise\u00f1o y fabricaci\u00f3n de maquinaria vibrante\",\"potentialAction\":[{\"@type\":\"SearchAction\",\"target\":{\"@type\":\"EntryPoint\",\"urlTemplate\":\"https:\\\/\\\/vibrotech-eng.com\\\/de\\\/?s={search_term_string}\"},\"query-input\":{\"@type\":\"PropertyValueSpecification\",\"valueRequired\":true,\"valueName\":\"search_term_string\"}}],\"inLanguage\":\"de\"}]}<\/script>\n<!-- \/ Yoast SEO Premium plugin. -->","yoast_head_json":{"title":"Reversierrinne - Vibrotech Engineering S.L","robots":{"index":"index","follow":"follow","max-snippet":"max-snippet:-1","max-image-preview":"max-image-preview:large","max-video-preview":"max-video-preview:-1"},"canonical":"https:\/\/vibrotech-eng.com\/de\/transportador-vibrante-bidireccional\/","og_locale":"de_DE","og_type":"article","og_title":"Reversierrinne","og_url":"https:\/\/vibrotech-eng.com\/de\/transportador-vibrante-bidireccional\/","og_site_name":"Vibrotech Engineering S.L","article_modified_time":"2023-07-19T13:56:26+00:00","twitter_card":"summary_large_image","twitter_misc":{"Gesch\u00e4tzte Lesezeit":"2\u00a0Minuten"},"schema":{"@context":"https:\/\/schema.org","@graph":[{"@type":"WebPage","@id":"https:\/\/vibrotech-eng.com\/de\/transportador-vibrante-bidireccional\/","url":"https:\/\/vibrotech-eng.com\/de\/transportador-vibrante-bidireccional\/","name":"Reversierrinne - Vibrotech Engineering S.L","isPartOf":{"@id":"https:\/\/vibrotech-eng.com\/de\/#website"},"datePublished":"2019-07-11T13:52:21+00:00","dateModified":"2023-07-19T13:56:26+00:00","breadcrumb":{"@id":"https:\/\/vibrotech-eng.com\/de\/transportador-vibrante-bidireccional\/#breadcrumb"},"inLanguage":"de","potentialAction":[{"@type":"ReadAction","target":["https:\/\/vibrotech-eng.com\/de\/transportador-vibrante-bidireccional\/"]}]},{"@type":"BreadcrumbList","@id":"https:\/\/vibrotech-eng.com\/de\/transportador-vibrante-bidireccional\/#breadcrumb","itemListElement":[{"@type":"ListItem","position":1,"name":"Start","item":"https:\/\/vibrotech-eng.com\/de\/inicio\/"},{"@type":"ListItem","position":2,"name":"Reversierrinne"}]},{"@type":"WebSite","@id":"https:\/\/vibrotech-eng.com\/de\/#website","url":"https:\/\/vibrotech-eng.com\/de\/","name":"Vibrotech Engineering S.L","description":"Empresa espa\u00f1ola que desarrolla su actividad principal en el dise\u00f1o y fabricaci\u00f3n de maquinaria vibrante","potentialAction":[{"@type":"SearchAction","target":{"@type":"EntryPoint","urlTemplate":"https:\/\/vibrotech-eng.com\/de\/?s={search_term_string}"},"query-input":{"@type":"PropertyValueSpecification","valueRequired":true,"valueName":"search_term_string"}}],"inLanguage":"de"}]}},"_links":{"self":[{"href":"https:\/\/vibrotech-eng.com\/de\/wp-json\/wp\/v2\/pages\/6658","targetHints":{"allow":["GET"]}}],"collection":[{"href":"https:\/\/vibrotech-eng.com\/de\/wp-json\/wp\/v2\/pages"}],"about":[{"href":"https:\/\/vibrotech-eng.com\/de\/wp-json\/wp\/v2\/types\/page"}],"author":[{"embeddable":true,"href":"https:\/\/vibrotech-eng.com\/de\/wp-json\/wp\/v2\/users\/2"}],"replies":[{"embeddable":true,"href":"https:\/\/vibrotech-eng.com\/de\/wp-json\/wp\/v2\/comments?post=6658"}],"version-history":[{"count":0,"href":"https:\/\/vibrotech-eng.com\/de\/wp-json\/wp\/v2\/pages\/6658\/revisions"}],"wp:attachment":[{"href":"https:\/\/vibrotech-eng.com\/de\/wp-json\/wp\/v2\/media?parent=6658"}],"curies":[{"name":"wp","href":"https:\/\/api.w.org\/{rel}","templated":true}]}}