{"id":6642,"date":"2017-09-25T11:11:30","date_gmt":"2017-09-25T09:11:30","guid":{"rendered":"https:\/\/vibrotech-eng.com\/empresa\/"},"modified":"2022-05-16T16:00:09","modified_gmt":"2022-05-16T14:00:09","slug":"empresa","status":"publish","type":"page","link":"https:\/\/vibrotech-eng.com\/de\/empresa\/","title":{"rendered":"Unternehmen"},"content":{"rendered":"<div id='av_section_1'  class='avia-section av-il2fo-b1761be76e14af4646aab723e3f79050 main_color avia-section-default avia-no-border-styling  avia-builder-el-0  avia-builder-el-no-sibling  avia-bg-style-scroll container_wrap sidebar_right'  ><div class='container av-section-cont-open' ><main  role=\"main\" itemprop=\"mainContentOfPage\"  class='template-page content  av-content-small alpha units'><div class='post-entry post-entry-type-page post-entry-6642'><div class='entry-content-wrapper clearfix'>\n<section  class='av_textblock_section av-i07z0-da936966a67401c57172b38d9a805fb3 '   itemscope=\"itemscope\" itemtype=\"https:\/\/schema.org\/CreativeWork\" ><div class='avia_textblock'  itemprop=\"text\" ><h1 style=\"text-align: center;\">Unternehmen<\/h1>\n<\/div><\/section>\n\n<style type=\"text\/css\" data-created_by=\"avia_inline_auto\" id=\"style-css-av-hcp24-a078e2790236bdded10edbf2744dc3de\">\n.flex_column.av-hcp24-a078e2790236bdded10edbf2744dc3de{\nborder-radius:0px 0px 0px 0px;\npadding:0px 0px 0px 0px;\n}\n<\/style>\n<div  class='flex_column av-hcp24-a078e2790236bdded10edbf2744dc3de av_one_third  avia-builder-el-2  el_after_av_textblock  el_before_av_one_third  first flex_column_div av-zero-column-padding  column-top-margin'     ><p>\n<style type=\"text\/css\" data-created_by=\"avia_inline_auto\" id=\"style-css-av-gx2mw-e1f40e8db29c3c3e2d40bd0437e886b3\">\n.avia-image-container.av-gx2mw-e1f40e8db29c3c3e2d40bd0437e886b3 img.avia_image{\nbox-shadow:none;\n}\n.avia-image-container.av-gx2mw-e1f40e8db29c3c3e2d40bd0437e886b3 .av-image-caption-overlay-center{\ncolor:#ffffff;\n}\n<\/style>\n<div  class='avia-image-container av-gx2mw-e1f40e8db29c3c3e2d40bd0437e886b3 av-styling- avia-align-center  avia-builder-el-3  el_before_av_hr  avia-builder-el-first '   itemprop=\"image\" itemscope=\"itemscope\" itemtype=\"https:\/\/schema.org\/ImageObject\" ><div class=\"avia-image-container-inner\"><div class=\"avia-image-overlay-wrap\"><img decoding=\"async\" fetchpriority=\"high\" class='wp-image-5928 avia-img-lazy-loading-not-5928 avia_image ' src=\"https:\/\/vibrotech-eng.com\/wp-content\/uploads\/2017\/09\/mision-1.png\" alt='' title='mision'  height=\"145\" width=\"145\"  itemprop=\"thumbnailUrl\" srcset=\"https:\/\/vibrotech-eng.com\/wp-content\/uploads\/2017\/09\/mision-1.png 145w, https:\/\/vibrotech-eng.com\/wp-content\/uploads\/2017\/09\/mision-1-80x80.png 80w, https:\/\/vibrotech-eng.com\/wp-content\/uploads\/2017\/09\/mision-1-36x36.png 36w, https:\/\/vibrotech-eng.com\/wp-content\/uploads\/2017\/09\/mision-1-120x120.png 120w\" sizes=\"(max-width: 145px) 100vw, 145px\" \/><\/div><\/div><\/div><br \/>\n\n<style type=\"text\/css\" data-created_by=\"avia_inline_auto\" id=\"style-css-av-gctus-c6642a6deffa982298cdc6e001f3f2a5\">\n#top .hr.hr-invisible.av-gctus-c6642a6deffa982298cdc6e001f3f2a5{\nheight:25px;\n}\n<\/style>\n<div  class='hr av-gctus-c6642a6deffa982298cdc6e001f3f2a5 hr-invisible  avia-builder-el-4  el_after_av_image  el_before_av_textblock '><span class='hr-inner '><span class=\"hr-inner-style\"><\/span><\/span><\/div><br \/>\n<section  class='av_textblock_section av-fptb0-112f4fb1136c4f55ccb8209e2e8f2005 '   itemscope=\"itemscope\" itemtype=\"https:\/\/schema.org\/CreativeWork\" ><div class='avia_textblock'  itemprop=\"text\" ><h2>Mission<\/h2>\n<\/div><\/section><br \/>\n<section  class='av_textblock_section av-fdnf4-616fea6afeb6dd866f90bdcf065537ac '   itemscope=\"itemscope\" itemtype=\"https:\/\/schema.org\/CreativeWork\" ><div class='avia_textblock'  itemprop=\"text\" ><p class=\"p1\"><span class=\"s1\">Konstruktion und Vermarktung von R\u00fcttelmaschinen und Anlagen f\u00fcr die F\u00f6rderung und Selektion von Feststoffen auf nationaler und internationaler Ebene. Qualitativ hochwertige Produkte, um den Produktionsbedarf zu decken.<\/span><\/p>\n<\/div><\/section><\/p><\/div>\n<style type=\"text\/css\" data-created_by=\"avia_inline_auto\" id=\"style-css-av-ekbv4-5e65aab0290557a65af1278485849b04\">\n.flex_column.av-ekbv4-5e65aab0290557a65af1278485849b04{\nborder-radius:0px 0px 0px 0px;\npadding:0px 0px 0px 0px;\n}\n<\/style>\n<div  class='flex_column av-ekbv4-5e65aab0290557a65af1278485849b04 av_one_third  avia-builder-el-7  el_after_av_one_third  el_before_av_one_third  flex_column_div av-zero-column-padding  column-top-margin'     ><p>\n<style type=\"text\/css\" data-created_by=\"avia_inline_auto\" id=\"style-css-av-dtzhg-adb40ea363e7fce2fa41f2cfc3e8749e\">\n.avia-image-container.av-dtzhg-adb40ea363e7fce2fa41f2cfc3e8749e img.avia_image{\nbox-shadow:none;\n}\n.avia-image-container.av-dtzhg-adb40ea363e7fce2fa41f2cfc3e8749e .av-image-caption-overlay-center{\ncolor:#ffffff;\n}\n<\/style>\n<div  class='avia-image-container av-dtzhg-adb40ea363e7fce2fa41f2cfc3e8749e av-styling- avia-align-center  avia-builder-el-8  el_before_av_hr  avia-builder-el-first '   itemprop=\"image\" itemscope=\"itemscope\" itemtype=\"https:\/\/schema.org\/ImageObject\" ><div class=\"avia-image-container-inner\"><div class=\"avia-image-overlay-wrap\"><img decoding=\"async\" fetchpriority=\"high\" class='wp-image-5927 avia-img-lazy-loading-not-5927 avia_image ' src=\"https:\/\/vibrotech-eng.com\/wp-content\/uploads\/2017\/09\/vision-1.png\" alt='' title='vision'  height=\"145\" width=\"145\"  itemprop=\"thumbnailUrl\" srcset=\"https:\/\/vibrotech-eng.com\/wp-content\/uploads\/2017\/09\/vision-1.png 145w, https:\/\/vibrotech-eng.com\/wp-content\/uploads\/2017\/09\/vision-1-80x80.png 80w, https:\/\/vibrotech-eng.com\/wp-content\/uploads\/2017\/09\/vision-1-36x36.png 36w, https:\/\/vibrotech-eng.com\/wp-content\/uploads\/2017\/09\/vision-1-120x120.png 120w\" sizes=\"(max-width: 145px) 100vw, 145px\" \/><\/div><\/div><\/div><br \/>\n\n<style type=\"text\/css\" data-created_by=\"avia_inline_auto\" id=\"style-css-av-d9r8s-e647975c6eaa610b2ba9908a51034989\">\n#top .hr.hr-invisible.av-d9r8s-e647975c6eaa610b2ba9908a51034989{\nheight:25px;\n}\n<\/style>\n<div  class='hr av-d9r8s-e647975c6eaa610b2ba9908a51034989 hr-invisible  avia-builder-el-9  el_after_av_image  el_before_av_textblock '><span class='hr-inner '><span class=\"hr-inner-style\"><\/span><\/span><\/div><br \/>\n<section  class='av_textblock_section av-1ags0-ab14795b39a516fd6deadab4d9f2adb2 '   itemscope=\"itemscope\" itemtype=\"https:\/\/schema.org\/CreativeWork\" ><div class='avia_textblock'  itemprop=\"text\" ><h2>Vision<\/h2>\n<\/div><\/section><br \/>\n<section  class='av_textblock_section av-c5vac-046e23512e66405c8d0fb971ea57c047 '   itemscope=\"itemscope\" itemtype=\"https:\/\/schema.org\/CreativeWork\" ><div class='avia_textblock'  itemprop=\"text\" ><p class=\"p1\"><span class=\"s1\">Unsere Vision besteht darin, ein f\u00fchrendes Unternehmen mit kontinuierlichem Wachstum und Pr\u00e4senz auf internationalen M\u00e4rkten zu sein, das durch eine hervorragende Servicequalit\u00e4t f\u00fcr seine Kunden, die Rentabilit\u00e4t f\u00fcr seine Aktion\u00e4re und die berufliche Entwicklung seiner Mitarbeiter besticht.<\/span><\/p>\n<\/div><\/section><\/p><\/div>\n<style type=\"text\/css\" data-created_by=\"avia_inline_auto\" id=\"style-css-av-bliyg-9b5f5e514d7c21ca6c151b32cd0a635d\">\n.flex_column.av-bliyg-9b5f5e514d7c21ca6c151b32cd0a635d{\nborder-radius:0px 0px 0px 0px;\npadding:0px 0px 0px 0px;\n}\n<\/style>\n<div  class='flex_column av-bliyg-9b5f5e514d7c21ca6c151b32cd0a635d av_one_third  avia-builder-el-12  el_after_av_one_third  el_before_av_hr  flex_column_div av-zero-column-padding  column-top-margin'     ><p>\n<style type=\"text\/css\" data-created_by=\"avia_inline_auto\" id=\"style-css-av-b0b2g-1867e8d5716893bfc6633048bfb2729b\">\n.avia-image-container.av-b0b2g-1867e8d5716893bfc6633048bfb2729b img.avia_image{\nbox-shadow:none;\n}\n.avia-image-container.av-b0b2g-1867e8d5716893bfc6633048bfb2729b .av-image-caption-overlay-center{\ncolor:#ffffff;\n}\n<\/style>\n<div  class='avia-image-container av-b0b2g-1867e8d5716893bfc6633048bfb2729b av-styling- avia-align-center  avia-builder-el-13  el_before_av_hr  avia-builder-el-first '   itemprop=\"image\" itemscope=\"itemscope\" itemtype=\"https:\/\/schema.org\/ImageObject\" ><div class=\"avia-image-container-inner\"><div class=\"avia-image-overlay-wrap\"><img decoding=\"async\" fetchpriority=\"high\" class='wp-image-5929 avia-img-lazy-loading-not-5929 avia_image ' src=\"https:\/\/vibrotech-eng.com\/wp-content\/uploads\/2017\/09\/valores-1.png\" alt='' title='valores'  height=\"145\" width=\"145\"  itemprop=\"thumbnailUrl\" srcset=\"https:\/\/vibrotech-eng.com\/wp-content\/uploads\/2017\/09\/valores-1.png 145w, https:\/\/vibrotech-eng.com\/wp-content\/uploads\/2017\/09\/valores-1-80x80.png 80w, https:\/\/vibrotech-eng.com\/wp-content\/uploads\/2017\/09\/valores-1-36x36.png 36w, https:\/\/vibrotech-eng.com\/wp-content\/uploads\/2017\/09\/valores-1-120x120.png 120w\" sizes=\"(max-width: 145px) 100vw, 145px\" \/><\/div><\/div><\/div><br \/>\n\n<style type=\"text\/css\" data-created_by=\"avia_inline_auto\" id=\"style-css-av-aj5xs-1c10c657022f5e1d3262e1df8ebe2406\">\n#top .hr.hr-invisible.av-aj5xs-1c10c657022f5e1d3262e1df8ebe2406{\nheight:25px;\n}\n<\/style>\n<div  class='hr av-aj5xs-1c10c657022f5e1d3262e1df8ebe2406 hr-invisible  avia-builder-el-14  el_after_av_image  el_before_av_textblock '><span class='hr-inner '><span class=\"hr-inner-style\"><\/span><\/span><\/div><br \/>\n<section  class='av_textblock_section av-9xmbk-8238a607e176ecdde8cc50b143d4023b '   itemscope=\"itemscope\" itemtype=\"https:\/\/schema.org\/CreativeWork\" ><div class='avia_textblock'  itemprop=\"text\" ><h2>Werte<\/h2>\n<\/div><\/section><br \/>\n<section  class='av_textblock_section av-989o0-ae2e5ea1580647f02019b9585f8d0277 '   itemscope=\"itemscope\" itemtype=\"https:\/\/schema.org\/CreativeWork\" ><div class='avia_textblock'  itemprop=\"text\" ><ul>\n<li class=\"p1\"><span class=\"s1\">Berufsethik<\/span><\/li>\n<li class=\"p1\"><span class=\"s1\">Kundenservice<\/span><\/li>\n<li class=\"p1\"><span class=\"s1\">Soziale Verantwortung<\/span><\/li>\n<li class=\"p1\"><span class=\"s1\">Teamarbeit<\/span><\/li>\n<li class=\"p1\"><span class=\"s1\">Respekt vor und Interesse an Menschen<\/span><\/li>\n<\/ul>\n<\/div><\/section><\/p><\/div>\n<style type=\"text\/css\" data-created_by=\"avia_inline_auto\" id=\"style-css-av-8niag-657f61f4f7ef53ec1c8db8e097bbd3a4\">\n#top .hr.hr-invisible.av-8niag-657f61f4f7ef53ec1c8db8e097bbd3a4{\nheight:30px;\n}\n<\/style>\n<div  class='hr av-8niag-657f61f4f7ef53ec1c8db8e097bbd3a4 hr-invisible  avia-builder-el-17  el_after_av_one_third  el_before_av_one_third '><span class='hr-inner '><span class=\"hr-inner-style\"><\/span><\/span><\/div>\n\n<style type=\"text\/css\" data-created_by=\"avia_inline_auto\" id=\"style-css-av-svwo-ee673ca4a3f89588ff12a39fcdfd0c0a\">\n.flex_column.av-svwo-ee673ca4a3f89588ff12a39fcdfd0c0a{\nborder-radius:0px 0px 0px 0px;\npadding:0px 0px 0px 0px;\n}\n<\/style>\n<div  class='flex_column av-svwo-ee673ca4a3f89588ff12a39fcdfd0c0a av_one_third  avia-builder-el-18  el_after_av_hr  el_before_av_two_third  first flex_column_div av-zero-column-padding  '     ><section  class='av_textblock_section av-7ia14-cdf916fb0040e6348097302704d38a2b '   itemscope=\"itemscope\" itemtype=\"https:\/\/schema.org\/CreativeWork\" ><div class='avia_textblock'  itemprop=\"text\" ><h2>Vibrotech<br \/>\nEngineering S.L<\/h2>\n<\/div><\/section><br \/>\n\n<style type=\"text\/css\" data-created_by=\"avia_inline_auto\" id=\"style-css-av-6n31c-a1c21e9b1ef25779827037b6dc92fb04\">\n#top .hr.hr-invisible.av-6n31c-a1c21e9b1ef25779827037b6dc92fb04{\nheight:10px;\n}\n<\/style>\n<div  class='hr av-6n31c-a1c21e9b1ef25779827037b6dc92fb04 hr-invisible  avia-builder-el-20  el_after_av_textblock  el_before_av_textblock '><span class='hr-inner '><span class=\"hr-inner-style\"><\/span><\/span><\/div><br \/>\n<section  class='av_textblock_section av-6jkq4-e4105183bc53066887269493e689ddb4 '   itemscope=\"itemscope\" itemtype=\"https:\/\/schema.org\/CreativeWork\" ><div class='avia_textblock'  itemprop=\"text\" ><p class=\"p1\"><strong><span class=\"s1\">Vibrotech Engineering S.L. <\/span><\/strong><span class=\"s1\">ist <\/span><span class=\"s1\">ein spanisches Unternehmen, das seine Hauptt\u00e4tigkeit in der Konstruktion und Herstellung von Vibrationsmaschinen und -anlagen f\u00fcr Gie\u00dfereien und andere Industriezweige entwickelt.<\/span><\/p>\n<p class=\"p2\"><span class=\"s1\">Das Unternehmen besteht aus einem hochqualifizierter Team an Profis mit umfangreicher Erfahrung bei der Konstruktion und Herstellung von R\u00fcttelmaschinen. Diese Erfahrung bieten wir unseren Kunden an, um ihre Bed\u00fcrfnisse zu erf\u00fcllen und unsere Arbeit an ihre Produktionsanforderungen anzupassen.<\/span><\/p>\n<p class=\"p1\"><span class=\"s1\">Die mehr als 20-j\u00e4hrige Erfahrung, immer in engem Kontakt mit den Bed\u00fcrfnissen der allgemeinen Industrie sowie unser Engagement in der Forschung und in der Entwicklung neuer L\u00f6sungen, erm\u00f6glichen es uns, Projekte in verschiedenen Industriesektoren zu leiten.<\/span><\/p>\n<p class=\"p3\"><span class=\"s1\">Von der Delegation im Bundesstaat Mexiko aus, die aus B\u00fcros und Lagern besteht, bieten wir unseren Service auf dem amerikanischen Kontinent an.<\/span><\/p>\n<\/div><\/section><\/p><\/div>\n<style type=\"text\/css\" data-created_by=\"avia_inline_auto\" id=\"style-css-av-5qt8c-57b72decbb1cf6dd4611e9511a752f1e\">\n.flex_column.av-5qt8c-57b72decbb1cf6dd4611e9511a752f1e{\nborder-radius:0px 0px 0px 0px;\npadding:0px 0px 0px 0px;\n}\n<\/style>\n<div  class='flex_column av-5qt8c-57b72decbb1cf6dd4611e9511a752f1e av_two_third  avia-builder-el-22  el_after_av_one_third  el_before_av_hr  flex_column_div av-zero-column-padding  '     ><style type=\"text\/css\" data-created_by=\"avia_inline_auto\" id=\"style-css-av-hm9w-47c1b9d2fa1ee36ce343aa075d79e84f\">\n.avia-image-container.av-hm9w-47c1b9d2fa1ee36ce343aa075d79e84f img.avia_image{\nbox-shadow:none;\n}\n.avia-image-container.av-hm9w-47c1b9d2fa1ee36ce343aa075d79e84f .av-image-caption-overlay-center{\ncolor:#ffffff;\n}\n<\/style>\n<div  class='avia-image-container av-hm9w-47c1b9d2fa1ee36ce343aa075d79e84f av-styling- avia-align-center  avia-builder-el-23  avia-builder-el-no-sibling '   itemprop=\"image\" itemscope=\"itemscope\" itemtype=\"https:\/\/schema.org\/ImageObject\" ><div class=\"avia-image-container-inner\"><div class=\"avia-image-overlay-wrap\"><img decoding=\"async\" fetchpriority=\"high\" class='wp-image-8540 avia-img-lazy-loading-not-8540 avia_image ' src=\"https:\/\/vibrotech-eng.com\/wp-content\/uploads\/2022\/05\/TxirritaWeb.jpg\" alt='' title='TxirritaWeb'  height=\"1116\" width=\"1920\"  itemprop=\"thumbnailUrl\" srcset=\"https:\/\/vibrotech-eng.com\/wp-content\/uploads\/2022\/05\/TxirritaWeb.jpg 1920w, https:\/\/vibrotech-eng.com\/wp-content\/uploads\/2022\/05\/TxirritaWeb-300x174.jpg 300w, https:\/\/vibrotech-eng.com\/wp-content\/uploads\/2022\/05\/TxirritaWeb-1030x599.jpg 1030w, https:\/\/vibrotech-eng.com\/wp-content\/uploads\/2022\/05\/TxirritaWeb-768x446.jpg 768w, https:\/\/vibrotech-eng.com\/wp-content\/uploads\/2022\/05\/TxirritaWeb-1536x893.jpg 1536w, https:\/\/vibrotech-eng.com\/wp-content\/uploads\/2022\/05\/TxirritaWeb-1500x872.jpg 1500w, https:\/\/vibrotech-eng.com\/wp-content\/uploads\/2022\/05\/TxirritaWeb-705x410.jpg 705w\" sizes=\"(max-width: 1920px) 100vw, 1920px\" \/><\/div><\/div><\/div><\/div>\n<style type=\"text\/css\" data-created_by=\"avia_inline_auto\" id=\"style-css-av-4jvpg-e9348812064f72e076536ead3cad6ed7\">\n#top .hr.hr-invisible.av-4jvpg-e9348812064f72e076536ead3cad6ed7{\nheight:50px;\n}\n<\/style>\n<div  class='hr av-4jvpg-e9348812064f72e076536ead3cad6ed7 hr-invisible  avia-builder-el-24  el_after_av_two_third  avia-builder-el-last '><span class='hr-inner '><span class=\"hr-inner-style\"><\/span><\/span><\/div>\n<\/div><\/div><\/main><!-- close content main element --><\/div><\/div><div id='after_section_1'  class='main_color av_default_container_wrap container_wrap sidebar_right'  ><div class='container av-section-cont-open' ><div class='template-page content  av-content-small alpha units'><div class='post-entry post-entry-type-page post-entry-6642'><div class='entry-content-wrapper clearfix'>\n","protected":false},"excerpt":{"rendered":"","protected":false},"author":2,"featured_media":0,"parent":0,"menu_order":0,"comment_status":"closed","ping_status":"closed","template":"","meta":{"footnotes":""},"class_list":["post-6642","page","type-page","status-publish","hentry"],"yoast_head":"<!-- This site is optimized with the Yoast SEO Premium plugin v20.3 (Yoast SEO v27.4) - https:\/\/yoast.com\/product\/yoast-seo-premium-wordpress\/ -->\n<title>Unternehmen - Vibrotech Engineering S.L<\/title>\n<meta name=\"robots\" content=\"index, follow, max-snippet:-1, max-image-preview:large, max-video-preview:-1\" \/>\n<link rel=\"canonical\" href=\"https:\/\/vibrotech-eng.com\/de\/empresa\/\" \/>\n<meta property=\"og:locale\" content=\"de_DE\" \/>\n<meta property=\"og:type\" content=\"article\" \/>\n<meta property=\"og:title\" content=\"Unternehmen\" \/>\n<meta property=\"og:url\" content=\"https:\/\/vibrotech-eng.com\/de\/empresa\/\" \/>\n<meta property=\"og:site_name\" content=\"Vibrotech Engineering S.L\" \/>\n<meta property=\"article:modified_time\" content=\"2022-05-16T14:00:09+00:00\" \/>\n<meta name=\"twitter:card\" content=\"summary_large_image\" \/>\n<meta name=\"twitter:label1\" content=\"Gesch\u00e4tzte Lesezeit\" \/>\n\t<meta name=\"twitter:data1\" content=\"7\u00a0Minuten\" \/>\n<script type=\"application\/ld+json\" class=\"yoast-schema-graph\">{\"@context\":\"https:\\\/\\\/schema.org\",\"@graph\":[{\"@type\":\"WebPage\",\"@id\":\"https:\\\/\\\/vibrotech-eng.com\\\/de\\\/empresa\\\/\",\"url\":\"https:\\\/\\\/vibrotech-eng.com\\\/de\\\/empresa\\\/\",\"name\":\"Unternehmen - Vibrotech Engineering S.L\",\"isPartOf\":{\"@id\":\"https:\\\/\\\/vibrotech-eng.com\\\/de\\\/#website\"},\"datePublished\":\"2017-09-25T09:11:30+00:00\",\"dateModified\":\"2022-05-16T14:00:09+00:00\",\"breadcrumb\":{\"@id\":\"https:\\\/\\\/vibrotech-eng.com\\\/de\\\/empresa\\\/#breadcrumb\"},\"inLanguage\":\"de\",\"potentialAction\":[{\"@type\":\"ReadAction\",\"target\":[\"https:\\\/\\\/vibrotech-eng.com\\\/de\\\/empresa\\\/\"]}]},{\"@type\":\"BreadcrumbList\",\"@id\":\"https:\\\/\\\/vibrotech-eng.com\\\/de\\\/empresa\\\/#breadcrumb\",\"itemListElement\":[{\"@type\":\"ListItem\",\"position\":1,\"name\":\"Start\",\"item\":\"https:\\\/\\\/vibrotech-eng.com\\\/de\\\/inicio\\\/\"},{\"@type\":\"ListItem\",\"position\":2,\"name\":\"Unternehmen\"}]},{\"@type\":\"WebSite\",\"@id\":\"https:\\\/\\\/vibrotech-eng.com\\\/de\\\/#website\",\"url\":\"https:\\\/\\\/vibrotech-eng.com\\\/de\\\/\",\"name\":\"Vibrotech Engineering S.L\",\"description\":\"Empresa espa\u00f1ola que desarrolla su actividad principal en el dise\u00f1o y fabricaci\u00f3n de maquinaria vibrante\",\"potentialAction\":[{\"@type\":\"SearchAction\",\"target\":{\"@type\":\"EntryPoint\",\"urlTemplate\":\"https:\\\/\\\/vibrotech-eng.com\\\/de\\\/?s={search_term_string}\"},\"query-input\":{\"@type\":\"PropertyValueSpecification\",\"valueRequired\":true,\"valueName\":\"search_term_string\"}}],\"inLanguage\":\"de\"}]}<\/script>\n<!-- \/ Yoast SEO Premium plugin. -->","yoast_head_json":{"title":"Unternehmen - Vibrotech Engineering S.L","robots":{"index":"index","follow":"follow","max-snippet":"max-snippet:-1","max-image-preview":"max-image-preview:large","max-video-preview":"max-video-preview:-1"},"canonical":"https:\/\/vibrotech-eng.com\/de\/empresa\/","og_locale":"de_DE","og_type":"article","og_title":"Unternehmen","og_url":"https:\/\/vibrotech-eng.com\/de\/empresa\/","og_site_name":"Vibrotech Engineering S.L","article_modified_time":"2022-05-16T14:00:09+00:00","twitter_card":"summary_large_image","twitter_misc":{"Gesch\u00e4tzte Lesezeit":"7\u00a0Minuten"},"schema":{"@context":"https:\/\/schema.org","@graph":[{"@type":"WebPage","@id":"https:\/\/vibrotech-eng.com\/de\/empresa\/","url":"https:\/\/vibrotech-eng.com\/de\/empresa\/","name":"Unternehmen - Vibrotech Engineering S.L","isPartOf":{"@id":"https:\/\/vibrotech-eng.com\/de\/#website"},"datePublished":"2017-09-25T09:11:30+00:00","dateModified":"2022-05-16T14:00:09+00:00","breadcrumb":{"@id":"https:\/\/vibrotech-eng.com\/de\/empresa\/#breadcrumb"},"inLanguage":"de","potentialAction":[{"@type":"ReadAction","target":["https:\/\/vibrotech-eng.com\/de\/empresa\/"]}]},{"@type":"BreadcrumbList","@id":"https:\/\/vibrotech-eng.com\/de\/empresa\/#breadcrumb","itemListElement":[{"@type":"ListItem","position":1,"name":"Start","item":"https:\/\/vibrotech-eng.com\/de\/inicio\/"},{"@type":"ListItem","position":2,"name":"Unternehmen"}]},{"@type":"WebSite","@id":"https:\/\/vibrotech-eng.com\/de\/#website","url":"https:\/\/vibrotech-eng.com\/de\/","name":"Vibrotech Engineering S.L","description":"Empresa espa\u00f1ola que desarrolla su actividad principal en el dise\u00f1o y fabricaci\u00f3n de maquinaria vibrante","potentialAction":[{"@type":"SearchAction","target":{"@type":"EntryPoint","urlTemplate":"https:\/\/vibrotech-eng.com\/de\/?s={search_term_string}"},"query-input":{"@type":"PropertyValueSpecification","valueRequired":true,"valueName":"search_term_string"}}],"inLanguage":"de"}]}},"_links":{"self":[{"href":"https:\/\/vibrotech-eng.com\/de\/wp-json\/wp\/v2\/pages\/6642","targetHints":{"allow":["GET"]}}],"collection":[{"href":"https:\/\/vibrotech-eng.com\/de\/wp-json\/wp\/v2\/pages"}],"about":[{"href":"https:\/\/vibrotech-eng.com\/de\/wp-json\/wp\/v2\/types\/page"}],"author":[{"embeddable":true,"href":"https:\/\/vibrotech-eng.com\/de\/wp-json\/wp\/v2\/users\/2"}],"replies":[{"embeddable":true,"href":"https:\/\/vibrotech-eng.com\/de\/wp-json\/wp\/v2\/comments?post=6642"}],"version-history":[{"count":0,"href":"https:\/\/vibrotech-eng.com\/de\/wp-json\/wp\/v2\/pages\/6642\/revisions"}],"wp:attachment":[{"href":"https:\/\/vibrotech-eng.com\/de\/wp-json\/wp\/v2\/media?parent=6642"}],"curies":[{"name":"wp","href":"https:\/\/api.w.org\/{rel}","templated":true}]}}